{"id":16208,"date":"2014-03-19T11:07:21","date_gmt":"2014-03-19T16:07:21","guid":{"rendered":"http:\/\/cmeded.com\/?page_id=16208"},"modified":"2023-09-26T23:58:10","modified_gmt":"2023-09-27T04:58:10","slug":"risk-factors","status":"publish","type":"page","link":"https:\/\/cmeded.com\/es\/myeloma\/understanding-multiple-myeloma\/risk-factors\/","title":{"rendered":"Factores de riesgo"},"content":{"rendered":"<h4 class=\"section-title\">Factores de riesgo<\/h4>\n<p class=\"section-content\">Alrededor de una de cada 150 personas tiene mieloma m\u00faltiple en alg\u00fan momento de la vida.  A pesar de que a\u00fan se desconocen las causas exactas de la enfermedad, los m\u00e9dicos reconocen determinados \"factores de riesgo\" que inciden en el desarrollo de este tipo de c\u00e1ncer.  Un factor de riesgo es una caracter\u00edstica, una conducta o una afecci\u00f3n que aumentan las posibilidades de contraer una enfermedad.  A continuaci\u00f3n, se detallan algunos factores de riesgo conocidos que inciden en el desarrollo del mieloma m\u00faltiple:<\/p>\n<div class=\"divider\" id=\"\">\n\t\n\t<\/div>\n<div class=\"risk-factor\">\n<div class=\"risk-pic\"><div id=\"caption\" style=\"width: 195px\" class=\"wp-caption aligncenter\"><a href=\"\/wp-content\/uploads\/2016\/01\/Risk_M-spike.jpg\" title=\"Click Image to Enlarge.\"><img decoding=\"async\" aria-describedby=\"caption-caption\" src=\"\/wp-content\/uploads\/2016\/01\/Risk_M-spike.jpg\" alt=\"Gammapat\u00eda monoclonal de significaci\u00f3n indeterminada\" class=\"aligncenter\" style=\"height:125px;\"\/><\/a><p id=\"caption-caption\" class=\"wp-caption-text\">Click Image to Enlarge.<\/p><\/div><\/div>\n<div class=\"risk-text\">\n<h5 class=\"section-title\">Gammapat\u00eda monoclonal de significaci\u00f3n indeterminada<\/h5>\n<p class=\"section-content\">La gammapat\u00eda monoclonal de significaci\u00f3n indeterminada (GMSI) es una afecci\u00f3n precancerosa en la que una persona tiene muchas copias del mismo anticuerpo, pero que no forman un tumor o una protuberancia ni provocan ninguno de los dem\u00e1s problemas en la sangre, los huesos o los \u00f3rganos del mieloma m\u00faltiple.  Las personas que tienen GMSI presentan un riesgo mayor de contraer mieloma m\u00faltiple.  No obstante, algunas personas que padecen GMSI nunca contraen mieloma y el motivo exacto se desconoce.  Posiblemente una consulta con un especialista en mieloma puede ser la \u00fanica manera de saber sobre este tema con certeza.<\/p>\n<\/div>\n<div class=\"clearboth\"><\/div>\n<\/div>\n<div class=\"divider\" id=\"\">\n\t\n\t<\/div>\n<div class=\"risk-factor\">\n<div class=\"risk-pic\"><div id=\"caption\" style=\"width: 195px\" class=\"wp-caption aligncenter\"><a href=\"\/wp-content\/uploads\/2018\/12\/Screen-Shot-2018-12-19-at-2.46.25-PM.png\" title=\"Click Image to Enlarge.\"><img decoding=\"async\" aria-describedby=\"caption-caption\" src=\"\/wp-content\/uploads\/2018\/12\/Screen-Shot-2018-12-19-at-2.46.25-PM.png\" alt=\"Mieloma M\u00faltiple Latente\" class=\"aligncenter\" style=\"height:125px;\"\/><\/a><p id=\"caption-caption\" class=\"wp-caption-text\">Click Image to Enlarge.<\/p><\/div><\/div>\n<div class=\"risk-text\">\n<h5 class=\"section-title\">Mieloma M\u00faltiple Latente<\/h5>\n<p class=\"section-content\">Los pacientes con mieloma m\u00faltiple latente tienen un nivel m\u00e1s alto de c\u00e9lulas plasm\u00e1ticas anormales en la m\u00e9dula \u00f3sea que los pacientes con GMSI y su riesgo de transformaci\u00f3n en mieloma m\u00faltiple tambi\u00e9n es ligeramente mayor. Algunos pacientes con mieloma m\u00faltiple latente tienen una enfermedad de alto riesgo con una alta probabilidad de transformaci\u00f3n en mieloma m\u00faltiple activo. En este escenario cl\u00ednico espec\u00edfico puede estar indicada una consulta con su m\u00e9dico. No existen tratamientos aprobados para el mieloma m\u00faltiple latente. En estos pacientes se recomienda una estrecha observaci\u00f3n con monitorizaci\u00f3n de las paraprote\u00ednas en sangre y orina. <\/p>\n<\/div>\n<div class=\"clearboth\"><\/div>\n<\/div>\n<div class=\"divider\" id=\"\">\n\t\n\t<\/div>\n<div class=\"risk-factor\">\n<div class=\"risk-pic\"><img decoding=\"async\" src=\"\/wp-content\/uploads\/2013\/04\/SolitaryPlasmacytoma150.jpg\" class=\"aligncenter\" alt=\"Plasmocitoma solitario\" style=\"height:125px;\"><\/div>\n<div class=\"risk-text\">\n<h5 class=\"section-title\">Plasmocitoma Solitario<\/h5>\n<p class=\"section-content\">Un plasmocitoma solitario es una afecci\u00f3n que presenta solo un tumor de c\u00e9lulas plasm\u00e1ticas o de mieloma malignas. Muchas personas con esta condici\u00f3n desarrollan, luego,\u00a0mieloma m\u00faltiple, en el que hay m\u00faltiples tumores de c\u00e9lulas plasm\u00e1ticas malignas o propagaci\u00f3n de las c\u00e9lulas malignas a toda la\u00a0m\u00e9dula \u00f3sea. Las ubicaciones de plasmacitomas var\u00edan, pero normalmente se producen en un hueso o tejidos blandos del cuerpo. Los pacientes con plasmacitoma solitario suelen tener m\u00e9dula \u00f3sea normal.<\/p>\n<\/div>\n<div class=\"clearboth\"><\/div>\n<\/div>\n<div class=\"divider\" id=\"\">\n\t\n\t<\/div>\n<div class=\"risk-factor\">\n<div class=\"risk-pic\">\n<div style='width: 100%; display: flex; flex-wrap: wrap;'><img decoding=\"async\" src=\"\/wp-content\/uploads\/2013\/10\/OldMan127x175.png\" class=\"aligncenter\" alt=\"Edad\" style=\"height:125px;\"><\/p>\n<p><img decoding=\"async\" src=\"\/wp-content\/uploads\/2021\/06\/african-american-old-man.jpg\" class=\"aligncenter\" alt=\"Edad\" style=\"height:125px;\"><\/p>\n<\/div>\n<\/div>\n<div class=\"risk-text\">\n<h5 class=\"section-title\">Edad<\/h5>\n<p class=\"section-content\">El mieloma m\u00faltiple es una enfermedad que afecta a los adultos mayores. La edad media en el momento del diagn\u00f3stico es de unos 70 a\u00f1os.<\/p>\n<\/div>\n<div class=\"clearboth\"><\/div>\n<\/div>\n<div class=\"divider\" id=\"\">\n\t\n\t<\/div>\n<div class=\"risk-factor\">\n<div class=\"risk-pic\">\n<div style='width: 100%; display: flex; flex-wrap: wrap;'>\n<img decoding=\"async\" src=\"\/wp-content\/uploads\/2013\/10\/AfricanAmerican137x175.png\" class=\"aligncenter\" alt=\"Raza\" style=\"height:125px;\"><\/p>\n<p><img decoding=\"async\" src=\"\/wp-content\/uploads\/2013\/04\/AfricanAmerican.png\" class=\"aligncenter\" alt=\"Raza\" style=\"height:125px;\"><\/p>\n<\/div>\n<\/div>\n<div class=\"risk-text\">\n<h5 class=\"section-title\">Raza<\/h5>\n<p class=\"section-content\">El riesgo de padecer mieloma m\u00faltiple es mayor en las personas afroamericanas en comparaci\u00f3n con las personas de raza blanca. Sin embargo, el riesgo de las personas asi\u00e1ticas americanas es menor. No se conoce completamente el motivo de estas diferencias raciales.<\/p>\n<\/div>\n<div class=\"clearboth\"><\/div>\n<\/div>\n<div class=\"divider\" id=\"\">\n\t\n\t<\/div>\n<div class=\"risk-factor\">\n<div class=\"risk-pic\">\n<p><img decoding=\"async\" src=\"\/wp-content\/uploads\/2013\/10\/ManIn60s163x175.png\" class=\"aligncenter\" alt=\"G\u00e9nero\" style=\"height:125px;\"><\/p>\n<\/div>\n<div class=\"risk-text\">\n<h5 class=\"section-title\">G\u00e9nero<\/h5>\n<p class=\"section-content\">Los hombres son m\u00e1s propensos a contraer mieloma m\u00faltiple en comparaci\u00f3n con las mujeres.<\/p>\n<\/div>\n<div class=\"clearboth\"><\/div>\n<\/div>\n<div class=\"divider\" id=\"\">\n\t\n\t<\/div>\n<div class=\"risk-factor\">\n<div class=\"risk-pic\">\n<p><img decoding=\"async\" src=\"\/wp-content\/uploads\/2013\/10\/ThreeWhiteMen177x1751.png\" class=\"aligncenter\" alt=\"Antecedentes familiares\" style=\"height:125px;\"><\/p>\n<p><img decoding=\"async\" src=\"\/wp-content\/uploads\/2012\/11\/family-history.png\" class=\"aligncenter\" alt=\"Antecedentes familiares\" style=\"height:125px;\"><\/p>\n<\/div>\n<div class=\"risk-text\">\n<h5 class=\"section-title\">Antecedentes familiares<\/h5>\n<p class=\"section-content\">Tener un miembro de la familia con mieloma m\u00faltiple aumenta ligeramente el riesgo de que una persona desarrolle la enfermedad.<\/p>\n<\/div>\n<div class=\"clearboth\"><\/div>\n<\/div>\n<div class=\"divider\" id=\"\">\n\t\n\t<\/div>\n<div class=\"risk-factor\">\n<div class=\"risk-pic\">\n<p><img decoding=\"async\" src=\"\/wp-content\/uploads\/2016\/01\/Exposure.jpg\" class=\"aligncenter\" alt=\"Exposici\u00f3n\" style=\"height:125px;\"><\/p>\n<p><img decoding=\"async\" src=\"\/wp-content\/uploads\/2013\/02\/Exposure150.jpg\" class=\"aligncenter\" alt=\"Exposici\u00f3n\" style=\"height:125px;\"><\/p>\n<\/div>\n<div class=\"risk-text\">\n<h5 class=\"section-title\">Exposici\u00f3n<\/h5>\n<p class=\"section-content\">La exposici\u00f3n a ciertos qu\u00edmicos fuertes o a la radiaci\u00f3n podr\u00eda incrementar el riesgo de desarrollar mieloma m\u00faltiple.<\/p>\n<\/div>\n<div class=\"clearboth\"><\/div>\n<\/div>\n<div class=\"divider\" id=\"\">\n\t\n\t<\/div>\n<div class=\"risk-factor\">\n<div class=\"risk-pic\"><img decoding=\"async\" src=\"\/wp-content\/uploads\/2016\/01\/Obesity.jpg\" class=\"aligncenter\" alt=\"Obesidad\" style=\"height:125px;\"><\/div>\n<div class=\"risk-text\">\n<h5 class=\"section-title\">Obesidad<\/h5>\n<p class=\"section-content\">El sobrepeso extremo y la obesidad pueden aumentar el riesgo de contraer mieloma m\u00faltiple.<\/p>\n<\/div>\n<div class=\"clearboth\"><\/div>\n<\/div>\n","protected":false},"excerpt":{"rendered":"<p>Factores de riesgo Alrededor de una de cada 150 personas tiene mieloma m\u00faltiple en alg\u00fan momento de la vida. A pesar de que a\u00fan se desconocen las causas exactas de la enfermedad, los m\u00e9dicos reconocen determinados \u00abfactores de riesgo\u00bb que inciden en el desarrollo de este tipo de c\u00e1ncer. Un factor de riesgo es una [&hellip;]<\/p>\n","protected":false},"author":5,"featured_media":0,"parent":16206,"menu_order":2,"comment_status":"closed","ping_status":"open","template":"template-tumor.php","meta":{"footnotes":""},"tags":[10],"class_list":["post-16208","page","type-page","status-publish","hentry","tag-members-only"],"yoast_head":"<!-- This site is optimized with the Yoast SEO plugin v25.0 - https:\/\/yoast.com\/wordpress\/plugins\/seo\/ -->\n<title>CMedEd | Informaci\u00f3n para comprender el mieloma m\u00faltiple | Factores de riesgo<\/title>\n<meta name=\"description\" content=\"Factores de riesgo Alrededor de una de cada 150 personas tiene mieloma m\u00faltiple en alg\u00fan momento de la vida. A pesar de que a\u00fan se desconocen las causas\" \/>\n<meta name=\"robots\" content=\"index, follow, max-snippet:-1, max-image-preview:large, max-video-preview:-1\" \/>\n<link rel=\"canonical\" href=\"https:\/\/cmeded.com\/es\/myeloma\/understanding-multiple-myeloma\/risk-factors\/\" \/>\n<meta property=\"og:locale\" content=\"es_ES\" \/>\n<meta property=\"og:type\" content=\"article\" \/>\n<meta property=\"og:title\" content=\"CMedEd | Informaci\u00f3n para comprender el mieloma m\u00faltiple | Factores de riesgo\" \/>\n<meta property=\"og:description\" content=\"Factores de riesgo Alrededor de una de cada 150 personas tiene mieloma m\u00faltiple en alg\u00fan momento de la vida. A pesar de que a\u00fan se desconocen las causas\" \/>\n<meta property=\"og:url\" content=\"https:\/\/cmeded.com\/es\/myeloma\/understanding-multiple-myeloma\/risk-factors\/\" \/>\n<meta property=\"og:site_name\" content=\"CMedEd\" \/>\n<meta property=\"article:modified_time\" content=\"2023-09-27T04:58:10+00:00\" \/>\n<meta name=\"twitter:card\" content=\"summary_large_image\" \/>\n<meta name=\"twitter:label1\" content=\"Tiempo de lectura\" \/>\n\t<meta name=\"twitter:data1\" content=\"6 minutos\" \/>\n<script type=\"application\/ld+json\" class=\"yoast-schema-graph\">{\"@context\":\"https:\/\/schema.org\",\"@graph\":[{\"@type\":\"WebPage\",\"@id\":\"https:\/\/cmeded.com\/es\/myeloma\/understanding-multiple-myeloma\/risk-factors\/\",\"url\":\"https:\/\/cmeded.com\/es\/myeloma\/understanding-multiple-myeloma\/risk-factors\/\",\"name\":\"CMedEd | Informaci\u00f3n para comprender el mieloma m\u00faltiple | Factores de riesgo\",\"isPartOf\":{\"@id\":\"https:\/\/cmeded.com\/es\/#website\"},\"datePublished\":\"2014-03-19T16:07:21+00:00\",\"dateModified\":\"2023-09-27T04:58:10+00:00\",\"description\":\"Factores de riesgo Alrededor de una de cada 150 personas tiene mieloma m\u00faltiple en alg\u00fan momento de la vida. A pesar de que a\u00fan se desconocen las causas\",\"breadcrumb\":{\"@id\":\"https:\/\/cmeded.com\/es\/myeloma\/understanding-multiple-myeloma\/risk-factors\/#breadcrumb\"},\"inLanguage\":\"es\",\"potentialAction\":[{\"@type\":\"ReadAction\",\"target\":[\"https:\/\/cmeded.com\/es\/myeloma\/understanding-multiple-myeloma\/risk-factors\/\"]}]},{\"@type\":\"BreadcrumbList\",\"@id\":\"https:\/\/cmeded.com\/es\/myeloma\/understanding-multiple-myeloma\/risk-factors\/#breadcrumb\",\"itemListElement\":[{\"@type\":\"ListItem\",\"position\":1,\"name\":\"Home\",\"item\":\"https:\/\/cmeded.com\/es\/\"},{\"@type\":\"ListItem\",\"position\":2,\"name\":\"Mieloma\",\"item\":\"https:\/\/cmeded.com\/es\/myeloma\/\"},{\"@type\":\"ListItem\",\"position\":3,\"name\":\"Informaci\u00f3n para comprender el mieloma m\u00faltiple\",\"item\":\"https:\/\/cmeded.com\/es\/myeloma\/understanding-multiple-myeloma\/\"},{\"@type\":\"ListItem\",\"position\":4,\"name\":\"Factores de riesgo\"}]},{\"@type\":\"WebSite\",\"@id\":\"https:\/\/cmeded.com\/es\/#website\",\"url\":\"https:\/\/cmeded.com\/es\/\",\"name\":\"CMedEd\",\"description\":\"Recurso principal de informaci\u00f3n sobre el c\u00e1ncer\",\"potentialAction\":[{\"@type\":\"SearchAction\",\"target\":{\"@type\":\"EntryPoint\",\"urlTemplate\":\"https:\/\/cmeded.com\/es\/?s={search_term_string}\"},\"query-input\":{\"@type\":\"PropertyValueSpecification\",\"valueRequired\":true,\"valueName\":\"search_term_string\"}}],\"inLanguage\":\"es\"}]}<\/script>\n<!-- \/ Yoast SEO plugin. -->","yoast_head_json":{"title":"CMedEd | Informaci\u00f3n para comprender el mieloma m\u00faltiple | Factores de riesgo","description":"Factores de riesgo Alrededor de una de cada 150 personas tiene mieloma m\u00faltiple en alg\u00fan momento de la vida. A pesar de que a\u00fan se desconocen las causas","robots":{"index":"index","follow":"follow","max-snippet":"max-snippet:-1","max-image-preview":"max-image-preview:large","max-video-preview":"max-video-preview:-1"},"canonical":"https:\/\/cmeded.com\/es\/myeloma\/understanding-multiple-myeloma\/risk-factors\/","og_locale":"es_ES","og_type":"article","og_title":"CMedEd | Informaci\u00f3n para comprender el mieloma m\u00faltiple | Factores de riesgo","og_description":"Factores de riesgo Alrededor de una de cada 150 personas tiene mieloma m\u00faltiple en alg\u00fan momento de la vida. A pesar de que a\u00fan se desconocen las causas","og_url":"https:\/\/cmeded.com\/es\/myeloma\/understanding-multiple-myeloma\/risk-factors\/","og_site_name":"CMedEd","article_modified_time":"2023-09-27T04:58:10+00:00","twitter_card":"summary_large_image","twitter_misc":{"Tiempo de lectura":"6 minutos"},"schema":{"@context":"https:\/\/schema.org","@graph":[{"@type":"WebPage","@id":"https:\/\/cmeded.com\/es\/myeloma\/understanding-multiple-myeloma\/risk-factors\/","url":"https:\/\/cmeded.com\/es\/myeloma\/understanding-multiple-myeloma\/risk-factors\/","name":"CMedEd | Informaci\u00f3n para comprender el mieloma m\u00faltiple | Factores de riesgo","isPartOf":{"@id":"https:\/\/cmeded.com\/es\/#website"},"datePublished":"2014-03-19T16:07:21+00:00","dateModified":"2023-09-27T04:58:10+00:00","description":"Factores de riesgo Alrededor de una de cada 150 personas tiene mieloma m\u00faltiple en alg\u00fan momento de la vida. A pesar de que a\u00fan se desconocen las causas","breadcrumb":{"@id":"https:\/\/cmeded.com\/es\/myeloma\/understanding-multiple-myeloma\/risk-factors\/#breadcrumb"},"inLanguage":"es","potentialAction":[{"@type":"ReadAction","target":["https:\/\/cmeded.com\/es\/myeloma\/understanding-multiple-myeloma\/risk-factors\/"]}]},{"@type":"BreadcrumbList","@id":"https:\/\/cmeded.com\/es\/myeloma\/understanding-multiple-myeloma\/risk-factors\/#breadcrumb","itemListElement":[{"@type":"ListItem","position":1,"name":"Home","item":"https:\/\/cmeded.com\/es\/"},{"@type":"ListItem","position":2,"name":"Mieloma","item":"https:\/\/cmeded.com\/es\/myeloma\/"},{"@type":"ListItem","position":3,"name":"Informaci\u00f3n para comprender el mieloma m\u00faltiple","item":"https:\/\/cmeded.com\/es\/myeloma\/understanding-multiple-myeloma\/"},{"@type":"ListItem","position":4,"name":"Factores de riesgo"}]},{"@type":"WebSite","@id":"https:\/\/cmeded.com\/es\/#website","url":"https:\/\/cmeded.com\/es\/","name":"CMedEd","description":"Recurso principal de informaci\u00f3n sobre el c\u00e1ncer","potentialAction":[{"@type":"SearchAction","target":{"@type":"EntryPoint","urlTemplate":"https:\/\/cmeded.com\/es\/?s={search_term_string}"},"query-input":{"@type":"PropertyValueSpecification","valueRequired":true,"valueName":"search_term_string"}}],"inLanguage":"es"}]}},"_links":{"self":[{"href":"https:\/\/cmeded.com\/es\/wp-json\/wp\/v2\/pages\/16208","targetHints":{"allow":["GET"]}}],"collection":[{"href":"https:\/\/cmeded.com\/es\/wp-json\/wp\/v2\/pages"}],"about":[{"href":"https:\/\/cmeded.com\/es\/wp-json\/wp\/v2\/types\/page"}],"author":[{"embeddable":true,"href":"https:\/\/cmeded.com\/es\/wp-json\/wp\/v2\/users\/5"}],"replies":[{"embeddable":true,"href":"https:\/\/cmeded.com\/es\/wp-json\/wp\/v2\/comments?post=16208"}],"version-history":[{"count":0,"href":"https:\/\/cmeded.com\/es\/wp-json\/wp\/v2\/pages\/16208\/revisions"}],"up":[{"embeddable":true,"href":"https:\/\/cmeded.com\/es\/wp-json\/wp\/v2\/pages\/16206"}],"wp:attachment":[{"href":"https:\/\/cmeded.com\/es\/wp-json\/wp\/v2\/media?parent=16208"}],"wp:term":[{"taxonomy":"post_tag","embeddable":true,"href":"https:\/\/cmeded.com\/es\/wp-json\/wp\/v2\/tags?post=16208"}],"curies":[{"name":"wp","href":"https:\/\/api.w.org\/{rel}","templated":true}]}}