{"id":16168,"date":"2014-03-18T11:29:03","date_gmt":"2014-03-18T16:29:03","guid":{"rendered":"http:\/\/cmeded.com\/?page_id=16168"},"modified":"2023-08-24T18:50:19","modified_gmt":"2023-08-24T23:50:19","slug":"staging","status":"publish","type":"page","link":"https:\/\/cmeded.com\/es\/gynecological\/understanding-vulvar-cancer\/staging\/","title":{"rendered":"Estadificaci\u00f3n"},"content":{"rendered":"<h4 class=\"section-title\">Estadificaci\u00f3n<\/h4>\n<p class=\"section-content\">La estadificaci\u00f3n es un proceso que le indica al m\u00e9dico si el c\u00e1ncer se ha diseminado y, en caso de que as\u00ed sea, en qu\u00e9 medida.  La estadificaci\u00f3n del c\u00e1ncer de vulva depende del tama\u00f1o y de la ubicaci\u00f3n del tumor original, y de si el c\u00e1ncer ha invadido tejidos cercanos y se ha diseminado a otras partes del organismo.  La estadificaci\u00f3n es un paso importante en la evaluaci\u00f3n del pron\u00f3stico y las opciones de tratamiento.<\/p>\n<div class=\"clapat-tabs\" id=\"\"><div class=\"tabs-bg\"><\/div><ul class=\"staging-tab-menu\"><li><a href=\"#tabs-200\"><br \/>\nEstadio 0<\/a><\/li>\n<li><a href=\"#tabs-201\"><br \/>\nEstadio IA<\/a><\/li>\n<li><a href=\"#tabs-202\"><br \/>\nEstadio IB<\/a><\/li>\n<li><a href=\"#tabs-203\"><br \/>\nEstadio II<\/a><\/li>\n<li><a href=\"#tabs-204\"><br \/>\nEstadio IIIA<\/a><\/li>\n<li><a href=\"#tabs-205\"><br \/>\nEstadio IIIB<\/a><\/li>\n<li><a href=\"#tabs-206\"><br \/>\nEstadio IIIC<\/a><\/li>\n<li><a href=\"#tabs-207\"><br \/>\nEstadio IVA<\/a><\/li>\n<li><a href=\"#tabs-208\"><br \/>\nEstadio IVB<\/a><\/li><\/ul><div class=\"list-wrap\"><div id=\"tabs-200\"><\/p>\n<h4 class=\"section-title hidden-title\">Estadio 0<\/h4>\n<p><div id=\"stage\" style=\"width: 268px\" class=\"wp-caption alignnone\"><a href=\"\/wp-content\/uploads\/sites\/4\/2015\/09\/vulvar-stage0-es.jpg\" title=\"Click Image to Enlarge.\"><img decoding=\"async\" aria-describedby=\"caption-stage\" src=\"\/wp-content\/uploads\/sites\/4\/2015\/06\/vulvar-stage0-es.jpg\" alt=\"Estadio 0\" class=\"aligncenter\" style=\"max-width:250px;\"\/><\/a><p id=\"caption-stage\" class=\"wp-caption-text\">Click Image to Enlarge.<\/p><\/div><\/p>\n<h5 class=\"section-title\">Descripci\u00f3n<\/h5>\n<ul>\n<li class=\"section-content\">Carcinoma localizado. Se detectan c\u00e9lulas an\u00f3malas, pero no invasivas, en la superficie de la vulva.<\/li>\n<\/ul>\n<h5 class=\"section-title\">Tratamiento<\/h5>\n<ul>\n<li class=\"section-content\">Escisi\u00f3n local, cirug\u00eda l\u00e1ser, aspiraci\u00f3n quir\u00fargica ultras\u00f3nica, vulvectom\u00eda tegumentaria e inmunoterapia t\u00f3pica.<\/li>\n<\/ul>\n<hr class=\"hidden-title\"\/>\n<\/div>\n<div id=\"tabs-201\"><\/p>\n<h4 class=\"section-title hidden-title\">Estadio IA<\/h4>\n<p><div id=\"stage\" style=\"width: 268px\" class=\"wp-caption alignnone\"><a href=\"\/wp-content\/uploads\/sites\/4\/2015\/09\/vulvar-stage1A-es.jpg\" title=\"Click Image to Enlarge.\"><img decoding=\"async\" aria-describedby=\"caption-stage\" src=\"\/wp-content\/uploads\/sites\/4\/2015\/06\/vulvar-stage1A-es.jpg\" alt=\"Estadio IA\" class=\"aligncenter\" style=\"max-width:250px;\"\/><\/a><p id=\"caption-stage\" class=\"wp-caption-text\">Click Image to Enlarge.<\/p><\/div><\/p>\n<h5 class=\"section-title\">Descripci\u00f3n<\/h5>\n<ul>\n<li class=\"section-content\">El tumor permanece en la vulva o el perineo, mide 2 cm de di\u00e1metro o menos y ha crecido 1 mm o menos en el tejido circundante.<\/li>\n<\/ul>\n<h5 class=\"section-title\">Tratamiento<\/h5>\n<ul>\n<li class=\"section-content\">Escisi\u00f3n local, escisi\u00f3n amplia radical y vulvectom\u00eda (poco frecuente).<\/li>\n<\/ul>\n<hr class=\"hidden-title\"\/>\n<\/div>\n<div id=\"tabs-202\"><\/p>\n<h4 class=\"section-title hidden-title\">Estadio IB<\/h4>\n<p><div id=\"stage\" style=\"width: 269px\" class=\"wp-caption alignnone\"><a href=\"\/wp-content\/uploads\/sites\/4\/2015\/09\/vulvar-stage1B-es.jpg\" title=\"Click Image to Enlarge.\"><img decoding=\"async\" aria-describedby=\"caption-stage\" src=\"\/wp-content\/uploads\/sites\/4\/2015\/06\/vulvar-stage1B-es.jpg\" alt=\"Estadio IB\" class=\"aligncenter\" style=\"max-width:250px;\"\/><\/a><p id=\"caption-stage\" class=\"wp-caption-text\">Click Image to Enlarge.<\/p><\/div><\/p>\n<h5 class=\"section-title\">Descripci\u00f3n<\/h5>\n<ul>\n<li class=\"section-content\">El tumor permanece en la vulva o el perineo, mide m\u00e1s de 2 cm de di\u00e1metro y ha crecido m\u00e1s de 1 mm en el tejido circundante.<\/li>\n<\/ul>\n<h5 class=\"section-title\">Tratamiento<\/h5>\n<ul>\n<li class=\"section-content\">Escisi\u00f3n amplia radical m\u00e1s biopsia unilateral o bilateral de ganglios linf\u00e1ticos centinelas con linfadenectom\u00eda inguinal o sin ella, vulvectom\u00eda radical m\u00e1s biopsia unilateral o bilateral de ganglios linf\u00e1ticos centinelas con linfadenectom\u00eda inguinal o sin ella; y radioterapia.<\/li>\n<\/ul>\n<hr class=\"hidden-title\"\/>\n<\/div>\n<div id=\"tabs-203\"><\/p>\n<h4 class=\"section-title hidden-title\">Estadio II<\/h4>\n<p><div id=\"stage\" style=\"width: 272px\" class=\"wp-caption alignnone\"><a href=\"\/wp-content\/uploads\/sites\/4\/2015\/09\/vulvar-stage2-es.jpg\" title=\"Click Image to Enlarge.\"><img decoding=\"async\" aria-describedby=\"caption-stage\" src=\"\/wp-content\/uploads\/sites\/4\/2015\/06\/vulvar-stage2-es.jpg\" alt=\"Estadio II\" class=\"aligncenter\" style=\"max-width:250px;\"\/><\/a><p id=\"caption-stage\" class=\"wp-caption-text\">Click Image to Enlarge.<\/p><\/div><\/p>\n<h5 class=\"section-title\">Descripci\u00f3n<\/h5>\n<ul>\n<li class=\"section-content\">El tumor tiene cualquier tama\u00f1o y ha invadido el tercio inferior de la vagina, el tercio inferior de la uretra o el ano.<\/li>\n<\/ul>\n<h5 class=\"section-title\">Tratamiento<\/h5>\n<ul>\n<li class=\"section-content\">Escisi\u00f3n amplia radical m\u00e1s biopsia unilateral o bilateral de ganglios linf\u00e1ticos centinelas con linfadenectom\u00eda inguinal o sin ella, vulvectom\u00eda radical m\u00e1s biopsia unilateral o bilateral de ganglios linf\u00e1ticos centinelas con linfadenectom\u00eda inguinal o sin ella; y radioterapia.<\/li>\n<\/ul>\n<hr class=\"hidden-title\"\/>\n<\/div>\n<div id=\"tabs-204\"><\/p>\n<h4 class=\"section-title hidden-title\">Estadio IIIA<\/h4>\n<p><div id=\"stage\" style=\"width: 234px\" class=\"wp-caption alignnone\"><a href=\"\/wp-content\/uploads\/sites\/4\/2015\/09\/vulvar-stage3a-es.jpg\" title=\"Click Image to Enlarge.\"><img decoding=\"async\" aria-describedby=\"caption-stage\" src=\"\/wp-content\/uploads\/sites\/4\/2015\/06\/vulvar-stage3a-es.jpg\" alt=\"Estadio IIIA\" class=\"aligncenter\" style=\"max-width:250px;\"\/><\/a><p id=\"caption-stage\" class=\"wp-caption-text\">Click Image to Enlarge.<\/p><\/div><\/p>\n<h5 class=\"section-title\">Descripci\u00f3n<\/h5>\n<ul>\n<li class=\"section-content\">El c\u00e1ncer se ha diseminado a uno o dos ganglios linf\u00e1ticos cercanos de 5 mm de di\u00e1metro o menos.<\/li>\n<li class=\"section-content\" style=\"list-style-type:none;\">O<\/li>\n<li class=\"section-content\">El c\u00e1ncer se ha diseminado a un ganglio linf\u00e1tico cercano de m\u00e1s de 5 mm de di\u00e1metro.<\/li>\n<\/ul>\n<h5 class=\"section-title\">Tratamiento<\/h5>\n<ul>\n<li class=\"section-content\">Quimioterapia o radioterapia, con vulvectom\u00eda radical o vulvectom\u00eda radical modificada subsiguientes o sin ellas.<\/li>\n<\/ul>\n<hr class=\"hidden-title\"\/>\n<\/div>\n<div id=\"tabs-205\"><\/p>\n<h4 class=\"section-title hidden-title\">Estadio IIIB<\/h4>\n<p><div id=\"stage\" style=\"width: 232px\" class=\"wp-caption alignnone\"><a href=\"\/wp-content\/uploads\/sites\/4\/2015\/09\/vulvar-stage3B-es.jpg\" title=\"Click Image to Enlarge.\"><img decoding=\"async\" aria-describedby=\"caption-stage\" src=\"\/wp-content\/uploads\/sites\/4\/2015\/06\/vulvar-stage3B-es.jpg\" alt=\"Estadio IIIB\" class=\"aligncenter\" style=\"max-width:250px;\"\/><\/a><p id=\"caption-stage\" class=\"wp-caption-text\">Click Image to Enlarge.<\/p><\/div><\/p>\n<h5 class=\"section-title\">Descripci\u00f3n<\/h5>\n<ul>\n<li class=\"section-content\">El c\u00e1ncer se ha diseminado a tres o m\u00e1s ganglios linf\u00e1ticos cercanos de 5 mm de di\u00e1metro o menos.<\/li>\n<li class=\"section-content\" style=\"list-style-type:none;\">O<\/li>\n<li class=\"section-content\">El c\u00e1ncer se ha diseminado a dos o m\u00e1s ganglios linf\u00e1ticos cercanos de 5 mm de di\u00e1metro o m\u00e1s.<\/li>\n<\/ul>\n<h5 class=\"section-title\">Tratamiento<\/h5>\n<ul>\n<li class=\"section-content\">Quimioterapia o radioterapia, con vulvectom\u00eda radical o vulvectom\u00eda radical modificada subsiguientes o sin ellas.<\/li>\n<\/ul>\n<hr class=\"hidden-title\"\/>\n<\/div>\n<div id=\"tabs-206\"><\/p>\n<h4 class=\"section-title hidden-title\">Estadio IIIC<\/h4>\n<p><div id=\"stage\" style=\"width: 226px\" class=\"wp-caption alignnone\"><a href=\"\/wp-content\/uploads\/sites\/4\/2015\/10\/vulvar-stage3C-es.jpg\" title=\"Click Image to Enlarge.\"><img decoding=\"async\" aria-describedby=\"caption-stage\" src=\"\/wp-content\/uploads\/sites\/4\/2015\/10\/vulvar-stage3C-es.jpg\" alt=\"Estadio IIIC\" class=\"aligncenter\" style=\"max-width:250px;\"\/><\/a><p id=\"caption-stage\" class=\"wp-caption-text\">Click Image to Enlarge.<\/p><\/div><\/p>\n<h5 class=\"section-title\">Descripci\u00f3n<\/h5>\n<ul>\n<li class=\"section-content\">El c\u00e1ncer ha invadido ganglios linf\u00e1ticos cercanos y se ha diseminado a la superficie externa de los ganglios.<\/li>\n<\/ul>\n<h5 class=\"section-title\">Tratamiento<\/h5>\n<ul>\n<li class=\"section-content\">Quimioterapia o radioterapia, seguida de vulvectom\u00eda radical o vulvectom\u00eda radical modificada.<\/li>\n<\/ul>\n<hr class=\"hidden-title\"\/>\n<\/div>\n<div id=\"tabs-207\"><\/p>\n<h4 class=\"section-title hidden-title\">Estadio IVA<\/h4>\n<p><div id=\"stage\" style=\"width: 226px\" class=\"wp-caption alignnone\"><a href=\"\/wp-content\/uploads\/sites\/4\/2015\/09\/vulvar-stage4A-es.jpg\" title=\"Click Image to Enlarge.\"><img decoding=\"async\" aria-describedby=\"caption-stage\" src=\"\/wp-content\/uploads\/sites\/4\/2015\/06\/vulvar-stage4A-es.jpg\" alt=\"Estadio IVA\" class=\"aligncenter\" style=\"max-width:250px;\"\/><\/a><p id=\"caption-stage\" class=\"wp-caption-text\">Click Image to Enlarge.<\/p><\/div><\/p>\n<h5 class=\"section-title\">Descripci\u00f3n<\/h5>\n<ul>\n<li class=\"section-content\">El c\u00e1ncer se ha diseminado a los dos tercios superiores de la vagina, los dos tercios superiores de la uretra, la vejiga, el recto o el hueso coxal.<\/li>\n<li class=\"section-content\" style=\"list-style-type:none;\">O<\/li>\n<li class=\"section-content\">El c\u00e1ncer se ha diseminado a los ganglios linf\u00e1ticos cercanos, que est\u00e1n fijos en el lugar o est\u00e1n ulcerados (presentan lesiones).<\/li>\n<\/ul>\n<h5 class=\"section-title\">Tratamiento<\/h5>\n<ul>\n<li class=\"section-content\">Vulvectom\u00eda radical, exenteraci\u00f3n p\u00e9lvica, quimioterapia y radioterapia.<\/li>\n<\/ul>\n<hr class=\"hidden-title\"\/>\n<\/div>\n<div id=\"tabs-208\"><\/p>\n<h4 class=\"section-title hidden-title\">Estadio IVB<\/h4>\n<p><div id=\"stage\" style=\"width: 226px\" class=\"wp-caption alignnone\"><a href=\"\/wp-content\/uploads\/sites\/4\/2015\/09\/vulvar-stage4B-es.jpg\" title=\"Click Image to Enlarge.\"><img decoding=\"async\" aria-describedby=\"caption-stage\" src=\"\/wp-content\/uploads\/sites\/4\/2015\/06\/vulvar-stage4B-es.jpg\" alt=\"Estadio IVB\" class=\"aligncenter\" style=\"max-width:250px;\"\/><\/a><p id=\"caption-stage\" class=\"wp-caption-text\">Click Image to Enlarge.<\/p><\/div><\/p>\n<h5 class=\"section-title\">Descripci\u00f3n<\/h5>\n<ul>\n<li class=\"section-content\">El c\u00e1ncer se ha diseminado a los ganglios linf\u00e1ticos p\u00e9lvicos o a otras partes del organismo.<\/li>\n<\/ul>\n<h5 class=\"section-title\">Tratamiento<\/h5>\n<ul>\n<li class=\"section-content\">Vulvectom\u00eda radical, quimioterapia y radioterapia.<\/li>\n<\/ul>\n<hr class=\"hidden-title\"\/>\n<\/div><\/div><\/div>\n<div class=\"clearboth\"><\/div>\n<div class=\"space\" style=\"clear:both; height:25px;\"><\/div>\n","protected":false},"excerpt":{"rendered":"<p>Estadificaci\u00f3n La estadificaci\u00f3n es un proceso que le indica al m\u00e9dico si el c\u00e1ncer se ha diseminado y, en caso de que as\u00ed sea, en qu\u00e9 medida. La estadificaci\u00f3n del c\u00e1ncer de vulva depende del tama\u00f1o y de la ubicaci\u00f3n del tumor original, y de si el c\u00e1ncer ha invadido tejidos cercanos y se ha [&hellip;]<\/p>\n","protected":false},"author":5,"featured_media":0,"parent":16160,"menu_order":5,"comment_status":"closed","ping_status":"open","template":"template-tumor.php","meta":{"footnotes":""},"tags":[10],"class_list":["post-16168","page","type-page","status-publish","hentry","tag-members-only"],"yoast_head":"<!-- This site is optimized with the Yoast SEO plugin v25.0 - https:\/\/yoast.com\/wordpress\/plugins\/seo\/ -->\n<title>CMedEd | Informaci\u00f3n para comprender el c\u00e1ncer de vulva | Estadificaci\u00f3n<\/title>\n<meta name=\"description\" content=\"Estadificaci\u00f3n La estadificaci\u00f3n es un proceso que le indica al m\u00e9dico si el c\u00e1ncer se ha diseminado y, en caso de que as\u00ed sea, en qu\u00e9 medida. La\" \/>\n<meta name=\"robots\" content=\"index, follow, max-snippet:-1, max-image-preview:large, max-video-preview:-1\" \/>\n<link rel=\"canonical\" href=\"https:\/\/cmeded.com\/es\/gynecological\/understanding-vulvar-cancer\/staging\/\" \/>\n<meta property=\"og:locale\" content=\"es_ES\" \/>\n<meta property=\"og:type\" content=\"article\" \/>\n<meta property=\"og:title\" content=\"CMedEd | Informaci\u00f3n para comprender el c\u00e1ncer de vulva | Estadificaci\u00f3n\" \/>\n<meta property=\"og:description\" content=\"Estadificaci\u00f3n La estadificaci\u00f3n es un proceso que le indica al m\u00e9dico si el c\u00e1ncer se ha diseminado y, en caso de que as\u00ed sea, en qu\u00e9 medida. La\" \/>\n<meta property=\"og:url\" content=\"https:\/\/cmeded.com\/es\/gynecological\/understanding-vulvar-cancer\/staging\/\" \/>\n<meta property=\"og:site_name\" content=\"CMedEd\" \/>\n<meta property=\"article:modified_time\" content=\"2023-08-24T23:50:19+00:00\" \/>\n<meta name=\"twitter:card\" content=\"summary_large_image\" \/>\n<meta name=\"twitter:label1\" content=\"Tiempo de lectura\" \/>\n\t<meta name=\"twitter:data1\" content=\"4 minutos\" \/>\n<script type=\"application\/ld+json\" class=\"yoast-schema-graph\">{\"@context\":\"https:\/\/schema.org\",\"@graph\":[{\"@type\":\"WebPage\",\"@id\":\"https:\/\/cmeded.com\/es\/gynecological\/understanding-vulvar-cancer\/staging\/\",\"url\":\"https:\/\/cmeded.com\/es\/gynecological\/understanding-vulvar-cancer\/staging\/\",\"name\":\"CMedEd | Informaci\u00f3n para comprender el c\u00e1ncer de vulva | Estadificaci\u00f3n\",\"isPartOf\":{\"@id\":\"https:\/\/cmeded.com\/es\/#website\"},\"datePublished\":\"2014-03-18T16:29:03+00:00\",\"dateModified\":\"2023-08-24T23:50:19+00:00\",\"description\":\"Estadificaci\u00f3n La estadificaci\u00f3n es un proceso que le indica al m\u00e9dico si el c\u00e1ncer se ha diseminado y, en caso de que as\u00ed sea, en qu\u00e9 medida. La\",\"breadcrumb\":{\"@id\":\"https:\/\/cmeded.com\/es\/gynecological\/understanding-vulvar-cancer\/staging\/#breadcrumb\"},\"inLanguage\":\"es\",\"potentialAction\":[{\"@type\":\"ReadAction\",\"target\":[\"https:\/\/cmeded.com\/es\/gynecological\/understanding-vulvar-cancer\/staging\/\"]}]},{\"@type\":\"BreadcrumbList\",\"@id\":\"https:\/\/cmeded.com\/es\/gynecological\/understanding-vulvar-cancer\/staging\/#breadcrumb\",\"itemListElement\":[{\"@type\":\"ListItem\",\"position\":1,\"name\":\"Home\",\"item\":\"https:\/\/cmeded.com\/es\/\"},{\"@type\":\"ListItem\",\"position\":2,\"name\":\"Ginecol\u00f3gico\",\"item\":\"https:\/\/cmeded.com\/es\/gynecological\/\"},{\"@type\":\"ListItem\",\"position\":3,\"name\":\"Informaci\u00f3n para comprender el c\u00e1ncer de vulva\",\"item\":\"https:\/\/cmeded.com\/es\/gynecological\/understanding-vulvar-cancer\/\"},{\"@type\":\"ListItem\",\"position\":4,\"name\":\"Estadificaci\u00f3n\"}]},{\"@type\":\"WebSite\",\"@id\":\"https:\/\/cmeded.com\/es\/#website\",\"url\":\"https:\/\/cmeded.com\/es\/\",\"name\":\"CMedEd\",\"description\":\"Recurso principal de informaci\u00f3n sobre el c\u00e1ncer\",\"potentialAction\":[{\"@type\":\"SearchAction\",\"target\":{\"@type\":\"EntryPoint\",\"urlTemplate\":\"https:\/\/cmeded.com\/es\/?s={search_term_string}\"},\"query-input\":{\"@type\":\"PropertyValueSpecification\",\"valueRequired\":true,\"valueName\":\"search_term_string\"}}],\"inLanguage\":\"es\"}]}<\/script>\n<!-- \/ Yoast SEO plugin. -->","yoast_head_json":{"title":"CMedEd | Informaci\u00f3n para comprender el c\u00e1ncer de vulva | Estadificaci\u00f3n","description":"Estadificaci\u00f3n La estadificaci\u00f3n es un proceso que le indica al m\u00e9dico si el c\u00e1ncer se ha diseminado y, en caso de que as\u00ed sea, en qu\u00e9 medida. La","robots":{"index":"index","follow":"follow","max-snippet":"max-snippet:-1","max-image-preview":"max-image-preview:large","max-video-preview":"max-video-preview:-1"},"canonical":"https:\/\/cmeded.com\/es\/gynecological\/understanding-vulvar-cancer\/staging\/","og_locale":"es_ES","og_type":"article","og_title":"CMedEd | Informaci\u00f3n para comprender el c\u00e1ncer de vulva | Estadificaci\u00f3n","og_description":"Estadificaci\u00f3n La estadificaci\u00f3n es un proceso que le indica al m\u00e9dico si el c\u00e1ncer se ha diseminado y, en caso de que as\u00ed sea, en qu\u00e9 medida. La","og_url":"https:\/\/cmeded.com\/es\/gynecological\/understanding-vulvar-cancer\/staging\/","og_site_name":"CMedEd","article_modified_time":"2023-08-24T23:50:19+00:00","twitter_card":"summary_large_image","twitter_misc":{"Tiempo de lectura":"4 minutos"},"schema":{"@context":"https:\/\/schema.org","@graph":[{"@type":"WebPage","@id":"https:\/\/cmeded.com\/es\/gynecological\/understanding-vulvar-cancer\/staging\/","url":"https:\/\/cmeded.com\/es\/gynecological\/understanding-vulvar-cancer\/staging\/","name":"CMedEd | Informaci\u00f3n para comprender el c\u00e1ncer de vulva | Estadificaci\u00f3n","isPartOf":{"@id":"https:\/\/cmeded.com\/es\/#website"},"datePublished":"2014-03-18T16:29:03+00:00","dateModified":"2023-08-24T23:50:19+00:00","description":"Estadificaci\u00f3n La estadificaci\u00f3n es un proceso que le indica al m\u00e9dico si el c\u00e1ncer se ha diseminado y, en caso de que as\u00ed sea, en qu\u00e9 medida. La","breadcrumb":{"@id":"https:\/\/cmeded.com\/es\/gynecological\/understanding-vulvar-cancer\/staging\/#breadcrumb"},"inLanguage":"es","potentialAction":[{"@type":"ReadAction","target":["https:\/\/cmeded.com\/es\/gynecological\/understanding-vulvar-cancer\/staging\/"]}]},{"@type":"BreadcrumbList","@id":"https:\/\/cmeded.com\/es\/gynecological\/understanding-vulvar-cancer\/staging\/#breadcrumb","itemListElement":[{"@type":"ListItem","position":1,"name":"Home","item":"https:\/\/cmeded.com\/es\/"},{"@type":"ListItem","position":2,"name":"Ginecol\u00f3gico","item":"https:\/\/cmeded.com\/es\/gynecological\/"},{"@type":"ListItem","position":3,"name":"Informaci\u00f3n para comprender el c\u00e1ncer de vulva","item":"https:\/\/cmeded.com\/es\/gynecological\/understanding-vulvar-cancer\/"},{"@type":"ListItem","position":4,"name":"Estadificaci\u00f3n"}]},{"@type":"WebSite","@id":"https:\/\/cmeded.com\/es\/#website","url":"https:\/\/cmeded.com\/es\/","name":"CMedEd","description":"Recurso principal de informaci\u00f3n sobre el c\u00e1ncer","potentialAction":[{"@type":"SearchAction","target":{"@type":"EntryPoint","urlTemplate":"https:\/\/cmeded.com\/es\/?s={search_term_string}"},"query-input":{"@type":"PropertyValueSpecification","valueRequired":true,"valueName":"search_term_string"}}],"inLanguage":"es"}]}},"_links":{"self":[{"href":"https:\/\/cmeded.com\/es\/wp-json\/wp\/v2\/pages\/16168","targetHints":{"allow":["GET"]}}],"collection":[{"href":"https:\/\/cmeded.com\/es\/wp-json\/wp\/v2\/pages"}],"about":[{"href":"https:\/\/cmeded.com\/es\/wp-json\/wp\/v2\/types\/page"}],"author":[{"embeddable":true,"href":"https:\/\/cmeded.com\/es\/wp-json\/wp\/v2\/users\/5"}],"replies":[{"embeddable":true,"href":"https:\/\/cmeded.com\/es\/wp-json\/wp\/v2\/comments?post=16168"}],"version-history":[{"count":0,"href":"https:\/\/cmeded.com\/es\/wp-json\/wp\/v2\/pages\/16168\/revisions"}],"up":[{"embeddable":true,"href":"https:\/\/cmeded.com\/es\/wp-json\/wp\/v2\/pages\/16160"}],"wp:attachment":[{"href":"https:\/\/cmeded.com\/es\/wp-json\/wp\/v2\/media?parent=16168"}],"wp:term":[{"taxonomy":"post_tag","embeddable":true,"href":"https:\/\/cmeded.com\/es\/wp-json\/wp\/v2\/tags?post=16168"}],"curies":[{"name":"wp","href":"https:\/\/api.w.org\/{rel}","templated":true}]}}