{"id":16161,"date":"2014-03-18T10:39:16","date_gmt":"2014-03-18T15:39:16","guid":{"rendered":"http:\/\/cmeded.com\/?page_id=16161"},"modified":"2023-08-24T18:50:19","modified_gmt":"2023-08-24T23:50:19","slug":"overview","status":"publish","type":"page","link":"https:\/\/cmeded.com\/es\/gynecological\/understanding-vulvar-cancer\/overview\/","title":{"rendered":"Generalidades"},"content":{"rendered":"<h4 class=\"section-title\">\u00bfQu\u00e9 es el c\u00e1ncer de vulva?<\/h4>\n<p class=\"section-content\">El c\u00e1ncer de vulva es un tipo poco frecuente de c\u00e1ncer que se origina en la vulva, que es la parte exterior de los genitales femeninos.  La vulva tiene las siguientes estructuras:<\/p>\n<ul class=\"about-content\">\n<li><strong><span style=\"color:#336699\">Vest\u00edbulo<\/span> - <\/strong>el vest\u00edbulo es el orificio de la vagina.<\/li>\n<li><strong><span style=\"color:#336699\">Labios mayores<\/span> - <\/strong>los labios mayores son los labios m\u00e1s grandes y externos de la vagina.<\/li>\n<li><strong><span style=\"color:#336699\">Labios menores<\/span> - <\/strong>los labios menores son los labios m\u00e1s peque\u00f1os, internos y sin vello de la vagina.<\/li>\n<li><strong><span style=\"color:#336699\">Gl\u00e1ndulas de Bartolino<\/span> - <\/strong>las gl\u00e1ndulas de Bartolino son dos gl\u00e1ndulas que se encuentran justo dentro del orificio de la vagina y secretan moco o l\u00edquido para ayudar a lubricar la vagina durante las relaciones sexuales.<\/li>\n<li><strong><span style=\"color:#336699\">Cl\u00edtoris<\/span> - <\/strong>el cl\u00edtoris es una estructura sensible que se encuentra en la parte delantera de la vagina y que ayuda a que la mujer reciba estimulaci\u00f3n sexual durante las relaciones sexuales.<\/li>\n<\/ul>\n<div id=\"caption\" style=\"width: 460px\" class=\"wp-caption aligncenter\"><a href=\"\/wp-content\/uploads\/sites\/4\/2015\/09\/vulvar-overview-es.jpg\" title=\"Click Image to Enlarge.\"><img decoding=\"async\" aria-describedby=\"caption-caption\" src=\"\/wp-content\/uploads\/sites\/4\/2015\/06\/vulvar-overview-es.jpg\" class=\"aligncenter\" alt=\"c\u00e1ncer de vulva\" style=\"max-height:275px;\"\/><\/a><p id=\"caption-caption\" class=\"wp-caption-text\">Click Image to Enlarge.<\/p><\/div>\n<p class=\"section-content\">El c\u00e1ncer de vulva suele avanzar muy lentamente con los a\u00f1os.  Suele originarse en forma de cambios precancerosos en la vulva (<strong style=\"color:#336699;\">neoplasia intraepitelial vulvar, NIV<\/strong>), que mutan y se transforman en c\u00e1ncer invasivo en el transcurso del tiempo.  Por lo general, el c\u00e1ncer de vulva suele originarse en los labios mayores, pero tambi\u00e9n puede afectar los labios menores, las gl\u00e1ndulas de Bartolino o el cl\u00edtoris.  Existen diferentes tipos de c\u00e1ncer de vulva, seg\u00fan el tipo de c\u00e9lula a partir de la cual se origina:<\/p>\n<ul class=\"about-content\">\n<li><strong><span style=\"color:#336699\">Carcinoma escamoso - <\/span><\/strong>el carcinoma escamoso es el tipo m\u00e1s frecuente de c\u00e1ncer de vulva; representa aproximadamente el 90 % de todos los casos. Los carcinomas escamosos suelen desarrollarse en los bordes de los labios.  La mayor\u00eda de las veces, este tipo de c\u00e1ncer de vulva toma varios a\u00f1os en desarrollarse y se origina a partir de cambios precancerosos (NIV).<\/li>\n<\/ul>\n<ul class=\"about-content\">\n<li><strong><span style=\"color:#336699\">Adenocarcinoma - <\/span><\/strong>el adenocarcinoma representa aproximadamente el 8 % de todos los casos de c\u00e1ncer de vulva.  Los adenocarcinomas de vulva pueden originarse en las gl\u00e1ndulas sudor\u00edparas o las gl\u00e1ndulas de Bartolino.  Algunas mujeres contraen una enfermedad poco frecuente llamada \"enfermedad de Paget de la vulva\", en la que se detectan c\u00e9lulas de adenocarcinoma en la capa superior de la piel de la vulva.<\/li>\n<\/ul>\n<ul class=\"about-content\">\n<li><strong><span style=\"color:#336699\">Melanoma - <\/span><\/strong>algunas mujeres pueden contraer melanoma de vulva.  El melanoma se origina en las c\u00e9lulas cut\u00e1neas llamadas \"melanocitos\" que son responsables de producir pigmentos y pueden aparecer en la vulva.<\/li>\n<\/ul>\n<ul class=\"about-content\">\n<li><strong><span style=\"color:#336699\">Sarcoma - <\/span><\/strong>en casos poco frecuentes, algunas mujeres pueden contraer un sarcoma en la pared de la vulva.  Los sarcomas se originan en la profundidad de los m\u00fasculos, los tendones, los vasos sangu\u00edneos, los nervios u otros tejidos conjuntivos.<\/li>\n<\/ul>\n<div class=\"clearboth\"><\/div>\n","protected":false},"excerpt":{"rendered":"<p>\u00bfQu\u00e9 es el c\u00e1ncer de vulva? El c\u00e1ncer de vulva es un tipo poco frecuente de c\u00e1ncer que se origina en la vulva, que es la parte exterior de los genitales femeninos. La vulva tiene las siguientes estructuras: Vest\u00edbulo &#8211; el vest\u00edbulo es el orificio de la vagina. Labios mayores &#8211; los labios mayores son [&hellip;]<\/p>\n","protected":false},"author":5,"featured_media":0,"parent":16160,"menu_order":1,"comment_status":"closed","ping_status":"open","template":"template-tumor.php","meta":{"footnotes":""},"tags":[10],"class_list":["post-16161","page","type-page","status-publish","hentry","tag-members-only"],"yoast_head":"<!-- This site is optimized with the Yoast SEO plugin v25.0 - https:\/\/yoast.com\/wordpress\/plugins\/seo\/ -->\n<title>CMedEd | Informaci\u00f3n para comprender el c\u00e1ncer de vulva | Generalidades<\/title>\n<meta name=\"description\" content=\"\u00bfQu\u00e9 es el c\u00e1ncer de vulva? El c\u00e1ncer de vulva es un tipo poco frecuente de c\u00e1ncer que se origina en la vulva, que es la parte exterior de los genitales\" \/>\n<meta name=\"robots\" content=\"index, follow, max-snippet:-1, max-image-preview:large, max-video-preview:-1\" \/>\n<link rel=\"canonical\" href=\"https:\/\/cmeded.com\/es\/gynecological\/understanding-vulvar-cancer\/overview\/\" \/>\n<meta property=\"og:locale\" content=\"es_ES\" \/>\n<meta property=\"og:type\" content=\"article\" \/>\n<meta property=\"og:title\" content=\"CMedEd | Informaci\u00f3n para comprender el c\u00e1ncer de vulva | Generalidades\" \/>\n<meta property=\"og:description\" content=\"\u00bfQu\u00e9 es el c\u00e1ncer de vulva? El c\u00e1ncer de vulva es un tipo poco frecuente de c\u00e1ncer que se origina en la vulva, que es la parte exterior de los genitales\" \/>\n<meta property=\"og:url\" content=\"https:\/\/cmeded.com\/es\/gynecological\/understanding-vulvar-cancer\/overview\/\" \/>\n<meta property=\"og:site_name\" content=\"CMedEd\" \/>\n<meta property=\"article:modified_time\" content=\"2023-08-24T23:50:19+00:00\" \/>\n<meta name=\"twitter:card\" content=\"summary_large_image\" \/>\n<meta name=\"twitter:label1\" content=\"Tiempo de lectura\" \/>\n\t<meta name=\"twitter:data1\" content=\"2 minutos\" \/>\n<script type=\"application\/ld+json\" class=\"yoast-schema-graph\">{\"@context\":\"https:\/\/schema.org\",\"@graph\":[{\"@type\":\"WebPage\",\"@id\":\"https:\/\/cmeded.com\/es\/gynecological\/understanding-vulvar-cancer\/overview\/\",\"url\":\"https:\/\/cmeded.com\/es\/gynecological\/understanding-vulvar-cancer\/overview\/\",\"name\":\"CMedEd | Informaci\u00f3n para comprender el c\u00e1ncer de vulva | Generalidades\",\"isPartOf\":{\"@id\":\"https:\/\/cmeded.com\/es\/#website\"},\"datePublished\":\"2014-03-18T15:39:16+00:00\",\"dateModified\":\"2023-08-24T23:50:19+00:00\",\"description\":\"\u00bfQu\u00e9 es el c\u00e1ncer de vulva? El c\u00e1ncer de vulva es un tipo poco frecuente de c\u00e1ncer que se origina en la vulva, que es la parte exterior de los genitales\",\"breadcrumb\":{\"@id\":\"https:\/\/cmeded.com\/es\/gynecological\/understanding-vulvar-cancer\/overview\/#breadcrumb\"},\"inLanguage\":\"es\",\"potentialAction\":[{\"@type\":\"ReadAction\",\"target\":[\"https:\/\/cmeded.com\/es\/gynecological\/understanding-vulvar-cancer\/overview\/\"]}]},{\"@type\":\"BreadcrumbList\",\"@id\":\"https:\/\/cmeded.com\/es\/gynecological\/understanding-vulvar-cancer\/overview\/#breadcrumb\",\"itemListElement\":[{\"@type\":\"ListItem\",\"position\":1,\"name\":\"Home\",\"item\":\"https:\/\/cmeded.com\/es\/\"},{\"@type\":\"ListItem\",\"position\":2,\"name\":\"Ginecol\u00f3gico\",\"item\":\"https:\/\/cmeded.com\/es\/gynecological\/\"},{\"@type\":\"ListItem\",\"position\":3,\"name\":\"Informaci\u00f3n para comprender el c\u00e1ncer de vulva\",\"item\":\"https:\/\/cmeded.com\/es\/gynecological\/understanding-vulvar-cancer\/\"},{\"@type\":\"ListItem\",\"position\":4,\"name\":\"Generalidades\"}]},{\"@type\":\"WebSite\",\"@id\":\"https:\/\/cmeded.com\/es\/#website\",\"url\":\"https:\/\/cmeded.com\/es\/\",\"name\":\"CMedEd\",\"description\":\"Recurso principal de informaci\u00f3n sobre el c\u00e1ncer\",\"potentialAction\":[{\"@type\":\"SearchAction\",\"target\":{\"@type\":\"EntryPoint\",\"urlTemplate\":\"https:\/\/cmeded.com\/es\/?s={search_term_string}\"},\"query-input\":{\"@type\":\"PropertyValueSpecification\",\"valueRequired\":true,\"valueName\":\"search_term_string\"}}],\"inLanguage\":\"es\"}]}<\/script>\n<!-- \/ Yoast SEO plugin. -->","yoast_head_json":{"title":"CMedEd | Informaci\u00f3n para comprender el c\u00e1ncer de vulva | Generalidades","description":"\u00bfQu\u00e9 es el c\u00e1ncer de vulva? El c\u00e1ncer de vulva es un tipo poco frecuente de c\u00e1ncer que se origina en la vulva, que es la parte exterior de los genitales","robots":{"index":"index","follow":"follow","max-snippet":"max-snippet:-1","max-image-preview":"max-image-preview:large","max-video-preview":"max-video-preview:-1"},"canonical":"https:\/\/cmeded.com\/es\/gynecological\/understanding-vulvar-cancer\/overview\/","og_locale":"es_ES","og_type":"article","og_title":"CMedEd | Informaci\u00f3n para comprender el c\u00e1ncer de vulva | Generalidades","og_description":"\u00bfQu\u00e9 es el c\u00e1ncer de vulva? El c\u00e1ncer de vulva es un tipo poco frecuente de c\u00e1ncer que se origina en la vulva, que es la parte exterior de los genitales","og_url":"https:\/\/cmeded.com\/es\/gynecological\/understanding-vulvar-cancer\/overview\/","og_site_name":"CMedEd","article_modified_time":"2023-08-24T23:50:19+00:00","twitter_card":"summary_large_image","twitter_misc":{"Tiempo de lectura":"2 minutos"},"schema":{"@context":"https:\/\/schema.org","@graph":[{"@type":"WebPage","@id":"https:\/\/cmeded.com\/es\/gynecological\/understanding-vulvar-cancer\/overview\/","url":"https:\/\/cmeded.com\/es\/gynecological\/understanding-vulvar-cancer\/overview\/","name":"CMedEd | Informaci\u00f3n para comprender el c\u00e1ncer de vulva | Generalidades","isPartOf":{"@id":"https:\/\/cmeded.com\/es\/#website"},"datePublished":"2014-03-18T15:39:16+00:00","dateModified":"2023-08-24T23:50:19+00:00","description":"\u00bfQu\u00e9 es el c\u00e1ncer de vulva? El c\u00e1ncer de vulva es un tipo poco frecuente de c\u00e1ncer que se origina en la vulva, que es la parte exterior de los genitales","breadcrumb":{"@id":"https:\/\/cmeded.com\/es\/gynecological\/understanding-vulvar-cancer\/overview\/#breadcrumb"},"inLanguage":"es","potentialAction":[{"@type":"ReadAction","target":["https:\/\/cmeded.com\/es\/gynecological\/understanding-vulvar-cancer\/overview\/"]}]},{"@type":"BreadcrumbList","@id":"https:\/\/cmeded.com\/es\/gynecological\/understanding-vulvar-cancer\/overview\/#breadcrumb","itemListElement":[{"@type":"ListItem","position":1,"name":"Home","item":"https:\/\/cmeded.com\/es\/"},{"@type":"ListItem","position":2,"name":"Ginecol\u00f3gico","item":"https:\/\/cmeded.com\/es\/gynecological\/"},{"@type":"ListItem","position":3,"name":"Informaci\u00f3n para comprender el c\u00e1ncer de vulva","item":"https:\/\/cmeded.com\/es\/gynecological\/understanding-vulvar-cancer\/"},{"@type":"ListItem","position":4,"name":"Generalidades"}]},{"@type":"WebSite","@id":"https:\/\/cmeded.com\/es\/#website","url":"https:\/\/cmeded.com\/es\/","name":"CMedEd","description":"Recurso principal de informaci\u00f3n sobre el c\u00e1ncer","potentialAction":[{"@type":"SearchAction","target":{"@type":"EntryPoint","urlTemplate":"https:\/\/cmeded.com\/es\/?s={search_term_string}"},"query-input":{"@type":"PropertyValueSpecification","valueRequired":true,"valueName":"search_term_string"}}],"inLanguage":"es"}]}},"_links":{"self":[{"href":"https:\/\/cmeded.com\/es\/wp-json\/wp\/v2\/pages\/16161","targetHints":{"allow":["GET"]}}],"collection":[{"href":"https:\/\/cmeded.com\/es\/wp-json\/wp\/v2\/pages"}],"about":[{"href":"https:\/\/cmeded.com\/es\/wp-json\/wp\/v2\/types\/page"}],"author":[{"embeddable":true,"href":"https:\/\/cmeded.com\/es\/wp-json\/wp\/v2\/users\/5"}],"replies":[{"embeddable":true,"href":"https:\/\/cmeded.com\/es\/wp-json\/wp\/v2\/comments?post=16161"}],"version-history":[{"count":0,"href":"https:\/\/cmeded.com\/es\/wp-json\/wp\/v2\/pages\/16161\/revisions"}],"up":[{"embeddable":true,"href":"https:\/\/cmeded.com\/es\/wp-json\/wp\/v2\/pages\/16160"}],"wp:attachment":[{"href":"https:\/\/cmeded.com\/es\/wp-json\/wp\/v2\/media?parent=16161"}],"wp:term":[{"taxonomy":"post_tag","embeddable":true,"href":"https:\/\/cmeded.com\/es\/wp-json\/wp\/v2\/tags?post=16161"}],"curies":[{"name":"wp","href":"https:\/\/api.w.org\/{rel}","templated":true}]}}