{"id":16152,"date":"2014-03-17T15:29:55","date_gmt":"2014-03-17T20:29:55","guid":{"rendered":"http:\/\/cmeded.com\/?page_id=16152"},"modified":"2025-05-06T17:37:48","modified_gmt":"2025-05-06T22:37:48","slug":"treatment","status":"publish","type":"page","link":"https:\/\/cmeded.com\/es\/sarcoma\/understanding-kaposi-sarcoma\/treatment\/","title":{"rendered":"Tratamiento"},"content":{"rendered":"<h4 class=\"section-title\">Tratamiento<\/h4>\n<p class=\"section-content\">El tratamiento del sarcoma de Kaposi depende del grado de la enfermedad, la agresividad de esta, y de la presencia de s\u00edntomas que repercutan en la vida diaria del paciente.  A continuaci\u00f3n, se detallan los tratamientos habituales que generalmente se utilizan para tratar el sarcoma de Kaposi:<\/p>\n<h4 class=\"section-title\" style=\"margin-top:20px\">Para el sarcoma de Kaposi localizado:<\/h4>\n<h4 class=\"section-title\" style=\"margin-top:20px\">Cirug\u00eda<\/h4>\n<p class=\"section-content\" style=\"margin-bottom:-25px\">En una cirug\u00eda de sarcoma de Kaposi, el m\u00e9dico extirpa el tumor y un margen de tejido adyacente sano.  El m\u00e9dico puede recomendar los siguientes procedimientos quir\u00fargicos para tratar lesiones peque\u00f1as en la superficie de la piel:<\/p>\n<div class=\"divider\" id=\"\">\n\t\n\t<\/div>\n<div class=\"risk-factor\">\n<div class=\"symp-pic\"><div id=\"caption\" style=\"width: 195px\" class=\"wp-caption aligncenter\"><a href=\"\/wp-content\/uploads\/sites\/4\/2015\/07\/Kaposi-cryosurgery-es.jpg\" title=\"Click Image to Enlarge.\"><img decoding=\"async\" aria-describedby=\"caption-caption\" class=\"aligncenter\" style=\"height: 150px\" alt=\"Criocirug\u00eda\" src=\"\/wp-content\/uploads\/sites\/4\/2015\/07\/Kaposi-cryosurgery-es.jpg\" \/><\/a><p id=\"caption-caption\" class=\"wp-caption-text\">Click Image to Enlarge.<\/p><\/div><\/div>\n<div class=\"risk-text-wrap\">\n<h5 class=\"section-title\">Criocirug\u00eda<\/h5>\n<p class=\"section-content\">El m\u00e9dico utiliza nitr\u00f3geno l\u00edquido para congelar y destruir las lesiones provocadas por el sarcoma.  En el transcurso del tiempo, la lesi\u00f3n se ampollar\u00e1, se encostrar\u00e1 y se caer\u00e1.<\/p>\n<\/div>\n<div class=\"clearboth\"><\/div>\n<\/div>\n<div class=\"divider\" id=\"\">\n\t\n\t<\/div>\n<div class=\"risk-factor\">\n<div class=\"symp-pic\"><div id=\"caption\" style=\"width: 195px\" class=\"wp-caption aligncenter\"><a href=\"\/wp-content\/uploads\/sites\/4\/2015\/07\/Electrodessication-Curettage-Kaposi-es.jpg\" title=\"Click Image to Enlarge.\"><img decoding=\"async\" aria-describedby=\"caption-caption\" class=\"aligncenter\" style=\"height: 150px\" alt=\"Electrodesecaci\u00f3n y raspado\" src=\"\/wp-content\/uploads\/sites\/4\/2015\/07\/Electrodessication-Curettage-Kaposi-es.jpg\" \/><\/a><p id=\"caption-caption\" class=\"wp-caption-text\">Click Image to Enlarge.<\/p><\/div><\/div>\n<div class=\"risk-text-wrap\">\n<h5 class=\"section-title\">Electrodesecaci\u00f3n y raspado<\/h5>\n<p class=\"section-content\">Este procedimiento suele denominarse \"raspado y cauterizaci\u00f3n\".  El m\u00e9dico utiliza un instrumento quir\u00fargico llamado \"cucharilla\" para extirpar la lesi\u00f3n de la piel.  Luego, el m\u00e9dico aplica una corriente el\u00e9ctrica al lecho del tumor para detener la hemorragia y destruir las c\u00e9lulas cancerosas que pudieran haber quedado.  El m\u00e9dico puede repetir este proceso entre una y tres veces.<\/p>\n<\/div>\n<div class=\"clearboth\"><\/div>\n<\/div>\n<div class=\"divider\" id=\"\">\n\t\n\t<\/div>\n<div class=\"risk-factor\">\n<div class=\"symp-pic\"><div id=\"caption\" style=\"width: 195px\" class=\"wp-caption aligncenter\"><a href=\"\/wp-content\/uploads\/2014\/05\/Local-Exciscional-PSF.jpg\" title=\"Click Image to Enlarge.\"><img decoding=\"async\" aria-describedby=\"caption-caption\" class=\"aligncenter\" style=\"height: 150px\" alt=\"Escisi\u00f3n simple\" src=\"\/wp-content\/uploads\/2014\/05\/Local-Exciscional-175.jpg\" \/><\/a><p id=\"caption-caption\" class=\"wp-caption-text\">Click Image to Enlarge.<\/p><\/div><\/div>\n<div class=\"risk-text-wrap\">\n<h5 class=\"section-title\">Escisi\u00f3n simple<\/h5>\n<p class=\"section-content\">El cirujano utiliza un bistur\u00ed para extirpar el tumor y un margen de piel sana circundante. El margen de tejido sano depende del tama\u00f1o del tumor. El margen que se extrae en los tumores m\u00e1s peque\u00f1os es menor, y es posible que haya que efectuar suturas y quede una cicatriz. En los tumores m\u00e1s grandes, es necesario extraer un margen mayor, por lo que posiblemente el m\u00e9dico deba realizar un injerto de piel y reemplazar la piel que se extrajo con piel sana de una parte diferente del cuerpo.  Adem\u00e1s de los injertos de piel, es posible considerar la alternativa de una reconstrucci\u00f3n con un colgajo de tejido local.En una reconstrucci\u00f3n con colgajo, se mueve piel cercana para cubrir la herida.<\/p>\n<p class=\"section-content\">Para casos aislados en los que el c\u00e1ncer se encuentra en los \u00f3rganos internos del pecho o del abdomen (en pacientes que no padecen de VIH y en pacientes que no est\u00e1n inmunodeprimidos), la cirug\u00eda podr\u00eda ser apropiada. Esto podr\u00eda implicar, por ejemplo, la extirpaci\u00f3n de los intestinos.<\/p>\n<\/div>\n<div class=\"clearboth\"><\/div>\n<\/div>\n<div class=\"divider\" id=\"\">\n\t\n\t<\/div>\n<h4 class=\"section-title\" style=\"margin-top:30px\">Otros tratamientos<\/h4>\n<p class=\"section-content\" style=\"margin-bottom:-25px\">Es posible que el m\u00e9dico tambi\u00e9n recomiende alguno de los siguientes tratamientos:<\/p>\n<div class=\"divider\" id=\"\">\n\t\n\t<\/div>\n<div class=\"risk-factor\">\n<div class=\"symp-pic\"><img decoding=\"async\" class=\"aligncenter\" style=\"height: 150px\" alt=\"Radioterapia\" src=\"\/wp-content\/uploads\/2013\/04\/IMRT175.png\" \/><\/div>\n<div class=\"risk-text-wrap\">\n<h5 class=\"section-title\">Radioterapia<\/h5>\n<p class=\"section-content\">En la radioterapia, se usan rayos de gran energ\u00eda para localizar y destruir las c\u00e9lulas cancerosas.  Los m\u00e9dicos generalmente utilizan radioterapia para tratar lesiones grandes o malignas de la piel o la cavidad oral que pueden provocar dolor y malestar.  La radioterapia se utiliza con menos frecuencia para tratar el sarcoma de Kaposi que se desarrolla en las v\u00edsceras.<\/p>\n<\/div>\n<div class=\"clearboth\"><\/div>\n<\/div>\n<div class=\"divider\" id=\"\">\n\t\n\t<\/div>\n<div class=\"risk-factor\">\n<div class=\"symp-pic\"><img decoding=\"async\" class=\"aligncenter\" style=\"height: 150px\" alt=\"Terapia antiv\u00edrica\" src=\"\/wp-content\/uploads\/2013\/04\/Prescriptions-150.jpg\" \/><\/div>\n<div class=\"risk-text-wrap\">\n<h5 class=\"section-title\">Terapia antiv\u00edrica<\/h5>\n<p class=\"section-content\">Para una afectaci\u00f3n m\u00e1s generalizada de la piel o de \u00f3rganos internos.<\/p>\n<p class=\"section-content\">El tratamiento antiv\u00edrico de gran actividad (TARGA), que se usa com\u00fanmente para tratar el virus de la inmunodeficiencia humana (VIH), se usa com\u00fanmente antes que otros tratamientos en pacientes con sarcoma de Kaposi que tienen VIH. Este tratamiento puede retardar la progresi\u00f3n del VIH al SIDA, y puede controlar y reducir el riesgo de sarcoma de Kaposi epid\u00e9mico en pacientes con VIH.<\/p>\n<\/div>\n<div class=\"clearboth\"><\/div>\n<\/div>\n<div class=\"divider\" id=\"\">\n\t\n\t<\/div>\n<div class=\"risk-factor\">\n<div class=\"symp-pic\"><img decoding=\"async\" class=\"aligncenter\" style=\"height: 150px\" alt=\"Quimioterapia\" src=\"\/wp-content\/uploads\/2013\/10\/New60sChemo-178x175.png\" \/><\/div>\n<div class=\"risk-text-wrap\">\n<h5 class=\"section-title\">Quimioterapia<\/h5>\n<p class=\"section-content\">La quimioterapia hace referencia al uso de medicamentos para localizar las c\u00e9lulas de r\u00e1pido crecimiento con el fin de destruir las c\u00e9lulas cancerosas.  Los m\u00e9dicos normalmente utilizan una loci\u00f3n o una crema de quimioterapia t\u00f3pica para tratar las lesiones provocadas por el sarcoma de Kaposi.  Si la enfermedad se encuentra m\u00e1s diseminada, con muchas lesiones o afectaci\u00f3n de los \u00f3rganos, el m\u00e9dico puede recomendar quimioterapia sist\u00e9mica (en todo el organismo) de car\u00e1cter tradicional.<\/p>\n<\/div>\n<div class=\"clearboth\"><\/div>\n<\/div>\n<div class=\"divider\" id=\"\">\n\t\n\t<\/div>\n<div class=\"risk-factor\">\n<div class=\"symp-pic\"><div id=\"caption\" style=\"width: 195px\" class=\"wp-caption aligncenter\"><a href=\"\/wp-content\/uploads\/2014\/05\/Vaccine-PSF.jpg\" title=\"Click Image to Enlarge.\"><img decoding=\"async\" aria-describedby=\"caption-caption\" class=\"aligncenter\" style=\"height: 150px\" alt=\"Inmunoterapia\" src=\"\/wp-content\/uploads\/2013\/03\/Vaccine200.jpg\" \/><\/a><p id=\"caption-caption\" class=\"wp-caption-text\">Click Image to Enlarge.<\/p><\/div><\/div>\n<div class=\"risk-text-wrap\">\n<h5 class=\"section-title\">Inmunoterapia<\/h5>\n<p class=\"section-content\">La inmunoterapia estimula el sistema inmunitario del organismo y ayuda a combatir las c\u00e9lulas cancerosas.  La inmunoterapia para el sarcoma de Kaposi puede consistir en terapia con interfer\u00f3n o en inhibidores de puntos de control m\u00e1s recientes que permiten que las c\u00e9lulas inmunes del cuerpo ataquen las c\u00e9lulas del sarcoma de Kaposi.<\/p>\n<\/div>\n<div class=\"clearboth\"><\/div>\n<\/div>\n<div class=\"divider\" id=\"\">\n\t\n\t<\/div>\n<div class=\"risk-factor\">\n<div class=\"symp-pic\"><img decoding=\"async\" src=\"\/wp-content\/uploads\/2013\/03\/DoctorPatient150.png\" class=\"aligncenter\" alt=\"Estudios cl\u00ednicos\" style=\"height:150px\" \/><\/div>\n<div class=\"risk-text-wrap\">\n<h5 class=\"section-title\">Estudios cl\u00ednicos<\/h5>\n<p class=\"section-content\">Los estudios cl\u00ednicos permiten que los pacientes prueben un tratamiento nuevo antes de que est\u00e9 disponible para el p\u00fablico en general.  En algunos casos, puede tratarse de un medicamento nuevo que no se ha utilizado antes en seres humanos; o bien, puede tratarse de un medicamento o una combinaci\u00f3n de medicamentos que no se utilizan actualmente para un tipo espec\u00edfico de c\u00e1ncer.  En general, los estudios cl\u00ednicos en fase temprana se utilizan para probar los efectos secundarios de un medicamento o una combinaci\u00f3n de medicamentos; mientras que los estudios cl\u00ednicos en fase posterior se utilizan para determinar la eficacia de un tratamiento nuevo para un determinado tipo de c\u00e1ncer.  Los estudios cl\u00ednicos permiten a m\u00e9dicos e investigadores mejorar el tratamiento de los tipos de c\u00e1ncer con terapias posiblemente m\u00e1s efectivas.  Un estudio cl\u00ednico puede dar lugar a un medicamento nuevo e innovador; o bien, puede no tener efecto alguno.  Es importante que hable con el m\u00e9dico acerca de las ventajas y desventajas de los estudios cl\u00ednicos para su situaci\u00f3n en particular.<\/p>\n<\/div>\n<div class=\"clearboth\"><\/div>\n<\/div>\n","protected":false},"excerpt":{"rendered":"<p>Tratamiento El tratamiento del sarcoma de Kaposi depende del grado de la enfermedad, la agresividad de esta, y de la presencia de s\u00edntomas que repercutan en la vida diaria del paciente. A continuaci\u00f3n, se detallan los tratamientos habituales que generalmente se utilizan para tratar el sarcoma de Kaposi: Para el sarcoma de Kaposi localizado: Cirug\u00eda [&hellip;]<\/p>\n","protected":false},"author":5,"featured_media":0,"parent":16136,"menu_order":6,"comment_status":"closed","ping_status":"open","template":"template-tumor.php","meta":{"footnotes":""},"tags":[10],"class_list":["post-16152","page","type-page","status-publish","hentry","tag-members-only"],"yoast_head":"<!-- This site is optimized with the Yoast SEO plugin v25.0 - https:\/\/yoast.com\/wordpress\/plugins\/seo\/ -->\n<title>CMedEd | Informaci\u00f3n para comprender el sarcoma de Kaposi | Tratamiento<\/title>\n<meta name=\"description\" content=\"Tratamiento El tratamiento del sarcoma de Kaposi depende del grado de la enfermedad, la agresividad de esta, y de la presencia de s\u00edntomas que repercutan\" \/>\n<meta name=\"robots\" content=\"index, follow, max-snippet:-1, max-image-preview:large, max-video-preview:-1\" \/>\n<link rel=\"canonical\" href=\"https:\/\/cmeded.com\/es\/sarcoma\/understanding-kaposi-sarcoma\/treatment\/\" \/>\n<meta property=\"og:locale\" content=\"es_ES\" \/>\n<meta property=\"og:type\" content=\"article\" \/>\n<meta property=\"og:title\" content=\"CMedEd | Informaci\u00f3n para comprender el sarcoma de Kaposi | Tratamiento\" \/>\n<meta property=\"og:description\" content=\"Tratamiento El tratamiento del sarcoma de Kaposi depende del grado de la enfermedad, la agresividad de esta, y de la presencia de s\u00edntomas que repercutan\" \/>\n<meta property=\"og:url\" content=\"https:\/\/cmeded.com\/es\/sarcoma\/understanding-kaposi-sarcoma\/treatment\/\" \/>\n<meta property=\"og:site_name\" content=\"CMedEd\" \/>\n<meta property=\"article:modified_time\" content=\"2025-05-06T22:37:48+00:00\" \/>\n<meta name=\"twitter:card\" content=\"summary_large_image\" \/>\n<meta name=\"twitter:label1\" content=\"Tiempo de lectura\" \/>\n\t<meta name=\"twitter:data1\" content=\"6 minutos\" \/>\n<script type=\"application\/ld+json\" class=\"yoast-schema-graph\">{\"@context\":\"https:\/\/schema.org\",\"@graph\":[{\"@type\":\"WebPage\",\"@id\":\"https:\/\/cmeded.com\/es\/sarcoma\/understanding-kaposi-sarcoma\/treatment\/\",\"url\":\"https:\/\/cmeded.com\/es\/sarcoma\/understanding-kaposi-sarcoma\/treatment\/\",\"name\":\"CMedEd | Informaci\u00f3n para comprender el sarcoma de Kaposi | Tratamiento\",\"isPartOf\":{\"@id\":\"https:\/\/cmeded.com\/es\/#website\"},\"datePublished\":\"2014-03-17T20:29:55+00:00\",\"dateModified\":\"2025-05-06T22:37:48+00:00\",\"description\":\"Tratamiento El tratamiento del sarcoma de Kaposi depende del grado de la enfermedad, la agresividad de esta, y de la presencia de s\u00edntomas que repercutan\",\"breadcrumb\":{\"@id\":\"https:\/\/cmeded.com\/es\/sarcoma\/understanding-kaposi-sarcoma\/treatment\/#breadcrumb\"},\"inLanguage\":\"es\",\"potentialAction\":[{\"@type\":\"ReadAction\",\"target\":[\"https:\/\/cmeded.com\/es\/sarcoma\/understanding-kaposi-sarcoma\/treatment\/\"]}]},{\"@type\":\"BreadcrumbList\",\"@id\":\"https:\/\/cmeded.com\/es\/sarcoma\/understanding-kaposi-sarcoma\/treatment\/#breadcrumb\",\"itemListElement\":[{\"@type\":\"ListItem\",\"position\":1,\"name\":\"Home\",\"item\":\"https:\/\/cmeded.com\/es\/\"},{\"@type\":\"ListItem\",\"position\":2,\"name\":\"Sarcoma\",\"item\":\"https:\/\/cmeded.com\/es\/sarcoma\/\"},{\"@type\":\"ListItem\",\"position\":3,\"name\":\"Informaci\u00f3n para comprender el sarcoma de Kaposi\",\"item\":\"https:\/\/cmeded.com\/es\/sarcoma\/understanding-kaposi-sarcoma\/\"},{\"@type\":\"ListItem\",\"position\":4,\"name\":\"Tratamiento\"}]},{\"@type\":\"WebSite\",\"@id\":\"https:\/\/cmeded.com\/es\/#website\",\"url\":\"https:\/\/cmeded.com\/es\/\",\"name\":\"CMedEd\",\"description\":\"Recurso principal de informaci\u00f3n sobre el c\u00e1ncer\",\"potentialAction\":[{\"@type\":\"SearchAction\",\"target\":{\"@type\":\"EntryPoint\",\"urlTemplate\":\"https:\/\/cmeded.com\/es\/?s={search_term_string}\"},\"query-input\":{\"@type\":\"PropertyValueSpecification\",\"valueRequired\":true,\"valueName\":\"search_term_string\"}}],\"inLanguage\":\"es\"}]}<\/script>\n<!-- \/ Yoast SEO plugin. -->","yoast_head_json":{"title":"CMedEd | Informaci\u00f3n para comprender el sarcoma de Kaposi | Tratamiento","description":"Tratamiento El tratamiento del sarcoma de Kaposi depende del grado de la enfermedad, la agresividad de esta, y de la presencia de s\u00edntomas que repercutan","robots":{"index":"index","follow":"follow","max-snippet":"max-snippet:-1","max-image-preview":"max-image-preview:large","max-video-preview":"max-video-preview:-1"},"canonical":"https:\/\/cmeded.com\/es\/sarcoma\/understanding-kaposi-sarcoma\/treatment\/","og_locale":"es_ES","og_type":"article","og_title":"CMedEd | Informaci\u00f3n para comprender el sarcoma de Kaposi | Tratamiento","og_description":"Tratamiento El tratamiento del sarcoma de Kaposi depende del grado de la enfermedad, la agresividad de esta, y de la presencia de s\u00edntomas que repercutan","og_url":"https:\/\/cmeded.com\/es\/sarcoma\/understanding-kaposi-sarcoma\/treatment\/","og_site_name":"CMedEd","article_modified_time":"2025-05-06T22:37:48+00:00","twitter_card":"summary_large_image","twitter_misc":{"Tiempo de lectura":"6 minutos"},"schema":{"@context":"https:\/\/schema.org","@graph":[{"@type":"WebPage","@id":"https:\/\/cmeded.com\/es\/sarcoma\/understanding-kaposi-sarcoma\/treatment\/","url":"https:\/\/cmeded.com\/es\/sarcoma\/understanding-kaposi-sarcoma\/treatment\/","name":"CMedEd | Informaci\u00f3n para comprender el sarcoma de Kaposi | Tratamiento","isPartOf":{"@id":"https:\/\/cmeded.com\/es\/#website"},"datePublished":"2014-03-17T20:29:55+00:00","dateModified":"2025-05-06T22:37:48+00:00","description":"Tratamiento El tratamiento del sarcoma de Kaposi depende del grado de la enfermedad, la agresividad de esta, y de la presencia de s\u00edntomas que repercutan","breadcrumb":{"@id":"https:\/\/cmeded.com\/es\/sarcoma\/understanding-kaposi-sarcoma\/treatment\/#breadcrumb"},"inLanguage":"es","potentialAction":[{"@type":"ReadAction","target":["https:\/\/cmeded.com\/es\/sarcoma\/understanding-kaposi-sarcoma\/treatment\/"]}]},{"@type":"BreadcrumbList","@id":"https:\/\/cmeded.com\/es\/sarcoma\/understanding-kaposi-sarcoma\/treatment\/#breadcrumb","itemListElement":[{"@type":"ListItem","position":1,"name":"Home","item":"https:\/\/cmeded.com\/es\/"},{"@type":"ListItem","position":2,"name":"Sarcoma","item":"https:\/\/cmeded.com\/es\/sarcoma\/"},{"@type":"ListItem","position":3,"name":"Informaci\u00f3n para comprender el sarcoma de Kaposi","item":"https:\/\/cmeded.com\/es\/sarcoma\/understanding-kaposi-sarcoma\/"},{"@type":"ListItem","position":4,"name":"Tratamiento"}]},{"@type":"WebSite","@id":"https:\/\/cmeded.com\/es\/#website","url":"https:\/\/cmeded.com\/es\/","name":"CMedEd","description":"Recurso principal de informaci\u00f3n sobre el c\u00e1ncer","potentialAction":[{"@type":"SearchAction","target":{"@type":"EntryPoint","urlTemplate":"https:\/\/cmeded.com\/es\/?s={search_term_string}"},"query-input":{"@type":"PropertyValueSpecification","valueRequired":true,"valueName":"search_term_string"}}],"inLanguage":"es"}]}},"_links":{"self":[{"href":"https:\/\/cmeded.com\/es\/wp-json\/wp\/v2\/pages\/16152","targetHints":{"allow":["GET"]}}],"collection":[{"href":"https:\/\/cmeded.com\/es\/wp-json\/wp\/v2\/pages"}],"about":[{"href":"https:\/\/cmeded.com\/es\/wp-json\/wp\/v2\/types\/page"}],"author":[{"embeddable":true,"href":"https:\/\/cmeded.com\/es\/wp-json\/wp\/v2\/users\/5"}],"replies":[{"embeddable":true,"href":"https:\/\/cmeded.com\/es\/wp-json\/wp\/v2\/comments?post=16152"}],"version-history":[{"count":0,"href":"https:\/\/cmeded.com\/es\/wp-json\/wp\/v2\/pages\/16152\/revisions"}],"up":[{"embeddable":true,"href":"https:\/\/cmeded.com\/es\/wp-json\/wp\/v2\/pages\/16136"}],"wp:attachment":[{"href":"https:\/\/cmeded.com\/es\/wp-json\/wp\/v2\/media?parent=16152"}],"wp:term":[{"taxonomy":"post_tag","embeddable":true,"href":"https:\/\/cmeded.com\/es\/wp-json\/wp\/v2\/tags?post=16152"}],"curies":[{"name":"wp","href":"https:\/\/api.w.org\/{rel}","templated":true}]}}