{"id":16140,"date":"2014-03-17T12:17:01","date_gmt":"2014-03-17T17:17:01","guid":{"rendered":"http:\/\/cmeded.com\/?page_id=16140"},"modified":"2023-08-24T18:48:15","modified_gmt":"2023-08-24T23:48:15","slug":"risk-factors","status":"publish","type":"page","link":"https:\/\/cmeded.com\/es\/sarcoma\/understanding-kaposi-sarcoma\/risk-factors\/","title":{"rendered":"Factores de riesgo"},"content":{"rendered":"<h4 class=\"section-title\">Factores de riesgo<\/h4>\n<p class=\"section-content\">Un factor de riesgo hace referencia a una caracter\u00edstica, una conducta o una afecci\u00f3n que aumenta las posibilidades de contraer una enfermedad.  A continuaci\u00f3n, se detallan los factores de riesgo que contribuyen al desarrollo del sarcoma de Kaposi:<\/p>\n<div class=\"divider\" id=\"\">\n\t\n\t<\/div>\n<div class=\"risk-factor\">\n<div class=\"risk-pic\"><img decoding=\"async\" src=\"\/wp-content\/uploads\/2013\/05\/Human-Herpesvirus8a-150.jpg\" alt=\"Virus del herpes humano tipo 8\" class=\"aligncenter\" style=\"height:100px;\"\/><\/div>\n<div class=\"risk-text\">\n<h5 class=\"section-title\">Virus del herpes humano tipo 8<\/h5>\n<p class=\"section-content\">Todas las formas de sarcomas de Kaposi se deben a una infecci\u00f3n por el VVH-8, tambi\u00e9n llamado \"VHSK\"; sin embargo, no todas las personas que tienen este virus tienen el sarcoma de Kaposi.<\/p>\n<\/div>\n<div class=\"clearboth\"><\/div>\n<\/div>\n<div class=\"divider\" id=\"\">\n\t\n\t<\/div>\n<div class=\"risk-factor\">\n<div class=\"risk-pic\"><img decoding=\"async\" src=\"\/wp-content\/uploads\/2013\/03\/HIVAIDS.png\" class=\"aligncenter\" alt=\"Infecci\u00f3n por el virus de la inmunodeficiencia humana\" style=\"height:100px;\"><\/div>\n<div class=\"risk-text\">\n<h5 class=\"section-title\">Infecci\u00f3n por el virus de la inmunodeficiencia humana<\/h5>\n<p class=\"section-content\">Las personas infectadas por el virus de la inmunodeficiencia humana (VIH) tienen un riesgo mayor de padecer el sarcoma de Kaposi.  El riesgo es incluso mayor en los hombres que tienen relaciones sexuales con otros hombres y que est\u00e1n infectados por el VIH.<\/p>\n<\/div>\n<div class=\"clearboth\"><\/div>\n<\/div>\n<div class=\"divider\" id=\"\">\n\t\n\t<\/div>\n<div class=\"risk-factor\">\n<div class=\"risk-pic\"><div id=\"caption\" style=\"width: 195px\" class=\"wp-caption aligncenter\"><a href=\"\/wp-content\/uploads\/2014\/05\/Kidney-Transplant-PSF.jpg\" title=\"Click Image to Enlarge.\"><img decoding=\"async\" aria-describedby=\"caption-caption\" src=\"\/wp-content\/uploads\/2013\/02\/KidneyTransplant.jpg\" class=\"aligncenter\" alt=\"Inmunodeficiencia\" style=\"height:100px;\"><\/a><p id=\"caption-caption\" class=\"wp-caption-text\">Click Image to Enlarge.<\/p><\/div><\/div>\n<div class=\"risk-text\">\n<h5 class=\"section-title\">Inmunodeficiencia<\/h5>\n<p class=\"section-content\">Un sistema inmunitario debilitado puede aumentar el riesgo de padecer el sarcoma de Kaposi.  Entre las personas con m\u00e1s riesgos, se encuentran aquellas que han recibido un trasplante de \u00f3rganos y toman inmunosupresores para evitar el rechazo del trasplante.<\/p>\n<\/div>\n<div class=\"clearboth\"><\/div>\n<\/div>\n<div class=\"divider\" id=\"\">\n\t\n\t<\/div>\n<div class=\"risk-factor\">\n<div class=\"risk-pic\"><img decoding=\"async\" src=\"\/wp-content\/uploads\/2012\/11\/sex.jpg\" class=\"aligncenter\" alt=\"G\u00e9nero\" style=\"height:115px;\"><\/div>\n<div class=\"risk-text\">\n<h5 class=\"section-title\">G\u00e9nero<\/h5>\n<p class=\"section-content\">Los hombres tienen un riesgo mayor de presentar la mayor\u00eda de las formas de sarcomas de Kaposi en comparaci\u00f3n con las mujeres.<\/p>\n<\/div>\n<div class=\"clearboth\"><\/div>\n<\/div>\n","protected":false},"excerpt":{"rendered":"<p>Factores de riesgo Un factor de riesgo hace referencia a una caracter\u00edstica, una conducta o una afecci\u00f3n que aumenta las posibilidades de contraer una enfermedad. A continuaci\u00f3n, se detallan los factores de riesgo que contribuyen al desarrollo del sarcoma de Kaposi: Virus del herpes humano tipo 8 Todas las formas de sarcomas de Kaposi se [&hellip;]<\/p>\n","protected":false},"author":5,"featured_media":0,"parent":16136,"menu_order":2,"comment_status":"closed","ping_status":"open","template":"template-tumor.php","meta":{"footnotes":""},"tags":[10],"class_list":["post-16140","page","type-page","status-publish","hentry","tag-members-only"],"yoast_head":"<!-- This site is optimized with the Yoast SEO plugin v25.0 - https:\/\/yoast.com\/wordpress\/plugins\/seo\/ -->\n<title>CMedEd | Informaci\u00f3n para comprender el sarcoma de Kaposi | Factores de riesgo<\/title>\n<meta name=\"description\" content=\"Factores de riesgo Un factor de riesgo hace referencia a una caracter\u00edstica, una conducta o una afecci\u00f3n que aumenta las posibilidades de contraer una\" \/>\n<meta name=\"robots\" content=\"index, follow, max-snippet:-1, max-image-preview:large, max-video-preview:-1\" \/>\n<link rel=\"canonical\" href=\"https:\/\/cmeded.com\/es\/sarcoma\/understanding-kaposi-sarcoma\/risk-factors\/\" \/>\n<meta property=\"og:locale\" content=\"es_ES\" \/>\n<meta property=\"og:type\" content=\"article\" \/>\n<meta property=\"og:title\" content=\"CMedEd | Informaci\u00f3n para comprender el sarcoma de Kaposi | Factores de riesgo\" \/>\n<meta property=\"og:description\" content=\"Factores de riesgo Un factor de riesgo hace referencia a una caracter\u00edstica, una conducta o una afecci\u00f3n que aumenta las posibilidades de contraer una\" \/>\n<meta property=\"og:url\" content=\"https:\/\/cmeded.com\/es\/sarcoma\/understanding-kaposi-sarcoma\/risk-factors\/\" \/>\n<meta property=\"og:site_name\" content=\"CMedEd\" \/>\n<meta property=\"article:modified_time\" content=\"2023-08-24T23:48:15+00:00\" \/>\n<meta name=\"twitter:card\" content=\"summary_large_image\" \/>\n<meta name=\"twitter:label1\" content=\"Tiempo de lectura\" \/>\n\t<meta name=\"twitter:data1\" content=\"1 minuto\" \/>\n<script type=\"application\/ld+json\" class=\"yoast-schema-graph\">{\"@context\":\"https:\/\/schema.org\",\"@graph\":[{\"@type\":\"WebPage\",\"@id\":\"https:\/\/cmeded.com\/es\/sarcoma\/understanding-kaposi-sarcoma\/risk-factors\/\",\"url\":\"https:\/\/cmeded.com\/es\/sarcoma\/understanding-kaposi-sarcoma\/risk-factors\/\",\"name\":\"CMedEd | Informaci\u00f3n para comprender el sarcoma de Kaposi | Factores de riesgo\",\"isPartOf\":{\"@id\":\"https:\/\/cmeded.com\/es\/#website\"},\"datePublished\":\"2014-03-17T17:17:01+00:00\",\"dateModified\":\"2023-08-24T23:48:15+00:00\",\"description\":\"Factores de riesgo Un factor de riesgo hace referencia a una caracter\u00edstica, una conducta o una afecci\u00f3n que aumenta las posibilidades de contraer una\",\"breadcrumb\":{\"@id\":\"https:\/\/cmeded.com\/es\/sarcoma\/understanding-kaposi-sarcoma\/risk-factors\/#breadcrumb\"},\"inLanguage\":\"es\",\"potentialAction\":[{\"@type\":\"ReadAction\",\"target\":[\"https:\/\/cmeded.com\/es\/sarcoma\/understanding-kaposi-sarcoma\/risk-factors\/\"]}]},{\"@type\":\"BreadcrumbList\",\"@id\":\"https:\/\/cmeded.com\/es\/sarcoma\/understanding-kaposi-sarcoma\/risk-factors\/#breadcrumb\",\"itemListElement\":[{\"@type\":\"ListItem\",\"position\":1,\"name\":\"Home\",\"item\":\"https:\/\/cmeded.com\/es\/\"},{\"@type\":\"ListItem\",\"position\":2,\"name\":\"Sarcoma\",\"item\":\"https:\/\/cmeded.com\/es\/sarcoma\/\"},{\"@type\":\"ListItem\",\"position\":3,\"name\":\"Informaci\u00f3n para comprender el sarcoma de Kaposi\",\"item\":\"https:\/\/cmeded.com\/es\/sarcoma\/understanding-kaposi-sarcoma\/\"},{\"@type\":\"ListItem\",\"position\":4,\"name\":\"Factores de riesgo\"}]},{\"@type\":\"WebSite\",\"@id\":\"https:\/\/cmeded.com\/es\/#website\",\"url\":\"https:\/\/cmeded.com\/es\/\",\"name\":\"CMedEd\",\"description\":\"Recurso principal de informaci\u00f3n sobre el c\u00e1ncer\",\"potentialAction\":[{\"@type\":\"SearchAction\",\"target\":{\"@type\":\"EntryPoint\",\"urlTemplate\":\"https:\/\/cmeded.com\/es\/?s={search_term_string}\"},\"query-input\":{\"@type\":\"PropertyValueSpecification\",\"valueRequired\":true,\"valueName\":\"search_term_string\"}}],\"inLanguage\":\"es\"}]}<\/script>\n<!-- \/ Yoast SEO plugin. -->","yoast_head_json":{"title":"CMedEd | Informaci\u00f3n para comprender el sarcoma de Kaposi | Factores de riesgo","description":"Factores de riesgo Un factor de riesgo hace referencia a una caracter\u00edstica, una conducta o una afecci\u00f3n que aumenta las posibilidades de contraer una","robots":{"index":"index","follow":"follow","max-snippet":"max-snippet:-1","max-image-preview":"max-image-preview:large","max-video-preview":"max-video-preview:-1"},"canonical":"https:\/\/cmeded.com\/es\/sarcoma\/understanding-kaposi-sarcoma\/risk-factors\/","og_locale":"es_ES","og_type":"article","og_title":"CMedEd | Informaci\u00f3n para comprender el sarcoma de Kaposi | Factores de riesgo","og_description":"Factores de riesgo Un factor de riesgo hace referencia a una caracter\u00edstica, una conducta o una afecci\u00f3n que aumenta las posibilidades de contraer una","og_url":"https:\/\/cmeded.com\/es\/sarcoma\/understanding-kaposi-sarcoma\/risk-factors\/","og_site_name":"CMedEd","article_modified_time":"2023-08-24T23:48:15+00:00","twitter_card":"summary_large_image","twitter_misc":{"Tiempo de lectura":"1 minuto"},"schema":{"@context":"https:\/\/schema.org","@graph":[{"@type":"WebPage","@id":"https:\/\/cmeded.com\/es\/sarcoma\/understanding-kaposi-sarcoma\/risk-factors\/","url":"https:\/\/cmeded.com\/es\/sarcoma\/understanding-kaposi-sarcoma\/risk-factors\/","name":"CMedEd | Informaci\u00f3n para comprender el sarcoma de Kaposi | Factores de riesgo","isPartOf":{"@id":"https:\/\/cmeded.com\/es\/#website"},"datePublished":"2014-03-17T17:17:01+00:00","dateModified":"2023-08-24T23:48:15+00:00","description":"Factores de riesgo Un factor de riesgo hace referencia a una caracter\u00edstica, una conducta o una afecci\u00f3n que aumenta las posibilidades de contraer una","breadcrumb":{"@id":"https:\/\/cmeded.com\/es\/sarcoma\/understanding-kaposi-sarcoma\/risk-factors\/#breadcrumb"},"inLanguage":"es","potentialAction":[{"@type":"ReadAction","target":["https:\/\/cmeded.com\/es\/sarcoma\/understanding-kaposi-sarcoma\/risk-factors\/"]}]},{"@type":"BreadcrumbList","@id":"https:\/\/cmeded.com\/es\/sarcoma\/understanding-kaposi-sarcoma\/risk-factors\/#breadcrumb","itemListElement":[{"@type":"ListItem","position":1,"name":"Home","item":"https:\/\/cmeded.com\/es\/"},{"@type":"ListItem","position":2,"name":"Sarcoma","item":"https:\/\/cmeded.com\/es\/sarcoma\/"},{"@type":"ListItem","position":3,"name":"Informaci\u00f3n para comprender el sarcoma de Kaposi","item":"https:\/\/cmeded.com\/es\/sarcoma\/understanding-kaposi-sarcoma\/"},{"@type":"ListItem","position":4,"name":"Factores de riesgo"}]},{"@type":"WebSite","@id":"https:\/\/cmeded.com\/es\/#website","url":"https:\/\/cmeded.com\/es\/","name":"CMedEd","description":"Recurso principal de informaci\u00f3n sobre el c\u00e1ncer","potentialAction":[{"@type":"SearchAction","target":{"@type":"EntryPoint","urlTemplate":"https:\/\/cmeded.com\/es\/?s={search_term_string}"},"query-input":{"@type":"PropertyValueSpecification","valueRequired":true,"valueName":"search_term_string"}}],"inLanguage":"es"}]}},"_links":{"self":[{"href":"https:\/\/cmeded.com\/es\/wp-json\/wp\/v2\/pages\/16140","targetHints":{"allow":["GET"]}}],"collection":[{"href":"https:\/\/cmeded.com\/es\/wp-json\/wp\/v2\/pages"}],"about":[{"href":"https:\/\/cmeded.com\/es\/wp-json\/wp\/v2\/types\/page"}],"author":[{"embeddable":true,"href":"https:\/\/cmeded.com\/es\/wp-json\/wp\/v2\/users\/5"}],"replies":[{"embeddable":true,"href":"https:\/\/cmeded.com\/es\/wp-json\/wp\/v2\/comments?post=16140"}],"version-history":[{"count":0,"href":"https:\/\/cmeded.com\/es\/wp-json\/wp\/v2\/pages\/16140\/revisions"}],"up":[{"embeddable":true,"href":"https:\/\/cmeded.com\/es\/wp-json\/wp\/v2\/pages\/16136"}],"wp:attachment":[{"href":"https:\/\/cmeded.com\/es\/wp-json\/wp\/v2\/media?parent=16140"}],"wp:term":[{"taxonomy":"post_tag","embeddable":true,"href":"https:\/\/cmeded.com\/es\/wp-json\/wp\/v2\/tags?post=16140"}],"curies":[{"name":"wp","href":"https:\/\/api.w.org\/{rel}","templated":true}]}}