{"id":16137,"date":"2014-03-17T11:34:54","date_gmt":"2014-03-17T16:34:54","guid":{"rendered":"http:\/\/cmeded.com\/?page_id=16137"},"modified":"2023-08-24T18:48:15","modified_gmt":"2023-08-24T23:48:15","slug":"overview","status":"publish","type":"page","link":"https:\/\/cmeded.com\/es\/sarcoma\/understanding-kaposi-sarcoma\/overview\/","title":{"rendered":"Generalidades"},"content":{"rendered":"<h4 class=\"section-title\">\u00bfQu\u00e9 es el sarcoma de Kaposi?<\/h4>\n<p class=\"section-content\">El sarcoma de Kaposi es un tipo de sarcoma de tejido blando que se origina en las c\u00e9lulas inmaduras de las paredes de los vasos sangu\u00edneos y los vasos linf\u00e1ticos.  El sarcoma de Kaposi suele presentarse en forma de lesiones de color rosado, rojo, p\u00farpura o marr\u00f3n, en la piel o la boca, aunque tambi\u00e9n puede afectar las v\u00edsceras, con m\u00e1s frecuencia el tubo digestivo y los pulmones.  Esta enfermedad suele aparecer en personas que padecen SIDA y en aquellas que se encuentran realizando un tratamiento inmunodepresor para recibir un trasplante de \u00f3rganos.  Todas las formas de sarcomas de Kaposi se deben a una infecci\u00f3n por el virus del herpes humano tipo 8 (VVH-8), tambi\u00e9n llamado \"virus del herpes relacionado con el sarcoma de Kaposi\" (VHSK); sin embargo, no todas las personas que tienen este virus tienen el sarcoma de Kaposi.<\/p>\n<div id=\"caption\" style=\"width: 195px\" class=\"wp-caption aligncenter\"><a href=\"\/wp-content\/uploads\/2014\/05\/Kaposis-Sarcoma-Overview-P.jpg\" title=\"Click Image to Enlarge.\"><img decoding=\"async\" aria-describedby=\"caption-caption\" class=\"aligncenter\" alt=\"sarcoma de Kaposi\" src=\"\/wp-content\/uploads\/2014\/05\/Kaposis-Sarcoma-Overview-450.jpg\" \/><\/a><p id=\"caption-caption\" class=\"wp-caption-text\">Click Image to Enlarge.<\/p><\/div>\n<div class=\"clearboth\"><\/div>\n<div class=\"divider\" id=\"\">\n\t\n\t<\/div>\n<h4 class=\"section-title\">Tipos de sarcoma de Kaposi<\/h4>\n<p class=\"section-content\">Existen cuatro tipos diferentes de sarcomas de Kaposi y cada uno se comporta de manera diferente:<\/p>\n<ul class=\"about-content\">\n<li>\n<h5 class=\"section-title\">Cl\u00e1sico<\/h5>\n<p class=\"section-content\">El sarcoma de Kaposi cl\u00e1sico es una forma de la enfermedad de crecimiento lento, que afecta principalmente a hombres mayores de ascendencia mediterr\u00e1nea o jud\u00eda.  Esta enfermedad crece y avanza lentamente y, por lo general, se agrava despu\u00e9s de muchos a\u00f1os.<\/p>\n<\/li>\n<li>\n<h5 class=\"section-title\">Africano<\/h5>\n<p class=\"section-content\">El sarcoma de Kaposi africano es una forma de la enfermedad que afecta generalmente a adultos y ni\u00f1os en \u00c1frica.  Los s\u00edntomas del sarcoma de Kaposi africano pueden ser los mismos que los del sarcoma de Kaposi cl\u00e1sico; o bien, la enfermedad puede ser m\u00e1s agresiva y diseminarse r\u00e1pidamente desde la piel a los huesos u otros \u00f3rganos.<\/p>\n<\/li>\n<li>\n<h5 class=\"section-title\">Relacionado con un trasplante<\/h5>\n<p class=\"section-content\">Esta forma de la enfermedad se produce en personas que han recibido trasplantes de \u00f3rganos y tambi\u00e9n se denomina \"sarcoma de Kaposi relacionado con la inmunodepresi\u00f3n\".  Estas personas toman inmunosupresores para inhibir el sistema inmunitario y evitar que el organismo rechace el \u00f3rgano trasplantado.  Esta forma de la enfermedad afecta generalmente la piel, pero tambi\u00e9n puede desarrollarse en la boca o las v\u00edsceras.<\/p>\n<\/li>\n<li>\n<h5 class=\"section-title\">Relacionado con el SIDA<\/h5>\n<p class=\"section-content\">El sarcoma de Kaposi relacionado con el SIDA, tambi\u00e9n llamado \"sarcoma de Kaposi epid\u00e9mico\", se manifiesta en personas que han contra\u00eddo el s\u00edndrome de inmunodeficiencia adquirida (SIDA).  Esta forma de la enfermedad suele ser m\u00e1s agresiva que las otras y se disemina en el organismo de manera m\u00e1s extensiva.<\/p>\n<\/li>\n<\/ul>\n","protected":false},"excerpt":{"rendered":"<p>\u00bfQu\u00e9 es el sarcoma de Kaposi? El sarcoma de Kaposi es un tipo de sarcoma de tejido blando que se origina en las c\u00e9lulas inmaduras de las paredes de los vasos sangu\u00edneos y los vasos linf\u00e1ticos. El sarcoma de Kaposi suele presentarse en forma de lesiones de color rosado, rojo, p\u00farpura o marr\u00f3n, en la [&hellip;]<\/p>\n","protected":false},"author":5,"featured_media":0,"parent":16136,"menu_order":1,"comment_status":"closed","ping_status":"open","template":"template-tumor.php","meta":{"footnotes":""},"tags":[10],"class_list":["post-16137","page","type-page","status-publish","hentry","tag-members-only"],"yoast_head":"<!-- This site is optimized with the Yoast SEO plugin v25.0 - https:\/\/yoast.com\/wordpress\/plugins\/seo\/ -->\n<title>CMedEd | Informaci\u00f3n para comprender el sarcoma de Kaposi | Generalidades<\/title>\n<meta name=\"description\" content=\"\u00bfQu\u00e9 es el sarcoma de Kaposi? El sarcoma de Kaposi es un tipo de sarcoma de tejido blando que se origina en las c\u00e9lulas inmaduras de las paredes de los\" \/>\n<meta name=\"robots\" content=\"index, follow, max-snippet:-1, max-image-preview:large, max-video-preview:-1\" \/>\n<link rel=\"canonical\" href=\"https:\/\/cmeded.com\/es\/sarcoma\/understanding-kaposi-sarcoma\/overview\/\" \/>\n<meta property=\"og:locale\" content=\"es_ES\" \/>\n<meta property=\"og:type\" content=\"article\" \/>\n<meta property=\"og:title\" content=\"CMedEd | Informaci\u00f3n para comprender el sarcoma de Kaposi | Generalidades\" \/>\n<meta property=\"og:description\" content=\"\u00bfQu\u00e9 es el sarcoma de Kaposi? El sarcoma de Kaposi es un tipo de sarcoma de tejido blando que se origina en las c\u00e9lulas inmaduras de las paredes de los\" \/>\n<meta property=\"og:url\" content=\"https:\/\/cmeded.com\/es\/sarcoma\/understanding-kaposi-sarcoma\/overview\/\" \/>\n<meta property=\"og:site_name\" content=\"CMedEd\" \/>\n<meta property=\"article:modified_time\" content=\"2023-08-24T23:48:15+00:00\" \/>\n<meta name=\"twitter:card\" content=\"summary_large_image\" \/>\n<meta name=\"twitter:label1\" content=\"Tiempo de lectura\" \/>\n\t<meta name=\"twitter:data1\" content=\"2 minutos\" \/>\n<script type=\"application\/ld+json\" class=\"yoast-schema-graph\">{\"@context\":\"https:\/\/schema.org\",\"@graph\":[{\"@type\":\"WebPage\",\"@id\":\"https:\/\/cmeded.com\/es\/sarcoma\/understanding-kaposi-sarcoma\/overview\/\",\"url\":\"https:\/\/cmeded.com\/es\/sarcoma\/understanding-kaposi-sarcoma\/overview\/\",\"name\":\"CMedEd | Informaci\u00f3n para comprender el sarcoma de Kaposi | Generalidades\",\"isPartOf\":{\"@id\":\"https:\/\/cmeded.com\/es\/#website\"},\"datePublished\":\"2014-03-17T16:34:54+00:00\",\"dateModified\":\"2023-08-24T23:48:15+00:00\",\"description\":\"\u00bfQu\u00e9 es el sarcoma de Kaposi? El sarcoma de Kaposi es un tipo de sarcoma de tejido blando que se origina en las c\u00e9lulas inmaduras de las paredes de los\",\"breadcrumb\":{\"@id\":\"https:\/\/cmeded.com\/es\/sarcoma\/understanding-kaposi-sarcoma\/overview\/#breadcrumb\"},\"inLanguage\":\"es\",\"potentialAction\":[{\"@type\":\"ReadAction\",\"target\":[\"https:\/\/cmeded.com\/es\/sarcoma\/understanding-kaposi-sarcoma\/overview\/\"]}]},{\"@type\":\"BreadcrumbList\",\"@id\":\"https:\/\/cmeded.com\/es\/sarcoma\/understanding-kaposi-sarcoma\/overview\/#breadcrumb\",\"itemListElement\":[{\"@type\":\"ListItem\",\"position\":1,\"name\":\"Home\",\"item\":\"https:\/\/cmeded.com\/es\/\"},{\"@type\":\"ListItem\",\"position\":2,\"name\":\"Sarcoma\",\"item\":\"https:\/\/cmeded.com\/es\/sarcoma\/\"},{\"@type\":\"ListItem\",\"position\":3,\"name\":\"Informaci\u00f3n para comprender el sarcoma de Kaposi\",\"item\":\"https:\/\/cmeded.com\/es\/sarcoma\/understanding-kaposi-sarcoma\/\"},{\"@type\":\"ListItem\",\"position\":4,\"name\":\"Generalidades\"}]},{\"@type\":\"WebSite\",\"@id\":\"https:\/\/cmeded.com\/es\/#website\",\"url\":\"https:\/\/cmeded.com\/es\/\",\"name\":\"CMedEd\",\"description\":\"Recurso principal de informaci\u00f3n sobre el c\u00e1ncer\",\"potentialAction\":[{\"@type\":\"SearchAction\",\"target\":{\"@type\":\"EntryPoint\",\"urlTemplate\":\"https:\/\/cmeded.com\/es\/?s={search_term_string}\"},\"query-input\":{\"@type\":\"PropertyValueSpecification\",\"valueRequired\":true,\"valueName\":\"search_term_string\"}}],\"inLanguage\":\"es\"}]}<\/script>\n<!-- \/ Yoast SEO plugin. -->","yoast_head_json":{"title":"CMedEd | Informaci\u00f3n para comprender el sarcoma de Kaposi | Generalidades","description":"\u00bfQu\u00e9 es el sarcoma de Kaposi? El sarcoma de Kaposi es un tipo de sarcoma de tejido blando que se origina en las c\u00e9lulas inmaduras de las paredes de los","robots":{"index":"index","follow":"follow","max-snippet":"max-snippet:-1","max-image-preview":"max-image-preview:large","max-video-preview":"max-video-preview:-1"},"canonical":"https:\/\/cmeded.com\/es\/sarcoma\/understanding-kaposi-sarcoma\/overview\/","og_locale":"es_ES","og_type":"article","og_title":"CMedEd | Informaci\u00f3n para comprender el sarcoma de Kaposi | Generalidades","og_description":"\u00bfQu\u00e9 es el sarcoma de Kaposi? El sarcoma de Kaposi es un tipo de sarcoma de tejido blando que se origina en las c\u00e9lulas inmaduras de las paredes de los","og_url":"https:\/\/cmeded.com\/es\/sarcoma\/understanding-kaposi-sarcoma\/overview\/","og_site_name":"CMedEd","article_modified_time":"2023-08-24T23:48:15+00:00","twitter_card":"summary_large_image","twitter_misc":{"Tiempo de lectura":"2 minutos"},"schema":{"@context":"https:\/\/schema.org","@graph":[{"@type":"WebPage","@id":"https:\/\/cmeded.com\/es\/sarcoma\/understanding-kaposi-sarcoma\/overview\/","url":"https:\/\/cmeded.com\/es\/sarcoma\/understanding-kaposi-sarcoma\/overview\/","name":"CMedEd | Informaci\u00f3n para comprender el sarcoma de Kaposi | Generalidades","isPartOf":{"@id":"https:\/\/cmeded.com\/es\/#website"},"datePublished":"2014-03-17T16:34:54+00:00","dateModified":"2023-08-24T23:48:15+00:00","description":"\u00bfQu\u00e9 es el sarcoma de Kaposi? El sarcoma de Kaposi es un tipo de sarcoma de tejido blando que se origina en las c\u00e9lulas inmaduras de las paredes de los","breadcrumb":{"@id":"https:\/\/cmeded.com\/es\/sarcoma\/understanding-kaposi-sarcoma\/overview\/#breadcrumb"},"inLanguage":"es","potentialAction":[{"@type":"ReadAction","target":["https:\/\/cmeded.com\/es\/sarcoma\/understanding-kaposi-sarcoma\/overview\/"]}]},{"@type":"BreadcrumbList","@id":"https:\/\/cmeded.com\/es\/sarcoma\/understanding-kaposi-sarcoma\/overview\/#breadcrumb","itemListElement":[{"@type":"ListItem","position":1,"name":"Home","item":"https:\/\/cmeded.com\/es\/"},{"@type":"ListItem","position":2,"name":"Sarcoma","item":"https:\/\/cmeded.com\/es\/sarcoma\/"},{"@type":"ListItem","position":3,"name":"Informaci\u00f3n para comprender el sarcoma de Kaposi","item":"https:\/\/cmeded.com\/es\/sarcoma\/understanding-kaposi-sarcoma\/"},{"@type":"ListItem","position":4,"name":"Generalidades"}]},{"@type":"WebSite","@id":"https:\/\/cmeded.com\/es\/#website","url":"https:\/\/cmeded.com\/es\/","name":"CMedEd","description":"Recurso principal de informaci\u00f3n sobre el c\u00e1ncer","potentialAction":[{"@type":"SearchAction","target":{"@type":"EntryPoint","urlTemplate":"https:\/\/cmeded.com\/es\/?s={search_term_string}"},"query-input":{"@type":"PropertyValueSpecification","valueRequired":true,"valueName":"search_term_string"}}],"inLanguage":"es"}]}},"_links":{"self":[{"href":"https:\/\/cmeded.com\/es\/wp-json\/wp\/v2\/pages\/16137","targetHints":{"allow":["GET"]}}],"collection":[{"href":"https:\/\/cmeded.com\/es\/wp-json\/wp\/v2\/pages"}],"about":[{"href":"https:\/\/cmeded.com\/es\/wp-json\/wp\/v2\/types\/page"}],"author":[{"embeddable":true,"href":"https:\/\/cmeded.com\/es\/wp-json\/wp\/v2\/users\/5"}],"replies":[{"embeddable":true,"href":"https:\/\/cmeded.com\/es\/wp-json\/wp\/v2\/comments?post=16137"}],"version-history":[{"count":0,"href":"https:\/\/cmeded.com\/es\/wp-json\/wp\/v2\/pages\/16137\/revisions"}],"up":[{"embeddable":true,"href":"https:\/\/cmeded.com\/es\/wp-json\/wp\/v2\/pages\/16136"}],"wp:attachment":[{"href":"https:\/\/cmeded.com\/es\/wp-json\/wp\/v2\/media?parent=16137"}],"wp:term":[{"taxonomy":"post_tag","embeddable":true,"href":"https:\/\/cmeded.com\/es\/wp-json\/wp\/v2\/tags?post=16137"}],"curies":[{"name":"wp","href":"https:\/\/api.w.org\/{rel}","templated":true}]}}