{"id":16115,"date":"2014-03-14T17:01:44","date_gmt":"2014-03-14T22:01:44","guid":{"rendered":"http:\/\/cmeded.wpengine.com\/?page_id=16115"},"modified":"2023-08-24T18:50:20","modified_gmt":"2023-08-24T23:50:20","slug":"diagnosis","status":"publish","type":"page","link":"https:\/\/cmeded.com\/es\/gynecological\/understanding-vaginal-cancer\/diagnosis\/","title":{"rendered":"Diagn\u00f3stico"},"content":{"rendered":"<h4 class=\"section-title\">Diagn\u00f3stico<\/h4>\n<p class=\"section-content\">Si usted tiene alguno de los s\u00edntomas de c\u00e1ncer de vagina, el m\u00e9dico la examinar\u00e1 completamente y le har\u00e1 algunas preguntas sobre su estado de salud general, su estilo de vida y sus antecedentes familiares.  El m\u00e9dico puede realizarle un examen p\u00e9lvico o una prueba de Papanicolaou para detectar cualquier anomal\u00eda.  Si estos ex\u00e1menes sugieren la posibilidad de c\u00e1ncer de vagina, tal vez le solicite pruebas adicionales.  A continuaci\u00f3n, se detallan algunas de las pruebas que el m\u00e9dico puede recomendarle para detectar y diagnosticar el c\u00e1ncer de vagina:<\/p>\n<div class=\"divider\" id=\"\">\n\t\n\t<\/div>\n<div class=\"risk-factor\">\n<div class=\"symp-pic\"><img decoding=\"async\" src=\"\/wp-content\/uploads\/2021\/05\/asian-doctor.jpg\" class=\"aligncenter\" alt=\"Examen p\u00e9lvico\" style=\"height:150px\" \/><\/div>\n<div class=\"risk-text-wrap\">\n<h5 class=\"section-title\">Examen p\u00e9lvico<\/h5>\n<p class=\"section-content\">El m\u00e9dico utilizar\u00e1 un instrumento llamado \"esp\u00e9culo\" para abrir la vagina y, as\u00ed, ver la vagina y el cuello uterino.  El m\u00e9dico palpar\u00e1 el interior de la vagina y del recto de la paciente con un dedo, utilizando un guante lubricado, para verificar la presencia de cualquier crecimiento o anomal\u00eda en la vagina o en los \u00f3rganos cercanos.  Un tacto rectal es importante, ya que le permite al m\u00e9dico palpar la pelvis en profundidad para verificar la presencia de cualquier crecimiento que pudiera no haberse palpado en el tacto vaginal.<\/p>\n<\/div>\n<div class=\"clearboth\"><\/div>\n<\/div>\n<div class=\"divider\" id=\"\">\n\t\n\t<\/div>\n<div class=\"risk-factor\">\n<div class=\"symp-pic\"><img decoding=\"async\" src=\"\/wp-content\/uploads\/2013\/03\/Mucus160v.jpg\" class=\"aligncenter\" alt=\"Prueba de Papanicolaou\" style=\"max-height:125px\" \/><\/div>\n<div class=\"risk-text-wrap\">\n<h5 class=\"section-title\">Prueba de Papanicolaou<\/h5>\n<p class=\"section-content\">Este procedimiento consiste en raspar c\u00e9lulas de la superficie de la vagina y del cuello uterino con un cepillo especial.  El m\u00e9dico luego env\u00eda las c\u00e9lulas al laboratorio para que se analicen al microscopio y se determine si hay alguna anomal\u00eda.<\/p>\n<\/div>\n<div class=\"clearboth\"><\/div>\n<\/div>\n<div class=\"divider\" id=\"\">\n\t\n\t<\/div>\n<div class=\"risk-factor\">\n<div class=\"symp-pic\"><div id=\"caption\" style=\"width: 210px\" class=\"wp-caption aligncenter\"><a href=\"\/wp-content\/uploads\/sites\/4\/2015\/06\/colposcopy-es.jpg\" title=\"Click Image to Enlarge.\"><img decoding=\"async\" aria-describedby=\"caption-caption\" src=\"\/wp-content\/uploads\/sites\/4\/2015\/06\/colposcopy-es.jpg\" class=\"aligncenter\" alt=\"Colposcop\u00eda\" style=\"height:150px\" \/><\/a><p id=\"caption-caption\" class=\"wp-caption-text\">Click Image to Enlarge.<\/p><\/div><\/div>\n<div class=\"risk-text-wrap\">\n<h5 class=\"section-title\">Colposcop\u00eda<\/h5>\n<p class=\"section-content\">El m\u00e9dico utiliza un dispositivo llamado \"colposcopio\" para examinar la superficie del cuello uterino y de la vagina. Un colposcopio es un dispositivo con lentes binoculares de aumento que le permiten al m\u00e9dico examinar el cuello uterino y la vagina desde fuera del cuerpo durante una examinaci\u00f3n con esp\u00e9culo.  Para identificar las c\u00e9lulas an\u00f3malas, se aplicar\u00e1 una soluci\u00f3n especial (\u00e1cido ac\u00e9tico) en el cuello uterino y la vagina.<\/p>\n<\/div>\n<div class=\"clearboth\"><\/div>\n<\/div>\n<div class=\"divider\" id=\"\">\n\t\n\t<\/div>\n<div class=\"risk-factor\">\n<div class=\"symp-pic\"><img decoding=\"async\" src=\"\/wp-content\/uploads\/2013\/03\/Pathologist-285x200.jpg\" class=\"aligncenter\" alt=\"Biopsia\" style=\"max-height:150px\" \/><\/div>\n<div class=\"risk-text-wrap\">\n<h5 class=\"section-title\">Biopsia<\/h5>\n<p class=\"section-content\">La biopsia constituye la \u00fanica manera de comprobar la presencia de c\u00e1ncer.  Si el m\u00e9dico advierte la presencia de anomal\u00edas durante la colposcop\u00eda o el examen p\u00e9lvico, utilizar\u00e1 pinzas de biopsia para extraer una muestra de tejido an\u00f3malo.  M\u00e1s tarde, enviar\u00e1 la muestra al laboratorio para que la analicen al microscopio.<\/p>\n<\/div>\n<div class=\"clearboth\"><\/div>\n<\/div>\n<div class=\"divider\" id=\"\">\n\t\n\t<\/div>\n<div class=\"risk-factor\">\n<div class=\"symp-pic\"><img decoding=\"async\" src=\"\/wp-content\/uploads\/2013\/01\/Xray.jpg\" class=\"aligncenter\" alt=\"Radiograf\u00eda de t\u00f3rax\" style=\"height:150px\" \/><\/div>\n<div class=\"risk-text-wrap\">\n<h5 class=\"section-title\">Radiograf\u00eda de t\u00f3rax<\/h5>\n<p class=\"section-content\">En las radiograf\u00edas, se emplea radiaci\u00f3n electromagn\u00e9tica para producir im\u00e1genes del interior del cuerpo. El m\u00e9dico puede solicitar una radiograf\u00eda de t\u00f3rax para verificar si el c\u00e1ncer se ha diseminado a los pulmones.<\/p>\n<\/div>\n<div class=\"clearboth\"><\/div>\n<\/div>\n<div class=\"divider\" id=\"\">\n\t\n\t<\/div>\n<div class=\"risk-factor\">\n<div class=\"symp-pic\"><div id=\"caption\" style=\"width: 243px\" class=\"wp-caption aligncenter\"><a href='\/wp-content\/uploads\/2016\/06\/CT.jpg' title='Go to enlarged image.'><img aria-describedby=\"caption-caption\" src='\/wp-content\/uploads\/2016\/06\/CT.jpg' class='aligncenter' alt='Tomograf\u00eda computarizada' style='height:150px' \/><\/a><p id=\"caption-caption\" class=\"wp-caption-text\">Click Image to Enlarge.<\/p><\/div><\/div>\n<div class=\"risk-text-wrap\">\n<h5 class=\"section-title\">Tomograf\u00eda computarizada<\/h5>\n<p class=\"section-content\">En una tomograf\u00eda computarizada (TC), se utilizan radiograf\u00edas para producir una imagen del cuerpo. Es posible que le inyecten un colorante especial en las venas y que deba beber un l\u00edquido especial para que resalten las v\u00edsceras. Una TC revela la presencia de tumores y permite detectar si el c\u00e1ncer se disemin\u00f3 a otras partes del cuerpo.<\/p>\n<\/div>\n<div class=\"clearboth\"><\/div>\n<\/div>\n<div class=\"divider\" id=\"\">\n\t\n\t<\/div>\n<div class=\"risk-factor\">\n<div class=\"symp-pic\"><div id=\"caption\" style=\"width: 243px\" class=\"wp-caption aligncenter\"><a href='\/wp-content\/uploads\/2016\/06\/MRI.jpg' title='Go to enlarged image.'><img aria-describedby=\"caption-caption\" src='\/wp-content\/uploads\/2016\/06\/MRI.jpg' class='aligncenter' alt='Resonancia magn\u00e9tica' style='height:150px' \/><\/a><p id=\"caption-caption\" class=\"wp-caption-text\">Click Image to Enlarge.<\/p><\/div><\/div>\n<div class=\"risk-text-wrap\">\n<h5 class=\"section-title\">Resonancia magn\u00e9tica<\/h5>\n<p class=\"section-content\">En una resonancia magn\u00e9tica (RM), se emplean ondas de radio y un im\u00e1n potente para crear im\u00e1genes detalladas de las distintas partes de su cuerpo.  El organismo absorbe las ondas de radio, que se liberan siguiendo un patr\u00f3n determinado que es interpretado por una computadora para mostrar cortes de su cuerpo humano.  Las RM son muy \u00fatiles para detectar tumores en la pelvis, as\u00ed como ganglios linf\u00e1ticos p\u00e9lvicos dilatados.<\/p>\n<\/div>\n<div class=\"clearboth\"><\/div>\n<\/div>\n<div class=\"divider\" id=\"\">\n\t\n\t<\/div>\n<div class=\"risk-factor\">\n<div class=\"symp-pic\"><div id=\"caption\" style=\"width: 243px\" class=\"wp-caption aligncenter\"><a href='\/wp-content\/uploads\/2016\/06\/PET.jpg' title='Go to enlarged image.'><img aria-describedby=\"caption-caption\" src='\/wp-content\/uploads\/2016\/06\/PET.jpg' class='aligncenter' alt='Tomograf\u00eda por emisi\u00f3n de positrones' style='height:150px' \/><\/a><p id=\"caption-caption\" class=\"wp-caption-text\">Click Image to Enlarge.<\/p><\/div><\/div>\n<div class=\"risk-text-wrap\">\n<h5 class=\"section-title\">Tomograf\u00eda por emisi\u00f3n de positrones<\/h5>\n<p class=\"section-content\">Para realizar una tomograf\u00eda por emisi\u00f3n de positrones (TEP), el m\u00e9dico inyecta una sustancia radiactiva en su torrente circulatorio. Esta sustancia se acumula en las c\u00e9lulas malignas (cancerosas) del organismo. El m\u00e9dico luego utiliza un tom\u00f3grafo para detectar estas \u00e1reas de radioactividad y encontrar la ubicaci\u00f3n exacta del c\u00e1ncer en el organismo de la paciente. Este estudio puede ser juntado con una tomograf\u00eda computarizada para localizar el c\u00e1ncer completamente.<\/p>\n<\/div>\n<div class=\"clearboth\"><\/div>\n<\/div>\n<div class=\"divider\" id=\"\">\n\t\n\t<\/div>\n<div class=\"risk-factor\">\n<div class=\"symp-pic\"><div id=\"caption\" style=\"width: 210px\" class=\"wp-caption aligncenter\"><a href=\"\/wp-content\/uploads\/sites\/4\/2015\/06\/Cystoscopy-es.jpg\" title=\"Click Image to Enlarge.\"><img decoding=\"async\" aria-describedby=\"caption-caption\" src=\"\/wp-content\/uploads\/sites\/4\/2015\/06\/Cystoscopy-es.jpg\" class=\"aligncenter\" alt=\"Cistoscop\u00eda\" style=\"max-height:150px\" \/><\/a><p id=\"caption-caption\" class=\"wp-caption-text\">Click Image to Enlarge.<\/p><\/div><\/div>\n<div class=\"risk-text-wrap\">\n<h5 class=\"section-title\">Cistoscop\u00eda<\/h5>\n<p class=\"section-content\">El m\u00e9dico puede recomendar una cistoscop\u00eda para determinar si el c\u00e1ncer de vagina ha invadido la vejiga. En una cistoscop\u00eda, el m\u00e9dico introduce una sonda delgada con una c\u00e1mara y una luz en un extremo dentro de la uretra, y la utiliza para examinar la vejiga. El m\u00e9dico puede tomar una muestra para realizar una biopsia durante este procedimiento.<\/p>\n<\/div>\n<div class=\"clearboth\"><\/div>\n<\/div>\n<div class=\"divider\" id=\"\">\n\t\n\t<\/div>\n<div class=\"risk-factor\">\n<div class=\"symp-pic\"><div id=\"caption\" style=\"width: 210px\" class=\"wp-caption aligncenter\"><a href=\"\/wp-content\/uploads\/sites\/4\/2015\/06\/Proctoscopy-es.jpg\" title=\"Click Image to Enlarge.\"><img decoding=\"async\" aria-describedby=\"caption-caption\" src=\"\/wp-content\/uploads\/sites\/4\/2015\/06\/Proctoscopy-es.jpg\" class=\"aligncenter\" alt=\"Rectoscop\u00eda\" style=\"max-height:150px\" \/><\/a><p id=\"caption-caption\" class=\"wp-caption-text\">Click Image to Enlarge.<\/p><\/div><\/div>\n<div class=\"risk-text-wrap\">\n<h5 class=\"section-title\">Rectoscop\u00eda<\/h5>\n<p class=\"section-content\">El m\u00e9dico puede recomendar una rectoscop\u00eda para determinar si el c\u00e1ncer de vagina ha invadido el recto. En una rectoscop\u00eda, el m\u00e9dico introduce una sonda delgada con una c\u00e1mara y una luz en un extremo dentro del recto, y la utiliza para examinar el recto y el colon. El m\u00e9dico puede tomar una muestra para realizar una biopsia durante este procedimiento.<\/p>\n<\/div>\n<div class=\"clearboth\"><\/div>\n<\/div>\n","protected":false},"excerpt":{"rendered":"<p>Diagn\u00f3stico Si usted tiene alguno de los s\u00edntomas de c\u00e1ncer de vagina, el m\u00e9dico la examinar\u00e1 completamente y le har\u00e1 algunas preguntas sobre su estado de salud general, su estilo de vida y sus antecedentes familiares. El m\u00e9dico puede realizarle un examen p\u00e9lvico o una prueba de Papanicolaou para detectar cualquier anomal\u00eda. Si estos ex\u00e1menes [&hellip;]<\/p>\n","protected":false},"author":5,"featured_media":0,"parent":16107,"menu_order":4,"comment_status":"closed","ping_status":"open","template":"template-tumor.php","meta":{"footnotes":""},"tags":[10],"class_list":["post-16115","page","type-page","status-publish","hentry","tag-members-only"],"yoast_head":"<!-- This site is optimized with the Yoast SEO plugin v25.0 - https:\/\/yoast.com\/wordpress\/plugins\/seo\/ -->\n<title>CMedEd | Informaci\u00f3n para comprender el c\u00e1ncer de vagina | Diagn\u00f3stico<\/title>\n<meta name=\"description\" content=\"Diagn\u00f3stico Si usted tiene alguno de los s\u00edntomas de c\u00e1ncer de vagina, el m\u00e9dico la examinar\u00e1 completamente y le har\u00e1 algunas preguntas sobre su estado de\" \/>\n<meta name=\"robots\" content=\"index, follow, max-snippet:-1, max-image-preview:large, max-video-preview:-1\" \/>\n<link rel=\"canonical\" href=\"https:\/\/cmeded.com\/es\/gynecological\/understanding-vaginal-cancer\/diagnosis\/\" \/>\n<meta property=\"og:locale\" content=\"es_ES\" \/>\n<meta property=\"og:type\" content=\"article\" \/>\n<meta property=\"og:title\" content=\"CMedEd | Informaci\u00f3n para comprender el c\u00e1ncer de vagina | Diagn\u00f3stico\" \/>\n<meta property=\"og:description\" content=\"Diagn\u00f3stico Si usted tiene alguno de los s\u00edntomas de c\u00e1ncer de vagina, el m\u00e9dico la examinar\u00e1 completamente y le har\u00e1 algunas preguntas sobre su estado de\" \/>\n<meta property=\"og:url\" content=\"https:\/\/cmeded.com\/es\/gynecological\/understanding-vaginal-cancer\/diagnosis\/\" \/>\n<meta property=\"og:site_name\" content=\"CMedEd\" \/>\n<meta property=\"article:modified_time\" content=\"2023-08-24T23:50:20+00:00\" \/>\n<meta name=\"twitter:card\" content=\"summary_large_image\" \/>\n<meta name=\"twitter:label1\" content=\"Tiempo de lectura\" \/>\n\t<meta name=\"twitter:data1\" content=\"4 minutos\" \/>\n<script type=\"application\/ld+json\" class=\"yoast-schema-graph\">{\"@context\":\"https:\/\/schema.org\",\"@graph\":[{\"@type\":\"WebPage\",\"@id\":\"https:\/\/cmeded.com\/es\/gynecological\/understanding-vaginal-cancer\/diagnosis\/\",\"url\":\"https:\/\/cmeded.com\/es\/gynecological\/understanding-vaginal-cancer\/diagnosis\/\",\"name\":\"CMedEd | Informaci\u00f3n para comprender el c\u00e1ncer de vagina | Diagn\u00f3stico\",\"isPartOf\":{\"@id\":\"https:\/\/cmeded.com\/es\/#website\"},\"datePublished\":\"2014-03-14T22:01:44+00:00\",\"dateModified\":\"2023-08-24T23:50:20+00:00\",\"description\":\"Diagn\u00f3stico Si usted tiene alguno de los s\u00edntomas de c\u00e1ncer de vagina, el m\u00e9dico la examinar\u00e1 completamente y le har\u00e1 algunas preguntas sobre su estado de\",\"breadcrumb\":{\"@id\":\"https:\/\/cmeded.com\/es\/gynecological\/understanding-vaginal-cancer\/diagnosis\/#breadcrumb\"},\"inLanguage\":\"es\",\"potentialAction\":[{\"@type\":\"ReadAction\",\"target\":[\"https:\/\/cmeded.com\/es\/gynecological\/understanding-vaginal-cancer\/diagnosis\/\"]}]},{\"@type\":\"BreadcrumbList\",\"@id\":\"https:\/\/cmeded.com\/es\/gynecological\/understanding-vaginal-cancer\/diagnosis\/#breadcrumb\",\"itemListElement\":[{\"@type\":\"ListItem\",\"position\":1,\"name\":\"Home\",\"item\":\"https:\/\/cmeded.com\/es\/\"},{\"@type\":\"ListItem\",\"position\":2,\"name\":\"Ginecol\u00f3gico\",\"item\":\"https:\/\/cmeded.com\/es\/gynecological\/\"},{\"@type\":\"ListItem\",\"position\":3,\"name\":\"Informaci\u00f3n para comprender el c\u00e1ncer de vagina\",\"item\":\"https:\/\/cmeded.com\/es\/gynecological\/understanding-vaginal-cancer\/\"},{\"@type\":\"ListItem\",\"position\":4,\"name\":\"Diagn\u00f3stico\"}]},{\"@type\":\"WebSite\",\"@id\":\"https:\/\/cmeded.com\/es\/#website\",\"url\":\"https:\/\/cmeded.com\/es\/\",\"name\":\"CMedEd\",\"description\":\"Recurso principal de informaci\u00f3n sobre el c\u00e1ncer\",\"potentialAction\":[{\"@type\":\"SearchAction\",\"target\":{\"@type\":\"EntryPoint\",\"urlTemplate\":\"https:\/\/cmeded.com\/es\/?s={search_term_string}\"},\"query-input\":{\"@type\":\"PropertyValueSpecification\",\"valueRequired\":true,\"valueName\":\"search_term_string\"}}],\"inLanguage\":\"es\"}]}<\/script>\n<!-- \/ Yoast SEO plugin. -->","yoast_head_json":{"title":"CMedEd | Informaci\u00f3n para comprender el c\u00e1ncer de vagina | Diagn\u00f3stico","description":"Diagn\u00f3stico Si usted tiene alguno de los s\u00edntomas de c\u00e1ncer de vagina, el m\u00e9dico la examinar\u00e1 completamente y le har\u00e1 algunas preguntas sobre su estado de","robots":{"index":"index","follow":"follow","max-snippet":"max-snippet:-1","max-image-preview":"max-image-preview:large","max-video-preview":"max-video-preview:-1"},"canonical":"https:\/\/cmeded.com\/es\/gynecological\/understanding-vaginal-cancer\/diagnosis\/","og_locale":"es_ES","og_type":"article","og_title":"CMedEd | Informaci\u00f3n para comprender el c\u00e1ncer de vagina | Diagn\u00f3stico","og_description":"Diagn\u00f3stico Si usted tiene alguno de los s\u00edntomas de c\u00e1ncer de vagina, el m\u00e9dico la examinar\u00e1 completamente y le har\u00e1 algunas preguntas sobre su estado de","og_url":"https:\/\/cmeded.com\/es\/gynecological\/understanding-vaginal-cancer\/diagnosis\/","og_site_name":"CMedEd","article_modified_time":"2023-08-24T23:50:20+00:00","twitter_card":"summary_large_image","twitter_misc":{"Tiempo de lectura":"4 minutos"},"schema":{"@context":"https:\/\/schema.org","@graph":[{"@type":"WebPage","@id":"https:\/\/cmeded.com\/es\/gynecological\/understanding-vaginal-cancer\/diagnosis\/","url":"https:\/\/cmeded.com\/es\/gynecological\/understanding-vaginal-cancer\/diagnosis\/","name":"CMedEd | Informaci\u00f3n para comprender el c\u00e1ncer de vagina | Diagn\u00f3stico","isPartOf":{"@id":"https:\/\/cmeded.com\/es\/#website"},"datePublished":"2014-03-14T22:01:44+00:00","dateModified":"2023-08-24T23:50:20+00:00","description":"Diagn\u00f3stico Si usted tiene alguno de los s\u00edntomas de c\u00e1ncer de vagina, el m\u00e9dico la examinar\u00e1 completamente y le har\u00e1 algunas preguntas sobre su estado de","breadcrumb":{"@id":"https:\/\/cmeded.com\/es\/gynecological\/understanding-vaginal-cancer\/diagnosis\/#breadcrumb"},"inLanguage":"es","potentialAction":[{"@type":"ReadAction","target":["https:\/\/cmeded.com\/es\/gynecological\/understanding-vaginal-cancer\/diagnosis\/"]}]},{"@type":"BreadcrumbList","@id":"https:\/\/cmeded.com\/es\/gynecological\/understanding-vaginal-cancer\/diagnosis\/#breadcrumb","itemListElement":[{"@type":"ListItem","position":1,"name":"Home","item":"https:\/\/cmeded.com\/es\/"},{"@type":"ListItem","position":2,"name":"Ginecol\u00f3gico","item":"https:\/\/cmeded.com\/es\/gynecological\/"},{"@type":"ListItem","position":3,"name":"Informaci\u00f3n para comprender el c\u00e1ncer de vagina","item":"https:\/\/cmeded.com\/es\/gynecological\/understanding-vaginal-cancer\/"},{"@type":"ListItem","position":4,"name":"Diagn\u00f3stico"}]},{"@type":"WebSite","@id":"https:\/\/cmeded.com\/es\/#website","url":"https:\/\/cmeded.com\/es\/","name":"CMedEd","description":"Recurso principal de informaci\u00f3n sobre el c\u00e1ncer","potentialAction":[{"@type":"SearchAction","target":{"@type":"EntryPoint","urlTemplate":"https:\/\/cmeded.com\/es\/?s={search_term_string}"},"query-input":{"@type":"PropertyValueSpecification","valueRequired":true,"valueName":"search_term_string"}}],"inLanguage":"es"}]}},"_links":{"self":[{"href":"https:\/\/cmeded.com\/es\/wp-json\/wp\/v2\/pages\/16115","targetHints":{"allow":["GET"]}}],"collection":[{"href":"https:\/\/cmeded.com\/es\/wp-json\/wp\/v2\/pages"}],"about":[{"href":"https:\/\/cmeded.com\/es\/wp-json\/wp\/v2\/types\/page"}],"author":[{"embeddable":true,"href":"https:\/\/cmeded.com\/es\/wp-json\/wp\/v2\/users\/5"}],"replies":[{"embeddable":true,"href":"https:\/\/cmeded.com\/es\/wp-json\/wp\/v2\/comments?post=16115"}],"version-history":[{"count":0,"href":"https:\/\/cmeded.com\/es\/wp-json\/wp\/v2\/pages\/16115\/revisions"}],"up":[{"embeddable":true,"href":"https:\/\/cmeded.com\/es\/wp-json\/wp\/v2\/pages\/16107"}],"wp:attachment":[{"href":"https:\/\/cmeded.com\/es\/wp-json\/wp\/v2\/media?parent=16115"}],"wp:term":[{"taxonomy":"post_tag","embeddable":true,"href":"https:\/\/cmeded.com\/es\/wp-json\/wp\/v2\/tags?post=16115"}],"curies":[{"name":"wp","href":"https:\/\/api.w.org\/{rel}","templated":true}]}}