{"id":16114,"date":"2014-03-14T16:46:27","date_gmt":"2014-03-14T21:46:27","guid":{"rendered":"http:\/\/cmeded.wpengine.com\/?page_id=16114"},"modified":"2023-08-24T18:50:20","modified_gmt":"2023-08-24T23:50:20","slug":"symptoms","status":"publish","type":"page","link":"https:\/\/cmeded.com\/es\/gynecological\/understanding-vaginal-cancer\/symptoms\/","title":{"rendered":"S\u00edntomas"},"content":{"rendered":"<h4 class=\"section-title\">S\u00edntomas<\/h4>\n<p class=\"section-content\">El c\u00e1ncer de vagina en estado inicial no siempre produce s\u00edntomas, por lo que es muy importante someterse a pruebas de Papanicolaou y ex\u00e1menes p\u00e9lvicos de rutina. Si el c\u00e1ncer de vagina produce s\u00edntomas, pueden ser los siguientes:<\/p>\n<p><div class=\"divider\" id=\"\">\n\t\n\t<\/div><br \/>\n<div class=\"one_third\"><br \/>\n<img decoding=\"async\" src=\"\/wp-content\/uploads\/2013\/04\/Just-a-Drop-of-Blood-150.jpg\" class=\"aligncenter\" alt=\"sangre\" style=\"height:150px;\"><br \/><\/div><br \/>\n<div class=\"two_third last\"><\/p>\n<ul class=\"about-content\">\n<li>Una protuberancia o bulto en la vagina<\/li>\n<li>Dolor en la pelvis<\/li>\n<li>Sangrado vaginal an\u00f3malo (es decir, despu\u00e9s de la menopausia, entre per\u00edodos menstruales o tener flujos muy profusos)<\/li>\n<li>Secreci\u00f3n vaginal an\u00f3mala<\/li>\n<li>Dolor o sangrado durante las relaciones sexuales<\/li>\n<li>Micci\u00f3n dolorosa<\/li>\n<li>Estre\u00f1imiento<\/li>\n<\/ul>\n<p><\/div><div class=\"clearboth\"><\/div><\/p>\n<div class=\"clearboth\"><\/div>\n","protected":false},"excerpt":{"rendered":"<p>S\u00edntomas El c\u00e1ncer de vagina en estado inicial no siempre produce s\u00edntomas, por lo que es muy importante someterse a pruebas de Papanicolaou y ex\u00e1menes p\u00e9lvicos de rutina. Si el c\u00e1ncer de vagina produce s\u00edntomas, pueden ser los siguientes:<\/p>\n","protected":false},"author":5,"featured_media":0,"parent":16107,"menu_order":3,"comment_status":"closed","ping_status":"open","template":"template-tumor.php","meta":{"footnotes":""},"tags":[10],"class_list":["post-16114","page","type-page","status-publish","hentry","tag-members-only"],"yoast_head":"<!-- This site is optimized with the Yoast SEO plugin v25.0 - https:\/\/yoast.com\/wordpress\/plugins\/seo\/ -->\n<title>CMedEd | Informaci\u00f3n para comprender el c\u00e1ncer de vagina | S\u00edntomas<\/title>\n<meta name=\"description\" content=\"S\u00edntomas El c\u00e1ncer de vagina en estado inicial no siempre produce s\u00edntomas, por lo que es muy importante someterse a pruebas de Papanicolaou y ex\u00e1menes\" \/>\n<meta name=\"robots\" content=\"index, follow, max-snippet:-1, max-image-preview:large, max-video-preview:-1\" \/>\n<link rel=\"canonical\" href=\"https:\/\/cmeded.com\/es\/gynecological\/understanding-vaginal-cancer\/symptoms\/\" \/>\n<meta property=\"og:locale\" content=\"es_ES\" \/>\n<meta property=\"og:type\" content=\"article\" \/>\n<meta property=\"og:title\" content=\"CMedEd | Informaci\u00f3n para comprender el c\u00e1ncer de vagina | S\u00edntomas\" \/>\n<meta property=\"og:description\" content=\"S\u00edntomas El c\u00e1ncer de vagina en estado inicial no siempre produce s\u00edntomas, por lo que es muy importante someterse a pruebas de Papanicolaou y ex\u00e1menes\" \/>\n<meta property=\"og:url\" content=\"https:\/\/cmeded.com\/es\/gynecological\/understanding-vaginal-cancer\/symptoms\/\" \/>\n<meta property=\"og:site_name\" content=\"CMedEd\" \/>\n<meta property=\"article:modified_time\" content=\"2023-08-24T23:50:20+00:00\" \/>\n<meta name=\"twitter:card\" content=\"summary_large_image\" \/>\n<meta name=\"twitter:label1\" content=\"Tiempo de lectura\" \/>\n\t<meta name=\"twitter:data1\" content=\"1 minuto\" \/>\n<script type=\"application\/ld+json\" class=\"yoast-schema-graph\">{\"@context\":\"https:\/\/schema.org\",\"@graph\":[{\"@type\":\"WebPage\",\"@id\":\"https:\/\/cmeded.com\/es\/gynecological\/understanding-vaginal-cancer\/symptoms\/\",\"url\":\"https:\/\/cmeded.com\/es\/gynecological\/understanding-vaginal-cancer\/symptoms\/\",\"name\":\"CMedEd | Informaci\u00f3n para comprender el c\u00e1ncer de vagina | S\u00edntomas\",\"isPartOf\":{\"@id\":\"https:\/\/cmeded.com\/es\/#website\"},\"datePublished\":\"2014-03-14T21:46:27+00:00\",\"dateModified\":\"2023-08-24T23:50:20+00:00\",\"description\":\"S\u00edntomas El c\u00e1ncer de vagina en estado inicial no siempre produce s\u00edntomas, por lo que es muy importante someterse a pruebas de Papanicolaou y ex\u00e1menes\",\"breadcrumb\":{\"@id\":\"https:\/\/cmeded.com\/es\/gynecological\/understanding-vaginal-cancer\/symptoms\/#breadcrumb\"},\"inLanguage\":\"es\",\"potentialAction\":[{\"@type\":\"ReadAction\",\"target\":[\"https:\/\/cmeded.com\/es\/gynecological\/understanding-vaginal-cancer\/symptoms\/\"]}]},{\"@type\":\"BreadcrumbList\",\"@id\":\"https:\/\/cmeded.com\/es\/gynecological\/understanding-vaginal-cancer\/symptoms\/#breadcrumb\",\"itemListElement\":[{\"@type\":\"ListItem\",\"position\":1,\"name\":\"Home\",\"item\":\"https:\/\/cmeded.com\/es\/\"},{\"@type\":\"ListItem\",\"position\":2,\"name\":\"Ginecol\u00f3gico\",\"item\":\"https:\/\/cmeded.com\/es\/gynecological\/\"},{\"@type\":\"ListItem\",\"position\":3,\"name\":\"Informaci\u00f3n para comprender el c\u00e1ncer de vagina\",\"item\":\"https:\/\/cmeded.com\/es\/gynecological\/understanding-vaginal-cancer\/\"},{\"@type\":\"ListItem\",\"position\":4,\"name\":\"S\u00edntomas\"}]},{\"@type\":\"WebSite\",\"@id\":\"https:\/\/cmeded.com\/es\/#website\",\"url\":\"https:\/\/cmeded.com\/es\/\",\"name\":\"CMedEd\",\"description\":\"Recurso principal de informaci\u00f3n sobre el c\u00e1ncer\",\"potentialAction\":[{\"@type\":\"SearchAction\",\"target\":{\"@type\":\"EntryPoint\",\"urlTemplate\":\"https:\/\/cmeded.com\/es\/?s={search_term_string}\"},\"query-input\":{\"@type\":\"PropertyValueSpecification\",\"valueRequired\":true,\"valueName\":\"search_term_string\"}}],\"inLanguage\":\"es\"}]}<\/script>\n<!-- \/ Yoast SEO plugin. -->","yoast_head_json":{"title":"CMedEd | Informaci\u00f3n para comprender el c\u00e1ncer de vagina | S\u00edntomas","description":"S\u00edntomas El c\u00e1ncer de vagina en estado inicial no siempre produce s\u00edntomas, por lo que es muy importante someterse a pruebas de Papanicolaou y ex\u00e1menes","robots":{"index":"index","follow":"follow","max-snippet":"max-snippet:-1","max-image-preview":"max-image-preview:large","max-video-preview":"max-video-preview:-1"},"canonical":"https:\/\/cmeded.com\/es\/gynecological\/understanding-vaginal-cancer\/symptoms\/","og_locale":"es_ES","og_type":"article","og_title":"CMedEd | Informaci\u00f3n para comprender el c\u00e1ncer de vagina | S\u00edntomas","og_description":"S\u00edntomas El c\u00e1ncer de vagina en estado inicial no siempre produce s\u00edntomas, por lo que es muy importante someterse a pruebas de Papanicolaou y ex\u00e1menes","og_url":"https:\/\/cmeded.com\/es\/gynecological\/understanding-vaginal-cancer\/symptoms\/","og_site_name":"CMedEd","article_modified_time":"2023-08-24T23:50:20+00:00","twitter_card":"summary_large_image","twitter_misc":{"Tiempo de lectura":"1 minuto"},"schema":{"@context":"https:\/\/schema.org","@graph":[{"@type":"WebPage","@id":"https:\/\/cmeded.com\/es\/gynecological\/understanding-vaginal-cancer\/symptoms\/","url":"https:\/\/cmeded.com\/es\/gynecological\/understanding-vaginal-cancer\/symptoms\/","name":"CMedEd | Informaci\u00f3n para comprender el c\u00e1ncer de vagina | S\u00edntomas","isPartOf":{"@id":"https:\/\/cmeded.com\/es\/#website"},"datePublished":"2014-03-14T21:46:27+00:00","dateModified":"2023-08-24T23:50:20+00:00","description":"S\u00edntomas El c\u00e1ncer de vagina en estado inicial no siempre produce s\u00edntomas, por lo que es muy importante someterse a pruebas de Papanicolaou y ex\u00e1menes","breadcrumb":{"@id":"https:\/\/cmeded.com\/es\/gynecological\/understanding-vaginal-cancer\/symptoms\/#breadcrumb"},"inLanguage":"es","potentialAction":[{"@type":"ReadAction","target":["https:\/\/cmeded.com\/es\/gynecological\/understanding-vaginal-cancer\/symptoms\/"]}]},{"@type":"BreadcrumbList","@id":"https:\/\/cmeded.com\/es\/gynecological\/understanding-vaginal-cancer\/symptoms\/#breadcrumb","itemListElement":[{"@type":"ListItem","position":1,"name":"Home","item":"https:\/\/cmeded.com\/es\/"},{"@type":"ListItem","position":2,"name":"Ginecol\u00f3gico","item":"https:\/\/cmeded.com\/es\/gynecological\/"},{"@type":"ListItem","position":3,"name":"Informaci\u00f3n para comprender el c\u00e1ncer de vagina","item":"https:\/\/cmeded.com\/es\/gynecological\/understanding-vaginal-cancer\/"},{"@type":"ListItem","position":4,"name":"S\u00edntomas"}]},{"@type":"WebSite","@id":"https:\/\/cmeded.com\/es\/#website","url":"https:\/\/cmeded.com\/es\/","name":"CMedEd","description":"Recurso principal de informaci\u00f3n sobre el c\u00e1ncer","potentialAction":[{"@type":"SearchAction","target":{"@type":"EntryPoint","urlTemplate":"https:\/\/cmeded.com\/es\/?s={search_term_string}"},"query-input":{"@type":"PropertyValueSpecification","valueRequired":true,"valueName":"search_term_string"}}],"inLanguage":"es"}]}},"_links":{"self":[{"href":"https:\/\/cmeded.com\/es\/wp-json\/wp\/v2\/pages\/16114","targetHints":{"allow":["GET"]}}],"collection":[{"href":"https:\/\/cmeded.com\/es\/wp-json\/wp\/v2\/pages"}],"about":[{"href":"https:\/\/cmeded.com\/es\/wp-json\/wp\/v2\/types\/page"}],"author":[{"embeddable":true,"href":"https:\/\/cmeded.com\/es\/wp-json\/wp\/v2\/users\/5"}],"replies":[{"embeddable":true,"href":"https:\/\/cmeded.com\/es\/wp-json\/wp\/v2\/comments?post=16114"}],"version-history":[{"count":0,"href":"https:\/\/cmeded.com\/es\/wp-json\/wp\/v2\/pages\/16114\/revisions"}],"up":[{"embeddable":true,"href":"https:\/\/cmeded.com\/es\/wp-json\/wp\/v2\/pages\/16107"}],"wp:attachment":[{"href":"https:\/\/cmeded.com\/es\/wp-json\/wp\/v2\/media?parent=16114"}],"wp:term":[{"taxonomy":"post_tag","embeddable":true,"href":"https:\/\/cmeded.com\/es\/wp-json\/wp\/v2\/tags?post=16114"}],"curies":[{"name":"wp","href":"https:\/\/api.w.org\/{rel}","templated":true}]}}