{"id":16069,"date":"2014-03-14T11:01:38","date_gmt":"2014-03-14T16:01:38","guid":{"rendered":"http:\/\/cmeded.wpengine.com\/?page_id=16069"},"modified":"2025-05-07T16:21:50","modified_gmt":"2025-05-07T21:21:50","slug":"treatment","status":"publish","type":"page","link":"https:\/\/cmeded.com\/es\/gynecological\/understanding-fallopian-tube-cancer\/treatment\/","title":{"rendered":"Tratamiento"},"content":{"rendered":"\r\n<h4 class=\"section-title\">Tratamiento<\/h4>\r\n<p class=\"section-content\">Por lo general, tanto la cirug\u00eda como la quimioterapia son importantes en el tratamiento inicial del c\u00e1ncer de las trompas de Falopio, pero el orden depender\u00e1 de la extensi\u00f3n de la enfermedad en las im\u00e1genes iniciales, su estado general de salud y edad y, a veces, sus planes de tener hijos.<\/p>\r\n<div class=\"clearboth\">\u00a0<\/div>\r\n\r\n\r\n\r\n<h4 class=\"section-title\">Cirug\u00eda<\/h4>\r\n<p class=\"section-content\">Su cirujano comenzar\u00e1 removiendo una porci\u00f3n del tumor y ser\u00e1 enviado para ser examinado por un pat\u00f3logo para determinar si es c\u00e1ncer (a menos que esto ya se sepa a partir de una biopsia preoperatoria). Si es maligno, su m\u00e9dico puede recomendar cualquiera de los siguientes procedimientos quir\u00fargicos:<\/p>\r\n<div class=\"clearboth\">\u00a0<\/div>\r\n\r\n\r\n<div class=\"divider\" id=\"\">\n\t\n\t<\/div>\n\r\n\r\n\r\n<div class=\"risk-factor\">\r\n<div class=\"symp-pic\">\r\n<figure><a title=\"Click Image to Enlarge.\" href=\"\/wp-content\/uploads\/sites\/4\/2015\/06\/GYN-bilateral-salpingo-es.jpg\"><img decoding=\"async\" class=\"aligncenter\" style=\"max-height: 165px;\" src=\"\/wp-content\/uploads\/sites\/4\/2015\/06\/GYN-bilateral-salpingo-es.jpg\" alt=\"Ovariosalpingectom\u00eda\" \/><\/a><\/figure>\r\n<p>&nbsp;<\/p>\r\n<\/div>\r\n<div class=\"risk-text-wrap\">\r\n<h5 class=\"section-title\">Salpingo-ooforectom\u00eda bilateral (BSO):<\/h5>\r\n<p class=\"section-content\">En este procedimiento, su cirujano generalmente remueve las trompas de Falopio y los ovarios.<\/p>\r\n<\/div>\r\n<div class=\"clearboth\">\u00a0<\/div>\r\n<\/div>\r\n\r\n\r\n<div class=\"divider\" id=\"\">\n\t\n\t<\/div>\n\r\n\r\n\r\n<div class=\"risk-factor\">\r\n<div class=\"symp-pic\">\r\n<figure><a title=\"Click Image to Enlarge.\" href=\"\/wp-content\/uploads\/sites\/4\/2015\/09\/GYN-total-hysterectomy-es.jpg\"><img decoding=\"async\" class=\"aligncenter\" style=\"max-height: 165px;\" src=\"\/wp-content\/uploads\/sites\/4\/2015\/06\/GYN-total-hysterectomy-es.jpg\" alt=\"Histerectom\u00eda\" \/><\/a><\/figure>\r\n<p>&nbsp;<\/p>\r\n<\/div>\r\n<div class=\"risk-text-wrap\">\r\n<h5 class=\"section-title\">Histerectom\u00eda<\/h5>\r\n<p class=\"section-content\">\u2022 Una histerectom\u00eda es una cirug\u00eda para remover el \u00fatero y el cuello uterino. Este procedimiento, junto con el BSO, se puede realizar con una incisi\u00f3n quir\u00fargica en el abdomen, por v\u00eda laparosc\u00f3pica o con el uso de un sistema quir\u00fargico rob\u00f3tico. Esta cirug\u00eda generalmente se realiza a trav\u00e9s de una incisi\u00f3n vertical (hacia arriba y abajo), a menos que la masa ov\u00e1rica sea peque\u00f1a y la tomograf\u00eda computarizada no muestre mucha enfermedad.<\/p>\r\n<\/div>\r\n<div class=\"clearboth\">\u00a0<\/div>\r\n<\/div>\r\n\r\n\r\n<div class=\"divider\" id=\"\">\n\t\n\t<\/div>\n\r\n\r\n\r\n<div class=\"risk-factor\">\r\n<div class=\"symp-pic\">\r\n<figure><a title=\"Click Image to Enlarge.\" href=\"\/wp-content\/uploads\/sites\/4\/2015\/09\/omentectomy-es.jpg\"><img decoding=\"async\" class=\"aligncenter\" style=\"max-height: 165px;\" src=\"\/wp-content\/uploads\/sites\/4\/2015\/06\/omentectomy-es.jpg\" alt=\"Omentectom\u00eda\" \/><\/a><\/figure>\r\n<p>&nbsp;<\/p>\r\n<\/div>\r\n<div class=\"risk-text-wrap\">\r\n<h5 class=\"section-title\">Omentectom\u00eda<\/h5>\r\n<p class=\"section-content\">El m\u00e9dico extirpa el epipl\u00f3n para verificar si se disemin\u00f3 el c\u00e1ncer. El epipl\u00f3n es un pliegue grande de tejido adiposo que cuelga del est\u00f3mago y del intestino grueso; yace sobre la parte superior del intestino delgado.<\/p>\r\n<p class=\"section-content\">Seg\u00fan el tama\u00f1o y el patr\u00f3n de propagaci\u00f3n del c\u00e1ncer, su m\u00e9dico tambi\u00e9n puede extraer ganglios linf\u00e1ticos cercanos y muestras de tejido de la pelvis y el abdomen. Si hay una propagaci\u00f3n extensa de la enfermedad, su m\u00e9dico intentar\u00e1 remover la mayor cantidad posible de c\u00e1ncer (esto se llama cirug\u00eda de reducci\u00f3n). Su m\u00e9dico puede remover total o parcialmente sus ovarios, \u00fatero, cuello uterino, trompas de Falopio, epipl\u00f3n, bazo, ganglios linf\u00e1ticos, h\u00edgado o una parte de sus intestinos durante la reducci\u00f3n. La reducci\u00f3n del tumor es especialmente importante porque cuanto m\u00e1s tumor se remueva con \u00e9xito, mayor es la probabilidad de supervivencia.<\/p>\r\n<p>&nbsp;<\/p>\r\n<\/div>\r\n<\/div>\r\n\r\n\r\n<div class=\"divider\" id=\"\">\n\t\n\t<\/div>\n\r\n\r\n\r\n<div class=\"risk-factor\">\r\n<div class=\"symp-pic\"><img decoding=\"async\" class=\"aligncenter\" style=\"height: 150px;\" src=\"\/wp-content\/uploads\/2021\/06\/Black_WomanChemo.jpg\" alt=\"Chemotherapy\" \/><\/div>\r\n<div class=\"risk-text-wrap\">\r\n<h5 class=\"section-title\">Quimioterapia<\/h5>\r\n<p class=\"section-content\">La quimioterapia es un tratamiento que ataca las c\u00e9lulas que se dividen r\u00e1pidamente en su cuerpo (como el c\u00e1ncer). La quimioterapia se puede administrar a trav\u00e9s de una vena (intravenosa o IV), pero tambi\u00e9n se puede administrar por v\u00eda intraperitoneal (IP). La terapia IP consiste en administrar quimioterapia directamente en la cavidad abdominal a trav\u00e9s de un cat\u00e9ter o puerto que se coloca en el momento de la cirug\u00eda. Los medicamentos de quimioterapia entrar\u00e1n en contacto directo con el c\u00e1ncer y ayudar\u00e1n a eliminar cualquier rastro de c\u00e1ncer que quede despu\u00e9s de la reducci\u00f3n. Cuando su m\u00e9dico decide usar quimioterapia IP, generalmente se administra en combinaci\u00f3n con quimioterapia IV.<\/p>\r\n<\/div>\r\n<\/div>\r\n\r\n\r\n<p>&nbsp;<\/p>\n\r\n\r\n\r\n\r\n<div class=\"divider\" id=\"\">\n\t\n\t<\/div>\n\r\n\r\n\r\n<div class=\"risk-factor\">\r\n<div class=\"symp-pic\">\r\n<figure><a title=\"Click Image to Enlarge.\" href=\"\/wp-content\/uploads\/sites\/4\/2015\/06\/TargetedAngiogenesis-es.jpg\"><img decoding=\"async\" class=\"aligncenter\" style=\"height: 150px;\" src=\"\/wp-content\/uploads\/sites\/4\/2015\/06\/TargetedAngiogenesis-es.jpg\" alt=\"Terapia dirigida\" \/><\/a><\/figure>\r\n<p>&nbsp;<\/p>\r\n<\/div>\r\n<div class=\"risk-text-wrap\">\r\n<h5 class=\"section-title\">Terapia dirigida<\/h5>\r\n<p class=\"section-content\">En la terapia dirigida se utilizan medicamentos que localizan y atacan determinadas partes de la c\u00e9lula cancerosa para detener el crecimiento del c\u00e1ncer. Un ejemplo de esto es el medicamento antiangiog\u00e9nico denominado \"bevacizumab\". Los tumores de las trompas de Falopio crean su propia red de vasos sangu\u00edneos para sustentar su crecimiento continuo. La terapia dirigida ataca este proceso, llamado \"angiogenia\", e impide el desarrollo de nuevos vasos sangu\u00edneos. Esta terapia puede reducir el tumor o retrasar su crecimiento, pero no puede curar la enfermedad por s\u00ed sola.<\/p>\r\n<p class=\"section-content\">Otro ejemplo de terapia dirigida incluye una clase de medicamentos llamados inhibidores de PARP. Los inhibidores de PARP funcionan evitando que las c\u00e9lulas cancerosas reparen su propio ADN. Cuando una c\u00e9lula no puede reparar su ADN defectuoso, la c\u00e9lula muere. Cuando estos medicamentos se investigaron por primera vez, se usaban en c\u00e1nceres que ya ten\u00edan problemas para reparar el da\u00f1o celular (como los c\u00e1nceres con mutaciones en BRCA). Como las c\u00e9lulas cancerosas con mutaciones en el gen BRCA ya tienen dificultades para reparar su ADN, parecen ser particularmente sensibles a Inhibidores de PARP. Su m\u00e9dico puede recomendarle un inhibidor de PARP si tiene una\u00a0mutaci\u00f3n\u00a0BRCA.<\/p>\r\n<\/div>\r\n<div class=\"clearboth\">\u00a0<\/div>\r\n<\/div>\r\n\r\n\r\n<div class=\"divider\" id=\"\">\n\t\n\t<\/div>\n\r\n\r\n\r\n<h5 class=\"section-title\">Terapia de mantenimiento<\/h5>\r\n<p class=\"section-content\">Despu\u00e9s de completar la cirug\u00eda y la quimioterapia, su m\u00e9dico puede recomendar el uso de una o m\u00e1s terapias dirigidas para mejorar su supervivencia libre de progresi\u00f3n (tiempo sin recurrencia del c\u00e1ncer). Esto podr\u00eda incluir un inhibidor de PARP y\/o bevacizumab.<\/p>\r\n<div class=\"clearboth\">\u00a0<\/div>\r\n\r\n\r\n<div class=\"divider\" id=\"\">\n\t\n\t<\/div>\n\r\n\r\n\r\n<div class=\"risk-factor\">\r\n<div class=\"symp-pic\"><img decoding=\"async\" class=\"aligncenter\" style=\"height: 150px;\" src=\"\/wp-content\/uploads\/2017\/03\/Picture1.png\" alt=\"Immune Therapy\" \/><\/div>\r\n<div class=\"risk-text-wrap\">\r\n<h5 class=\"section-title\">Inmunoterap\u00eda<\/h5>\r\n<p class=\"section-content\">Este es un tipo de terapia novedosa que estimula el sistema inmune natural para combatir el c\u00e1ncer. Las sustancias elaboradas por el cuerpo o fabricadas en el laboratorio se utilizan para impulsar, dirigir o restaurar las defensas naturales del cuerpo contra el c\u00e1ncer.<\/p>\r\n<\/div>\r\n<div class=\"clearboth\">\u00a0<\/div>\r\n<\/div>\r\n\r\n\r\n<div class=\"divider\" id=\"\">\n\t\n\t<\/div>\n\r\n\r\n\r\n<div class=\"risk-factor\">\r\n<div class=\"symp-pic\"><img decoding=\"async\" class=\"aligncenter\" style=\"height: 150px;\" src=\"\/wp-content\/uploads\/2013\/04\/Microscope-1651.jpg\" alt=\"Clinical Trials\" \/><\/div>\r\n<div class=\"risk-text-wrap\">\r\n<h5 class=\"section-title\">Estudios cl\u00ednicos<\/h5>\r\n<p class=\"section-content\">Los ensayos cl\u00ednicos son estudios de nuevos tratamientos contra el c\u00e1ncer que parecen prometedores pero que a\u00fan no han demostrado ser efectivos para tratar la enfermedad. Estos estudios pueden ser la mejor opci\u00f3n de tratamiento para pacientes con c\u00e1ncer avanzado que no han respondido bien a los tratamientos convencionales. Los estudios cl\u00ednicos tambi\u00e9n permiten que los pacientes prueben un nuevo tratamiento antes de que est\u00e9 disponible para el p\u00fablico en general. En algunos casos, puede tratarse de un medicamento nuevo que no se ha utilizado antes en seres humanos; o bien, puede tratarse de un medicamento o una combinaci\u00f3n de medicamentos que no se utilizan actualmente para un tipo espec\u00edfico de c\u00e1ncer.<\/p>\r\n<p class=\"section-content\">Los estudios cl\u00ednicos en fase temprana se utilizan para probar los efectos secundarios de un medicamento o una combinaci\u00f3n de medicamentos; mientras que los estudios cl\u00ednicos en fase posterior se utilizan para determinar la eficacia de un tratamiento nuevo para un determinado tipo de c\u00e1ncer. Los estudios cl\u00ednicos permiten a m\u00e9dicos e investigadores mejorar el tratamiento de c\u00e1nceres con terapias posiblemente m\u00e1s efectivas. No hay garant\u00edas de que se beneficiar\u00e1 de un Estudio cl\u00ednico, pero puede ayudarlo a usted o a pacientes como usted en el futuro. Es importante hablar con su m\u00e9dico sobre las ventajas y desventajas de los Estudios cl\u00ednicos para su situaci\u00f3n particular.<\/p>\r\n<\/div>\r\n<div class=\"clearboth\">\u00a0<\/div>\r\n<\/div>\r\n","protected":false},"excerpt":{"rendered":"<p>Tratamiento Por lo general, tanto la cirug\u00eda como la quimioterapia son importantes en el tratamiento inicial del c\u00e1ncer de las trompas de Falopio, pero el orden depender\u00e1 de la extensi\u00f3n de la enfermedad en las im\u00e1genes iniciales, su estado general de salud y edad y, a veces, sus planes de tener hijos. \u00a0 Cirug\u00eda Su [&hellip;]<\/p>\n","protected":false},"author":5,"featured_media":0,"parent":16059,"menu_order":6,"comment_status":"closed","ping_status":"open","template":"template-tumor.php","meta":{"footnotes":""},"tags":[10],"class_list":["post-16069","page","type-page","status-publish","hentry","tag-members-only"],"yoast_head":"<!-- This site is optimized with the Yoast SEO plugin v25.0 - https:\/\/yoast.com\/wordpress\/plugins\/seo\/ -->\n<title>CMedEd | Informaci\u00f3n para comprender el c\u00e1ncer de trompas de Falopio | Tratamiento<\/title>\n<meta name=\"description\" content=\"Tratamiento Por lo general, tanto la cirug\u00eda como la quimioterapia son importantes en el tratamiento inicial del c\u00e1ncer de las trompas de Falopio, pero el\" \/>\n<meta name=\"robots\" content=\"index, follow, max-snippet:-1, max-image-preview:large, max-video-preview:-1\" \/>\n<link rel=\"canonical\" href=\"https:\/\/cmeded.com\/es\/gynecological\/understanding-fallopian-tube-cancer\/treatment\/\" \/>\n<meta property=\"og:locale\" content=\"es_ES\" \/>\n<meta property=\"og:type\" content=\"article\" \/>\n<meta property=\"og:title\" content=\"CMedEd | Informaci\u00f3n para comprender el c\u00e1ncer de trompas de Falopio | Tratamiento\" \/>\n<meta property=\"og:description\" content=\"Tratamiento Por lo general, tanto la cirug\u00eda como la quimioterapia son importantes en el tratamiento inicial del c\u00e1ncer de las trompas de Falopio, pero el\" \/>\n<meta property=\"og:url\" content=\"https:\/\/cmeded.com\/es\/gynecological\/understanding-fallopian-tube-cancer\/treatment\/\" \/>\n<meta property=\"og:site_name\" content=\"CMedEd\" \/>\n<meta property=\"article:modified_time\" content=\"2025-05-07T21:21:50+00:00\" \/>\n<meta name=\"twitter:card\" content=\"summary_large_image\" \/>\n<meta name=\"twitter:label1\" content=\"Tiempo de lectura\" \/>\n\t<meta name=\"twitter:data1\" content=\"6 minutos\" \/>\n<script type=\"application\/ld+json\" class=\"yoast-schema-graph\">{\"@context\":\"https:\/\/schema.org\",\"@graph\":[{\"@type\":\"WebPage\",\"@id\":\"https:\/\/cmeded.com\/es\/gynecological\/understanding-fallopian-tube-cancer\/treatment\/\",\"url\":\"https:\/\/cmeded.com\/es\/gynecological\/understanding-fallopian-tube-cancer\/treatment\/\",\"name\":\"CMedEd | Informaci\u00f3n para comprender el c\u00e1ncer de trompas de Falopio | Tratamiento\",\"isPartOf\":{\"@id\":\"https:\/\/cmeded.com\/es\/#website\"},\"datePublished\":\"2014-03-14T16:01:38+00:00\",\"dateModified\":\"2025-05-07T21:21:50+00:00\",\"description\":\"Tratamiento Por lo general, tanto la cirug\u00eda como la quimioterapia son importantes en el tratamiento inicial del c\u00e1ncer de las trompas de Falopio, pero el\",\"breadcrumb\":{\"@id\":\"https:\/\/cmeded.com\/es\/gynecological\/understanding-fallopian-tube-cancer\/treatment\/#breadcrumb\"},\"inLanguage\":\"es\",\"potentialAction\":[{\"@type\":\"ReadAction\",\"target\":[\"https:\/\/cmeded.com\/es\/gynecological\/understanding-fallopian-tube-cancer\/treatment\/\"]}]},{\"@type\":\"BreadcrumbList\",\"@id\":\"https:\/\/cmeded.com\/es\/gynecological\/understanding-fallopian-tube-cancer\/treatment\/#breadcrumb\",\"itemListElement\":[{\"@type\":\"ListItem\",\"position\":1,\"name\":\"Home\",\"item\":\"https:\/\/cmeded.com\/es\/\"},{\"@type\":\"ListItem\",\"position\":2,\"name\":\"Ginecol\u00f3gico\",\"item\":\"https:\/\/cmeded.com\/es\/gynecological\/\"},{\"@type\":\"ListItem\",\"position\":3,\"name\":\"Informaci\u00f3n para comprender el c\u00e1ncer de trompas de Falopio\",\"item\":\"https:\/\/cmeded.com\/es\/gynecological\/understanding-fallopian-tube-cancer\/\"},{\"@type\":\"ListItem\",\"position\":4,\"name\":\"Tratamiento\"}]},{\"@type\":\"WebSite\",\"@id\":\"https:\/\/cmeded.com\/es\/#website\",\"url\":\"https:\/\/cmeded.com\/es\/\",\"name\":\"CMedEd\",\"description\":\"Recurso principal de informaci\u00f3n sobre el c\u00e1ncer\",\"potentialAction\":[{\"@type\":\"SearchAction\",\"target\":{\"@type\":\"EntryPoint\",\"urlTemplate\":\"https:\/\/cmeded.com\/es\/?s={search_term_string}\"},\"query-input\":{\"@type\":\"PropertyValueSpecification\",\"valueRequired\":true,\"valueName\":\"search_term_string\"}}],\"inLanguage\":\"es\"}]}<\/script>\n<!-- \/ Yoast SEO plugin. -->","yoast_head_json":{"title":"CMedEd | Informaci\u00f3n para comprender el c\u00e1ncer de trompas de Falopio | Tratamiento","description":"Tratamiento Por lo general, tanto la cirug\u00eda como la quimioterapia son importantes en el tratamiento inicial del c\u00e1ncer de las trompas de Falopio, pero el","robots":{"index":"index","follow":"follow","max-snippet":"max-snippet:-1","max-image-preview":"max-image-preview:large","max-video-preview":"max-video-preview:-1"},"canonical":"https:\/\/cmeded.com\/es\/gynecological\/understanding-fallopian-tube-cancer\/treatment\/","og_locale":"es_ES","og_type":"article","og_title":"CMedEd | Informaci\u00f3n para comprender el c\u00e1ncer de trompas de Falopio | Tratamiento","og_description":"Tratamiento Por lo general, tanto la cirug\u00eda como la quimioterapia son importantes en el tratamiento inicial del c\u00e1ncer de las trompas de Falopio, pero el","og_url":"https:\/\/cmeded.com\/es\/gynecological\/understanding-fallopian-tube-cancer\/treatment\/","og_site_name":"CMedEd","article_modified_time":"2025-05-07T21:21:50+00:00","twitter_card":"summary_large_image","twitter_misc":{"Tiempo de lectura":"6 minutos"},"schema":{"@context":"https:\/\/schema.org","@graph":[{"@type":"WebPage","@id":"https:\/\/cmeded.com\/es\/gynecological\/understanding-fallopian-tube-cancer\/treatment\/","url":"https:\/\/cmeded.com\/es\/gynecological\/understanding-fallopian-tube-cancer\/treatment\/","name":"CMedEd | Informaci\u00f3n para comprender el c\u00e1ncer de trompas de Falopio | Tratamiento","isPartOf":{"@id":"https:\/\/cmeded.com\/es\/#website"},"datePublished":"2014-03-14T16:01:38+00:00","dateModified":"2025-05-07T21:21:50+00:00","description":"Tratamiento Por lo general, tanto la cirug\u00eda como la quimioterapia son importantes en el tratamiento inicial del c\u00e1ncer de las trompas de Falopio, pero el","breadcrumb":{"@id":"https:\/\/cmeded.com\/es\/gynecological\/understanding-fallopian-tube-cancer\/treatment\/#breadcrumb"},"inLanguage":"es","potentialAction":[{"@type":"ReadAction","target":["https:\/\/cmeded.com\/es\/gynecological\/understanding-fallopian-tube-cancer\/treatment\/"]}]},{"@type":"BreadcrumbList","@id":"https:\/\/cmeded.com\/es\/gynecological\/understanding-fallopian-tube-cancer\/treatment\/#breadcrumb","itemListElement":[{"@type":"ListItem","position":1,"name":"Home","item":"https:\/\/cmeded.com\/es\/"},{"@type":"ListItem","position":2,"name":"Ginecol\u00f3gico","item":"https:\/\/cmeded.com\/es\/gynecological\/"},{"@type":"ListItem","position":3,"name":"Informaci\u00f3n para comprender el c\u00e1ncer de trompas de Falopio","item":"https:\/\/cmeded.com\/es\/gynecological\/understanding-fallopian-tube-cancer\/"},{"@type":"ListItem","position":4,"name":"Tratamiento"}]},{"@type":"WebSite","@id":"https:\/\/cmeded.com\/es\/#website","url":"https:\/\/cmeded.com\/es\/","name":"CMedEd","description":"Recurso principal de informaci\u00f3n sobre el c\u00e1ncer","potentialAction":[{"@type":"SearchAction","target":{"@type":"EntryPoint","urlTemplate":"https:\/\/cmeded.com\/es\/?s={search_term_string}"},"query-input":{"@type":"PropertyValueSpecification","valueRequired":true,"valueName":"search_term_string"}}],"inLanguage":"es"}]}},"_links":{"self":[{"href":"https:\/\/cmeded.com\/es\/wp-json\/wp\/v2\/pages\/16069","targetHints":{"allow":["GET"]}}],"collection":[{"href":"https:\/\/cmeded.com\/es\/wp-json\/wp\/v2\/pages"}],"about":[{"href":"https:\/\/cmeded.com\/es\/wp-json\/wp\/v2\/types\/page"}],"author":[{"embeddable":true,"href":"https:\/\/cmeded.com\/es\/wp-json\/wp\/v2\/users\/5"}],"replies":[{"embeddable":true,"href":"https:\/\/cmeded.com\/es\/wp-json\/wp\/v2\/comments?post=16069"}],"version-history":[{"count":0,"href":"https:\/\/cmeded.com\/es\/wp-json\/wp\/v2\/pages\/16069\/revisions"}],"up":[{"embeddable":true,"href":"https:\/\/cmeded.com\/es\/wp-json\/wp\/v2\/pages\/16059"}],"wp:attachment":[{"href":"https:\/\/cmeded.com\/es\/wp-json\/wp\/v2\/media?parent=16069"}],"wp:term":[{"taxonomy":"post_tag","embeddable":true,"href":"https:\/\/cmeded.com\/es\/wp-json\/wp\/v2\/tags?post=16069"}],"curies":[{"name":"wp","href":"https:\/\/api.w.org\/{rel}","templated":true}]}}