{"id":16061,"date":"2014-03-14T10:31:28","date_gmt":"2014-03-14T15:31:28","guid":{"rendered":"http:\/\/cmeded.wpengine.com\/?page_id=16061"},"modified":"2023-08-24T18:50:21","modified_gmt":"2023-08-24T23:50:21","slug":"risk-factors","status":"publish","type":"page","link":"https:\/\/cmeded.com\/es\/gynecological\/understanding-fallopian-tube-cancer\/risk-factors\/","title":{"rendered":"Factores de riesgo"},"content":{"rendered":"<h4 class=\"section-title\">Factores de riesgo<\/h4>\n<p class=\"section-content\">Un factor de riesgo es una caracter\u00edstica, una conducta o una afecci\u00f3n que aumenta las posibilidades de contraer una enfermedad. A continuaci\u00f3n, se detallan algunos factores de riesgo conocidos que inciden en el desarrollo del c\u00e1ncer de trompas de Falopio:<\/p>\n<div class=\"divider\" id=\"\">\n\t\n\t<\/div>\n<div class=\"risk-factor\">\n<div class=\"risk-pic\"><img decoding=\"async\" class=\"aligncenter\" style=\"height: 110px;\" src=\"\/wp-content\/uploads\/2013\/09\/MultiEthinc264x165.png\" alt=\"Edad\" \/><\/div>\n<div class=\"risk-text\">\n<h5 class=\"section-title\">Edad<\/h5>\n<p class=\"section-content\">El riesgo de contraer c\u00e1ncer de trompas de Falopio aumenta con la edad. La mayor\u00eda de las mujeres que padecen este c\u00e1ncer son mayores de 50 a\u00f1os de edad.<\/p>\n<\/div>\n<div class=\"clearboth\"><\/div>\n<\/div>\n<div class=\"divider\" id=\"\">\n\t\n\t<\/div>\n<div class=\"risk-factor\">\n<div class=\"risk-pic\"><img decoding=\"async\" class=\"aligncenter\" style=\"height: 115px;\" src=\"\/wp-content\/uploads\/2013\/10\/ThreeHispanicWomen189x175.png\" alt=\"Antecedentes familiares\" \/><\/div>\n<div class=\"risk-text\">\n<h5 class=\"section-title\">Antecedentes familiares<\/h5>\n<p class=\"section-content\">Incluso si no hay una mutaci\u00f3n gen\u00e9tica conocida, los parientes cercanos (madres, hermanas, hijas) de una mujer con c\u00e1ncer de trompa de Falopio tienen un mayor riesgo de desarrollar la enfermedad.<\/p>\n<\/div>\n<div class=\"clearboth\"><\/div>\n<\/div>\n<div class=\"divider\" id=\"\">\n\t\n\t<\/div>\n<div class=\"risk-factor\">\n<div class=\"risk-pic\"><img decoding=\"async\" class=\"aligncenter\" style=\"height: 100px;\" src=\"\/wp-content\/uploads\/2012\/11\/DNA-strand1.png\" alt=\"Gen\u00e9tica\" \/><\/div>\n<div class=\"risk-text\">\n<h5 class=\"section-title\">Gen\u00e9tica<\/h5>\n<p class=\"section-content\">Hasta el 20 % de los c\u00e1nceres de ovario pueden ser causados por rasgos gen\u00e9ticos heredados, como mutaciones en los genes BRCA1 o BRCA2 o el s\u00edndrome de Lynch, todos los cuales involucran mutaciones en genes asociados con la v\u00eda de reparaci\u00f3n del ADN.<\/p>\n<\/div>\n<div class=\"clearboth\"><\/div>\n<\/div>\n<div class=\"divider\" id=\"\">\n\t\n\t<\/div>\n<div class=\"risk-factor\">\n<div class=\"risk-pic\"><img decoding=\"async\" class=\"aligncenter\" style=\"height: 100px;\" src=\"\/wp-content\/uploads\/2013\/01\/woman-with-newborn.png\" alt=\"Embarazo\" \/><\/div>\n<div class=\"risk-text\">\n<h5 class=\"section-title\">Embarazo<\/h5>\n<p class=\"section-content\">Las mujeres mayores que nunca han estado embarazadas tienen una probabilidad mayor de contraer c\u00e1ncer de trompas de Falopio. Este riesgo disminuye cada vez que una mujer da a luz.<\/p>\n<\/div>\n<div class=\"clearboth\"><\/div>\n<\/div>\n","protected":false},"excerpt":{"rendered":"<p>Factores de riesgo Un factor de riesgo es una caracter\u00edstica, una conducta o una afecci\u00f3n que aumenta las posibilidades de contraer una enfermedad. A continuaci\u00f3n, se detallan algunos factores de riesgo conocidos que inciden en el desarrollo del c\u00e1ncer de trompas de Falopio: Edad El riesgo de contraer c\u00e1ncer de trompas de Falopio aumenta con [&hellip;]<\/p>\n","protected":false},"author":5,"featured_media":0,"parent":16059,"menu_order":2,"comment_status":"closed","ping_status":"open","template":"template-tumor.php","meta":{"footnotes":""},"tags":[10],"class_list":["post-16061","page","type-page","status-publish","hentry","tag-members-only"],"yoast_head":"<!-- This site is optimized with the Yoast SEO plugin v25.0 - https:\/\/yoast.com\/wordpress\/plugins\/seo\/ -->\n<title>CMedEd | Informaci\u00f3n para comprender el c\u00e1ncer de trompas de Falopio | Factores de riesgo<\/title>\n<meta name=\"description\" content=\"Factores de riesgo Un factor de riesgo es una caracter\u00edstica, una conducta o una afecci\u00f3n que aumenta las posibilidades de contraer una enfermedad. A\" \/>\n<meta name=\"robots\" content=\"index, follow, max-snippet:-1, max-image-preview:large, max-video-preview:-1\" \/>\n<link rel=\"canonical\" href=\"https:\/\/cmeded.com\/es\/gynecological\/understanding-fallopian-tube-cancer\/risk-factors\/\" \/>\n<meta property=\"og:locale\" content=\"es_ES\" \/>\n<meta property=\"og:type\" content=\"article\" \/>\n<meta property=\"og:title\" content=\"CMedEd | Informaci\u00f3n para comprender el c\u00e1ncer de trompas de Falopio | Factores de riesgo\" \/>\n<meta property=\"og:description\" content=\"Factores de riesgo Un factor de riesgo es una caracter\u00edstica, una conducta o una afecci\u00f3n que aumenta las posibilidades de contraer una enfermedad. A\" \/>\n<meta property=\"og:url\" content=\"https:\/\/cmeded.com\/es\/gynecological\/understanding-fallopian-tube-cancer\/risk-factors\/\" \/>\n<meta property=\"og:site_name\" content=\"CMedEd\" \/>\n<meta property=\"article:modified_time\" content=\"2023-08-24T23:50:21+00:00\" \/>\n<meta name=\"twitter:card\" content=\"summary_large_image\" \/>\n<meta name=\"twitter:label1\" content=\"Tiempo de lectura\" \/>\n\t<meta name=\"twitter:data1\" content=\"2 minutos\" \/>\n<script type=\"application\/ld+json\" class=\"yoast-schema-graph\">{\"@context\":\"https:\/\/schema.org\",\"@graph\":[{\"@type\":\"WebPage\",\"@id\":\"https:\/\/cmeded.com\/es\/gynecological\/understanding-fallopian-tube-cancer\/risk-factors\/\",\"url\":\"https:\/\/cmeded.com\/es\/gynecological\/understanding-fallopian-tube-cancer\/risk-factors\/\",\"name\":\"CMedEd | Informaci\u00f3n para comprender el c\u00e1ncer de trompas de Falopio | Factores de riesgo\",\"isPartOf\":{\"@id\":\"https:\/\/cmeded.com\/es\/#website\"},\"datePublished\":\"2014-03-14T15:31:28+00:00\",\"dateModified\":\"2023-08-24T23:50:21+00:00\",\"description\":\"Factores de riesgo Un factor de riesgo es una caracter\u00edstica, una conducta o una afecci\u00f3n que aumenta las posibilidades de contraer una enfermedad. A\",\"breadcrumb\":{\"@id\":\"https:\/\/cmeded.com\/es\/gynecological\/understanding-fallopian-tube-cancer\/risk-factors\/#breadcrumb\"},\"inLanguage\":\"es\",\"potentialAction\":[{\"@type\":\"ReadAction\",\"target\":[\"https:\/\/cmeded.com\/es\/gynecological\/understanding-fallopian-tube-cancer\/risk-factors\/\"]}]},{\"@type\":\"BreadcrumbList\",\"@id\":\"https:\/\/cmeded.com\/es\/gynecological\/understanding-fallopian-tube-cancer\/risk-factors\/#breadcrumb\",\"itemListElement\":[{\"@type\":\"ListItem\",\"position\":1,\"name\":\"Home\",\"item\":\"https:\/\/cmeded.com\/es\/\"},{\"@type\":\"ListItem\",\"position\":2,\"name\":\"Ginecol\u00f3gico\",\"item\":\"https:\/\/cmeded.com\/es\/gynecological\/\"},{\"@type\":\"ListItem\",\"position\":3,\"name\":\"Informaci\u00f3n para comprender el c\u00e1ncer de trompas de Falopio\",\"item\":\"https:\/\/cmeded.com\/es\/gynecological\/understanding-fallopian-tube-cancer\/\"},{\"@type\":\"ListItem\",\"position\":4,\"name\":\"Factores de riesgo\"}]},{\"@type\":\"WebSite\",\"@id\":\"https:\/\/cmeded.com\/es\/#website\",\"url\":\"https:\/\/cmeded.com\/es\/\",\"name\":\"CMedEd\",\"description\":\"Recurso principal de informaci\u00f3n sobre el c\u00e1ncer\",\"potentialAction\":[{\"@type\":\"SearchAction\",\"target\":{\"@type\":\"EntryPoint\",\"urlTemplate\":\"https:\/\/cmeded.com\/es\/?s={search_term_string}\"},\"query-input\":{\"@type\":\"PropertyValueSpecification\",\"valueRequired\":true,\"valueName\":\"search_term_string\"}}],\"inLanguage\":\"es\"}]}<\/script>\n<!-- \/ Yoast SEO plugin. -->","yoast_head_json":{"title":"CMedEd | Informaci\u00f3n para comprender el c\u00e1ncer de trompas de Falopio | Factores de riesgo","description":"Factores de riesgo Un factor de riesgo es una caracter\u00edstica, una conducta o una afecci\u00f3n que aumenta las posibilidades de contraer una enfermedad. A","robots":{"index":"index","follow":"follow","max-snippet":"max-snippet:-1","max-image-preview":"max-image-preview:large","max-video-preview":"max-video-preview:-1"},"canonical":"https:\/\/cmeded.com\/es\/gynecological\/understanding-fallopian-tube-cancer\/risk-factors\/","og_locale":"es_ES","og_type":"article","og_title":"CMedEd | Informaci\u00f3n para comprender el c\u00e1ncer de trompas de Falopio | Factores de riesgo","og_description":"Factores de riesgo Un factor de riesgo es una caracter\u00edstica, una conducta o una afecci\u00f3n que aumenta las posibilidades de contraer una enfermedad. A","og_url":"https:\/\/cmeded.com\/es\/gynecological\/understanding-fallopian-tube-cancer\/risk-factors\/","og_site_name":"CMedEd","article_modified_time":"2023-08-24T23:50:21+00:00","twitter_card":"summary_large_image","twitter_misc":{"Tiempo de lectura":"2 minutos"},"schema":{"@context":"https:\/\/schema.org","@graph":[{"@type":"WebPage","@id":"https:\/\/cmeded.com\/es\/gynecological\/understanding-fallopian-tube-cancer\/risk-factors\/","url":"https:\/\/cmeded.com\/es\/gynecological\/understanding-fallopian-tube-cancer\/risk-factors\/","name":"CMedEd | Informaci\u00f3n para comprender el c\u00e1ncer de trompas de Falopio | Factores de riesgo","isPartOf":{"@id":"https:\/\/cmeded.com\/es\/#website"},"datePublished":"2014-03-14T15:31:28+00:00","dateModified":"2023-08-24T23:50:21+00:00","description":"Factores de riesgo Un factor de riesgo es una caracter\u00edstica, una conducta o una afecci\u00f3n que aumenta las posibilidades de contraer una enfermedad. A","breadcrumb":{"@id":"https:\/\/cmeded.com\/es\/gynecological\/understanding-fallopian-tube-cancer\/risk-factors\/#breadcrumb"},"inLanguage":"es","potentialAction":[{"@type":"ReadAction","target":["https:\/\/cmeded.com\/es\/gynecological\/understanding-fallopian-tube-cancer\/risk-factors\/"]}]},{"@type":"BreadcrumbList","@id":"https:\/\/cmeded.com\/es\/gynecological\/understanding-fallopian-tube-cancer\/risk-factors\/#breadcrumb","itemListElement":[{"@type":"ListItem","position":1,"name":"Home","item":"https:\/\/cmeded.com\/es\/"},{"@type":"ListItem","position":2,"name":"Ginecol\u00f3gico","item":"https:\/\/cmeded.com\/es\/gynecological\/"},{"@type":"ListItem","position":3,"name":"Informaci\u00f3n para comprender el c\u00e1ncer de trompas de Falopio","item":"https:\/\/cmeded.com\/es\/gynecological\/understanding-fallopian-tube-cancer\/"},{"@type":"ListItem","position":4,"name":"Factores de riesgo"}]},{"@type":"WebSite","@id":"https:\/\/cmeded.com\/es\/#website","url":"https:\/\/cmeded.com\/es\/","name":"CMedEd","description":"Recurso principal de informaci\u00f3n sobre el c\u00e1ncer","potentialAction":[{"@type":"SearchAction","target":{"@type":"EntryPoint","urlTemplate":"https:\/\/cmeded.com\/es\/?s={search_term_string}"},"query-input":{"@type":"PropertyValueSpecification","valueRequired":true,"valueName":"search_term_string"}}],"inLanguage":"es"}]}},"_links":{"self":[{"href":"https:\/\/cmeded.com\/es\/wp-json\/wp\/v2\/pages\/16061","targetHints":{"allow":["GET"]}}],"collection":[{"href":"https:\/\/cmeded.com\/es\/wp-json\/wp\/v2\/pages"}],"about":[{"href":"https:\/\/cmeded.com\/es\/wp-json\/wp\/v2\/types\/page"}],"author":[{"embeddable":true,"href":"https:\/\/cmeded.com\/es\/wp-json\/wp\/v2\/users\/5"}],"replies":[{"embeddable":true,"href":"https:\/\/cmeded.com\/es\/wp-json\/wp\/v2\/comments?post=16061"}],"version-history":[{"count":0,"href":"https:\/\/cmeded.com\/es\/wp-json\/wp\/v2\/pages\/16061\/revisions"}],"up":[{"embeddable":true,"href":"https:\/\/cmeded.com\/es\/wp-json\/wp\/v2\/pages\/16059"}],"wp:attachment":[{"href":"https:\/\/cmeded.com\/es\/wp-json\/wp\/v2\/media?parent=16061"}],"wp:term":[{"taxonomy":"post_tag","embeddable":true,"href":"https:\/\/cmeded.com\/es\/wp-json\/wp\/v2\/tags?post=16061"}],"curies":[{"name":"wp","href":"https:\/\/api.w.org\/{rel}","templated":true}]}}