{"id":16060,"date":"2014-03-14T10:25:08","date_gmt":"2014-03-14T15:25:08","guid":{"rendered":"http:\/\/cmeded.wpengine.com\/?page_id=16060"},"modified":"2023-08-24T18:50:21","modified_gmt":"2023-08-24T23:50:21","slug":"overview","status":"publish","type":"page","link":"https:\/\/cmeded.com\/es\/gynecological\/understanding-fallopian-tube-cancer\/overview\/","title":{"rendered":"Generalidades"},"content":{"rendered":"<div class=\"one_third\"><\/p>\n<p><a title=\"Click Image to Enlarge.\" href=\"\/wp-content\/uploads\/sites\/4\/2015\/09\/Fallopian-Overview-es.jpg\"><img decoding=\"async\" class=\"aligncenter ovr-pic\" src=\"\/wp-content\/uploads\/sites\/4\/2015\/06\/Fallopian-Overview-es.jpg\" alt=\"C\u00e1ncer de trompas de Falopio\"><\/a><\/p>\n<p><\/div>\n\n\n<div class=\"two_third last\"><\/p>\n<h4 class=\"section-title\">\u00bfQu\u00e9 es el c\u00e1ncer de trompas de Falopio?<\/h4>\n<p class=\"section-content\">\nLa trompa de Falopio es parte del sistema reproductor femenino. Cuando una mujer tiene un ciclo menstrual cada mes, una vez que ocurre la ovulaci\u00f3n y el \u00f3vulo deja el ovario, entra en una de las trompas de Falopio. Mientras est\u00e1 en las trompas de Falopio, el \u00f3vulo puede ser fertilizado por el esperma masculino. Luego viaja al \u00fatero y se implanta para formar un embarazo. Si el \u00f3vulo no es fertilizado, se producir\u00e1 un ciclo menstrual normal. El c\u00e1ncer de la trompa de Falopio generalmente se forma en las c\u00e9lulas que recubren el interior de la trompa de Falopio.\n<\/p>\n<p class=\"section-content\">\nEl c\u00e1ncer de trompa de Falopio generalmente se desarrolla en la punta o el extremo externo de la trompa de Falopio (el extremo m\u00e1s cercano al ovario). De hecho, investigaciones recientes sugieren que la mayor\u00eda de los c\u00e1nceres de ovario en realidad comienzan en la trompa de Falopio y luego se propaga a la superficie de los ovarios y m\u00e1s all\u00e1. Por lo tanto, a lo largo de la literatura m\u00e9dica, el \"c\u00e1ncer de ovario\" se usa a menudo como un t\u00e9rmino general que en realidad incorpora el c\u00e1ncer de ovario, de las trompas de Falopio y peritoneal primario. El comportamiento cl\u00ednico y la respuesta al tratamiento son tan similares que todos se tratan de la misma manera.\n<\/p>\n<p class=\"section-content\">\nLa literatura reciente tambi\u00e9n ha demostrado que el tipo de c\u00e1ncer m\u00e1s com\u00fan de trompa de Falopio y ovario (carcinoma seroso de alto grado) proviene de una lesi\u00f3n precancerosa en la trompa de Falopio llamada STIC (lesi\u00f3n intraepitelial tub\u00e1rica serosa).\n<\/p>\n<p class=\"section-content\"><\/div><div class=\"clearboth\"><\/div>\n","protected":false},"excerpt":{"rendered":"","protected":false},"author":5,"featured_media":0,"parent":16059,"menu_order":1,"comment_status":"closed","ping_status":"open","template":"template-tumor.php","meta":{"footnotes":""},"tags":[10],"class_list":["post-16060","page","type-page","status-publish","hentry","tag-members-only"],"yoast_head":"<!-- This site is optimized with the Yoast SEO plugin v25.0 - https:\/\/yoast.com\/wordpress\/plugins\/seo\/ -->\n<title>CMedEd | Informaci\u00f3n para comprender el c\u00e1ncer de trompas de Falopio | Generalidades<\/title>\n<meta name=\"robots\" content=\"index, follow, max-snippet:-1, max-image-preview:large, max-video-preview:-1\" \/>\n<link rel=\"canonical\" href=\"https:\/\/cmeded.com\/es\/gynecological\/understanding-fallopian-tube-cancer\/overview\/\" \/>\n<meta property=\"og:locale\" content=\"es_ES\" \/>\n<meta property=\"og:type\" content=\"article\" \/>\n<meta property=\"og:title\" content=\"CMedEd | Informaci\u00f3n para comprender el c\u00e1ncer de trompas de Falopio | Generalidades\" \/>\n<meta property=\"og:url\" content=\"https:\/\/cmeded.com\/es\/gynecological\/understanding-fallopian-tube-cancer\/overview\/\" \/>\n<meta property=\"og:site_name\" content=\"CMedEd\" \/>\n<meta property=\"article:modified_time\" content=\"2023-08-24T23:50:21+00:00\" \/>\n<meta name=\"twitter:card\" content=\"summary_large_image\" \/>\n<meta name=\"twitter:label1\" content=\"Tiempo de lectura\" \/>\n\t<meta name=\"twitter:data1\" content=\"2 minutos\" \/>\n<script type=\"application\/ld+json\" class=\"yoast-schema-graph\">{\"@context\":\"https:\/\/schema.org\",\"@graph\":[{\"@type\":\"WebPage\",\"@id\":\"https:\/\/cmeded.com\/es\/gynecological\/understanding-fallopian-tube-cancer\/overview\/\",\"url\":\"https:\/\/cmeded.com\/es\/gynecological\/understanding-fallopian-tube-cancer\/overview\/\",\"name\":\"CMedEd | Informaci\u00f3n para comprender el c\u00e1ncer de trompas de Falopio | Generalidades\",\"isPartOf\":{\"@id\":\"https:\/\/cmeded.com\/es\/#website\"},\"datePublished\":\"2014-03-14T15:25:08+00:00\",\"dateModified\":\"2023-08-24T23:50:21+00:00\",\"breadcrumb\":{\"@id\":\"https:\/\/cmeded.com\/es\/gynecological\/understanding-fallopian-tube-cancer\/overview\/#breadcrumb\"},\"inLanguage\":\"es\",\"potentialAction\":[{\"@type\":\"ReadAction\",\"target\":[\"https:\/\/cmeded.com\/es\/gynecological\/understanding-fallopian-tube-cancer\/overview\/\"]}]},{\"@type\":\"BreadcrumbList\",\"@id\":\"https:\/\/cmeded.com\/es\/gynecological\/understanding-fallopian-tube-cancer\/overview\/#breadcrumb\",\"itemListElement\":[{\"@type\":\"ListItem\",\"position\":1,\"name\":\"Home\",\"item\":\"https:\/\/cmeded.com\/es\/\"},{\"@type\":\"ListItem\",\"position\":2,\"name\":\"Ginecol\u00f3gico\",\"item\":\"https:\/\/cmeded.com\/es\/gynecological\/\"},{\"@type\":\"ListItem\",\"position\":3,\"name\":\"Informaci\u00f3n para comprender el c\u00e1ncer de trompas de Falopio\",\"item\":\"https:\/\/cmeded.com\/es\/gynecological\/understanding-fallopian-tube-cancer\/\"},{\"@type\":\"ListItem\",\"position\":4,\"name\":\"Generalidades\"}]},{\"@type\":\"WebSite\",\"@id\":\"https:\/\/cmeded.com\/es\/#website\",\"url\":\"https:\/\/cmeded.com\/es\/\",\"name\":\"CMedEd\",\"description\":\"Recurso principal de informaci\u00f3n sobre el c\u00e1ncer\",\"potentialAction\":[{\"@type\":\"SearchAction\",\"target\":{\"@type\":\"EntryPoint\",\"urlTemplate\":\"https:\/\/cmeded.com\/es\/?s={search_term_string}\"},\"query-input\":{\"@type\":\"PropertyValueSpecification\",\"valueRequired\":true,\"valueName\":\"search_term_string\"}}],\"inLanguage\":\"es\"}]}<\/script>\n<!-- \/ Yoast SEO plugin. -->","yoast_head_json":{"title":"CMedEd | Informaci\u00f3n para comprender el c\u00e1ncer de trompas de Falopio | Generalidades","robots":{"index":"index","follow":"follow","max-snippet":"max-snippet:-1","max-image-preview":"max-image-preview:large","max-video-preview":"max-video-preview:-1"},"canonical":"https:\/\/cmeded.com\/es\/gynecological\/understanding-fallopian-tube-cancer\/overview\/","og_locale":"es_ES","og_type":"article","og_title":"CMedEd | Informaci\u00f3n para comprender el c\u00e1ncer de trompas de Falopio | Generalidades","og_url":"https:\/\/cmeded.com\/es\/gynecological\/understanding-fallopian-tube-cancer\/overview\/","og_site_name":"CMedEd","article_modified_time":"2023-08-24T23:50:21+00:00","twitter_card":"summary_large_image","twitter_misc":{"Tiempo de lectura":"2 minutos"},"schema":{"@context":"https:\/\/schema.org","@graph":[{"@type":"WebPage","@id":"https:\/\/cmeded.com\/es\/gynecological\/understanding-fallopian-tube-cancer\/overview\/","url":"https:\/\/cmeded.com\/es\/gynecological\/understanding-fallopian-tube-cancer\/overview\/","name":"CMedEd | Informaci\u00f3n para comprender el c\u00e1ncer de trompas de Falopio | Generalidades","isPartOf":{"@id":"https:\/\/cmeded.com\/es\/#website"},"datePublished":"2014-03-14T15:25:08+00:00","dateModified":"2023-08-24T23:50:21+00:00","breadcrumb":{"@id":"https:\/\/cmeded.com\/es\/gynecological\/understanding-fallopian-tube-cancer\/overview\/#breadcrumb"},"inLanguage":"es","potentialAction":[{"@type":"ReadAction","target":["https:\/\/cmeded.com\/es\/gynecological\/understanding-fallopian-tube-cancer\/overview\/"]}]},{"@type":"BreadcrumbList","@id":"https:\/\/cmeded.com\/es\/gynecological\/understanding-fallopian-tube-cancer\/overview\/#breadcrumb","itemListElement":[{"@type":"ListItem","position":1,"name":"Home","item":"https:\/\/cmeded.com\/es\/"},{"@type":"ListItem","position":2,"name":"Ginecol\u00f3gico","item":"https:\/\/cmeded.com\/es\/gynecological\/"},{"@type":"ListItem","position":3,"name":"Informaci\u00f3n para comprender el c\u00e1ncer de trompas de Falopio","item":"https:\/\/cmeded.com\/es\/gynecological\/understanding-fallopian-tube-cancer\/"},{"@type":"ListItem","position":4,"name":"Generalidades"}]},{"@type":"WebSite","@id":"https:\/\/cmeded.com\/es\/#website","url":"https:\/\/cmeded.com\/es\/","name":"CMedEd","description":"Recurso principal de informaci\u00f3n sobre el c\u00e1ncer","potentialAction":[{"@type":"SearchAction","target":{"@type":"EntryPoint","urlTemplate":"https:\/\/cmeded.com\/es\/?s={search_term_string}"},"query-input":{"@type":"PropertyValueSpecification","valueRequired":true,"valueName":"search_term_string"}}],"inLanguage":"es"}]}},"_links":{"self":[{"href":"https:\/\/cmeded.com\/es\/wp-json\/wp\/v2\/pages\/16060","targetHints":{"allow":["GET"]}}],"collection":[{"href":"https:\/\/cmeded.com\/es\/wp-json\/wp\/v2\/pages"}],"about":[{"href":"https:\/\/cmeded.com\/es\/wp-json\/wp\/v2\/types\/page"}],"author":[{"embeddable":true,"href":"https:\/\/cmeded.com\/es\/wp-json\/wp\/v2\/users\/5"}],"replies":[{"embeddable":true,"href":"https:\/\/cmeded.com\/es\/wp-json\/wp\/v2\/comments?post=16060"}],"version-history":[{"count":0,"href":"https:\/\/cmeded.com\/es\/wp-json\/wp\/v2\/pages\/16060\/revisions"}],"up":[{"embeddable":true,"href":"https:\/\/cmeded.com\/es\/wp-json\/wp\/v2\/pages\/16059"}],"wp:attachment":[{"href":"https:\/\/cmeded.com\/es\/wp-json\/wp\/v2\/media?parent=16060"}],"wp:term":[{"taxonomy":"post_tag","embeddable":true,"href":"https:\/\/cmeded.com\/es\/wp-json\/wp\/v2\/tags?post=16060"}],"curies":[{"name":"wp","href":"https:\/\/api.w.org\/{rel}","templated":true}]}}