{"id":16055,"date":"2014-03-14T09:49:17","date_gmt":"2014-03-14T14:49:17","guid":{"rendered":"http:\/\/cmeded.wpengine.com\/?page_id=16055"},"modified":"2023-08-24T18:48:36","modified_gmt":"2023-08-24T23:48:36","slug":"diagnosis","status":"publish","type":"page","link":"https:\/\/cmeded.com\/es\/leukemia\/understanding-chronic-myeloid-leukemia-cml\/diagnosis\/","title":{"rendered":"Diagn\u00f3stico"},"content":{"rendered":"<h4 class=\"section-title\">Diagn\u00f3stico<\/h4>\n<p class=\"section-content\">Si usted tiene s\u00edntomas de LMC, el m\u00e9dico analizar\u00e1 sus antecedentes m\u00e9dicos y le realizar\u00e1 un examen f\u00edsico para determinar qu\u00e9 factores pueden estar provocando los s\u00edntomas.  Si el m\u00e9dico piensa que usted tiene LMC, se tomar\u00e1n y controlar\u00e1n muestras de sangre y m\u00e9dula \u00f3sea para detectar signos de la enfermedad.  El m\u00e9dico puede recomendar cualquiera de los siguientes procedimientos como parte de este proceso:<\/p>\n<div class=\"divider\" id=\"\">\n\t\n\t<\/div>\n<div class=\"risk-factor\">\n<div class=\"symp-pic\"><div id=\"caption\" style=\"width: 210px\" class=\"wp-caption center aligncenter\"><a href=\"\/wp-content\/uploads\/2013\/03\/Bone-Marrow-Biopsy-PSF1.jpg\" title=\"Click Image to Enlarge.\"><img decoding=\"async\" aria-describedby=\"caption-caption\" src=\"\/wp-content\/uploads\/2013\/03\/Bone-Marrow-Biopsy-225x155.jpg\" class=\"aligncenter\" alt=\"Aspiraci\u00f3n y biopsia de la m\u00e9dula \u00f3sea\" style=\"max-height:150px\" \/><\/a><p id=\"caption-caption\" class=\"wp-caption-text\">Click Image to Enlarge.<\/p><\/div><\/div>\n<div class=\"risk-text-wrap\">\n<h5 class=\"section-title\">Aspiraci\u00f3n y biopsia de la m\u00e9dula \u00f3sea<\/h5>\n<p class=\"section-content\">Si el m\u00e9dico supone la presencia de LMC, realizar\u00e1 siempre este procedimiento.  El m\u00e9dico o enfermero aplican anestesia sobre el hueso de la cadera del paciente y emplean una aguja para extraer una parte de hueso s\u00f3lido y de la m\u00e9dula \u00f3sea.  El m\u00e9dico luego examina la muestra de tejido al microscopio para determinar si hay c\u00e9lulas leuc\u00e9micas presentes. Esta prueba puede realizarse en el hospital o el consultorio m\u00e9dico, y la mayor\u00eda de los pacientes pueden regresar a sus hogares despu\u00e9s de la prueba.<\/p>\n<\/div>\n<div class=\"clearboth\"><\/div>\n<\/div>\n<div class=\"divider\" id=\"\">\n\t\n\t<\/div>\n<div class=\"risk-factor\">\n<div class=\"symp-pic\"><img decoding=\"async\" src=\"\/wp-content\/uploads\/2013\/04\/CBC125.png\" class=\"aligncenter\" alt=\"An\u00e1lisis de sangre\" style=\"height:150px\" \/><\/div>\n<div class=\"risk-text-wrap\">\n<h5 class=\"section-title\">An\u00e1lisis de sangre<\/h5>\n<p class=\"section-content\">Un especialista puede optar por hacer an\u00e1lisis de sangre para detectar cualquier anormalidad. Estas pruebas pueden incluir:<\/p>\n<ul class=\"about-content\">\n<li><strong style=\"color:#336699\">Frotis de sangre perif\u00e9rica:<\/strong> En esta prueba, un hemat\u00f3logo examina una muestra de sangre al microscopio.  El m\u00e9dico observa el aspecto y la cantidad de distintas c\u00e9lulas de la sangre y busca anomal\u00edas que puedan indicar la presencia de la LMC.<\/li>\n<li><strong style=\"color:#336699\">Hemograma completo:<\/strong> Con un hemograma completo, se mide el nivel de los distintos tipos de c\u00e9lulas en la sangre.  Las personas que tienen LMC suelen presentar demasiados granulocitos an\u00f3malos en la sangre.  Estas c\u00e9lulas an\u00f3malas pueden desplazar a las c\u00e9lulas sangu\u00edneas sanas y provocar afecciones como anemia, leucocitopenia y trombocitopenia.<\/li>\n<\/ul>\n<\/div>\n<div class=\"clearboth\"><\/div>\n<\/div>\n<div class=\"divider\" id=\"\">\n\t\n\t<\/div>\n<div class=\"risk-factor\">\n<div class=\"symp-pic\">\n<div id=\"caption\" style=\"width: 160px\" class=\"wp-caption aligncenter\"><a href='\/wp-content\/uploads\/2012\/11\/Immunohistochemistry-IHC.png' title='Go to enlarged image.'><img decoding=\"async\" aria-describedby=\"caption-caption\" src=\"\/wp-content\/uploads\/2012\/11\/Immunohistochemistry-IHC.png\" class=\"aligncenter\" alt=\"Citoqu\u00edmica e inmunocitoqu\u00edmica\" style=\"height:150px\" \/><\/a><p id=\"caption-caption\" class=\"wp-caption-text\">Click Image to Enlarge.<\/p><\/div>\n<\/div>\n<div class=\"risk-text-wrap\">\n<h5 class=\"section-title\">Citoqu\u00edmica e inmunocitoqu\u00edmica<\/h5>\n<p class=\"section-content\">En estas pruebas se aplican tinci\u00f3n o anticuerpos especiales a la muestra de sangre o de m\u00e9dula \u00f3sea. Estas sustancias reaccionan ante la presencia de determinados tipos de c\u00e9lulas leuc\u00e9micas y producen tinciones visibles que se pueden observar al microscopio.<\/p>\n<\/div>\n<div class=\"clearboth\"><\/div>\n<\/div>\n<div class=\"divider\" id=\"\">\n\t\n\t<\/div>\n<div class=\"risk-factor\">\n<div class=\"symp-pic\"><div id=\"caption\" style=\"width: 210px\" class=\"wp-caption center aligncenter\"><a href=\"\/wp-content\/uploads\/sites\/4\/2015\/07\/Flow-Cytometry.jpg\" title=\"Click Image to Enlarge.\"><img decoding=\"async\" aria-describedby=\"caption-caption\" src=\"\/wp-content\/uploads\/sites\/4\/2015\/07\/Flow-Cytometry.jpg\" class=\"aligncenter\" alt=\"Citometr\u00eda de flujo\" style=\"height:150px\" \/><\/a><p id=\"caption-caption\" class=\"wp-caption-text\">Click Image to Enlarge.<\/p><\/div><\/div>\n<div class=\"risk-text-wrap\">\n<h5 class=\"section-title\">Citometr\u00eda de flujo<\/h5>\n<p class=\"section-content\">Durante este procedimiento, el m\u00e9dico expone una muestra de sangre o de m\u00e9dula \u00f3sea a anticuerpos especiales que se unen \u00fanicamente a determinadas sustancias presentes en las c\u00e9lulas cancerosas.  A continuaci\u00f3n, mueve la muestra por medio de un haz de l\u00e1ser que ilumina los anticuerpos.  Esta prueba le permite al m\u00e9dico identificar los tipos espec\u00edficos de c\u00e9lulas de la leucemia, con lo cual puede obtener una mejor idea de la madurez y el origen de las c\u00e9lulas cancerosas. Es particularmente importante en los estadios avanzados (fases bl\u00e1sticas) para establecer una diferencia entre los tipos de transformaci\u00f3n mieloide y linfoc\u00edtica.<\/p>\n<\/div>\n<div class=\"clearboth\"><\/div>\n<\/div>\n<div class=\"divider\" id=\"\">\n\t\n\t<\/div>\n<div class=\"risk-factor\">\n<div class=\"symp-pic\">\n<div id=\"caption\" style=\"width: 160px\" class=\"wp-caption aligncenter\"><a href='\/wp-content\/uploads\/2013\/04\/Cytogenetics-204x150.jpg' title='Go to enlarged image.'><img decoding=\"async\" aria-describedby=\"caption-caption\" src=\"\/wp-content\/uploads\/2013\/04\/Cytogenetics-204x150.jpg\" class=\"aligncenter\" alt=\"Pruebas de citogen\u00e9tica\" style=\"height:150px\"  \/><\/a><p id=\"caption-caption\" class=\"wp-caption-text\">Click Image to Enlarge.<\/p><\/div>\n<\/div>\n<div class=\"risk-text-wrap\">\n<h5 class=\"section-title\">Pruebas de citogen\u00e9tica<\/h5>\n<p class=\"section-content\">El m\u00e9dico examina las c\u00e9lulas cancerosas y observa si se presentan cambios cromos\u00f3micos para determinar las caracter\u00edsticas espec\u00edficas y el subtipo de la enfermedad.  Para estas pruebas, el m\u00e9dico hace crecer una muestra de c\u00e9lulas de la m\u00e9dula \u00f3sea en el laboratorio y examina los cromosomas al microscopio una vez que las c\u00e9lulas comienzan a dividirse.  La divisi\u00f3n celular es la etapa en la que se pueden observar los cromosomas con mayor facilidad.<\/p>\n<\/div>\n<div class=\"clearboth\"><\/div>\n<\/div>\n<div class=\"divider\" id=\"\">\n\t\n\t<\/div>\n<div class=\"risk-factor\">\n<div class=\"symp-pic\">\n<div id=\"caption\" style=\"width: 160px\" class=\"wp-caption aligncenter\"><a href='\/wp-content\/uploads\/2012\/11\/ISH.png' title='Go to enlarged image.'><img decoding=\"async\" aria-describedby=\"caption-caption\" src=\"\/wp-content\/uploads\/2012\/11\/ISH.png\" class=\"aligncenter\" alt=\"Hibridaci\u00f3n fluorescente in situ\"  style=\"height:150px\" \/><\/a><p id=\"caption-caption\" class=\"wp-caption-text\">Click Image to Enlarge.<\/p><\/div>\n<\/div>\n<div class=\"risk-text-wrap\">\n<h5 class=\"section-title\">Hibridaci\u00f3n fluorescente in situ<\/h5>\n<p class=\"section-content\">Los m\u00e9dicos usan esta prueba para detectar cambios en los cromosomas y el ADN de las muestras de sangre y m\u00e9dula \u00f3sea.  El m\u00e9dico expondr\u00e1 la muestra a unos colorantes especiales que se unen a partes espec\u00edficas de determinados cromosomas.  Con estos colorantes, el m\u00e9dico puede detectar anomal\u00edas en los cromosomas, los cuales, como se sabe, desempe\u00f1an una funci\u00f3n en la LMC.  Esta prueba es mucho m\u00e1s r\u00e1pida que las pruebas de citogen\u00e9tica porque no es necesario que la muestra celular crezca en un laboratorio.<\/p>\n<\/div>\n<div class=\"clearboth\"><\/div>\n<\/div>\n<div class=\"divider\" id=\"\">\n\t\n\t<\/div>\n<div class=\"risk-factor\">\n<div class=\"symp-pic\"><img decoding=\"async\" src=\"\/wp-content\/uploads\/2012\/11\/DNA-strand1.png\" class=\"aligncenter\" alt=\"Reacci\u00f3n en cadena de la polimerasa\" style=\"height:150px\" \/><\/div>\n<div class=\"risk-text-wrap\">\n<h5 class=\"section-title\">Reacci\u00f3n en cadena de la polimerasa<\/h5>\n<p class=\"section-content\">El m\u00e9dico puede llevar a cabo esta prueba de ADN en una muestra de sangre o m\u00e9dula \u00f3sea.  Los m\u00e9dicos usan esta prueba para detectar anomal\u00edas cromos\u00f3micas que no pueden observarse al microscopio debido a que son demasiado peque\u00f1as.  El grado de sensibilidad de esta prueba es muy alto y puede detectar estas anomal\u00edas, incluso si hay una cantidad muy reducida de c\u00e9lulas leuc\u00e9micas en la muestra.<\/p>\n<\/div>\n<div class=\"clearboth\"><\/div>\n<\/div>\n","protected":false},"excerpt":{"rendered":"<p>Diagn\u00f3stico Si usted tiene s\u00edntomas de LMC, el m\u00e9dico analizar\u00e1 sus antecedentes m\u00e9dicos y le realizar\u00e1 un examen f\u00edsico para determinar qu\u00e9 factores pueden estar provocando los s\u00edntomas. Si el m\u00e9dico piensa que usted tiene LMC, se tomar\u00e1n y controlar\u00e1n muestras de sangre y m\u00e9dula \u00f3sea para detectar signos de la enfermedad. El m\u00e9dico puede [&hellip;]<\/p>\n","protected":false},"author":5,"featured_media":0,"parent":16048,"menu_order":4,"comment_status":"closed","ping_status":"open","template":"template-tumor.php","meta":{"footnotes":""},"tags":[10],"class_list":["post-16055","page","type-page","status-publish","hentry","tag-members-only"],"yoast_head":"<!-- This site is optimized with the Yoast SEO plugin v25.0 - https:\/\/yoast.com\/wordpress\/plugins\/seo\/ -->\n<title>CMedEd | Informaci\u00f3n para comprender la leucemia mieloide cr\u00f3nica (LMC) | Diagn\u00f3stico<\/title>\n<meta name=\"description\" content=\"Diagn\u00f3stico Si usted tiene s\u00edntomas de LMC, el m\u00e9dico analizar\u00e1 sus antecedentes m\u00e9dicos y le realizar\u00e1 un examen f\u00edsico para determinar qu\u00e9 factores\" \/>\n<meta name=\"robots\" content=\"index, follow, max-snippet:-1, max-image-preview:large, max-video-preview:-1\" \/>\n<link rel=\"canonical\" href=\"https:\/\/cmeded.com\/es\/leukemia\/understanding-chronic-myeloid-leukemia-cml\/diagnosis\/\" \/>\n<meta property=\"og:locale\" content=\"es_ES\" \/>\n<meta property=\"og:type\" content=\"article\" \/>\n<meta property=\"og:title\" content=\"CMedEd | Informaci\u00f3n para comprender la leucemia mieloide cr\u00f3nica (LMC) | Diagn\u00f3stico\" \/>\n<meta property=\"og:description\" content=\"Diagn\u00f3stico Si usted tiene s\u00edntomas de LMC, el m\u00e9dico analizar\u00e1 sus antecedentes m\u00e9dicos y le realizar\u00e1 un examen f\u00edsico para determinar qu\u00e9 factores\" \/>\n<meta property=\"og:url\" content=\"https:\/\/cmeded.com\/es\/leukemia\/understanding-chronic-myeloid-leukemia-cml\/diagnosis\/\" \/>\n<meta property=\"og:site_name\" content=\"CMedEd\" \/>\n<meta property=\"article:modified_time\" content=\"2023-08-24T23:48:36+00:00\" \/>\n<meta name=\"twitter:card\" content=\"summary_large_image\" \/>\n<meta name=\"twitter:label1\" content=\"Tiempo de lectura\" \/>\n\t<meta name=\"twitter:data1\" content=\"4 minutos\" \/>\n<script type=\"application\/ld+json\" class=\"yoast-schema-graph\">{\"@context\":\"https:\/\/schema.org\",\"@graph\":[{\"@type\":\"WebPage\",\"@id\":\"https:\/\/cmeded.com\/es\/leukemia\/understanding-chronic-myeloid-leukemia-cml\/diagnosis\/\",\"url\":\"https:\/\/cmeded.com\/es\/leukemia\/understanding-chronic-myeloid-leukemia-cml\/diagnosis\/\",\"name\":\"CMedEd | Informaci\u00f3n para comprender la leucemia mieloide cr\u00f3nica (LMC) | Diagn\u00f3stico\",\"isPartOf\":{\"@id\":\"https:\/\/cmeded.com\/es\/#website\"},\"datePublished\":\"2014-03-14T14:49:17+00:00\",\"dateModified\":\"2023-08-24T23:48:36+00:00\",\"description\":\"Diagn\u00f3stico Si usted tiene s\u00edntomas de LMC, el m\u00e9dico analizar\u00e1 sus antecedentes m\u00e9dicos y le realizar\u00e1 un examen f\u00edsico para determinar qu\u00e9 factores\",\"breadcrumb\":{\"@id\":\"https:\/\/cmeded.com\/es\/leukemia\/understanding-chronic-myeloid-leukemia-cml\/diagnosis\/#breadcrumb\"},\"inLanguage\":\"es\",\"potentialAction\":[{\"@type\":\"ReadAction\",\"target\":[\"https:\/\/cmeded.com\/es\/leukemia\/understanding-chronic-myeloid-leukemia-cml\/diagnosis\/\"]}]},{\"@type\":\"BreadcrumbList\",\"@id\":\"https:\/\/cmeded.com\/es\/leukemia\/understanding-chronic-myeloid-leukemia-cml\/diagnosis\/#breadcrumb\",\"itemListElement\":[{\"@type\":\"ListItem\",\"position\":1,\"name\":\"Home\",\"item\":\"https:\/\/cmeded.com\/es\/\"},{\"@type\":\"ListItem\",\"position\":2,\"name\":\"Leucemia\",\"item\":\"https:\/\/cmeded.com\/es\/leukemia\/\"},{\"@type\":\"ListItem\",\"position\":3,\"name\":\"Informaci\u00f3n para comprender la leucemia mieloide cr\u00f3nica (LMC)\",\"item\":\"https:\/\/cmeded.com\/es\/leukemia\/understanding-chronic-myeloid-leukemia-cml\/\"},{\"@type\":\"ListItem\",\"position\":4,\"name\":\"Diagn\u00f3stico\"}]},{\"@type\":\"WebSite\",\"@id\":\"https:\/\/cmeded.com\/es\/#website\",\"url\":\"https:\/\/cmeded.com\/es\/\",\"name\":\"CMedEd\",\"description\":\"Recurso principal de informaci\u00f3n sobre el c\u00e1ncer\",\"potentialAction\":[{\"@type\":\"SearchAction\",\"target\":{\"@type\":\"EntryPoint\",\"urlTemplate\":\"https:\/\/cmeded.com\/es\/?s={search_term_string}\"},\"query-input\":{\"@type\":\"PropertyValueSpecification\",\"valueRequired\":true,\"valueName\":\"search_term_string\"}}],\"inLanguage\":\"es\"}]}<\/script>\n<!-- \/ Yoast SEO plugin. -->","yoast_head_json":{"title":"CMedEd | Informaci\u00f3n para comprender la leucemia mieloide cr\u00f3nica (LMC) | Diagn\u00f3stico","description":"Diagn\u00f3stico Si usted tiene s\u00edntomas de LMC, el m\u00e9dico analizar\u00e1 sus antecedentes m\u00e9dicos y le realizar\u00e1 un examen f\u00edsico para determinar qu\u00e9 factores","robots":{"index":"index","follow":"follow","max-snippet":"max-snippet:-1","max-image-preview":"max-image-preview:large","max-video-preview":"max-video-preview:-1"},"canonical":"https:\/\/cmeded.com\/es\/leukemia\/understanding-chronic-myeloid-leukemia-cml\/diagnosis\/","og_locale":"es_ES","og_type":"article","og_title":"CMedEd | Informaci\u00f3n para comprender la leucemia mieloide cr\u00f3nica (LMC) | Diagn\u00f3stico","og_description":"Diagn\u00f3stico Si usted tiene s\u00edntomas de LMC, el m\u00e9dico analizar\u00e1 sus antecedentes m\u00e9dicos y le realizar\u00e1 un examen f\u00edsico para determinar qu\u00e9 factores","og_url":"https:\/\/cmeded.com\/es\/leukemia\/understanding-chronic-myeloid-leukemia-cml\/diagnosis\/","og_site_name":"CMedEd","article_modified_time":"2023-08-24T23:48:36+00:00","twitter_card":"summary_large_image","twitter_misc":{"Tiempo de lectura":"4 minutos"},"schema":{"@context":"https:\/\/schema.org","@graph":[{"@type":"WebPage","@id":"https:\/\/cmeded.com\/es\/leukemia\/understanding-chronic-myeloid-leukemia-cml\/diagnosis\/","url":"https:\/\/cmeded.com\/es\/leukemia\/understanding-chronic-myeloid-leukemia-cml\/diagnosis\/","name":"CMedEd | Informaci\u00f3n para comprender la leucemia mieloide cr\u00f3nica (LMC) | Diagn\u00f3stico","isPartOf":{"@id":"https:\/\/cmeded.com\/es\/#website"},"datePublished":"2014-03-14T14:49:17+00:00","dateModified":"2023-08-24T23:48:36+00:00","description":"Diagn\u00f3stico Si usted tiene s\u00edntomas de LMC, el m\u00e9dico analizar\u00e1 sus antecedentes m\u00e9dicos y le realizar\u00e1 un examen f\u00edsico para determinar qu\u00e9 factores","breadcrumb":{"@id":"https:\/\/cmeded.com\/es\/leukemia\/understanding-chronic-myeloid-leukemia-cml\/diagnosis\/#breadcrumb"},"inLanguage":"es","potentialAction":[{"@type":"ReadAction","target":["https:\/\/cmeded.com\/es\/leukemia\/understanding-chronic-myeloid-leukemia-cml\/diagnosis\/"]}]},{"@type":"BreadcrumbList","@id":"https:\/\/cmeded.com\/es\/leukemia\/understanding-chronic-myeloid-leukemia-cml\/diagnosis\/#breadcrumb","itemListElement":[{"@type":"ListItem","position":1,"name":"Home","item":"https:\/\/cmeded.com\/es\/"},{"@type":"ListItem","position":2,"name":"Leucemia","item":"https:\/\/cmeded.com\/es\/leukemia\/"},{"@type":"ListItem","position":3,"name":"Informaci\u00f3n para comprender la leucemia mieloide cr\u00f3nica (LMC)","item":"https:\/\/cmeded.com\/es\/leukemia\/understanding-chronic-myeloid-leukemia-cml\/"},{"@type":"ListItem","position":4,"name":"Diagn\u00f3stico"}]},{"@type":"WebSite","@id":"https:\/\/cmeded.com\/es\/#website","url":"https:\/\/cmeded.com\/es\/","name":"CMedEd","description":"Recurso principal de informaci\u00f3n sobre el c\u00e1ncer","potentialAction":[{"@type":"SearchAction","target":{"@type":"EntryPoint","urlTemplate":"https:\/\/cmeded.com\/es\/?s={search_term_string}"},"query-input":{"@type":"PropertyValueSpecification","valueRequired":true,"valueName":"search_term_string"}}],"inLanguage":"es"}]}},"_links":{"self":[{"href":"https:\/\/cmeded.com\/es\/wp-json\/wp\/v2\/pages\/16055","targetHints":{"allow":["GET"]}}],"collection":[{"href":"https:\/\/cmeded.com\/es\/wp-json\/wp\/v2\/pages"}],"about":[{"href":"https:\/\/cmeded.com\/es\/wp-json\/wp\/v2\/types\/page"}],"author":[{"embeddable":true,"href":"https:\/\/cmeded.com\/es\/wp-json\/wp\/v2\/users\/5"}],"replies":[{"embeddable":true,"href":"https:\/\/cmeded.com\/es\/wp-json\/wp\/v2\/comments?post=16055"}],"version-history":[{"count":0,"href":"https:\/\/cmeded.com\/es\/wp-json\/wp\/v2\/pages\/16055\/revisions"}],"up":[{"embeddable":true,"href":"https:\/\/cmeded.com\/es\/wp-json\/wp\/v2\/pages\/16048"}],"wp:attachment":[{"href":"https:\/\/cmeded.com\/es\/wp-json\/wp\/v2\/media?parent=16055"}],"wp:term":[{"taxonomy":"post_tag","embeddable":true,"href":"https:\/\/cmeded.com\/es\/wp-json\/wp\/v2\/tags?post=16055"}],"curies":[{"name":"wp","href":"https:\/\/api.w.org\/{rel}","templated":true}]}}