{"id":16053,"date":"2014-03-14T09:40:46","date_gmt":"2014-03-14T14:40:46","guid":{"rendered":"http:\/\/cmeded.wpengine.com\/?page_id=16053"},"modified":"2023-08-24T18:48:35","modified_gmt":"2023-08-24T23:48:35","slug":"symptoms","status":"publish","type":"page","link":"https:\/\/cmeded.com\/es\/leukemia\/understanding-chronic-myeloid-leukemia-cml\/symptoms\/","title":{"rendered":"S\u00edntomas"},"content":{"rendered":"<h4 class=\"section-title\">S\u00edntomas<\/h4>\n<p class=\"section-content\">La LMC puede desarrollarse y avanzar lentamente y puede ser asintom\u00e1tica durante a\u00f1os.  En general, las personas que tienen LMC descubren la presencia del c\u00e1ncer cuando se someten a pruebas que no est\u00e1n relacionadas con la enfermedad; y no presentan signos ni s\u00edntomas hasta despu\u00e9s del diagn\u00f3stico. Con el tiempo, la LMC avanza y puede provocar los siguientes s\u00edntomas:<\/p>\n<div class=\"one_half\">\n<div class=\"divider\" id=\"\">\n\t\n\t<\/div><\/p>\n<div class=\"risk-factor\">\n<div class=\"symp-pic\"><img decoding=\"async\" src=\"\/wp-content\/uploads\/2013\/03\/Fatigue150.png\" class=\"aligncenter\" alt=\"Debilidad y cansancio\" style=\"height:125px;\"><\/div>\n<div>\n<h5 class=\"section-title\">Debilidad y cansancio<\/h5>\n<\/div>\n<div class=\"clearboth\"><\/div>\n<\/div>\n<div class=\"divider\" id=\"\">\n\t\n\t<\/div>\n<div class=\"risk-factor\">\n<div class=\"symp-pic\"><img decoding=\"async\" src=\"\/wp-content\/uploads\/2019\/08\/Man-with-Fever2.jpg\" class=\"aligncenter\" alt=\"Fiebre\" style=\"height:155px;\"><\/div>\n<div>\n<h5 class=\"section-title\">Fiebre<\/h5>\n<\/div>\n<div class=\"clearboth\"><\/div>\n<\/div>\n<div class=\"divider\" id=\"\">\n\t\n\t<\/div>\n<div class=\"risk-factor\">\n<div class=\"symp-pic\"><img decoding=\"async\" src=\"\/wp-content\/uploads\/2021\/06\/black_feet_on_weight.jpg\" class=\"aligncenter\" alt=\"P\u00e9rdida de peso inexplicable\" style=\"height:125px;\"><\/div>\n<div>\n<h5 class=\"section-title\">P\u00e9rdida de peso inexplicable<\/h5>\n<\/div>\n<div class=\"clearboth\"><\/div>\n<\/div>\n<div class=\"divider\" id=\"\">\n\t\n\t<\/div>\n<div class=\"risk-factor\">\n<div class=\"symp-pic\"><div id=\"caption\" style=\"width: 195px\" class=\"wp-caption aligncenter\"><a href=\"\/wp-content\/uploads\/sites\/4\/2015\/07\/swollen-lymph-nodes-es.jpg\" title=\"Click Image to Enlarge.\"><img decoding=\"async\" aria-describedby=\"caption-caption\" src=\"\/wp-content\/uploads\/sites\/4\/2015\/07\/swollen-lymph-nodes-es.jpg\" class=\"aligncenter\" alt=\"Ganglios linf\u00e1ticos inflamados\" style=\"height:125px;\"><\/a><p id=\"caption-caption\" class=\"wp-caption-text\">Click Image to Enlarge.<\/p><\/div><\/div>\n<div>\n<h5 class=\"section-title\">Ganglios linf\u00e1ticos inflamados<\/h5>\n<\/div>\n<div class=\"clearboth\"><\/div>\n<\/div>\n<div class=\"divider\" id=\"\">\n\t\n\t<\/div>\n<div class=\"risk-factor\">\n<div class=\"symp-pic\"><img decoding=\"async\" src=\"\/wp-content\/uploads\/2013\/03\/NightSweats150.png\" class=\"aligncenter\" alt=\"Sudoraci\u00f3n nocturna\" style=\"height:125px;\"><\/div>\n<div>\n<h5 class=\"section-title\">Sudoraci\u00f3n nocturna<\/h5>\n<\/div>\n<div class=\"clearboth\"><\/div>\n<\/div>\n<div class=\"divider\" id=\"\">\n\t\n\t<\/div><\/div>\n<div class=\"one_half last\">\n<div class=\"divider\" id=\"remove-divider\">\n\t\n\t<\/div><\/p>\n<div class=\"risk-factor\">\n<div class=\"symp-pic\"><img decoding=\"async\" src=\"\/wp-content\/uploads\/2016\/01\/Anemia.jpg\" class=\"aligncenter\" alt=\"Anemia (n\u00famero bajo de gl\u00f3bulos rojos)\" style=\"height:125px;\"><\/div>\n<div>\n<p class=\"symp-tooltip\">Anemia (n\u00famero bajo de gl\u00f3bulos rojos)<\/p>\n<\/div>\n<div class=\"clearboth\"><\/div>\n<\/div>\n<div class=\"divider\" id=\"\">\n\t\n\t<\/div>\n<div class=\"risk-factor\">\n<div class=\"symp-pic\"><img decoding=\"async\" src=\"\/wp-content\/uploads\/2013\/04\/MDS-Leukopenia-200.jpg\" class=\"aligncenter\" alt=\"Leucocitopenia (n\u00famero bajo de gl\u00f3bulos blancos)\" style=\"height:125px;\"><\/div>\n<div>\n<p class=\"symp-tooltip\">Leucocitopenia (n\u00famero bajo de gl\u00f3bulos blancos)<\/p>\n<\/div>\n<div class=\"clearboth\"><\/div>\n<\/div>\n<div class=\"divider\" id=\"\">\n\t\n\t<\/div>\n<div class=\"risk-factor\">\n<div class=\"symp-pic thrombo\"><img decoding=\"async\" src=\"\/wp-content\/uploads\/2013\/05\/Dark-Skinned-People-PSF.jpg\" class=\"aligncenter\" alt=\"Trombocitopenia (n\u00famero bajo de plaquetas)\" style=\"height:125px;\"><\/div>\n<div class=\"wrap-fix\">\n<p class=\"symp-tooltip\">Trombocitopenia (n\u00famero bajo de plaquetas)<\/p>\n<\/div>\n<div class=\"clearboth\"><\/div>\n<\/div>\n<div class=\"divider\" id=\"\">\n\t\n\t<\/div>\n<div class=\"risk-factor\">\n<div class=\"symp-pic\"><div id=\"caption\" style=\"width: 195px\" class=\"wp-caption aligncenter\"><a href=\"\/wp-content\/uploads\/sites\/4\/2015\/07\/Swollen-Spleen-es.jpg\" title=\"Click Image to Enlarge.\"><img decoding=\"async\" aria-describedby=\"caption-caption\" src=\"\/wp-content\/uploads\/sites\/4\/2015\/07\/Swollen-Spleen-es.jpg\" class=\"aligncenter\" alt=\"Esplenomegalia (agrandamiento del bazo) o abdomen inflamado\" style=\"height:125px;\"><\/a><p id=\"caption-caption\" class=\"wp-caption-text\">Click Image to Enlarge.<\/p><\/div><\/div>\n<div>\n<h5 class=\"section-title\">Esplenomegalia (agrandamiento del bazo) o abdomen inflamado<\/h5>\n<\/div>\n<div class=\"clearboth\"><\/div>\n<\/div>\n<div class=\"divider\" id=\"\">\n\t\n\t<\/div><\/div>\n<div class=\"clearboth\"><\/div>\n","protected":false},"excerpt":{"rendered":"<p>S\u00edntomas La LMC puede desarrollarse y avanzar lentamente y puede ser asintom\u00e1tica durante a\u00f1os. En general, las personas que tienen LMC descubren la presencia del c\u00e1ncer cuando se someten a pruebas que no est\u00e1n relacionadas con la enfermedad; y no presentan signos ni s\u00edntomas hasta despu\u00e9s del diagn\u00f3stico. Con el tiempo, la LMC avanza y [&hellip;]<\/p>\n","protected":false},"author":5,"featured_media":0,"parent":16048,"menu_order":3,"comment_status":"closed","ping_status":"open","template":"template-tumor.php","meta":{"footnotes":""},"tags":[10],"class_list":["post-16053","page","type-page","status-publish","hentry","tag-members-only"],"yoast_head":"<!-- This site is optimized with the Yoast SEO plugin v25.0 - https:\/\/yoast.com\/wordpress\/plugins\/seo\/ -->\n<title>CMedEd | Informaci\u00f3n para comprender la leucemia mieloide cr\u00f3nica (LMC) | S\u00edntomas<\/title>\n<meta name=\"description\" content=\"S\u00edntomas La LMC puede desarrollarse y avanzar lentamente y puede ser asintom\u00e1tica durante a\u00f1os. En general, las personas que tienen LMC descubren la\" \/>\n<meta name=\"robots\" content=\"index, follow, max-snippet:-1, max-image-preview:large, max-video-preview:-1\" \/>\n<link rel=\"canonical\" href=\"https:\/\/cmeded.com\/es\/leukemia\/understanding-chronic-myeloid-leukemia-cml\/symptoms\/\" \/>\n<meta property=\"og:locale\" content=\"es_ES\" \/>\n<meta property=\"og:type\" content=\"article\" \/>\n<meta property=\"og:title\" content=\"CMedEd | Informaci\u00f3n para comprender la leucemia mieloide cr\u00f3nica (LMC) | S\u00edntomas\" \/>\n<meta property=\"og:description\" content=\"S\u00edntomas La LMC puede desarrollarse y avanzar lentamente y puede ser asintom\u00e1tica durante a\u00f1os. En general, las personas que tienen LMC descubren la\" \/>\n<meta property=\"og:url\" content=\"https:\/\/cmeded.com\/es\/leukemia\/understanding-chronic-myeloid-leukemia-cml\/symptoms\/\" \/>\n<meta property=\"og:site_name\" content=\"CMedEd\" \/>\n<meta property=\"article:modified_time\" content=\"2023-08-24T23:48:35+00:00\" \/>\n<meta name=\"twitter:card\" content=\"summary_large_image\" \/>\n<meta name=\"twitter:label1\" content=\"Tiempo de lectura\" \/>\n\t<meta name=\"twitter:data1\" content=\"1 minuto\" \/>\n<script type=\"application\/ld+json\" class=\"yoast-schema-graph\">{\"@context\":\"https:\/\/schema.org\",\"@graph\":[{\"@type\":\"WebPage\",\"@id\":\"https:\/\/cmeded.com\/es\/leukemia\/understanding-chronic-myeloid-leukemia-cml\/symptoms\/\",\"url\":\"https:\/\/cmeded.com\/es\/leukemia\/understanding-chronic-myeloid-leukemia-cml\/symptoms\/\",\"name\":\"CMedEd | Informaci\u00f3n para comprender la leucemia mieloide cr\u00f3nica (LMC) | S\u00edntomas\",\"isPartOf\":{\"@id\":\"https:\/\/cmeded.com\/es\/#website\"},\"datePublished\":\"2014-03-14T14:40:46+00:00\",\"dateModified\":\"2023-08-24T23:48:35+00:00\",\"description\":\"S\u00edntomas La LMC puede desarrollarse y avanzar lentamente y puede ser asintom\u00e1tica durante a\u00f1os. En general, las personas que tienen LMC descubren la\",\"breadcrumb\":{\"@id\":\"https:\/\/cmeded.com\/es\/leukemia\/understanding-chronic-myeloid-leukemia-cml\/symptoms\/#breadcrumb\"},\"inLanguage\":\"es\",\"potentialAction\":[{\"@type\":\"ReadAction\",\"target\":[\"https:\/\/cmeded.com\/es\/leukemia\/understanding-chronic-myeloid-leukemia-cml\/symptoms\/\"]}]},{\"@type\":\"BreadcrumbList\",\"@id\":\"https:\/\/cmeded.com\/es\/leukemia\/understanding-chronic-myeloid-leukemia-cml\/symptoms\/#breadcrumb\",\"itemListElement\":[{\"@type\":\"ListItem\",\"position\":1,\"name\":\"Home\",\"item\":\"https:\/\/cmeded.com\/es\/\"},{\"@type\":\"ListItem\",\"position\":2,\"name\":\"Leucemia\",\"item\":\"https:\/\/cmeded.com\/es\/leukemia\/\"},{\"@type\":\"ListItem\",\"position\":3,\"name\":\"Informaci\u00f3n para comprender la leucemia mieloide cr\u00f3nica (LMC)\",\"item\":\"https:\/\/cmeded.com\/es\/leukemia\/understanding-chronic-myeloid-leukemia-cml\/\"},{\"@type\":\"ListItem\",\"position\":4,\"name\":\"S\u00edntomas\"}]},{\"@type\":\"WebSite\",\"@id\":\"https:\/\/cmeded.com\/es\/#website\",\"url\":\"https:\/\/cmeded.com\/es\/\",\"name\":\"CMedEd\",\"description\":\"Recurso principal de informaci\u00f3n sobre el c\u00e1ncer\",\"potentialAction\":[{\"@type\":\"SearchAction\",\"target\":{\"@type\":\"EntryPoint\",\"urlTemplate\":\"https:\/\/cmeded.com\/es\/?s={search_term_string}\"},\"query-input\":{\"@type\":\"PropertyValueSpecification\",\"valueRequired\":true,\"valueName\":\"search_term_string\"}}],\"inLanguage\":\"es\"}]}<\/script>\n<!-- \/ Yoast SEO plugin. -->","yoast_head_json":{"title":"CMedEd | Informaci\u00f3n para comprender la leucemia mieloide cr\u00f3nica (LMC) | S\u00edntomas","description":"S\u00edntomas La LMC puede desarrollarse y avanzar lentamente y puede ser asintom\u00e1tica durante a\u00f1os. En general, las personas que tienen LMC descubren la","robots":{"index":"index","follow":"follow","max-snippet":"max-snippet:-1","max-image-preview":"max-image-preview:large","max-video-preview":"max-video-preview:-1"},"canonical":"https:\/\/cmeded.com\/es\/leukemia\/understanding-chronic-myeloid-leukemia-cml\/symptoms\/","og_locale":"es_ES","og_type":"article","og_title":"CMedEd | Informaci\u00f3n para comprender la leucemia mieloide cr\u00f3nica (LMC) | S\u00edntomas","og_description":"S\u00edntomas La LMC puede desarrollarse y avanzar lentamente y puede ser asintom\u00e1tica durante a\u00f1os. En general, las personas que tienen LMC descubren la","og_url":"https:\/\/cmeded.com\/es\/leukemia\/understanding-chronic-myeloid-leukemia-cml\/symptoms\/","og_site_name":"CMedEd","article_modified_time":"2023-08-24T23:48:35+00:00","twitter_card":"summary_large_image","twitter_misc":{"Tiempo de lectura":"1 minuto"},"schema":{"@context":"https:\/\/schema.org","@graph":[{"@type":"WebPage","@id":"https:\/\/cmeded.com\/es\/leukemia\/understanding-chronic-myeloid-leukemia-cml\/symptoms\/","url":"https:\/\/cmeded.com\/es\/leukemia\/understanding-chronic-myeloid-leukemia-cml\/symptoms\/","name":"CMedEd | Informaci\u00f3n para comprender la leucemia mieloide cr\u00f3nica (LMC) | S\u00edntomas","isPartOf":{"@id":"https:\/\/cmeded.com\/es\/#website"},"datePublished":"2014-03-14T14:40:46+00:00","dateModified":"2023-08-24T23:48:35+00:00","description":"S\u00edntomas La LMC puede desarrollarse y avanzar lentamente y puede ser asintom\u00e1tica durante a\u00f1os. En general, las personas que tienen LMC descubren la","breadcrumb":{"@id":"https:\/\/cmeded.com\/es\/leukemia\/understanding-chronic-myeloid-leukemia-cml\/symptoms\/#breadcrumb"},"inLanguage":"es","potentialAction":[{"@type":"ReadAction","target":["https:\/\/cmeded.com\/es\/leukemia\/understanding-chronic-myeloid-leukemia-cml\/symptoms\/"]}]},{"@type":"BreadcrumbList","@id":"https:\/\/cmeded.com\/es\/leukemia\/understanding-chronic-myeloid-leukemia-cml\/symptoms\/#breadcrumb","itemListElement":[{"@type":"ListItem","position":1,"name":"Home","item":"https:\/\/cmeded.com\/es\/"},{"@type":"ListItem","position":2,"name":"Leucemia","item":"https:\/\/cmeded.com\/es\/leukemia\/"},{"@type":"ListItem","position":3,"name":"Informaci\u00f3n para comprender la leucemia mieloide cr\u00f3nica (LMC)","item":"https:\/\/cmeded.com\/es\/leukemia\/understanding-chronic-myeloid-leukemia-cml\/"},{"@type":"ListItem","position":4,"name":"S\u00edntomas"}]},{"@type":"WebSite","@id":"https:\/\/cmeded.com\/es\/#website","url":"https:\/\/cmeded.com\/es\/","name":"CMedEd","description":"Recurso principal de informaci\u00f3n sobre el c\u00e1ncer","potentialAction":[{"@type":"SearchAction","target":{"@type":"EntryPoint","urlTemplate":"https:\/\/cmeded.com\/es\/?s={search_term_string}"},"query-input":{"@type":"PropertyValueSpecification","valueRequired":true,"valueName":"search_term_string"}}],"inLanguage":"es"}]}},"_links":{"self":[{"href":"https:\/\/cmeded.com\/es\/wp-json\/wp\/v2\/pages\/16053","targetHints":{"allow":["GET"]}}],"collection":[{"href":"https:\/\/cmeded.com\/es\/wp-json\/wp\/v2\/pages"}],"about":[{"href":"https:\/\/cmeded.com\/es\/wp-json\/wp\/v2\/types\/page"}],"author":[{"embeddable":true,"href":"https:\/\/cmeded.com\/es\/wp-json\/wp\/v2\/users\/5"}],"replies":[{"embeddable":true,"href":"https:\/\/cmeded.com\/es\/wp-json\/wp\/v2\/comments?post=16053"}],"version-history":[{"count":0,"href":"https:\/\/cmeded.com\/es\/wp-json\/wp\/v2\/pages\/16053\/revisions"}],"up":[{"embeddable":true,"href":"https:\/\/cmeded.com\/es\/wp-json\/wp\/v2\/pages\/16048"}],"wp:attachment":[{"href":"https:\/\/cmeded.com\/es\/wp-json\/wp\/v2\/media?parent=16053"}],"wp:term":[{"taxonomy":"post_tag","embeddable":true,"href":"https:\/\/cmeded.com\/es\/wp-json\/wp\/v2\/tags?post=16053"}],"curies":[{"name":"wp","href":"https:\/\/api.w.org\/{rel}","templated":true}]}}