{"id":16037,"date":"2014-03-13T15:12:53","date_gmt":"2014-03-13T20:12:53","guid":{"rendered":"http:\/\/cmeded.wpengine.com\/?page_id=16037"},"modified":"2023-08-24T18:48:36","modified_gmt":"2023-08-24T23:48:36","slug":"risk-factors","status":"publish","type":"page","link":"https:\/\/cmeded.com\/es\/leukemia\/understanding-chronic-lymphocytic-leukemia-cll\/risk-factors\/","title":{"rendered":"Factores de riesgo"},"content":{"rendered":"<h4 class=\"section-title\">Factores de riesgo<\/h4>\n<p class=\"section-content\">Un factor de riesgo hace referencia a una caracter\u00edstica, una conducta o una afecci\u00f3n que aumenta las probabilidades de contraer una enfermedad.  A continuaci\u00f3n, se detallan algunos factores de riesgo conocidos que inciden en el desarrollo de la LLC:<\/p>\n<div class=\"divider\" id=\"\">\n\t\n\t<\/div>\n<div class=\"risk-factor\">\n<div class=\"risk-pic\">\n<p><img decoding=\"async\" src=\"\/wp-content\/uploads\/2013\/10\/OldMan127x175.png\" alt=\"Edad\" class=\"aligncenter\" style=\"height:120px;\"\/><\/p>\n<\/div>\n<div class=\"risk-text\">\n<h5 class=\"section-title\">Edad<\/h5>\n<p class=\"section-content\">Las probabilidades de padecer LLC aumentan con la edad. La mayor\u00eda de las personas que padecen esta enfermedad son mayores de 60 a\u00f1os de edad.<\/p>\n<\/div>\n<div class=\"clearboth\"><\/div>\n<\/div>\n<div class=\"divider\" id=\"\">\n\t\n\t<\/div>\n<div class=\"risk-factor\">\n<div class=\"risk-pic\">\n<p><img decoding=\"async\" src=\"\/wp-content\/uploads\/2013\/10\/Family450x306.png\" class=\"aligncenter\" alt=\"Antecedentes familiares\" style=\"height:120px;\"><\/p>\n<\/div>\n<div class=\"risk-text\">\n<h5 class=\"section-title\">Antecedentes familiares<\/h5>\n<p class=\"section-content\">Los parientes de primer grado de una persona que padece LLC duplican como m\u00ednimo el riesgo de contraer esta enfermedad debido a los cambios gen\u00e9ticos heredados.<\/p>\n<\/div>\n<div class=\"clearboth\"><\/div>\n<\/div>\n<div class=\"divider\" id=\"\">\n\t\n\t<\/div>\n<div class=\"risk-factor\">\n<div class=\"risk-pic\">\n<p><img decoding=\"async\" src=\"\/wp-content\/uploads\/2013\/04\/OldMan150.jpg\" class=\"aligncenter\" alt=\"G\u00e9nero\" style=\"height:120px;\"><\/p>\n<\/div>\n<div class=\"risk-text\">\n<h5 class=\"section-title\">G\u00e9nero<\/h5>\n<p class=\"section-content\">El riesgo que corren los hombres de padecer LLC es ligeramente mayor en comparaci\u00f3n con las mujeres.<\/p>\n<\/div>\n<div class=\"clearboth\"><\/div>\n<\/div>\n<div class=\"divider\" id=\"\">\n\t\n\t<\/div>\n<div class=\"risk-factor\">\n<div class=\"risk-pic\">\n<div style='width: 100%; display: flex; flex-wrap: wrap;'>\n<img decoding=\"async\" src=\"\/wp-content\/uploads\/2013\/10\/ManIn60s163x175.png\" class=\"aligncenter\" alt=\"Raza u origen \u00e9tnico\" style=\"height:120px;\"><br \/>\n<img decoding=\"async\" src=\"\/wp-content\/uploads\/2013\/10\/OlderLady117x175.png\" class=\"aligncenter\" alt=\"Raza u origen \u00e9tnico\" style=\"height:120px;\">\n<\/div>\n<\/div>\n<div class=\"risk-text\">\n<h5 class=\"section-title\">Raza u origen \u00e9tnico<\/h5>\n<p class=\"section-content\">La LLC es m\u00e1s frecuente en las personas cauc\u00e1sicas (de raza blanca) en comparaci\u00f3n con las personas afroamericanas o de otras razas.<\/p>\n<\/div>\n<div class=\"clearboth\"><\/div>\n<\/div>\n<div class=\"divider\" id=\"\">\n\t\n\t<\/div>\n<div class=\"risk-factor\">\n<div class=\"risk-pic\">\n<p><img decoding=\"async\" src=\"\/wp-content\/uploads\/2013\/02\/Exposure150.jpg\" class=\"aligncenter\" alt=\"Exposici\u00f3n a productos qu\u00edmicos o radiaciones\" style=\"height:120px;\"><\/p>\n<\/div>\n<div class=\"risk-text\">\n<h5 class=\"section-title\">Exposici\u00f3n a productos qu\u00edmicos o radiaciones<\/h5>\n<p class=\"section-content\">La exposici\u00f3n a algunos productos qu\u00edmicos puede aumentar el riesgo de padecer LLC. El tratamiento previo o la exposici\u00f3n a radioterapia externa tambi\u00e9n pueden aumentar este riesgo.<\/p>\n<\/div>\n<div class=\"clearboth\"><\/div>\n<\/div>\n","protected":false},"excerpt":{"rendered":"<p>Factores de riesgo Un factor de riesgo hace referencia a una caracter\u00edstica, una conducta o una afecci\u00f3n que aumenta las probabilidades de contraer una enfermedad. A continuaci\u00f3n, se detallan algunos factores de riesgo conocidos que inciden en el desarrollo de la LLC: Edad Las probabilidades de padecer LLC aumentan con la edad. La mayor\u00eda de [&hellip;]<\/p>\n","protected":false},"author":5,"featured_media":0,"parent":16034,"menu_order":2,"comment_status":"closed","ping_status":"open","template":"template-tumor.php","meta":{"footnotes":""},"tags":[10],"class_list":["post-16037","page","type-page","status-publish","hentry","tag-members-only"],"yoast_head":"<!-- This site is optimized with the Yoast SEO plugin v25.0 - https:\/\/yoast.com\/wordpress\/plugins\/seo\/ -->\n<title>CMedEd | Informaci\u00f3n para comprender la leucemia linfoc\u00edtica cr\u00f3nica (LLC) | Factores de riesgo<\/title>\n<meta name=\"description\" content=\"Factores de riesgo Un factor de riesgo hace referencia a una caracter\u00edstica, una conducta o una afecci\u00f3n que aumenta las probabilidades de contraer una\" \/>\n<meta name=\"robots\" content=\"index, follow, max-snippet:-1, max-image-preview:large, max-video-preview:-1\" \/>\n<link rel=\"canonical\" href=\"https:\/\/cmeded.com\/es\/leukemia\/understanding-chronic-lymphocytic-leukemia-cll\/risk-factors\/\" \/>\n<meta property=\"og:locale\" content=\"es_ES\" \/>\n<meta property=\"og:type\" content=\"article\" \/>\n<meta property=\"og:title\" content=\"CMedEd | Informaci\u00f3n para comprender la leucemia linfoc\u00edtica cr\u00f3nica (LLC) | Factores de riesgo\" \/>\n<meta property=\"og:description\" content=\"Factores de riesgo Un factor de riesgo hace referencia a una caracter\u00edstica, una conducta o una afecci\u00f3n que aumenta las probabilidades de contraer una\" \/>\n<meta property=\"og:url\" content=\"https:\/\/cmeded.com\/es\/leukemia\/understanding-chronic-lymphocytic-leukemia-cll\/risk-factors\/\" \/>\n<meta property=\"og:site_name\" content=\"CMedEd\" \/>\n<meta property=\"article:modified_time\" content=\"2023-08-24T23:48:36+00:00\" \/>\n<meta name=\"twitter:card\" content=\"summary_large_image\" \/>\n<meta name=\"twitter:label1\" content=\"Tiempo de lectura\" \/>\n\t<meta name=\"twitter:data1\" content=\"1 minuto\" \/>\n<script type=\"application\/ld+json\" class=\"yoast-schema-graph\">{\"@context\":\"https:\/\/schema.org\",\"@graph\":[{\"@type\":\"WebPage\",\"@id\":\"https:\/\/cmeded.com\/es\/leukemia\/understanding-chronic-lymphocytic-leukemia-cll\/risk-factors\/\",\"url\":\"https:\/\/cmeded.com\/es\/leukemia\/understanding-chronic-lymphocytic-leukemia-cll\/risk-factors\/\",\"name\":\"CMedEd | Informaci\u00f3n para comprender la leucemia linfoc\u00edtica cr\u00f3nica (LLC) | Factores de riesgo\",\"isPartOf\":{\"@id\":\"https:\/\/cmeded.com\/es\/#website\"},\"datePublished\":\"2014-03-13T20:12:53+00:00\",\"dateModified\":\"2023-08-24T23:48:36+00:00\",\"description\":\"Factores de riesgo Un factor de riesgo hace referencia a una caracter\u00edstica, una conducta o una afecci\u00f3n que aumenta las probabilidades de contraer una\",\"breadcrumb\":{\"@id\":\"https:\/\/cmeded.com\/es\/leukemia\/understanding-chronic-lymphocytic-leukemia-cll\/risk-factors\/#breadcrumb\"},\"inLanguage\":\"es\",\"potentialAction\":[{\"@type\":\"ReadAction\",\"target\":[\"https:\/\/cmeded.com\/es\/leukemia\/understanding-chronic-lymphocytic-leukemia-cll\/risk-factors\/\"]}]},{\"@type\":\"BreadcrumbList\",\"@id\":\"https:\/\/cmeded.com\/es\/leukemia\/understanding-chronic-lymphocytic-leukemia-cll\/risk-factors\/#breadcrumb\",\"itemListElement\":[{\"@type\":\"ListItem\",\"position\":1,\"name\":\"Home\",\"item\":\"https:\/\/cmeded.com\/es\/\"},{\"@type\":\"ListItem\",\"position\":2,\"name\":\"Leucemia\",\"item\":\"https:\/\/cmeded.com\/es\/leukemia\/\"},{\"@type\":\"ListItem\",\"position\":3,\"name\":\"Informaci\u00f3n para comprender la leucemia linfoc\u00edtica cr\u00f3nica (LLC)\",\"item\":\"https:\/\/cmeded.com\/es\/leukemia\/understanding-chronic-lymphocytic-leukemia-cll\/\"},{\"@type\":\"ListItem\",\"position\":4,\"name\":\"Factores de riesgo\"}]},{\"@type\":\"WebSite\",\"@id\":\"https:\/\/cmeded.com\/es\/#website\",\"url\":\"https:\/\/cmeded.com\/es\/\",\"name\":\"CMedEd\",\"description\":\"Recurso principal de informaci\u00f3n sobre el c\u00e1ncer\",\"potentialAction\":[{\"@type\":\"SearchAction\",\"target\":{\"@type\":\"EntryPoint\",\"urlTemplate\":\"https:\/\/cmeded.com\/es\/?s={search_term_string}\"},\"query-input\":{\"@type\":\"PropertyValueSpecification\",\"valueRequired\":true,\"valueName\":\"search_term_string\"}}],\"inLanguage\":\"es\"}]}<\/script>\n<!-- \/ Yoast SEO plugin. -->","yoast_head_json":{"title":"CMedEd | Informaci\u00f3n para comprender la leucemia linfoc\u00edtica cr\u00f3nica (LLC) | Factores de riesgo","description":"Factores de riesgo Un factor de riesgo hace referencia a una caracter\u00edstica, una conducta o una afecci\u00f3n que aumenta las probabilidades de contraer una","robots":{"index":"index","follow":"follow","max-snippet":"max-snippet:-1","max-image-preview":"max-image-preview:large","max-video-preview":"max-video-preview:-1"},"canonical":"https:\/\/cmeded.com\/es\/leukemia\/understanding-chronic-lymphocytic-leukemia-cll\/risk-factors\/","og_locale":"es_ES","og_type":"article","og_title":"CMedEd | Informaci\u00f3n para comprender la leucemia linfoc\u00edtica cr\u00f3nica (LLC) | Factores de riesgo","og_description":"Factores de riesgo Un factor de riesgo hace referencia a una caracter\u00edstica, una conducta o una afecci\u00f3n que aumenta las probabilidades de contraer una","og_url":"https:\/\/cmeded.com\/es\/leukemia\/understanding-chronic-lymphocytic-leukemia-cll\/risk-factors\/","og_site_name":"CMedEd","article_modified_time":"2023-08-24T23:48:36+00:00","twitter_card":"summary_large_image","twitter_misc":{"Tiempo de lectura":"1 minuto"},"schema":{"@context":"https:\/\/schema.org","@graph":[{"@type":"WebPage","@id":"https:\/\/cmeded.com\/es\/leukemia\/understanding-chronic-lymphocytic-leukemia-cll\/risk-factors\/","url":"https:\/\/cmeded.com\/es\/leukemia\/understanding-chronic-lymphocytic-leukemia-cll\/risk-factors\/","name":"CMedEd | Informaci\u00f3n para comprender la leucemia linfoc\u00edtica cr\u00f3nica (LLC) | Factores de riesgo","isPartOf":{"@id":"https:\/\/cmeded.com\/es\/#website"},"datePublished":"2014-03-13T20:12:53+00:00","dateModified":"2023-08-24T23:48:36+00:00","description":"Factores de riesgo Un factor de riesgo hace referencia a una caracter\u00edstica, una conducta o una afecci\u00f3n que aumenta las probabilidades de contraer una","breadcrumb":{"@id":"https:\/\/cmeded.com\/es\/leukemia\/understanding-chronic-lymphocytic-leukemia-cll\/risk-factors\/#breadcrumb"},"inLanguage":"es","potentialAction":[{"@type":"ReadAction","target":["https:\/\/cmeded.com\/es\/leukemia\/understanding-chronic-lymphocytic-leukemia-cll\/risk-factors\/"]}]},{"@type":"BreadcrumbList","@id":"https:\/\/cmeded.com\/es\/leukemia\/understanding-chronic-lymphocytic-leukemia-cll\/risk-factors\/#breadcrumb","itemListElement":[{"@type":"ListItem","position":1,"name":"Home","item":"https:\/\/cmeded.com\/es\/"},{"@type":"ListItem","position":2,"name":"Leucemia","item":"https:\/\/cmeded.com\/es\/leukemia\/"},{"@type":"ListItem","position":3,"name":"Informaci\u00f3n para comprender la leucemia linfoc\u00edtica cr\u00f3nica (LLC)","item":"https:\/\/cmeded.com\/es\/leukemia\/understanding-chronic-lymphocytic-leukemia-cll\/"},{"@type":"ListItem","position":4,"name":"Factores de riesgo"}]},{"@type":"WebSite","@id":"https:\/\/cmeded.com\/es\/#website","url":"https:\/\/cmeded.com\/es\/","name":"CMedEd","description":"Recurso principal de informaci\u00f3n sobre el c\u00e1ncer","potentialAction":[{"@type":"SearchAction","target":{"@type":"EntryPoint","urlTemplate":"https:\/\/cmeded.com\/es\/?s={search_term_string}"},"query-input":{"@type":"PropertyValueSpecification","valueRequired":true,"valueName":"search_term_string"}}],"inLanguage":"es"}]}},"_links":{"self":[{"href":"https:\/\/cmeded.com\/es\/wp-json\/wp\/v2\/pages\/16037","targetHints":{"allow":["GET"]}}],"collection":[{"href":"https:\/\/cmeded.com\/es\/wp-json\/wp\/v2\/pages"}],"about":[{"href":"https:\/\/cmeded.com\/es\/wp-json\/wp\/v2\/types\/page"}],"author":[{"embeddable":true,"href":"https:\/\/cmeded.com\/es\/wp-json\/wp\/v2\/users\/5"}],"replies":[{"embeddable":true,"href":"https:\/\/cmeded.com\/es\/wp-json\/wp\/v2\/comments?post=16037"}],"version-history":[{"count":0,"href":"https:\/\/cmeded.com\/es\/wp-json\/wp\/v2\/pages\/16037\/revisions"}],"up":[{"embeddable":true,"href":"https:\/\/cmeded.com\/es\/wp-json\/wp\/v2\/pages\/16034"}],"wp:attachment":[{"href":"https:\/\/cmeded.com\/es\/wp-json\/wp\/v2\/media?parent=16037"}],"wp:term":[{"taxonomy":"post_tag","embeddable":true,"href":"https:\/\/cmeded.com\/es\/wp-json\/wp\/v2\/tags?post=16037"}],"curies":[{"name":"wp","href":"https:\/\/api.w.org\/{rel}","templated":true}]}}