{"id":16011,"date":"2014-03-13T11:37:17","date_gmt":"2014-03-13T16:37:17","guid":{"rendered":"http:\/\/cmeded.wpengine.com\/?page_id=16011"},"modified":"2023-08-24T18:48:37","modified_gmt":"2023-08-24T23:48:37","slug":"diagnosis","status":"publish","type":"page","link":"https:\/\/cmeded.com\/es\/leukemia\/understanding-acute-lymphoblastic-leukemia-all\/diagnosis\/","title":{"rendered":"Diagn\u00f3stico"},"content":{"rendered":"<h4 class=\"section-title\">Diagn\u00f3stico<\/h4>\n<p class=\"section-content\">Si usted tiene los s\u00edntomas de la LLA, consulte al m\u00e9dico lo antes posible, ya que esta enfermedad avanza r\u00e1pidamente.  El m\u00e9dico analizar\u00e1 sus antecedentes m\u00e9dicos y le realizar\u00e1 un examen f\u00edsico para determinar qu\u00e9 factores pueden estar provocando los s\u00edntomas.  Si el m\u00e9dico piensa que usted tiene LLA, se tomar\u00e1n y controlar\u00e1n muestras de sangre y m\u00e9dula \u00f3sea para detectar signos de la enfermedad.  El m\u00e9dico puede recomendar cualquiera de los siguientes procedimientos como parte de este proceso:<\/p>\n<div class=\"divider\" id=\"\">\n\t\n\t<\/div>\n<div class=\"risk-factor\">\n<div class=\"symp-pic\"><div id=\"stage\" style=\"width: 235px\" class=\"wp-caption center aligncenter\"><a href=\"\/wp-content\/uploads\/2013\/03\/Bone-Marrow-Biopsy-PSF1.jpg\" title=\"Click Image to Enlarge.\"><img decoding=\"async\" aria-describedby=\"caption-stage\" src=\"\/wp-content\/uploads\/2013\/03\/Bone-Marrow-Biopsy-225x155.jpg\" class=\"aligncenter\" alt=\"Aspiraci\u00f3n y biopsia de la m\u00e9dula \u00f3sea\" style=\"max-height:150px\" \/><\/a><p id=\"caption-stage\" class=\"wp-caption-text\">Click Image to Enlarge.<\/p><\/div><\/div>\n<div class=\"risk-text-wrap\">\n<h5 class=\"section-title\">Aspiraci\u00f3n y biopsia de la m\u00e9dula \u00f3sea<\/h5>\n<p class=\"section-content\">El m\u00e9dico realizar\u00e1 este procedimiento para obtener una muestra de m\u00e9dula \u00f3sea con el prop\u00f3sito de hacer m\u00e1s pruebas. El m\u00e9dico o enfermero aplican anestesia sobre el hueso de la cadera del paciente y emplean una aguja para extraer un peque\u00f1o fragmento de hueso s\u00f3lido y parte de la m\u00e9dula \u00f3sea.  El m\u00e9dico luego examina la muestra de tejido al microscopio y determina si hay c\u00e9lulas leuc\u00e9micas presentes. Esta prueba puede realizarse en el hospital o el consultorio m\u00e9dico, y la mayor\u00eda de los pacientes pueden regresar a sus hogares despu\u00e9s de la prueba.<\/p>\n<\/div>\n<div class=\"clearboth\"><\/div>\n<\/div>\n<div class=\"divider\" id=\"\">\n\t\n\t<\/div>\n<div class=\"risk-factor\">\n<div class=\"symp-pic\"><img decoding=\"async\" src=\"\/wp-content\/uploads\/2013\/04\/CBC125.png\" class=\"aligncenter\" alt=\"Hemograma completo\" style=\"height:150px\" \/><\/div>\n<div class=\"risk-text-wrap\">\n<h5 class=\"section-title\">Hemograma completo<\/h5>\n<p class=\"section-content\">Con un hemograma completo, se mide el nivel de los distintos tipos de c\u00e9lulas en la sangre.  Las personas que padecen LLA presentan niveles altos de linfoblastos an\u00f3malos en la sangre o un n\u00famero bajo de gl\u00f3bulos blancos.  Estas c\u00e9lulas an\u00f3malas pueden desplazar a las c\u00e9lulas sangu\u00edneas sanas y provocar afecciones como anemia, leucocitopenia y trombocitopenia.<\/p>\n<\/div>\n<div class=\"clearboth\"><\/div>\n<\/div>\n<div class=\"divider\" id=\"\">\n\t\n\t<\/div>\n<div class=\"risk-factor\">\n<div class=\"symp-pic\"><img decoding=\"async\" src=\"\/wp-content\/uploads\/2013\/04\/Peripheral-BLood-Smear-125.jpg\" class=\"aligncenter\" alt=\"Frotis de sangre perif\u00e9rica\" style=\"height:125px\" \/><\/div>\n<div class=\"risk-text-wrap\">\n<h5 class=\"section-title\">Frotis de sangre perif\u00e9rica<\/h5>\n<p class=\"section-content\">En esta prueba, un hemat\u00f3logo examina una muestra de sangre al microscopio.  El m\u00e9dico observa el aspecto y la cantidad de distintos tipos de c\u00e9lulas de la sangre y busca anomal\u00edas que puedan indicar la presencia de LLA.<\/p>\n<\/div>\n<div class=\"clearboth\"><\/div>\n<\/div>\n<div class=\"divider\" id=\"\">\n\t\n\t<\/div>\n<div class=\"risk-factor\">\n<div class=\"symp-pic\"><img decoding=\"async\" src=\"\/wp-content\/uploads\/2021\/06\/Black_Pathologist.jpg\" class=\"aligncenter\" alt=\"Citoqu\u00edmica e inmunocitoqu\u00edmica\" style=\"max-height:150px\" \/><\/div>\n<div class=\"risk-text-wrap\">\n<h5 class=\"section-title\">Citoqu\u00edmica e inmunocitoqu\u00edmica<\/h5>\n<p class=\"section-content\">En estas pruebas se aplican tinci\u00f3n o anticuerpos especiales a la muestra de sangre o de m\u00e9dula \u00f3sea. Estas sustancias reaccionan ante la presencia de determinadas prote\u00ednas o partes de c\u00e9lulas leuc\u00e9micas y producen tinciones visibles que se pueden observar al microscopio.  Por ejemplo, una de las tinciones provoca gr\u00e1nulos (parte de una c\u00e9lula) en las c\u00e9lulas leuc\u00e9micas que se asemejan a manchas negras; esto permite que los m\u00e9dicos realicen una distinci\u00f3n entre la leucemia mieloide aguda y la leucemia linfoc\u00edtica.<\/p>\n<\/div>\n<div class=\"clearboth\"><\/div>\n<\/div>\n<div class=\"divider\" id=\"\">\n\t\n\t<\/div>\n<div class=\"risk-factor\">\n<div class=\"symp-pic\"><div id=\"caption\" style=\"width: 210px\" class=\"wp-caption center aligncenter\"><a href=\"\/wp-content\/uploads\/sites\/4\/2015\/07\/Flow-Cytometry.jpg\" title=\"Click Image to Enlarge.\"><img decoding=\"async\" aria-describedby=\"caption-caption\" src=\"\/wp-content\/uploads\/sites\/4\/2015\/07\/Flow-Cytometry.jpg\" class=\"aligncenter\" alt=\"Citometr\u00eda de flujo\" style=\"height:150px\" \/><\/a><p id=\"caption-caption\" class=\"wp-caption-text\">Click Image to Enlarge.<\/p><\/div><\/div>\n<div class=\"risk-text-wrap\">\n<h5 class=\"section-title\">Citometr\u00eda de flujo<\/h5>\n<p class=\"section-content\">Los m\u00e9dicos generalmente usan esta prueba para ayudar a diagnosticar la LLA.  Durante este procedimiento, el m\u00e9dico expone una muestra de sangre o de m\u00e9dula \u00f3sea a anticuerpos especiales que se unen \u00fanicamente a determinadas sustancias presentes en las c\u00e9lulas cancerosas.  A continuaci\u00f3n, mueve la muestra por medio de un haz de l\u00e1ser que ilumina los anticuerpos.  Esta prueba le permite al m\u00e9dico identificar los tipos espec\u00edficos de c\u00e9lulas de la leucemia, con lo cual puede obtener una mejor idea de la madurez y el origen de las c\u00e9lulas cancerosas.<\/p>\n<\/div>\n<div class=\"clearboth\"><\/div>\n<\/div>\n<div class=\"divider\" id=\"\">\n\t\n\t<\/div>\n<div class=\"risk-factor\">\n<div class=\"symp-pic\"><div id=\"caption\" style=\"width: 160px\" class=\"wp-caption aligncenter\"><a href='\/wp-content\/uploads\/2016\/06\/BENS-SPINAL-TAP-3.jpg' title='Go to enlarged image.'><img decoding=\"async\" aria-describedby=\"caption-caption\" src=\"\/wp-content\/uploads\/2016\/06\/BENS-SPINAL-TAP-3.jpg\" class=\"aligncenter\" alt=\"Punci\u00f3n Lumbar\" style=\"height: auto;max-height: 150px\" \/><\/a><p id=\"caption-caption\" class=\"wp-caption-text\">Click Image to Enlarge.<\/p><\/div><\/div>\n<div class=\"risk-text-wrap\">\n<h5 class=\"section-title\">Punci\u00f3n Lumbar<\/h5>\n<p class=\"section-content\">El m\u00e9dico colocar\u00e1 una aguja peque\u00f1a entre dos v\u00e9rtebras inferiores por una membrana hacia el canal espinal. Extraer\u00e1 una muestra de l\u00edquido, llamado l\u00edquido cefalorraqu\u00eddeo, para evaluar la presencia de c\u00e9lulas leuc\u00e9micas.<\/p>\n<\/div>\n<div class=\"clearboth\"><\/div>\n<\/div>\n<div class=\"divider\" id=\"\">\n\t\n\t<\/div>\n<div class=\"risk-factor\">\n<div class=\"symp-pic\">\n<div id=\"caption\" style=\"width: 160px\" class=\"wp-caption aligncenter\"><a href='\/wp-content\/uploads\/2013\/04\/Cytogenetics-204x150.jpg' title='Go to enlarged image.'><img decoding=\"async\" aria-describedby=\"caption-caption\" src=\"\/wp-content\/uploads\/2013\/04\/Cytogenetics-204x150.jpg\" class=\"aligncenter\" alt=\"Pruebas de citogen\u00e9tica\" style=\"height:150px\" \/><\/a><p id=\"caption-caption\" class=\"wp-caption-text\">Click Image to Enlarge.<\/p><\/div>\n<\/div>\n<div class=\"risk-text-wrap\">\n<h5 class=\"section-title\">Pruebas de citogen\u00e9tica<\/h5>\n<p class=\"section-content\">El m\u00e9dico examina las c\u00e9lulas cancerosas y observa si se presentan cambios cromos\u00f3micos para determinar las caracter\u00edsticas espec\u00edficas y el subtipo de la enfermedad.  Los cromosomas son el material gen\u00e9tico en las c\u00e9lulas.  En la mayor\u00eda de los casos, los cambios gen\u00e9ticos y cromos\u00f3micos solo se producen en las c\u00e9lulas cancerosas, no en las c\u00e9lulas normales.  Para estas pruebas, el m\u00e9dico hace crecer una muestra de c\u00e9lulas de la m\u00e9dula \u00f3sea en el laboratorio y examina los cromosomas al microscopio una vez que las c\u00e9lulas comienzan a dividirse.  La divisi\u00f3n celular es la etapa en la que se pueden observar los cromosomas con mayor facilidad.<\/p>\n<\/div>\n<div class=\"clearboth\"><\/div>\n<\/div>\n<div class=\"divider\" id=\"\">\n\t\n\t<\/div>\n<div class=\"risk-factor\">\n<div class=\"symp-pic\">\n<div id=\"caption\" style=\"width: 160px\" class=\"wp-caption aligncenter\"><a href='\/wp-content\/uploads\/2012\/11\/ISH.png' title='Go to enlarged image.'><img decoding=\"async\" aria-describedby=\"caption-caption\" src=\"\/wp-content\/uploads\/2012\/11\/ISH.png\" class=\"aligncenter\" alt=\"Hibridaci\u00f3n fluorescente in situ\" style=\"height:150px\"\/><\/a><p id=\"caption-caption\" class=\"wp-caption-text\">Click Image to Enlarge.<\/p><\/div>\n<\/div>\n<div class=\"risk-text-wrap\">\n<h5 class=\"section-title\">Hibridaci\u00f3n fluorescente in situ<\/h5>\n<p class=\"section-content\">Los m\u00e9dicos usan esta prueba para detectar cambios en los cromosomas y el ADN de las muestras de sangre y m\u00e9dula \u00f3sea.  El m\u00e9dico expondr\u00e1 la muestra a unos colorantes especiales que se unen a partes espec\u00edficas de determinados cromosomas.  Con estos colorantes, el m\u00e9dico puede detectar anomal\u00edas en los cromosomas, los cuales, como se sabe, desempe\u00f1an una funci\u00f3n en la LLA.  Esta prueba es mucho m\u00e1s r\u00e1pida que las pruebas de citogen\u00e9tica porque no es necesario que la muestra celular crezca en un laboratorio.<\/p>\n<\/div>\n<div class=\"clearboth\"><\/div>\n<\/div>\n<div class=\"divider\" id=\"\">\n\t\n\t<\/div>\n<div class=\"risk-factor\">\n<div class=\"symp-pic\">\n<p><img decoding=\"async\" src=\"\/wp-content\/uploads\/2012\/11\/DNA-strand1.png\" class=\"aligncenter\" alt=\"Reacci\u00f3n en cadena de la polimerasa\" style=\"height:150px\" \/><\/p>\n<\/div>\n<div class=\"risk-text-wrap\">\n<h5 class=\"section-title\">Reacci\u00f3n en cadena de la polimerasa<\/h5>\n<p class=\"section-content\">El m\u00e9dico puede llevar a cabo esta prueba de ADN en una muestra de sangre o m\u00e9dula \u00f3sea.  Los m\u00e9dicos usan esta prueba para detectar anomal\u00edas cromos\u00f3micas que no pueden observarse al microscopio debido a que son demasiado peque\u00f1as.  El grado de sensibilidad de esta prueba es muy alto y puede detectar estas anomal\u00edas, incluso si hay una cantidad muy reducida de c\u00e9lulas leuc\u00e9micas en la muestra.<\/p>\n<\/div>\n<div class=\"clearboth\"><\/div>\n<\/div>\n<div class=\"divider\" id=\"\">\n\t\n\t<\/div>\n<div class=\"risk-factor\">\n<div class=\"symp-pic\">\n<p><a title=\"Go to enlarged image.\" href=\"\/wp-content\/uploads\/2016\/06\/Spinal-Tap-2.jpg\"><br \/>\n<div id=\"stage\" style=\"width: 160px\" class=\"wp-caption alignnone\"><a href=\"\/wp-content\/uploads\/2016\/06\/Spinal-Tap-2.jpg\" title=\"Go to enlarged image.\"><img decoding=\"async\" aria-describedby=\"caption-stage\" src=\"\/wp-content\/uploads\/2016\/06\/Spinal-Tap-2.jpg\" class=\"aligncenter\" alt=\"Pruebas Moleculares Adicionales\" style=\"height:150px\" \/><\/a><p id=\"caption-stage\" class=\"wp-caption-text\">Click Image to Enlarge.<\/p><\/div><br \/>\n<\/a><\/p>\n<\/div>\n<div class=\"risk-text-wrap\">\n<h5 class=\"section-title\">Pruebas Moleculares Adicionales<\/h5>\n<p class=\"section-content\">Los cambios gen\u00f3micos en las c\u00e9lulas cancer\u00edgenas son cambios en la secuencia de ADN que constituye el c\u00f3digo para que los genes puedan afectar el funcionamiento de una c\u00e9lula. Estos cambios pueden estar asociados con el desarrollo del c\u00e1ncer, y tambi\u00e9n pueden usarse para tomar decisiones de tratamiento para su c\u00e1ncer. Los m\u00e9dicos pueden usar m\u00e9todos adicionales para probar sus c\u00e9lulas cancer\u00edgenas por anomal\u00edas moleculares espec\u00edficas o mutaciones gen\u00e9ticas que se han visto en pacientes con LLA. Esto puede incluir un m\u00e9todo llamado:<\/p>\n<\/div>\n<div class=\"clearboth\"><\/div>\n<\/div>\n","protected":false},"excerpt":{"rendered":"<p>Diagn\u00f3stico Si usted tiene los s\u00edntomas de la LLA, consulte al m\u00e9dico lo antes posible, ya que esta enfermedad avanza r\u00e1pidamente. El m\u00e9dico analizar\u00e1 sus antecedentes m\u00e9dicos y le realizar\u00e1 un examen f\u00edsico para determinar qu\u00e9 factores pueden estar provocando los s\u00edntomas. Si el m\u00e9dico piensa que usted tiene LLA, se tomar\u00e1n y controlar\u00e1n muestras [&hellip;]<\/p>\n","protected":false},"author":5,"featured_media":0,"parent":16004,"menu_order":4,"comment_status":"closed","ping_status":"open","template":"template-tumor.php","meta":{"footnotes":""},"tags":[10],"class_list":["post-16011","page","type-page","status-publish","hentry","tag-members-only"],"yoast_head":"<!-- This site is optimized with the Yoast SEO plugin v25.0 - https:\/\/yoast.com\/wordpress\/plugins\/seo\/ -->\n<title>CMedEd | Informaci\u00f3n para comprender la leucemia linfoc\u00edtica aguda (LLA) | Diagn\u00f3stico<\/title>\n<meta name=\"description\" content=\"Diagn\u00f3stico Si usted tiene los s\u00edntomas de la LLA, consulte al m\u00e9dico lo antes posible, ya que esta enfermedad avanza r\u00e1pidamente. El m\u00e9dico analizar\u00e1 sus\" \/>\n<meta name=\"robots\" content=\"index, follow, max-snippet:-1, max-image-preview:large, max-video-preview:-1\" \/>\n<link rel=\"canonical\" href=\"https:\/\/cmeded.com\/es\/leukemia\/understanding-acute-lymphoblastic-leukemia-all\/diagnosis\/\" \/>\n<meta property=\"og:locale\" content=\"es_ES\" \/>\n<meta property=\"og:type\" content=\"article\" \/>\n<meta property=\"og:title\" content=\"CMedEd | Informaci\u00f3n para comprender la leucemia linfoc\u00edtica aguda (LLA) | Diagn\u00f3stico\" \/>\n<meta property=\"og:description\" content=\"Diagn\u00f3stico Si usted tiene los s\u00edntomas de la LLA, consulte al m\u00e9dico lo antes posible, ya que esta enfermedad avanza r\u00e1pidamente. El m\u00e9dico analizar\u00e1 sus\" \/>\n<meta property=\"og:url\" content=\"https:\/\/cmeded.com\/es\/leukemia\/understanding-acute-lymphoblastic-leukemia-all\/diagnosis\/\" \/>\n<meta property=\"og:site_name\" content=\"CMedEd\" \/>\n<meta property=\"article:modified_time\" content=\"2023-08-24T23:48:37+00:00\" \/>\n<meta name=\"twitter:card\" content=\"summary_large_image\" \/>\n<meta name=\"twitter:label1\" content=\"Tiempo de lectura\" \/>\n\t<meta name=\"twitter:data1\" content=\"5 minutos\" \/>\n<script type=\"application\/ld+json\" class=\"yoast-schema-graph\">{\"@context\":\"https:\/\/schema.org\",\"@graph\":[{\"@type\":\"WebPage\",\"@id\":\"https:\/\/cmeded.com\/es\/leukemia\/understanding-acute-lymphoblastic-leukemia-all\/diagnosis\/\",\"url\":\"https:\/\/cmeded.com\/es\/leukemia\/understanding-acute-lymphoblastic-leukemia-all\/diagnosis\/\",\"name\":\"CMedEd | Informaci\u00f3n para comprender la leucemia linfoc\u00edtica aguda (LLA) | Diagn\u00f3stico\",\"isPartOf\":{\"@id\":\"https:\/\/cmeded.com\/es\/#website\"},\"datePublished\":\"2014-03-13T16:37:17+00:00\",\"dateModified\":\"2023-08-24T23:48:37+00:00\",\"description\":\"Diagn\u00f3stico Si usted tiene los s\u00edntomas de la LLA, consulte al m\u00e9dico lo antes posible, ya que esta enfermedad avanza r\u00e1pidamente. El m\u00e9dico analizar\u00e1 sus\",\"breadcrumb\":{\"@id\":\"https:\/\/cmeded.com\/es\/leukemia\/understanding-acute-lymphoblastic-leukemia-all\/diagnosis\/#breadcrumb\"},\"inLanguage\":\"es\",\"potentialAction\":[{\"@type\":\"ReadAction\",\"target\":[\"https:\/\/cmeded.com\/es\/leukemia\/understanding-acute-lymphoblastic-leukemia-all\/diagnosis\/\"]}]},{\"@type\":\"BreadcrumbList\",\"@id\":\"https:\/\/cmeded.com\/es\/leukemia\/understanding-acute-lymphoblastic-leukemia-all\/diagnosis\/#breadcrumb\",\"itemListElement\":[{\"@type\":\"ListItem\",\"position\":1,\"name\":\"Home\",\"item\":\"https:\/\/cmeded.com\/es\/\"},{\"@type\":\"ListItem\",\"position\":2,\"name\":\"Leucemia\",\"item\":\"https:\/\/cmeded.com\/es\/leukemia\/\"},{\"@type\":\"ListItem\",\"position\":3,\"name\":\"Informaci\u00f3n para comprender la leucemia linfoc\u00edtica aguda (LLA)\",\"item\":\"https:\/\/cmeded.com\/es\/leukemia\/understanding-acute-lymphoblastic-leukemia-all\/\"},{\"@type\":\"ListItem\",\"position\":4,\"name\":\"Diagn\u00f3stico\"}]},{\"@type\":\"WebSite\",\"@id\":\"https:\/\/cmeded.com\/es\/#website\",\"url\":\"https:\/\/cmeded.com\/es\/\",\"name\":\"CMedEd\",\"description\":\"Recurso principal de informaci\u00f3n sobre el c\u00e1ncer\",\"potentialAction\":[{\"@type\":\"SearchAction\",\"target\":{\"@type\":\"EntryPoint\",\"urlTemplate\":\"https:\/\/cmeded.com\/es\/?s={search_term_string}\"},\"query-input\":{\"@type\":\"PropertyValueSpecification\",\"valueRequired\":true,\"valueName\":\"search_term_string\"}}],\"inLanguage\":\"es\"}]}<\/script>\n<!-- \/ Yoast SEO plugin. -->","yoast_head_json":{"title":"CMedEd | Informaci\u00f3n para comprender la leucemia linfoc\u00edtica aguda (LLA) | Diagn\u00f3stico","description":"Diagn\u00f3stico Si usted tiene los s\u00edntomas de la LLA, consulte al m\u00e9dico lo antes posible, ya que esta enfermedad avanza r\u00e1pidamente. El m\u00e9dico analizar\u00e1 sus","robots":{"index":"index","follow":"follow","max-snippet":"max-snippet:-1","max-image-preview":"max-image-preview:large","max-video-preview":"max-video-preview:-1"},"canonical":"https:\/\/cmeded.com\/es\/leukemia\/understanding-acute-lymphoblastic-leukemia-all\/diagnosis\/","og_locale":"es_ES","og_type":"article","og_title":"CMedEd | Informaci\u00f3n para comprender la leucemia linfoc\u00edtica aguda (LLA) | Diagn\u00f3stico","og_description":"Diagn\u00f3stico Si usted tiene los s\u00edntomas de la LLA, consulte al m\u00e9dico lo antes posible, ya que esta enfermedad avanza r\u00e1pidamente. El m\u00e9dico analizar\u00e1 sus","og_url":"https:\/\/cmeded.com\/es\/leukemia\/understanding-acute-lymphoblastic-leukemia-all\/diagnosis\/","og_site_name":"CMedEd","article_modified_time":"2023-08-24T23:48:37+00:00","twitter_card":"summary_large_image","twitter_misc":{"Tiempo de lectura":"5 minutos"},"schema":{"@context":"https:\/\/schema.org","@graph":[{"@type":"WebPage","@id":"https:\/\/cmeded.com\/es\/leukemia\/understanding-acute-lymphoblastic-leukemia-all\/diagnosis\/","url":"https:\/\/cmeded.com\/es\/leukemia\/understanding-acute-lymphoblastic-leukemia-all\/diagnosis\/","name":"CMedEd | Informaci\u00f3n para comprender la leucemia linfoc\u00edtica aguda (LLA) | Diagn\u00f3stico","isPartOf":{"@id":"https:\/\/cmeded.com\/es\/#website"},"datePublished":"2014-03-13T16:37:17+00:00","dateModified":"2023-08-24T23:48:37+00:00","description":"Diagn\u00f3stico Si usted tiene los s\u00edntomas de la LLA, consulte al m\u00e9dico lo antes posible, ya que esta enfermedad avanza r\u00e1pidamente. El m\u00e9dico analizar\u00e1 sus","breadcrumb":{"@id":"https:\/\/cmeded.com\/es\/leukemia\/understanding-acute-lymphoblastic-leukemia-all\/diagnosis\/#breadcrumb"},"inLanguage":"es","potentialAction":[{"@type":"ReadAction","target":["https:\/\/cmeded.com\/es\/leukemia\/understanding-acute-lymphoblastic-leukemia-all\/diagnosis\/"]}]},{"@type":"BreadcrumbList","@id":"https:\/\/cmeded.com\/es\/leukemia\/understanding-acute-lymphoblastic-leukemia-all\/diagnosis\/#breadcrumb","itemListElement":[{"@type":"ListItem","position":1,"name":"Home","item":"https:\/\/cmeded.com\/es\/"},{"@type":"ListItem","position":2,"name":"Leucemia","item":"https:\/\/cmeded.com\/es\/leukemia\/"},{"@type":"ListItem","position":3,"name":"Informaci\u00f3n para comprender la leucemia linfoc\u00edtica aguda (LLA)","item":"https:\/\/cmeded.com\/es\/leukemia\/understanding-acute-lymphoblastic-leukemia-all\/"},{"@type":"ListItem","position":4,"name":"Diagn\u00f3stico"}]},{"@type":"WebSite","@id":"https:\/\/cmeded.com\/es\/#website","url":"https:\/\/cmeded.com\/es\/","name":"CMedEd","description":"Recurso principal de informaci\u00f3n sobre el c\u00e1ncer","potentialAction":[{"@type":"SearchAction","target":{"@type":"EntryPoint","urlTemplate":"https:\/\/cmeded.com\/es\/?s={search_term_string}"},"query-input":{"@type":"PropertyValueSpecification","valueRequired":true,"valueName":"search_term_string"}}],"inLanguage":"es"}]}},"_links":{"self":[{"href":"https:\/\/cmeded.com\/es\/wp-json\/wp\/v2\/pages\/16011","targetHints":{"allow":["GET"]}}],"collection":[{"href":"https:\/\/cmeded.com\/es\/wp-json\/wp\/v2\/pages"}],"about":[{"href":"https:\/\/cmeded.com\/es\/wp-json\/wp\/v2\/types\/page"}],"author":[{"embeddable":true,"href":"https:\/\/cmeded.com\/es\/wp-json\/wp\/v2\/users\/5"}],"replies":[{"embeddable":true,"href":"https:\/\/cmeded.com\/es\/wp-json\/wp\/v2\/comments?post=16011"}],"version-history":[{"count":0,"href":"https:\/\/cmeded.com\/es\/wp-json\/wp\/v2\/pages\/16011\/revisions"}],"up":[{"embeddable":true,"href":"https:\/\/cmeded.com\/es\/wp-json\/wp\/v2\/pages\/16004"}],"wp:attachment":[{"href":"https:\/\/cmeded.com\/es\/wp-json\/wp\/v2\/media?parent=16011"}],"wp:term":[{"taxonomy":"post_tag","embeddable":true,"href":"https:\/\/cmeded.com\/es\/wp-json\/wp\/v2\/tags?post=16011"}],"curies":[{"name":"wp","href":"https:\/\/api.w.org\/{rel}","templated":true}]}}