{"id":16006,"date":"2014-03-13T10:59:38","date_gmt":"2014-03-13T15:59:38","guid":{"rendered":"http:\/\/cmeded.wpengine.com\/?page_id=16006"},"modified":"2023-08-24T18:48:37","modified_gmt":"2023-08-24T23:48:37","slug":"overview","status":"publish","type":"page","link":"https:\/\/cmeded.com\/es\/leukemia\/understanding-acute-lymphoblastic-leukemia-all\/overview\/","title":{"rendered":"Generalidades"},"content":{"rendered":"<h4 class=\"section-title\">\u00bfQu\u00e9 es la leucemia linfoc\u00edtica aguda (LLA)?<\/h4>\n<p class=\"section-content\">La leucemia es un tipo de c\u00e1ncer que se forma en la m\u00e9dula \u00f3sea, el tejido suave y esponjoso que se encuentra en el interior de los huesos, donde se producen las c\u00e9lulas sangu\u00edneas.  La m\u00e9dula \u00f3sea contiene c\u00e9lulas madre inmaduras que producen sangre y que, con el tiempo, se transforman en gl\u00f3bulos rojos, gl\u00f3bulos blancos y plaquetas maduros.  La leucemia linfoc\u00edtica aguda (LLA) se caracteriza por la producci\u00f3n de demasiados gl\u00f3bulos blancos inmaduros y malignos, llamados \"blastocitos\", en la m\u00e9dula \u00f3sea. La LLA es \"aguda\" porque es una enfermedad agresiva y avanza r\u00e1pidamente.  El t\u00e9rmino \"linfoc\u00edtica\" hace referencia al tipo de gl\u00f3bulo blanco que origina la LLA (linfoblastos).  Estos blastocitos inmaduros an\u00f3malos no combaten las infecciones y pueden desplazar a las c\u00e9lulas sangu\u00edneas sanas y, as\u00ed, provocar afecciones como anemia (n\u00famero bajo de gl\u00f3bulos rojos), leucocitopenia (n\u00famero bajo de gl\u00f3bulos blancos) y trombocitopenia (n\u00famero bajo de plaquetas).  Estas c\u00e9lulas an\u00f3malas invaden el torrente circulatorio y pueden diseminarse a los ganglios linf\u00e1ticos y otros \u00f3rganos.  La LLA se clasifica en subtipos en funci\u00f3n del tipo de\u00a0linfocitos\u00a0afectados: los\u00a0linfocitos\u00a0B o\u00a0linfocitos\u00a0T.<\/p>\n<div id=\"bc-overview\" style=\"width: 460px\" class=\"wp-caption center aligncenter\"><a href=\"\/wp-content\/uploads\/sites\/4\/2015\/07\/ALL-Overview-r5-es.jpg\" title=\"Click Image to Enlarge.\"><img decoding=\"async\" aria-describedby=\"caption-bc-overview\" src=\"\/wp-content\/uploads\/sites\/4\/2015\/07\/ALL-Overview-r5-es.jpg\" class=\"aligncenter ovr-pic\" alt=\"leucemia linfoc\u00edtica aguda (LLA)\"\/><\/a><p id=\"caption-bc-overview\" class=\"wp-caption-text\">Click Image to Enlarge.<\/p><\/div>\n<p class=\"section-content\">La LLA es el tercer tipo m\u00e1s frecuente de leucemia en Estados Unidos, con alrededor de 6,000\u00a0casos nuevos todos los a\u00f1os.  Es el tipo de c\u00e1ncer infantil m\u00e1s frecuente, alrededor de 4,000 de estos casos se producen en ni\u00f1os.  Los linfomas se originan en los ganglios linf\u00e1ticos y el tejido linf\u00e1tico.  Las leucemias, los linfomas y los c\u00e1nceres de los ganglios linf\u00e1ticos est\u00e1n muy relacionados entre s\u00ed y las diferencias entre ellos pueden ser confusas.  Los linfomas se originan en los ganglios linf\u00e1ticos y en el tejido linf\u00e1tico.  La diferencia principal entre las leucemias linfoc\u00edticas y los linfomas es que las primeras casi siempre comprometen la m\u00e9dula \u00f3sea; mientras que los linfomas se originan en los linfoblastos en los ganglios linf\u00e1ticos u otros \u00f3rganos y pueden o no comprometer la m\u00e9dula \u00f3sea.  Si el m\u00e9dico encuentra linfoblastos cancerosos en la m\u00e9dula \u00f3sea y en los ganglios linf\u00e1ticos, deber\u00e1 realizar otras pruebas para distinguir si se trata de una LLA o un linfoma.  En el caso de aquellas personas que padecen de LLA, m\u00e1s del 20% de la m\u00e9dula \u00f3sea estar\u00e1 compuesta por linfoblastos cancerosos.  En el caso de los linfomas, los ganglios linf\u00e1ticos casi siempre est\u00e1n inflamados.<\/p>\n<div class=\"clearboth\"><\/div>\n","protected":false},"excerpt":{"rendered":"<p>\u00bfQu\u00e9 es la leucemia linfoc\u00edtica aguda (LLA)? La leucemia es un tipo de c\u00e1ncer que se forma en la m\u00e9dula \u00f3sea, el tejido suave y esponjoso que se encuentra en el interior de los huesos, donde se producen las c\u00e9lulas sangu\u00edneas. La m\u00e9dula \u00f3sea contiene c\u00e9lulas madre inmaduras que producen sangre y que, con el [&hellip;]<\/p>\n","protected":false},"author":5,"featured_media":0,"parent":16004,"menu_order":1,"comment_status":"closed","ping_status":"open","template":"template-tumor.php","meta":{"footnotes":""},"tags":[10],"class_list":["post-16006","page","type-page","status-publish","hentry","tag-members-only"],"yoast_head":"<!-- This site is optimized with the Yoast SEO plugin v25.0 - https:\/\/yoast.com\/wordpress\/plugins\/seo\/ -->\n<title>CMedEd | Informaci\u00f3n para comprender la leucemia linfoc\u00edtica aguda (LLA) | Generalidades<\/title>\n<meta name=\"description\" content=\"\u00bfQu\u00e9 es la leucemia linfoc\u00edtica aguda (LLA)? La leucemia es un tipo de c\u00e1ncer que se forma en la m\u00e9dula \u00f3sea, el tejido suave y esponjoso que se encuentra\" \/>\n<meta name=\"robots\" content=\"index, follow, max-snippet:-1, max-image-preview:large, max-video-preview:-1\" \/>\n<link rel=\"canonical\" href=\"https:\/\/cmeded.com\/es\/leukemia\/understanding-acute-lymphoblastic-leukemia-all\/overview\/\" \/>\n<meta property=\"og:locale\" content=\"es_ES\" \/>\n<meta property=\"og:type\" content=\"article\" \/>\n<meta property=\"og:title\" content=\"CMedEd | Informaci\u00f3n para comprender la leucemia linfoc\u00edtica aguda (LLA) | Generalidades\" \/>\n<meta property=\"og:description\" content=\"\u00bfQu\u00e9 es la leucemia linfoc\u00edtica aguda (LLA)? La leucemia es un tipo de c\u00e1ncer que se forma en la m\u00e9dula \u00f3sea, el tejido suave y esponjoso que se encuentra\" \/>\n<meta property=\"og:url\" content=\"https:\/\/cmeded.com\/es\/leukemia\/understanding-acute-lymphoblastic-leukemia-all\/overview\/\" \/>\n<meta property=\"og:site_name\" content=\"CMedEd\" \/>\n<meta property=\"article:modified_time\" content=\"2023-08-24T23:48:37+00:00\" \/>\n<meta name=\"twitter:card\" content=\"summary_large_image\" \/>\n<meta name=\"twitter:label1\" content=\"Tiempo de lectura\" \/>\n\t<meta name=\"twitter:data1\" content=\"2 minutos\" \/>\n<script type=\"application\/ld+json\" class=\"yoast-schema-graph\">{\"@context\":\"https:\/\/schema.org\",\"@graph\":[{\"@type\":\"WebPage\",\"@id\":\"https:\/\/cmeded.com\/es\/leukemia\/understanding-acute-lymphoblastic-leukemia-all\/overview\/\",\"url\":\"https:\/\/cmeded.com\/es\/leukemia\/understanding-acute-lymphoblastic-leukemia-all\/overview\/\",\"name\":\"CMedEd | Informaci\u00f3n para comprender la leucemia linfoc\u00edtica aguda (LLA) | Generalidades\",\"isPartOf\":{\"@id\":\"https:\/\/cmeded.com\/es\/#website\"},\"datePublished\":\"2014-03-13T15:59:38+00:00\",\"dateModified\":\"2023-08-24T23:48:37+00:00\",\"description\":\"\u00bfQu\u00e9 es la leucemia linfoc\u00edtica aguda (LLA)? La leucemia es un tipo de c\u00e1ncer que se forma en la m\u00e9dula \u00f3sea, el tejido suave y esponjoso que se encuentra\",\"breadcrumb\":{\"@id\":\"https:\/\/cmeded.com\/es\/leukemia\/understanding-acute-lymphoblastic-leukemia-all\/overview\/#breadcrumb\"},\"inLanguage\":\"es\",\"potentialAction\":[{\"@type\":\"ReadAction\",\"target\":[\"https:\/\/cmeded.com\/es\/leukemia\/understanding-acute-lymphoblastic-leukemia-all\/overview\/\"]}]},{\"@type\":\"BreadcrumbList\",\"@id\":\"https:\/\/cmeded.com\/es\/leukemia\/understanding-acute-lymphoblastic-leukemia-all\/overview\/#breadcrumb\",\"itemListElement\":[{\"@type\":\"ListItem\",\"position\":1,\"name\":\"Home\",\"item\":\"https:\/\/cmeded.com\/es\/\"},{\"@type\":\"ListItem\",\"position\":2,\"name\":\"Leucemia\",\"item\":\"https:\/\/cmeded.com\/es\/leukemia\/\"},{\"@type\":\"ListItem\",\"position\":3,\"name\":\"Informaci\u00f3n para comprender la leucemia linfoc\u00edtica aguda (LLA)\",\"item\":\"https:\/\/cmeded.com\/es\/leukemia\/understanding-acute-lymphoblastic-leukemia-all\/\"},{\"@type\":\"ListItem\",\"position\":4,\"name\":\"Generalidades\"}]},{\"@type\":\"WebSite\",\"@id\":\"https:\/\/cmeded.com\/es\/#website\",\"url\":\"https:\/\/cmeded.com\/es\/\",\"name\":\"CMedEd\",\"description\":\"Recurso principal de informaci\u00f3n sobre el c\u00e1ncer\",\"potentialAction\":[{\"@type\":\"SearchAction\",\"target\":{\"@type\":\"EntryPoint\",\"urlTemplate\":\"https:\/\/cmeded.com\/es\/?s={search_term_string}\"},\"query-input\":{\"@type\":\"PropertyValueSpecification\",\"valueRequired\":true,\"valueName\":\"search_term_string\"}}],\"inLanguage\":\"es\"}]}<\/script>\n<!-- \/ Yoast SEO plugin. -->","yoast_head_json":{"title":"CMedEd | Informaci\u00f3n para comprender la leucemia linfoc\u00edtica aguda (LLA) | Generalidades","description":"\u00bfQu\u00e9 es la leucemia linfoc\u00edtica aguda (LLA)? La leucemia es un tipo de c\u00e1ncer que se forma en la m\u00e9dula \u00f3sea, el tejido suave y esponjoso que se encuentra","robots":{"index":"index","follow":"follow","max-snippet":"max-snippet:-1","max-image-preview":"max-image-preview:large","max-video-preview":"max-video-preview:-1"},"canonical":"https:\/\/cmeded.com\/es\/leukemia\/understanding-acute-lymphoblastic-leukemia-all\/overview\/","og_locale":"es_ES","og_type":"article","og_title":"CMedEd | Informaci\u00f3n para comprender la leucemia linfoc\u00edtica aguda (LLA) | Generalidades","og_description":"\u00bfQu\u00e9 es la leucemia linfoc\u00edtica aguda (LLA)? La leucemia es un tipo de c\u00e1ncer que se forma en la m\u00e9dula \u00f3sea, el tejido suave y esponjoso que se encuentra","og_url":"https:\/\/cmeded.com\/es\/leukemia\/understanding-acute-lymphoblastic-leukemia-all\/overview\/","og_site_name":"CMedEd","article_modified_time":"2023-08-24T23:48:37+00:00","twitter_card":"summary_large_image","twitter_misc":{"Tiempo de lectura":"2 minutos"},"schema":{"@context":"https:\/\/schema.org","@graph":[{"@type":"WebPage","@id":"https:\/\/cmeded.com\/es\/leukemia\/understanding-acute-lymphoblastic-leukemia-all\/overview\/","url":"https:\/\/cmeded.com\/es\/leukemia\/understanding-acute-lymphoblastic-leukemia-all\/overview\/","name":"CMedEd | Informaci\u00f3n para comprender la leucemia linfoc\u00edtica aguda (LLA) | Generalidades","isPartOf":{"@id":"https:\/\/cmeded.com\/es\/#website"},"datePublished":"2014-03-13T15:59:38+00:00","dateModified":"2023-08-24T23:48:37+00:00","description":"\u00bfQu\u00e9 es la leucemia linfoc\u00edtica aguda (LLA)? La leucemia es un tipo de c\u00e1ncer que se forma en la m\u00e9dula \u00f3sea, el tejido suave y esponjoso que se encuentra","breadcrumb":{"@id":"https:\/\/cmeded.com\/es\/leukemia\/understanding-acute-lymphoblastic-leukemia-all\/overview\/#breadcrumb"},"inLanguage":"es","potentialAction":[{"@type":"ReadAction","target":["https:\/\/cmeded.com\/es\/leukemia\/understanding-acute-lymphoblastic-leukemia-all\/overview\/"]}]},{"@type":"BreadcrumbList","@id":"https:\/\/cmeded.com\/es\/leukemia\/understanding-acute-lymphoblastic-leukemia-all\/overview\/#breadcrumb","itemListElement":[{"@type":"ListItem","position":1,"name":"Home","item":"https:\/\/cmeded.com\/es\/"},{"@type":"ListItem","position":2,"name":"Leucemia","item":"https:\/\/cmeded.com\/es\/leukemia\/"},{"@type":"ListItem","position":3,"name":"Informaci\u00f3n para comprender la leucemia linfoc\u00edtica aguda (LLA)","item":"https:\/\/cmeded.com\/es\/leukemia\/understanding-acute-lymphoblastic-leukemia-all\/"},{"@type":"ListItem","position":4,"name":"Generalidades"}]},{"@type":"WebSite","@id":"https:\/\/cmeded.com\/es\/#website","url":"https:\/\/cmeded.com\/es\/","name":"CMedEd","description":"Recurso principal de informaci\u00f3n sobre el c\u00e1ncer","potentialAction":[{"@type":"SearchAction","target":{"@type":"EntryPoint","urlTemplate":"https:\/\/cmeded.com\/es\/?s={search_term_string}"},"query-input":{"@type":"PropertyValueSpecification","valueRequired":true,"valueName":"search_term_string"}}],"inLanguage":"es"}]}},"_links":{"self":[{"href":"https:\/\/cmeded.com\/es\/wp-json\/wp\/v2\/pages\/16006","targetHints":{"allow":["GET"]}}],"collection":[{"href":"https:\/\/cmeded.com\/es\/wp-json\/wp\/v2\/pages"}],"about":[{"href":"https:\/\/cmeded.com\/es\/wp-json\/wp\/v2\/types\/page"}],"author":[{"embeddable":true,"href":"https:\/\/cmeded.com\/es\/wp-json\/wp\/v2\/users\/5"}],"replies":[{"embeddable":true,"href":"https:\/\/cmeded.com\/es\/wp-json\/wp\/v2\/comments?post=16006"}],"version-history":[{"count":0,"href":"https:\/\/cmeded.com\/es\/wp-json\/wp\/v2\/pages\/16006\/revisions"}],"up":[{"embeddable":true,"href":"https:\/\/cmeded.com\/es\/wp-json\/wp\/v2\/pages\/16004"}],"wp:attachment":[{"href":"https:\/\/cmeded.com\/es\/wp-json\/wp\/v2\/media?parent=16006"}],"wp:term":[{"taxonomy":"post_tag","embeddable":true,"href":"https:\/\/cmeded.com\/es\/wp-json\/wp\/v2\/tags?post=16006"}],"curies":[{"name":"wp","href":"https:\/\/api.w.org\/{rel}","templated":true}]}}