{"id":15996,"date":"2014-03-12T15:38:18","date_gmt":"2014-03-12T20:38:18","guid":{"rendered":"http:\/\/cmeded.wpengine.com\/?page_id=15996"},"modified":"2025-05-07T14:04:15","modified_gmt":"2025-05-07T19:04:15","slug":"diagnosis","status":"publish","type":"page","link":"https:\/\/cmeded.com\/es\/lymphoma\/understanding-mantle-cell-lymphoma\/diagnosis\/","title":{"rendered":"Diagn\u00f3stico"},"content":{"rendered":"<h4 class=\"section-title\">Diagn\u00f3stico<\/h4>\n<p class=\"section-content\">Si una persona desarrolla signos o s\u00edntomas de linfoma, un m\u00e9dico tomar\u00e1 su historia cl\u00ednica y realizar\u00e1 un examen f\u00edsico para determinar qu\u00e9 podr\u00eda estar caus\u00e1ndolos.  Durante el examen f\u00edsico, el m\u00e9dico debe examinar detenidamente los ganglios linf\u00e1ticos, el h\u00edgado y el bazo; adem\u00e1s, debe buscar signos de una infecci\u00f3n que pueda estar provocando los s\u00edntomas.  Si el m\u00e9dico sospecha que hay linfoma, generalmente realizar\u00e1 an\u00e1lisis de sangre y de laboratorio, considerar\u00e1 obtener im\u00e1genes con ultrasonido o tomograf\u00eda computarizada y realizar\u00e1 una biopsia del ganglio linf\u00e1tico agrandado que se detecte mediante un examen o una imagen para estar seguro. A continuaci\u00f3n, se detallan algunos de los procedimientos que el m\u00e9dico puede realizar para diagnosticar el linfoma de c\u00e9lulas del manto:<\/p>\n<div class=\"divider\" id=\"\">\n\t\n\t<\/div>\n<div class=\"risk-factor\">\n<div class=\"symp-pic\"><div id=\"caption\" style=\"width: 195px\" class=\"wp-caption aligncenter\"><a href=\"\/wp-content\/uploads\/sites\/4\/2015\/07\/Excisional-Incisional-Lymph-es.jpg\" title=\"Click Image to Enlarge.\"><img decoding=\"async\" aria-describedby=\"caption-caption\" src=\"\/wp-content\/uploads\/sites\/4\/2015\/07\/Excisional-Incisional-Lymph-es.jpg\" class=\"aligncenter\" alt=\"Biopsia de ganglios linf\u00e1ticos por incisi\u00f3n y escisi\u00f3n\" style=\"height:150px\" \/><\/a><p id=\"caption-caption\" class=\"wp-caption-text\">Click Image to Enlarge.<\/p><\/div><\/div>\n<div class=\"risk-text-wrap\">\n<h5 class=\"section-title\">Biopsia de ganglio linf\u00e1tico central por escisi\u00f3n\/incisi\u00f3n\/h5><\/p>\n<p class=\"section-content\">En este procedimiento, el m\u00e9dico extirpa un ganglio linf\u00e1tico inflamado completo (biopsia por escisi\u00f3n) o una peque\u00f1a porci\u00f3n del mismo (biopsia por incisi\u00f3n) mediante cirug\u00eda, o toma una biopsia de una peque\u00f1a porci\u00f3n del mismo (biopsia con aguja gruesa) utilizando una imagen (ecograf\u00eda o tomograf\u00eda computarizada) como gu\u00eda y la env\u00eda a un laboratorio para su an\u00e1lisis al microscopio en busca de signos de linfoma. Cualquiera de estas pruebas es un m\u00e9todo fiable para diagnosticar el linfoma de c\u00e9lulas del manto y, por lo general, proporciona una muestra de tejido lo suficientemente grande como para que un pat\u00f3logo la interprete correctamente.<\/p>\n<\/div>\n<div class=\"clearboth\"><\/div>\n<\/div>\n<div class=\"divider\" id=\"\">\n\t\n\t<\/div>\n<div class=\"risk-factor\">\n<div class=\"symp-pic\"><div id=\"caption\" style=\"width: 195px\" class=\"wp-caption aligncenter\"><a href=\"\/wp-content\/uploads\/2013\/03\/Bone-Marrow-Biopsy-PSF1.jpg\" title=\"Click Image to Enlarge.\"><img decoding=\"async\" aria-describedby=\"caption-caption\" src=\"\/wp-content\/uploads\/2013\/03\/Bone-Marrow-Biopsy-225x155.jpg\" class=\"aligncenter\" alt=\"Aspiraci\u00f3n y biopsia de la m\u00e9dula \u00f3sea\" style=\"max-height:150px\" \/><\/a><p id=\"caption-caption\" class=\"wp-caption-text\">Click Image to Enlarge.<\/p><\/div><\/div>\n<div class=\"risk-text-wrap\">\n<h5 class=\"section-title\">Aspiraci\u00f3n y biopsia de la m\u00e9dula \u00f3sea<\/h5>\n<p class=\"section-content\">En esta prueba, el m\u00e9dico utiliza una aguja fina para extraer una muestra de tejido del hueso il\u00edaco y la env\u00eda a un laboratorio para su an\u00e1lisis al microscopio. Este procedimiento se utiliza para determinar si un linfoma se ha propagado a la m\u00e9dula \u00f3sea, adem\u00e1s de ser una de las pruebas que pueden ayudar a determinar el estadio de la enfermedad.  A menudo puede resultar \u00fatil para determinar el diagn\u00f3stico del linfoma cuando no hay otros signos de la enfermedad presentes.<\/p>\n<\/div>\n<div class=\"clearboth\"><\/div>\n<\/div>\n<div class=\"divider\" id=\"\">\n\t\n\t<\/div>\n<div class=\"risk-factor\">\n<div class=\"symp-pic\">\n<div id=\"caption\" style=\"width: 160px\" class=\"wp-caption aligncenter\"><a href='\/wp-content\/uploads\/2012\/11\/CIHC.png' title='Go to enlarged image.'><img decoding=\"async\" aria-describedby=\"caption-caption\" src=\"\/wp-content\/uploads\/2012\/11\/CIHC.png\" class=\"aligncenter\" alt=\"Inmunofenotipificaci\u00f3n\" style=\"height:150px\" \/><\/a><p id=\"caption-caption\" class=\"wp-caption-text\">Click Image to Enlarge.<\/p><\/div>\n<\/div>\n<div class=\"risk-text-wrap\">\n<h5 class=\"section-title\">Inmunofenotipificaci\u00f3n<\/h5>\n<p class=\"section-content\">El diagn\u00f3stico de linfoma puede ser dif\u00edcil y, a veces el examen de las c\u00e9lulas al microscopio no es suficiente para proporcionar un diagn\u00f3stico definitivo. El pat\u00f3logo usara tinciones especiales para identificar ciertas prote\u00ednas que se encuentran en el linfoma de c\u00e9lulas del manto para ayudar a diagnosticar correctamente la enfermedad. El pat\u00f3logo tambi\u00e9n puede solicitar una prueba gen\u00e9tica espec\u00edfica de las c\u00e9lulas de linfoma, que puede ser mucho m\u00e1s concluyente sobre el diagn\u00f3stico cuando el linfoma de c\u00e9lulas del manto est\u00e1 presente.<\/p>\n<\/div>\n<div class=\"clearboth\"><\/div>\n<\/div>\n<div class=\"divider\" id=\"\">\n\t\n\t<\/div>\n<div class=\"risk-factor\">\n<div class=\"symp-pic\"><img decoding=\"async\" src=\"\/wp-content\/uploads\/2013\/03\/TestTubes1502.jpg\" class=\"aligncenter\" alt=\"An\u00e1lisis de sangre\" style=\"height:150px\" \/><\/div>\n<div class=\"risk-text-wrap\">\n<h5 class=\"section-title\">An\u00e1lisis de sangre<\/h5>\n<p class=\"section-content\">Un m\u00e9dico puede recomendar an\u00e1lisis de sangre, incluyendo un hemograma completo (CBC, por sus siglas en ingl\u00e9s) con diferencial para determinar los niveles de gl\u00f3bulos blancos, gl\u00f3bulos rojos y plaquetas en la sangre, as\u00ed como un perfil bioqu\u00edmico para evaluar los niveles de prote\u00ednas, la funci\u00f3n hep\u00e1tica, la funci\u00f3n renal y los electrolitos. La deshidrogenasa l\u00e1ctica (LDH) es un an\u00e1lisis de sangre que puede utilizarse, junto con otros factores del paciente y de la enfermedad, para determinar \u00edndices pron\u00f3sticos y tambi\u00e9n puede emplearse para seguir la respuesta de la enfermedad al tratamiento; sin embargo, no es un marcador espec\u00edfico del linfoma y puede estar elevada por otras razones. Estas pruebas no se utilizan para diagnosticar la enfermedad, pero son \u00fatiles para monitorear los cambios que el linfoma puede estar causando en el cuerpo y los efectos secundarios de la quimioterapia.<\/p>\n<\/div>\n<div class=\"clearboth\"><\/div>\n<\/div>\n<div class=\"divider\" id=\"\">\n\t\n\t<\/div>\n<div class=\"risk-factor\">\n<div class=\"symp-pic\"><img decoding=\"async\" src=\"\/wp-content\/uploads\/2013\/01\/Colonoscopy2.jpg\" class=\"aligncenter\" alt=\"Colonoscop\u00eda y gastroscop\u00eda\" style=\"height:150px\" \/><\/div>\n<div class=\"risk-text-wrap\">\n<h5 class=\"section-title\">Colonoscop\u00eda y gastroscop\u00eda<\/h5>\n<p class=\"section-content\">En esta prueba, el m\u00e9dico utiliza un tubo delgado y flexible con una c\u00e1mara y luz en el extremo para examinar el revestimiento interno del tracto digestivo en busca de anomal\u00edas. Una colonoscopia examina el colon y una gastroscopia o endoscopia digestiva alta (EGD) examina el est\u00f3mago. El linfoma del manto se encuentra com\u00fanmente en estas ubicaciones, por lo que la colonoscopia es un procedimiento diagn\u00f3stico cuando se sospecha afectaci\u00f3n gastrointestinal, y las biopsias del colon o del est\u00f3mago pueden ayudar a confirmar el diagn\u00f3stico cuando la enfermedad est\u00e1 presente.<\/p>\n<\/div>\n<div class=\"clearboth\"><\/div>\n<\/div>\n<div class=\"divider\" id=\"\">\n\t\n\t<\/div>\n<div class=\"risk-factor\">\n<div class=\"symp-pic\"><img decoding=\"async\" src=\"\/wp-content\/uploads\/2013\/10\/ManUltrasound-255x175.png\" class=\"aligncenter\" alt=\"Ecocardiograma\" style=\"max-height:150px\" \/><\/div>\n<div class=\"risk-text-wrap\">\n<h5 class=\"section-title\">Ecocardiograma<\/h5>\n<p class=\"section-content\">Determinados medicamentos de quimioterapia que se emplean para tratar el linfoma pueden provocar da\u00f1o card\u00edaco.  La ecograf\u00eda del coraz\u00f3n se denomina \"ecocardiograma\".  A ra\u00edz del ultrasonido, las ondas sonoras rebotan en las v\u00edsceras del paciente y crean ecos que forman una imagen.  Mientras usted toma estos medicamentos, es posible que el m\u00e9dico indique ecocardiogramas con regularidad para controlar el tama\u00f1o y la funci\u00f3n del coraz\u00f3n.<\/p>\n<\/div>\n<div class=\"clearboth\"><\/div>\n<\/div>\n<div class=\"divider\" id=\"\">\n\t\n\t<\/div>\n<div class=\"risk-factor\">\n<div class=\"symp-pic\"><div id=\"caption\" style=\"width: 243px\" class=\"wp-caption aligncenter\"><a href='\/wp-content\/uploads\/2016\/06\/CT.jpg' title='Go to enlarged image.'><img aria-describedby=\"caption-caption\" src='\/wp-content\/uploads\/2016\/06\/CT.jpg' class='aligncenter' alt='Tomograf\u00eda computarizada' style='height:150px' \/><\/a><p id=\"caption-caption\" class=\"wp-caption-text\">Click Image to Enlarge.<\/p><\/div><\/div>\n<div class=\"risk-text-wrap\">\n<h5 class=\"section-title\">Tomograf\u00eda computarizada<\/h5>\n<p class=\"section-content\">Para una tomograf\u00eda computarizada (TC), el paciente se recuesta boca arriba en una mesa mientras un aparato gira alrededor de su cuerpo y toma im\u00e1genes. Es posible que se inyecte un colorante especial en las venas del paciente y que deba beber un l\u00edquido especial para que resalten las v\u00edsceras.  Una TC revela la presencia de tumores y permite detectar si el c\u00e1ncer se disemin\u00f3 a otras partes del organismo.<\/p>\n<\/div>\n<div class=\"clearboth\"><\/div>\n<\/div>\n<div class=\"divider\" id=\"\">\n\t\n\t<\/div>\n<div class=\"risk-factor\">\n<div class=\"symp-pic\"><div id=\"caption\" style=\"width: 243px\" class=\"wp-caption aligncenter\"><a href='\/wp-content\/uploads\/2016\/06\/MRI.jpg' title='Go to enlarged image.'><img aria-describedby=\"caption-caption\" src='\/wp-content\/uploads\/2016\/06\/MRI.jpg' class='aligncenter' alt='Resonancia magn\u00e9tica' style='height:150px' \/><\/a><p id=\"caption-caption\" class=\"wp-caption-text\">Click Image to Enlarge.<\/p><\/div><\/div>\n<div class=\"risk-text-wrap\">\n<h5 class=\"section-title\">Resonancia magn\u00e9tica<\/h5>\n<p class=\"section-content\">En una resonancia magn\u00e9tica (RM), se utilizan ondas de radio y un im\u00e1n potente para crear im\u00e1genes claras y detalladas de las partes del cuerpo. El organismo absorbe las ondas de radio, que se liberan siguiendo un patr\u00f3n determinado que es interpretado por una computadora para mostrar cortes del cuerpo humano.<\/p>\n<\/div>\n<div class=\"clearboth\"><\/div>\n<\/div>\n<div class=\"divider\" id=\"\">\n\t\n\t<\/div>\n<div class=\"risk-factor\">\n<div class=\"symp-pic\"><div id=\"caption\" style=\"width: 243px\" class=\"wp-caption aligncenter\"><a href='\/wp-content\/uploads\/2016\/06\/PET.jpg' title='Go to enlarged image.'><img aria-describedby=\"caption-caption\" src='\/wp-content\/uploads\/2016\/06\/PET.jpg' class='aligncenter' alt='Tomograf\u00eda por emisi\u00f3n de positrones' style='height:150px' \/><\/a><p id=\"caption-caption\" class=\"wp-caption-text\">Click Image to Enlarge.<\/p><\/div><\/div>\n<div class=\"risk-text-wrap\">\n<h5 class=\"section-title\">Tomograf\u00eda por emisi\u00f3n de positrones<\/h5>\n<p class=\"section-content\">Los m\u00e9dicos utilizan las exploraciones PET por varias razones: en ocasiones, el linfoma puede afectar \u00e1reas que no se visualizan f\u00e1cilmente en una tomograf\u00eda computarizada (CT). Las PET miden la actividad metab\u00f3lica de las \u00e1reas, no su tama\u00f1o. Frecuentemente se realiza una PET antes del tratamiento para asegurar una evaluaci\u00f3n adecuada de todas las \u00e1reas afectadas por el linfoma de c\u00e9lulas del manto, y luego nuevamente despu\u00e9s de finalizar la terapia para medir la respuesta al tratamiento. Cuando la PET ya no muestra actividad, se considera que el paciente no tiene evidencia activa de linfoma. La imagen de una PET no es tan detallada como la de una CT o una resonancia magn\u00e9tica (MRI), pero puede mostrar todo el cuerpo y ayudar a identificar \u00e1reas afectadas por el linfoma que no se ven en una CT. Lo m\u00e1s habitual es utilizar una PET\/CT, que combina las im\u00e1genes de ambas pruebas.<\/p>\n<p>>\n<\/p><\/div>\n<div class=\"clearboth\"><\/div>\n<\/div>\n","protected":false},"excerpt":{"rendered":"<p>Diagn\u00f3stico Si una persona desarrolla signos o s\u00edntomas de linfoma, un m\u00e9dico tomar\u00e1 su historia cl\u00ednica y realizar\u00e1 un examen f\u00edsico para determinar qu\u00e9 podr\u00eda estar caus\u00e1ndolos. Durante el examen f\u00edsico, el m\u00e9dico debe examinar detenidamente los ganglios linf\u00e1ticos, el h\u00edgado y el bazo; adem\u00e1s, debe buscar signos de una infecci\u00f3n que pueda estar provocando [&hellip;]<\/p>\n","protected":false},"author":5,"featured_media":0,"parent":15990,"menu_order":4,"comment_status":"closed","ping_status":"open","template":"template-tumor.php","meta":{"footnotes":""},"tags":[10],"class_list":["post-15996","page","type-page","status-publish","hentry","tag-members-only"],"yoast_head":"<!-- This site is optimized with the Yoast SEO plugin v25.0 - https:\/\/yoast.com\/wordpress\/plugins\/seo\/ -->\n<title>CMedEd | Informaci\u00f3n para comprender el linfoma de c\u00e9lulas del manto | Diagn\u00f3stico<\/title>\n<meta name=\"description\" content=\"Diagn\u00f3stico Si una persona desarrolla signos o s\u00edntomas de linfoma, un m\u00e9dico tomar\u00e1 su historia cl\u00ednica y realizar\u00e1 un examen f\u00edsico para determinar qu\u00e9\" \/>\n<meta name=\"robots\" content=\"index, follow, max-snippet:-1, max-image-preview:large, max-video-preview:-1\" \/>\n<link rel=\"canonical\" href=\"https:\/\/cmeded.com\/es\/lymphoma\/understanding-mantle-cell-lymphoma\/diagnosis\/\" \/>\n<meta property=\"og:locale\" content=\"es_ES\" \/>\n<meta property=\"og:type\" content=\"article\" \/>\n<meta property=\"og:title\" content=\"CMedEd | Informaci\u00f3n para comprender el linfoma de c\u00e9lulas del manto | Diagn\u00f3stico\" \/>\n<meta property=\"og:description\" content=\"Diagn\u00f3stico Si una persona desarrolla signos o s\u00edntomas de linfoma, un m\u00e9dico tomar\u00e1 su historia cl\u00ednica y realizar\u00e1 un examen f\u00edsico para determinar qu\u00e9\" \/>\n<meta property=\"og:url\" content=\"https:\/\/cmeded.com\/es\/lymphoma\/understanding-mantle-cell-lymphoma\/diagnosis\/\" \/>\n<meta property=\"og:site_name\" content=\"CMedEd\" \/>\n<meta property=\"article:modified_time\" content=\"2025-05-07T19:04:15+00:00\" \/>\n<meta name=\"twitter:card\" content=\"summary_large_image\" \/>\n<meta name=\"twitter:label1\" content=\"Tiempo de lectura\" \/>\n\t<meta name=\"twitter:data1\" content=\"7 minutos\" \/>\n<script type=\"application\/ld+json\" class=\"yoast-schema-graph\">{\"@context\":\"https:\/\/schema.org\",\"@graph\":[{\"@type\":\"WebPage\",\"@id\":\"https:\/\/cmeded.com\/es\/lymphoma\/understanding-mantle-cell-lymphoma\/diagnosis\/\",\"url\":\"https:\/\/cmeded.com\/es\/lymphoma\/understanding-mantle-cell-lymphoma\/diagnosis\/\",\"name\":\"CMedEd | Informaci\u00f3n para comprender el linfoma de c\u00e9lulas del manto | Diagn\u00f3stico\",\"isPartOf\":{\"@id\":\"https:\/\/cmeded.com\/es\/#website\"},\"datePublished\":\"2014-03-12T20:38:18+00:00\",\"dateModified\":\"2025-05-07T19:04:15+00:00\",\"description\":\"Diagn\u00f3stico Si una persona desarrolla signos o s\u00edntomas de linfoma, un m\u00e9dico tomar\u00e1 su historia cl\u00ednica y realizar\u00e1 un examen f\u00edsico para determinar qu\u00e9\",\"breadcrumb\":{\"@id\":\"https:\/\/cmeded.com\/es\/lymphoma\/understanding-mantle-cell-lymphoma\/diagnosis\/#breadcrumb\"},\"inLanguage\":\"es\",\"potentialAction\":[{\"@type\":\"ReadAction\",\"target\":[\"https:\/\/cmeded.com\/es\/lymphoma\/understanding-mantle-cell-lymphoma\/diagnosis\/\"]}]},{\"@type\":\"BreadcrumbList\",\"@id\":\"https:\/\/cmeded.com\/es\/lymphoma\/understanding-mantle-cell-lymphoma\/diagnosis\/#breadcrumb\",\"itemListElement\":[{\"@type\":\"ListItem\",\"position\":1,\"name\":\"Home\",\"item\":\"https:\/\/cmeded.com\/es\/\"},{\"@type\":\"ListItem\",\"position\":2,\"name\":\"Linfoma\",\"item\":\"https:\/\/cmeded.com\/es\/lymphoma\/\"},{\"@type\":\"ListItem\",\"position\":3,\"name\":\"Informaci\u00f3n para comprender el linfoma de c\u00e9lulas del manto\",\"item\":\"https:\/\/cmeded.com\/es\/lymphoma\/understanding-mantle-cell-lymphoma\/\"},{\"@type\":\"ListItem\",\"position\":4,\"name\":\"Diagn\u00f3stico\"}]},{\"@type\":\"WebSite\",\"@id\":\"https:\/\/cmeded.com\/es\/#website\",\"url\":\"https:\/\/cmeded.com\/es\/\",\"name\":\"CMedEd\",\"description\":\"Recurso principal de informaci\u00f3n sobre el c\u00e1ncer\",\"potentialAction\":[{\"@type\":\"SearchAction\",\"target\":{\"@type\":\"EntryPoint\",\"urlTemplate\":\"https:\/\/cmeded.com\/es\/?s={search_term_string}\"},\"query-input\":{\"@type\":\"PropertyValueSpecification\",\"valueRequired\":true,\"valueName\":\"search_term_string\"}}],\"inLanguage\":\"es\"}]}<\/script>\n<!-- \/ Yoast SEO plugin. -->","yoast_head_json":{"title":"CMedEd | Informaci\u00f3n para comprender el linfoma de c\u00e9lulas del manto | Diagn\u00f3stico","description":"Diagn\u00f3stico Si una persona desarrolla signos o s\u00edntomas de linfoma, un m\u00e9dico tomar\u00e1 su historia cl\u00ednica y realizar\u00e1 un examen f\u00edsico para determinar qu\u00e9","robots":{"index":"index","follow":"follow","max-snippet":"max-snippet:-1","max-image-preview":"max-image-preview:large","max-video-preview":"max-video-preview:-1"},"canonical":"https:\/\/cmeded.com\/es\/lymphoma\/understanding-mantle-cell-lymphoma\/diagnosis\/","og_locale":"es_ES","og_type":"article","og_title":"CMedEd | Informaci\u00f3n para comprender el linfoma de c\u00e9lulas del manto | Diagn\u00f3stico","og_description":"Diagn\u00f3stico Si una persona desarrolla signos o s\u00edntomas de linfoma, un m\u00e9dico tomar\u00e1 su historia cl\u00ednica y realizar\u00e1 un examen f\u00edsico para determinar qu\u00e9","og_url":"https:\/\/cmeded.com\/es\/lymphoma\/understanding-mantle-cell-lymphoma\/diagnosis\/","og_site_name":"CMedEd","article_modified_time":"2025-05-07T19:04:15+00:00","twitter_card":"summary_large_image","twitter_misc":{"Tiempo de lectura":"7 minutos"},"schema":{"@context":"https:\/\/schema.org","@graph":[{"@type":"WebPage","@id":"https:\/\/cmeded.com\/es\/lymphoma\/understanding-mantle-cell-lymphoma\/diagnosis\/","url":"https:\/\/cmeded.com\/es\/lymphoma\/understanding-mantle-cell-lymphoma\/diagnosis\/","name":"CMedEd | Informaci\u00f3n para comprender el linfoma de c\u00e9lulas del manto | Diagn\u00f3stico","isPartOf":{"@id":"https:\/\/cmeded.com\/es\/#website"},"datePublished":"2014-03-12T20:38:18+00:00","dateModified":"2025-05-07T19:04:15+00:00","description":"Diagn\u00f3stico Si una persona desarrolla signos o s\u00edntomas de linfoma, un m\u00e9dico tomar\u00e1 su historia cl\u00ednica y realizar\u00e1 un examen f\u00edsico para determinar qu\u00e9","breadcrumb":{"@id":"https:\/\/cmeded.com\/es\/lymphoma\/understanding-mantle-cell-lymphoma\/diagnosis\/#breadcrumb"},"inLanguage":"es","potentialAction":[{"@type":"ReadAction","target":["https:\/\/cmeded.com\/es\/lymphoma\/understanding-mantle-cell-lymphoma\/diagnosis\/"]}]},{"@type":"BreadcrumbList","@id":"https:\/\/cmeded.com\/es\/lymphoma\/understanding-mantle-cell-lymphoma\/diagnosis\/#breadcrumb","itemListElement":[{"@type":"ListItem","position":1,"name":"Home","item":"https:\/\/cmeded.com\/es\/"},{"@type":"ListItem","position":2,"name":"Linfoma","item":"https:\/\/cmeded.com\/es\/lymphoma\/"},{"@type":"ListItem","position":3,"name":"Informaci\u00f3n para comprender el linfoma de c\u00e9lulas del manto","item":"https:\/\/cmeded.com\/es\/lymphoma\/understanding-mantle-cell-lymphoma\/"},{"@type":"ListItem","position":4,"name":"Diagn\u00f3stico"}]},{"@type":"WebSite","@id":"https:\/\/cmeded.com\/es\/#website","url":"https:\/\/cmeded.com\/es\/","name":"CMedEd","description":"Recurso principal de informaci\u00f3n sobre el c\u00e1ncer","potentialAction":[{"@type":"SearchAction","target":{"@type":"EntryPoint","urlTemplate":"https:\/\/cmeded.com\/es\/?s={search_term_string}"},"query-input":{"@type":"PropertyValueSpecification","valueRequired":true,"valueName":"search_term_string"}}],"inLanguage":"es"}]}},"_links":{"self":[{"href":"https:\/\/cmeded.com\/es\/wp-json\/wp\/v2\/pages\/15996","targetHints":{"allow":["GET"]}}],"collection":[{"href":"https:\/\/cmeded.com\/es\/wp-json\/wp\/v2\/pages"}],"about":[{"href":"https:\/\/cmeded.com\/es\/wp-json\/wp\/v2\/types\/page"}],"author":[{"embeddable":true,"href":"https:\/\/cmeded.com\/es\/wp-json\/wp\/v2\/users\/5"}],"replies":[{"embeddable":true,"href":"https:\/\/cmeded.com\/es\/wp-json\/wp\/v2\/comments?post=15996"}],"version-history":[{"count":0,"href":"https:\/\/cmeded.com\/es\/wp-json\/wp\/v2\/pages\/15996\/revisions"}],"up":[{"embeddable":true,"href":"https:\/\/cmeded.com\/es\/wp-json\/wp\/v2\/pages\/15990"}],"wp:attachment":[{"href":"https:\/\/cmeded.com\/es\/wp-json\/wp\/v2\/media?parent=15996"}],"wp:term":[{"taxonomy":"post_tag","embeddable":true,"href":"https:\/\/cmeded.com\/es\/wp-json\/wp\/v2\/tags?post=15996"}],"curies":[{"name":"wp","href":"https:\/\/api.w.org\/{rel}","templated":true}]}}