{"id":15986,"date":"2014-03-12T14:47:00","date_gmt":"2014-03-12T19:47:00","guid":{"rendered":"http:\/\/cmeded.wpengine.com\/?page_id=15986"},"modified":"2025-04-26T21:20:45","modified_gmt":"2025-04-27T02:20:45","slug":"symptoms","status":"publish","type":"page","link":"https:\/\/cmeded.com\/es\/thoracic\/understanding-metastatic-lung-cancer\/symptoms\/","title":{"rendered":"S\u00edntomas"},"content":{"rendered":"<p><img decoding=\"async\" src=\"\/wp-content\/uploads\/2014\/02\/cmeded_caption_blue.png\" class=\"aligncenter print-logo\" alt=\"print-logo\" \/><\/p>\n<h2 class=\"page-title\">Informaci\u00f3n para comprender el c\u00e1ncer metast\u00e1sico de pulm\u00f3n<\/h2>\n<div id=\"metLung\"><\/div>\n<div class=\"clearboth\"><\/div>\n<div class=\"arrow-bg-right\">\n<a href=\"https:\/\/cmeded.com\/es\/thoracic\/understanding-metastatic-lung-cancer\/treatment\/\" title=\"Tratamiento\"><span class=\"screenreader\">Next Page: <\/span>Tratamiento<\/a>\n<\/div>\n<div class=\"arrow-bg-left\">\n<a href=\"https:\/\/cmeded.com\/es\/thoracic\/understanding-metastatic-lung-cancer\/overview\/\" title=\"Generalidades\"><span class=\"screenreader\">Previous Page: <\/span>Generalidades<\/a>\n<\/div>\n<div class=\"clearboth\"><\/div>\n<div class=\"divider double \" id=\"\">\n\t\n\t<\/div>\n<div class=\"printer-icon\"><span class=\"print-text\">Print<\/span><\/div>\n<h4 class=\"section-title\">S\u00edntomas<\/h4>\n<p class=\"section-content\">Los s\u00edntomas del c\u00e1ncer de pulm\u00f3n metast\u00e1sico dependen de la ubicaci\u00f3n de la met\u00e1stasis y de su extensi\u00f3n a otros \u00f3rganos del cuerpo. Muchas veces, los pacientes no presentan s\u00edntomas, aunque las pruebas hayan revelado un c\u00e1ncer de pulm\u00f3n avanzado. Entre las \u00e1reas m\u00e1s frecuentes donde el c\u00e1ncer de pulm\u00f3n se metastatiza, se incluyen el otro pulm\u00f3n, los n\u00f3dulos linf\u00e1ticos del pecho, el h\u00edgado, las gl\u00e1ndulas suprarrenales, los huesos y el cerebro. A medida que el c\u00e1ncer metast\u00e1sico de pulm\u00f3n se desarrolla, pueden aparecer algunos s\u00edntomas.<\/p>\n<div class=\"divider\" id=\"\">\n\t\n\t<\/div>\n<div class=\"risk-factor\">\n<div class=\"symp-pic\"><img decoding=\"async\" src=\"\/wp-content\/uploads\/2012\/11\/jaundice.png\" class=\"aligncenter\" alt=\"H\u00edgado\" style=\"height:110px\" \/><\/div>\n<div class=\"risk-text-wrap\">\n<h5 class=\"section-title\">H\u00edgado<\/h5>\n<p class=\"section-content\">La ictericia es una afecci\u00f3n que puede presentarse si un tumor obstruye el conducto col\u00e9doco. A ra\u00edz de esta obstrucci\u00f3n, posiblemente la piel y los ojos se tornen de color amarillento, la orina sea m\u00e1s oscura y las heces sean m\u00e1s claras. Generalmente, la ictericia tiene relaci\u00f3n con el c\u00e1ncer de pulm\u00f3n con met\u00e1stasis en el h\u00edgado.<\/p>\n<\/div>\n<div class=\"clearboth\"><\/div>\n<\/div>\n<div class=\"divider\" id=\"\">\n\t\n\t<\/div>\n<div class=\"risk-factor\">\n<div class=\"symp-pic\"><img decoding=\"async\" src=\"\/wp-content\/uploads\/2012\/11\/back-pain.png\" class=\"aligncenter\" alt=\"Huesos\" style=\"height:100px\" \/><\/div>\n<div class=\"risk-text-wrap\">\n<h5 class=\"section-title\">Huesos<\/h5>\n<p class=\"section-content\">El dolor en la columna vertebral, los muslos o las costillas es un s\u00edntoma frecuente de las met\u00e1stasis en los huesos. A muchos pacientes les resulta dif\u00edcil describir este dolor. El c\u00e1ncer de pulm\u00f3n que se ha diseminado a los huesos tambi\u00e9n puede provocar fracturas.<\/p>\n<\/div>\n<div class=\"clearboth\"><\/div>\n<\/div>\n<div class=\"divider\" id=\"\">\n\t\n\t<\/div>\n<div class=\"risk-factor\">\n<div class=\"symp-pic\"><img decoding=\"async\" src=\"\/wp-content\/uploads\/2013\/02\/Fatigue.jpg\" class=\"aligncenter\" alt=\"Gl\u00e1ndulas suprarrenales\" style=\"height:125px\" \/><\/div>\n<div class=\"risk-text-wrap\">\n<h5 class=\"section-title\">Gl\u00e1ndulas suprarrenales<\/h5>\n<p class=\"section-content\">A menudo, el c\u00e1ncer de pulm\u00f3n puede invadir las gl\u00e1ndulas suprarrenales. Cuando esto ocurre, es posible que el paciente presente hematomas que aparecen con facilidad y debilidad muscular. Los pacientes tambi\u00e9n pueden sentirse m\u00e1s d\u00e9biles y necesitar m\u00e1s descanso.<\/p>\n<\/div>\n<div class=\"clearboth\"><\/div>\n<\/div>\n<div class=\"divider\" id=\"\">\n\t\n\t<\/div>\n<div class=\"risk-factor\">\n<div class=\"symp-pic\"><img decoding=\"async\" src=\"\/wp-content\/uploads\/2012\/11\/man-seizure.png\" class=\"aligncenter\" alt=\"Cerebro\" style=\"height:125px\" \/><\/div>\n<div class=\"risk-text-wrap\">\n<h5 class=\"section-title\">Cerebro<\/h5>\n<p class=\"section-content\">Si el c\u00e1ncer de pulm\u00f3n se propaga al sistema nervioso, puede causar varios s\u00edntomas. Inestabilidad, dolores de cabeza, funci\u00f3n motora alterada y convulsiones pueden ocurrir como resultado de met\u00e1stasis en el cerebro.<\/p>\n<\/div>\n<div class=\"clearboth\"><\/div>\n<\/div>\n<div class=\"divider\" id=\"\">\n\t\n\t<\/div>\n<div class=\"clearboth\"><\/div>\n<div class=\"arrow-bg-right\"><a href=\"https:\/\/cmeded.com\/es\/thoracic\/understanding-metastatic-lung-cancer\/treatment\/\" title=\"Tratamiento\"><span class=\"screenreader\">Next Page: <\/span>Tratamiento<\/a><\/div>\n<div class=\"arrow-bg-left\"><a href=\"https:\/\/cmeded.com\/es\/thoracic\/understanding-metastatic-lung-cancer\/overview\/\" title=\"Generalidades\"><span class=\"screenreader\">Previous Page: <\/span>Generalidades<\/a><\/div>\n","protected":false},"excerpt":{"rendered":"<p>Informaci\u00f3n para comprender el c\u00e1ncer metast\u00e1sico de pulm\u00f3n Print S\u00edntomas Los s\u00edntomas del c\u00e1ncer de pulm\u00f3n metast\u00e1sico dependen de la ubicaci\u00f3n de la met\u00e1stasis y de su extensi\u00f3n a otros \u00f3rganos del cuerpo. Muchas veces, los pacientes no presentan s\u00edntomas, aunque las pruebas hayan revelado un c\u00e1ncer de pulm\u00f3n avanzado. Entre las \u00e1reas m\u00e1s frecuentes [&hellip;]<\/p>\n","protected":false},"author":5,"featured_media":0,"parent":15897,"menu_order":2,"comment_status":"closed","ping_status":"open","template":"","meta":{"footnotes":""},"tags":[10],"class_list":["post-15986","page","type-page","status-publish","hentry","tag-members-only"],"yoast_head":"<!-- This site is optimized with the Yoast SEO plugin v25.0 - https:\/\/yoast.com\/wordpress\/plugins\/seo\/ -->\n<title>CMedEd | Informaci\u00f3n para comprender el c\u00e1ncer metast\u00e1sico de pulm\u00f3n | S\u00edntomas<\/title>\n<meta name=\"description\" content=\"Informaci\u00f3n para comprender el c\u00e1ncer metast\u00e1sico de pulm\u00f3n Print S\u00edntomas Los s\u00edntomas del c\u00e1ncer de pulm\u00f3n metast\u00e1sico dependen de la ubicaci\u00f3n de la\" \/>\n<meta name=\"robots\" content=\"index, follow, max-snippet:-1, max-image-preview:large, max-video-preview:-1\" \/>\n<link rel=\"canonical\" href=\"https:\/\/cmeded.com\/es\/thoracic\/understanding-metastatic-lung-cancer\/symptoms\/\" \/>\n<meta property=\"og:locale\" content=\"es_ES\" \/>\n<meta property=\"og:type\" content=\"article\" \/>\n<meta property=\"og:title\" content=\"CMedEd | Informaci\u00f3n para comprender el c\u00e1ncer metast\u00e1sico de pulm\u00f3n | S\u00edntomas\" \/>\n<meta property=\"og:description\" content=\"Informaci\u00f3n para comprender el c\u00e1ncer metast\u00e1sico de pulm\u00f3n Print S\u00edntomas Los s\u00edntomas del c\u00e1ncer de pulm\u00f3n metast\u00e1sico dependen de la ubicaci\u00f3n de la\" \/>\n<meta property=\"og:url\" content=\"https:\/\/cmeded.com\/es\/thoracic\/understanding-metastatic-lung-cancer\/symptoms\/\" \/>\n<meta property=\"og:site_name\" content=\"CMedEd\" \/>\n<meta property=\"article:modified_time\" content=\"2025-04-27T02:20:45+00:00\" \/>\n<meta name=\"twitter:card\" content=\"summary_large_image\" \/>\n<meta name=\"twitter:label1\" content=\"Tiempo de lectura\" \/>\n\t<meta name=\"twitter:data1\" content=\"3 minutos\" \/>\n<script type=\"application\/ld+json\" class=\"yoast-schema-graph\">{\"@context\":\"https:\/\/schema.org\",\"@graph\":[{\"@type\":\"WebPage\",\"@id\":\"https:\/\/cmeded.com\/es\/thoracic\/understanding-metastatic-lung-cancer\/symptoms\/\",\"url\":\"https:\/\/cmeded.com\/es\/thoracic\/understanding-metastatic-lung-cancer\/symptoms\/\",\"name\":\"CMedEd | Informaci\u00f3n para comprender el c\u00e1ncer metast\u00e1sico de pulm\u00f3n | S\u00edntomas\",\"isPartOf\":{\"@id\":\"https:\/\/cmeded.com\/es\/#website\"},\"datePublished\":\"2014-03-12T19:47:00+00:00\",\"dateModified\":\"2025-04-27T02:20:45+00:00\",\"description\":\"Informaci\u00f3n para comprender el c\u00e1ncer metast\u00e1sico de pulm\u00f3n Print S\u00edntomas Los s\u00edntomas del c\u00e1ncer de pulm\u00f3n metast\u00e1sico dependen de la ubicaci\u00f3n de la\",\"breadcrumb\":{\"@id\":\"https:\/\/cmeded.com\/es\/thoracic\/understanding-metastatic-lung-cancer\/symptoms\/#breadcrumb\"},\"inLanguage\":\"es\",\"potentialAction\":[{\"@type\":\"ReadAction\",\"target\":[\"https:\/\/cmeded.com\/es\/thoracic\/understanding-metastatic-lung-cancer\/symptoms\/\"]}]},{\"@type\":\"BreadcrumbList\",\"@id\":\"https:\/\/cmeded.com\/es\/thoracic\/understanding-metastatic-lung-cancer\/symptoms\/#breadcrumb\",\"itemListElement\":[{\"@type\":\"ListItem\",\"position\":1,\"name\":\"Home\",\"item\":\"https:\/\/cmeded.com\/es\/\"},{\"@type\":\"ListItem\",\"position\":2,\"name\":\"Tor\u00e1cico\",\"item\":\"https:\/\/cmeded.com\/es\/thoracic\/\"},{\"@type\":\"ListItem\",\"position\":3,\"name\":\"Informaci\u00f3n para comprender el c\u00e1ncer metast\u00e1sico de pulm\u00f3n\",\"item\":\"https:\/\/cmeded.com\/es\/thoracic\/understanding-metastatic-lung-cancer\/\"},{\"@type\":\"ListItem\",\"position\":4,\"name\":\"S\u00edntomas\"}]},{\"@type\":\"WebSite\",\"@id\":\"https:\/\/cmeded.com\/es\/#website\",\"url\":\"https:\/\/cmeded.com\/es\/\",\"name\":\"CMedEd\",\"description\":\"Recurso principal de informaci\u00f3n sobre el c\u00e1ncer\",\"potentialAction\":[{\"@type\":\"SearchAction\",\"target\":{\"@type\":\"EntryPoint\",\"urlTemplate\":\"https:\/\/cmeded.com\/es\/?s={search_term_string}\"},\"query-input\":{\"@type\":\"PropertyValueSpecification\",\"valueRequired\":true,\"valueName\":\"search_term_string\"}}],\"inLanguage\":\"es\"}]}<\/script>\n<!-- \/ Yoast SEO plugin. -->","yoast_head_json":{"title":"CMedEd | Informaci\u00f3n para comprender el c\u00e1ncer metast\u00e1sico de pulm\u00f3n | S\u00edntomas","description":"Informaci\u00f3n para comprender el c\u00e1ncer metast\u00e1sico de pulm\u00f3n Print S\u00edntomas Los s\u00edntomas del c\u00e1ncer de pulm\u00f3n metast\u00e1sico dependen de la ubicaci\u00f3n de la","robots":{"index":"index","follow":"follow","max-snippet":"max-snippet:-1","max-image-preview":"max-image-preview:large","max-video-preview":"max-video-preview:-1"},"canonical":"https:\/\/cmeded.com\/es\/thoracic\/understanding-metastatic-lung-cancer\/symptoms\/","og_locale":"es_ES","og_type":"article","og_title":"CMedEd | Informaci\u00f3n para comprender el c\u00e1ncer metast\u00e1sico de pulm\u00f3n | S\u00edntomas","og_description":"Informaci\u00f3n para comprender el c\u00e1ncer metast\u00e1sico de pulm\u00f3n Print S\u00edntomas Los s\u00edntomas del c\u00e1ncer de pulm\u00f3n metast\u00e1sico dependen de la ubicaci\u00f3n de la","og_url":"https:\/\/cmeded.com\/es\/thoracic\/understanding-metastatic-lung-cancer\/symptoms\/","og_site_name":"CMedEd","article_modified_time":"2025-04-27T02:20:45+00:00","twitter_card":"summary_large_image","twitter_misc":{"Tiempo de lectura":"3 minutos"},"schema":{"@context":"https:\/\/schema.org","@graph":[{"@type":"WebPage","@id":"https:\/\/cmeded.com\/es\/thoracic\/understanding-metastatic-lung-cancer\/symptoms\/","url":"https:\/\/cmeded.com\/es\/thoracic\/understanding-metastatic-lung-cancer\/symptoms\/","name":"CMedEd | Informaci\u00f3n para comprender el c\u00e1ncer metast\u00e1sico de pulm\u00f3n | S\u00edntomas","isPartOf":{"@id":"https:\/\/cmeded.com\/es\/#website"},"datePublished":"2014-03-12T19:47:00+00:00","dateModified":"2025-04-27T02:20:45+00:00","description":"Informaci\u00f3n para comprender el c\u00e1ncer metast\u00e1sico de pulm\u00f3n Print S\u00edntomas Los s\u00edntomas del c\u00e1ncer de pulm\u00f3n metast\u00e1sico dependen de la ubicaci\u00f3n de la","breadcrumb":{"@id":"https:\/\/cmeded.com\/es\/thoracic\/understanding-metastatic-lung-cancer\/symptoms\/#breadcrumb"},"inLanguage":"es","potentialAction":[{"@type":"ReadAction","target":["https:\/\/cmeded.com\/es\/thoracic\/understanding-metastatic-lung-cancer\/symptoms\/"]}]},{"@type":"BreadcrumbList","@id":"https:\/\/cmeded.com\/es\/thoracic\/understanding-metastatic-lung-cancer\/symptoms\/#breadcrumb","itemListElement":[{"@type":"ListItem","position":1,"name":"Home","item":"https:\/\/cmeded.com\/es\/"},{"@type":"ListItem","position":2,"name":"Tor\u00e1cico","item":"https:\/\/cmeded.com\/es\/thoracic\/"},{"@type":"ListItem","position":3,"name":"Informaci\u00f3n para comprender el c\u00e1ncer metast\u00e1sico de pulm\u00f3n","item":"https:\/\/cmeded.com\/es\/thoracic\/understanding-metastatic-lung-cancer\/"},{"@type":"ListItem","position":4,"name":"S\u00edntomas"}]},{"@type":"WebSite","@id":"https:\/\/cmeded.com\/es\/#website","url":"https:\/\/cmeded.com\/es\/","name":"CMedEd","description":"Recurso principal de informaci\u00f3n sobre el c\u00e1ncer","potentialAction":[{"@type":"SearchAction","target":{"@type":"EntryPoint","urlTemplate":"https:\/\/cmeded.com\/es\/?s={search_term_string}"},"query-input":{"@type":"PropertyValueSpecification","valueRequired":true,"valueName":"search_term_string"}}],"inLanguage":"es"}]}},"_links":{"self":[{"href":"https:\/\/cmeded.com\/es\/wp-json\/wp\/v2\/pages\/15986","targetHints":{"allow":["GET"]}}],"collection":[{"href":"https:\/\/cmeded.com\/es\/wp-json\/wp\/v2\/pages"}],"about":[{"href":"https:\/\/cmeded.com\/es\/wp-json\/wp\/v2\/types\/page"}],"author":[{"embeddable":true,"href":"https:\/\/cmeded.com\/es\/wp-json\/wp\/v2\/users\/5"}],"replies":[{"embeddable":true,"href":"https:\/\/cmeded.com\/es\/wp-json\/wp\/v2\/comments?post=15986"}],"version-history":[{"count":0,"href":"https:\/\/cmeded.com\/es\/wp-json\/wp\/v2\/pages\/15986\/revisions"}],"up":[{"embeddable":true,"href":"https:\/\/cmeded.com\/es\/wp-json\/wp\/v2\/pages\/15897"}],"wp:attachment":[{"href":"https:\/\/cmeded.com\/es\/wp-json\/wp\/v2\/media?parent=15986"}],"wp:term":[{"taxonomy":"post_tag","embeddable":true,"href":"https:\/\/cmeded.com\/es\/wp-json\/wp\/v2\/tags?post=15986"}],"curies":[{"name":"wp","href":"https:\/\/api.w.org\/{rel}","templated":true}]}}