{"id":15978,"date":"2014-03-12T11:26:48","date_gmt":"2014-03-12T16:26:48","guid":{"rendered":"http:\/\/cmeded.wpengine.com\/?page_id=15978"},"modified":"2023-08-24T18:48:34","modified_gmt":"2023-08-24T23:48:34","slug":"staging","status":"publish","type":"page","link":"https:\/\/cmeded.com\/es\/lymphoma\/understanding-non-hodgkin-lymphoma\/staging\/","title":{"rendered":"Estadificaci\u00f3n"},"content":{"rendered":"<h4 class=\"section-title\">Estadificaci\u00f3n<\/h4>\n<p class=\"section-content\">El estadio de un c\u00e1ncer describe el nivel de esa enfermedad en el organismo de una persona. La estadificaci\u00f3n del linfoma no Hodgkin depende de la cantidad de ganglios linf\u00e1ticos inflamados, del lugar donde est\u00e1 ubicado el c\u00e1ncer y de si ha afectado otras partes del organismo.  La estadificaci\u00f3n es un paso importante en la evaluaci\u00f3n del pron\u00f3stico y las opciones de tratamiento.<\/p>\n<div class=\"clapat-tabs\" id=\"\"><div class=\"tabs-bg\"><\/div><ul class=\"staging-tab-menu\"><li><a href=\"#tabs-500\"><br \/>\nEstadio I<\/a><\/li>\n<li><a href=\"#tabs-501\"><br \/>\nEstadio IE<\/a><\/li>\n<li><a href=\"#tabs-502\"><br \/>\nEstadio II<\/a><\/li>\n<li><a href=\"#tabs-503\"><br \/>\nEstadio IIE<\/a><\/li>\n<li><a href=\"#tabs-504\"><br \/>\nEstadio III<\/a><\/li>\n<li><a href=\"#tabs-505\"><br \/>\nEstadio IV<\/a><\/li><\/ul><div class=\"list-wrap\"><div id=\"tabs-500\"><\/p>\n<h4 class=\"section-title hidden-title\">Estadio I<\/h4>\n<p><div id=\"stage\" style=\"width: 268px\" class=\"wp-caption alignnone\"><a href=\"\/wp-content\/uploads\/sites\/4\/2015\/07\/NonHodgkins-Ly-Stage-I-r1-es.jpg\" title=\"Click Image to Enlarge.\"><img decoding=\"async\" aria-describedby=\"caption-stage\" src=\"\/wp-content\/uploads\/sites\/4\/2015\/07\/NonHodgkins-Ly-Stage-I-r1-es.jpg\" alt=\"Estadio I\" class=\"aligncenter\" style=\"max-width:350px;\"\/><\/a><p id=\"caption-stage\" class=\"wp-caption-text\">Click Image to Enlarge.<\/p><\/div><\/p>\n<h5 class=\"section-title\">Descripci\u00f3n<\/h5>\n<ul>\n<li class=\"section-content\">El linfoma se encuentra en solo una regi\u00f3n de ganglios linf\u00e1ticos del organismo.<\/li>\n<\/ul>\n<hr class=\"hidden-title\"\/>\n<\/div>\n<div id=\"tabs-501\"><\/p>\n<h4 class=\"section-title hidden-title\">Estadio IE<\/h4>\n<p><div id=\"stage\" style=\"width: 268px\" class=\"wp-caption alignnone\"><a href=\"\/wp-content\/uploads\/sites\/4\/2015\/07\/NonHodgkins-Ly-Stage-IE-R1-es.jpg\" title=\"Click Image to Enlarge.\"><img decoding=\"async\" aria-describedby=\"caption-stage\" src=\"\/wp-content\/uploads\/sites\/4\/2015\/07\/NonHodgkins-Ly-Stage-IE-R1-es.jpg\" alt=\"Estadio IE\" class=\"aligncenter\" style=\"max-width:350px;\"\/><\/a><p id=\"caption-stage\" class=\"wp-caption-text\">Click Image to Enlarge.<\/p><\/div><\/p>\n<h5 class=\"section-title\">Descripci\u00f3n<\/h5>\n<ul>\n<li class=\"section-content\">El linfoma tambi\u00e9n se encuentra en un \u00f3rgano cercano a la regi\u00f3n de ganglios linf\u00e1ticos afectada.  La letra \"E\" significa \"extensi\u00f3n\", que hace referencia a la extensi\u00f3n desde un ganglio hacia el tejido circundante.<\/li>\n<\/ul>\n<hr class=\"hidden-title\"\/>\n<\/div>\n<div id=\"tabs-502\"><\/p>\n<h4 class=\"section-title hidden-title\">Estadio II<\/h4>\n<p><div id=\"stage\" style=\"width: 269px\" class=\"wp-caption alignnone\"><a href=\"\/wp-content\/uploads\/sites\/4\/2015\/07\/NonHodgkins-Ly-Stage-II-r1-es.jpg\" title=\"Click Image to Enlarge.\"><img decoding=\"async\" aria-describedby=\"caption-stage\" src=\"\/wp-content\/uploads\/sites\/4\/2015\/07\/NonHodgkins-Ly-Stage-II-r1-es.jpg\" alt=\"Estadio II\" class=\"aligncenter\" style=\"max-width:350px;\"\/><\/a><p id=\"caption-stage\" class=\"wp-caption-text\">Click Image to Enlarge.<\/p><\/div><\/p>\n<h5 class=\"section-title\">Descripci\u00f3n<\/h5>\n<ul>\n<li class=\"section-content\">El linfoma se encuentra en por lo menos dos regiones de ganglios linf\u00e1ticos del mismo lado que el diafragma.<\/li>\n<\/ul>\n<hr class=\"hidden-title\"\/>\n<\/div>\n<div id=\"tabs-503\"><\/p>\n<h4 class=\"section-title hidden-title\">Estadio IIE<\/h4>\n<p><div id=\"stage\" style=\"width: 269px\" class=\"wp-caption alignnone\"><a href=\"\/wp-content\/uploads\/sites\/4\/2015\/07\/NonHodgkins-Ly-Stage-IIE-r1-es.jpg\" title=\"Click Image to Enlarge.\"><img decoding=\"async\" aria-describedby=\"caption-stage\" src=\"\/wp-content\/uploads\/sites\/4\/2015\/07\/NonHodgkins-Ly-Stage-IIE-r1-es.jpg\" alt=\"Estadio IIE\" class=\"aligncenter\" style=\"max-width:350px;\"\/><\/a><p id=\"caption-stage\" class=\"wp-caption-text\">Click Image to Enlarge.<\/p><\/div><\/p>\n<h5 class=\"section-title\">Descripci\u00f3n<\/h5>\n<ul>\n<li class=\"section-content\">El linfoma se encuentra en una regi\u00f3n de ganglios linf\u00e1ticos y un \u00f3rgano cercano, ambos del mismo lado que el diafragma.<\/li>\n<\/ul>\n<hr class=\"hidden-title\"\/>\n<\/div>\n<div id=\"tabs-504\"><\/p>\n<h4 class=\"section-title hidden-title\">Estadio III<\/h4>\n<p><div id=\"stage\" style=\"width: 272px\" class=\"wp-caption alignnone\"><a href=\"\/wp-content\/uploads\/sites\/4\/2015\/07\/NonHodgkins-Ly-Stage-III-r1-es.jpg\" title=\"Click Image to Enlarge.\"><img decoding=\"async\" aria-describedby=\"caption-stage\" src=\"\/wp-content\/uploads\/sites\/4\/2015\/07\/NonHodgkins-Ly-Stage-III-r1-es.jpg\" alt=\"Estadio III\" class=\"aligncenter\" style=\"max-width:350px;\"\/><\/a><p id=\"caption-stage\" class=\"wp-caption-text\">Click Image to Enlarge.<\/p><\/div><\/p>\n<h5 class=\"section-title\">Descripci\u00f3n<\/h5>\n<ul>\n<li class=\"section-content\">El linfoma se encuentra en los lados opuestos del diafragma, en diversas regiones de ganglios linf\u00e1ticos.<\/li>\n<\/ul>\n<hr class=\"hidden-title\"\/>\n<\/div>\n<div id=\"tabs-505\"><\/p>\n<h4 class=\"section-title hidden-title\">Estadio IV<\/h4>\n<p><div id=\"stage\" style=\"width: 234px\" class=\"wp-caption alignnone\"><a href=\"\/wp-content\/uploads\/sites\/4\/2015\/07\/NonHodgkins-Ly-Stage-IV-r1-es.jpg\" title=\"Click Image to Enlarge.\"><img decoding=\"async\" aria-describedby=\"caption-stage\" src=\"\/wp-content\/uploads\/sites\/4\/2015\/07\/NonHodgkins-Ly-Stage-IV-r1-es.jpg\" alt=\"Estadio IV\" class=\"aligncenter\" style=\"max-width:350px;\"\/><\/a><p id=\"caption-stage\" class=\"wp-caption-text\">Click Image to Enlarge.<\/p><\/div><\/p>\n<h5 class=\"section-title\">Descripci\u00f3n<\/h5>\n<ul>\n<li class=\"section-content\">El linfoma se ha diseminado fuera del sistema linf\u00e1tico hacia los \u00f3rganos y otras partes del organismo.<\/li>\n<\/ul>\n<hr class=\"hidden-title\"\/>\n<\/div><\/div><\/div>\n<div class=\"clearboth\"><\/div>\n<div class=\"space\" style=\"clear:both; height:25px;\"><\/div>\n","protected":false},"excerpt":{"rendered":"<p>Estadificaci\u00f3n El estadio de un c\u00e1ncer describe el nivel de esa enfermedad en el organismo de una persona. La estadificaci\u00f3n del linfoma no Hodgkin depende de la cantidad de ganglios linf\u00e1ticos inflamados, del lugar donde est\u00e1 ubicado el c\u00e1ncer y de si ha afectado otras partes del organismo. La estadificaci\u00f3n es un paso importante en [&hellip;]<\/p>\n","protected":false},"author":5,"featured_media":0,"parent":15969,"menu_order":5,"comment_status":"closed","ping_status":"open","template":"template-tumor.php","meta":{"footnotes":""},"tags":[10],"class_list":["post-15978","page","type-page","status-publish","hentry","tag-members-only"],"yoast_head":"<!-- This site is optimized with the Yoast SEO plugin v25.0 - https:\/\/yoast.com\/wordpress\/plugins\/seo\/ -->\n<title>CMedEd | Informaci\u00f3n para comprender el linfoma no Hodgkin | Estadificaci\u00f3n<\/title>\n<meta name=\"description\" content=\"Estadificaci\u00f3n El estadio de un c\u00e1ncer describe el nivel de esa enfermedad en el organismo de una persona. La estadificaci\u00f3n del linfoma no Hodgkin\" \/>\n<meta name=\"robots\" content=\"index, follow, max-snippet:-1, max-image-preview:large, max-video-preview:-1\" \/>\n<link rel=\"canonical\" href=\"https:\/\/cmeded.com\/es\/lymphoma\/understanding-non-hodgkin-lymphoma\/staging\/\" \/>\n<meta property=\"og:locale\" content=\"es_ES\" \/>\n<meta property=\"og:type\" content=\"article\" \/>\n<meta property=\"og:title\" content=\"CMedEd | Informaci\u00f3n para comprender el linfoma no Hodgkin | Estadificaci\u00f3n\" \/>\n<meta property=\"og:description\" content=\"Estadificaci\u00f3n El estadio de un c\u00e1ncer describe el nivel de esa enfermedad en el organismo de una persona. La estadificaci\u00f3n del linfoma no Hodgkin\" \/>\n<meta property=\"og:url\" content=\"https:\/\/cmeded.com\/es\/lymphoma\/understanding-non-hodgkin-lymphoma\/staging\/\" \/>\n<meta property=\"og:site_name\" content=\"CMedEd\" \/>\n<meta property=\"article:modified_time\" content=\"2023-08-24T23:48:34+00:00\" \/>\n<meta name=\"twitter:card\" content=\"summary_large_image\" \/>\n<meta name=\"twitter:label1\" content=\"Tiempo de lectura\" \/>\n\t<meta name=\"twitter:data1\" content=\"2 minutos\" \/>\n<script type=\"application\/ld+json\" class=\"yoast-schema-graph\">{\"@context\":\"https:\/\/schema.org\",\"@graph\":[{\"@type\":\"WebPage\",\"@id\":\"https:\/\/cmeded.com\/es\/lymphoma\/understanding-non-hodgkin-lymphoma\/staging\/\",\"url\":\"https:\/\/cmeded.com\/es\/lymphoma\/understanding-non-hodgkin-lymphoma\/staging\/\",\"name\":\"CMedEd | Informaci\u00f3n para comprender el linfoma no Hodgkin | Estadificaci\u00f3n\",\"isPartOf\":{\"@id\":\"https:\/\/cmeded.com\/es\/#website\"},\"datePublished\":\"2014-03-12T16:26:48+00:00\",\"dateModified\":\"2023-08-24T23:48:34+00:00\",\"description\":\"Estadificaci\u00f3n El estadio de un c\u00e1ncer describe el nivel de esa enfermedad en el organismo de una persona. La estadificaci\u00f3n del linfoma no Hodgkin\",\"breadcrumb\":{\"@id\":\"https:\/\/cmeded.com\/es\/lymphoma\/understanding-non-hodgkin-lymphoma\/staging\/#breadcrumb\"},\"inLanguage\":\"es\",\"potentialAction\":[{\"@type\":\"ReadAction\",\"target\":[\"https:\/\/cmeded.com\/es\/lymphoma\/understanding-non-hodgkin-lymphoma\/staging\/\"]}]},{\"@type\":\"BreadcrumbList\",\"@id\":\"https:\/\/cmeded.com\/es\/lymphoma\/understanding-non-hodgkin-lymphoma\/staging\/#breadcrumb\",\"itemListElement\":[{\"@type\":\"ListItem\",\"position\":1,\"name\":\"Home\",\"item\":\"https:\/\/cmeded.com\/es\/\"},{\"@type\":\"ListItem\",\"position\":2,\"name\":\"Linfoma\",\"item\":\"https:\/\/cmeded.com\/es\/lymphoma\/\"},{\"@type\":\"ListItem\",\"position\":3,\"name\":\"Informaci\u00f3n para comprender el linfoma no Hodgkin\",\"item\":\"https:\/\/cmeded.com\/es\/lymphoma\/understanding-non-hodgkin-lymphoma\/\"},{\"@type\":\"ListItem\",\"position\":4,\"name\":\"Estadificaci\u00f3n\"}]},{\"@type\":\"WebSite\",\"@id\":\"https:\/\/cmeded.com\/es\/#website\",\"url\":\"https:\/\/cmeded.com\/es\/\",\"name\":\"CMedEd\",\"description\":\"Recurso principal de informaci\u00f3n sobre el c\u00e1ncer\",\"potentialAction\":[{\"@type\":\"SearchAction\",\"target\":{\"@type\":\"EntryPoint\",\"urlTemplate\":\"https:\/\/cmeded.com\/es\/?s={search_term_string}\"},\"query-input\":{\"@type\":\"PropertyValueSpecification\",\"valueRequired\":true,\"valueName\":\"search_term_string\"}}],\"inLanguage\":\"es\"}]}<\/script>\n<!-- \/ Yoast SEO plugin. -->","yoast_head_json":{"title":"CMedEd | Informaci\u00f3n para comprender el linfoma no Hodgkin | Estadificaci\u00f3n","description":"Estadificaci\u00f3n El estadio de un c\u00e1ncer describe el nivel de esa enfermedad en el organismo de una persona. La estadificaci\u00f3n del linfoma no Hodgkin","robots":{"index":"index","follow":"follow","max-snippet":"max-snippet:-1","max-image-preview":"max-image-preview:large","max-video-preview":"max-video-preview:-1"},"canonical":"https:\/\/cmeded.com\/es\/lymphoma\/understanding-non-hodgkin-lymphoma\/staging\/","og_locale":"es_ES","og_type":"article","og_title":"CMedEd | Informaci\u00f3n para comprender el linfoma no Hodgkin | Estadificaci\u00f3n","og_description":"Estadificaci\u00f3n El estadio de un c\u00e1ncer describe el nivel de esa enfermedad en el organismo de una persona. La estadificaci\u00f3n del linfoma no Hodgkin","og_url":"https:\/\/cmeded.com\/es\/lymphoma\/understanding-non-hodgkin-lymphoma\/staging\/","og_site_name":"CMedEd","article_modified_time":"2023-08-24T23:48:34+00:00","twitter_card":"summary_large_image","twitter_misc":{"Tiempo de lectura":"2 minutos"},"schema":{"@context":"https:\/\/schema.org","@graph":[{"@type":"WebPage","@id":"https:\/\/cmeded.com\/es\/lymphoma\/understanding-non-hodgkin-lymphoma\/staging\/","url":"https:\/\/cmeded.com\/es\/lymphoma\/understanding-non-hodgkin-lymphoma\/staging\/","name":"CMedEd | Informaci\u00f3n para comprender el linfoma no Hodgkin | Estadificaci\u00f3n","isPartOf":{"@id":"https:\/\/cmeded.com\/es\/#website"},"datePublished":"2014-03-12T16:26:48+00:00","dateModified":"2023-08-24T23:48:34+00:00","description":"Estadificaci\u00f3n El estadio de un c\u00e1ncer describe el nivel de esa enfermedad en el organismo de una persona. La estadificaci\u00f3n del linfoma no Hodgkin","breadcrumb":{"@id":"https:\/\/cmeded.com\/es\/lymphoma\/understanding-non-hodgkin-lymphoma\/staging\/#breadcrumb"},"inLanguage":"es","potentialAction":[{"@type":"ReadAction","target":["https:\/\/cmeded.com\/es\/lymphoma\/understanding-non-hodgkin-lymphoma\/staging\/"]}]},{"@type":"BreadcrumbList","@id":"https:\/\/cmeded.com\/es\/lymphoma\/understanding-non-hodgkin-lymphoma\/staging\/#breadcrumb","itemListElement":[{"@type":"ListItem","position":1,"name":"Home","item":"https:\/\/cmeded.com\/es\/"},{"@type":"ListItem","position":2,"name":"Linfoma","item":"https:\/\/cmeded.com\/es\/lymphoma\/"},{"@type":"ListItem","position":3,"name":"Informaci\u00f3n para comprender el linfoma no Hodgkin","item":"https:\/\/cmeded.com\/es\/lymphoma\/understanding-non-hodgkin-lymphoma\/"},{"@type":"ListItem","position":4,"name":"Estadificaci\u00f3n"}]},{"@type":"WebSite","@id":"https:\/\/cmeded.com\/es\/#website","url":"https:\/\/cmeded.com\/es\/","name":"CMedEd","description":"Recurso principal de informaci\u00f3n sobre el c\u00e1ncer","potentialAction":[{"@type":"SearchAction","target":{"@type":"EntryPoint","urlTemplate":"https:\/\/cmeded.com\/es\/?s={search_term_string}"},"query-input":{"@type":"PropertyValueSpecification","valueRequired":true,"valueName":"search_term_string"}}],"inLanguage":"es"}]}},"_links":{"self":[{"href":"https:\/\/cmeded.com\/es\/wp-json\/wp\/v2\/pages\/15978","targetHints":{"allow":["GET"]}}],"collection":[{"href":"https:\/\/cmeded.com\/es\/wp-json\/wp\/v2\/pages"}],"about":[{"href":"https:\/\/cmeded.com\/es\/wp-json\/wp\/v2\/types\/page"}],"author":[{"embeddable":true,"href":"https:\/\/cmeded.com\/es\/wp-json\/wp\/v2\/users\/5"}],"replies":[{"embeddable":true,"href":"https:\/\/cmeded.com\/es\/wp-json\/wp\/v2\/comments?post=15978"}],"version-history":[{"count":0,"href":"https:\/\/cmeded.com\/es\/wp-json\/wp\/v2\/pages\/15978\/revisions"}],"up":[{"embeddable":true,"href":"https:\/\/cmeded.com\/es\/wp-json\/wp\/v2\/pages\/15969"}],"wp:attachment":[{"href":"https:\/\/cmeded.com\/es\/wp-json\/wp\/v2\/media?parent=15978"}],"wp:term":[{"taxonomy":"post_tag","embeddable":true,"href":"https:\/\/cmeded.com\/es\/wp-json\/wp\/v2\/tags?post=15978"}],"curies":[{"name":"wp","href":"https:\/\/api.w.org\/{rel}","templated":true}]}}