{"id":15974,"date":"2014-03-12T10:53:43","date_gmt":"2014-03-12T15:53:43","guid":{"rendered":"http:\/\/cmeded.wpengine.com\/?page_id=15974"},"modified":"2023-08-24T18:48:33","modified_gmt":"2023-08-24T23:48:33","slug":"symptoms","status":"publish","type":"page","link":"https:\/\/cmeded.com\/es\/lymphoma\/understanding-non-hodgkin-lymphoma\/symptoms\/","title":{"rendered":"S\u00edntomas"},"content":{"rendered":"<h4 class=\"section-title\">S\u00edntomas<\/h4>\n<p class=\"section-content\">Los s\u00edntomas del linfoma no Hodgkin var\u00edan ampliamente, dependiendo del tipo espec\u00edfico de la enfermedad y de su ubicaci\u00f3n en el organismo, pero suele incluir ganglios linf\u00e1ticos inflamados. El paciente debe consultar al m\u00e9dico de inmediato si presenta alguno de los siguientes s\u00edntomas:<\/p>\n<div class=\"one_half\">\n<div class=\"divider\" id=\"\">\n\t\n\t<\/div><\/p>\n<div class=\"risk-factor\">\n<div class=\"symp-pic\" style=\"height:125px;\"><div id=\"Caption\" style=\"width: 195px\" class=\"wp-caption aligncenter\"><a href=\"\/wp-content\/uploads\/sites\/4\/2015\/07\/swollen-lymph-nodes-es.jpg\" title=\"Click Image to Enlarge.\"><img decoding=\"async\" aria-describedby=\"caption-Caption\" src=\"\/wp-content\/uploads\/sites\/4\/2015\/07\/swollen-lymph-nodes-es.jpg\" class=\"aligncenter\" alt=\"Ganglios linf\u00e1ticos inflamados\" style=\"height:105px;\"><\/a><p id=\"caption-Caption\" class=\"wp-caption-text\">Click Image to Enlarge.<\/p><\/div><\/div>\n<div>\n<h5 class=\"section-title\">Ganglios linf\u00e1ticos inflamados<\/h5>\n<\/div>\n<div class=\"clearboth\"><\/div>\n<\/div>\n<div class=\"divider\" id=\"\">\n\t\n\t<\/div>\n<div class=\"risk-factor\">\n<div class=\"symp-pic\"><img decoding=\"async\" src=\"\/wp-content\/uploads\/2021\/06\/Man-with-Fever-sweats-819x1024-1.jpeg\" class=\"aligncenter\" alt=\"Fiebre persistente sin una causa reconocida\" style=\"height:125px;\"><\/div>\n<div>\n<h5 class=\"section-title\">Fiebre persistente sin una causa reconocida<\/h5>\n<\/div>\n<div class=\"clearboth\"><\/div>\n<\/div>\n<div class=\"divider\" id=\"\">\n\t\n\t<\/div>\n<div class=\"risk-factor\">\n<div class=\"symp-pic\"><img decoding=\"async\" src=\"\/wp-content\/uploads\/2021\/06\/black_feet_on_weight.jpg\" class=\"aligncenter\" alt=\"P\u00e9rdida de peso inexplicable\" style=\"height:125px;\"><\/div>\n<div class=\"wrap-fix\">\n<h5 class=\"section-title\">P\u00e9rdida de peso inexplicable (m\u00e1s del 10 % del peso corporal en el transcurso de seis meses)<\/h5>\n<\/div>\n<div class=\"clearboth\"><\/div>\n<\/div>\n<div class=\"divider\" id=\"\">\n\t\n\t<\/div>\n<div class=\"risk-factor\">\n<div class=\"symp-pic\"><img decoding=\"async\" src=\"\/wp-content\/uploads\/2013\/03\/Vomiting90x160.jpg\" class=\"aligncenter\" alt=\"N\u00e1useas o v\u00f3mitos persistentes\" style=\"height:125px;\"><\/div>\n<div>\n<h5 class=\"section-title\">N\u00e1useas o v\u00f3mitos persistentes<\/h5>\n<\/div>\n<div class=\"clearboth\"><\/div>\n<\/div>\n<div class=\"divider\" id=\"\">\n\t\n\t<\/div>\n<div class=\"risk-factor\">\n<div class=\"symp-pic\"><img decoding=\"async\" src=\"\/wp-content\/uploads\/2013\/03\/NightSweats150.png\" class=\"aligncenter\" alt=\"Sudoraci\u00f3n nocturna\" style=\"height:125px;\"><\/div>\n<div class=\"wrap-fix\">\n<h5 class=\"section-title\">Sudoraci\u00f3n nocturna, lo suficientemente intensa como para necesitar cambiar la ropa de cama<\/h5>\n<\/div>\n<div class=\"clearboth\"><\/div>\n<\/div>\n<div class=\"divider\" id=\"\">\n\t\n\t<\/div><\/div>\n<div class=\"one_half last\">\n<div class=\"divider\" id=\"remove-divider\">\n\t\n\t<\/div><\/p>\n<div class=\"risk-factor\">\n<div class=\"symp-pic\"><img decoding=\"async\" src=\"\/wp-content\/uploads\/2013\/03\/Chest-Pains-180x1501.jpg\" class=\"aligncenter\" alt=\"Dolor tor\u00e1cico o falta de aire\" style=\"height:125px;\"><\/div>\n<div>\n<h5 class=\"section-title\">Dolor tor\u00e1cico o falta de aire<\/h5>\n<\/div>\n<div class=\"clearboth\"><\/div>\n<\/div>\n<div class=\"divider\" id=\"\">\n\t\n\t<\/div>\n<div class=\"risk-factor\">\n<div class=\"symp-pic\" style=\"height:125px;\"><img decoding=\"async\" src=\"\/wp-content\/uploads\/2013\/10\/ItchySkin150.png\" class=\"aligncenter\" alt=\"Prurito en la piel\" style=\"height:115px;\"><\/div>\n<div>\n<h5 class=\"section-title\">Prurito en la piel<\/h5>\n<\/div>\n<div class=\"clearboth\"><\/div>\n<\/div>\n<div class=\"divider\" id=\"\">\n\t\n\t<\/div>\n<div class=\"risk-factor\">\n<div class=\"symp-pic\"><img decoding=\"async\" src=\"\/wp-content\/uploads\/2013\/02\/NewBloating150.jpg\" class=\"aligncenter\" alt=\"Dolor o hinchaz\u00f3n abdominal\" style=\"height:125px;\"><\/div>\n<div>\n<h5 class=\"section-title\">Dolor o hinchaz\u00f3n abdominal<\/h5>\n<\/div>\n<div class=\"clearboth\"><\/div>\n<\/div>\n<div class=\"divider\" id=\"\">\n\t\n\t<\/div>\n<div class=\"risk-factor\">\n<div class=\"symp-pic\"><img decoding=\"async\" src=\"\/wp-content\/uploads\/2019\/06\/Confusion-2.jpg\" class=\"aligncenter\" alt=\"Confusi\u00f3n o problemas de memoria y concentraci\u00f3n\" style=\"height:125px;\"><\/div>\n<div>\n<h5 class=\"section-title\">Confusi\u00f3n o problemas de memoria y concentraci\u00f3n<\/h5>\n<\/div>\n<div class=\"clearboth\"><\/div>\n<\/div>\n<div class=\"divider\" id=\"\">\n\t\n\t<\/div><\/div>\n<div class=\"clearboth\"><\/div>\n","protected":false},"excerpt":{"rendered":"<p>S\u00edntomas Los s\u00edntomas del linfoma no Hodgkin var\u00edan ampliamente, dependiendo del tipo espec\u00edfico de la enfermedad y de su ubicaci\u00f3n en el organismo, pero suele incluir ganglios linf\u00e1ticos inflamados. El paciente debe consultar al m\u00e9dico de inmediato si presenta alguno de los siguientes s\u00edntomas: Ganglios linf\u00e1ticos inflamados Fiebre persistente sin una causa reconocida P\u00e9rdida de [&hellip;]<\/p>\n","protected":false},"author":5,"featured_media":0,"parent":15969,"menu_order":3,"comment_status":"closed","ping_status":"open","template":"template-tumor.php","meta":{"footnotes":""},"tags":[10],"class_list":["post-15974","page","type-page","status-publish","hentry","tag-members-only"],"yoast_head":"<!-- This site is optimized with the Yoast SEO plugin v25.0 - https:\/\/yoast.com\/wordpress\/plugins\/seo\/ -->\n<title>CMedEd | Informaci\u00f3n para comprender el linfoma no Hodgkin | S\u00edntomas<\/title>\n<meta name=\"description\" content=\"S\u00edntomas Los s\u00edntomas del linfoma no Hodgkin var\u00edan ampliamente, dependiendo del tipo espec\u00edfico de la enfermedad y de su ubicaci\u00f3n en el organismo, pero\" \/>\n<meta name=\"robots\" content=\"index, follow, max-snippet:-1, max-image-preview:large, max-video-preview:-1\" \/>\n<link rel=\"canonical\" href=\"https:\/\/cmeded.com\/es\/lymphoma\/understanding-non-hodgkin-lymphoma\/symptoms\/\" \/>\n<meta property=\"og:locale\" content=\"es_ES\" \/>\n<meta property=\"og:type\" content=\"article\" \/>\n<meta property=\"og:title\" content=\"CMedEd | Informaci\u00f3n para comprender el linfoma no Hodgkin | S\u00edntomas\" \/>\n<meta property=\"og:description\" content=\"S\u00edntomas Los s\u00edntomas del linfoma no Hodgkin var\u00edan ampliamente, dependiendo del tipo espec\u00edfico de la enfermedad y de su ubicaci\u00f3n en el organismo, pero\" \/>\n<meta property=\"og:url\" content=\"https:\/\/cmeded.com\/es\/lymphoma\/understanding-non-hodgkin-lymphoma\/symptoms\/\" \/>\n<meta property=\"og:site_name\" content=\"CMedEd\" \/>\n<meta property=\"article:modified_time\" content=\"2023-08-24T23:48:33+00:00\" \/>\n<meta name=\"twitter:card\" content=\"summary_large_image\" \/>\n<meta name=\"twitter:label1\" content=\"Tiempo de lectura\" \/>\n\t<meta name=\"twitter:data1\" content=\"1 minuto\" \/>\n<script type=\"application\/ld+json\" class=\"yoast-schema-graph\">{\"@context\":\"https:\/\/schema.org\",\"@graph\":[{\"@type\":\"WebPage\",\"@id\":\"https:\/\/cmeded.com\/es\/lymphoma\/understanding-non-hodgkin-lymphoma\/symptoms\/\",\"url\":\"https:\/\/cmeded.com\/es\/lymphoma\/understanding-non-hodgkin-lymphoma\/symptoms\/\",\"name\":\"CMedEd | Informaci\u00f3n para comprender el linfoma no Hodgkin | S\u00edntomas\",\"isPartOf\":{\"@id\":\"https:\/\/cmeded.com\/es\/#website\"},\"datePublished\":\"2014-03-12T15:53:43+00:00\",\"dateModified\":\"2023-08-24T23:48:33+00:00\",\"description\":\"S\u00edntomas Los s\u00edntomas del linfoma no Hodgkin var\u00edan ampliamente, dependiendo del tipo espec\u00edfico de la enfermedad y de su ubicaci\u00f3n en el organismo, pero\",\"breadcrumb\":{\"@id\":\"https:\/\/cmeded.com\/es\/lymphoma\/understanding-non-hodgkin-lymphoma\/symptoms\/#breadcrumb\"},\"inLanguage\":\"es\",\"potentialAction\":[{\"@type\":\"ReadAction\",\"target\":[\"https:\/\/cmeded.com\/es\/lymphoma\/understanding-non-hodgkin-lymphoma\/symptoms\/\"]}]},{\"@type\":\"BreadcrumbList\",\"@id\":\"https:\/\/cmeded.com\/es\/lymphoma\/understanding-non-hodgkin-lymphoma\/symptoms\/#breadcrumb\",\"itemListElement\":[{\"@type\":\"ListItem\",\"position\":1,\"name\":\"Home\",\"item\":\"https:\/\/cmeded.com\/es\/\"},{\"@type\":\"ListItem\",\"position\":2,\"name\":\"Linfoma\",\"item\":\"https:\/\/cmeded.com\/es\/lymphoma\/\"},{\"@type\":\"ListItem\",\"position\":3,\"name\":\"Informaci\u00f3n para comprender el linfoma no Hodgkin\",\"item\":\"https:\/\/cmeded.com\/es\/lymphoma\/understanding-non-hodgkin-lymphoma\/\"},{\"@type\":\"ListItem\",\"position\":4,\"name\":\"S\u00edntomas\"}]},{\"@type\":\"WebSite\",\"@id\":\"https:\/\/cmeded.com\/es\/#website\",\"url\":\"https:\/\/cmeded.com\/es\/\",\"name\":\"CMedEd\",\"description\":\"Recurso principal de informaci\u00f3n sobre el c\u00e1ncer\",\"potentialAction\":[{\"@type\":\"SearchAction\",\"target\":{\"@type\":\"EntryPoint\",\"urlTemplate\":\"https:\/\/cmeded.com\/es\/?s={search_term_string}\"},\"query-input\":{\"@type\":\"PropertyValueSpecification\",\"valueRequired\":true,\"valueName\":\"search_term_string\"}}],\"inLanguage\":\"es\"}]}<\/script>\n<!-- \/ Yoast SEO plugin. -->","yoast_head_json":{"title":"CMedEd | Informaci\u00f3n para comprender el linfoma no Hodgkin | S\u00edntomas","description":"S\u00edntomas Los s\u00edntomas del linfoma no Hodgkin var\u00edan ampliamente, dependiendo del tipo espec\u00edfico de la enfermedad y de su ubicaci\u00f3n en el organismo, pero","robots":{"index":"index","follow":"follow","max-snippet":"max-snippet:-1","max-image-preview":"max-image-preview:large","max-video-preview":"max-video-preview:-1"},"canonical":"https:\/\/cmeded.com\/es\/lymphoma\/understanding-non-hodgkin-lymphoma\/symptoms\/","og_locale":"es_ES","og_type":"article","og_title":"CMedEd | Informaci\u00f3n para comprender el linfoma no Hodgkin | S\u00edntomas","og_description":"S\u00edntomas Los s\u00edntomas del linfoma no Hodgkin var\u00edan ampliamente, dependiendo del tipo espec\u00edfico de la enfermedad y de su ubicaci\u00f3n en el organismo, pero","og_url":"https:\/\/cmeded.com\/es\/lymphoma\/understanding-non-hodgkin-lymphoma\/symptoms\/","og_site_name":"CMedEd","article_modified_time":"2023-08-24T23:48:33+00:00","twitter_card":"summary_large_image","twitter_misc":{"Tiempo de lectura":"1 minuto"},"schema":{"@context":"https:\/\/schema.org","@graph":[{"@type":"WebPage","@id":"https:\/\/cmeded.com\/es\/lymphoma\/understanding-non-hodgkin-lymphoma\/symptoms\/","url":"https:\/\/cmeded.com\/es\/lymphoma\/understanding-non-hodgkin-lymphoma\/symptoms\/","name":"CMedEd | Informaci\u00f3n para comprender el linfoma no Hodgkin | S\u00edntomas","isPartOf":{"@id":"https:\/\/cmeded.com\/es\/#website"},"datePublished":"2014-03-12T15:53:43+00:00","dateModified":"2023-08-24T23:48:33+00:00","description":"S\u00edntomas Los s\u00edntomas del linfoma no Hodgkin var\u00edan ampliamente, dependiendo del tipo espec\u00edfico de la enfermedad y de su ubicaci\u00f3n en el organismo, pero","breadcrumb":{"@id":"https:\/\/cmeded.com\/es\/lymphoma\/understanding-non-hodgkin-lymphoma\/symptoms\/#breadcrumb"},"inLanguage":"es","potentialAction":[{"@type":"ReadAction","target":["https:\/\/cmeded.com\/es\/lymphoma\/understanding-non-hodgkin-lymphoma\/symptoms\/"]}]},{"@type":"BreadcrumbList","@id":"https:\/\/cmeded.com\/es\/lymphoma\/understanding-non-hodgkin-lymphoma\/symptoms\/#breadcrumb","itemListElement":[{"@type":"ListItem","position":1,"name":"Home","item":"https:\/\/cmeded.com\/es\/"},{"@type":"ListItem","position":2,"name":"Linfoma","item":"https:\/\/cmeded.com\/es\/lymphoma\/"},{"@type":"ListItem","position":3,"name":"Informaci\u00f3n para comprender el linfoma no Hodgkin","item":"https:\/\/cmeded.com\/es\/lymphoma\/understanding-non-hodgkin-lymphoma\/"},{"@type":"ListItem","position":4,"name":"S\u00edntomas"}]},{"@type":"WebSite","@id":"https:\/\/cmeded.com\/es\/#website","url":"https:\/\/cmeded.com\/es\/","name":"CMedEd","description":"Recurso principal de informaci\u00f3n sobre el c\u00e1ncer","potentialAction":[{"@type":"SearchAction","target":{"@type":"EntryPoint","urlTemplate":"https:\/\/cmeded.com\/es\/?s={search_term_string}"},"query-input":{"@type":"PropertyValueSpecification","valueRequired":true,"valueName":"search_term_string"}}],"inLanguage":"es"}]}},"_links":{"self":[{"href":"https:\/\/cmeded.com\/es\/wp-json\/wp\/v2\/pages\/15974","targetHints":{"allow":["GET"]}}],"collection":[{"href":"https:\/\/cmeded.com\/es\/wp-json\/wp\/v2\/pages"}],"about":[{"href":"https:\/\/cmeded.com\/es\/wp-json\/wp\/v2\/types\/page"}],"author":[{"embeddable":true,"href":"https:\/\/cmeded.com\/es\/wp-json\/wp\/v2\/users\/5"}],"replies":[{"embeddable":true,"href":"https:\/\/cmeded.com\/es\/wp-json\/wp\/v2\/comments?post=15974"}],"version-history":[{"count":0,"href":"https:\/\/cmeded.com\/es\/wp-json\/wp\/v2\/pages\/15974\/revisions"}],"up":[{"embeddable":true,"href":"https:\/\/cmeded.com\/es\/wp-json\/wp\/v2\/pages\/15969"}],"wp:attachment":[{"href":"https:\/\/cmeded.com\/es\/wp-json\/wp\/v2\/media?parent=15974"}],"wp:term":[{"taxonomy":"post_tag","embeddable":true,"href":"https:\/\/cmeded.com\/es\/wp-json\/wp\/v2\/tags?post=15974"}],"curies":[{"name":"wp","href":"https:\/\/api.w.org\/{rel}","templated":true}]}}