{"id":15949,"date":"2014-03-10T15:31:10","date_gmt":"2014-03-10T20:31:10","guid":{"rendered":"http:\/\/cmeded.wpengine.com\/?page_id=15949"},"modified":"2023-08-24T18:48:13","modified_gmt":"2023-08-24T23:48:13","slug":"skin","status":"publish","type":"page","link":"https:\/\/cmeded.com\/es\/skin\/","title":{"rendered":"Piel"},"content":{"rendered":"<div class=\"content-2 cat-content\">\n<h4 class=\"section-title\" style=\"padding-bottom:20px\">C\u00e1ncer de piel<\/h4>\n<p class=\"section-content\">Este c\u00e1ncer afecta la piel, el \u00f3rgano m\u00e1s grande del cuerpo humano. La causa principal del carcinoma escamoso, el carcinoma de c\u00e9lulas  basales y el melanoma es la exposici\u00f3n a los rayos ultravioleta del sol.<\/p>\n<div class=\"article-box\">\n  <div class=\"divider\" id=\"mob-divider\">\n\t\n\t<\/div><\/p>\n<div class=\"article-img\">\n<div id=\"caption\" style=\"width: 160px\" class=\"wp-caption aligncenter\"><a href='\/wp-content\/uploads\/sites\/4\/2015\/07\/NonMelanoma-Stage2-es.jpg' title='Go to enlarged image.'><img decoding=\"async\" aria-describedby=\"caption-caption\" src=\"\/wp-content\/uploads\/sites\/4\/2015\/07\/NonMelanoma-Stage2-es.jpg\" class=\"aligncenter\" alt=\"C\u00e1ncer de piel que no es melanoma\" style=\"height: auto;max-height: 150px\" \/><\/a><p id=\"caption-caption\" class=\"wp-caption-text\">Click Image to Enlarge.<\/p><\/div><\/div>\n<div class=\"article-exerpt\">\n<h5 class=\"section-title\"><a href=\"\/es\/skin\/understanding-skin-cancer\/overview\">C\u00e1ncer de piel que no es melanoma<\/a><\/h5>\n<p class=\"article-text\">\n        La piel es el \u00f3rgano m\u00e1s grande del cuerpo.  Cubre y protege el cuerpo y, tambi\u00e9n, permite regular su temperatura.  La piel tiene tres capas principales: la epidermis, la dermis y una capa de tejido adiposo. Por lo general, el c\u00e1ncer de piel se origina en la epidermis, que es la capa externa de la piel.  La epidermis est\u00e1 compuesta por tres tipos de c\u00e9lulas: c\u00e9lulas escamosas, c\u00e9lulas basales y melanocitos.\n      <\/p>\n<p>      <a href=\"\/es\/skin\/understanding-skin-cancer\/overview\"><span class=\"more\">M\u00e1s informaci\u00f3n &raquo;<\/span><\/a>\n    <\/div>\n<div class=\"clearboth\"><\/div>\n<div class=\"divider\" id=\"mob-divider\">\n\t\n\t<\/div>\n<div class=\"article-img\">\n<div id=\"caption\" style=\"width: 160px\" class=\"wp-caption aligncenter\"><a href='\/wp-content\/uploads\/sites\/4\/2015\/07\/Melanoma-Overview-es.jpg' title='Go to enlarged image.'><img decoding=\"async\" aria-describedby=\"caption-caption\" src=\"\/wp-content\/uploads\/sites\/4\/2015\/07\/Melanoma-Overview-es.jpg\" class=\"aligncenter\" alt=\"Melanoma\" style=\"height: auto;max-height: 150px\" \/><\/a><p id=\"caption-caption\" class=\"wp-caption-text\">Click Image to Enlarge.<\/p><\/div><\/div>\n<div class=\"article-exerpt\">\n<h5 class=\"section-title\"><a href=\"\/es\/skin\/understanding-melanoma\/overview\">Melanoma<\/a><\/h5>\n<p class=\"article-text\">\n        El melanoma es un tipo de c\u00e1ncer de piel que se origina a partir de los melanocitos, que son las c\u00e9lulas de la piel que producen la melanina, el pigmento encargado de que la piel se broncee. Los melanocitos se encuentran en la parte profunda de la epidermis (la capa superior de la piel), que en su mayor\u00eda est\u00e1 conformada por c\u00e9lulas escamosas y basales. Los tipos de c\u00e1ncer de piel de c\u00e9lulas basales y escamosas son mucho m\u00e1s frecuentes que el melanoma, pero el melanoma es mucho m\u00e1s peligroso y agresivo que estas otras formas de c\u00e1ncer de piel.\n      <\/p>\n<p>      <a href=\"\/es\/skin\/understanding-melanoma\/overview\"><span class=\"more\">M\u00e1s informaci\u00f3n &raquo;<\/span><\/a>\n    <\/div>\n<div class=\"clearboth\"><\/div>\n<div class=\"divider\" id=\"mob-divider\">\n\t\n\t<\/div>\n<div class=\"article-img\">\n<p><div id=\"caption\" style=\"width: 160px\" class=\"wp-caption aligncenter\"><a href='\/wp-content\/uploads\/sites\/4\/2015\/07\/Merkel-Cells-Overview-es.jpg' title='Go to enlarged image.'><img decoding=\"async\" aria-describedby=\"caption-caption\" src=\"\/wp-content\/uploads\/sites\/4\/2015\/07\/Merkel-Cells-Overview-es.jpg\" class=\"aligncenter\" alt=\"Carcinoma de c\u00e9lulas de Merkel\" style=\"height: auto;max-height: 150px\"\/><\/a><p id=\"caption-caption\" class=\"wp-caption-text\">Click Image to Enlarge.<\/p><\/div>\n<\/div>\n<div class=\"article-exerpt\">\n<h5 class=\"section-title\"><a href=\"\/es\/skin\/understanding-merkel-cell-carcinoma\/overview\">Carcinoma de c\u00e9lulas de Merkel<\/a><\/h5>\n<p class=\"article-text\">\n        El carcinoma de c\u00e9lulas de Merkel es un tipo de c\u00e1ncer de piel que se origina en las denominadas \"c\u00e9lulas de Merkel\". Las c\u00e9lulas de Merkel se encuentran en la parte profunda de la epidermis, que es la capa externa de la piel. Las c\u00e9lulas de Merkel se encuentran muy cerca de las terminaciones nerviosas de la piel y act\u00faan como receptoras del tacto fino. Cuando tocamos un objeto, estas c\u00e9lulas nos permiten reconocer sus caracter\u00edsticas, como la forma, la textura y la temperatura.\n      <\/p>\n<p>      <a href=\"\/es\/skin\/understanding-merkel-cell-carcinoma\/overview\"><span class=\"more\">M\u00e1s informaci\u00f3n &raquo;<\/span><\/a>\n    <\/div>\n<div class=\"clearboth\"><\/div>\n<div class=\"divider\" id=\"mob-divider\">\n\t\n\t<\/div><\/div>\n<\/div>\n","protected":false},"excerpt":{"rendered":"<p>C\u00e1ncer de piel Este c\u00e1ncer afecta la piel, el \u00f3rgano m\u00e1s grande del cuerpo humano. La causa principal del carcinoma escamoso, el carcinoma de c\u00e9lulas basales y el melanoma es la exposici\u00f3n a los rayos ultravioleta del sol. C\u00e1ncer de piel que no es melanoma La piel es el \u00f3rgano m\u00e1s grande del cuerpo. Cubre [&hellip;]<\/p>\n","protected":false},"author":5,"featured_media":0,"parent":0,"menu_order":0,"comment_status":"closed","ping_status":"open","template":"template-landing.php","meta":{"footnotes":""},"tags":[11,10],"class_list":["post-15949","page","type-page","status-publish","hentry","tag-category","tag-members-only"],"yoast_head":"<!-- This site is optimized with the Yoast SEO plugin v25.0 - https:\/\/yoast.com\/wordpress\/plugins\/seo\/ -->\n<title>CMedEd | C\u00e1ncer de piel<\/title>\n<meta name=\"description\" content=\"C\u00e1ncer de piel Este c\u00e1ncer afecta la piel, el \u00f3rgano m\u00e1s grande del cuerpo humano. La causa principal del carcinoma escamoso, el carcinoma de c\u00e9lulas\" \/>\n<meta name=\"robots\" content=\"index, follow, max-snippet:-1, max-image-preview:large, max-video-preview:-1\" \/>\n<link rel=\"canonical\" href=\"https:\/\/cmeded.com\/es\/skin\/\" \/>\n<meta property=\"og:locale\" content=\"es_ES\" \/>\n<meta property=\"og:type\" content=\"article\" \/>\n<meta property=\"og:title\" content=\"CMedEd | C\u00e1ncer de piel\" \/>\n<meta property=\"og:description\" content=\"C\u00e1ncer de piel Este c\u00e1ncer afecta la piel, el \u00f3rgano m\u00e1s grande del cuerpo humano. La causa principal del carcinoma escamoso, el carcinoma de c\u00e9lulas\" \/>\n<meta property=\"og:url\" content=\"https:\/\/cmeded.com\/es\/skin\/\" \/>\n<meta property=\"og:site_name\" content=\"CMedEd\" \/>\n<meta property=\"article:modified_time\" content=\"2023-08-24T23:48:13+00:00\" \/>\n<meta name=\"twitter:card\" content=\"summary_large_image\" \/>\n<meta name=\"twitter:label1\" content=\"Tiempo de lectura\" \/>\n\t<meta name=\"twitter:data1\" content=\"2 minutos\" \/>\n<script type=\"application\/ld+json\" class=\"yoast-schema-graph\">{\"@context\":\"https:\/\/schema.org\",\"@graph\":[{\"@type\":\"WebPage\",\"@id\":\"https:\/\/cmeded.com\/es\/skin\/\",\"url\":\"https:\/\/cmeded.com\/es\/skin\/\",\"name\":\"CMedEd | C\u00e1ncer de piel\",\"isPartOf\":{\"@id\":\"https:\/\/cmeded.com\/es\/#website\"},\"datePublished\":\"2014-03-10T20:31:10+00:00\",\"dateModified\":\"2023-08-24T23:48:13+00:00\",\"description\":\"C\u00e1ncer de piel Este c\u00e1ncer afecta la piel, el \u00f3rgano m\u00e1s grande del cuerpo humano. La causa principal del carcinoma escamoso, el carcinoma de c\u00e9lulas\",\"breadcrumb\":{\"@id\":\"https:\/\/cmeded.com\/es\/skin\/#breadcrumb\"},\"inLanguage\":\"es\",\"potentialAction\":[{\"@type\":\"ReadAction\",\"target\":[\"https:\/\/cmeded.com\/es\/skin\/\"]}]},{\"@type\":\"BreadcrumbList\",\"@id\":\"https:\/\/cmeded.com\/es\/skin\/#breadcrumb\",\"itemListElement\":[{\"@type\":\"ListItem\",\"position\":1,\"name\":\"Home\",\"item\":\"https:\/\/cmeded.com\/es\/\"},{\"@type\":\"ListItem\",\"position\":2,\"name\":\"Piel\"}]},{\"@type\":\"WebSite\",\"@id\":\"https:\/\/cmeded.com\/es\/#website\",\"url\":\"https:\/\/cmeded.com\/es\/\",\"name\":\"CMedEd\",\"description\":\"Recurso principal de informaci\u00f3n sobre el c\u00e1ncer\",\"potentialAction\":[{\"@type\":\"SearchAction\",\"target\":{\"@type\":\"EntryPoint\",\"urlTemplate\":\"https:\/\/cmeded.com\/es\/?s={search_term_string}\"},\"query-input\":{\"@type\":\"PropertyValueSpecification\",\"valueRequired\":true,\"valueName\":\"search_term_string\"}}],\"inLanguage\":\"es\"}]}<\/script>\n<!-- \/ Yoast SEO plugin. -->","yoast_head_json":{"title":"CMedEd | C\u00e1ncer de piel","description":"C\u00e1ncer de piel Este c\u00e1ncer afecta la piel, el \u00f3rgano m\u00e1s grande del cuerpo humano. La causa principal del carcinoma escamoso, el carcinoma de c\u00e9lulas","robots":{"index":"index","follow":"follow","max-snippet":"max-snippet:-1","max-image-preview":"max-image-preview:large","max-video-preview":"max-video-preview:-1"},"canonical":"https:\/\/cmeded.com\/es\/skin\/","og_locale":"es_ES","og_type":"article","og_title":"CMedEd | C\u00e1ncer de piel","og_description":"C\u00e1ncer de piel Este c\u00e1ncer afecta la piel, el \u00f3rgano m\u00e1s grande del cuerpo humano. La causa principal del carcinoma escamoso, el carcinoma de c\u00e9lulas","og_url":"https:\/\/cmeded.com\/es\/skin\/","og_site_name":"CMedEd","article_modified_time":"2023-08-24T23:48:13+00:00","twitter_card":"summary_large_image","twitter_misc":{"Tiempo de lectura":"2 minutos"},"schema":{"@context":"https:\/\/schema.org","@graph":[{"@type":"WebPage","@id":"https:\/\/cmeded.com\/es\/skin\/","url":"https:\/\/cmeded.com\/es\/skin\/","name":"CMedEd | C\u00e1ncer de piel","isPartOf":{"@id":"https:\/\/cmeded.com\/es\/#website"},"datePublished":"2014-03-10T20:31:10+00:00","dateModified":"2023-08-24T23:48:13+00:00","description":"C\u00e1ncer de piel Este c\u00e1ncer afecta la piel, el \u00f3rgano m\u00e1s grande del cuerpo humano. La causa principal del carcinoma escamoso, el carcinoma de c\u00e9lulas","breadcrumb":{"@id":"https:\/\/cmeded.com\/es\/skin\/#breadcrumb"},"inLanguage":"es","potentialAction":[{"@type":"ReadAction","target":["https:\/\/cmeded.com\/es\/skin\/"]}]},{"@type":"BreadcrumbList","@id":"https:\/\/cmeded.com\/es\/skin\/#breadcrumb","itemListElement":[{"@type":"ListItem","position":1,"name":"Home","item":"https:\/\/cmeded.com\/es\/"},{"@type":"ListItem","position":2,"name":"Piel"}]},{"@type":"WebSite","@id":"https:\/\/cmeded.com\/es\/#website","url":"https:\/\/cmeded.com\/es\/","name":"CMedEd","description":"Recurso principal de informaci\u00f3n sobre el c\u00e1ncer","potentialAction":[{"@type":"SearchAction","target":{"@type":"EntryPoint","urlTemplate":"https:\/\/cmeded.com\/es\/?s={search_term_string}"},"query-input":{"@type":"PropertyValueSpecification","valueRequired":true,"valueName":"search_term_string"}}],"inLanguage":"es"}]}},"_links":{"self":[{"href":"https:\/\/cmeded.com\/es\/wp-json\/wp\/v2\/pages\/15949","targetHints":{"allow":["GET"]}}],"collection":[{"href":"https:\/\/cmeded.com\/es\/wp-json\/wp\/v2\/pages"}],"about":[{"href":"https:\/\/cmeded.com\/es\/wp-json\/wp\/v2\/types\/page"}],"author":[{"embeddable":true,"href":"https:\/\/cmeded.com\/es\/wp-json\/wp\/v2\/users\/5"}],"replies":[{"embeddable":true,"href":"https:\/\/cmeded.com\/es\/wp-json\/wp\/v2\/comments?post=15949"}],"version-history":[{"count":0,"href":"https:\/\/cmeded.com\/es\/wp-json\/wp\/v2\/pages\/15949\/revisions"}],"wp:attachment":[{"href":"https:\/\/cmeded.com\/es\/wp-json\/wp\/v2\/media?parent=15949"}],"wp:term":[{"taxonomy":"post_tag","embeddable":true,"href":"https:\/\/cmeded.com\/es\/wp-json\/wp\/v2\/tags?post=15949"}],"curies":[{"name":"wp","href":"https:\/\/api.w.org\/{rel}","templated":true}]}}