{"id":15905,"date":"2014-03-06T12:21:36","date_gmt":"2014-03-06T18:21:36","guid":{"rendered":"http:\/\/cmeded.wpengine.com\/?page_id=15905"},"modified":"2023-08-24T18:50:51","modified_gmt":"2023-08-24T23:50:51","slug":"staging","status":"publish","type":"page","link":"https:\/\/cmeded.com\/es\/genitourinary\/understanding-testicular-cancer\/staging\/","title":{"rendered":"Estadificaci\u00f3n"},"content":{"rendered":"<h4 class=\"section-title\">Estadificaci\u00f3n<\/h4>\n<p class=\"section-content\">La estadificaci\u00f3n es un proceso que le indica al m\u00e9dico si el c\u00e1ncer se ha diseminado y, en caso de que as\u00ed sea, en qu\u00e9 medida. La estadificaci\u00f3n del c\u00e1ncer de test\u00edculo tambi\u00e9n depende de los niveles de marcadores tumorales en la sangre. El estadio es un paso importante para evaluar las opciones de tratamiento.<\/p>\n<div class=\"clapat-tabs\" id=\"\"><div class=\"tabs-bg\"><\/div><ul class=\"staging-tab-menu\"><li><a href=\"#tabs-630\"><br \/>\nEstadio 0<\/a><\/li>\n<li><a href=\"#tabs-631\"><br \/>\nEstadio IA<\/a><\/li>\n<li><a href=\"#tabs-632\"><br \/>\nEstadio IB<\/a><\/li>\n<li><a href=\"#tabs-633\"><br \/>\nEstadio IS<\/a><\/li>\n<li><a href=\"#tabs-634\"><br \/>\nEstadio IIA<\/a><\/li>\n<li><a href=\"#tabs-635\"><br \/>\nEstadio IIB<\/a><\/li>\n<li><a href=\"#tabs-636\"><br \/>\nEstadio IIC<\/a><\/li>\n<li><a href=\"#tabs-637\"><br \/>\nEstadio IIIA<\/a><\/li>\n<li><a href=\"#tabs-638\"><br \/>\nEstadio IIIB<\/a><\/li>\n<li><a href=\"#tabs-639\"><br \/>\nEstadio IIIC<\/a><\/li><\/ul><div class=\"list-wrap\"><div id=\"tabs-630\"><\/p>\n<h4 class=\"section-title hidden-title\">Estadio 0<\/h4>\n<p><div id=\"stage\" style=\"width: 410px\" class=\"wp-caption alignnone\"><a href=\"\/wp-content\/uploads\/2013\/03\/Testical-Cancer-Stage-0-PSf.jpg\" title=\"Click Image to Enlarge.\"><img decoding=\"async\" aria-describedby=\"caption-stage\" src=\"\/wp-content\/uploads\/2013\/03\/Testical-Cancer-Stage-0-PSf.jpg\" alt=\"Estadio 0\" class=\"aligncenter\" width=\"300px\"\/><\/a><p id=\"caption-stage\" class=\"wp-caption-text\">Click Image to Enlarge.<\/p><\/div><\/p>\n<h5 class=\"section-title\">Descripci\u00f3n<\/h5>\n<ul>\n<li class=\"section-content\">Se detectan c\u00e9lulas an\u00f3malas pero no invasivas en los t\u00fabulos en donde se forman los espermatozoides. Todos los marcadores tumorales son normales.<\/li>\n<\/ul>\n<h5 class=\"section-title\">Tratamiento<\/h5>\n<ul>\n<li class=\"section-content\">Cirug\u00eda (orquiectom\u00eda), radioterapia y supervisi\u00f3n activa.<\/li>\n<\/ul>\n<hr class=\"hidden-title\"\/>\n<\/div>\n<div id=\"tabs-631\"><\/p>\n<h4 class=\"section-title hidden-title\">Estadio IA<\/h4>\n<p><div id=\"stage\" style=\"width: 410px\" class=\"wp-caption alignnone\"><a href=\"\/wp-content\/uploads\/2013\/03\/Testical-Cancer-Stage-IA-PSF.jpg\" title=\"Click Image to Enlarge.\"><img decoding=\"async\" aria-describedby=\"caption-stage\" src=\"\/wp-content\/uploads\/2013\/03\/Testical-Cancer-Stage-IA-PSF.jpg\" alt=\"Estadio IA\" class=\"aligncenter\" width=\"300px\" \/><\/a><p id=\"caption-stage\" class=\"wp-caption-text\">Click Image to Enlarge.<\/p><\/div><\/p>\n<h5 class=\"section-title\">Descripci\u00f3n<\/h5>\n<ul>\n<li class=\"section-content\">C\u00e1ncer detectado en el test\u00edculo y en el epid\u00eddimo, que es un conducto que est\u00e1 en la parte posterior del test\u00edculo. Es posible que el c\u00e1ncer se detecte en la capa interna de la membrana testicular. Todos los marcadores tumorales son normales.<\/li>\n<\/ul>\n<h5 class=\"section-title\">Tratamiento<\/h5>\n<ul>\n<li class=\"section-content\"><strong>No seminoma:<\/strong> cirug\u00eda (orquiectom\u00eda) seguida de disecci\u00f3n del ganglio linf\u00e1tico retroperitoneal (DGLRP), quimioterapia o supervisi\u00f3n activa.<\/li>\n<li class=\"section-content\"><strong>Seminoma:<\/strong> cirug\u00eda (orquiectom\u00eda) seguida de radiaci\u00f3n a los ganglios linf\u00e1ticos del abdomen, quimioterapia o supervisi\u00f3n activa.<\/li>\n<\/ul>\n<hr class=\"hidden-title\"\/>\n<\/div>\n<div id=\"tabs-632\"><\/p>\n<h4 class=\"section-title hidden-title\">Estadio IB<\/h4>\n<p><div id=\"stage\" style=\"width: 410px\" class=\"wp-caption alignnone\"><a href=\"\/wp-content\/uploads\/2013\/03\/Testical-Cancer-Stage-IB-PSF.jpg\" title=\"Click Image to Enlarge.\"><img decoding=\"async\" aria-describedby=\"caption-stage\" src=\"\/wp-content\/uploads\/2013\/03\/Testical-Cancer-Stage-IB-PSF.jpg\" alt=\"Estadio IB\" class=\"aligncenter\" width=\"300px\"\/><\/a><p id=\"caption-stage\" class=\"wp-caption-text\">Click Image to Enlarge.<\/p><\/div><\/p>\n<h5 class=\"section-title\">Descripci\u00f3n<\/h5>\n<ul>\n<li class=\"section-content\">C\u00e1ncer detectado en uno de los siguientes lugares. Todos los marcadores tumorales son normales.\n<ul class=\"about-content\">\n<li>Un test\u00edculo, el epid\u00eddimo y los vasos sangu\u00edneos o linf\u00e1ticos del test\u00edculo.<\/li>\n<li>La capa externa de la membrana testicular.<\/li>\n<li>El cord\u00f3n esperm\u00e1tico, el escroto, los vasos sangu\u00edneos o los linf\u00e1ticos.<\/li>\n<\/ul>\n<\/li>\n<\/ul>\n<h5 class=\"section-title\">Tratamiento<\/h5>\n<ul>\n<li class=\"section-content\"><strong>No seminoma:<\/strong> cirug\u00eda (orquiectom\u00eda) seguida de DGLRP, quimioterapia o supervisi\u00f3n activa.<\/li>\n<li class=\"section-content\"><strong>Seminoma:<\/strong> cirug\u00eda (orquiectom\u00eda) seguida de radiaci\u00f3n a los ganglios linf\u00e1ticos del abdomen, quimioterapia o supervisi\u00f3n activa.<\/li>\n<\/ul>\n<hr class=\"hidden-title\"\/>\n<\/div>\n<div id=\"tabs-633\"><\/p>\n<h4 class=\"section-title hidden-title\">Estadio IS<\/h4>\n<p><div id=\"stage\" style=\"width: 410px\" class=\"wp-caption alignnone\"><a href=\"\/wp-content\/uploads\/2013\/03\/Testical-Cancer-Stage-IS-PSF.jpg\" title=\"Click Image to Enlarge.\"><img decoding=\"async\" aria-describedby=\"caption-stage\" src=\"\/wp-content\/uploads\/2013\/03\/Testical-Cancer-Stage-IS-PSF.jpg\" alt=\"Estadio IS\" class=\"aligncenter\" width=\"300px\"\/><\/a><p id=\"caption-stage\" class=\"wp-caption-text\">Click Image to Enlarge.<\/p><\/div><\/p>\n<h5 class=\"section-title\">Descripci\u00f3n<\/h5>\n<ul>\n<li class=\"section-content\">C\u00e1ncer detectado en el test\u00edculo, el cord\u00f3n esperm\u00e1tico o el escroto. Todos los marcadores tumorales est\u00e1n apenas elevados o uno o m\u00e1s marcadores tumorales est\u00e1n moderadamente elevados.<\/li>\n<\/ul>\n<h5 class=\"section-title\">Tratamiento<\/h5>\n<ul>\n<li class=\"section-content\"><strong>No seminoma:<\/strong> cirug\u00eda (orquiectom\u00eda) seguida de quimioterapia, DGLRP o supervisi\u00f3n activa. Si los marcadores tumorales regresan a los valores normales despu\u00e9s de la cirug\u00eda para extirpar el test\u00edculo, puede continuarse con supervisi\u00f3n activa.<\/li>\n<li class=\"section-content\"><strong>Seminoma:<\/strong> cirug\u00eda (orquiectom\u00eda) seguida de radioterapia si los marcadores tumorales permanecen elevados.<\/li>\n<\/ul>\n<hr class=\"hidden-title\"\/>\n<\/div>\n<div id=\"tabs-634\"><\/p>\n<h4 class=\"section-title hidden-title\">Estadio IIA<\/h4>\n<p><div id=\"stage\" style=\"width: 410px\" class=\"wp-caption alignnone\"><a href=\"\/wp-content\/uploads\/2014\/04\/Testical-Cancer-Stage-IIA-R1.jpg\" title=\"Click Image to Enlarge.\"><img decoding=\"async\" aria-describedby=\"caption-stage\" src=\"\/wp-content\/uploads\/2014\/04\/Testical-Cancer-Stage-IIA-R1-350.jpg\" alt=\"Estadio IIA\" class=\"aligncenter\" width=\"300px\"\/><\/a><p id=\"caption-stage\" class=\"wp-caption-text\">Click Image to Enlarge.<\/p><\/div><\/p>\n<h5 class=\"section-title\">Descripci\u00f3n<\/h5>\n<ul>\n<li class=\"section-content\">C\u00e1ncer detectado en el test\u00edculo, el cord\u00f3n esperm\u00e1tico o el escroto y en hasta cinco ganglios linf\u00e1ticos abdominales. Ninguno de los ganglios linf\u00e1ticos supera los 2 cm. Los marcadores tumorales pueden ser normales o pueden estar ligeramente elevados.<\/li>\n<\/ul>\n<h5 class=\"section-title\">Tratamiento<\/h5>\n<ul>\n<li class=\"section-content\"><strong>No seminoma:<\/strong> cirug\u00eda (orquiectom\u00eda) seguida de DGLRP o quimioterapia.<\/li>\n<li class=\"section-content\"><strong>Seminoma:<\/strong> cirug\u00eda (orquiectom\u00eda) seguida de radiaci\u00f3n a los ganglios linf\u00e1ticos del abdomen.<\/li>\n<\/ul>\n<hr class=\"hidden-title\"\/>\n<\/div>\n<div id=\"tabs-635\"><\/p>\n<h4 class=\"section-title hidden-title\">Estadio IIB<\/h4>\n<p><div id=\"stage\" style=\"width: 410px\" class=\"wp-caption alignnone\"><a href=\"\/wp-content\/uploads\/2014\/04\/Testical-Cancer-Stage-IIB-R1.jpg\" title=\"Click Image to Enlarge.\"><img decoding=\"async\" aria-describedby=\"caption-stage\" src=\"\/wp-content\/uploads\/2014\/04\/Testical-Cancer-Stage-IIB-R1-350.jpg\" alt=\"Estadio IIB\" class=\"aligncenter\" width=\"300px\"\/><\/a><p id=\"caption-stage\" class=\"wp-caption-text\">Click Image to Enlarge.<\/p><\/div><\/p>\n<h5 class=\"section-title\">Descripci\u00f3n<\/h5>\n<ul>\n<li class=\"section-content\">C\u00e1ncer detectado en el test\u00edculo, el cord\u00f3n esperm\u00e1tico o el escroto, y en:\n<ul class=\"about-content\">\n<li>Hasta cinco ganglios linf\u00e1ticos abdominales. Al menos uno de los ganglios linf\u00e1ticos supera los 2 cm, pero ninguno mide m\u00e1s de 5 cm.<\/li>\n<li><strong>O<\/strong> m\u00e1s de cinco ganglios linf\u00e1ticos abdominales. Ninguno mide m\u00e1s de 5 cm.<\/li>\n<\/ul>\n<p>Los marcadores tumorales pueden ser normales o pueden estar ligeramente elevados.<\/li>\n<\/ul>\n<h5 class=\"section-title\">Tratamiento<\/h5>\n<ul>\n<li class=\"section-content\"><strong>No seminoma:<\/strong> cirug\u00eda (orquiectom\u00eda) seguida de DGLRP o quimioterapia.<\/li>\n<li class=\"section-content\"><strong>Seminoma:<\/strong> cirug\u00eda (orquiectom\u00eda) seguida de radioterapia (si los ganglios linf\u00e1ticos miden menos de 3 cm de di\u00e1metro) o quimioterapia (si los ganglios linf\u00e1ticos miden m\u00e1s de 3 cm de di\u00e1metro).<\/li>\n<\/ul>\n<hr class=\"hidden-title\"\/>\n<\/div>\n<div id=\"tabs-636\"><\/p>\n<h4 class=\"section-title hidden-title\">Estadio IIC<\/h4>\n<p><div id=\"stage\" style=\"width: 410px\" class=\"wp-caption alignnone\"><a href=\"\/wp-content\/uploads\/2014\/04\/Testical-Cancer-Stage-IIC-R1.jpg\" title=\"Click Image to Enlarge.\"><img decoding=\"async\" aria-describedby=\"caption-stage\" src=\"\/wp-content\/uploads\/2014\/04\/Testical-Cancer-Stage-IIC-R1-350.jpg\" alt=\"Estadio IIC\" class=\"aligncenter\" width=\"300px\"\/><\/a><p id=\"caption-stage\" class=\"wp-caption-text\">Click Image to Enlarge.<\/p><\/div><\/p>\n<h5 class=\"section-title\">Descripci\u00f3n<\/h5>\n<ul>\n<li class=\"section-content\">C\u00e1ncer que puede detectarse en el test\u00edculo, el cord\u00f3n esperm\u00e1tico o el escroto.  El c\u00e1ncer se ha diseminado a los ganglios linf\u00e1ticos abdominales, y estos superan los 5 cm de di\u00e1metro.  Todos los marcadores tumorales son normales o est\u00e1n ligeramente elevados.<\/li>\n<\/ul>\n<h5 class=\"section-title\">Tratamiento<\/h5>\n<ul>\n<li class=\"section-content\"><strong>No seminoma:<\/strong> cirug\u00eda (orquiectom\u00eda) seguida de DGLRP o quimioterapia.<\/li>\n<li class=\"section-content\"><strong>Seminoma:<\/strong> cirug\u00eda (orquiectom\u00eda) seguida de quimioterapia.<\/li>\n<\/ul>\n<hr class=\"hidden-title\"\/>\n<\/div>\n<div id=\"tabs-637\"><\/p>\n<h4 class=\"section-title hidden-title\">Estadio IIIA<\/h4>\n<p><div id=\"stage\" style=\"width: 410px\" class=\"wp-caption alignnone\"><a href=\"\/wp-content\/uploads\/2014\/04\/Testical-Cancer-Stage-IIIA-R1.jpg\" title=\"Click Image to Enlarge.\"><img decoding=\"async\" aria-describedby=\"caption-stage\" src=\"\/wp-content\/uploads\/2014\/04\/Testical-Cancer-Stage-IIIA-R1-350.jpg\" alt=\"Estadio IIIA\" class=\"aligncenter\" width=\"300px\"\/><\/a><p id=\"caption-stage\" class=\"wp-caption-text\">Click Image to Enlarge.<\/p><\/div><\/p>\n<h5 class=\"section-title\">Descripci\u00f3n<\/h5>\n<ul>\n<li class=\"section-content\">C\u00e1ncer que puede estar en cualquier lugar del test\u00edculo, del cord\u00f3n esperm\u00e1tico o del escroto. El c\u00e1ncer ha invadido uno o m\u00e1s ganglios linf\u00e1ticos del abdomen y puede haber invadido ganglios linf\u00e1ticos distantes o los pulmones. Los marcadores tumorales son normales o est\u00e1n ligeramente elevados.<\/li>\n<\/ul>\n<h5 class=\"section-title\">Tratamiento<\/h5>\n<ul>\n<li class=\"section-content\"><strong>No seminoma:<\/strong> cirug\u00eda (orquiectom\u00eda) seguida de quimioterapia.<\/li>\n<li class=\"section-content\"><strong>Seminoma:<\/strong> cirug\u00eda (orquiectom\u00eda) seguida de quimioterapia.<\/li>\n<\/ul>\n<hr class=\"hidden-title\"\/>\n<\/div>\n<div id=\"tabs-638\"><\/p>\n<h4 class=\"section-title hidden-title\">Estadio IIIB<\/h4>\n<p><div id=\"stage\" style=\"width: 410px\" class=\"wp-caption alignnone\"><a href=\"\/wp-content\/uploads\/2014\/04\/Testical-Cancer-Stage-IIIB-R1.jpg\" title=\"Click Image to Enlarge.\"><img decoding=\"async\" aria-describedby=\"caption-stage\" src=\"\/wp-content\/uploads\/2014\/04\/Testical-Cancer-Stage-IIIB-R1-350.jpg\" alt=\"Estadio IIIB\" class=\"aligncenter\" width=\"300px\"\/><\/a><p id=\"caption-stage\" class=\"wp-caption-text\">Click Image to Enlarge.<\/p><\/div><\/p>\n<h5 class=\"section-title\">Descripci\u00f3n<\/h5>\n<ul>\n<li class=\"section-content\">C\u00e1ncer que puede estar en cualquier lugar del test\u00edculo, del cord\u00f3n esperm\u00e1tico o del escroto. El c\u00e1ncer puede haberse diseminado a uno o a m\u00e1s ganglios linf\u00e1ticos distantes o cercanos, o a los pulmones. Uno o m\u00e1s marcadores tumorales pueden estar elevados.<\/li>\n<\/ul>\n<h5 class=\"section-title\">Tratamiento<\/h5>\n<ul>\n<li class=\"section-content\"><strong>No seminoma:<\/strong> cirug\u00eda (orquiectom\u00eda) seguida de quimioterapia.<\/li>\n<li class=\"section-content\"><strong>Seminoma:<\/strong> cirug\u00eda (orquiectom\u00eda) seguida de quimioterapia.<\/li>\n<\/ul>\n<hr class=\"hidden-title\"\/>\n<\/div>\n<div id=\"tabs-639\"><\/p>\n<h4 class=\"section-title hidden-title\">Estadio IIIC<\/h4>\n<p><div id=\"stage\" style=\"width: 410px\" class=\"wp-caption alignnone\"><a href=\"\/wp-content\/uploads\/2014\/04\/Testical-Cancer-Stage-IIIC-R1.jpg\" title=\"Click Image to Enlarge.\"><img decoding=\"async\" aria-describedby=\"caption-stage\" src=\"\/wp-content\/uploads\/2014\/04\/Testical-Cancer-Stage-IIIC-R1-350.jpg\" alt=\"Estadio IIIC\" class=\"aligncenter\" width=\"300px\"\/><\/a><p id=\"caption-stage\" class=\"wp-caption-text\">Click Image to Enlarge.<\/p><\/div><\/p>\n<h5 class=\"section-title\">Descripci\u00f3n<\/h5>\n<ul>\n<li class=\"section-content\">C\u00e1ncer que puede estar en cualquier lugar del test\u00edculo, del cord\u00f3n esperm\u00e1tico o del escroto. El c\u00e1ncer se ha diseminado a otras partes del organismo.<\/li>\n<\/ul>\n<h5 class=\"section-title\">Tratamiento<\/h5>\n<ul>\n<li class=\"section-content\"><strong>No seminoma:<\/strong> cirug\u00eda (orquiectom\u00eda) seguida de quimioterapia. La quimiorradiaci\u00f3n puede utilizarse para tratar no seminomas que se han diseminado al cerebro.<\/li>\n<li class=\"section-content\"><strong>Seminoma:<\/strong> cirug\u00eda (orquiectom\u00eda) seguida de quimioterapia.<\/li>\n<\/ul>\n<hr class=\"hidden-title\"\/>\n<\/div><\/div><\/div>\n<div class=\"clearboth\"><\/div>\n<div class=\"space\" style=\"clear:both; height:25px;\"><\/div>\n","protected":false},"excerpt":{"rendered":"<p>Estadificaci\u00f3n La estadificaci\u00f3n es un proceso que le indica al m\u00e9dico si el c\u00e1ncer se ha diseminado y, en caso de que as\u00ed sea, en qu\u00e9 medida. La estadificaci\u00f3n del c\u00e1ncer de test\u00edculo tambi\u00e9n depende de los niveles de marcadores tumorales en la sangre. El estadio es un paso importante para evaluar las opciones de [&hellip;]<\/p>\n","protected":false},"author":5,"featured_media":0,"parent":15884,"menu_order":5,"comment_status":"closed","ping_status":"open","template":"template-tumor.php","meta":{"footnotes":""},"tags":[10],"class_list":["post-15905","page","type-page","status-publish","hentry","tag-members-only"],"yoast_head":"<!-- This site is optimized with the Yoast SEO plugin v25.0 - https:\/\/yoast.com\/wordpress\/plugins\/seo\/ -->\n<title>CMedEd | Informaci\u00f3n para comprender el c\u00e1ncer de test\u00edculo | Estadificaci\u00f3n<\/title>\n<meta name=\"description\" content=\"Estadificaci\u00f3n La estadificaci\u00f3n es un proceso que le indica al m\u00e9dico si el c\u00e1ncer se ha diseminado y, en caso de que as\u00ed sea, en qu\u00e9 medida. La\" \/>\n<meta name=\"robots\" content=\"index, follow, max-snippet:-1, max-image-preview:large, max-video-preview:-1\" \/>\n<link rel=\"canonical\" href=\"https:\/\/cmeded.com\/es\/genitourinary\/understanding-testicular-cancer\/staging\/\" \/>\n<meta property=\"og:locale\" content=\"es_ES\" \/>\n<meta property=\"og:type\" content=\"article\" \/>\n<meta property=\"og:title\" content=\"CMedEd | Informaci\u00f3n para comprender el c\u00e1ncer de test\u00edculo | Estadificaci\u00f3n\" \/>\n<meta property=\"og:description\" content=\"Estadificaci\u00f3n La estadificaci\u00f3n es un proceso que le indica al m\u00e9dico si el c\u00e1ncer se ha diseminado y, en caso de que as\u00ed sea, en qu\u00e9 medida. La\" \/>\n<meta property=\"og:url\" content=\"https:\/\/cmeded.com\/es\/genitourinary\/understanding-testicular-cancer\/staging\/\" \/>\n<meta property=\"og:site_name\" content=\"CMedEd\" \/>\n<meta property=\"article:modified_time\" content=\"2023-08-24T23:50:51+00:00\" \/>\n<meta name=\"twitter:card\" content=\"summary_large_image\" \/>\n<meta name=\"twitter:label1\" content=\"Tiempo de lectura\" \/>\n\t<meta name=\"twitter:data1\" content=\"5 minutos\" \/>\n<script type=\"application\/ld+json\" class=\"yoast-schema-graph\">{\"@context\":\"https:\/\/schema.org\",\"@graph\":[{\"@type\":\"WebPage\",\"@id\":\"https:\/\/cmeded.com\/es\/genitourinary\/understanding-testicular-cancer\/staging\/\",\"url\":\"https:\/\/cmeded.com\/es\/genitourinary\/understanding-testicular-cancer\/staging\/\",\"name\":\"CMedEd | Informaci\u00f3n para comprender el c\u00e1ncer de test\u00edculo | Estadificaci\u00f3n\",\"isPartOf\":{\"@id\":\"https:\/\/cmeded.com\/es\/#website\"},\"datePublished\":\"2014-03-06T18:21:36+00:00\",\"dateModified\":\"2023-08-24T23:50:51+00:00\",\"description\":\"Estadificaci\u00f3n La estadificaci\u00f3n es un proceso que le indica al m\u00e9dico si el c\u00e1ncer se ha diseminado y, en caso de que as\u00ed sea, en qu\u00e9 medida. La\",\"breadcrumb\":{\"@id\":\"https:\/\/cmeded.com\/es\/genitourinary\/understanding-testicular-cancer\/staging\/#breadcrumb\"},\"inLanguage\":\"es\",\"potentialAction\":[{\"@type\":\"ReadAction\",\"target\":[\"https:\/\/cmeded.com\/es\/genitourinary\/understanding-testicular-cancer\/staging\/\"]}]},{\"@type\":\"BreadcrumbList\",\"@id\":\"https:\/\/cmeded.com\/es\/genitourinary\/understanding-testicular-cancer\/staging\/#breadcrumb\",\"itemListElement\":[{\"@type\":\"ListItem\",\"position\":1,\"name\":\"Home\",\"item\":\"https:\/\/cmeded.com\/es\/\"},{\"@type\":\"ListItem\",\"position\":2,\"name\":\"Genitourinario\",\"item\":\"https:\/\/cmeded.com\/es\/genitourinary\/\"},{\"@type\":\"ListItem\",\"position\":3,\"name\":\"Informaci\u00f3n para comprender el c\u00e1ncer de test\u00edculo\",\"item\":\"https:\/\/cmeded.com\/es\/genitourinary\/understanding-testicular-cancer\/\"},{\"@type\":\"ListItem\",\"position\":4,\"name\":\"Estadificaci\u00f3n\"}]},{\"@type\":\"WebSite\",\"@id\":\"https:\/\/cmeded.com\/es\/#website\",\"url\":\"https:\/\/cmeded.com\/es\/\",\"name\":\"CMedEd\",\"description\":\"Recurso principal de informaci\u00f3n sobre el c\u00e1ncer\",\"potentialAction\":[{\"@type\":\"SearchAction\",\"target\":{\"@type\":\"EntryPoint\",\"urlTemplate\":\"https:\/\/cmeded.com\/es\/?s={search_term_string}\"},\"query-input\":{\"@type\":\"PropertyValueSpecification\",\"valueRequired\":true,\"valueName\":\"search_term_string\"}}],\"inLanguage\":\"es\"}]}<\/script>\n<!-- \/ Yoast SEO plugin. -->","yoast_head_json":{"title":"CMedEd | Informaci\u00f3n para comprender el c\u00e1ncer de test\u00edculo | Estadificaci\u00f3n","description":"Estadificaci\u00f3n La estadificaci\u00f3n es un proceso que le indica al m\u00e9dico si el c\u00e1ncer se ha diseminado y, en caso de que as\u00ed sea, en qu\u00e9 medida. La","robots":{"index":"index","follow":"follow","max-snippet":"max-snippet:-1","max-image-preview":"max-image-preview:large","max-video-preview":"max-video-preview:-1"},"canonical":"https:\/\/cmeded.com\/es\/genitourinary\/understanding-testicular-cancer\/staging\/","og_locale":"es_ES","og_type":"article","og_title":"CMedEd | Informaci\u00f3n para comprender el c\u00e1ncer de test\u00edculo | Estadificaci\u00f3n","og_description":"Estadificaci\u00f3n La estadificaci\u00f3n es un proceso que le indica al m\u00e9dico si el c\u00e1ncer se ha diseminado y, en caso de que as\u00ed sea, en qu\u00e9 medida. La","og_url":"https:\/\/cmeded.com\/es\/genitourinary\/understanding-testicular-cancer\/staging\/","og_site_name":"CMedEd","article_modified_time":"2023-08-24T23:50:51+00:00","twitter_card":"summary_large_image","twitter_misc":{"Tiempo de lectura":"5 minutos"},"schema":{"@context":"https:\/\/schema.org","@graph":[{"@type":"WebPage","@id":"https:\/\/cmeded.com\/es\/genitourinary\/understanding-testicular-cancer\/staging\/","url":"https:\/\/cmeded.com\/es\/genitourinary\/understanding-testicular-cancer\/staging\/","name":"CMedEd | Informaci\u00f3n para comprender el c\u00e1ncer de test\u00edculo | Estadificaci\u00f3n","isPartOf":{"@id":"https:\/\/cmeded.com\/es\/#website"},"datePublished":"2014-03-06T18:21:36+00:00","dateModified":"2023-08-24T23:50:51+00:00","description":"Estadificaci\u00f3n La estadificaci\u00f3n es un proceso que le indica al m\u00e9dico si el c\u00e1ncer se ha diseminado y, en caso de que as\u00ed sea, en qu\u00e9 medida. La","breadcrumb":{"@id":"https:\/\/cmeded.com\/es\/genitourinary\/understanding-testicular-cancer\/staging\/#breadcrumb"},"inLanguage":"es","potentialAction":[{"@type":"ReadAction","target":["https:\/\/cmeded.com\/es\/genitourinary\/understanding-testicular-cancer\/staging\/"]}]},{"@type":"BreadcrumbList","@id":"https:\/\/cmeded.com\/es\/genitourinary\/understanding-testicular-cancer\/staging\/#breadcrumb","itemListElement":[{"@type":"ListItem","position":1,"name":"Home","item":"https:\/\/cmeded.com\/es\/"},{"@type":"ListItem","position":2,"name":"Genitourinario","item":"https:\/\/cmeded.com\/es\/genitourinary\/"},{"@type":"ListItem","position":3,"name":"Informaci\u00f3n para comprender el c\u00e1ncer de test\u00edculo","item":"https:\/\/cmeded.com\/es\/genitourinary\/understanding-testicular-cancer\/"},{"@type":"ListItem","position":4,"name":"Estadificaci\u00f3n"}]},{"@type":"WebSite","@id":"https:\/\/cmeded.com\/es\/#website","url":"https:\/\/cmeded.com\/es\/","name":"CMedEd","description":"Recurso principal de informaci\u00f3n sobre el c\u00e1ncer","potentialAction":[{"@type":"SearchAction","target":{"@type":"EntryPoint","urlTemplate":"https:\/\/cmeded.com\/es\/?s={search_term_string}"},"query-input":{"@type":"PropertyValueSpecification","valueRequired":true,"valueName":"search_term_string"}}],"inLanguage":"es"}]}},"_links":{"self":[{"href":"https:\/\/cmeded.com\/es\/wp-json\/wp\/v2\/pages\/15905","targetHints":{"allow":["GET"]}}],"collection":[{"href":"https:\/\/cmeded.com\/es\/wp-json\/wp\/v2\/pages"}],"about":[{"href":"https:\/\/cmeded.com\/es\/wp-json\/wp\/v2\/types\/page"}],"author":[{"embeddable":true,"href":"https:\/\/cmeded.com\/es\/wp-json\/wp\/v2\/users\/5"}],"replies":[{"embeddable":true,"href":"https:\/\/cmeded.com\/es\/wp-json\/wp\/v2\/comments?post=15905"}],"version-history":[{"count":0,"href":"https:\/\/cmeded.com\/es\/wp-json\/wp\/v2\/pages\/15905\/revisions"}],"up":[{"embeddable":true,"href":"https:\/\/cmeded.com\/es\/wp-json\/wp\/v2\/pages\/15884"}],"wp:attachment":[{"href":"https:\/\/cmeded.com\/es\/wp-json\/wp\/v2\/media?parent=15905"}],"wp:term":[{"taxonomy":"post_tag","embeddable":true,"href":"https:\/\/cmeded.com\/es\/wp-json\/wp\/v2\/tags?post=15905"}],"curies":[{"name":"wp","href":"https:\/\/api.w.org\/{rel}","templated":true}]}}