{"id":15904,"date":"2014-03-06T12:13:36","date_gmt":"2014-03-06T18:13:36","guid":{"rendered":"http:\/\/cmeded.wpengine.com\/?page_id=15904"},"modified":"2023-10-02T22:26:13","modified_gmt":"2023-10-03T03:26:13","slug":"diagnosis","status":"publish","type":"page","link":"https:\/\/cmeded.com\/es\/genitourinary\/understanding-testicular-cancer\/diagnosis\/","title":{"rendered":"Diagn\u00f3stico"},"content":{"rendered":"<h4 class=\"section-title\">Diagn\u00f3stico<\/h4>\n<p class=\"section-content\">Si usted presenta s\u00edntomas de c\u00e1ncer de test\u00edculo, el m\u00e9dico le realizar\u00e1 un examen f\u00edsico y considerar\u00e1 los antecedentes m\u00e9dicos para determinar la causa de esos s\u00edntomas. Durante el examen f\u00edsico, el m\u00e9dico le examinar\u00e1 los test\u00edculos para detectar la presencia de bultos o inflamaciones an\u00f3malas. Si el m\u00e9dico piensa que usted tiene c\u00e1ncer de test\u00edculo, es posible que le pida las siguientes pruebas para diagnosticar la enfermedad y determinar el estadio:<\/p>\n<div class=\"divider\" id=\"\">\n\t\n\t<\/div>\n<div class=\"risk-factor\">\n<div class=\"symp-pic\"><img decoding=\"async\" src=\"\/wp-content\/uploads\/2013\/10\/ManUltrasound-255x175.png\" class=\"aligncenter\" alt=\"Ecograf\u00eda\" style=\"max-height:150px\" \/><\/div>\n<div class=\"risk-text-wrap\">\n<h5 class=\"section-title\">Ecograf\u00eda<\/h5>\n<p class=\"section-content\">A ra\u00edz del ultrasonido, las ondas sonoras rebotan en las v\u00edsceras y crean ecos que forman una imagen. El m\u00e9dico deslizar\u00e1 un dispositivo ecogr\u00e1fico por los test\u00edculos y lo usar\u00e1 para detectar bultos o \u00e1reas an\u00f3malas. Una ecograf\u00eda puede mostrar si un bulto es s\u00f3lido o est\u00e1 lleno de l\u00edquido, lo cual puede contribuir a que el m\u00e9dico determine si el bulto es benigno o maligno. Si el bulto es s\u00f3lido, es m\u00e1s probable que sea maligno, y el m\u00e9dico puede solicitar pruebas adicionales.<\/p>\n<\/div>\n<div class=\"clearboth\"><\/div>\n<\/div>\n<div class=\"divider\" id=\"\">\n\t\n\t<\/div>\n<div class=\"risk-factor\">\n<div class=\"symp-pic\"><img decoding=\"async\" src=\"\/wp-content\/uploads\/2013\/03\/Tumor-Markers-150.jpg\" class=\"aligncenter\" alt=\"Marcadores tumorales\" style=\"height:150px\" \/><\/div>\n<div class=\"risk-text-wrap\">\n<h5 class=\"section-title\">Marcadores tumorales<\/h5>\n<p class=\"section-content\">Los marcadores tumorales son sustancias que se encuentran en cantidades mayores que las normales en la sangre o la orina de una persona cuando esta presenta un tipo espec\u00edfico de c\u00e1ncer. Los marcadores tumorales desempe\u00f1an una funci\u00f3n importante en la estadificaci\u00f3n del c\u00e1ncer de test\u00edculo. El m\u00e9dico le tomar\u00e1 una muestra de sangre y la har\u00e1 analizar para verificar la presencia de los siguientes marcadores tumorales:<\/p>\n<ul class=\"about-content\">\n<li><strong style=\"color:#336699\">Alfafetoprote\u00edna \u2013 <\/strong>la alfafetoprote\u00edna o AFP se produce en el feto; los niveles de la AFP disminuyen despu\u00e9s del nacimiento. Los niveles elevados de AFP pueden indicar la presencia de un no seminoma.<\/li>\n<li><strong style=\"color:#336699\">Lactato deshidrogenasa \u2013 <\/strong>la lactato deshidrogenasa o LDH es una enzima que se suele encontrar, en niveles bajos, en casi todos los tejidos corporales. Los niveles elevados de LDH pueden indicar un da\u00f1o tisular relacionado con un c\u00e1ncer de test\u00edculo m\u00e1s diseminado o con otra afecci\u00f3n benigna.<\/li>\n<li><strong style=\"color:#336699\">Betagonadotrofina cori\u00f3nica humana \u2013 <\/strong>la betagonadotrofina cori\u00f3nica humana o B-GCH es la \"hormona del embarazo\", y este an\u00e1lisis de sangre suele utilizarse como prueba de embarazo. Los niveles elevados de B-GCH en los hombres pueden indicar la presencia de un no seminoma y, posiblemente, de un seminoma.<\/li>\n<\/ul>\n<p class=\"section-content\">Consulte <a href=\"\/es\/cancer-explained\/understanding-tumor-markers\" style=\"color:#336699\">Marcadores tumorales<\/a> para obtener m\u00e1s informaci\u00f3n.<\/p>\n<\/div>\n<div class=\"clearboth\"><\/div>\n<\/div>\n<div class=\"divider\" id=\"\">\n\t\n\t<\/div>\n<div class=\"risk-factor\">\n<div class=\"symp-pic\"><div id=\"caption\" style=\"width: 195px\" class=\"wp-caption aligncenter\"><a href=\"\/wp-content\/uploads\/2013\/03\/Orchiectomy-2-PSF.jpg\" title=\"Click Image to Enlarge.\"><img decoding=\"async\" aria-describedby=\"caption-caption\" src=\"\/wp-content\/uploads\/2013\/03\/Orchiectomy-2-PSF.jpg\" class=\"aligncenter\" alt=\"Biopsia quir\u00fargica\" style=\"height:150px\" \/><\/a><p id=\"caption-caption\" class=\"wp-caption-text\">Click Image to Enlarge.<\/p><\/div><\/div>\n<div class=\"risk-text-wrap\">\n<h5 class=\"section-title\">Diagn\u00f3stico de Tejidos<\/h5>\n<p class=\"section-content\">Si una ecograf\u00eda muestra una protuberancia o bulto s\u00f3lido, el m\u00e9dico probablemente extirpar\u00e1 todo el test\u00edculo y el cord\u00f3n esperm\u00e1tico por medio de una incisi\u00f3n en la ingle (orquiectom\u00eda radical) y la enviar\u00e1 a un laboratorio para que la analicen al microscopio. Los m\u00e9dicos suelen remover todo el test\u00edculo y el cord\u00f3n esperm\u00e1tico, dado que es muy f\u00e1cil que las c\u00e9lulas cancerosas se diseminen a otras partes del organismo a trav\u00e9s del cord\u00f3n esperm\u00e1tico. Desafortunadamente, si la patolog\u00eda es benigna, el test\u00edculo no puede reimplantarse.<\/p>\n<\/div>\n<div class=\"clearboth\"><\/div>\n<\/div>\n<div class=\"divider\" id=\"\">\n\t\n\t<\/div>\n<div class=\"risk-factor\">\n<div class=\"symp-pic\"><img decoding=\"async\" class=\"aligncenter\" style=\"height: 150px\" src=\"\/wp-content\/uploads\/2013\/05\/MicroscopeSlide1751.jpg\" alt=\"Biopsy\" \/><\/div>\n<div class=\"risk-text-wrap\">\n<h5 class=\"section-title\">Disecci\u00f3n de Ganglios Linf\u00e1ticos Abdominales<\/h5>\n<p class=\"section-content\">Tambi\u00e9n llamado linfadenectom\u00eda, este procedimiento es la extirpaci\u00f3n quir\u00fargica de los ganglios linf\u00e1ticos en el abdomen. Luego se analiza una muestra de tejido de los ganglios linf\u00e1ticos bajo un microscopio para detectar c\u00e1ncer. Para aquellos con un no seminoma, la extirpaci\u00f3n de los ganglios linf\u00e1ticos puede ayudar a detener la propagaci\u00f3n del c\u00e1ncer y las c\u00e9lulas pueden tratarse con radioterapia.<\/p>\n<\/div>\n<div class=\"clearboth\"><\/div>\n<\/div>\n<div class=\"divider\" id=\"\">\n\t\n\t<\/div>\n<div class=\"risk-factor\">\n<div class=\"symp-pic\"><img decoding=\"async\" src=\"\/wp-content\/uploads\/2013\/01\/Xray.jpg\" class=\"aligncenter\" alt=\"Radiograf\u00eda de t\u00f3rax\" style=\"height:150px\" \/><\/div>\n<div class=\"risk-text-wrap\">\n<h5 class=\"section-title\">Radiograf\u00eda de t\u00f3rax<\/h5>\n<p class=\"section-content\">En una radiograf\u00eda de t\u00f3rax, se utilizan ondas electromagn\u00e9ticas para crear im\u00e1genes del interior del cuerpo. El m\u00e9dico solicitar\u00e1 una radiograf\u00eda de t\u00f3rax para verificar si el c\u00e1ncer se ha diseminado a los pulmones o a los ganglios linf\u00e1ticos del t\u00f3rax. Si la radiograf\u00eda de t\u00f3rax se ve dudosa en cualquier aspecto, el m\u00e9dico solicitar\u00e1 pruebas adicionales.<\/p>\n<\/div>\n<div class=\"clearboth\"><\/div>\n<\/div>\n<div class=\"divider\" id=\"\">\n\t\n\t<\/div>\n<div class=\"risk-factor\">\n<div class=\"symp-pic\"><div id=\"caption\" style=\"width: 243px\" class=\"wp-caption aligncenter\"><a href='\/wp-content\/uploads\/2016\/06\/CT.jpg' title='Go to enlarged image.'><img aria-describedby=\"caption-caption\" src='\/wp-content\/uploads\/2016\/06\/CT.jpg' class='aligncenter' alt='Tomograf\u00eda computarizada' style='height:150px' \/><\/a><p id=\"caption-caption\" class=\"wp-caption-text\">Click Image to Enlarge.<\/p><\/div><\/div>\n<div class=\"risk-text-wrap\">\n<h5 class=\"section-title\">Tomograf\u00eda computarizada<\/h5>\n<p class=\"section-content\">En una tomograf\u00eda computarizada (TC), se utilizan radiograf\u00edas para producir una imagen del cuerpo.  Es posible que le inyecten un colorante especial en las venas y que deba beber un l\u00edquido especial para que resalten las v\u00edsceras.  Una TC revela la presencia de tumores y permite detectar si el c\u00e1ncer se disemin\u00f3 a otras partes del cuerpo.<\/p>\n<\/div>\n<div class=\"clearboth\"><\/div>\n<\/div>\n<div class=\"divider\" id=\"\">\n\t\n\t<\/div>\n<div class=\"risk-factor\">\n<div class=\"symp-pic\"><div id=\"caption\" style=\"width: 243px\" class=\"wp-caption aligncenter\"><a href='\/wp-content\/uploads\/2016\/06\/MRI.jpg' title='Go to enlarged image.'><img aria-describedby=\"caption-caption\" src='\/wp-content\/uploads\/2016\/06\/MRI.jpg' class='aligncenter' alt='Resonancia magn\u00e9tica' style='height:150px' \/><\/a><p id=\"caption-caption\" class=\"wp-caption-text\">Click Image to Enlarge.<\/p><\/div><\/div>\n<div class=\"risk-text-wrap\">\n<h5 class=\"section-title\">Resonancia magn\u00e9tica<\/h5>\n<p class=\"section-content\">En una resonancia magn\u00e9tica (RM), se emplean ondas de radio y un im\u00e1n potente para crear im\u00e1genes detalladas y claras de las distintas partes del cuerpo.  El organismo absorbe las ondas de radio, que se liberan siguiendo un patr\u00f3n determinado que es interpretado por una computadora para mostrar cortes del cuerpo humano.  Los m\u00e9dicos suelen utilizar RM para verificar si el cerebro o la m\u00e9dula espinal tienen signos de met\u00e1stasis.<\/p>\n<\/div>\n<div class=\"clearboth\"><\/div>\n<\/div>\n<div class=\"divider\" id=\"\">\n\t\n\t<\/div>\n<div class=\"risk-factor\">\n<div class=\"symp-pic\"><div id=\"caption\" style=\"width: 243px\" class=\"wp-caption aligncenter\"><a href='\/wp-content\/uploads\/2016\/06\/PET.jpg' title='Go to enlarged image.'><img aria-describedby=\"caption-caption\" src='\/wp-content\/uploads\/2016\/06\/PET.jpg' class='aligncenter' alt='Tomograf\u00eda por emisi\u00f3n de positrones' style='height:150px' \/><\/a><p id=\"caption-caption\" class=\"wp-caption-text\">Click Image to Enlarge.<\/p><\/div><\/div>\n<div class=\"risk-text-wrap\">\n<h5 class=\"section-title\">Tomograf\u00eda por emisi\u00f3n de positrones<\/h5>\n<p class=\"section-content\">Para realizar una tomograf\u00eda por emisi\u00f3n de positrones (TEP), el m\u00e9dico inyecta una sustancia radiactiva en el torrente circulatorio del paciente.  Esta sustancia se acumula en las c\u00e9lulas malignas (cancerosas) del organismo.  El m\u00e9dico luego utiliza un tom\u00f3grafo para detectar estas \u00e1reas de radioactividad y encontrar la ubicaci\u00f3n exacta del c\u00e1ncer en el organismo del paciente.  Las TEP suelen combinarse con las TC y pueden ayudar a identificar las \u00e1reas de c\u00e1ncer diseminado fuera de los test\u00edculos.  Los m\u00e9dicos suelen emplear una TEP cuando existe la posibilidad de que el c\u00e1ncer se haya diseminado, pero desconocen su ubicaci\u00f3n. <\/p>\n<\/div>\n<div class=\"clearboth\"><\/div>\n<\/div>\n","protected":false},"excerpt":{"rendered":"<p>Diagn\u00f3stico Si usted presenta s\u00edntomas de c\u00e1ncer de test\u00edculo, el m\u00e9dico le realizar\u00e1 un examen f\u00edsico y considerar\u00e1 los antecedentes m\u00e9dicos para determinar la causa de esos s\u00edntomas. Durante el examen f\u00edsico, el m\u00e9dico le examinar\u00e1 los test\u00edculos para detectar la presencia de bultos o inflamaciones an\u00f3malas. Si el m\u00e9dico piensa que usted tiene c\u00e1ncer [&hellip;]<\/p>\n","protected":false},"author":5,"featured_media":0,"parent":15884,"menu_order":4,"comment_status":"closed","ping_status":"open","template":"template-tumor.php","meta":{"footnotes":""},"tags":[10],"class_list":["post-15904","page","type-page","status-publish","hentry","tag-members-only"],"yoast_head":"<!-- This site is optimized with the Yoast SEO plugin v25.0 - https:\/\/yoast.com\/wordpress\/plugins\/seo\/ -->\n<title>CMedEd | Informaci\u00f3n para comprender el c\u00e1ncer de test\u00edculo | Diagn\u00f3stico<\/title>\n<meta name=\"description\" content=\"Diagn\u00f3stico Si usted presenta s\u00edntomas de c\u00e1ncer de test\u00edculo, el m\u00e9dico le realizar\u00e1 un examen f\u00edsico y considerar\u00e1 los antecedentes m\u00e9dicos para\" \/>\n<meta name=\"robots\" content=\"index, follow, max-snippet:-1, max-image-preview:large, max-video-preview:-1\" \/>\n<link rel=\"canonical\" href=\"https:\/\/cmeded.com\/es\/genitourinary\/understanding-testicular-cancer\/diagnosis\/\" \/>\n<meta property=\"og:locale\" content=\"es_ES\" \/>\n<meta property=\"og:type\" content=\"article\" \/>\n<meta property=\"og:title\" content=\"CMedEd | Informaci\u00f3n para comprender el c\u00e1ncer de test\u00edculo | Diagn\u00f3stico\" \/>\n<meta property=\"og:description\" content=\"Diagn\u00f3stico Si usted presenta s\u00edntomas de c\u00e1ncer de test\u00edculo, el m\u00e9dico le realizar\u00e1 un examen f\u00edsico y considerar\u00e1 los antecedentes m\u00e9dicos para\" \/>\n<meta property=\"og:url\" content=\"https:\/\/cmeded.com\/es\/genitourinary\/understanding-testicular-cancer\/diagnosis\/\" \/>\n<meta property=\"og:site_name\" content=\"CMedEd\" \/>\n<meta property=\"article:modified_time\" content=\"2023-10-03T03:26:13+00:00\" \/>\n<meta name=\"twitter:card\" content=\"summary_large_image\" \/>\n<meta name=\"twitter:label1\" content=\"Tiempo de lectura\" \/>\n\t<meta name=\"twitter:data1\" content=\"6 minutos\" \/>\n<script type=\"application\/ld+json\" class=\"yoast-schema-graph\">{\"@context\":\"https:\/\/schema.org\",\"@graph\":[{\"@type\":\"WebPage\",\"@id\":\"https:\/\/cmeded.com\/es\/genitourinary\/understanding-testicular-cancer\/diagnosis\/\",\"url\":\"https:\/\/cmeded.com\/es\/genitourinary\/understanding-testicular-cancer\/diagnosis\/\",\"name\":\"CMedEd | Informaci\u00f3n para comprender el c\u00e1ncer de test\u00edculo | Diagn\u00f3stico\",\"isPartOf\":{\"@id\":\"https:\/\/cmeded.com\/es\/#website\"},\"datePublished\":\"2014-03-06T18:13:36+00:00\",\"dateModified\":\"2023-10-03T03:26:13+00:00\",\"description\":\"Diagn\u00f3stico Si usted presenta s\u00edntomas de c\u00e1ncer de test\u00edculo, el m\u00e9dico le realizar\u00e1 un examen f\u00edsico y considerar\u00e1 los antecedentes m\u00e9dicos para\",\"breadcrumb\":{\"@id\":\"https:\/\/cmeded.com\/es\/genitourinary\/understanding-testicular-cancer\/diagnosis\/#breadcrumb\"},\"inLanguage\":\"es\",\"potentialAction\":[{\"@type\":\"ReadAction\",\"target\":[\"https:\/\/cmeded.com\/es\/genitourinary\/understanding-testicular-cancer\/diagnosis\/\"]}]},{\"@type\":\"BreadcrumbList\",\"@id\":\"https:\/\/cmeded.com\/es\/genitourinary\/understanding-testicular-cancer\/diagnosis\/#breadcrumb\",\"itemListElement\":[{\"@type\":\"ListItem\",\"position\":1,\"name\":\"Home\",\"item\":\"https:\/\/cmeded.com\/es\/\"},{\"@type\":\"ListItem\",\"position\":2,\"name\":\"Genitourinario\",\"item\":\"https:\/\/cmeded.com\/es\/genitourinary\/\"},{\"@type\":\"ListItem\",\"position\":3,\"name\":\"Informaci\u00f3n para comprender el c\u00e1ncer de test\u00edculo\",\"item\":\"https:\/\/cmeded.com\/es\/genitourinary\/understanding-testicular-cancer\/\"},{\"@type\":\"ListItem\",\"position\":4,\"name\":\"Diagn\u00f3stico\"}]},{\"@type\":\"WebSite\",\"@id\":\"https:\/\/cmeded.com\/es\/#website\",\"url\":\"https:\/\/cmeded.com\/es\/\",\"name\":\"CMedEd\",\"description\":\"Recurso principal de informaci\u00f3n sobre el c\u00e1ncer\",\"potentialAction\":[{\"@type\":\"SearchAction\",\"target\":{\"@type\":\"EntryPoint\",\"urlTemplate\":\"https:\/\/cmeded.com\/es\/?s={search_term_string}\"},\"query-input\":{\"@type\":\"PropertyValueSpecification\",\"valueRequired\":true,\"valueName\":\"search_term_string\"}}],\"inLanguage\":\"es\"}]}<\/script>\n<!-- \/ Yoast SEO plugin. -->","yoast_head_json":{"title":"CMedEd | Informaci\u00f3n para comprender el c\u00e1ncer de test\u00edculo | Diagn\u00f3stico","description":"Diagn\u00f3stico Si usted presenta s\u00edntomas de c\u00e1ncer de test\u00edculo, el m\u00e9dico le realizar\u00e1 un examen f\u00edsico y considerar\u00e1 los antecedentes m\u00e9dicos para","robots":{"index":"index","follow":"follow","max-snippet":"max-snippet:-1","max-image-preview":"max-image-preview:large","max-video-preview":"max-video-preview:-1"},"canonical":"https:\/\/cmeded.com\/es\/genitourinary\/understanding-testicular-cancer\/diagnosis\/","og_locale":"es_ES","og_type":"article","og_title":"CMedEd | Informaci\u00f3n para comprender el c\u00e1ncer de test\u00edculo | Diagn\u00f3stico","og_description":"Diagn\u00f3stico Si usted presenta s\u00edntomas de c\u00e1ncer de test\u00edculo, el m\u00e9dico le realizar\u00e1 un examen f\u00edsico y considerar\u00e1 los antecedentes m\u00e9dicos para","og_url":"https:\/\/cmeded.com\/es\/genitourinary\/understanding-testicular-cancer\/diagnosis\/","og_site_name":"CMedEd","article_modified_time":"2023-10-03T03:26:13+00:00","twitter_card":"summary_large_image","twitter_misc":{"Tiempo de lectura":"6 minutos"},"schema":{"@context":"https:\/\/schema.org","@graph":[{"@type":"WebPage","@id":"https:\/\/cmeded.com\/es\/genitourinary\/understanding-testicular-cancer\/diagnosis\/","url":"https:\/\/cmeded.com\/es\/genitourinary\/understanding-testicular-cancer\/diagnosis\/","name":"CMedEd | Informaci\u00f3n para comprender el c\u00e1ncer de test\u00edculo | Diagn\u00f3stico","isPartOf":{"@id":"https:\/\/cmeded.com\/es\/#website"},"datePublished":"2014-03-06T18:13:36+00:00","dateModified":"2023-10-03T03:26:13+00:00","description":"Diagn\u00f3stico Si usted presenta s\u00edntomas de c\u00e1ncer de test\u00edculo, el m\u00e9dico le realizar\u00e1 un examen f\u00edsico y considerar\u00e1 los antecedentes m\u00e9dicos para","breadcrumb":{"@id":"https:\/\/cmeded.com\/es\/genitourinary\/understanding-testicular-cancer\/diagnosis\/#breadcrumb"},"inLanguage":"es","potentialAction":[{"@type":"ReadAction","target":["https:\/\/cmeded.com\/es\/genitourinary\/understanding-testicular-cancer\/diagnosis\/"]}]},{"@type":"BreadcrumbList","@id":"https:\/\/cmeded.com\/es\/genitourinary\/understanding-testicular-cancer\/diagnosis\/#breadcrumb","itemListElement":[{"@type":"ListItem","position":1,"name":"Home","item":"https:\/\/cmeded.com\/es\/"},{"@type":"ListItem","position":2,"name":"Genitourinario","item":"https:\/\/cmeded.com\/es\/genitourinary\/"},{"@type":"ListItem","position":3,"name":"Informaci\u00f3n para comprender el c\u00e1ncer de test\u00edculo","item":"https:\/\/cmeded.com\/es\/genitourinary\/understanding-testicular-cancer\/"},{"@type":"ListItem","position":4,"name":"Diagn\u00f3stico"}]},{"@type":"WebSite","@id":"https:\/\/cmeded.com\/es\/#website","url":"https:\/\/cmeded.com\/es\/","name":"CMedEd","description":"Recurso principal de informaci\u00f3n sobre el c\u00e1ncer","potentialAction":[{"@type":"SearchAction","target":{"@type":"EntryPoint","urlTemplate":"https:\/\/cmeded.com\/es\/?s={search_term_string}"},"query-input":{"@type":"PropertyValueSpecification","valueRequired":true,"valueName":"search_term_string"}}],"inLanguage":"es"}]}},"_links":{"self":[{"href":"https:\/\/cmeded.com\/es\/wp-json\/wp\/v2\/pages\/15904","targetHints":{"allow":["GET"]}}],"collection":[{"href":"https:\/\/cmeded.com\/es\/wp-json\/wp\/v2\/pages"}],"about":[{"href":"https:\/\/cmeded.com\/es\/wp-json\/wp\/v2\/types\/page"}],"author":[{"embeddable":true,"href":"https:\/\/cmeded.com\/es\/wp-json\/wp\/v2\/users\/5"}],"replies":[{"embeddable":true,"href":"https:\/\/cmeded.com\/es\/wp-json\/wp\/v2\/comments?post=15904"}],"version-history":[{"count":0,"href":"https:\/\/cmeded.com\/es\/wp-json\/wp\/v2\/pages\/15904\/revisions"}],"up":[{"embeddable":true,"href":"https:\/\/cmeded.com\/es\/wp-json\/wp\/v2\/pages\/15884"}],"wp:attachment":[{"href":"https:\/\/cmeded.com\/es\/wp-json\/wp\/v2\/media?parent=15904"}],"wp:term":[{"taxonomy":"post_tag","embeddable":true,"href":"https:\/\/cmeded.com\/es\/wp-json\/wp\/v2\/tags?post=15904"}],"curies":[{"name":"wp","href":"https:\/\/api.w.org\/{rel}","templated":true}]}}