{"id":15748,"date":"2014-02-21T15:46:33","date_gmt":"2014-02-21T21:46:33","guid":{"rendered":"http:\/\/www.cmeded.com\/?page_id=15748"},"modified":"2023-08-24T18:50:51","modified_gmt":"2023-08-24T23:50:51","slug":"diagnosis","status":"publish","type":"page","link":"https:\/\/cmeded.com\/es\/genitourinary\/understanding-kidney-cancer\/diagnosis\/","title":{"rendered":"Diagn\u00f3stico"},"content":{"rendered":"<h4 class=\"section-title\">Diagn\u00f3stico<\/h4>\n<p class=\"section-content\">Si usted presenta s\u00edntomas de c\u00e1ncer de ri\u00f1\u00f3n, el m\u00e9dico le realizar\u00e1 un examen f\u00edsico y le har\u00e1 algunas preguntas sobre los antecedentes m\u00e9dicos para determinar la causa de esos s\u00edntomas. Si el m\u00e9dico piensa que usted tiene c\u00e1ncer de ri\u00f1\u00f3n, le pedir\u00e1 pruebas adicionales para diagnosticar la enfermedad.<\/p>\n<div class=\"divider\" id=\"\">\n\t\n\t<\/div>\n<div class=\"risk-factor\">\n<div class=\"symp-pic\"><img decoding=\"async\" src=\"\/wp-content\/uploads\/2013\/04\/CupOfUrine150.jpg\" class=\"aligncenter\" alt=\"An\u00e1lisis de orina\" style=\"height:150px\" \/><\/div>\n<div class=\"risk-text-wrap\">\n<h5 class=\"section-title\">An\u00e1lisis de orina<\/h5>\n<p class=\"section-content\">El m\u00e9dico tomar\u00e1 una muestra de orina y la enviar\u00e1 a analizar para detectar la presencia de restos de sangre. Aproximadamente el 50 % de todas las personas que tienen c\u00e1ncer de ri\u00f1\u00f3n presentan restos de sangre en la orina. Si el resultado del an\u00e1lisis de detecci\u00f3n de restos de sangre es positivo, el m\u00e9dico le pedir\u00e1 otras pruebas.<\/p>\n<\/div>\n<div class=\"clearboth\"><\/div>\n<\/div>\n<div class=\"divider\" id=\"\">\n\t\n\t<\/div>\n<div class=\"risk-factor\">\n<div class=\"symp-pic\"><img decoding=\"async\" src=\"\/wp-content\/uploads\/2013\/01\/Urinalysis.jpg\" class=\"aligncenter\" alt=\"Hemograma completo\" style=\"height:150px\" \/><\/div>\n<div class=\"risk-text-wrap\">\n<h5 class=\"section-title\">Hemograma completo<\/h5>\n<p class=\"section-content\">Con esta prueba, se miden los niveles de las diferentes c\u00e9lulas en la sangre. Las personas que tienen c\u00e1ncer de ri\u00f1\u00f3n pueden presentar niveles anormales de gl\u00f3bulos rojos, gl\u00f3bulos blancos y\/o plaquetas.<\/p>\n<\/div>\n<div class=\"clearboth\"><\/div>\n<\/div>\n<div class=\"divider\" id=\"\">\n\t\n\t<\/div>\n<div class=\"risk-factor\">\n<div class=\"symp-pic\"><div id=\"caption\" style=\"width: 195px\" class=\"wp-caption aligncenter\"><a href=\"\/wp-content\/uploads\/2014\/07\/Blood-Chemistry.jpg\" title=\"Click Image to Enlarge.\"><img decoding=\"async\" aria-describedby=\"caption-caption\" src=\"\/wp-content\/uploads\/2014\/07\/Blood-Chemistry-175x200.jpg\" class=\"aligncenter\" alt=\"An\u00e1lisis bioqu\u00edmico de sangre\" style=\"height:150px\" \/><\/a><p id=\"caption-caption\" class=\"wp-caption-text\">Click Image to Enlarge.<\/p><\/div><\/div>\n<div class=\"risk-text-wrap\">\n<h5 class=\"section-title\">An\u00e1lisis bioqu\u00edmico de sangre<\/h5>\n<p class=\"section-content\">Con esta prueba, se miden los niveles de diferentes sustancias en la sangre, como creatinina, calcio, nitr\u00f3geno ureico en la sangre y prote\u00ednas. Estos valores proporcionan informaci\u00f3n importante sobre la funci\u00f3n de los ri\u00f1ones y otros \u00f3rganos. Por ejemplo, los niveles altos de BUN y creatinina pueden indicar disfunci\u00f3n renal, mientras que los niveles altos de calcio pueden indicar met\u00e1stasis \u00f3sea o estar asociados con c\u00e1ncer de ri\u00f1\u00f3n.<\/p>\n<\/div>\n<div class=\"clearboth\"><\/div>\n<\/div>\n<div class=\"divider\" id=\"\">\n\t\n\t<\/div>\n<div class=\"risk-factor\">\n<div class=\"symp-pic\"><img decoding=\"async\" src=\"\/wp-content\/uploads\/2013\/10\/ManUltrasound-255x175.png\" class=\"aligncenter\" alt=\"Ecograf\u00eda\" style=\"max-height:150px\" \/><\/div>\n<div class=\"risk-text-wrap\">\n<h5 class=\"section-title\">Ecograf\u00eda<\/h5>\n<p class=\"section-content\">Los ultrasonidos emiten ondas de sonido que rebotan en los tejidos del cuerpo para obtener una imagen de una parte del cuerpo. Si se emite esta prueba, su m\u00e9dico mover\u00e1 un dispositivo de ultrasonido sobre su abdomen y lo usar\u00e1 para detectar cualquier tumor o \u00e1rea anormal en los ri\u00f1ones.<\/p>\n<\/div>\n<div class=\"clearboth\"><\/div>\n<\/div>\n<div class=\"divider\" id=\"\">\n\t\n\t<\/div>\n<div class=\"risk-factor\">\n<div class=\"symp-pic\"><div id=\"caption\" style=\"width: 243px\" class=\"wp-caption aligncenter\"><a href='\/wp-content\/uploads\/2016\/06\/CT.jpg' title='Go to enlarged image.'><img aria-describedby=\"caption-caption\" src='\/wp-content\/uploads\/2016\/06\/CT.jpg' class='aligncenter' alt='Tomograf\u00eda computarizada' style='height:150px' \/><\/a><p id=\"caption-caption\" class=\"wp-caption-text\">Click Image to Enlarge.<\/p><\/div><\/div>\n<div class=\"risk-text-wrap\">\n<h5 class=\"section-title\">Tomograf\u00eda computarizada<\/h5>\n<p class=\"section-content\">Las tomograf\u00edas computarizadas (TC) constituyen una de las pruebas de diagn\u00f3stico m\u00e1s \u00fatiles para detectar el c\u00e1ncer de ri\u00f1\u00f3n. Una TC puede mostrar la ubicaci\u00f3n, el tama\u00f1o y la forma exactos de un tumor en los ri\u00f1ones, y tambi\u00e9n puede mostrar c\u00e1ncer en los ganglios linf\u00e1ticos y en el abdomen. Para una TC, usted debe recostarse boca arriba en una mesa mientras un aparato gira alrededor de su cuerpo y toma im\u00e1genes transversales detalladas.<\/p>\n<\/div>\n<div class=\"clearboth\"><\/div>\n<\/div>\n<div class=\"divider\" id=\"\">\n\t\n\t<\/div>\n<div class=\"risk-factor\">\n<div class=\"symp-pic\"><div id=\"caption\" style=\"width: 243px\" class=\"wp-caption aligncenter\"><a href='\/wp-content\/uploads\/2016\/06\/MRI.jpg' title='Go to enlarged image.'><img aria-describedby=\"caption-caption\" src='\/wp-content\/uploads\/2016\/06\/MRI.jpg' class='aligncenter' alt='Resonancia magn\u00e9tica' style='height:150px' \/><\/a><p id=\"caption-caption\" class=\"wp-caption-text\">Click Image to Enlarge.<\/p><\/div><\/div>\n<div class=\"risk-text-wrap\">\n<h5 class=\"section-title\">Resonancia magn\u00e9tica<\/h5>\n<p class=\"section-content\">En la resonancia magn\u00e9tica (RM) se utilizan ondas de radio y un im\u00e1n potente para producir im\u00e1genes detalladas del cuerpo.  El organismo absorbe las ondas de radio, que se liberan siguiendo un patr\u00f3n determinado que es interpretado por una computadora para mostrar cortes del cuerpo humano. Una RM puede producir im\u00e1genes detalladas de las v\u00edas urinarias y los ganglios linf\u00e1ticos, y puede revelar la presencia de c\u00e1ncer en los ri\u00f1ones.<\/p>\n<\/div>\n<div class=\"clearboth\"><\/div>\n<\/div>\n<div class=\"divider\" id=\"\">\n\t\n\t<\/div>\n<div class=\"risk-factor\">\n<div class=\"symp-pic\"><div style=\"width: 410px\" class=\"wp-caption alignnone\"><a href=\"\/wp-content\/uploads\/sites\/4\/2015\/06\/Intravenous-Pyelogram-IVP-2A-es.jpg\" title=\"Click Image to Enlarge.\"><img decoding=\"async\" src=\"\/wp-content\/uploads\/sites\/4\/2015\/06\/Intravenous-Pyelogram-IVP-2A-es.jpg\" class=\"aligncenter\" alt=\"Pielograma intravenoso\" style=\"height:150px\" \/><p class=\"wp-caption-text\">Click Image to Enlarge<\/p><\/div><\/a><\/div>\n<div class=\"risk-text-wrap\">\n<h5 class=\"section-title\">Pielograma intravenoso<\/h5>\n<p class=\"section-content\">Un pielograma intravenoso (PIV) consiste en una serie de radiograf\u00edas tomada despu\u00e9s de que el m\u00e9dico inyecta un colorante especial. El colorante se transporta por los ri\u00f1ones, los ur\u00e9teres y la vejiga, y puede contribuir con la detecci\u00f3n de tumores y otras anomal\u00edas en la pelvis renal. Esta prueba pr\u00e1cticamente ya no se utiliza para diagnosticar el c\u00e1ncer de ri\u00f1\u00f3n.<\/p>\n<\/div>\n<div class=\"clearboth\"><\/div>\n<\/div>\n<div class=\"divider\" id=\"\">\n\t\n\t<\/div>\n<div class=\"risk-factor\">\n<div class=\"symp-pic\"><div style=\"width: 410px\" class=\"wp-caption alignnone\"><a href=\"\/wp-content\/uploads\/2013\/01\/KidneyBiopsy.jpg\" title=\"Click Image to Enlarge.\"><img decoding=\"async\" src=\"\/wp-content\/uploads\/2013\/01\/KidneyBiopsy.jpg\" class=\"aligncenter\" alt=\"Biopsia\" style=\"height:150px\" \/><\/a><p class=\"wp-caption-text\">Click Image to Enlarge<\/p><\/div><\/div>\n<div class=\"risk-text-wrap\">\n<h5 class=\"section-title\">Biopsia<\/h5>\n<p class=\"section-content\">Los m\u00e9dicos no suelen realizar biopsias para diagnosticar el c\u00e1ncer de ri\u00f1\u00f3n. Las pruebas de diagn\u00f3stico por im\u00e1genes normalmente muestran detalles suficientes que permiten diagnosticar la enfermedad con precisi\u00f3n. Si las pruebas de diagn\u00f3stico por im\u00e1genes no son concluyentes, el m\u00e9dico puede realizar una biopsia por aspiraci\u00f3n con aguja fina o por punci\u00f3n con aguja gruesa. En ambos procedimientos, el m\u00e9dico utiliza una tomograf\u00eda o una resonancia magn\u00e9tica para guiar la aguja a los ri\u00f1ones y extraer una muestra de tejido. El m\u00e9dico le env\u00eda esta muestra a un pat\u00f3logo, quien la examinar\u00e1 al microscopio y realizar\u00e1 un diagn\u00f3stico.<\/p>\n<\/div>\n<div class=\"clearboth\"><\/div>\n<\/div>\n","protected":false},"excerpt":{"rendered":"<p>Diagn\u00f3stico Si usted presenta s\u00edntomas de c\u00e1ncer de ri\u00f1\u00f3n, el m\u00e9dico le realizar\u00e1 un examen f\u00edsico y le har\u00e1 algunas preguntas sobre los antecedentes m\u00e9dicos para determinar la causa de esos s\u00edntomas. Si el m\u00e9dico piensa que usted tiene c\u00e1ncer de ri\u00f1\u00f3n, le pedir\u00e1 pruebas adicionales para diagnosticar la enfermedad. An\u00e1lisis de orina El m\u00e9dico [&hellip;]<\/p>\n","protected":false},"author":5,"featured_media":0,"parent":15738,"menu_order":4,"comment_status":"closed","ping_status":"open","template":"template-tumor.php","meta":{"footnotes":""},"tags":[10],"class_list":["post-15748","page","type-page","status-publish","hentry","tag-members-only"],"yoast_head":"<!-- This site is optimized with the Yoast SEO plugin v25.0 - https:\/\/yoast.com\/wordpress\/plugins\/seo\/ -->\n<title>CMedEd | Informaci\u00f3n para comprender el c\u00e1ncer de ri\u00f1\u00f3n | Diagn\u00f3stico<\/title>\n<meta name=\"description\" content=\"Diagn\u00f3stico Si usted presenta s\u00edntomas de c\u00e1ncer de ri\u00f1\u00f3n, el m\u00e9dico le realizar\u00e1 un examen f\u00edsico y le har\u00e1 algunas preguntas sobre los antecedentes\" \/>\n<meta name=\"robots\" content=\"index, follow, max-snippet:-1, max-image-preview:large, max-video-preview:-1\" \/>\n<link rel=\"canonical\" href=\"https:\/\/cmeded.com\/es\/genitourinary\/understanding-kidney-cancer\/diagnosis\/\" \/>\n<meta property=\"og:locale\" content=\"es_ES\" \/>\n<meta property=\"og:type\" content=\"article\" \/>\n<meta property=\"og:title\" content=\"CMedEd | Informaci\u00f3n para comprender el c\u00e1ncer de ri\u00f1\u00f3n | Diagn\u00f3stico\" \/>\n<meta property=\"og:description\" content=\"Diagn\u00f3stico Si usted presenta s\u00edntomas de c\u00e1ncer de ri\u00f1\u00f3n, el m\u00e9dico le realizar\u00e1 un examen f\u00edsico y le har\u00e1 algunas preguntas sobre los antecedentes\" \/>\n<meta property=\"og:url\" content=\"https:\/\/cmeded.com\/es\/genitourinary\/understanding-kidney-cancer\/diagnosis\/\" \/>\n<meta property=\"og:site_name\" content=\"CMedEd\" \/>\n<meta property=\"article:modified_time\" content=\"2023-08-24T23:50:51+00:00\" \/>\n<meta name=\"twitter:card\" content=\"summary_large_image\" \/>\n<meta name=\"twitter:label1\" content=\"Tiempo de lectura\" \/>\n\t<meta name=\"twitter:data1\" content=\"4 minutos\" \/>\n<script type=\"application\/ld+json\" class=\"yoast-schema-graph\">{\"@context\":\"https:\/\/schema.org\",\"@graph\":[{\"@type\":\"WebPage\",\"@id\":\"https:\/\/cmeded.com\/es\/genitourinary\/understanding-kidney-cancer\/diagnosis\/\",\"url\":\"https:\/\/cmeded.com\/es\/genitourinary\/understanding-kidney-cancer\/diagnosis\/\",\"name\":\"CMedEd | Informaci\u00f3n para comprender el c\u00e1ncer de ri\u00f1\u00f3n | Diagn\u00f3stico\",\"isPartOf\":{\"@id\":\"https:\/\/cmeded.com\/es\/#website\"},\"datePublished\":\"2014-02-21T21:46:33+00:00\",\"dateModified\":\"2023-08-24T23:50:51+00:00\",\"description\":\"Diagn\u00f3stico Si usted presenta s\u00edntomas de c\u00e1ncer de ri\u00f1\u00f3n, el m\u00e9dico le realizar\u00e1 un examen f\u00edsico y le har\u00e1 algunas preguntas sobre los antecedentes\",\"breadcrumb\":{\"@id\":\"https:\/\/cmeded.com\/es\/genitourinary\/understanding-kidney-cancer\/diagnosis\/#breadcrumb\"},\"inLanguage\":\"es\",\"potentialAction\":[{\"@type\":\"ReadAction\",\"target\":[\"https:\/\/cmeded.com\/es\/genitourinary\/understanding-kidney-cancer\/diagnosis\/\"]}]},{\"@type\":\"BreadcrumbList\",\"@id\":\"https:\/\/cmeded.com\/es\/genitourinary\/understanding-kidney-cancer\/diagnosis\/#breadcrumb\",\"itemListElement\":[{\"@type\":\"ListItem\",\"position\":1,\"name\":\"Home\",\"item\":\"https:\/\/cmeded.com\/es\/\"},{\"@type\":\"ListItem\",\"position\":2,\"name\":\"Genitourinario\",\"item\":\"https:\/\/cmeded.com\/es\/genitourinary\/\"},{\"@type\":\"ListItem\",\"position\":3,\"name\":\"Informaci\u00f3n para comprender el c\u00e1ncer de ri\u00f1\u00f3n\",\"item\":\"https:\/\/cmeded.com\/es\/genitourinary\/understanding-kidney-cancer\/\"},{\"@type\":\"ListItem\",\"position\":4,\"name\":\"Diagn\u00f3stico\"}]},{\"@type\":\"WebSite\",\"@id\":\"https:\/\/cmeded.com\/es\/#website\",\"url\":\"https:\/\/cmeded.com\/es\/\",\"name\":\"CMedEd\",\"description\":\"Recurso principal de informaci\u00f3n sobre el c\u00e1ncer\",\"potentialAction\":[{\"@type\":\"SearchAction\",\"target\":{\"@type\":\"EntryPoint\",\"urlTemplate\":\"https:\/\/cmeded.com\/es\/?s={search_term_string}\"},\"query-input\":{\"@type\":\"PropertyValueSpecification\",\"valueRequired\":true,\"valueName\":\"search_term_string\"}}],\"inLanguage\":\"es\"}]}<\/script>\n<!-- \/ Yoast SEO plugin. -->","yoast_head_json":{"title":"CMedEd | Informaci\u00f3n para comprender el c\u00e1ncer de ri\u00f1\u00f3n | Diagn\u00f3stico","description":"Diagn\u00f3stico Si usted presenta s\u00edntomas de c\u00e1ncer de ri\u00f1\u00f3n, el m\u00e9dico le realizar\u00e1 un examen f\u00edsico y le har\u00e1 algunas preguntas sobre los antecedentes","robots":{"index":"index","follow":"follow","max-snippet":"max-snippet:-1","max-image-preview":"max-image-preview:large","max-video-preview":"max-video-preview:-1"},"canonical":"https:\/\/cmeded.com\/es\/genitourinary\/understanding-kidney-cancer\/diagnosis\/","og_locale":"es_ES","og_type":"article","og_title":"CMedEd | Informaci\u00f3n para comprender el c\u00e1ncer de ri\u00f1\u00f3n | Diagn\u00f3stico","og_description":"Diagn\u00f3stico Si usted presenta s\u00edntomas de c\u00e1ncer de ri\u00f1\u00f3n, el m\u00e9dico le realizar\u00e1 un examen f\u00edsico y le har\u00e1 algunas preguntas sobre los antecedentes","og_url":"https:\/\/cmeded.com\/es\/genitourinary\/understanding-kidney-cancer\/diagnosis\/","og_site_name":"CMedEd","article_modified_time":"2023-08-24T23:50:51+00:00","twitter_card":"summary_large_image","twitter_misc":{"Tiempo de lectura":"4 minutos"},"schema":{"@context":"https:\/\/schema.org","@graph":[{"@type":"WebPage","@id":"https:\/\/cmeded.com\/es\/genitourinary\/understanding-kidney-cancer\/diagnosis\/","url":"https:\/\/cmeded.com\/es\/genitourinary\/understanding-kidney-cancer\/diagnosis\/","name":"CMedEd | Informaci\u00f3n para comprender el c\u00e1ncer de ri\u00f1\u00f3n | Diagn\u00f3stico","isPartOf":{"@id":"https:\/\/cmeded.com\/es\/#website"},"datePublished":"2014-02-21T21:46:33+00:00","dateModified":"2023-08-24T23:50:51+00:00","description":"Diagn\u00f3stico Si usted presenta s\u00edntomas de c\u00e1ncer de ri\u00f1\u00f3n, el m\u00e9dico le realizar\u00e1 un examen f\u00edsico y le har\u00e1 algunas preguntas sobre los antecedentes","breadcrumb":{"@id":"https:\/\/cmeded.com\/es\/genitourinary\/understanding-kidney-cancer\/diagnosis\/#breadcrumb"},"inLanguage":"es","potentialAction":[{"@type":"ReadAction","target":["https:\/\/cmeded.com\/es\/genitourinary\/understanding-kidney-cancer\/diagnosis\/"]}]},{"@type":"BreadcrumbList","@id":"https:\/\/cmeded.com\/es\/genitourinary\/understanding-kidney-cancer\/diagnosis\/#breadcrumb","itemListElement":[{"@type":"ListItem","position":1,"name":"Home","item":"https:\/\/cmeded.com\/es\/"},{"@type":"ListItem","position":2,"name":"Genitourinario","item":"https:\/\/cmeded.com\/es\/genitourinary\/"},{"@type":"ListItem","position":3,"name":"Informaci\u00f3n para comprender el c\u00e1ncer de ri\u00f1\u00f3n","item":"https:\/\/cmeded.com\/es\/genitourinary\/understanding-kidney-cancer\/"},{"@type":"ListItem","position":4,"name":"Diagn\u00f3stico"}]},{"@type":"WebSite","@id":"https:\/\/cmeded.com\/es\/#website","url":"https:\/\/cmeded.com\/es\/","name":"CMedEd","description":"Recurso principal de informaci\u00f3n sobre el c\u00e1ncer","potentialAction":[{"@type":"SearchAction","target":{"@type":"EntryPoint","urlTemplate":"https:\/\/cmeded.com\/es\/?s={search_term_string}"},"query-input":{"@type":"PropertyValueSpecification","valueRequired":true,"valueName":"search_term_string"}}],"inLanguage":"es"}]}},"_links":{"self":[{"href":"https:\/\/cmeded.com\/es\/wp-json\/wp\/v2\/pages\/15748","targetHints":{"allow":["GET"]}}],"collection":[{"href":"https:\/\/cmeded.com\/es\/wp-json\/wp\/v2\/pages"}],"about":[{"href":"https:\/\/cmeded.com\/es\/wp-json\/wp\/v2\/types\/page"}],"author":[{"embeddable":true,"href":"https:\/\/cmeded.com\/es\/wp-json\/wp\/v2\/users\/5"}],"replies":[{"embeddable":true,"href":"https:\/\/cmeded.com\/es\/wp-json\/wp\/v2\/comments?post=15748"}],"version-history":[{"count":0,"href":"https:\/\/cmeded.com\/es\/wp-json\/wp\/v2\/pages\/15748\/revisions"}],"up":[{"embeddable":true,"href":"https:\/\/cmeded.com\/es\/wp-json\/wp\/v2\/pages\/15738"}],"wp:attachment":[{"href":"https:\/\/cmeded.com\/es\/wp-json\/wp\/v2\/media?parent=15748"}],"wp:term":[{"taxonomy":"post_tag","embeddable":true,"href":"https:\/\/cmeded.com\/es\/wp-json\/wp\/v2\/tags?post=15748"}],"curies":[{"name":"wp","href":"https:\/\/api.w.org\/{rel}","templated":true}]}}