{"id":15673,"date":"2014-02-21T14:01:49","date_gmt":"2014-02-21T20:01:49","guid":{"rendered":"http:\/\/www.cmeded.com\/?page_id=15673"},"modified":"2023-09-26T23:11:17","modified_gmt":"2023-09-27T04:11:17","slug":"diagnosis","status":"publish","type":"page","link":"https:\/\/cmeded.com\/es\/genitourinary\/understanding-bladder-cancer\/diagnosis\/","title":{"rendered":"Diagn\u00f3stico"},"content":{"rendered":"<h4 class=\"section-title\">Diagn\u00f3stico<\/h4>\n<p class=\"section-content\">Si usted presenta s\u00edntomas de c\u00e1ncer de vejiga, el m\u00e9dico le realizar\u00e1 un examen f\u00edsico y analizar\u00e1 los antecedentes m\u00e9dicos para determinar la causa de esos s\u00edntomas. Si el m\u00e9dico piensa que usted tiene c\u00e1ncer de vejiga, es posible que le pida las siguientes pruebas para diagnosticar la enfermedad y determinar en qu\u00e9 estadio se encuentra:<\/p>\n<div class=\"divider\" id=\"\">\n\t\n\t<\/div>\n<div class=\"risk-factor\">\n<div class=\"symp-pic\"><div id=\"caption\" style=\"width: 195px\" class=\"wp-caption aligncenter\"><a href=\"\/wp-content\/uploads\/2013\/02\/Bladder-Cystoscopy-PSF.jpg\" title=\"Click Image to Enlarge.\"><img decoding=\"async\" aria-describedby=\"caption-caption\" src=\"\/wp-content\/uploads\/2013\/02\/Bladder-Cystoscopy-PSF.jpg\" class=\"aligncenter\" alt=\"Cistoscop\u00eda\" style=\"height:150px\" \/><\/a><p id=\"caption-caption\" class=\"wp-caption-text\">Click Image to Enlarge.<\/p><\/div><\/div>\n<div class=\"risk-text-wrap\">\n<h5 class=\"section-title\">Cistoscop\u00eda<\/h5>\n<p class=\"section-content\">Un cistoscopio es un tubo delgado y flexible con una c\u00e1mara y una luz en el extremo. Su m\u00e9dico (ur\u00f3logo) pasa este dispositivo a trav\u00e9s de la uretra hasta la vejiga para examinar el interior de la vejiga y detectar anomal\u00edas. Esto generalmente se inicia en la cl\u00ednica. Si se observa una anomal\u00eda, su m\u00e9dico realizar\u00e1 otra cistoscopia utilizando un tubo r\u00edgido pero bajo anestesia general en el quir\u00f3fano para obtener una muestra de biopsia de cualquier tejido anormal y enviarla a un laboratorio para su an\u00e1lisis. Una biopsia es la \u00fanica manera de saber con certeza si tiene c\u00e1ncer de vejiga.<\/p>\n<\/div>\n<div class=\"clearboth\"><\/div>\n<\/div>\n<div class=\"divider\" id=\"\">\n\t\n\t<\/div>\n<div class=\"risk-factor\">\n<div class=\"symp-pic\"><img decoding=\"async\" src=\"\/wp-content\/uploads\/2013\/02\/UrinationMain1.jpg\" class=\"aligncenter\" alt=\"Citolog\u00eda de la orina\" style=\"height:150px\" \/><\/div>\n<div class=\"risk-text-wrap\">\n<h5 class=\"section-title\">Citolog\u00eda de la orina<\/h5>\n<p class=\"section-content\">El m\u00e9dico puede extraer una muestra de orina durante una cistoscop\u00eda y enviarla a un laboratorio para que la analicen y detecten cualquier signo de c\u00e9lulas cancerosas. Esta prueba puede ayudar a detectar \u00fanicamente ciertos tipos de c\u00e1ncer de vejiga, por lo cual un resultado negativo no necesariamente significa que usted no tiene c\u00e1ncer.<\/p>\n<\/div>\n<div class=\"clearboth\"><\/div>\n<\/div>\n<div class=\"divider\" id=\"\">\n\t\n\t<\/div>\n<div class=\"risk-factor\">\n<div class=\"symp-pic\"><img decoding=\"async\" src=\"\/wp-content\/uploads\/2013\/04\/CupOfUrine150.jpg\" class=\"aligncenter\" alt=\"Urocultivo\" style=\"height:150px\" \/><\/div>\n<div class=\"risk-text-wrap\">\n<h5 class=\"section-title\">Urocultivo<\/h5>\n<p class=\"section-content\">El m\u00e9dico toma una muestra de orina y la env\u00eda a un laboratorio para que la analicen y detecten microbios y signos de infecci\u00f3n. El m\u00e9dico utiliza esta prueba para descartar una infecci\u00f3n, que puede ser la causa de sus s\u00edntomas.<\/p>\n<\/div>\n<div class=\"clearboth\"><\/div>\n<\/div>\n<div class=\"divider\" id=\"\">\n\t\n\t<\/div>\n<div class=\"risk-factor\">\n<div class=\"symp-pic\"><img decoding=\"async\" src=\"\/wp-content\/uploads\/2013\/03\/Tumor-Markers-150.jpg\" class=\"aligncenter\" alt=\"Marcadores tumorales en orina\" style=\"height:150px\" \/><\/div>\n<div class=\"risk-text-wrap\">\n<h5 class=\"section-title\">Marcadores tumorales en orina<\/h5>\n<p class=\"section-content\">Los marcadores tumorales son sustancias que se encuentran en cantidades mayores que las normales en la orina de una persona cuando esta tiene c\u00e1ncer de vejiga. El m\u00e9dico tomar\u00e1 una muestra de orina y la enviar\u00e1 a analizar para detectar sustancias que podr\u00edan tener niveles mayores si usted tiene c\u00e1ncer de vejiga.<\/p>\n<ul class=\"about-content\">\n<li>Consulte <a href=\"\/es\/cancer-explained\/understanding-tumor-markers\" style=\"color:#336699\">Marcadores tumorales<\/a> para obtener m\u00e1s informaci\u00f3n.<\/li>\n<\/ul>\n<\/div>\n<div class=\"clearboth\"><\/div>\n<\/div>\n<div class=\"divider\" id=\"\">\n\t\n\t<\/div>\n<div class=\"risk-factor\">\n<div class=\"symp-pic\"><div id=\"caption\" style=\"width: 195px\" class=\"wp-caption aligncenter\"><a href=\"\/wp-content\/uploads\/sites\/4\/2015\/06\/Intravenous-Pyelogram-IVP-2A-es.jpg\" title=\"Click Image to Enlarge.\"><img decoding=\"async\" aria-describedby=\"caption-caption\" src=\"\/wp-content\/uploads\/sites\/4\/2015\/06\/Intravenous-Pyelogram-IVP-2A-es.jpg\" class=\"aligncenter\" alt=\"Pielograma intravenoso\" style=\"height:150px\" \/><\/a><p id=\"caption-caption\" class=\"wp-caption-text\">Click Image to Enlarge.<\/p><\/div><\/div>\n<div class=\"risk-text-wrap\">\n<h5 class=\"section-title\">Pielograma intravenoso<\/h5>\n<p class=\"section-content\">Un pielograma intravenoso (PIV) consiste en una serie de radiograf\u00edas tomada despu\u00e9s de que el m\u00e9dico le inyecta un colorante especial en la vena. El colorante se transporta por los ri\u00f1ones, los ur\u00e9teres y la vejiga, y permite que estos \u00f3rganos se vean claramente en la radiograf\u00eda, lo cual ayuda a que el m\u00e9dico detecte tumores en las v\u00edas urinarias.<\/p>\n<\/div>\n<div class=\"clearboth\"><\/div>\n<\/div>\n<div class=\"divider\" id=\"\">\n\t\n\t<\/div>\n<div class=\"risk-factor\">\n<div class=\"symp-pic\"><div id=\"caption\" style=\"width: 195px\" class=\"wp-caption aligncenter\"><a href=\"\/wp-content\/uploads\/sites\/4\/2015\/06\/retrograde-pyelogram-es.jpg\" title=\"Click Image to Enlarge.\"><img decoding=\"async\" aria-describedby=\"caption-caption\" src=\"\/wp-content\/uploads\/sites\/4\/2015\/06\/retrograde-pyelogram-es.jpg\" class=\"aligncenter\" alt=\"Pielograma retr\u00f3grado\" style=\"max-height:150px\" \/><\/a><p id=\"caption-caption\" class=\"wp-caption-text\">Click Image to Enlarge.<\/p><\/div><\/div>\n<div class=\"risk-text-wrap\">\n<h5 class=\"section-title\">Pielograma retr\u00f3grado<\/h5>\n<p class=\"section-content\">Esta prueba es muy similar al PIV, salvo que el m\u00e9dico inyecta el colorante en los ur\u00e9teres a trav\u00e9s de un cat\u00e9ter introducido por un cistoscopio que se encuentra en la vejiga. Por lo general, los m\u00e9dicos solo usan esta prueba en el caso de personas al\u00e9rgicas al colorante de las radiograf\u00edas, que no pueden someterse a un PIV. Esta prueba y el PIV sirven para asegurarse de que no hay ning\u00fan otro c\u00e1ncer en los ur\u00e9teres o en la pelvis renal.<\/p>\n<\/div>\n<div class=\"clearboth\"><\/div>\n<\/div>\n<div class=\"divider\" id=\"\">\n\t\n\t<\/div>\n<div class=\"risk-factor\">\n<div class=\"symp-pic\"><div id=\"caption\" style=\"width: 243px\" class=\"wp-caption aligncenter\"><a href='\/wp-content\/uploads\/2016\/06\/CT.jpg' title='Go to enlarged image.'><img aria-describedby=\"caption-caption\" src='\/wp-content\/uploads\/2016\/06\/CT.jpg' class='aligncenter' alt='Tomograf\u00eda computarizada' style='height:150px' \/><\/a><p id=\"caption-caption\" class=\"wp-caption-text\">Click Image to Enlarge.<\/p><\/div><\/div>\n<div class=\"risk-text-wrap\">\n<h5 class=\"section-title\">Tomograf\u00eda computarizada<\/h5>\n<p class=\"section-content\">Una tomograf\u00eda computarizada (TC) puede mostrar la ubicaci\u00f3n, el tama\u00f1o y la forma exactos de un tumor en las v\u00edas urinarias, y tambi\u00e9n puede mostrar c\u00e1ncer en los ganglios linf\u00e1ticos y en el abdomen. Para una TC, usted debe recostarse boca arriba en una mesa mientras un aparato gira alrededor de su cuerpo y toma im\u00e1genes transversales detalladas. Una TC de las v\u00edas urinarias se conoce como urograf\u00eda por tomograf\u00eda computarizada.<\/p>\n<\/div>\n<div class=\"clearboth\"><\/div>\n<\/div>\n<div class=\"divider\" id=\"\">\n\t\n\t<\/div>\n<div class=\"risk-factor\">\n<div class=\"symp-pic\"><div id=\"caption\" style=\"width: 243px\" class=\"wp-caption aligncenter\"><a href='\/wp-content\/uploads\/2016\/06\/MRI.jpg' title='Go to enlarged image.'><img aria-describedby=\"caption-caption\" src='\/wp-content\/uploads\/2016\/06\/MRI.jpg' class='aligncenter' alt='Resonancia magn\u00e9tica' style='height:150px' \/><\/a><p id=\"caption-caption\" class=\"wp-caption-text\">Click Image to Enlarge.<\/p><\/div><\/div>\n<div class=\"risk-text-wrap\">\n<h5 class=\"section-title\">Resonancia magn\u00e9tica<\/h5>\n<p class=\"section-content\">En una resonancia magn\u00e9tica (RM), se utilizan ondas de radio y un im\u00e1n potente para producir im\u00e1genes claras y detalladas del cuerpo.  El paciente se recuesta boca arriba en una mesa donde hay un aparato de RM, y el cuerpo absorbe y libera ondas de radio.  Una computadora luego traduce estas ondas en im\u00e1genes detalladas que muestran cortes del cuerpo.  Una RM puede mostrar las v\u00edas urinarias y los ganglios linf\u00e1ticos en im\u00e1genes claras y detalladas. Los m\u00e9dicos suelen usar las resonancias magn\u00e9ticas para determinar si el c\u00e1ncer se ha diseminado fuera de la vejiga a ganglios linf\u00e1ticos cercanos.<\/p>\n<\/div>\n<div class=\"clearboth\"><\/div>\n<\/div>\n<div class=\"divider\" id=\"\">\n\t\n\t<\/div>\n<div class=\"risk-factor\">\n<div class=\"symp-pic\"><div id=\"caption\" style=\"width: 243px\" class=\"wp-caption aligncenter\"><a href='\/wp-content\/uploads\/2016\/06\/PET.jpg' title='Go to enlarged image.'><img aria-describedby=\"caption-caption\" src='\/wp-content\/uploads\/2016\/06\/PET.jpg' class='aligncenter' alt='Tomograf\u00eda por emisi\u00f3n de positrones' style='height:150px' \/><\/a><p id=\"caption-caption\" class=\"wp-caption-text\">Click Image to Enlarge.<\/p><\/div><\/div>\n<div class=\"risk-text-wrap\">\n<h5 class=\"section-title\">Tomograf\u00eda por emisi\u00f3n de positrones<\/h5>\n<p class=\"section-content\">Para realizar una tomograf\u00eda por emisi\u00f3n de positrones, el m\u00e9dico inyecta una sustancia radiactiva en el torrente circulatorio del paciente.  Esta sustancia se acumula en las c\u00e9lulas malignas (cancerosas) del organismo.  El m\u00e9dico luego utiliza un tom\u00f3grafo para detectar estas \u00e1reas de radioactividad y encontrar la ubicaci\u00f3n exacta del c\u00e1ncer en el organismo del paciente.<\/p>\n<\/div>\n<div class=\"clearboth\"><\/div>\n<\/div>\n<div class=\"divider\" id=\"\">\n\t\n\t<\/div>\n<div class=\"risk-factor\">\n<div class=\"symp-pic\"><img decoding=\"async\" src=\"\/wp-content\/uploads\/2013\/10\/ThyroidUltrasound241x175.png\" class=\"aligncenter\" alt=\"Ecograf\u00eda\" style=\"height:150px\" \/><\/div>\n<div class=\"risk-text-wrap\">\n<h5 class=\"section-title\">Ecograf\u00eda<\/h5>\n<p class=\"section-content\">A ra\u00edz del ultrasonido, las ondas sonoras rebotan en las v\u00edsceras y crean ecos que forman una imagen. El m\u00e9dico desliza el transductor del ec\u00f3grafo por el abdomen a fin de determinar el tama\u00f1o del c\u00e1ncer de vejiga y si este se ha diseminado fuera de la vejiga hacia estructuras o ganglios linf\u00e1ticos cercanos.<\/p>\n<\/div>\n<div class=\"clearboth\"><\/div>\n<\/div>\n<div class=\"divider\" id=\"\">\n\t\n\t<\/div>\n<div class=\"risk-factor\">\n<div class=\"symp-pic\"><img decoding=\"async\" src=\"\/wp-content\/uploads\/2013\/01\/Xray.jpg\" class=\"aligncenter\" alt=\"Radiograf\u00eda de t\u00f3rax\" style=\"height:150px\" \/><\/div>\n<div class=\"risk-text-wrap\">\n<h5 class=\"section-title\">Radiograf\u00eda de t\u00f3rax<\/h5>\n<p class=\"section-content\">El m\u00e9dico puede realizar una radiograf\u00eda de t\u00f3rax para ver si el c\u00e1ncer se ha diseminado a los pulmones.<\/p>\n<\/div>\n<div class=\"clearboth\"><\/div>\n<\/div>\n<div class=\"divider\" id=\"\">\n\t\n\t<\/div>\n<div class=\"risk-factor\">\n<div class=\"symp-pic\"><div id=\"caption\" style=\"width: 243px\" class=\"wp-caption aligncenter\"><a href='\/wp-content\/uploads\/2016\/06\/Bone-Scanner-r2.jpg' title='Go to enlarged image.'><img aria-describedby=\"caption-caption\" src='\/wp-content\/uploads\/2016\/06\/Bone-Scanner-r2.jpg' class='aligncenter' alt='Gammagraf\u00eda \u00f3sea' style='height:150px' \/><\/a><p id=\"caption-caption\" class=\"wp-caption-text\">Click Image to Enlarge.<\/p><\/div><\/div>\n<div class=\"risk-text-wrap\">\n<h5 class=\"section-title\">Gammagraf\u00eda \u00f3sea<\/h5>\n<p class=\"section-content\">En una gammagraf\u00eda \u00f3sea se usa una sustancia radiactiva para identificar tejidos cancerosos en los huesos. El m\u00e9dico puede pedir una gammagraf\u00eda \u00f3sea si considera que el c\u00e1ncer de vejiga se ha diseminado a los huesos.<\/p>\n<p class=\"section-content\">Biopsia guiada por TC: si una tomograf\u00eda computarizada muestra m\u00faltiples anomal\u00edas en la vejiga y en otro \u00f3rgano (por ejemplo, pulm\u00f3n, h\u00edgado o hueso). Luego, su equipo podr\u00eda solicitar una biopsia guiada por tomograf\u00eda computarizada de la anomal\u00eda en estos \u00f3rganos fuera de la vejiga. La tomograf\u00eda computarizada se utiliza para guiar a los m\u00e9dicos hacia d\u00f3nde va la aguja para obtener la biopsia. Suele ser un procedimiento ambulatorio (es decir, no requiere hospitalizaci\u00f3n).<\/p>\n<\/div>\n<div class=\"clearboth\"><\/div>\n<\/div>\n","protected":false},"excerpt":{"rendered":"<p>Diagn\u00f3stico Si usted presenta s\u00edntomas de c\u00e1ncer de vejiga, el m\u00e9dico le realizar\u00e1 un examen f\u00edsico y analizar\u00e1 los antecedentes m\u00e9dicos para determinar la causa de esos s\u00edntomas. Si el m\u00e9dico piensa que usted tiene c\u00e1ncer de vejiga, es posible que le pida las siguientes pruebas para diagnosticar la enfermedad y determinar en qu\u00e9 estadio [&hellip;]<\/p>\n","protected":false},"author":5,"featured_media":0,"parent":15665,"menu_order":4,"comment_status":"closed","ping_status":"open","template":"template-tumor.php","meta":{"footnotes":""},"tags":[10],"class_list":["post-15673","page","type-page","status-publish","hentry","tag-members-only"],"yoast_head":"<!-- This site is optimized with the Yoast SEO plugin v25.0 - https:\/\/yoast.com\/wordpress\/plugins\/seo\/ -->\n<title>CMedEd | Informaci\u00f3n para comprender el c\u00e1ncer de vejiga | Diagn\u00f3stico<\/title>\n<meta name=\"description\" content=\"Diagn\u00f3stico Si usted presenta s\u00edntomas de c\u00e1ncer de vejiga, el m\u00e9dico le realizar\u00e1 un examen f\u00edsico y analizar\u00e1 los antecedentes m\u00e9dicos para determinar\" \/>\n<meta name=\"robots\" content=\"index, follow, max-snippet:-1, max-image-preview:large, max-video-preview:-1\" \/>\n<link rel=\"canonical\" href=\"https:\/\/cmeded.com\/es\/genitourinary\/understanding-bladder-cancer\/diagnosis\/\" \/>\n<meta property=\"og:locale\" content=\"es_ES\" \/>\n<meta property=\"og:type\" content=\"article\" \/>\n<meta property=\"og:title\" content=\"CMedEd | Informaci\u00f3n para comprender el c\u00e1ncer de vejiga | Diagn\u00f3stico\" \/>\n<meta property=\"og:description\" content=\"Diagn\u00f3stico Si usted presenta s\u00edntomas de c\u00e1ncer de vejiga, el m\u00e9dico le realizar\u00e1 un examen f\u00edsico y analizar\u00e1 los antecedentes m\u00e9dicos para determinar\" \/>\n<meta property=\"og:url\" content=\"https:\/\/cmeded.com\/es\/genitourinary\/understanding-bladder-cancer\/diagnosis\/\" \/>\n<meta property=\"og:site_name\" content=\"CMedEd\" \/>\n<meta property=\"article:modified_time\" content=\"2023-09-27T04:11:17+00:00\" \/>\n<meta name=\"twitter:card\" content=\"summary_large_image\" \/>\n<meta name=\"twitter:label1\" content=\"Tiempo de lectura\" \/>\n\t<meta name=\"twitter:data1\" content=\"7 minutos\" \/>\n<script type=\"application\/ld+json\" class=\"yoast-schema-graph\">{\"@context\":\"https:\/\/schema.org\",\"@graph\":[{\"@type\":\"WebPage\",\"@id\":\"https:\/\/cmeded.com\/es\/genitourinary\/understanding-bladder-cancer\/diagnosis\/\",\"url\":\"https:\/\/cmeded.com\/es\/genitourinary\/understanding-bladder-cancer\/diagnosis\/\",\"name\":\"CMedEd | Informaci\u00f3n para comprender el c\u00e1ncer de vejiga | Diagn\u00f3stico\",\"isPartOf\":{\"@id\":\"https:\/\/cmeded.com\/es\/#website\"},\"datePublished\":\"2014-02-21T20:01:49+00:00\",\"dateModified\":\"2023-09-27T04:11:17+00:00\",\"description\":\"Diagn\u00f3stico Si usted presenta s\u00edntomas de c\u00e1ncer de vejiga, el m\u00e9dico le realizar\u00e1 un examen f\u00edsico y analizar\u00e1 los antecedentes m\u00e9dicos para determinar\",\"breadcrumb\":{\"@id\":\"https:\/\/cmeded.com\/es\/genitourinary\/understanding-bladder-cancer\/diagnosis\/#breadcrumb\"},\"inLanguage\":\"es\",\"potentialAction\":[{\"@type\":\"ReadAction\",\"target\":[\"https:\/\/cmeded.com\/es\/genitourinary\/understanding-bladder-cancer\/diagnosis\/\"]}]},{\"@type\":\"BreadcrumbList\",\"@id\":\"https:\/\/cmeded.com\/es\/genitourinary\/understanding-bladder-cancer\/diagnosis\/#breadcrumb\",\"itemListElement\":[{\"@type\":\"ListItem\",\"position\":1,\"name\":\"Home\",\"item\":\"https:\/\/cmeded.com\/es\/\"},{\"@type\":\"ListItem\",\"position\":2,\"name\":\"Genitourinario\",\"item\":\"https:\/\/cmeded.com\/es\/genitourinary\/\"},{\"@type\":\"ListItem\",\"position\":3,\"name\":\"Informaci\u00f3n para comprender el c\u00e1ncer de vejiga\",\"item\":\"https:\/\/cmeded.com\/es\/genitourinary\/understanding-bladder-cancer\/\"},{\"@type\":\"ListItem\",\"position\":4,\"name\":\"Diagn\u00f3stico\"}]},{\"@type\":\"WebSite\",\"@id\":\"https:\/\/cmeded.com\/es\/#website\",\"url\":\"https:\/\/cmeded.com\/es\/\",\"name\":\"CMedEd\",\"description\":\"Recurso principal de informaci\u00f3n sobre el c\u00e1ncer\",\"potentialAction\":[{\"@type\":\"SearchAction\",\"target\":{\"@type\":\"EntryPoint\",\"urlTemplate\":\"https:\/\/cmeded.com\/es\/?s={search_term_string}\"},\"query-input\":{\"@type\":\"PropertyValueSpecification\",\"valueRequired\":true,\"valueName\":\"search_term_string\"}}],\"inLanguage\":\"es\"}]}<\/script>\n<!-- \/ Yoast SEO plugin. -->","yoast_head_json":{"title":"CMedEd | Informaci\u00f3n para comprender el c\u00e1ncer de vejiga | Diagn\u00f3stico","description":"Diagn\u00f3stico Si usted presenta s\u00edntomas de c\u00e1ncer de vejiga, el m\u00e9dico le realizar\u00e1 un examen f\u00edsico y analizar\u00e1 los antecedentes m\u00e9dicos para determinar","robots":{"index":"index","follow":"follow","max-snippet":"max-snippet:-1","max-image-preview":"max-image-preview:large","max-video-preview":"max-video-preview:-1"},"canonical":"https:\/\/cmeded.com\/es\/genitourinary\/understanding-bladder-cancer\/diagnosis\/","og_locale":"es_ES","og_type":"article","og_title":"CMedEd | Informaci\u00f3n para comprender el c\u00e1ncer de vejiga | Diagn\u00f3stico","og_description":"Diagn\u00f3stico Si usted presenta s\u00edntomas de c\u00e1ncer de vejiga, el m\u00e9dico le realizar\u00e1 un examen f\u00edsico y analizar\u00e1 los antecedentes m\u00e9dicos para determinar","og_url":"https:\/\/cmeded.com\/es\/genitourinary\/understanding-bladder-cancer\/diagnosis\/","og_site_name":"CMedEd","article_modified_time":"2023-09-27T04:11:17+00:00","twitter_card":"summary_large_image","twitter_misc":{"Tiempo de lectura":"7 minutos"},"schema":{"@context":"https:\/\/schema.org","@graph":[{"@type":"WebPage","@id":"https:\/\/cmeded.com\/es\/genitourinary\/understanding-bladder-cancer\/diagnosis\/","url":"https:\/\/cmeded.com\/es\/genitourinary\/understanding-bladder-cancer\/diagnosis\/","name":"CMedEd | Informaci\u00f3n para comprender el c\u00e1ncer de vejiga | Diagn\u00f3stico","isPartOf":{"@id":"https:\/\/cmeded.com\/es\/#website"},"datePublished":"2014-02-21T20:01:49+00:00","dateModified":"2023-09-27T04:11:17+00:00","description":"Diagn\u00f3stico Si usted presenta s\u00edntomas de c\u00e1ncer de vejiga, el m\u00e9dico le realizar\u00e1 un examen f\u00edsico y analizar\u00e1 los antecedentes m\u00e9dicos para determinar","breadcrumb":{"@id":"https:\/\/cmeded.com\/es\/genitourinary\/understanding-bladder-cancer\/diagnosis\/#breadcrumb"},"inLanguage":"es","potentialAction":[{"@type":"ReadAction","target":["https:\/\/cmeded.com\/es\/genitourinary\/understanding-bladder-cancer\/diagnosis\/"]}]},{"@type":"BreadcrumbList","@id":"https:\/\/cmeded.com\/es\/genitourinary\/understanding-bladder-cancer\/diagnosis\/#breadcrumb","itemListElement":[{"@type":"ListItem","position":1,"name":"Home","item":"https:\/\/cmeded.com\/es\/"},{"@type":"ListItem","position":2,"name":"Genitourinario","item":"https:\/\/cmeded.com\/es\/genitourinary\/"},{"@type":"ListItem","position":3,"name":"Informaci\u00f3n para comprender el c\u00e1ncer de vejiga","item":"https:\/\/cmeded.com\/es\/genitourinary\/understanding-bladder-cancer\/"},{"@type":"ListItem","position":4,"name":"Diagn\u00f3stico"}]},{"@type":"WebSite","@id":"https:\/\/cmeded.com\/es\/#website","url":"https:\/\/cmeded.com\/es\/","name":"CMedEd","description":"Recurso principal de informaci\u00f3n sobre el c\u00e1ncer","potentialAction":[{"@type":"SearchAction","target":{"@type":"EntryPoint","urlTemplate":"https:\/\/cmeded.com\/es\/?s={search_term_string}"},"query-input":{"@type":"PropertyValueSpecification","valueRequired":true,"valueName":"search_term_string"}}],"inLanguage":"es"}]}},"_links":{"self":[{"href":"https:\/\/cmeded.com\/es\/wp-json\/wp\/v2\/pages\/15673","targetHints":{"allow":["GET"]}}],"collection":[{"href":"https:\/\/cmeded.com\/es\/wp-json\/wp\/v2\/pages"}],"about":[{"href":"https:\/\/cmeded.com\/es\/wp-json\/wp\/v2\/types\/page"}],"author":[{"embeddable":true,"href":"https:\/\/cmeded.com\/es\/wp-json\/wp\/v2\/users\/5"}],"replies":[{"embeddable":true,"href":"https:\/\/cmeded.com\/es\/wp-json\/wp\/v2\/comments?post=15673"}],"version-history":[{"count":0,"href":"https:\/\/cmeded.com\/es\/wp-json\/wp\/v2\/pages\/15673\/revisions"}],"up":[{"embeddable":true,"href":"https:\/\/cmeded.com\/es\/wp-json\/wp\/v2\/pages\/15665"}],"wp:attachment":[{"href":"https:\/\/cmeded.com\/es\/wp-json\/wp\/v2\/media?parent=15673"}],"wp:term":[{"taxonomy":"post_tag","embeddable":true,"href":"https:\/\/cmeded.com\/es\/wp-json\/wp\/v2\/tags?post=15673"}],"curies":[{"name":"wp","href":"https:\/\/api.w.org\/{rel}","templated":true}]}}