{"id":15662,"date":"2014-02-21T13:57:19","date_gmt":"2014-02-21T19:57:19","guid":{"rendered":"http:\/\/www.cmeded.com\/?page_id=15662"},"modified":"2023-08-29T00:13:55","modified_gmt":"2023-08-29T05:13:55","slug":"diagnosis","status":"publish","type":"page","link":"https:\/\/cmeded.com\/es\/endocrine\/understanding-pituitary-tumors\/diagnosis\/","title":{"rendered":"Diagn\u00f3stico"},"content":{"rendered":"<h4 class=\"section-title\">Diagn\u00f3stico<\/h4>\n<p class=\"section-content\">Si una persona tiene alg\u00fan s\u00edntoma de un tumor hipofisario, el m\u00e9dico debe realizarle un examen f\u00edsico y obtener sus antecedentes m\u00e9dicos completos.  Es posible que el m\u00e9dico tambi\u00e9n consulte acerca de los antecedentes familiares del paciente y de toda enfermedad gen\u00e9tica hereditaria conocida que pueda aumentar el riesgo de contraer un tumor hipofisario.  Si el m\u00e9dico piensa que puede haber un tumor hipofisario, es posible que le recomiende alguno de los siguientes procedimientos de diagn\u00f3stico:<\/p>\n<div class=\"divider\" id=\"\">\n\t\n\t<\/div>\n<div class=\"risk-factor\">\n<div class=\"symp-pic\"><img decoding=\"async\" src=\"\/wp-content\/uploads\/2013\/03\/TestTubes1502.jpg\" class=\"aligncenter\" alt=\"An\u00e1lisis de sangre\" style=\"height:150px\" \/><\/div>\n<div class=\"risk-text-wrap\">\n<h5 class=\"section-title\">An\u00e1lisis de sangre<\/h5>\n<p class=\"section-content\">Tal vez el m\u00e9dico le recomiende an\u00e1lisis de sangre para medir los niveles de hormonas que puedan verse afectadas por un tumor hipofisario. El m\u00e9dico le extraer\u00e1 una muestra de sangre y la enviar\u00e1 a un laboratorio para que se realicen otros an\u00e1lisis.<\/p>\n<\/div>\n<div class=\"clearboth\"><\/div>\n<\/div>\n<div class=\"divider\" id=\"\">\n\t\n\t<\/div>\n<div class=\"risk-factor\">\n<div class=\"symp-pic\"><img decoding=\"async\" src=\"\/wp-content\/uploads\/2013\/04\/24-Hour-Urine-Sample-150.jpg\" class=\"aligncenter\" alt=\"An\u00e1lisis de orina de 24 horas\" style=\"height:150px\" \/><\/div>\n<div class=\"risk-text-wrap\">\n<h5 class=\"section-title\">An\u00e1lisis de orina de 24 horas<\/h5>\n<p class=\"section-content\">Con esta prueba, el m\u00e9dico obtiene toda la orina del paciente por un per\u00edodo de 24 horas. Mediante la obtenci\u00f3n de toda la orina por 24 horas, el m\u00e9dico puede medir el nivel promedio de una sustancia en la orina a lo largo de todo el d\u00eda y comprender mejor qu\u00e9 est\u00e1 sucediendo en el organismo.  Tal vez el m\u00e9dico recomiende un an\u00e1lisis de orina de 24 horas para medir los niveles de cortisol si existen dudas respecto de la enfermedad de Cushing.<\/p>\n<\/div>\n<div class=\"clearboth\"><\/div>\n<\/div>\n<div class=\"divider\" id=\"\">\n\t\n\t<\/div>\n<div class=\"risk-factor\">\n<div class=\"symp-pic\">\n<img decoding=\"async\" src=\"\/wp-content\/uploads\/2013\/07\/PhysicalExam175.jpg\" class=\"aligncenter\" alt=\"Examen neurol\u00f3gico\" style=\"height:135px;\">\n<\/div>\n<div class=\"risk-text-wrap\">\n<h5 class=\"section-title\">Examen neurol\u00f3gico<\/h5>\n<p class=\"section-content\">Es posible que el m\u00e9dico recomiende un an\u00e1lisis neurol\u00f3gico para controlar el cerebro, la m\u00e9dula espinal y la funci\u00f3n nerviosa, que pueden verse afectados por un tumor hipofisario.  El m\u00e9dico se asegurar\u00e1 de que las funciones mentales, la coordinaci\u00f3n, los m\u00fasculos y los reflejos funcionen correctamente.<\/p>\n<\/div>\n<div class=\"clearboth\"><\/div>\n<\/div>\n<div class=\"divider\" id=\"\">\n\t\n\t<\/div>\n<div class=\"risk-factor\">\n<div class=\"symp-pic\"><div id=\"caption\" style=\"width: 195px\" class=\"wp-caption aligncenter\"><a href=\"\/wp-content\/uploads\/2013\/05\/Indirect-Ophalmoscopy-PSF.jpg\" title=\"Click Image to Enlarge.\"><img decoding=\"async\" aria-describedby=\"caption-caption\" src=\"\/wp-content\/uploads\/2013\/05\/Indirect-Ophalmoscopy-175.jpg\" class=\"aligncenter\" alt=\"Examen visual o del campo visual\" style=\"height:150px\" \/><\/a><p id=\"caption-caption\" class=\"wp-caption-text\">Click Image to Enlarge.<\/p><\/div><\/div>\n<div class=\"risk-text-wrap\">\n<h5 class=\"section-title\">Examen visual o del campo visual<\/h5>\n<p class=\"section-content\">El m\u00e9dico puede derivar al paciente a un oftalm\u00f3logo, ya que los tumores hipofisarios pueden ejercer presi\u00f3n sobre el nervio \u00f3ptico.  El oftalm\u00f3logo controlar\u00e1 el estado de salud general de los ojos, como la visi\u00f3n central y perif\u00e9rica, para detectar cualquier anomal\u00eda en la visi\u00f3n.<\/p>\n<\/div>\n<div class=\"clearboth\"><\/div>\n<\/div>\n<div class=\"divider\" id=\"\">\n\t\n\t<\/div>\n<div class=\"risk-factor\">\n<div class=\"symp-pic\"><div id=\"doubleballoon\" style=\"width: 260px\" class=\"wp-caption center aligncenter\"><a href=\"\/wp-content\/uploads\/2013\/06\/Venous-Pituitary-Sampling-P.jpg\" title=\"Click Image to Enlarge.\"><img decoding=\"async\" aria-describedby=\"caption-doubleballoon\" src=\"\/wp-content\/uploads\/2013\/06\/Venous-Pituitary-Sampling-256x175.jpg\" class=\"aligncenter\" alt=\"Muestra venosa\" style=\"max-height:150px\" \/><\/a><p id=\"caption-doubleballoon\" class=\"wp-caption-text\">Click Image to Enlarge.<\/p><\/div><\/div>\n<div class=\"risk-text-wrap\">\n<h5 class=\"section-title\">Muestra venosa<\/h5>\n<p class=\"section-content\">El m\u00e9dico tomar\u00e1 muestras de sangre de las venas que provienen de la hip\u00f3fisis y determinar\u00e1 los niveles de diversas hormonas en la muestra.  El m\u00e9dico puede realizar este procedimiento si los an\u00e1lisis de sangre y orina indican un tumor que produce ACTH (enfermedad de Cushing), pero la gl\u00e1ndula se ve normal o indeterminada en las pruebas de diagn\u00f3stico por im\u00e1genes.<\/p>\n<\/div>\n<div class=\"clearboth\"><\/div>\n<\/div>\n<div class=\"divider\" id=\"\">\n\t\n\t<\/div>\n<div class=\"risk-factor\">\n<div class=\"symp-pic\"><div id=\"caption\" style=\"width: 243px\" class=\"wp-caption aligncenter\"><a href='\/wp-content\/uploads\/2016\/06\/MRI.jpg' title='Go to enlarged image.'><img aria-describedby=\"caption-caption\" src='\/wp-content\/uploads\/2016\/06\/MRI.jpg' class='aligncenter' alt='Resonancia magn\u00e9tica' style='height:150px' \/><\/a><p id=\"caption-caption\" class=\"wp-caption-text\">Click Image to Enlarge.<\/p><\/div><\/div>\n<div class=\"risk-text-wrap\">\n<h5 class=\"section-title\">Resonancia magn\u00e9tica<\/h5>\n<p class=\"section-content\">En una resonancia magn\u00e9tica (RM), se emplea un im\u00e1n potente para crear im\u00e1genes detalladas de las distintas partes del cuerpo. El organismo absorbe las ondas magn\u00e9ticas, que se liberan siguiendo un patr\u00f3n determinado que es interpretado por una computadora para mostrar cortes del cuerpo humano.  Estas im\u00e1genes son muy \u00fatiles para examinar los tejidos blandos del organismo y otras v\u00edsceras y estructuras, como los huesos, el cerebro y la m\u00e9dula espinal.  Las RM anteriores y posteriores al contraste intravenoso son la mejor forma de detectar tumores hipofisarios.  Una RM no conlleva el riesgo de la exposici\u00f3n a la radiaci\u00f3n.<\/p>\n<\/div>\n<div class=\"clearboth\"><\/div>\n<\/div>\n<div class=\"divider\" id=\"\">\n\t\n\t<\/div>\n<div class=\"risk-factor\">\n<div class=\"symp-pic\"><img decoding=\"async\" src=\"\/wp-content\/uploads\/2013\/05\/MicroscopeSlide1751.jpg\" class=\"aligncenter\" alt=\"Biopsia\" style=\"height:150px\" \/><\/div>\n<div class=\"risk-text-wrap\">\n<h5 class=\"section-title\">Biopsia<\/h5>\n<p class=\"section-content\">Las biopsias no suelen realizarse en el caso de tumores hipofisarios.  Las pruebas para medir los niveles de hormonas suelen ser muy precisas para determinar si una persona tiene un tumor hipofisario y, de tenerlo, de qu\u00e9 tipo.<\/p>\n<\/div>\n<div class=\"clearboth\"><\/div>\n<\/div>\n","protected":false},"excerpt":{"rendered":"<p>Diagn\u00f3stico Si una persona tiene alg\u00fan s\u00edntoma de un tumor hipofisario, el m\u00e9dico debe realizarle un examen f\u00edsico y obtener sus antecedentes m\u00e9dicos completos. Es posible que el m\u00e9dico tambi\u00e9n consulte acerca de los antecedentes familiares del paciente y de toda enfermedad gen\u00e9tica hereditaria conocida que pueda aumentar el riesgo de contraer un tumor hipofisario. [&hellip;]<\/p>\n","protected":false},"author":5,"featured_media":0,"parent":15588,"menu_order":4,"comment_status":"closed","ping_status":"open","template":"template-tumor.php","meta":{"footnotes":""},"tags":[10],"class_list":["post-15662","page","type-page","status-publish","hentry","tag-members-only"],"yoast_head":"<!-- This site is optimized with the Yoast SEO plugin v25.0 - https:\/\/yoast.com\/wordpress\/plugins\/seo\/ -->\n<title>CMedEd | Informaci\u00f3n para comprender los tumores hipofisarios | Diagn\u00f3stico<\/title>\n<meta name=\"description\" content=\"Diagn\u00f3stico Si una persona tiene alg\u00fan s\u00edntoma de un tumor hipofisario, el m\u00e9dico debe realizarle un examen f\u00edsico y obtener sus antecedentes m\u00e9dicos\" \/>\n<meta name=\"robots\" content=\"index, follow, max-snippet:-1, max-image-preview:large, max-video-preview:-1\" \/>\n<link rel=\"canonical\" href=\"https:\/\/cmeded.com\/es\/endocrine\/understanding-pituitary-tumors\/diagnosis\/\" \/>\n<meta property=\"og:locale\" content=\"es_ES\" \/>\n<meta property=\"og:type\" content=\"article\" \/>\n<meta property=\"og:title\" content=\"CMedEd | Informaci\u00f3n para comprender los tumores hipofisarios | Diagn\u00f3stico\" \/>\n<meta property=\"og:description\" content=\"Diagn\u00f3stico Si una persona tiene alg\u00fan s\u00edntoma de un tumor hipofisario, el m\u00e9dico debe realizarle un examen f\u00edsico y obtener sus antecedentes m\u00e9dicos\" \/>\n<meta property=\"og:url\" content=\"https:\/\/cmeded.com\/es\/endocrine\/understanding-pituitary-tumors\/diagnosis\/\" \/>\n<meta property=\"og:site_name\" content=\"CMedEd\" \/>\n<meta property=\"article:modified_time\" content=\"2023-08-29T05:13:55+00:00\" \/>\n<meta name=\"twitter:card\" content=\"summary_large_image\" \/>\n<meta name=\"twitter:label1\" content=\"Tiempo de lectura\" \/>\n\t<meta name=\"twitter:data1\" content=\"4 minutos\" \/>\n<script type=\"application\/ld+json\" class=\"yoast-schema-graph\">{\"@context\":\"https:\/\/schema.org\",\"@graph\":[{\"@type\":\"WebPage\",\"@id\":\"https:\/\/cmeded.com\/es\/endocrine\/understanding-pituitary-tumors\/diagnosis\/\",\"url\":\"https:\/\/cmeded.com\/es\/endocrine\/understanding-pituitary-tumors\/diagnosis\/\",\"name\":\"CMedEd | Informaci\u00f3n para comprender los tumores hipofisarios | Diagn\u00f3stico\",\"isPartOf\":{\"@id\":\"https:\/\/cmeded.com\/es\/#website\"},\"datePublished\":\"2014-02-21T19:57:19+00:00\",\"dateModified\":\"2023-08-29T05:13:55+00:00\",\"description\":\"Diagn\u00f3stico Si una persona tiene alg\u00fan s\u00edntoma de un tumor hipofisario, el m\u00e9dico debe realizarle un examen f\u00edsico y obtener sus antecedentes m\u00e9dicos\",\"breadcrumb\":{\"@id\":\"https:\/\/cmeded.com\/es\/endocrine\/understanding-pituitary-tumors\/diagnosis\/#breadcrumb\"},\"inLanguage\":\"es\",\"potentialAction\":[{\"@type\":\"ReadAction\",\"target\":[\"https:\/\/cmeded.com\/es\/endocrine\/understanding-pituitary-tumors\/diagnosis\/\"]}]},{\"@type\":\"BreadcrumbList\",\"@id\":\"https:\/\/cmeded.com\/es\/endocrine\/understanding-pituitary-tumors\/diagnosis\/#breadcrumb\",\"itemListElement\":[{\"@type\":\"ListItem\",\"position\":1,\"name\":\"Home\",\"item\":\"https:\/\/cmeded.com\/es\/\"},{\"@type\":\"ListItem\",\"position\":2,\"name\":\"Endocrino\",\"item\":\"https:\/\/cmeded.com\/es\/endocrine\/\"},{\"@type\":\"ListItem\",\"position\":3,\"name\":\"Informaci\u00f3n para comprender los tumores hipofisarios\",\"item\":\"https:\/\/cmeded.com\/es\/endocrine\/understanding-pituitary-tumors\/\"},{\"@type\":\"ListItem\",\"position\":4,\"name\":\"Diagn\u00f3stico\"}]},{\"@type\":\"WebSite\",\"@id\":\"https:\/\/cmeded.com\/es\/#website\",\"url\":\"https:\/\/cmeded.com\/es\/\",\"name\":\"CMedEd\",\"description\":\"Recurso principal de informaci\u00f3n sobre el c\u00e1ncer\",\"potentialAction\":[{\"@type\":\"SearchAction\",\"target\":{\"@type\":\"EntryPoint\",\"urlTemplate\":\"https:\/\/cmeded.com\/es\/?s={search_term_string}\"},\"query-input\":{\"@type\":\"PropertyValueSpecification\",\"valueRequired\":true,\"valueName\":\"search_term_string\"}}],\"inLanguage\":\"es\"}]}<\/script>\n<!-- \/ Yoast SEO plugin. -->","yoast_head_json":{"title":"CMedEd | Informaci\u00f3n para comprender los tumores hipofisarios | Diagn\u00f3stico","description":"Diagn\u00f3stico Si una persona tiene alg\u00fan s\u00edntoma de un tumor hipofisario, el m\u00e9dico debe realizarle un examen f\u00edsico y obtener sus antecedentes m\u00e9dicos","robots":{"index":"index","follow":"follow","max-snippet":"max-snippet:-1","max-image-preview":"max-image-preview:large","max-video-preview":"max-video-preview:-1"},"canonical":"https:\/\/cmeded.com\/es\/endocrine\/understanding-pituitary-tumors\/diagnosis\/","og_locale":"es_ES","og_type":"article","og_title":"CMedEd | Informaci\u00f3n para comprender los tumores hipofisarios | Diagn\u00f3stico","og_description":"Diagn\u00f3stico Si una persona tiene alg\u00fan s\u00edntoma de un tumor hipofisario, el m\u00e9dico debe realizarle un examen f\u00edsico y obtener sus antecedentes m\u00e9dicos","og_url":"https:\/\/cmeded.com\/es\/endocrine\/understanding-pituitary-tumors\/diagnosis\/","og_site_name":"CMedEd","article_modified_time":"2023-08-29T05:13:55+00:00","twitter_card":"summary_large_image","twitter_misc":{"Tiempo de lectura":"4 minutos"},"schema":{"@context":"https:\/\/schema.org","@graph":[{"@type":"WebPage","@id":"https:\/\/cmeded.com\/es\/endocrine\/understanding-pituitary-tumors\/diagnosis\/","url":"https:\/\/cmeded.com\/es\/endocrine\/understanding-pituitary-tumors\/diagnosis\/","name":"CMedEd | Informaci\u00f3n para comprender los tumores hipofisarios | Diagn\u00f3stico","isPartOf":{"@id":"https:\/\/cmeded.com\/es\/#website"},"datePublished":"2014-02-21T19:57:19+00:00","dateModified":"2023-08-29T05:13:55+00:00","description":"Diagn\u00f3stico Si una persona tiene alg\u00fan s\u00edntoma de un tumor hipofisario, el m\u00e9dico debe realizarle un examen f\u00edsico y obtener sus antecedentes m\u00e9dicos","breadcrumb":{"@id":"https:\/\/cmeded.com\/es\/endocrine\/understanding-pituitary-tumors\/diagnosis\/#breadcrumb"},"inLanguage":"es","potentialAction":[{"@type":"ReadAction","target":["https:\/\/cmeded.com\/es\/endocrine\/understanding-pituitary-tumors\/diagnosis\/"]}]},{"@type":"BreadcrumbList","@id":"https:\/\/cmeded.com\/es\/endocrine\/understanding-pituitary-tumors\/diagnosis\/#breadcrumb","itemListElement":[{"@type":"ListItem","position":1,"name":"Home","item":"https:\/\/cmeded.com\/es\/"},{"@type":"ListItem","position":2,"name":"Endocrino","item":"https:\/\/cmeded.com\/es\/endocrine\/"},{"@type":"ListItem","position":3,"name":"Informaci\u00f3n para comprender los tumores hipofisarios","item":"https:\/\/cmeded.com\/es\/endocrine\/understanding-pituitary-tumors\/"},{"@type":"ListItem","position":4,"name":"Diagn\u00f3stico"}]},{"@type":"WebSite","@id":"https:\/\/cmeded.com\/es\/#website","url":"https:\/\/cmeded.com\/es\/","name":"CMedEd","description":"Recurso principal de informaci\u00f3n sobre el c\u00e1ncer","potentialAction":[{"@type":"SearchAction","target":{"@type":"EntryPoint","urlTemplate":"https:\/\/cmeded.com\/es\/?s={search_term_string}"},"query-input":{"@type":"PropertyValueSpecification","valueRequired":true,"valueName":"search_term_string"}}],"inLanguage":"es"}]}},"_links":{"self":[{"href":"https:\/\/cmeded.com\/es\/wp-json\/wp\/v2\/pages\/15662","targetHints":{"allow":["GET"]}}],"collection":[{"href":"https:\/\/cmeded.com\/es\/wp-json\/wp\/v2\/pages"}],"about":[{"href":"https:\/\/cmeded.com\/es\/wp-json\/wp\/v2\/types\/page"}],"author":[{"embeddable":true,"href":"https:\/\/cmeded.com\/es\/wp-json\/wp\/v2\/users\/5"}],"replies":[{"embeddable":true,"href":"https:\/\/cmeded.com\/es\/wp-json\/wp\/v2\/comments?post=15662"}],"version-history":[{"count":0,"href":"https:\/\/cmeded.com\/es\/wp-json\/wp\/v2\/pages\/15662\/revisions"}],"up":[{"embeddable":true,"href":"https:\/\/cmeded.com\/es\/wp-json\/wp\/v2\/pages\/15588"}],"wp:attachment":[{"href":"https:\/\/cmeded.com\/es\/wp-json\/wp\/v2\/media?parent=15662"}],"wp:term":[{"taxonomy":"post_tag","embeddable":true,"href":"https:\/\/cmeded.com\/es\/wp-json\/wp\/v2\/tags?post=15662"}],"curies":[{"name":"wp","href":"https:\/\/api.w.org\/{rel}","templated":true}]}}