{"id":15642,"date":"2014-02-21T12:40:02","date_gmt":"2014-02-21T18:40:02","guid":{"rendered":"http:\/\/www.cmeded.com\/?page_id=15642"},"modified":"2023-08-29T00:08:20","modified_gmt":"2023-08-29T05:08:20","slug":"symptoms","status":"publish","type":"page","link":"https:\/\/cmeded.com\/es\/endocrine\/understanding-pituitary-tumors\/symptoms\/","title":{"rendered":"S\u00edntomas"},"content":{"rendered":"<h4 class=\"section-title\">S\u00edntomas<\/h4>\n<p class=\"section-content\">Los s\u00edntomas de los tumores hipofisarios pueden ser causados por el crecimiento del tumor mismo o por las hormonas que este produce.  Inf\u00f3rmele al m\u00e9dico si manifiesta algunos de los siguientes s\u00edntomas:<\/p>\n<h4 class=\"section-title\" style=\"margin-top:20px\">S\u00edntomas de los tumores no funcionantes<\/h4>\n<p class=\"section-content\" style=\"margin-bottom:-20px\">Los tumores hipofisarios no funcionantes pueden alcanzar un gran tama\u00f1o e inhibir la funci\u00f3n normal de la hip\u00f3fisis o ejercer presi\u00f3n sobre estructuras cercanas como el nervio \u00f3ptico. Inf\u00f3rmele al m\u00e9dico si manifiesta algunos de los siguientes s\u00edntomas:<\/p>\n<div class=\"one_half\">\n<div class=\"divider\" id=\"\">\n\t\n\t<\/div><\/p>\n<div class=\"risk-factor\">\n<div class=\"symp-pic\"><img decoding=\"async\" src=\"\/wp-content\/uploads\/2021\/06\/Black_Man_with_Fever2.jpg\" class=\"aligncenter\" alt=\"Dolor de cabeza\" style=\"height:170px\"><\/div>\n<div>\n<h5 class=\"section-title\">Dolor de cabeza<\/h5>\n<\/div>\n<div class=\"clearboth\"><\/div>\n<\/div>\n<div class=\"divider\" id=\"\">\n\t\n\t<\/div>\n<div class=\"risk-factor\">\n<div class=\"symp-pic\"><img decoding=\"async\" src=\"\/wp-content\/uploads\/2013\/05\/woman-with-glasses-175.jpg\" class=\"aligncenter\" alt=\"Distorsi\u00f3n de la visi\u00f3n, en especial, p\u00e9rdida de la visi\u00f3n perif\u00e9rica\" style=\"height:150px\"><\/div>\n<div>\n<h5 class=\"section-title\">Distorsi\u00f3n de la visi\u00f3n, en especial, p\u00e9rdida de la visi\u00f3n perif\u00e9rica<\/h5>\n<\/div>\n<div class=\"clearboth\"><\/div>\n<\/div>\n<div class=\"divider\" id=\"\">\n\t\n\t<\/div>\n<div class=\"risk-factor\">\n<div class=\"symp-pic\"><img decoding=\"async\" src=\"\/wp-content\/uploads\/2019\/06\/Confusion-2.jpg\" class=\"aligncenter\" alt=\"Confusi\u00f3n o mareos\" style=\"height:150px\"><\/div>\n<div>\n<h5 class=\"section-title\">Confusi\u00f3n o mareos<\/h5>\n<\/div>\n<div class=\"clearboth\"><\/div>\n<\/div>\n<div class=\"divider\" id=\"\">\n\t\n\t<\/div><\/div>\n<div class=\"one_half last\">\n<div class=\"divider\" id=\"remove-divider\">\n\t\n\t<\/div><\/p>\n<div class=\"risk-factor\">\n<div class=\"symp-pic\"><img decoding=\"async\" src=\"\/wp-content\/uploads\/2013\/03\/Impotence200.jpg\" class=\"aligncenter\" alt=\"Impotencia\" style=\"height:150px\"><\/div>\n<div>\n<h5 class=\"section-title\">Impotencia \/ fertilidad reducida<\/h5>\n<\/div>\n<div class=\"clearboth\"><\/div>\n<\/div>\n<div class=\"divider\" id=\"\">\n\t\n\t<\/div>\n<div class=\"risk-factor\">\n<div class=\"symp-pic\"><img decoding=\"async\" src=\"\/wp-content\/uploads\/2013\/04\/Just-a-Drop-of-Blood-150.jpg\" class=\"aligncenter\" alt=\"Cambios menstruales\" style=\"height:150px\"><\/div>\n<div>\n<h5 class=\"section-title\">Cambios menstruales<\/h5>\n<\/div>\n<div class=\"clearboth\"><\/div>\n<\/div>\n<div class=\"divider\" id=\"\">\n\t\n\t<\/div><\/div>\n<div class=\"clearboth\"><\/div>\n<h4 id=\"symptoms\" class=\"section-title\">S\u00edntomas de los tumores funcionantes<\/h4>\n<p class=\"section-content\">Ante la presencia de tumores hipofisarios funcionantes, la hip\u00f3fisis posiblemente produzca una cantidad excesiva de determinadas hormonas.  Los s\u00edntomas que causan estos tumores dependen de las hormonas espec\u00edficas producidas en exceso.  Inf\u00f3rmele al m\u00e9dico si manifiesta algunos de los siguientes s\u00edntomas:<\/p>\n<div class=\"toggle\" data-type=\"toggle\"><a class=\"action\" role=\"tab\" tabindex=\"0\"><i class=\"fa fa-plus-circle\"><span class=\"screenreader\">Collapsed <\/span><\/i><span>Hormona adrenocorticotropa<\/span><\/a><div class=\"toggle-content\" role=\"tabpanel\" aria-hidden=\"true\">\n<div class=\"one_half\">\n<div class=\"divider\" id=\"\">\n\t\n\t<\/div><\/p>\n<div class=\"risk-factor\">\n<div class=\"symp-pic\"><img decoding=\"async\" src=\"\/wp-content\/uploads\/2013\/03\/Swollen-Face-150v.jpg\" class=\"aligncenter\" alt=\"Cara redondeada (cara de luna llena)\" style=\"height:125px\" \/><\/div>\n<div>\n<h5 class=\"section-title\">Cara redondeada (cara de luna llena)<\/h5>\n<\/div>\n<div class=\"clearboth\"><\/div>\n<\/div>\n<div class=\"divider\" id=\"\">\n\t\n\t<\/div>\n<div class=\"risk-factor\">\n<div class=\"symp-pic\"><img decoding=\"async\" src=\"\/wp-content\/uploads\/2013\/08\/BuffaloHump185.jpg\" class=\"aligncenter\" alt=\"Acumulaci\u00f3n de grasa en el cuello (giba dorsal)\" style=\"height:125px\" \/><\/div>\n<div>\n<h5 class=\"section-title\">Acumulaci\u00f3n de grasa en el cuello (giba dorsal)<\/h5>\n<\/div>\n<div class=\"clearboth\"><\/div>\n<\/div>\n<div class=\"divider\" id=\"\">\n\t\n\t<\/div>\n<div class=\"risk-factor\">\n<div class=\"symp-pic\"><img decoding=\"async\" src=\"\/wp-content\/uploads\/2013\/01\/Obesity2.jpg\" class=\"aligncenter\" alt=\"Obesidad con acumulaci\u00f3n de grasa principalmente en el abdomen\" style=\"height:125px\" \/><\/div>\n<div class=\"wrap-tablet-toggle-fix\">\n<h5 class=\"section-title\">Obesidad con acumulaci\u00f3n de grasa principalmente en el abdomen<\/h5>\n<\/div>\n<div class=\"clearboth\"><\/div>\n<\/div>\n<div class=\"divider\" id=\"\">\n\t\n\t<\/div>\n<div class=\"risk-factor\">\n<div class=\"symp-pic\"><img decoding=\"async\" src=\"\/wp-content\/uploads\/2013\/06\/StretchMarks175.jpg\" class=\"aligncenter\" alt=\"Estr\u00edas o disminuci\u00f3n del grosor de la piel\" style=\"height:125px\" \/><\/div>\n<div>\n<h5 class=\"section-title\">Estr\u00edas o disminuci\u00f3n del grosor de la piel<\/h5>\n<\/div>\n<div class=\"clearboth\"><\/div>\n<\/div>\n<div class=\"divider\" id=\"\">\n\t\n\t<\/div>\n<div class=\"risk-factor\">\n<div class=\"symp-pic\"><img decoding=\"async\" src=\"\/wp-content\/uploads\/2013\/04\/ExcessiveBruisingBleeding150.jpg\" class=\"aligncenter\" alt=\"Hematomas que aparecen con facilidad\" style=\"height:125px\" \/><\/div>\n<div>\n<h5 class=\"section-title\">Hematomas que aparecen con facilidad<\/h5>\n<\/div>\n<div class=\"clearboth\"><\/div>\n<\/div>\n<div class=\"divider\" id=\"\">\n\t\n\t<\/div>\n<div class=\"risk-factor\">\n<div class=\"symp-pic\"><img decoding=\"async\" src=\"\/wp-content\/uploads\/2013\/10\/Red-Cheeks.png\" class=\"aligncenter\" alt=\"Enrojecimiento de las mejillas\" style=\"height:125px\" \/><\/div>\n<div class=\"wrap-tablet-toggle-fix\">\n<h5 class=\"section-title\">Enrojecimiento de las mejillas<\/h5>\n<\/div>\n<div class=\"clearboth\"><\/div>\n<\/div>\n<div class=\"divider\" id=\"\">\n\t\n\t<\/div><\/div>\n<div class=\"one_half last\">\n<div class=\"divider\" id=\"remove-divider\">\n\t\n\t<\/div><\/p>\n<div class=\"risk-factor\">\n<div class=\"symp-pic\"><img decoding=\"async\" src=\"\/wp-content\/uploads\/2013\/10\/Acne140x175.png\" class=\"aligncenter\" alt=\"Acn\u00e9 y aumento del crecimiento del cabello\" style=\"height:125px\" \/><\/div>\n<div>\n<h5 class=\"section-title\">Acn\u00e9 y aumento del crecimiento del cabello<\/h5>\n<\/div>\n<div class=\"clearboth\"><\/div>\n<\/div>\n<div class=\"divider\" id=\"\">\n\t\n\t<\/div>\n<div class=\"risk-factor\">\n<div class=\"symp-pic\"><img decoding=\"async\" src=\"\/wp-content\/uploads\/2013\/03\/Diabetes178x150.png\" class=\"aligncenter\" alt=\"Hiperglucemia o diabetes mellitus\" style=\"height:125px\" \/><\/div>\n<div>\n<h5 class=\"section-title\">Hiperglucemia o diabetes mellitus<\/h5>\n<\/div>\n<div class=\"clearboth\"><\/div>\n<\/div>\n<div class=\"divider\" id=\"\">\n\t\n\t<\/div>\n<div class=\"risk-factor\">\n<div class=\"symp-pic\"><img decoding=\"async\" src=\"\/wp-content\/uploads\/2013\/01\/HighBloodPressure.jpg\" class=\"aligncenter\" alt=\"Hipertensi\u00f3n arterial\" style=\"height:125px\" \/><\/div>\n<div>\n<h5 class=\"section-title\">Hipertensi\u00f3n arterial<\/h5>\n<\/div>\n<div class=\"clearboth\"><\/div>\n<\/div>\n<div class=\"divider\" id=\"\">\n\t\n\t<\/div>\n<div class=\"risk-factor\">\n<div class=\"symp-pic\"><img decoding=\"async\" src=\"\/wp-content\/uploads\/sites\/4\/2015\/07\/Pagets-Disease-es.jpg\" class=\"aligncenter\" alt=\"Debilidad \u00f3sea\" style=\"height:125px\" \/><\/div>\n<div>\n<h5 class=\"section-title\">Debilidad \u00f3sea<\/h5>\n<\/div>\n<div class=\"clearboth\"><\/div>\n<\/div>\n<div class=\"divider\" id=\"\">\n\t\n\t<\/div>\n<div class=\"risk-factor\">\n<div class=\"symp-pic\"><img decoding=\"async\" src=\"\/wp-content\/uploads\/2013\/03\/Weakness.jpg\" class=\"aligncenter\" alt=\"Debilidad muscular\" style=\"height:125px\" \/><\/div>\n<div>\n<h5 class=\"section-title\">Debilidad muscular<\/h5>\n<\/div>\n<div class=\"clearboth\"><\/div>\n<\/div>\n<div class=\"divider\" id=\"\">\n\t\n\t<\/div>\n<div class=\"risk-factor\">\n<div class=\"symp-pic\"><img decoding=\"async\" src=\"\/wp-content\/uploads\/2013\/04\/Depression-150.jpg\" class=\"aligncenter\" alt=\"Irritabilidad o depresi\u00f3n\" style=\"height:125px\" \/><\/div>\n<div>\n<h5 class=\"section-title\">Irritabilidad o depresi\u00f3n<\/h5>\n<\/div>\n<div class=\"clearboth\"><\/div>\n<\/div>\n<div class=\"divider\" id=\"\">\n\t\n\t<\/div><\/div>\n<div class=\"clearboth\"><\/div>\n<p><\/div><\/div><br \/>\n<div class=\"toggle\" data-type=\"toggle\"><a class=\"action\" role=\"tab\" tabindex=\"0\"><i class=\"fa fa-plus-circle\"><span class=\"screenreader\">Collapsed <\/span><\/i><span>Prolactina<\/span><\/a><div class=\"toggle-content\" role=\"tabpanel\" aria-hidden=\"true\"><\/p>\n<div class=\"one_half\">\n<div class=\"divider\" id=\"\">\n\t\n\t<\/div><\/p>\n<div class=\"risk-factor\">\n<div class=\"symp-pic\"><img decoding=\"async\" src=\"\/wp-content\/uploads\/2013\/01\/Fertility.jpg\" class=\"aligncenter\" alt=\"Esterilidad (en hombres y mujeres)\" style=\"height:125px\" \/><\/div>\n<div>\n<h5 class=\"section-title\">Esterilidad (en hombres y mujeres)<\/h5>\n<\/div>\n<div class=\"clearboth\"><\/div>\n<\/div>\n<div class=\"divider\" id=\"\">\n\t\n\t<\/div>\n<div class=\"risk-factor\">\n<div class=\"symp-pic\"><img decoding=\"async\" src=\"\/wp-content\/uploads\/2013\/04\/Just-a-Drop-of-Blood-150.jpg\" class=\"aligncenter\" alt=\"Menstruaciones irregulares o ausencia de ciclos (en mujeres)\" style=\"height:125px\" \/><\/div>\n<div class=\"wrap-tablet-toggle-fix\">\n<h5 class=\"section-title\">Menstruaciones irregulares o ausencia de ciclos (en mujeres)<\/h5>\n<\/div>\n<div class=\"clearboth\"><\/div>\n<\/div>\n<div class=\"divider\" id=\"\">\n\t\n\t<\/div>\n<div class=\"risk-factor\">\n<div class=\"symp-pic\"><img decoding=\"async\" src=\"\/wp-content\/uploads\/2014\/05\/Nipple-Discharge1-PSF.jpg\" class=\"aligncenter\" alt=\"Galactorrea (frecuente en mujeres y poco frecuente en hombres)\" style=\"height:125px\" \/><\/div>\n<div>\n<h5 class=\"section-title\">Galactorrea (frecuente en mujeres y poco frecuente en hombres)<\/h5>\n<\/div>\n<div class=\"clearboth\"><\/div>\n<\/div>\n<div class=\"divider\" id=\"\">\n\t\n\t<\/div><\/div>\n<div class=\"one_half last\">\n<div class=\"divider\" id=\"remove-divider\">\n\t\n\t<\/div><\/p>\n<div class=\"risk-factor\">\n<div class=\"symp-pic\"><img decoding=\"async\" src=\"\/wp-content\/uploads\/2013\/03\/Impotence200.jpg\" class=\"aligncenter\" alt=\"P\u00e9rdida de la libido (en hombres y mujeres)\" style=\"height:125px\" \/><\/div>\n<div>\n<h5 class=\"section-title\">P\u00e9rdida de la libido (en hombres y mujeres)<\/h5>\n<\/div>\n<div class=\"clearboth\"><\/div>\n<\/div>\n<div class=\"divider\" id=\"\">\n\t\n\t<\/div>\n<div class=\"risk-factor\">\n<div class=\"symp-pic\"><img decoding=\"async\" src=\"\/wp-content\/uploads\/2013\/06\/Depressed202x175.jpg\" class=\"aligncenter\" alt=\"Impotencia o disfunci\u00f3n er\u00e9ctil (en hombres)\" style=\"height:125px\" \/><\/div>\n<div>\n<h5 class=\"section-title\">Impotencia o disfunci\u00f3n er\u00e9ctil (en hombres)<\/h5>\n<\/div>\n<div class=\"clearboth\"><\/div>\n<\/div>\n<div class=\"divider\" id=\"\">\n\t\n\t<\/div><\/div>\n<div class=\"clearboth\"><\/div>\n<p><\/div><\/div><br \/>\n<div class=\"toggle\" data-type=\"toggle\"><a class=\"action\" role=\"tab\" tabindex=\"0\"><i class=\"fa fa-plus-circle\"><span class=\"screenreader\">Collapsed <\/span><\/i><span>Tirotropina<\/span><\/a><div class=\"toggle-content\" role=\"tabpanel\" aria-hidden=\"true\"><\/p>\n<div class=\"one_half\">\n<div class=\"divider\" id=\"\">\n\t\n\t<\/div><\/p>\n<div class=\"risk-factor\">\n<div class=\"symp-pic\"><img decoding=\"async\" src=\"\/wp-content\/uploads\/2021\/06\/black_feet_on_weight.jpg\" class=\"aligncenter\" alt=\"P\u00e9rdida de peso\" style=\"height:125px\" \/><\/div>\n<div>\n<h5 class=\"section-title\">P\u00e9rdida de peso<\/h5>\n<\/div>\n<div class=\"clearboth\"><\/div>\n<\/div>\n<div class=\"divider\" id=\"\">\n\t\n\t<\/div>\n<div class=\"risk-factor\">\n<div class=\"symp-pic\"><img decoding=\"async\" src=\"\/wp-content\/uploads\/2013\/10\/Anxiety213x175.png\" class=\"aligncenter\" alt=\"Nerviosismo, sacudidas o ansiedad\" style=\"height:125px\" \/><\/div>\n<div>\n<h5 class=\"section-title\">Nerviosismo, sacudidas o ansiedad<\/h5>\n<\/div>\n<div class=\"clearboth\"><\/div>\n<\/div>\n<div class=\"divider\" id=\"\">\n\t\n\t<\/div>\n<div class=\"risk-factor\">\n<div class=\"symp-pic\"><img decoding=\"async\" src=\"\/wp-content\/uploads\/2017\/04\/Heart-Rate-2.jpg\" class=\"aligncenter\" alt=\"Pulso irregular\" style=\"height:125px\" \/><\/div>\n<div>\n<h5 class=\"section-title\">Pulso irregular<\/h5>\n<\/div>\n<div class=\"clearboth\"><\/div>\n<\/div>\n<div class=\"divider\" id=\"\">\n\t\n\t<\/div><\/div>\n<div class=\"one_half last\">\n<div class=\"divider\" id=\"remove-divider\">\n\t\n\t<\/div><\/p>\n<div class=\"risk-factor\">\n<div class=\"symp-pic\"><img decoding=\"async\" src=\"\/wp-content\/uploads\/2013\/09\/WomanSleeping305x125.png\" class=\"aligncenter\" alt=\"Dificultad para dormir\" style=\"height:125px\" \/><\/div>\n<div>\n<h5 class=\"section-title\">Dificultad para dormir<\/h5>\n<\/div>\n<div class=\"clearboth\"><\/div>\n<\/div>\n<div class=\"divider\" id=\"\">\n\t\n\t<\/div>\n<div class=\"risk-factor\">\n<div class=\"symp-pic\"><img decoding=\"async\" src=\"\/wp-content\/uploads\/2013\/03\/DiarrheaNew150.jpg\" class=\"aligncenter\" alt=\"Aumento de deposiciones\" style=\"height:125px\" \/><\/div>\n<div>\n<h5 class=\"section-title\">Aumento de deposiciones<\/h5>\n<\/div>\n<div class=\"clearboth\"><\/div>\n<\/div>\n<div class=\"divider\" id=\"\">\n\t\n\t<\/div>\n<div class=\"risk-factor\">\n<div class=\"symp-pic\"><img decoding=\"async\" src=\"\/wp-content\/uploads\/2013\/03\/NightSweats150.png\" class=\"aligncenter\" alt=\"Sudoraci\u00f3n excesiva\" style=\"height:125px\" \/><\/div>\n<div>\n<h5 class=\"section-title\">Sudoraci\u00f3n excesiva<\/h5>\n<\/div>\n<div class=\"clearboth\"><\/div>\n<\/div>\n<div class=\"divider\" id=\"\">\n\t\n\t<\/div><\/div>\n<div class=\"clearboth\"><\/div>\n<p><\/div><\/div><br \/>\n<div class=\"toggle\" data-type=\"toggle\"><a class=\"action\" role=\"tab\" tabindex=\"0\"><i class=\"fa fa-plus-circle\"><span class=\"screenreader\">Collapsed <\/span><\/i><span>Hormona del crecimiento<\/span><\/a><div class=\"toggle-content\" role=\"tabpanel\" aria-hidden=\"true\"><\/p>\n<div class=\"one_half\">\n<div class=\"divider\" id=\"\">\n\t\n\t<\/div><\/p>\n<div class=\"risk-factor\">\n<div class=\"symp-pic\"><img decoding=\"async\" src=\"\/wp-content\/uploads\/2013\/06\/Hands165.jpg\" class=\"aligncenter\" alt=\"Crecimiento excesivo de huesos y tejidos blandos en las manos, los pies o la cabeza\" style=\"height:125px\" \/><\/div>\n<div class=\"wrap-tablet-toggle-fix\">\n<h5 class=\"section-title\">Crecimiento excesivo de huesos y tejidos blandos en las manos, los pies o la cabeza<\/h5>\n<\/div>\n<div class=\"clearboth\"><\/div>\n<\/div>\n<div class=\"divider\" id=\"\">\n\t\n\t<\/div>\n<div class=\"risk-factor\">\n<div class=\"symp-pic\"><img decoding=\"async\" src=\"\/wp-content\/uploads\/2013\/02\/JawInflammation.jpg\" class=\"aligncenter\" alt=\"Cambios en la apariencia o las caracter\u00edsticas faciales\" style=\"height:125px\" \/><\/div>\n<div>\n<h5 class=\"section-title\">Cambios en la apariencia o las caracter\u00edsticas faciales<\/h5>\n<\/div>\n<div class=\"clearboth\"><\/div>\n<\/div>\n<div class=\"divider\" id=\"\">\n\t\n\t<\/div>\n<div class=\"risk-factor\">\n<div class=\"symp-pic\"><img decoding=\"async\" src=\"\/wp-content\/uploads\/2015\/04\/Heart-Murmur-r1.jpg\" class=\"aligncenter\" alt=\"Cardiopat\u00eda\" style=\"height:125px\" \/><\/div>\n<div>\n<h5 class=\"section-title\">Cardiopat\u00eda<\/h5>\n<\/div>\n<div class=\"clearboth\"><\/div>\n<\/div>\n<div class=\"divider\" id=\"\">\n\t\n\t<\/div>\n<div class=\"risk-factor\">\n<div class=\"symp-pic\"><img decoding=\"async\" src=\"\/wp-content\/uploads\/2013\/05\/Pain-in-near-bone-joint-157x200.jpg\" class=\"aligncenter\" alt=\"Dolor de las articulaciones\" style=\"height:125px\" \/><\/div>\n<div>\n<h5 class=\"section-title\">Dolor de las articulaciones<\/h5>\n<\/div>\n<div class=\"clearboth\"><\/div>\n<\/div>\n<div class=\"divider\" id=\"\">\n\t\n\t<\/div><\/div>\n<div class=\"one_half last\">\n<div class=\"divider\" id=\"remove-divider\">\n\t\n\t<\/div><\/p>\n<div class=\"risk-factor\">\n<div class=\"symp-pic\"><img decoding=\"async\" src=\"\/wp-content\/uploads\/2013\/01\/HighBloodPressure.jpg\" class=\"aligncenter\" alt=\"Hipertensi\u00f3n arterial\" style=\"height:125px\" \/><\/div>\n<div>\n<h5 class=\"section-title\">Hipertensi\u00f3n arterial<\/h5>\n<\/div>\n<div class=\"clearboth\"><\/div>\n<\/div>\n<div class=\"divider\" id=\"\">\n\t\n\t<\/div>\n<div class=\"risk-factor\">\n<div class=\"symp-pic\"><img decoding=\"async\" src=\"\/wp-content\/uploads\/2013\/03\/NightSweats150.png\" class=\"aligncenter\" alt=\"Sudoraci\u00f3n abundante\" style=\"height:125px\" \/><\/div>\n<div>\n<h5 class=\"section-title\">Sudoraci\u00f3n abundante<\/h5>\n<\/div>\n<div class=\"clearboth\"><\/div>\n<\/div>\n<div class=\"divider\" id=\"\">\n\t\n\t<\/div>\n<div class=\"risk-factor\">\n<div class=\"symp-pic\"><img decoding=\"async\" src=\"\/wp-content\/uploads\/2013\/03\/Diabetes178x150.png\" class=\"aligncenter\" alt=\"Hiperglucemia o diabetes\" style=\"height:125px\" \/><\/div>\n<div>\n<h5 class=\"section-title\">Nivel alto de az\u00facar en sangre o diabetes mellitus<\/h5>\n<\/div>\n<div class=\"clearboth\"><\/div>\n<\/div>\n<div class=\"divider\" id=\"\">\n\t\n\t<\/div>\n<div class=\"risk-factor\">\n<div class=\"symp-pic\"><img decoding=\"async\" src=\"\/wp-content\/uploads\/2013\/10\/ObstructiveSleep268x175.png\" class=\"aligncenter\" alt=\"Apnea del sue\u00f1o obstructiva\" style=\"height:125px\" \/><\/div>\n<div>\n<h5 class=\"section-title\">Apnea del sue\u00f1o obstructiva<\/h5>\n<\/div>\n<div class=\"clearboth\"><\/div>\n<\/div>\n<div class=\"divider\" id=\"\">\n\t\n\t<\/div><\/div>\n<div class=\"clearboth\"><\/div>\n<p><\/div><\/div><\/p>\n","protected":false},"excerpt":{"rendered":"<p>S\u00edntomas Los s\u00edntomas de los tumores hipofisarios pueden ser causados por el crecimiento del tumor mismo o por las hormonas que este produce. Inf\u00f3rmele al m\u00e9dico si manifiesta algunos de los siguientes s\u00edntomas: S\u00edntomas de los tumores no funcionantes Los tumores hipofisarios no funcionantes pueden alcanzar un gran tama\u00f1o e inhibir la funci\u00f3n normal de [&hellip;]<\/p>\n","protected":false},"author":5,"featured_media":0,"parent":15588,"menu_order":3,"comment_status":"closed","ping_status":"open","template":"template-tumor.php","meta":{"footnotes":""},"tags":[10],"class_list":["post-15642","page","type-page","status-publish","hentry","tag-members-only"],"yoast_head":"<!-- This site is optimized with the Yoast SEO plugin v25.0 - https:\/\/yoast.com\/wordpress\/plugins\/seo\/ -->\n<title>CMedEd | Informaci\u00f3n para comprender los tumores hipofisarios | S\u00edntomas<\/title>\n<meta name=\"description\" content=\"S\u00edntomas Los s\u00edntomas de los tumores hipofisarios pueden ser causados por el crecimiento del tumor mismo o por las hormonas que este produce. Inf\u00f3rmele al\" \/>\n<meta name=\"robots\" content=\"index, follow, max-snippet:-1, max-image-preview:large, max-video-preview:-1\" \/>\n<link rel=\"canonical\" href=\"https:\/\/cmeded.com\/es\/endocrine\/understanding-pituitary-tumors\/symptoms\/\" \/>\n<meta property=\"og:locale\" content=\"es_ES\" \/>\n<meta property=\"og:type\" content=\"article\" \/>\n<meta property=\"og:title\" content=\"CMedEd | Informaci\u00f3n para comprender los tumores hipofisarios | S\u00edntomas\" \/>\n<meta property=\"og:description\" content=\"S\u00edntomas Los s\u00edntomas de los tumores hipofisarios pueden ser causados por el crecimiento del tumor mismo o por las hormonas que este produce. Inf\u00f3rmele al\" \/>\n<meta property=\"og:url\" content=\"https:\/\/cmeded.com\/es\/endocrine\/understanding-pituitary-tumors\/symptoms\/\" \/>\n<meta property=\"og:site_name\" content=\"CMedEd\" \/>\n<meta property=\"article:modified_time\" content=\"2023-08-29T05:08:20+00:00\" \/>\n<meta name=\"twitter:card\" content=\"summary_large_image\" \/>\n<meta name=\"twitter:label1\" content=\"Tiempo de lectura\" \/>\n\t<meta name=\"twitter:data1\" content=\"9 minutos\" \/>\n<script type=\"application\/ld+json\" class=\"yoast-schema-graph\">{\"@context\":\"https:\/\/schema.org\",\"@graph\":[{\"@type\":\"WebPage\",\"@id\":\"https:\/\/cmeded.com\/es\/endocrine\/understanding-pituitary-tumors\/symptoms\/\",\"url\":\"https:\/\/cmeded.com\/es\/endocrine\/understanding-pituitary-tumors\/symptoms\/\",\"name\":\"CMedEd | Informaci\u00f3n para comprender los tumores hipofisarios | S\u00edntomas\",\"isPartOf\":{\"@id\":\"https:\/\/cmeded.com\/es\/#website\"},\"datePublished\":\"2014-02-21T18:40:02+00:00\",\"dateModified\":\"2023-08-29T05:08:20+00:00\",\"description\":\"S\u00edntomas Los s\u00edntomas de los tumores hipofisarios pueden ser causados por el crecimiento del tumor mismo o por las hormonas que este produce. Inf\u00f3rmele al\",\"breadcrumb\":{\"@id\":\"https:\/\/cmeded.com\/es\/endocrine\/understanding-pituitary-tumors\/symptoms\/#breadcrumb\"},\"inLanguage\":\"es\",\"potentialAction\":[{\"@type\":\"ReadAction\",\"target\":[\"https:\/\/cmeded.com\/es\/endocrine\/understanding-pituitary-tumors\/symptoms\/\"]}]},{\"@type\":\"BreadcrumbList\",\"@id\":\"https:\/\/cmeded.com\/es\/endocrine\/understanding-pituitary-tumors\/symptoms\/#breadcrumb\",\"itemListElement\":[{\"@type\":\"ListItem\",\"position\":1,\"name\":\"Home\",\"item\":\"https:\/\/cmeded.com\/es\/\"},{\"@type\":\"ListItem\",\"position\":2,\"name\":\"Endocrino\",\"item\":\"https:\/\/cmeded.com\/es\/endocrine\/\"},{\"@type\":\"ListItem\",\"position\":3,\"name\":\"Informaci\u00f3n para comprender los tumores hipofisarios\",\"item\":\"https:\/\/cmeded.com\/es\/endocrine\/understanding-pituitary-tumors\/\"},{\"@type\":\"ListItem\",\"position\":4,\"name\":\"S\u00edntomas\"}]},{\"@type\":\"WebSite\",\"@id\":\"https:\/\/cmeded.com\/es\/#website\",\"url\":\"https:\/\/cmeded.com\/es\/\",\"name\":\"CMedEd\",\"description\":\"Recurso principal de informaci\u00f3n sobre el c\u00e1ncer\",\"potentialAction\":[{\"@type\":\"SearchAction\",\"target\":{\"@type\":\"EntryPoint\",\"urlTemplate\":\"https:\/\/cmeded.com\/es\/?s={search_term_string}\"},\"query-input\":{\"@type\":\"PropertyValueSpecification\",\"valueRequired\":true,\"valueName\":\"search_term_string\"}}],\"inLanguage\":\"es\"}]}<\/script>\n<!-- \/ Yoast SEO plugin. -->","yoast_head_json":{"title":"CMedEd | Informaci\u00f3n para comprender los tumores hipofisarios | S\u00edntomas","description":"S\u00edntomas Los s\u00edntomas de los tumores hipofisarios pueden ser causados por el crecimiento del tumor mismo o por las hormonas que este produce. Inf\u00f3rmele al","robots":{"index":"index","follow":"follow","max-snippet":"max-snippet:-1","max-image-preview":"max-image-preview:large","max-video-preview":"max-video-preview:-1"},"canonical":"https:\/\/cmeded.com\/es\/endocrine\/understanding-pituitary-tumors\/symptoms\/","og_locale":"es_ES","og_type":"article","og_title":"CMedEd | Informaci\u00f3n para comprender los tumores hipofisarios | S\u00edntomas","og_description":"S\u00edntomas Los s\u00edntomas de los tumores hipofisarios pueden ser causados por el crecimiento del tumor mismo o por las hormonas que este produce. Inf\u00f3rmele al","og_url":"https:\/\/cmeded.com\/es\/endocrine\/understanding-pituitary-tumors\/symptoms\/","og_site_name":"CMedEd","article_modified_time":"2023-08-29T05:08:20+00:00","twitter_card":"summary_large_image","twitter_misc":{"Tiempo de lectura":"9 minutos"},"schema":{"@context":"https:\/\/schema.org","@graph":[{"@type":"WebPage","@id":"https:\/\/cmeded.com\/es\/endocrine\/understanding-pituitary-tumors\/symptoms\/","url":"https:\/\/cmeded.com\/es\/endocrine\/understanding-pituitary-tumors\/symptoms\/","name":"CMedEd | Informaci\u00f3n para comprender los tumores hipofisarios | S\u00edntomas","isPartOf":{"@id":"https:\/\/cmeded.com\/es\/#website"},"datePublished":"2014-02-21T18:40:02+00:00","dateModified":"2023-08-29T05:08:20+00:00","description":"S\u00edntomas Los s\u00edntomas de los tumores hipofisarios pueden ser causados por el crecimiento del tumor mismo o por las hormonas que este produce. Inf\u00f3rmele al","breadcrumb":{"@id":"https:\/\/cmeded.com\/es\/endocrine\/understanding-pituitary-tumors\/symptoms\/#breadcrumb"},"inLanguage":"es","potentialAction":[{"@type":"ReadAction","target":["https:\/\/cmeded.com\/es\/endocrine\/understanding-pituitary-tumors\/symptoms\/"]}]},{"@type":"BreadcrumbList","@id":"https:\/\/cmeded.com\/es\/endocrine\/understanding-pituitary-tumors\/symptoms\/#breadcrumb","itemListElement":[{"@type":"ListItem","position":1,"name":"Home","item":"https:\/\/cmeded.com\/es\/"},{"@type":"ListItem","position":2,"name":"Endocrino","item":"https:\/\/cmeded.com\/es\/endocrine\/"},{"@type":"ListItem","position":3,"name":"Informaci\u00f3n para comprender los tumores hipofisarios","item":"https:\/\/cmeded.com\/es\/endocrine\/understanding-pituitary-tumors\/"},{"@type":"ListItem","position":4,"name":"S\u00edntomas"}]},{"@type":"WebSite","@id":"https:\/\/cmeded.com\/es\/#website","url":"https:\/\/cmeded.com\/es\/","name":"CMedEd","description":"Recurso principal de informaci\u00f3n sobre el c\u00e1ncer","potentialAction":[{"@type":"SearchAction","target":{"@type":"EntryPoint","urlTemplate":"https:\/\/cmeded.com\/es\/?s={search_term_string}"},"query-input":{"@type":"PropertyValueSpecification","valueRequired":true,"valueName":"search_term_string"}}],"inLanguage":"es"}]}},"_links":{"self":[{"href":"https:\/\/cmeded.com\/es\/wp-json\/wp\/v2\/pages\/15642","targetHints":{"allow":["GET"]}}],"collection":[{"href":"https:\/\/cmeded.com\/es\/wp-json\/wp\/v2\/pages"}],"about":[{"href":"https:\/\/cmeded.com\/es\/wp-json\/wp\/v2\/types\/page"}],"author":[{"embeddable":true,"href":"https:\/\/cmeded.com\/es\/wp-json\/wp\/v2\/users\/5"}],"replies":[{"embeddable":true,"href":"https:\/\/cmeded.com\/es\/wp-json\/wp\/v2\/comments?post=15642"}],"version-history":[{"count":0,"href":"https:\/\/cmeded.com\/es\/wp-json\/wp\/v2\/pages\/15642\/revisions"}],"up":[{"embeddable":true,"href":"https:\/\/cmeded.com\/es\/wp-json\/wp\/v2\/pages\/15588"}],"wp:attachment":[{"href":"https:\/\/cmeded.com\/es\/wp-json\/wp\/v2\/media?parent=15642"}],"wp:term":[{"taxonomy":"post_tag","embeddable":true,"href":"https:\/\/cmeded.com\/es\/wp-json\/wp\/v2\/tags?post=15642"}],"curies":[{"name":"wp","href":"https:\/\/api.w.org\/{rel}","templated":true}]}}