{"id":15607,"date":"2014-02-21T11:06:44","date_gmt":"2014-02-21T17:06:44","guid":{"rendered":"http:\/\/www.cmeded.com\/?page_id=15607"},"modified":"2023-08-24T18:50:54","modified_gmt":"2023-08-24T23:50:54","slug":"risk-factors","status":"publish","type":"page","link":"https:\/\/cmeded.com\/es\/endocrine\/understanding-pituitary-tumors\/risk-factors\/","title":{"rendered":"Factores de riesgo"},"content":{"rendered":"<h4 class=\"section-title\">Factores de riesgo<\/h4>\n<p class=\"section-content\">Un factor de riesgo hace referencia a una caracter\u00edstica, una conducta o una afecci\u00f3n que aumenta las posibilidades de contraer una enfermedad.  No existen factores de riesgo conductuales conocidos para el desarrollo de un tumor hipofisario y, en general, se conocen muy pocos factores de riesgo.  Las siguientes son algunas afecciones gen\u00e9ticas hereditarias que pueden aumentar el riesgo de contraer tumores hipofisarios.<\/p>\n<div class=\"divider\" id=\"\">\n\t\n\t<\/div>\n<div class=\"risk-factor\">\n<div class=\"symp-pic\"><div id=\"doubleballoon\" style=\"width: 260px\" class=\"wp-caption center aligncenter\"><a href=\"\/wp-content\/uploads\/sites\/4\/2015\/07\/MEN1-Syndrome-es.jpg\" title=\"Click Image to Enlarge.\"><img decoding=\"async\" aria-describedby=\"caption-doubleballoon\" src=\"\/wp-content\/uploads\/sites\/4\/2015\/07\/MEN1-Syndrome-es.jpg\" alt=\"S\u00edndrome de neoplasia endocrina m\u00faltiple de tipo 1\" class=\"aligncenter\" style=\"max-height:150px\" \/><\/a><p id=\"caption-doubleballoon\" class=\"wp-caption-text\">Click Image to Enlarge.<\/p><\/div><\/div>\n<div class=\"risk-text-wrap\">\n<h5 class=\"section-title\">S\u00edndrome de neoplasia endocrina m\u00faltiple de tipo 1<\/h5>\n<p class=\"section-content\">La neoplasia endocrina m\u00faltiple de tipo 1 (NEM1) es una afecci\u00f3n gen\u00e9tica hereditaria que implica la formaci\u00f3n de tumores en la hip\u00f3fisis, la gl\u00e1ndula paratiroidea y el p\u00e1ncreas.<\/p>\n<\/div>\n<div class=\"clearboth\"><\/div>\n<\/div>\n<div class=\"divider\" id=\"\">\n\t\n\t<\/div>\n<div class=\"risk-factor\">\n<div class=\"symp-pic\"><div id=\"doubleballoon\" style=\"width: 260px\" class=\"wp-caption center aligncenter\"><a href=\"\/wp-content\/uploads\/sites\/4\/2015\/07\/Pituitary-Tumors-FIPA-es.jpg\" title=\"Click Image to Enlarge.\"><img decoding=\"async\" aria-describedby=\"caption-doubleballoon\" src=\"\/wp-content\/uploads\/sites\/4\/2015\/07\/Pituitary-Tumors-FIPA-es.jpg\" class=\"aligncenter\" alt=\"Adenoma hipofisario aislado familiar\" style=\"max-height:150px\" \/><\/a><p id=\"caption-doubleballoon\" class=\"wp-caption-text\">Click Image to Enlarge.<\/p><\/div><\/div>\n<div class=\"risk-text-wrap\">\n<h5 class=\"section-title\">Adenoma hipofisario aislado familiar<\/h5>\n<p class=\"section-content\">El adenoma hipofisario aislado familiar (familial isolated pituitary adenoma, FIPA) es otra enfermedad gen\u00e9tica hereditaria en la cual se forman tumores en la hip\u00f3fisis. Lo m\u00e1s probable es que estos tumores produzcan un exceso de hormona de crecimiento y prolactina.<\/p>\n<\/div>\n<div class=\"clearboth\"><\/div>\n<\/div>\n<div class=\"divider\" id=\"\">\n\t\n\t<\/div>\n<div class=\"risk-factor\">\n<div class=\"symp-pic\"><div id=\"doubleballoon\" style=\"width: 260px\" class=\"wp-caption center aligncenter\"><a href=\"\/wp-content\/uploads\/sites\/4\/2015\/07\/Carney-Complex-es.jpg\" title=\"Click Image to Enlarge.\"><img decoding=\"async\" aria-describedby=\"caption-doubleballoon\" src=\"\/wp-content\/uploads\/sites\/4\/2015\/07\/Carney-Complex-es.jpg\" class=\"aligncenter\" alt=\"Complejo de Carney\" style=\"max-height:150px\" \/><\/a><p id=\"caption-doubleballoon\" class=\"wp-caption-text\">Click Image to Enlarge.<\/p><\/div><\/div>\n<div class=\"risk-text-wrap\">\n<h5 class=\"section-title\">Complejo de Carney<\/h5>\n<p class=\"section-content\">El complejo de Carney es una afecci\u00f3n gen\u00e9tica hereditaria que puede generar la formaci\u00f3n de manchas oscuras en la piel o tumores en el coraz\u00f3n, las gl\u00e1ndulas endocrinas, los nervios o la piel.  Esta enfermedad puede aumentar el riesgo de que se desarrolle un tumor hipofisario (generalmente la hormona del crecimiento que produce adenomas). Tambi\u00e9n hay mayores riesgos de tener carcinoma de tiroides, tumores testiculares, quistes en los ovarios y adenomas mamarios. <\/p>\n<\/div>\n<div class=\"clearboth\"><\/div>\n<\/div>\n<div class=\"divider\" id=\"\">\n\t\n\t<\/div>\n<div class=\"risk-factor\">\n<div class=\"symp-pic\"><div id=\"doubleballoon\" style=\"width: 260px\" class=\"wp-caption center aligncenter\"><a href=\"\/wp-content\/uploads\/sites\/4\/2015\/07\/Isolated-Familial-Acromegaly-es.jpg\" title=\"Click Image to Enlarge.\"><img decoding=\"async\" aria-describedby=\"caption-doubleballoon\" src=\"\/wp-content\/uploads\/sites\/4\/2015\/07\/Isolated-Familial-Acromegaly-es.jpg\" class=\"aligncenter\" alt=\"Acromegalia familiar aislada\" style=\"max-height:150px\" \/><\/a><p id=\"caption-doubleballoon\" class=\"wp-caption-text\">Click Image to Enlarge.<\/p><\/div><\/div>\n<div class=\"risk-text-wrap\">\n<h5 class=\"section-title\">Acromegalia familiar aislada<\/h5>\n<p class=\"section-content\">La acromegalia familiar aislada es una afecci\u00f3n por la cual la hip\u00f3fisis produce la hormona del crecimiento en exceso antes o despu\u00e9s de que el esqueleto y los huesos han dejado de crecer.  A ra\u00edz de esta afecci\u00f3n, los huesos tal vez aumenten de tama\u00f1o considerablemente, a lo largo y a lo ancho, lo cual da lugar a manifestaciones faciales y \u00f3seas \u00fanicas de esta enfermedad.<\/p>\n<\/div>\n<div class=\"clearboth\"><\/div>\n<\/div>\n","protected":false},"excerpt":{"rendered":"<p>Factores de riesgo Un factor de riesgo hace referencia a una caracter\u00edstica, una conducta o una afecci\u00f3n que aumenta las posibilidades de contraer una enfermedad. No existen factores de riesgo conductuales conocidos para el desarrollo de un tumor hipofisario y, en general, se conocen muy pocos factores de riesgo. Las siguientes son algunas afecciones gen\u00e9ticas [&hellip;]<\/p>\n","protected":false},"author":5,"featured_media":0,"parent":15588,"menu_order":2,"comment_status":"closed","ping_status":"open","template":"template-tumor.php","meta":{"footnotes":""},"tags":[10],"class_list":["post-15607","page","type-page","status-publish","hentry","tag-members-only"],"yoast_head":"<!-- This site is optimized with the Yoast SEO plugin v25.0 - https:\/\/yoast.com\/wordpress\/plugins\/seo\/ -->\n<title>CMedEd | Informaci\u00f3n para comprender los tumores hipofisarios | Factores de riesgo<\/title>\n<meta name=\"description\" content=\"Factores de riesgo Un factor de riesgo hace referencia a una caracter\u00edstica, una conducta o una afecci\u00f3n que aumenta las posibilidades de contraer una\" \/>\n<meta name=\"robots\" content=\"index, follow, max-snippet:-1, max-image-preview:large, max-video-preview:-1\" \/>\n<link rel=\"canonical\" href=\"https:\/\/cmeded.com\/es\/endocrine\/understanding-pituitary-tumors\/risk-factors\/\" \/>\n<meta property=\"og:locale\" content=\"es_ES\" \/>\n<meta property=\"og:type\" content=\"article\" \/>\n<meta property=\"og:title\" content=\"CMedEd | Informaci\u00f3n para comprender los tumores hipofisarios | Factores de riesgo\" \/>\n<meta property=\"og:description\" content=\"Factores de riesgo Un factor de riesgo hace referencia a una caracter\u00edstica, una conducta o una afecci\u00f3n que aumenta las posibilidades de contraer una\" \/>\n<meta property=\"og:url\" content=\"https:\/\/cmeded.com\/es\/endocrine\/understanding-pituitary-tumors\/risk-factors\/\" \/>\n<meta property=\"og:site_name\" content=\"CMedEd\" \/>\n<meta property=\"article:modified_time\" content=\"2023-08-24T23:50:54+00:00\" \/>\n<meta name=\"twitter:card\" content=\"summary_large_image\" \/>\n<meta name=\"twitter:label1\" content=\"Tiempo de lectura\" \/>\n\t<meta name=\"twitter:data1\" content=\"2 minutos\" \/>\n<script type=\"application\/ld+json\" class=\"yoast-schema-graph\">{\"@context\":\"https:\/\/schema.org\",\"@graph\":[{\"@type\":\"WebPage\",\"@id\":\"https:\/\/cmeded.com\/es\/endocrine\/understanding-pituitary-tumors\/risk-factors\/\",\"url\":\"https:\/\/cmeded.com\/es\/endocrine\/understanding-pituitary-tumors\/risk-factors\/\",\"name\":\"CMedEd | Informaci\u00f3n para comprender los tumores hipofisarios | Factores de riesgo\",\"isPartOf\":{\"@id\":\"https:\/\/cmeded.com\/es\/#website\"},\"datePublished\":\"2014-02-21T17:06:44+00:00\",\"dateModified\":\"2023-08-24T23:50:54+00:00\",\"description\":\"Factores de riesgo Un factor de riesgo hace referencia a una caracter\u00edstica, una conducta o una afecci\u00f3n que aumenta las posibilidades de contraer una\",\"breadcrumb\":{\"@id\":\"https:\/\/cmeded.com\/es\/endocrine\/understanding-pituitary-tumors\/risk-factors\/#breadcrumb\"},\"inLanguage\":\"es\",\"potentialAction\":[{\"@type\":\"ReadAction\",\"target\":[\"https:\/\/cmeded.com\/es\/endocrine\/understanding-pituitary-tumors\/risk-factors\/\"]}]},{\"@type\":\"BreadcrumbList\",\"@id\":\"https:\/\/cmeded.com\/es\/endocrine\/understanding-pituitary-tumors\/risk-factors\/#breadcrumb\",\"itemListElement\":[{\"@type\":\"ListItem\",\"position\":1,\"name\":\"Home\",\"item\":\"https:\/\/cmeded.com\/es\/\"},{\"@type\":\"ListItem\",\"position\":2,\"name\":\"Endocrino\",\"item\":\"https:\/\/cmeded.com\/es\/endocrine\/\"},{\"@type\":\"ListItem\",\"position\":3,\"name\":\"Informaci\u00f3n para comprender los tumores hipofisarios\",\"item\":\"https:\/\/cmeded.com\/es\/endocrine\/understanding-pituitary-tumors\/\"},{\"@type\":\"ListItem\",\"position\":4,\"name\":\"Factores de riesgo\"}]},{\"@type\":\"WebSite\",\"@id\":\"https:\/\/cmeded.com\/es\/#website\",\"url\":\"https:\/\/cmeded.com\/es\/\",\"name\":\"CMedEd\",\"description\":\"Recurso principal de informaci\u00f3n sobre el c\u00e1ncer\",\"potentialAction\":[{\"@type\":\"SearchAction\",\"target\":{\"@type\":\"EntryPoint\",\"urlTemplate\":\"https:\/\/cmeded.com\/es\/?s={search_term_string}\"},\"query-input\":{\"@type\":\"PropertyValueSpecification\",\"valueRequired\":true,\"valueName\":\"search_term_string\"}}],\"inLanguage\":\"es\"}]}<\/script>\n<!-- \/ Yoast SEO plugin. -->","yoast_head_json":{"title":"CMedEd | Informaci\u00f3n para comprender los tumores hipofisarios | Factores de riesgo","description":"Factores de riesgo Un factor de riesgo hace referencia a una caracter\u00edstica, una conducta o una afecci\u00f3n que aumenta las posibilidades de contraer una","robots":{"index":"index","follow":"follow","max-snippet":"max-snippet:-1","max-image-preview":"max-image-preview:large","max-video-preview":"max-video-preview:-1"},"canonical":"https:\/\/cmeded.com\/es\/endocrine\/understanding-pituitary-tumors\/risk-factors\/","og_locale":"es_ES","og_type":"article","og_title":"CMedEd | Informaci\u00f3n para comprender los tumores hipofisarios | Factores de riesgo","og_description":"Factores de riesgo Un factor de riesgo hace referencia a una caracter\u00edstica, una conducta o una afecci\u00f3n que aumenta las posibilidades de contraer una","og_url":"https:\/\/cmeded.com\/es\/endocrine\/understanding-pituitary-tumors\/risk-factors\/","og_site_name":"CMedEd","article_modified_time":"2023-08-24T23:50:54+00:00","twitter_card":"summary_large_image","twitter_misc":{"Tiempo de lectura":"2 minutos"},"schema":{"@context":"https:\/\/schema.org","@graph":[{"@type":"WebPage","@id":"https:\/\/cmeded.com\/es\/endocrine\/understanding-pituitary-tumors\/risk-factors\/","url":"https:\/\/cmeded.com\/es\/endocrine\/understanding-pituitary-tumors\/risk-factors\/","name":"CMedEd | Informaci\u00f3n para comprender los tumores hipofisarios | Factores de riesgo","isPartOf":{"@id":"https:\/\/cmeded.com\/es\/#website"},"datePublished":"2014-02-21T17:06:44+00:00","dateModified":"2023-08-24T23:50:54+00:00","description":"Factores de riesgo Un factor de riesgo hace referencia a una caracter\u00edstica, una conducta o una afecci\u00f3n que aumenta las posibilidades de contraer una","breadcrumb":{"@id":"https:\/\/cmeded.com\/es\/endocrine\/understanding-pituitary-tumors\/risk-factors\/#breadcrumb"},"inLanguage":"es","potentialAction":[{"@type":"ReadAction","target":["https:\/\/cmeded.com\/es\/endocrine\/understanding-pituitary-tumors\/risk-factors\/"]}]},{"@type":"BreadcrumbList","@id":"https:\/\/cmeded.com\/es\/endocrine\/understanding-pituitary-tumors\/risk-factors\/#breadcrumb","itemListElement":[{"@type":"ListItem","position":1,"name":"Home","item":"https:\/\/cmeded.com\/es\/"},{"@type":"ListItem","position":2,"name":"Endocrino","item":"https:\/\/cmeded.com\/es\/endocrine\/"},{"@type":"ListItem","position":3,"name":"Informaci\u00f3n para comprender los tumores hipofisarios","item":"https:\/\/cmeded.com\/es\/endocrine\/understanding-pituitary-tumors\/"},{"@type":"ListItem","position":4,"name":"Factores de riesgo"}]},{"@type":"WebSite","@id":"https:\/\/cmeded.com\/es\/#website","url":"https:\/\/cmeded.com\/es\/","name":"CMedEd","description":"Recurso principal de informaci\u00f3n sobre el c\u00e1ncer","potentialAction":[{"@type":"SearchAction","target":{"@type":"EntryPoint","urlTemplate":"https:\/\/cmeded.com\/es\/?s={search_term_string}"},"query-input":{"@type":"PropertyValueSpecification","valueRequired":true,"valueName":"search_term_string"}}],"inLanguage":"es"}]}},"_links":{"self":[{"href":"https:\/\/cmeded.com\/es\/wp-json\/wp\/v2\/pages\/15607","targetHints":{"allow":["GET"]}}],"collection":[{"href":"https:\/\/cmeded.com\/es\/wp-json\/wp\/v2\/pages"}],"about":[{"href":"https:\/\/cmeded.com\/es\/wp-json\/wp\/v2\/types\/page"}],"author":[{"embeddable":true,"href":"https:\/\/cmeded.com\/es\/wp-json\/wp\/v2\/users\/5"}],"replies":[{"embeddable":true,"href":"https:\/\/cmeded.com\/es\/wp-json\/wp\/v2\/comments?post=15607"}],"version-history":[{"count":0,"href":"https:\/\/cmeded.com\/es\/wp-json\/wp\/v2\/pages\/15607\/revisions"}],"up":[{"embeddable":true,"href":"https:\/\/cmeded.com\/es\/wp-json\/wp\/v2\/pages\/15588"}],"wp:attachment":[{"href":"https:\/\/cmeded.com\/es\/wp-json\/wp\/v2\/media?parent=15607"}],"wp:term":[{"taxonomy":"post_tag","embeddable":true,"href":"https:\/\/cmeded.com\/es\/wp-json\/wp\/v2\/tags?post=15607"}],"curies":[{"name":"wp","href":"https:\/\/api.w.org\/{rel}","templated":true}]}}