{"id":15536,"date":"2014-02-21T09:43:39","date_gmt":"2014-02-21T15:43:39","guid":{"rendered":"http:\/\/www.cmeded.com\/?page_id=15536"},"modified":"2025-04-26T17:54:48","modified_gmt":"2025-04-26T22:54:48","slug":"overview","status":"publish","type":"page","link":"https:\/\/cmeded.com\/es\/childhood\/understanding-childhood-leukemia\/overview\/","title":{"rendered":"Generalidades"},"content":{"rendered":"<p><div class=\"one_third\"><br \/>\n<div id=\"bc-overview\" style=\"width: 460px\" class=\"wp-caption center aligncenter\"><a href=\"\/wp-content\/uploads\/sites\/4\/2015\/07\/childhood-leukemia-overview-es.jpg\" title=\"Click Image to Enlarge.\"><img decoding=\"async\" aria-describedby=\"caption-bc-overview\" src=\"\/wp-content\/uploads\/sites\/4\/2015\/07\/childhood-leukemia-overview-es.jpg\" class=\"aligncenter ovr-pic\" alt=\"leucemia infantil\" \/><\/a><p id=\"caption-bc-overview\" class=\"wp-caption-text\">Click Image to Enlarge.<\/p><\/div><br \/><\/div><br \/>\n<div class=\"two_third last\"><\/p>\n<h4 class=\"section-title\">\u00bfQu\u00e9 es la leucemia infantil?<\/h4>\n<p class=\"section-content\">La leucemia es el c\u00e1ncer m\u00e1s frecuentemente diagnosticado en ni\u00f1os. M\u00e1s del 30% de todos los c\u00e1nceres infantiles son leucemias. La leucemia es un tipo de c\u00e1ncer que se forma en la m\u00e9dula \u00f3sea, el tejido blando y esponjoso dentro de los huesos donde se producen las c\u00e9lulas sangu\u00edneas. La m\u00e9dula \u00f3sea contiene c\u00e9lulas madre inmaduras productoras de sangre que eventualmente se convierten en gl\u00f3bulos rojos, gl\u00f3bulos blancos y plaquetas maduros. En la leucemia aguda, los gl\u00f3bulos blancos inmaduros y malignos llamados \"blastos\" no se convierten en una c\u00e9lula madura debido a una composici\u00f3n gen\u00e9tica anormal de esa c\u00e9lula espec\u00edfica. Estas c\u00e9lulas anormales e inmaduras no funcionan correctamente y pueden desplazar a las c\u00e9lulas sangu\u00edneas sanas, provocando condiciones como anemia (nivel bajo de gl\u00f3bulos rojos), leucopenia (nivel bajo de gl\u00f3bulos blancos) y trombocitopenia (nivel bajo de plaquetas).<\/p>\n<p><\/div><div class=\"clearboth\"><\/div><\/p>\n<p class=\"section-content\">Las leucemias reciben su nombre a ra\u00edz del tipo espec\u00edfico de c\u00e9lulas sangu\u00edneas inmaduras afectadas, ya sean c\u00e9lulas linfoc\u00edticas o mieloides.  Las leucemias tambi\u00e9n reciben sus nombres seg\u00fan la madurez de las c\u00e9lulas sangu\u00edneas afectadas.  Las c\u00e9lulas de la leucemia aguda son m\u00e1s inmaduras que las c\u00e9lulas de la leucemia cr\u00f3nica y, adem\u00e1s, crecen con m\u00e1s agresividad.  Casi todas las leucemias infantiles son agudas.  A continuaci\u00f3n, se detallan los tipos m\u00e1s frecuentes de leucemia infantil:<\/p>\n<div class=\"clearboth\"><\/div>\n<div class=\"divider\" id=\"\">\n\t\n\t<\/div>\n<div class=\"risk-factor\">\n<div class=\"symp-pic\"><div style=\"width: 410px\" class=\"wp-caption alignnone\"><a href=\"\/wp-content\/uploads\/sites\/4\/2015\/07\/ALL-Overview-r5-es.jpg\" title=\"Click Image to Enlarge.\"><img decoding=\"async\" src=\"\/wp-content\/uploads\/sites\/4\/2015\/07\/ALL-Overview-r5-es.jpg\" class=\"aligncenter\" style=\"max-height:125px;\" alt=\"Leucemia linfoc\u00edtica aguda\"><\/a><p class=\"wp-caption-text\">Click Image to Enlarge<\/p><\/div><\/div>\n<div class=\"risk-text-wrap\">\n<h5 class=\"section-title\">Leucemia linfoc\u00edtica aguda<\/h5>\n<p class=\"section-content\">La leucemia linfoc\u00edtica aguda (LLA) es el tipo de leucemia infantil m\u00e1s frecuente.  La LLA representa alrededor del 75 % de todos los diagn\u00f3sticos de leucemia en ni\u00f1os.  <\/p>\n<\/p><\/div>\n<div class=\"clearboth\"><\/div>\n<\/div>\n<div class=\"divider\" id=\"\">\n\t\n\t<\/div>\n<div class=\"risk-factor\">\n<div class=\"symp-pic\"><div style=\"width: 410px\" class=\"wp-caption alignnone\"><a href=\"\/wp-content\/uploads\/sites\/4\/2015\/07\/AML-Overview-r5-es.jpg\" title=\"Click Image to Enlarge.\"><img decoding=\"async\" src=\"\/wp-content\/uploads\/sites\/4\/2015\/07\/AML-Overview-r5-es.jpg\" class=\"aligncenter\" style=\"max-height:125px;\" alt=\"Leucemia mieloide aguda\"><\/a><p class=\"wp-caption-text\">Click Image to Enlarge<\/p><\/div><\/div>\n<div class=\"risk-text-wrap\">\n<h5 class=\"section-title\">Leucemia mieloide aguda<\/h5>\n<p class=\"section-content\">La leucemia mieloide aguda (LMA) es otro tipo de leucemia que aparece frecuentemente en ni\u00f1os.  La LMA representa alrededor del 20 % de todos los diagn\u00f3sticos de leucemia en ni\u00f1os.<\/p>\n<\/p><\/div>\n<div class=\"clearboth\"><\/div>\n<\/div>\n<div class=\"divider\" id=\"\">\n\t\n\t<\/div>\n<div class=\"risk-factor\">\n<div class=\"symp-pic\"><div style=\"width: 410px\" class=\"wp-caption alignnone\"><a href=\"\/wp-content\/uploads\/2014\/05\/CML-r3-PSF.jpg\" title=\"Click Image to Enlarge.\"><img decoding=\"async\" src=\"\/wp-content\/uploads\/2013\/11\/CML.jpg\" class=\"aligncenter\" style=\"max-height:125px;\" alt=\"Leucemia mieloide cr\u00f3nica\"><\/a><p class=\"wp-caption-text\">Click Image to Enlarge<\/p><\/div><\/div>\n<div class=\"risk-text-wrap\">\n<h5 class=\"section-title\">Leucemia mieloide cr\u00f3nica<\/h5>\n<p class=\"section-content\">La leucemia mieloide cr\u00f3nica (LMC) es mucho m\u00e1s frecuente en adultos, pero tambi\u00e9n puede aparecer en ni\u00f1os. La LMC representa cerca del 3 % de los casos de leucemia infantil.<\/p>\n<\/p><\/div>\n<div class=\"clearboth\"><\/div>\n<\/div>\n<div class=\"divider\" id=\"\">\n\t\n\t<\/div>\n<div class=\"risk-factor\">\n<div class=\"symp-pic\">\n    <img decoding=\"async\" src=\"\/wp-content\/uploads\/2013\/06\/Wilms-Tumor-Race2-175.jpg\" class=\"aligncenter\" style=\"max-height:150px;\" alt=\"Leucemia mielomonoc\u00edtica juvenil\"\/>\n  <\/div>\n<div class=\"risk-text-wrap\">\n<h5 class=\"section-title\">Leucemia mielomonoc\u00edtica juvenil<\/h5>\n<p class=\"section-content\">La leucemia mielomonoc\u00edtica juvenil (LMMJ) es una forma rara de leucemia que se presenta con mayor frecuencia en beb\u00e9s y ni\u00f1os peque\u00f1os menores de cuatro a\u00f1os. La LMMJ se origina en c\u00e9lulas mieloides, pero no es aguda ni cr\u00f3nica. Algunos casos de LMMJ se observan en ni\u00f1os con otros trastornos gen\u00e9ticos, como la neurofibromatosis tipo 1 (NF1), el s\u00edndrome de Noonan, el s\u00edndrome cardiofaciocut\u00e1neo (CFC) y el s\u00edndrome de l\u00ednea germinal de CBL.\n<\/p>\n<\/div>\n<div class=\"clearboth\"><\/div>\n<\/div>\n","protected":false},"excerpt":{"rendered":"<p>La leucemia es el tipo de c\u00e1ncer m\u00e1s diagnosticado en ni\u00f1os.  M\u00e1s del 30 % de todos los tipos de c\u00e1ncer infantil son leucemias.  La leucemia es un tipo de c\u00e1ncer que se forma en la m\u00e9dula \u00f3sea, el tejido suave y esponjoso que se encuentra en el interior de los huesos, donde se producen las c\u00e9lulas sangu\u00edneas.<\/p>\n","protected":false},"author":5,"featured_media":18748,"parent":15534,"menu_order":1,"comment_status":"closed","ping_status":"open","template":"template-tumor.php","meta":{"footnotes":""},"tags":[10],"class_list":["post-15536","page","type-page","status-publish","has-post-thumbnail","hentry","tag-members-only"],"yoast_head":"<!-- This site is optimized with the Yoast SEO plugin v25.0 - https:\/\/yoast.com\/wordpress\/plugins\/seo\/ -->\n<title>CMedEd | Informaci\u00f3n para comprender la leucemia infantil | Generalidades<\/title>\n<meta name=\"description\" content=\"La leucemia es el tipo de c\u00e1ncer m\u00e1s diagnosticado en ni\u00f1os. M\u00e1s del 30 % de todos los tipos de c\u00e1ncer infantil son leucemias. La leucemia es un tipo de c\u00e1ncer que se forma en la m\u00e9dula \u00f3sea, el tejido suave y esponjoso que se encuentra en el interior de los huesos, donde se producen las c\u00e9lulas sangu\u00edneas.\" \/>\n<meta name=\"robots\" content=\"index, follow, max-snippet:-1, max-image-preview:large, max-video-preview:-1\" \/>\n<link rel=\"canonical\" href=\"https:\/\/cmeded.com\/es\/childhood\/understanding-childhood-leukemia\/overview\/\" \/>\n<meta property=\"og:locale\" content=\"es_ES\" \/>\n<meta property=\"og:type\" content=\"article\" \/>\n<meta property=\"og:title\" content=\"CMedEd | Informaci\u00f3n para comprender la leucemia infantil | Generalidades\" \/>\n<meta property=\"og:description\" content=\"La leucemia es el tipo de c\u00e1ncer m\u00e1s diagnosticado en ni\u00f1os. M\u00e1s del 30 % de todos los tipos de c\u00e1ncer infantil son leucemias. La leucemia es un tipo de c\u00e1ncer que se forma en la m\u00e9dula \u00f3sea, el tejido suave y esponjoso que se encuentra en el interior de los huesos, donde se producen las c\u00e9lulas sangu\u00edneas.\" \/>\n<meta property=\"og:url\" content=\"https:\/\/cmeded.com\/es\/childhood\/understanding-childhood-leukemia\/overview\/\" \/>\n<meta property=\"og:site_name\" content=\"CMedEd\" \/>\n<meta property=\"article:modified_time\" content=\"2025-04-26T22:54:48+00:00\" \/>\n<meta property=\"og:image\" content=\"https:\/\/cmeded.com\/wp-content\/uploads\/sites\/4\/2015\/07\/childhood-leukemia-overview-es.jpg\" \/>\n\t<meta property=\"og:image:width\" content=\"1024\" \/>\n\t<meta property=\"og:image:height\" content=\"849\" \/>\n\t<meta property=\"og:image:type\" content=\"image\/jpeg\" \/>\n<meta name=\"twitter:card\" content=\"summary_large_image\" \/>\n<meta name=\"twitter:label1\" content=\"Tiempo de lectura\" \/>\n\t<meta name=\"twitter:data1\" content=\"4 minutos\" \/>\n<script type=\"application\/ld+json\" class=\"yoast-schema-graph\">{\"@context\":\"https:\/\/schema.org\",\"@graph\":[{\"@type\":\"WebPage\",\"@id\":\"https:\/\/cmeded.com\/es\/childhood\/understanding-childhood-leukemia\/overview\/\",\"url\":\"https:\/\/cmeded.com\/es\/childhood\/understanding-childhood-leukemia\/overview\/\",\"name\":\"CMedEd | Informaci\u00f3n para comprender la leucemia infantil | Generalidades\",\"isPartOf\":{\"@id\":\"https:\/\/cmeded.com\/es\/#website\"},\"primaryImageOfPage\":{\"@id\":\"https:\/\/cmeded.com\/es\/childhood\/understanding-childhood-leukemia\/overview\/#primaryimage\"},\"image\":{\"@id\":\"https:\/\/cmeded.com\/es\/childhood\/understanding-childhood-leukemia\/overview\/#primaryimage\"},\"thumbnailUrl\":\"https:\/\/cmeded.com\/wp-content\/uploads\/sites\/4\/2015\/07\/childhood-leukemia-overview-es.jpg\",\"datePublished\":\"2014-02-21T15:43:39+00:00\",\"dateModified\":\"2025-04-26T22:54:48+00:00\",\"description\":\"La leucemia es el tipo de c\u00e1ncer m\u00e1s diagnosticado en ni\u00f1os. M\u00e1s del 30 % de todos los tipos de c\u00e1ncer infantil son leucemias. La leucemia es un tipo de c\u00e1ncer que se forma en la m\u00e9dula \u00f3sea, el tejido suave y esponjoso que se encuentra en el interior de los huesos, donde se producen las c\u00e9lulas sangu\u00edneas.\",\"breadcrumb\":{\"@id\":\"https:\/\/cmeded.com\/es\/childhood\/understanding-childhood-leukemia\/overview\/#breadcrumb\"},\"inLanguage\":\"es\",\"potentialAction\":[{\"@type\":\"ReadAction\",\"target\":[\"https:\/\/cmeded.com\/es\/childhood\/understanding-childhood-leukemia\/overview\/\"]}]},{\"@type\":\"ImageObject\",\"inLanguage\":\"es\",\"@id\":\"https:\/\/cmeded.com\/es\/childhood\/understanding-childhood-leukemia\/overview\/#primaryimage\",\"url\":\"https:\/\/cmeded.com\/wp-content\/uploads\/sites\/4\/2015\/07\/childhood-leukemia-overview-es.jpg\",\"contentUrl\":\"https:\/\/cmeded.com\/wp-content\/uploads\/sites\/4\/2015\/07\/childhood-leukemia-overview-es.jpg\",\"width\":1024,\"height\":849},{\"@type\":\"BreadcrumbList\",\"@id\":\"https:\/\/cmeded.com\/es\/childhood\/understanding-childhood-leukemia\/overview\/#breadcrumb\",\"itemListElement\":[{\"@type\":\"ListItem\",\"position\":1,\"name\":\"Home\",\"item\":\"https:\/\/cmeded.com\/es\/\"},{\"@type\":\"ListItem\",\"position\":2,\"name\":\"Infancia\",\"item\":\"https:\/\/cmeded.com\/es\/childhood\/\"},{\"@type\":\"ListItem\",\"position\":3,\"name\":\"Informaci\u00f3n para comprender la leucemia infantil\",\"item\":\"https:\/\/cmeded.com\/es\/childhood\/understanding-childhood-leukemia\/\"},{\"@type\":\"ListItem\",\"position\":4,\"name\":\"Generalidades\"}]},{\"@type\":\"WebSite\",\"@id\":\"https:\/\/cmeded.com\/es\/#website\",\"url\":\"https:\/\/cmeded.com\/es\/\",\"name\":\"CMedEd\",\"description\":\"Recurso principal de informaci\u00f3n sobre el c\u00e1ncer\",\"potentialAction\":[{\"@type\":\"SearchAction\",\"target\":{\"@type\":\"EntryPoint\",\"urlTemplate\":\"https:\/\/cmeded.com\/es\/?s={search_term_string}\"},\"query-input\":{\"@type\":\"PropertyValueSpecification\",\"valueRequired\":true,\"valueName\":\"search_term_string\"}}],\"inLanguage\":\"es\"}]}<\/script>\n<!-- \/ Yoast SEO plugin. -->","yoast_head_json":{"title":"CMedEd | Informaci\u00f3n para comprender la leucemia infantil | Generalidades","description":"La leucemia es el tipo de c\u00e1ncer m\u00e1s diagnosticado en ni\u00f1os. M\u00e1s del 30 % de todos los tipos de c\u00e1ncer infantil son leucemias. La leucemia es un tipo de c\u00e1ncer que se forma en la m\u00e9dula \u00f3sea, el tejido suave y esponjoso que se encuentra en el interior de los huesos, donde se producen las c\u00e9lulas sangu\u00edneas.","robots":{"index":"index","follow":"follow","max-snippet":"max-snippet:-1","max-image-preview":"max-image-preview:large","max-video-preview":"max-video-preview:-1"},"canonical":"https:\/\/cmeded.com\/es\/childhood\/understanding-childhood-leukemia\/overview\/","og_locale":"es_ES","og_type":"article","og_title":"CMedEd | Informaci\u00f3n para comprender la leucemia infantil | Generalidades","og_description":"La leucemia es el tipo de c\u00e1ncer m\u00e1s diagnosticado en ni\u00f1os. M\u00e1s del 30 % de todos los tipos de c\u00e1ncer infantil son leucemias. La leucemia es un tipo de c\u00e1ncer que se forma en la m\u00e9dula \u00f3sea, el tejido suave y esponjoso que se encuentra en el interior de los huesos, donde se producen las c\u00e9lulas sangu\u00edneas.","og_url":"https:\/\/cmeded.com\/es\/childhood\/understanding-childhood-leukemia\/overview\/","og_site_name":"CMedEd","article_modified_time":"2025-04-26T22:54:48+00:00","og_image":[{"width":1024,"height":849,"url":"https:\/\/cmeded.com\/wp-content\/uploads\/sites\/4\/2015\/07\/childhood-leukemia-overview-es.jpg","type":"image\/jpeg"}],"twitter_card":"summary_large_image","twitter_misc":{"Tiempo de lectura":"4 minutos"},"schema":{"@context":"https:\/\/schema.org","@graph":[{"@type":"WebPage","@id":"https:\/\/cmeded.com\/es\/childhood\/understanding-childhood-leukemia\/overview\/","url":"https:\/\/cmeded.com\/es\/childhood\/understanding-childhood-leukemia\/overview\/","name":"CMedEd | Informaci\u00f3n para comprender la leucemia infantil | Generalidades","isPartOf":{"@id":"https:\/\/cmeded.com\/es\/#website"},"primaryImageOfPage":{"@id":"https:\/\/cmeded.com\/es\/childhood\/understanding-childhood-leukemia\/overview\/#primaryimage"},"image":{"@id":"https:\/\/cmeded.com\/es\/childhood\/understanding-childhood-leukemia\/overview\/#primaryimage"},"thumbnailUrl":"https:\/\/cmeded.com\/wp-content\/uploads\/sites\/4\/2015\/07\/childhood-leukemia-overview-es.jpg","datePublished":"2014-02-21T15:43:39+00:00","dateModified":"2025-04-26T22:54:48+00:00","description":"La leucemia es el tipo de c\u00e1ncer m\u00e1s diagnosticado en ni\u00f1os. M\u00e1s del 30 % de todos los tipos de c\u00e1ncer infantil son leucemias. La leucemia es un tipo de c\u00e1ncer que se forma en la m\u00e9dula \u00f3sea, el tejido suave y esponjoso que se encuentra en el interior de los huesos, donde se producen las c\u00e9lulas sangu\u00edneas.","breadcrumb":{"@id":"https:\/\/cmeded.com\/es\/childhood\/understanding-childhood-leukemia\/overview\/#breadcrumb"},"inLanguage":"es","potentialAction":[{"@type":"ReadAction","target":["https:\/\/cmeded.com\/es\/childhood\/understanding-childhood-leukemia\/overview\/"]}]},{"@type":"ImageObject","inLanguage":"es","@id":"https:\/\/cmeded.com\/es\/childhood\/understanding-childhood-leukemia\/overview\/#primaryimage","url":"https:\/\/cmeded.com\/wp-content\/uploads\/sites\/4\/2015\/07\/childhood-leukemia-overview-es.jpg","contentUrl":"https:\/\/cmeded.com\/wp-content\/uploads\/sites\/4\/2015\/07\/childhood-leukemia-overview-es.jpg","width":1024,"height":849},{"@type":"BreadcrumbList","@id":"https:\/\/cmeded.com\/es\/childhood\/understanding-childhood-leukemia\/overview\/#breadcrumb","itemListElement":[{"@type":"ListItem","position":1,"name":"Home","item":"https:\/\/cmeded.com\/es\/"},{"@type":"ListItem","position":2,"name":"Infancia","item":"https:\/\/cmeded.com\/es\/childhood\/"},{"@type":"ListItem","position":3,"name":"Informaci\u00f3n para comprender la leucemia infantil","item":"https:\/\/cmeded.com\/es\/childhood\/understanding-childhood-leukemia\/"},{"@type":"ListItem","position":4,"name":"Generalidades"}]},{"@type":"WebSite","@id":"https:\/\/cmeded.com\/es\/#website","url":"https:\/\/cmeded.com\/es\/","name":"CMedEd","description":"Recurso principal de informaci\u00f3n sobre el c\u00e1ncer","potentialAction":[{"@type":"SearchAction","target":{"@type":"EntryPoint","urlTemplate":"https:\/\/cmeded.com\/es\/?s={search_term_string}"},"query-input":{"@type":"PropertyValueSpecification","valueRequired":true,"valueName":"search_term_string"}}],"inLanguage":"es"}]}},"_links":{"self":[{"href":"https:\/\/cmeded.com\/es\/wp-json\/wp\/v2\/pages\/15536","targetHints":{"allow":["GET"]}}],"collection":[{"href":"https:\/\/cmeded.com\/es\/wp-json\/wp\/v2\/pages"}],"about":[{"href":"https:\/\/cmeded.com\/es\/wp-json\/wp\/v2\/types\/page"}],"author":[{"embeddable":true,"href":"https:\/\/cmeded.com\/es\/wp-json\/wp\/v2\/users\/5"}],"replies":[{"embeddable":true,"href":"https:\/\/cmeded.com\/es\/wp-json\/wp\/v2\/comments?post=15536"}],"version-history":[{"count":0,"href":"https:\/\/cmeded.com\/es\/wp-json\/wp\/v2\/pages\/15536\/revisions"}],"up":[{"embeddable":true,"href":"https:\/\/cmeded.com\/es\/wp-json\/wp\/v2\/pages\/15534"}],"wp:featuredmedia":[{"embeddable":true,"href":"https:\/\/cmeded.com\/es\/wp-json\/wp\/v2\/media\/18748"}],"wp:attachment":[{"href":"https:\/\/cmeded.com\/es\/wp-json\/wp\/v2\/media?parent=15536"}],"wp:term":[{"taxonomy":"post_tag","embeddable":true,"href":"https:\/\/cmeded.com\/es\/wp-json\/wp\/v2\/tags?post=15536"}],"curies":[{"name":"wp","href":"https:\/\/api.w.org\/{rel}","templated":true}]}}