{"id":15296,"date":"2014-02-19T14:44:27","date_gmt":"2014-02-19T20:44:27","guid":{"rendered":"http:\/\/www.cmeded.com\/?page_id=15296"},"modified":"2023-08-24T18:51:18","modified_gmt":"2023-08-24T23:51:18","slug":"risk-factors","status":"publish","type":"page","link":"https:\/\/cmeded.com\/es\/childhood\/understanding-childhood-lymphoma\/risk-factors\/","title":{"rendered":"Factores de riesgo"},"content":{"rendered":"<h4 class=\"section-title\">Factores de riesgo<\/h4>\n<p class=\"section-content\">Un factor de riesgo es una caracter\u00edstica, una conducta o una afecci\u00f3n que aumentan las posibilidades de contraer una enfermedad.  A continuaci\u00f3n, se detallan algunos factores de riesgo conocidos que inciden en el desarrollo del linfoma infantil:<\/p>\n<div class=\"divider\" id=\"\">\n\t\n\t<\/div>\n<div class=\"risk-factor\">\n<div class=\"risk-pic\">\n<div style='width: 100%; display: flex; flex-wrap: wrap;'>\n<img decoding=\"async\" src=\"\/wp-content\/uploads\/2013\/10\/WhiteTeen155x175.png\" alt=\"Edad\" class=\"aligncenter\" style=\"height:135px;\"\/><br \/>\n<img decoding=\"async\" src=\"\/wp-content\/uploads\/2013\/10\/BlackTeen96x175.png\" alt=\"Edad\" class=\"aligncenter\" style=\"height:135px;\"\/>\n<\/div>\n<\/div>\n<div class=\"risk-text\">\n<h5 class=\"section-title\">Edad<\/h5>\n<p class=\"section-content\">El linfoma de Hodgkin aparece con m\u00e1s frecuencia en los adultos j\u00f3venes que tienen entre 16 y 35 a\u00f1os de edad y en los adultos mayores que tienen m\u00e1s de 55 a\u00f1os de edad.  Sin embargo, puede aparecer a cualquier edad durante la ni\u00f1ez.  En general, los ni\u00f1os no contraen linfoma no Hodgkin.  Es una enfermedad que se presenta con m\u00e1s frecuencia en ni\u00f1os m\u00e1s grandes y adolescentes que en ni\u00f1os m\u00e1s peque\u00f1os, pero tambi\u00e9n puede aparecer a cualquier edad durante la ni\u00f1ez.<\/p>\n<\/div>\n<div class=\"clearboth\"><\/div>\n<\/div>\n<div class=\"divider\" id=\"\">\n\t\n\t<\/div>\n<div class=\"risk-factor\">\n<div class=\"risk-pic\">\n<div style='width: 100%; display: flex; flex-wrap: wrap;'>\n<img decoding=\"async\" src=\"\/wp-content\/uploads\/2013\/10\/Gender171x165.png\" class=\"aligncenter\" alt=\"Raza\" style=\"height:125px;\">\n<\/div>\n<\/div>\n<div class=\"risk-text\">\n<h5 class=\"section-title\">Raza<\/h5>\n<p class=\"section-content\">El riesgo que corren los ni\u00f1os de raza blanca de padecer linfoma no Hodgkin es mayor en comparaci\u00f3n con el de los ni\u00f1os afroamericanos y asi\u00e1ticos americanos.<\/p>\n<\/div>\n<div class=\"clearboth\"><\/div>\n<\/div>\n<div class=\"divider\" id=\"\">\n\t\n\t<\/div>\n<div class=\"risk-factor\">\n<div class=\"risk-pic\">\n<div style='width: 100%; display: flex; flex-wrap: wrap;'>\n<img decoding=\"async\" src=\"\/wp-content\/uploads\/2013\/10\/WhiteMale93x175.png\" class=\"aligncenter\" alt=\"G\u00e9nero\" style=\"height:135px;\"><br \/>\n<img decoding=\"async\" src=\"\/wp-content\/uploads\/2013\/04\/AfricanAmerican.png\" class=\"aligncenter\" alt=\"G\u00e9nero\" style=\"height:135px;\"><\/p>\n<\/div>\n<\/div>\n<div class=\"risk-text\">\n<h5 class=\"section-title\">G\u00e9nero<\/h5>\n<p class=\"section-content\">En comparaci\u00f3n con las ni\u00f1as, los ni\u00f1os tienen riesgos mayores de contraer tanto el linfoma de Hodgkin como el linfoma no Hodgkin.<\/p>\n<\/div>\n<div class=\"clearboth\"><\/div>\n<\/div>\n<div class=\"divider\" style=\"float:left; margin-top:31px;\"><\/div>\n<div class=\"risk-factor\">\n<div class=\"risk-pic\"><img decoding=\"async\" src=\"\/wp-content\/uploads\/2013\/10\/ThreeHispanicWomen189x175.png\" class=\"aligncenter\" alt=\"Antecedentes familiares\" style=\"height:115px;\"><\/div>\n<div class=\"risk-text\">\n<h5 class=\"section-title\">Antecedentes familiares<\/h5>\n<p class=\"section-content\">Los ni\u00f1os cuyos parientes han tenido un linfoma de Hodgkin tienen riesgos mayores de padecer la enfermedad.  No obstante, este riesgo es bajo y el aumento exacto del riesgo nunca se ha calculado de manera precisa.<\/p>\n<\/div>\n<div class=\"clearboth\"><\/div>\n<\/div>\n<div class=\"divider\" id=\"\">\n\t\n\t<\/div>\n<div class=\"risk-factor\">\n<div class=\"risk-pic\"><img decoding=\"async\" src=\"\/wp-content\/uploads\/2013\/05\/Human-Herpesvirus8a-150.jpg\" class=\"aligncenter\" alt=\"Virus\" style=\"height:100px;\"><\/div>\n<div class=\"risk-text\">\n<h5 class=\"section-title\">Virus<\/h5>\n<p class=\"section-content\">La infecci\u00f3n por el virus de Epstein-Barr (VEB), la bacteria de Helicobacter pylori, el virus de la inmunodeficiencia humana (VIH) y el virus de la hepatitis C (VHC) puede aumentar el riesgo de que aparezca el linfoma no Hodgkin.<\/p>\n<\/div>\n<div class=\"clearboth\"><\/div>\n<\/div>\n<div class=\"divider\" id=\"\">\n\t\n\t<\/div>\n<div class=\"risk-factor\">\n<div class=\"risk-pic\"><img decoding=\"async\" src=\"\/wp-content\/uploads\/2013\/07\/Fever175.jpg\" class=\"aligncenter\" alt=\"Sistema inmunitario debilitado\" style=\"height:100px;\"><\/div>\n<div class=\"risk-text\">\n<h5 class=\"section-title\">Sistema inmunitario debilitado<\/h5>\n<p class=\"section-content\">Si el sistema inmunitario de un ni\u00f1o est\u00e1 debilitado a ra\u00edz del VIH, un trasplante de \u00f3rgano o un s\u00edndrome de inmunodeficiencia cong\u00e9nita, puede aumentar el riesgo de que esta padezca linfoma no Hodgkin.<\/p>\n<\/div>\n<div class=\"clearboth\"><\/div>\n<\/div>\n","protected":false},"excerpt":{"rendered":"<p>Factores de riesgo Un factor de riesgo es una caracter\u00edstica, una conducta o una afecci\u00f3n que aumentan las posibilidades de contraer una enfermedad. A continuaci\u00f3n, se detallan algunos factores de riesgo conocidos que inciden en el desarrollo del linfoma infantil: Edad El linfoma de Hodgkin aparece con m\u00e1s frecuencia en los adultos j\u00f3venes que tienen [&hellip;]<\/p>\n","protected":false},"author":5,"featured_media":0,"parent":15288,"menu_order":2,"comment_status":"closed","ping_status":"open","template":"template-tumor.php","meta":{"footnotes":""},"tags":[10],"class_list":["post-15296","page","type-page","status-publish","hentry","tag-members-only"],"yoast_head":"<!-- This site is optimized with the Yoast SEO plugin v25.0 - https:\/\/yoast.com\/wordpress\/plugins\/seo\/ -->\n<title>CMedEd | Informaci\u00f3n para comprender el linfoma infantil | Factores de riesgo<\/title>\n<meta name=\"description\" content=\"Factores de riesgo Un factor de riesgo es una caracter\u00edstica, una conducta o una afecci\u00f3n que aumentan las posibilidades de contraer una enfermedad. A\" \/>\n<meta name=\"robots\" content=\"index, follow, max-snippet:-1, max-image-preview:large, max-video-preview:-1\" \/>\n<link rel=\"canonical\" href=\"https:\/\/cmeded.com\/es\/childhood\/understanding-childhood-lymphoma\/risk-factors\/\" \/>\n<meta property=\"og:locale\" content=\"es_ES\" \/>\n<meta property=\"og:type\" content=\"article\" \/>\n<meta property=\"og:title\" content=\"CMedEd | Informaci\u00f3n para comprender el linfoma infantil | Factores de riesgo\" \/>\n<meta property=\"og:description\" content=\"Factores de riesgo Un factor de riesgo es una caracter\u00edstica, una conducta o una afecci\u00f3n que aumentan las posibilidades de contraer una enfermedad. A\" \/>\n<meta property=\"og:url\" content=\"https:\/\/cmeded.com\/es\/childhood\/understanding-childhood-lymphoma\/risk-factors\/\" \/>\n<meta property=\"og:site_name\" content=\"CMedEd\" \/>\n<meta property=\"article:modified_time\" content=\"2023-08-24T23:51:18+00:00\" \/>\n<meta name=\"twitter:card\" content=\"summary_large_image\" \/>\n<meta name=\"twitter:label1\" content=\"Tiempo de lectura\" \/>\n\t<meta name=\"twitter:data1\" content=\"2 minutos\" \/>\n<script type=\"application\/ld+json\" class=\"yoast-schema-graph\">{\"@context\":\"https:\/\/schema.org\",\"@graph\":[{\"@type\":\"WebPage\",\"@id\":\"https:\/\/cmeded.com\/es\/childhood\/understanding-childhood-lymphoma\/risk-factors\/\",\"url\":\"https:\/\/cmeded.com\/es\/childhood\/understanding-childhood-lymphoma\/risk-factors\/\",\"name\":\"CMedEd | Informaci\u00f3n para comprender el linfoma infantil | Factores de riesgo\",\"isPartOf\":{\"@id\":\"https:\/\/cmeded.com\/es\/#website\"},\"datePublished\":\"2014-02-19T20:44:27+00:00\",\"dateModified\":\"2023-08-24T23:51:18+00:00\",\"description\":\"Factores de riesgo Un factor de riesgo es una caracter\u00edstica, una conducta o una afecci\u00f3n que aumentan las posibilidades de contraer una enfermedad. A\",\"breadcrumb\":{\"@id\":\"https:\/\/cmeded.com\/es\/childhood\/understanding-childhood-lymphoma\/risk-factors\/#breadcrumb\"},\"inLanguage\":\"es\",\"potentialAction\":[{\"@type\":\"ReadAction\",\"target\":[\"https:\/\/cmeded.com\/es\/childhood\/understanding-childhood-lymphoma\/risk-factors\/\"]}]},{\"@type\":\"BreadcrumbList\",\"@id\":\"https:\/\/cmeded.com\/es\/childhood\/understanding-childhood-lymphoma\/risk-factors\/#breadcrumb\",\"itemListElement\":[{\"@type\":\"ListItem\",\"position\":1,\"name\":\"Home\",\"item\":\"https:\/\/cmeded.com\/es\/\"},{\"@type\":\"ListItem\",\"position\":2,\"name\":\"Infancia\",\"item\":\"https:\/\/cmeded.com\/es\/childhood\/\"},{\"@type\":\"ListItem\",\"position\":3,\"name\":\"Informaci\u00f3n para comprender el linfoma infantil\",\"item\":\"https:\/\/cmeded.com\/es\/childhood\/understanding-childhood-lymphoma\/\"},{\"@type\":\"ListItem\",\"position\":4,\"name\":\"Factores de riesgo\"}]},{\"@type\":\"WebSite\",\"@id\":\"https:\/\/cmeded.com\/es\/#website\",\"url\":\"https:\/\/cmeded.com\/es\/\",\"name\":\"CMedEd\",\"description\":\"Recurso principal de informaci\u00f3n sobre el c\u00e1ncer\",\"potentialAction\":[{\"@type\":\"SearchAction\",\"target\":{\"@type\":\"EntryPoint\",\"urlTemplate\":\"https:\/\/cmeded.com\/es\/?s={search_term_string}\"},\"query-input\":{\"@type\":\"PropertyValueSpecification\",\"valueRequired\":true,\"valueName\":\"search_term_string\"}}],\"inLanguage\":\"es\"}]}<\/script>\n<!-- \/ Yoast SEO plugin. -->","yoast_head_json":{"title":"CMedEd | Informaci\u00f3n para comprender el linfoma infantil | Factores de riesgo","description":"Factores de riesgo Un factor de riesgo es una caracter\u00edstica, una conducta o una afecci\u00f3n que aumentan las posibilidades de contraer una enfermedad. A","robots":{"index":"index","follow":"follow","max-snippet":"max-snippet:-1","max-image-preview":"max-image-preview:large","max-video-preview":"max-video-preview:-1"},"canonical":"https:\/\/cmeded.com\/es\/childhood\/understanding-childhood-lymphoma\/risk-factors\/","og_locale":"es_ES","og_type":"article","og_title":"CMedEd | Informaci\u00f3n para comprender el linfoma infantil | Factores de riesgo","og_description":"Factores de riesgo Un factor de riesgo es una caracter\u00edstica, una conducta o una afecci\u00f3n que aumentan las posibilidades de contraer una enfermedad. A","og_url":"https:\/\/cmeded.com\/es\/childhood\/understanding-childhood-lymphoma\/risk-factors\/","og_site_name":"CMedEd","article_modified_time":"2023-08-24T23:51:18+00:00","twitter_card":"summary_large_image","twitter_misc":{"Tiempo de lectura":"2 minutos"},"schema":{"@context":"https:\/\/schema.org","@graph":[{"@type":"WebPage","@id":"https:\/\/cmeded.com\/es\/childhood\/understanding-childhood-lymphoma\/risk-factors\/","url":"https:\/\/cmeded.com\/es\/childhood\/understanding-childhood-lymphoma\/risk-factors\/","name":"CMedEd | Informaci\u00f3n para comprender el linfoma infantil | Factores de riesgo","isPartOf":{"@id":"https:\/\/cmeded.com\/es\/#website"},"datePublished":"2014-02-19T20:44:27+00:00","dateModified":"2023-08-24T23:51:18+00:00","description":"Factores de riesgo Un factor de riesgo es una caracter\u00edstica, una conducta o una afecci\u00f3n que aumentan las posibilidades de contraer una enfermedad. A","breadcrumb":{"@id":"https:\/\/cmeded.com\/es\/childhood\/understanding-childhood-lymphoma\/risk-factors\/#breadcrumb"},"inLanguage":"es","potentialAction":[{"@type":"ReadAction","target":["https:\/\/cmeded.com\/es\/childhood\/understanding-childhood-lymphoma\/risk-factors\/"]}]},{"@type":"BreadcrumbList","@id":"https:\/\/cmeded.com\/es\/childhood\/understanding-childhood-lymphoma\/risk-factors\/#breadcrumb","itemListElement":[{"@type":"ListItem","position":1,"name":"Home","item":"https:\/\/cmeded.com\/es\/"},{"@type":"ListItem","position":2,"name":"Infancia","item":"https:\/\/cmeded.com\/es\/childhood\/"},{"@type":"ListItem","position":3,"name":"Informaci\u00f3n para comprender el linfoma infantil","item":"https:\/\/cmeded.com\/es\/childhood\/understanding-childhood-lymphoma\/"},{"@type":"ListItem","position":4,"name":"Factores de riesgo"}]},{"@type":"WebSite","@id":"https:\/\/cmeded.com\/es\/#website","url":"https:\/\/cmeded.com\/es\/","name":"CMedEd","description":"Recurso principal de informaci\u00f3n sobre el c\u00e1ncer","potentialAction":[{"@type":"SearchAction","target":{"@type":"EntryPoint","urlTemplate":"https:\/\/cmeded.com\/es\/?s={search_term_string}"},"query-input":{"@type":"PropertyValueSpecification","valueRequired":true,"valueName":"search_term_string"}}],"inLanguage":"es"}]}},"_links":{"self":[{"href":"https:\/\/cmeded.com\/es\/wp-json\/wp\/v2\/pages\/15296","targetHints":{"allow":["GET"]}}],"collection":[{"href":"https:\/\/cmeded.com\/es\/wp-json\/wp\/v2\/pages"}],"about":[{"href":"https:\/\/cmeded.com\/es\/wp-json\/wp\/v2\/types\/page"}],"author":[{"embeddable":true,"href":"https:\/\/cmeded.com\/es\/wp-json\/wp\/v2\/users\/5"}],"replies":[{"embeddable":true,"href":"https:\/\/cmeded.com\/es\/wp-json\/wp\/v2\/comments?post=15296"}],"version-history":[{"count":0,"href":"https:\/\/cmeded.com\/es\/wp-json\/wp\/v2\/pages\/15296\/revisions"}],"up":[{"embeddable":true,"href":"https:\/\/cmeded.com\/es\/wp-json\/wp\/v2\/pages\/15288"}],"wp:attachment":[{"href":"https:\/\/cmeded.com\/es\/wp-json\/wp\/v2\/media?parent=15296"}],"wp:term":[{"taxonomy":"post_tag","embeddable":true,"href":"https:\/\/cmeded.com\/es\/wp-json\/wp\/v2\/tags?post=15296"}],"curies":[{"name":"wp","href":"https:\/\/api.w.org\/{rel}","templated":true}]}}