{"id":15290,"date":"2014-02-19T14:42:54","date_gmt":"2014-02-19T20:42:54","guid":{"rendered":"http:\/\/www.cmeded.com\/?page_id=15290"},"modified":"2025-05-06T16:41:23","modified_gmt":"2025-05-06T21:41:23","slug":"overview","status":"publish","type":"page","link":"https:\/\/cmeded.com\/es\/childhood\/understanding-childhood-lymphoma\/overview\/","title":{"rendered":"Generalidades"},"content":{"rendered":"<p><div class=\"one_third\"><br \/>\n<div id=\"bc-overview\" style=\"width: 460px\" class=\"wp-caption center aligncenter\"><a href=\"\/wp-content\/uploads\/2014\/05\/Hodgkins-Lym-Overview-r2-Child.jpg\" title=\"Click Image to Enlarge.\"><img decoding=\"async\" aria-describedby=\"caption-bc-overview\" src=\"\/wp-content\/uploads\/2014\/05\/Hodgkins-Lym-Overview-r2-Child-350x314.jpg\" class=\"aligncenter ovr-pic\" alt=\"linfoma infantil\"\/><\/a><p id=\"caption-bc-overview\" class=\"wp-caption-text\">Click Image to Enlarge.<\/p><\/div><br \/><\/div><br \/>\n<div class=\"two_third last\"><\/p>\n<h4 class=\"section-title\">\u00bfQu\u00e9 es el linfoma infantil?<\/h4>\n<p class=\"section-content\">El linfoma es el tercer tipo de c\u00e1ncer m\u00e1s frecuente en ni\u00f1os, despu\u00e9s de los tumores cerebrales y la leucemia.  El linfoma se origina en los linfocitos, que son c\u00e9lulas normales que forman parte del sistema inmunitario.  Estas c\u00e9lulas normales son transportadas a trav\u00e9s del cuerpo por los vasos linf\u00e1ticos, un sistema de peque\u00f1os vasos que generalmente se encuentran cerca de los vasos sangu\u00edneos normales  Los ganglios linf\u00e1ticos son grupos peque\u00f1os normales de linfocitos que yacen en el centro del t\u00f3rax, debajo de los brazos, en el cuello, en el abdomen y en la ingle.  Estos ganglios se conectan por medio del sistema linf\u00e1tico, que son peque\u00f1os canales que conectan los ganglios linf\u00e1ticos, y los linfocitos se mueven libremente por estos canales.  Adem\u00e1s, son capaces de moverse por todo el organismo a trav\u00e9s de la sangre y pueden encontrarse en muchos \u00f3rganos normales, incluida la m\u00e9dula \u00f3sea, el bazo, el timo y el tubo digestivo.<\/p>\n<p class=\"section-content\">El linfoma se desarrolla cuando los linfocitos sufren mutaciones gen\u00e9ticas que hacen que crezcan sin control. Los linfomas se dividen en dos categor\u00edas amplias: linfoma de Hodgkin y linfoma no Hodgkin.  Ambos tipos de c\u00e1ncer se desarrollan en los ganglios linf\u00e1ticos y tienen la posibilidad de comenzar a crecer y diseminarse hacia otros ganglios o tejidos normales. En general, el linfoma de Hodgkin y el linfoma no Hodgkin se comportan de manera bastante diferente en los ni\u00f1os.<\/p>\n<p><\/div><div class=\"clearboth\"><\/div><\/p>\n<div class=\"clearboth\"><\/div>\n<div class=\"divider\" id=\"\">\n\t\n\t<\/div>\n<h4 class=\"section-title\">Linfoma de Hodgkin en ni\u00f1os<\/h4>\n<p class=\"section-content\">El linfoma de Hodgkin se desarrolla a partir de los linfocitos B, un tipo de gl\u00f3bulo blanco que generalmente produce anticuerpos encargados de combatir las infecciones.  Los linfocitos cancerosos del linfoma de Hodgkin se denominan \"c\u00e9lulas de Reed-Sternberg\", y tienen un aspecto y un comportamiento diferente del de los linfocitos normales y de las c\u00e9lulas del linfoma no Hodgkin.  El linfoma de Hodgkin afecta principalmente a adolescentes mayores de 15 a\u00f1os de edad. A continuaci\u00f3n, se presentan algunos de los subtipos m\u00e1s frecuentes de linfoma de Hodgkin en ni\u00f1os:<\/p>\n<div class=\"toggle\" data-type=\"toggle\"><a class=\"action\" role=\"tab\" tabindex=\"0\"><i class=\"fa fa-plus-circle\"><span class=\"screenreader\">Collapsed <\/span><\/i><span>Tipos de linfomas de Hodgkin<\/span><\/a><div class=\"toggle-content\" role=\"tabpanel\" aria-hidden=\"true\">\n<div class=\"risk-factor\">\n  <div class=\"space\" style=\"clear:both; height:20px;\"><\/div><\/p>\n<div class=\"one_third\" style=\"margin-bottom:0px;\"><img decoding=\"async\" src=\"\/wp-content\/uploads\/2013\/04\/Nodular-Sclerosis-Hodgkins-125.jpg\" class=\"aligncenter\" alt=\"Linfoma de Hodgkin nodular esclerosante\" style=\"height:125px;\"><\/div>\n<div class=\"two_third last\" style=\"margin-bottom:0px;\">\n<h5 class=\"section-title\">Linfoma de Hodgkin nodular esclerosante<\/h5>\n<p class=\"section-content\">Este tipo de linfoma de Hodgkin cl\u00e1sico generalmente aparece en los ganglios linf\u00e1ticos del cuello o t\u00f3rax, y puede diseminar a los pulmones.  El linfoma de Hodgkin nodular esclerosante puede presentarse en personas de todas las edades, pero es la forma m\u00e1s frecuente de linfoma de Hodgkin infantil y principalmente lo padecen adolescentes y adultos j\u00f3venes.<\/p>\n<\/div>\n<\/div>\n<div class=\"clearboth\"><\/div>\n<div class=\"divider\" id=\"\">\n\t\n\t<\/div>\n<div class=\"risk-factor\">\n<div class=\"one_third\" style=\"margin-bottom:0px;\"><img decoding=\"async\" src=\"\/wp-content\/uploads\/2013\/04\/Mixed-Cellularity-1251.jpg\" class=\"aligncenter\" alt=\"Linfoma de Hodgkin de celularidad mixta\" style=\"height:125px;\"><\/div>\n<div class=\"two_third last\" style=\"margin-bottom:0px;\">\n<h5 class=\"section-title\">Linfoma de Hodgkin de celularidad mixta<\/h5>\n<p class=\"section-content\">El linfoma de Hodgkin de celularidad mixta generalmente se desencadena en los ganglios linf\u00e1ticos de la mitad superior del organismo y contiene una combinaci\u00f3n de c\u00e9lulas de Reed-Sternberg, linfocitos normales y varios tipos de c\u00e9lulas normales.  Los ni\u00f1os que tienen linfoma de Hodgkin de celularidad mixta suelen ser menores de 10 a\u00f1os de edad. Esta forma de linfoma se vincula estrechamente con el virus de Epstein-Barr.<\/p>\n<\/div>\n<\/div>\n<div class=\"clearboth\"><\/div>\n<div class=\"divider\" id=\"\">\n\t\n\t<\/div>\n<div class=\"risk-factor\">\n<div class=\"one_third\" style=\"margin-bottom:0px;\"><img decoding=\"async\" src=\"\/wp-content\/uploads\/2013\/04\/Nodular-Lymphocyte-125.jpg\" class=\"aligncenter\" alt=\"Linfoma de Hodgkin con predominio linfoc\u00edtico (nodular)\" style=\"height:125px;\"><\/div>\n<div class=\"two_third last\" style=\"margin-bottom:0px;\">\n<h5 class=\"section-title\">Linfoma de Hodgkin con predominio linfoc\u00edtico (nodular)<\/h5>\n<p class=\"section-content\">Esta forma de linfoma de Hodgkin puede comenzar en los ganglios linf\u00e1ticos del cuello, las axilas o la ingle, aunque se presenta con mayor frecuencia en los ganglios linf\u00e1ticos del cuello y las axilas. Contiene c\u00e9lulas en palomitas de ma\u00edz, un tipo de c\u00e9lula de Reed-Sternberg. Es m\u00e1s com\u00fan en pacientes varones j\u00f3venes. Suele ser m\u00e1s indolente que los anteriores, y el tratamiento puede ser ligeramente diferente.<\/p>\n<\/div>\n<\/div>\n<div class=\"clearboth\"><\/div>\n<p><\/div><\/div><br \/>\n<div class=\"divider\" id=\"\">\n\t\n\t<\/div><\/p>\n<h4 class=\"section-title\">Linfoma no Hodgkin en ni\u00f1os<\/h4>\n<p class=\"section-content\">El linfoma no Hodgkin puede desarrollarse a partir de linfocitos B o linfocitos T, aunque los linfomas de linfocitos B son m\u00e1s frecuentes.  En comparaci\u00f3n con el linfoma de Hodgkin, el linfoma no Hodgkin puede afectar a ni\u00f1os en una edad m\u00e1s temprana. Los linfomas no Hodgkin en ni\u00f1os generalmente son muy agresivos y crecen r\u00e1pidamente.  A continuaci\u00f3n, se presentan algunos de los subtipos m\u00e1s frecuentes de linfoma no Hodgkin en ni\u00f1os:<\/p>\n<div class=\"toggle\" data-type=\"toggle\"><a class=\"action\" role=\"tab\" tabindex=\"0\"><i class=\"fa fa-plus-circle\"><span class=\"screenreader\">Collapsed <\/span><\/i><span>Tipos de linfomas no Hodgkin<\/span><\/a><div class=\"toggle-content\" role=\"tabpanel\" aria-hidden=\"true\"><\/p>\n<div class=\"risk-factor\">\n<div class=\"space\" style=\"clear:both; height:20px;\"><\/div><\/p>\n<div class=\"one_third\" style=\"margin-bottom:0px;\"><img decoding=\"async\" src=\"\/wp-content\/uploads\/2013\/04\/Burkitts-Lymphoma-150.jpg\" class=\"aligncenter\" alt=\"Linfoma de Burkitt\" style=\"height:125px;\"><\/div>\n<div class=\"two_third last\" style=\"margin-bottom:0px;\">\n<h5 class=\"section-title\">Linfoma de Burkitt<\/h5>\n<p class=\"section-content\">El linfoma de Burkitt es un linfoma agresivo de crecimiento r\u00e1pido.  En ni\u00f1os, esta enfermedad es m\u00e1s com\u00fan en varones de 5 a 10 a\u00f1os. El linfoma de Burkitt suele comenzar en el abdomen y es el tumor intestinal m\u00e1s com\u00fan en ni\u00f1os. Puede obstruir los intestinos, causando dolor de est\u00f3mago, n\u00e1useas y estre\u00f1imiento. Este linfoma suele afectar m\u00e1s all\u00e1 de los ganglios linf\u00e1ticos y, sin el tratamiento adecuado, puede propagarse al cerebro, la m\u00e9dula espinal, la m\u00e9dula \u00f3sea u otros \u00f3rganos. A pesar de su naturaleza agresiva, si se diagnostica a tiempo, es uno de los c\u00e1nceres infantiles m\u00e1s curables.<\/p>\n<\/div>\n<\/div>\n<div class=\"clearboth\"><\/div>\n<p><div class=\"divider\" id=\"\">\n\t\n\t<\/div><\/p>\n<div class=\"risk-factor\">\n<div class=\"one_third\" style=\"margin-bottom:0px;\"><img decoding=\"async\" src=\"\/wp-content\/uploads\/2013\/04\/Anaplastic-LC-Lymphoma-150.jpg\" class=\"aligncenter\" alt=\"Linfoma linfoc\u00edtico\" style=\"height:125px;\"><\/div>\n<div class=\"two_third last\" style=\"margin-bottom:0px;\">\n<h5 class=\"section-title\">Linfoma linfoc\u00edtico<\/h5>\n<p class=\"section-content\">El linfoma linfoc\u00edtico es una enfermedad poco frecuente, pero agresiva.  El linfoma linfobl\u00e1stico (LBL) generalmente se desarrolla a partir de linfocitos T o B muy j\u00f3venes llamados linfoblastos, que son muy similares a las c\u00e9lulas que se observan en la leucemia linfobl\u00e1stica aguda T o la leucemia linfobl\u00e1stica aguda B (LLA). El LBL-T es m\u00e1s com\u00fan que el LBL-B. Adem\u00e1s, la enfermedad se considera LLA en lugar de LBL si m\u00e1s del 20% de la m\u00e9dula \u00f3sea est\u00e1 compuesta por linfoblastos. Esta enfermedad afecta principalmente a adolescentes y adultos j\u00f3venes y a menudo se desarrolla en el timo, un \u00f3rgano ubicado en el t\u00f3rax. Los linfomas linfobl\u00e1sticos pueden formar una masa en el t\u00f3rax y causar dificultad para respirar. Esta enfermedad se propaga r\u00e1pidamente y puede extenderse a la m\u00e9dula \u00f3sea, otros ganglios linf\u00e1ticos, la superficie del cerebro o la membrana que rodea los pulmones y el coraz\u00f3n. El tratamiento es casi id\u00e9ntico al de la LLA.<\/p>\n<\/div>\n<\/div>\n<div class=\"clearboth\"><\/div>\n<p><div class=\"divider\" id=\"\">\n\t\n\t<\/div><\/p>\n<div class=\"risk-factor\">\n<div class=\"one_third\" style=\"margin-bottom:0px;\"><img decoding=\"async\" src=\"\/wp-content\/uploads\/2013\/04\/Diffuse-Large-Cell-150.jpg\" class=\"aligncenter\" alt=\"Linfoma de c\u00e9lulas grandes\" style=\"height:125px;\"><\/div>\n<div class=\"two_third last\" style=\"margin-bottom:0px;\">\n<h5 class=\"section-title\">Linfoma de c\u00e9lulas grandes<\/h5>\n<p class=\"section-content\">Los linfomas de c\u00e9lulas grandes pueden originarse en los linfocitos B o los linfocitos T en cualquier parte del organismo.  En comparaci\u00f3n con otros tipos de linfomas infantiles, los linfomas de c\u00e9lulas grandes son menos agresivos y tienen menos probabilidades de diseminarse.  Estos linfomas suelen afectar a ni\u00f1os m\u00e1s grandes y adolescentes. Hay dos tipos principales de linfoma de c\u00e9lulas grandes:<\/p>\n<ul class=\"about-content\">\n<li><strong><span style=\"color:#862366;\">Linfoma de c\u00e9lulas B grandes difuso:<\/span><\/strong> el linfoma de c\u00e9lulas B grandes difuso es una enfermedad moderadamente agresiva que representa alrededor del 15 % de todos los linfomas infantiles.  Por lo general, se desencadena en un ganglio linf\u00e1tico, pero alrededor del 50 % de todos los pacientes presenta afectaci\u00f3n de otros sitios al momento del diagn\u00f3stico. Esta enfermedad suele crecer en grandes masas en el espacio que se encuentra entre los pulmones, pero tambi\u00e9n puede encontrarse en otros lugares, como el cuello, el abdomen o los huesos.<\/li>\n<li><strong><span style=\"color:#862366;\">Linfoma anapl\u00e1sico de c\u00e9lulas grandes:<\/span><\/strong> el linfoma anapl\u00e1sico de c\u00e9lulas grandes representa alrededor del 10 % de todos los diagn\u00f3sticos de linfoma no Hodgkin en ni\u00f1os.  Se desarrolla a partir de c\u00e9lulas T maduras y afecta principalmente a ni\u00f1os y adolescentes.  El linfoma anapl\u00e1sico de c\u00e9lulas grandes de suele comenzar en los ganglios linf\u00e1ticos del cuello, pero tambi\u00e9n puede originarse en ganglios linf\u00e1ticos de otras partes del cuerpo. Con frecuencia se encuentra en la piel, los huesos, los pulmones, el tracto gastrointestinal u otros \u00f3rganos.<\/li>\n<\/ul>\n<\/div>\n<\/div>\n<div class=\"clearboth\"><\/div>\n<p><\/div><\/div>\n","protected":false},"excerpt":{"rendered":"<p>Linfoma de Hodgkin en ni\u00f1os El linfoma de Hodgkin se desarrolla a partir de los linfocitos B, un tipo de gl\u00f3bulo blanco que generalmente produce anticuerpos encargados de combatir las infecciones. Los linfocitos cancerosos del linfoma de Hodgkin se denominan \u00abc\u00e9lulas de Reed-Sternberg\u00bb, y tienen un aspecto y un comportamiento diferente del de los linfocitos [&hellip;]<\/p>\n","protected":false},"author":5,"featured_media":0,"parent":15288,"menu_order":1,"comment_status":"closed","ping_status":"open","template":"template-tumor.php","meta":{"footnotes":""},"tags":[10],"class_list":["post-15290","page","type-page","status-publish","hentry","tag-members-only"],"yoast_head":"<!-- This site is optimized with the Yoast SEO plugin v25.0 - https:\/\/yoast.com\/wordpress\/plugins\/seo\/ -->\n<title>CMedEd | Informaci\u00f3n para comprender el linfoma infantil | Generalidades<\/title>\n<meta name=\"description\" content=\"Linfoma de Hodgkin en ni\u00f1os El linfoma de Hodgkin se desarrolla a partir de los linfocitos B, un tipo de gl\u00f3bulo blanco que generalmente produce\" \/>\n<meta name=\"robots\" content=\"index, follow, max-snippet:-1, max-image-preview:large, max-video-preview:-1\" \/>\n<link rel=\"canonical\" href=\"https:\/\/cmeded.com\/es\/childhood\/understanding-childhood-lymphoma\/overview\/\" \/>\n<meta property=\"og:locale\" content=\"es_ES\" \/>\n<meta property=\"og:type\" content=\"article\" \/>\n<meta property=\"og:title\" content=\"CMedEd | Informaci\u00f3n para comprender el linfoma infantil | Generalidades\" \/>\n<meta property=\"og:description\" content=\"Linfoma de Hodgkin en ni\u00f1os El linfoma de Hodgkin se desarrolla a partir de los linfocitos B, un tipo de gl\u00f3bulo blanco que generalmente produce\" \/>\n<meta property=\"og:url\" content=\"https:\/\/cmeded.com\/es\/childhood\/understanding-childhood-lymphoma\/overview\/\" \/>\n<meta property=\"og:site_name\" content=\"CMedEd\" \/>\n<meta property=\"article:modified_time\" content=\"2025-05-06T21:41:23+00:00\" \/>\n<meta name=\"twitter:card\" content=\"summary_large_image\" \/>\n<meta name=\"twitter:label1\" content=\"Tiempo de lectura\" \/>\n\t<meta name=\"twitter:data1\" content=\"7 minutos\" \/>\n<script type=\"application\/ld+json\" class=\"yoast-schema-graph\">{\"@context\":\"https:\/\/schema.org\",\"@graph\":[{\"@type\":\"WebPage\",\"@id\":\"https:\/\/cmeded.com\/es\/childhood\/understanding-childhood-lymphoma\/overview\/\",\"url\":\"https:\/\/cmeded.com\/es\/childhood\/understanding-childhood-lymphoma\/overview\/\",\"name\":\"CMedEd | Informaci\u00f3n para comprender el linfoma infantil | Generalidades\",\"isPartOf\":{\"@id\":\"https:\/\/cmeded.com\/es\/#website\"},\"datePublished\":\"2014-02-19T20:42:54+00:00\",\"dateModified\":\"2025-05-06T21:41:23+00:00\",\"description\":\"Linfoma de Hodgkin en ni\u00f1os El linfoma de Hodgkin se desarrolla a partir de los linfocitos B, un tipo de gl\u00f3bulo blanco que generalmente produce\",\"breadcrumb\":{\"@id\":\"https:\/\/cmeded.com\/es\/childhood\/understanding-childhood-lymphoma\/overview\/#breadcrumb\"},\"inLanguage\":\"es\",\"potentialAction\":[{\"@type\":\"ReadAction\",\"target\":[\"https:\/\/cmeded.com\/es\/childhood\/understanding-childhood-lymphoma\/overview\/\"]}]},{\"@type\":\"BreadcrumbList\",\"@id\":\"https:\/\/cmeded.com\/es\/childhood\/understanding-childhood-lymphoma\/overview\/#breadcrumb\",\"itemListElement\":[{\"@type\":\"ListItem\",\"position\":1,\"name\":\"Home\",\"item\":\"https:\/\/cmeded.com\/es\/\"},{\"@type\":\"ListItem\",\"position\":2,\"name\":\"Infancia\",\"item\":\"https:\/\/cmeded.com\/es\/childhood\/\"},{\"@type\":\"ListItem\",\"position\":3,\"name\":\"Informaci\u00f3n para comprender el linfoma infantil\",\"item\":\"https:\/\/cmeded.com\/es\/childhood\/understanding-childhood-lymphoma\/\"},{\"@type\":\"ListItem\",\"position\":4,\"name\":\"Generalidades\"}]},{\"@type\":\"WebSite\",\"@id\":\"https:\/\/cmeded.com\/es\/#website\",\"url\":\"https:\/\/cmeded.com\/es\/\",\"name\":\"CMedEd\",\"description\":\"Recurso principal de informaci\u00f3n sobre el c\u00e1ncer\",\"potentialAction\":[{\"@type\":\"SearchAction\",\"target\":{\"@type\":\"EntryPoint\",\"urlTemplate\":\"https:\/\/cmeded.com\/es\/?s={search_term_string}\"},\"query-input\":{\"@type\":\"PropertyValueSpecification\",\"valueRequired\":true,\"valueName\":\"search_term_string\"}}],\"inLanguage\":\"es\"}]}<\/script>\n<!-- \/ Yoast SEO plugin. -->","yoast_head_json":{"title":"CMedEd | Informaci\u00f3n para comprender el linfoma infantil | Generalidades","description":"Linfoma de Hodgkin en ni\u00f1os El linfoma de Hodgkin se desarrolla a partir de los linfocitos B, un tipo de gl\u00f3bulo blanco que generalmente produce","robots":{"index":"index","follow":"follow","max-snippet":"max-snippet:-1","max-image-preview":"max-image-preview:large","max-video-preview":"max-video-preview:-1"},"canonical":"https:\/\/cmeded.com\/es\/childhood\/understanding-childhood-lymphoma\/overview\/","og_locale":"es_ES","og_type":"article","og_title":"CMedEd | Informaci\u00f3n para comprender el linfoma infantil | Generalidades","og_description":"Linfoma de Hodgkin en ni\u00f1os El linfoma de Hodgkin se desarrolla a partir de los linfocitos B, un tipo de gl\u00f3bulo blanco que generalmente produce","og_url":"https:\/\/cmeded.com\/es\/childhood\/understanding-childhood-lymphoma\/overview\/","og_site_name":"CMedEd","article_modified_time":"2025-05-06T21:41:23+00:00","twitter_card":"summary_large_image","twitter_misc":{"Tiempo de lectura":"7 minutos"},"schema":{"@context":"https:\/\/schema.org","@graph":[{"@type":"WebPage","@id":"https:\/\/cmeded.com\/es\/childhood\/understanding-childhood-lymphoma\/overview\/","url":"https:\/\/cmeded.com\/es\/childhood\/understanding-childhood-lymphoma\/overview\/","name":"CMedEd | Informaci\u00f3n para comprender el linfoma infantil | Generalidades","isPartOf":{"@id":"https:\/\/cmeded.com\/es\/#website"},"datePublished":"2014-02-19T20:42:54+00:00","dateModified":"2025-05-06T21:41:23+00:00","description":"Linfoma de Hodgkin en ni\u00f1os El linfoma de Hodgkin se desarrolla a partir de los linfocitos B, un tipo de gl\u00f3bulo blanco que generalmente produce","breadcrumb":{"@id":"https:\/\/cmeded.com\/es\/childhood\/understanding-childhood-lymphoma\/overview\/#breadcrumb"},"inLanguage":"es","potentialAction":[{"@type":"ReadAction","target":["https:\/\/cmeded.com\/es\/childhood\/understanding-childhood-lymphoma\/overview\/"]}]},{"@type":"BreadcrumbList","@id":"https:\/\/cmeded.com\/es\/childhood\/understanding-childhood-lymphoma\/overview\/#breadcrumb","itemListElement":[{"@type":"ListItem","position":1,"name":"Home","item":"https:\/\/cmeded.com\/es\/"},{"@type":"ListItem","position":2,"name":"Infancia","item":"https:\/\/cmeded.com\/es\/childhood\/"},{"@type":"ListItem","position":3,"name":"Informaci\u00f3n para comprender el linfoma infantil","item":"https:\/\/cmeded.com\/es\/childhood\/understanding-childhood-lymphoma\/"},{"@type":"ListItem","position":4,"name":"Generalidades"}]},{"@type":"WebSite","@id":"https:\/\/cmeded.com\/es\/#website","url":"https:\/\/cmeded.com\/es\/","name":"CMedEd","description":"Recurso principal de informaci\u00f3n sobre el c\u00e1ncer","potentialAction":[{"@type":"SearchAction","target":{"@type":"EntryPoint","urlTemplate":"https:\/\/cmeded.com\/es\/?s={search_term_string}"},"query-input":{"@type":"PropertyValueSpecification","valueRequired":true,"valueName":"search_term_string"}}],"inLanguage":"es"}]}},"_links":{"self":[{"href":"https:\/\/cmeded.com\/es\/wp-json\/wp\/v2\/pages\/15290","targetHints":{"allow":["GET"]}}],"collection":[{"href":"https:\/\/cmeded.com\/es\/wp-json\/wp\/v2\/pages"}],"about":[{"href":"https:\/\/cmeded.com\/es\/wp-json\/wp\/v2\/types\/page"}],"author":[{"embeddable":true,"href":"https:\/\/cmeded.com\/es\/wp-json\/wp\/v2\/users\/5"}],"replies":[{"embeddable":true,"href":"https:\/\/cmeded.com\/es\/wp-json\/wp\/v2\/comments?post=15290"}],"version-history":[{"count":0,"href":"https:\/\/cmeded.com\/es\/wp-json\/wp\/v2\/pages\/15290\/revisions"}],"up":[{"embeddable":true,"href":"https:\/\/cmeded.com\/es\/wp-json\/wp\/v2\/pages\/15288"}],"wp:attachment":[{"href":"https:\/\/cmeded.com\/es\/wp-json\/wp\/v2\/media?parent=15290"}],"wp:term":[{"taxonomy":"post_tag","embeddable":true,"href":"https:\/\/cmeded.com\/es\/wp-json\/wp\/v2\/tags?post=15290"}],"curies":[{"name":"wp","href":"https:\/\/api.w.org\/{rel}","templated":true}]}}