{"id":15257,"date":"2014-02-19T13:57:34","date_gmt":"2014-02-19T19:57:34","guid":{"rendered":"http:\/\/www.cmeded.com\/?page_id=15257"},"modified":"2025-05-06T14:00:36","modified_gmt":"2025-05-06T19:00:36","slug":"questions","status":"publish","type":"page","link":"https:\/\/cmeded.com\/es\/childhood\/understanding-ewings-sarcoma\/questions\/","title":{"rendered":"Preguntas"},"content":{"rendered":"<h4 class=\"section-title\">Preguntas para hacerle al m\u00e9dico<\/h4>\n<p class=\"section-content\">Es importante mantener una comunicaci\u00f3n honesta y abierta con m\u00e9dicos y enfermeros. No dude en hacer preguntas, incluso si estas parecen insignificantes. Se recomienda anotar las preguntas para que pueda recordarlas durante las consultas. A continuaci\u00f3n, se detallan algunas preguntas importantes que tal vez desee hacer:<\/p>\n<ul class=\"about-content\">\n<li>\u00bfEn qu\u00e9 estadio se encuentra el c\u00e1ncer que padezco?<\/li>\n<li>\u00bfCu\u00e1l es el grado de la enfermedad?<\/li>\n<li>\u00bfCu\u00e1les son las opciones de tratamiento?<\/li>\n<li>\u00bfCu\u00e1les son los beneficios de cada tratamiento?<\/li>\n<li>\u00bfCu\u00e1les son los riesgos y los efectos secundarios de cada tratamiento?<\/li>\n<li>\u00bfPuede darme recomendaciones sobre c\u00f3mo manejar los efectos secundarios?<\/li>\n<li>\u00bfCu\u00e1l es el pron\u00f3stico de la enfermedad?<\/li>\n<li>\u00bfCu\u00e1nta experiencia tienen usted y sus colegas de esta instituci\u00f3n en el tratamiento de pacientes que tienen sarcoma?<\/li>\n<li>\u00bfSe analizar\u00e1 el caso de mi hijo en una conferencia de planificaci\u00f3n interdisciplinaria antes de que se tomen decisiones irrevocables en relaci\u00f3n con el tratamiento?<\/li>\n<li>\u00bfMe ayudar\u00eda a programar una segunda opini\u00f3n si tuviera dudas acerca del paso siguiente en mi programa de tratamiento?<\/li>\n<li>\u00bfExisten ensayos cl\u00ednicos para tratar mi enfermedad?<\/li>\n<\/ul>\n","protected":false},"excerpt":{"rendered":"<p>Preguntas para hacerle al m\u00e9dico Es importante mantener una comunicaci\u00f3n honesta y abierta con m\u00e9dicos y enfermeros. No dude en hacer preguntas, incluso si estas parecen insignificantes. Se recomienda anotar las preguntas para que pueda recordarlas durante las consultas. A continuaci\u00f3n, se detallan algunas preguntas importantes que tal vez desee hacer: \u00bfEn qu\u00e9 estadio se [&hellip;]<\/p>\n","protected":false},"author":5,"featured_media":0,"parent":15237,"menu_order":7,"comment_status":"closed","ping_status":"open","template":"template-tumor.php","meta":{"footnotes":""},"tags":[10],"class_list":["post-15257","page","type-page","status-publish","hentry","tag-members-only"],"yoast_head":"<!-- This site is optimized with the Yoast SEO plugin v25.0 - https:\/\/yoast.com\/wordpress\/plugins\/seo\/ -->\n<title>CMedEd | Informaci\u00f3n para comprender el sarcoma de Ewing | Preguntas<\/title>\n<meta name=\"description\" content=\"Preguntas para hacerle al m\u00e9dico Es importante mantener una comunicaci\u00f3n honesta y abierta con m\u00e9dicos y enfermeros. No dude en hacer preguntas, incluso\" \/>\n<meta name=\"robots\" content=\"index, follow, max-snippet:-1, max-image-preview:large, max-video-preview:-1\" \/>\n<link rel=\"canonical\" href=\"https:\/\/cmeded.com\/es\/childhood\/understanding-ewings-sarcoma\/questions\/\" \/>\n<meta property=\"og:locale\" content=\"es_ES\" \/>\n<meta property=\"og:type\" content=\"article\" \/>\n<meta property=\"og:title\" content=\"CMedEd | Informaci\u00f3n para comprender el sarcoma de Ewing | Preguntas\" \/>\n<meta property=\"og:description\" content=\"Preguntas para hacerle al m\u00e9dico Es importante mantener una comunicaci\u00f3n honesta y abierta con m\u00e9dicos y enfermeros. No dude en hacer preguntas, incluso\" \/>\n<meta property=\"og:url\" content=\"https:\/\/cmeded.com\/es\/childhood\/understanding-ewings-sarcoma\/questions\/\" \/>\n<meta property=\"og:site_name\" content=\"CMedEd\" \/>\n<meta property=\"article:modified_time\" content=\"2025-05-06T19:00:36+00:00\" \/>\n<meta name=\"twitter:card\" content=\"summary_large_image\" \/>\n<meta name=\"twitter:label1\" content=\"Tiempo de lectura\" \/>\n\t<meta name=\"twitter:data1\" content=\"2 minutos\" \/>\n<script type=\"application\/ld+json\" class=\"yoast-schema-graph\">{\"@context\":\"https:\/\/schema.org\",\"@graph\":[{\"@type\":\"WebPage\",\"@id\":\"https:\/\/cmeded.com\/es\/childhood\/understanding-ewings-sarcoma\/questions\/\",\"url\":\"https:\/\/cmeded.com\/es\/childhood\/understanding-ewings-sarcoma\/questions\/\",\"name\":\"CMedEd | Informaci\u00f3n para comprender el sarcoma de Ewing | Preguntas\",\"isPartOf\":{\"@id\":\"https:\/\/cmeded.com\/es\/#website\"},\"datePublished\":\"2014-02-19T19:57:34+00:00\",\"dateModified\":\"2025-05-06T19:00:36+00:00\",\"description\":\"Preguntas para hacerle al m\u00e9dico Es importante mantener una comunicaci\u00f3n honesta y abierta con m\u00e9dicos y enfermeros. No dude en hacer preguntas, incluso\",\"breadcrumb\":{\"@id\":\"https:\/\/cmeded.com\/es\/childhood\/understanding-ewings-sarcoma\/questions\/#breadcrumb\"},\"inLanguage\":\"es\",\"potentialAction\":[{\"@type\":\"ReadAction\",\"target\":[\"https:\/\/cmeded.com\/es\/childhood\/understanding-ewings-sarcoma\/questions\/\"]}]},{\"@type\":\"BreadcrumbList\",\"@id\":\"https:\/\/cmeded.com\/es\/childhood\/understanding-ewings-sarcoma\/questions\/#breadcrumb\",\"itemListElement\":[{\"@type\":\"ListItem\",\"position\":1,\"name\":\"Home\",\"item\":\"https:\/\/cmeded.com\/es\/\"},{\"@type\":\"ListItem\",\"position\":2,\"name\":\"Infancia\",\"item\":\"https:\/\/cmeded.com\/es\/childhood\/\"},{\"@type\":\"ListItem\",\"position\":3,\"name\":\"Informaci\u00f3n para comprender el sarcoma de Ewing\",\"item\":\"https:\/\/cmeded.com\/es\/childhood\/understanding-ewings-sarcoma\/\"},{\"@type\":\"ListItem\",\"position\":4,\"name\":\"Preguntas\"}]},{\"@type\":\"WebSite\",\"@id\":\"https:\/\/cmeded.com\/es\/#website\",\"url\":\"https:\/\/cmeded.com\/es\/\",\"name\":\"CMedEd\",\"description\":\"Recurso principal de informaci\u00f3n sobre el c\u00e1ncer\",\"potentialAction\":[{\"@type\":\"SearchAction\",\"target\":{\"@type\":\"EntryPoint\",\"urlTemplate\":\"https:\/\/cmeded.com\/es\/?s={search_term_string}\"},\"query-input\":{\"@type\":\"PropertyValueSpecification\",\"valueRequired\":true,\"valueName\":\"search_term_string\"}}],\"inLanguage\":\"es\"}]}<\/script>\n<!-- \/ Yoast SEO plugin. -->","yoast_head_json":{"title":"CMedEd | Informaci\u00f3n para comprender el sarcoma de Ewing | Preguntas","description":"Preguntas para hacerle al m\u00e9dico Es importante mantener una comunicaci\u00f3n honesta y abierta con m\u00e9dicos y enfermeros. No dude en hacer preguntas, incluso","robots":{"index":"index","follow":"follow","max-snippet":"max-snippet:-1","max-image-preview":"max-image-preview:large","max-video-preview":"max-video-preview:-1"},"canonical":"https:\/\/cmeded.com\/es\/childhood\/understanding-ewings-sarcoma\/questions\/","og_locale":"es_ES","og_type":"article","og_title":"CMedEd | Informaci\u00f3n para comprender el sarcoma de Ewing | Preguntas","og_description":"Preguntas para hacerle al m\u00e9dico Es importante mantener una comunicaci\u00f3n honesta y abierta con m\u00e9dicos y enfermeros. No dude en hacer preguntas, incluso","og_url":"https:\/\/cmeded.com\/es\/childhood\/understanding-ewings-sarcoma\/questions\/","og_site_name":"CMedEd","article_modified_time":"2025-05-06T19:00:36+00:00","twitter_card":"summary_large_image","twitter_misc":{"Tiempo de lectura":"2 minutos"},"schema":{"@context":"https:\/\/schema.org","@graph":[{"@type":"WebPage","@id":"https:\/\/cmeded.com\/es\/childhood\/understanding-ewings-sarcoma\/questions\/","url":"https:\/\/cmeded.com\/es\/childhood\/understanding-ewings-sarcoma\/questions\/","name":"CMedEd | Informaci\u00f3n para comprender el sarcoma de Ewing | Preguntas","isPartOf":{"@id":"https:\/\/cmeded.com\/es\/#website"},"datePublished":"2014-02-19T19:57:34+00:00","dateModified":"2025-05-06T19:00:36+00:00","description":"Preguntas para hacerle al m\u00e9dico Es importante mantener una comunicaci\u00f3n honesta y abierta con m\u00e9dicos y enfermeros. No dude en hacer preguntas, incluso","breadcrumb":{"@id":"https:\/\/cmeded.com\/es\/childhood\/understanding-ewings-sarcoma\/questions\/#breadcrumb"},"inLanguage":"es","potentialAction":[{"@type":"ReadAction","target":["https:\/\/cmeded.com\/es\/childhood\/understanding-ewings-sarcoma\/questions\/"]}]},{"@type":"BreadcrumbList","@id":"https:\/\/cmeded.com\/es\/childhood\/understanding-ewings-sarcoma\/questions\/#breadcrumb","itemListElement":[{"@type":"ListItem","position":1,"name":"Home","item":"https:\/\/cmeded.com\/es\/"},{"@type":"ListItem","position":2,"name":"Infancia","item":"https:\/\/cmeded.com\/es\/childhood\/"},{"@type":"ListItem","position":3,"name":"Informaci\u00f3n para comprender el sarcoma de Ewing","item":"https:\/\/cmeded.com\/es\/childhood\/understanding-ewings-sarcoma\/"},{"@type":"ListItem","position":4,"name":"Preguntas"}]},{"@type":"WebSite","@id":"https:\/\/cmeded.com\/es\/#website","url":"https:\/\/cmeded.com\/es\/","name":"CMedEd","description":"Recurso principal de informaci\u00f3n sobre el c\u00e1ncer","potentialAction":[{"@type":"SearchAction","target":{"@type":"EntryPoint","urlTemplate":"https:\/\/cmeded.com\/es\/?s={search_term_string}"},"query-input":{"@type":"PropertyValueSpecification","valueRequired":true,"valueName":"search_term_string"}}],"inLanguage":"es"}]}},"_links":{"self":[{"href":"https:\/\/cmeded.com\/es\/wp-json\/wp\/v2\/pages\/15257","targetHints":{"allow":["GET"]}}],"collection":[{"href":"https:\/\/cmeded.com\/es\/wp-json\/wp\/v2\/pages"}],"about":[{"href":"https:\/\/cmeded.com\/es\/wp-json\/wp\/v2\/types\/page"}],"author":[{"embeddable":true,"href":"https:\/\/cmeded.com\/es\/wp-json\/wp\/v2\/users\/5"}],"replies":[{"embeddable":true,"href":"https:\/\/cmeded.com\/es\/wp-json\/wp\/v2\/comments?post=15257"}],"version-history":[{"count":0,"href":"https:\/\/cmeded.com\/es\/wp-json\/wp\/v2\/pages\/15257\/revisions"}],"up":[{"embeddable":true,"href":"https:\/\/cmeded.com\/es\/wp-json\/wp\/v2\/pages\/15237"}],"wp:attachment":[{"href":"https:\/\/cmeded.com\/es\/wp-json\/wp\/v2\/media?parent=15257"}],"wp:term":[{"taxonomy":"post_tag","embeddable":true,"href":"https:\/\/cmeded.com\/es\/wp-json\/wp\/v2\/tags?post=15257"}],"curies":[{"name":"wp","href":"https:\/\/api.w.org\/{rel}","templated":true}]}}