{"id":15149,"date":"2014-02-19T12:05:38","date_gmt":"2014-02-19T18:05:38","guid":{"rendered":"http:\/\/www.cmeded.com\/?page_id=15149"},"modified":"2025-04-28T22:32:24","modified_gmt":"2025-04-29T03:32:24","slug":"overview","status":"publish","type":"page","link":"https:\/\/cmeded.com\/es\/gastrointestinal\/understanding-metastatic-colorectal-cancer\/overview\/","title":{"rendered":"Generalidades"},"content":{"rendered":"<h4 class=\"section-title\">\u00bfQu\u00e9 es el c\u00e1ncer colorrectal metast\u00e1sico?<\/h4>\n<p class=\"section-content\">El c\u00e1ncer colorrectal metast\u00e1sico es aquel que se ha diseminado de su ubicaci\u00f3n de origen en el intestino grueso (el colon o el recto) a otras partes del organismo.  Cuando el c\u00e1ncer se metastatiza, las c\u00e9lulas malignas se diseminan a otras partes del cuerpo a trav\u00e9s del torrente sangu\u00edneo o del sistema linf\u00e1tico.  El c\u00e1ncer colorrectal puede ser metast\u00e1sico (propagarse a otros \u00f3rganos) al momento del diagn\u00f3stico o despu\u00e9s del tratamiento.  El c\u00e1ncer colorrectal suele metastatizar al h\u00edgado, mientras que el segundo lugar m\u00e1s com\u00fan son los pulmones. Aproximadamente el 80 % de los pacientes con c\u00e1ncer de colon en estadio IV desarrollan met\u00e1stasis hep\u00e1ticas.  Las c\u00e9lulas cancerosas de los tumores colorrectales se desprenden y se trasladan de los intestinos al h\u00edgado a trav\u00e9s de la vena porta.  Adem\u00e1s de diseminarse al h\u00edgado y a los pulmones, el c\u00e1ncer colorrectal tambi\u00e9n puede diseminarse a los huesos, los ovarios, los ganglios linf\u00e1ticos distantes y a otras partes del organismo.  Afortunadamente, el c\u00e1ncer colorrectal metast\u00e1sico que se limita al h\u00edgado, los pulmones o los ovarios puede curarse con cirug\u00eda en ciertos casos.  Asimismo, los procedimientos quir\u00fargicos como la crioablaci\u00f3n (congelamiento), la ablaci\u00f3n por radiofrecuencia (calor) y la embolizaci\u00f3n del tumor han mejorado el pron\u00f3stico para los pacientes que no pueden ser curados con cirug\u00eda. Los m\u00e9dicos normalmente combinan estos procedimientos con quimioterapia, radioterapia y terapia dirigida para controlar la enfermedad.<\/p>\n<div id=\"bc-overview\" style=\"width: 460px\" class=\"wp-caption center aligncenter\"><a href=\"\/wp-content\/uploads\/2013\/02\/Colon-Cancer-Stage-IV-PSF.jpg\" title=\"Click Image to Enlarge.\"><img decoding=\"async\" aria-describedby=\"caption-bc-overview\" src=\"\/wp-content\/uploads\/2013\/02\/StageIV-300.jpg\" class=\"aligncenter ovr-pic\" alt=\"c\u00e1ncer colorrectal metast\u00e1sico\"\/><\/a><p id=\"caption-bc-overview\" class=\"wp-caption-text\">Click Image to Enlarge.<\/p><\/div>\n","protected":false},"excerpt":{"rendered":"<p>\u00bfQu\u00e9 es el c\u00e1ncer colorrectal metast\u00e1sico? El c\u00e1ncer colorrectal metast\u00e1sico es aquel que se ha diseminado de su ubicaci\u00f3n de origen en el intestino grueso (el colon o el recto) a otras partes del organismo. Cuando el c\u00e1ncer se metastatiza, las c\u00e9lulas malignas se diseminan a otras partes del cuerpo a trav\u00e9s del torrente sangu\u00edneo [&hellip;]<\/p>\n","protected":false},"author":5,"featured_media":0,"parent":15143,"menu_order":1,"comment_status":"closed","ping_status":"open","template":"template-tumor.php","meta":{"footnotes":""},"tags":[10],"class_list":["post-15149","page","type-page","status-publish","hentry","tag-members-only"],"yoast_head":"<!-- This site is optimized with the Yoast SEO plugin v25.0 - https:\/\/yoast.com\/wordpress\/plugins\/seo\/ -->\n<title>CMedEd | Informaci\u00f3n para comprender el c\u00e1ncer colorrectal metast\u00e1sico | Generalidades<\/title>\n<meta name=\"description\" content=\"\u00bfQu\u00e9 es el c\u00e1ncer colorrectal metast\u00e1sico? El c\u00e1ncer colorrectal metast\u00e1sico es aquel que se ha diseminado de su ubicaci\u00f3n de origen en el intestino\" \/>\n<meta name=\"robots\" content=\"index, follow, max-snippet:-1, max-image-preview:large, max-video-preview:-1\" \/>\n<link rel=\"canonical\" href=\"https:\/\/cmeded.com\/es\/gastrointestinal\/understanding-metastatic-colorectal-cancer\/overview\/\" \/>\n<meta property=\"og:locale\" content=\"es_ES\" \/>\n<meta property=\"og:type\" content=\"article\" \/>\n<meta property=\"og:title\" content=\"CMedEd | Informaci\u00f3n para comprender el c\u00e1ncer colorrectal metast\u00e1sico | Generalidades\" \/>\n<meta property=\"og:description\" content=\"\u00bfQu\u00e9 es el c\u00e1ncer colorrectal metast\u00e1sico? El c\u00e1ncer colorrectal metast\u00e1sico es aquel que se ha diseminado de su ubicaci\u00f3n de origen en el intestino\" \/>\n<meta property=\"og:url\" content=\"https:\/\/cmeded.com\/es\/gastrointestinal\/understanding-metastatic-colorectal-cancer\/overview\/\" \/>\n<meta property=\"og:site_name\" content=\"CMedEd\" \/>\n<meta property=\"article:modified_time\" content=\"2025-04-29T03:32:24+00:00\" \/>\n<meta name=\"twitter:card\" content=\"summary_large_image\" \/>\n<meta name=\"twitter:label1\" content=\"Tiempo de lectura\" \/>\n\t<meta name=\"twitter:data1\" content=\"2 minutos\" \/>\n<script type=\"application\/ld+json\" class=\"yoast-schema-graph\">{\"@context\":\"https:\/\/schema.org\",\"@graph\":[{\"@type\":\"WebPage\",\"@id\":\"https:\/\/cmeded.com\/es\/gastrointestinal\/understanding-metastatic-colorectal-cancer\/overview\/\",\"url\":\"https:\/\/cmeded.com\/es\/gastrointestinal\/understanding-metastatic-colorectal-cancer\/overview\/\",\"name\":\"CMedEd | Informaci\u00f3n para comprender el c\u00e1ncer colorrectal metast\u00e1sico | Generalidades\",\"isPartOf\":{\"@id\":\"https:\/\/cmeded.com\/es\/#website\"},\"datePublished\":\"2014-02-19T18:05:38+00:00\",\"dateModified\":\"2025-04-29T03:32:24+00:00\",\"description\":\"\u00bfQu\u00e9 es el c\u00e1ncer colorrectal metast\u00e1sico? El c\u00e1ncer colorrectal metast\u00e1sico es aquel que se ha diseminado de su ubicaci\u00f3n de origen en el intestino\",\"breadcrumb\":{\"@id\":\"https:\/\/cmeded.com\/es\/gastrointestinal\/understanding-metastatic-colorectal-cancer\/overview\/#breadcrumb\"},\"inLanguage\":\"es\",\"potentialAction\":[{\"@type\":\"ReadAction\",\"target\":[\"https:\/\/cmeded.com\/es\/gastrointestinal\/understanding-metastatic-colorectal-cancer\/overview\/\"]}]},{\"@type\":\"BreadcrumbList\",\"@id\":\"https:\/\/cmeded.com\/es\/gastrointestinal\/understanding-metastatic-colorectal-cancer\/overview\/#breadcrumb\",\"itemListElement\":[{\"@type\":\"ListItem\",\"position\":1,\"name\":\"Home\",\"item\":\"https:\/\/cmeded.com\/es\/\"},{\"@type\":\"ListItem\",\"position\":2,\"name\":\"Gastrointestinal\",\"item\":\"https:\/\/cmeded.com\/es\/gastrointestinal\/\"},{\"@type\":\"ListItem\",\"position\":3,\"name\":\"Informaci\u00f3n para comprender el c\u00e1ncer colorrectal metast\u00e1sico\",\"item\":\"https:\/\/cmeded.com\/es\/gastrointestinal\/understanding-metastatic-colorectal-cancer\/\"},{\"@type\":\"ListItem\",\"position\":4,\"name\":\"Generalidades\"}]},{\"@type\":\"WebSite\",\"@id\":\"https:\/\/cmeded.com\/es\/#website\",\"url\":\"https:\/\/cmeded.com\/es\/\",\"name\":\"CMedEd\",\"description\":\"Recurso principal de informaci\u00f3n sobre el c\u00e1ncer\",\"potentialAction\":[{\"@type\":\"SearchAction\",\"target\":{\"@type\":\"EntryPoint\",\"urlTemplate\":\"https:\/\/cmeded.com\/es\/?s={search_term_string}\"},\"query-input\":{\"@type\":\"PropertyValueSpecification\",\"valueRequired\":true,\"valueName\":\"search_term_string\"}}],\"inLanguage\":\"es\"}]}<\/script>\n<!-- \/ Yoast SEO plugin. -->","yoast_head_json":{"title":"CMedEd | Informaci\u00f3n para comprender el c\u00e1ncer colorrectal metast\u00e1sico | Generalidades","description":"\u00bfQu\u00e9 es el c\u00e1ncer colorrectal metast\u00e1sico? El c\u00e1ncer colorrectal metast\u00e1sico es aquel que se ha diseminado de su ubicaci\u00f3n de origen en el intestino","robots":{"index":"index","follow":"follow","max-snippet":"max-snippet:-1","max-image-preview":"max-image-preview:large","max-video-preview":"max-video-preview:-1"},"canonical":"https:\/\/cmeded.com\/es\/gastrointestinal\/understanding-metastatic-colorectal-cancer\/overview\/","og_locale":"es_ES","og_type":"article","og_title":"CMedEd | Informaci\u00f3n para comprender el c\u00e1ncer colorrectal metast\u00e1sico | Generalidades","og_description":"\u00bfQu\u00e9 es el c\u00e1ncer colorrectal metast\u00e1sico? El c\u00e1ncer colorrectal metast\u00e1sico es aquel que se ha diseminado de su ubicaci\u00f3n de origen en el intestino","og_url":"https:\/\/cmeded.com\/es\/gastrointestinal\/understanding-metastatic-colorectal-cancer\/overview\/","og_site_name":"CMedEd","article_modified_time":"2025-04-29T03:32:24+00:00","twitter_card":"summary_large_image","twitter_misc":{"Tiempo de lectura":"2 minutos"},"schema":{"@context":"https:\/\/schema.org","@graph":[{"@type":"WebPage","@id":"https:\/\/cmeded.com\/es\/gastrointestinal\/understanding-metastatic-colorectal-cancer\/overview\/","url":"https:\/\/cmeded.com\/es\/gastrointestinal\/understanding-metastatic-colorectal-cancer\/overview\/","name":"CMedEd | Informaci\u00f3n para comprender el c\u00e1ncer colorrectal metast\u00e1sico | Generalidades","isPartOf":{"@id":"https:\/\/cmeded.com\/es\/#website"},"datePublished":"2014-02-19T18:05:38+00:00","dateModified":"2025-04-29T03:32:24+00:00","description":"\u00bfQu\u00e9 es el c\u00e1ncer colorrectal metast\u00e1sico? El c\u00e1ncer colorrectal metast\u00e1sico es aquel que se ha diseminado de su ubicaci\u00f3n de origen en el intestino","breadcrumb":{"@id":"https:\/\/cmeded.com\/es\/gastrointestinal\/understanding-metastatic-colorectal-cancer\/overview\/#breadcrumb"},"inLanguage":"es","potentialAction":[{"@type":"ReadAction","target":["https:\/\/cmeded.com\/es\/gastrointestinal\/understanding-metastatic-colorectal-cancer\/overview\/"]}]},{"@type":"BreadcrumbList","@id":"https:\/\/cmeded.com\/es\/gastrointestinal\/understanding-metastatic-colorectal-cancer\/overview\/#breadcrumb","itemListElement":[{"@type":"ListItem","position":1,"name":"Home","item":"https:\/\/cmeded.com\/es\/"},{"@type":"ListItem","position":2,"name":"Gastrointestinal","item":"https:\/\/cmeded.com\/es\/gastrointestinal\/"},{"@type":"ListItem","position":3,"name":"Informaci\u00f3n para comprender el c\u00e1ncer colorrectal metast\u00e1sico","item":"https:\/\/cmeded.com\/es\/gastrointestinal\/understanding-metastatic-colorectal-cancer\/"},{"@type":"ListItem","position":4,"name":"Generalidades"}]},{"@type":"WebSite","@id":"https:\/\/cmeded.com\/es\/#website","url":"https:\/\/cmeded.com\/es\/","name":"CMedEd","description":"Recurso principal de informaci\u00f3n sobre el c\u00e1ncer","potentialAction":[{"@type":"SearchAction","target":{"@type":"EntryPoint","urlTemplate":"https:\/\/cmeded.com\/es\/?s={search_term_string}"},"query-input":{"@type":"PropertyValueSpecification","valueRequired":true,"valueName":"search_term_string"}}],"inLanguage":"es"}]}},"_links":{"self":[{"href":"https:\/\/cmeded.com\/es\/wp-json\/wp\/v2\/pages\/15149","targetHints":{"allow":["GET"]}}],"collection":[{"href":"https:\/\/cmeded.com\/es\/wp-json\/wp\/v2\/pages"}],"about":[{"href":"https:\/\/cmeded.com\/es\/wp-json\/wp\/v2\/types\/page"}],"author":[{"embeddable":true,"href":"https:\/\/cmeded.com\/es\/wp-json\/wp\/v2\/users\/5"}],"replies":[{"embeddable":true,"href":"https:\/\/cmeded.com\/es\/wp-json\/wp\/v2\/comments?post=15149"}],"version-history":[{"count":0,"href":"https:\/\/cmeded.com\/es\/wp-json\/wp\/v2\/pages\/15149\/revisions"}],"up":[{"embeddable":true,"href":"https:\/\/cmeded.com\/es\/wp-json\/wp\/v2\/pages\/15143"}],"wp:attachment":[{"href":"https:\/\/cmeded.com\/es\/wp-json\/wp\/v2\/media?parent=15149"}],"wp:term":[{"taxonomy":"post_tag","embeddable":true,"href":"https:\/\/cmeded.com\/es\/wp-json\/wp\/v2\/tags?post=15149"}],"curies":[{"name":"wp","href":"https:\/\/api.w.org\/{rel}","templated":true}]}}