{"id":15124,"date":"2014-02-19T11:27:51","date_gmt":"2014-02-19T17:27:51","guid":{"rendered":"http:\/\/www.cmeded.com\/?page_id=15124"},"modified":"2025-05-05T20:42:17","modified_gmt":"2025-05-06T01:42:17","slug":"treatment","status":"publish","type":"page","link":"https:\/\/cmeded.com\/es\/eye\/understanding-retinoblastoma\/treatment\/","title":{"rendered":"Tratamiento"},"content":{"rendered":"<h4 class=\"section-title\">Tratamiento<\/h4>\n<p class=\"section-content\">El tratamiento de los retinoblastomas depende del tama\u00f1o, la ubicaci\u00f3n, el alcance y las caracter\u00edsticas gen\u00e9ticas y qu\u00e9 tan probable es que la visi\u00f3n se pueda salvar.  Entre los tratamientos habituales, se incluyen cirug\u00eda, radioterapia, termoterapia, crioterapia y quimioterapia.  El m\u00e9dico puede recomendar alguno de los siguientes procedimientos de manera individual o combinados.<\/p>\n<div class=\"divider\" id=\"\">\n\t\n\t<\/div>\n<div class=\"risk-factor\">\n<div class=\"symp-pic\"><div id=\"pic\" style=\"width: 410px\" class=\"wp-caption alignnone\"><a href=\"\/wp-content\/uploads\/sites\/4\/2015\/07\/Retinoblastoma-Laser-es.jpg\" title=\"Click Image to Enlarge.\"><img decoding=\"async\" aria-describedby=\"caption-pic\" src=\"\/wp-content\/uploads\/sites\/4\/2015\/07\/Retinoblastoma-Laser-es.jpg\" class=\"aligncenter squish-fix\" alt=\"Termoterapia o terapia con l\u00e1ser\" style=\"height:115px;\"\/><\/a><p id=\"caption-pic\" class=\"wp-caption-text\">Click to Enlarge<\/p><\/div><\/div>\n<div class=\"risk-text-wrap\">\n<h5 class=\"section-title\">Termoterapia o terapia con l\u00e1ser<\/h5>\n<p class=\"section-content\">La termoterapia utiliza calor para eliminar las c\u00e9lulas cancerosas. Puede administrarse por medio de l\u00e1ser, ultrasonido, microondas o radiaci\u00f3n infrarroja.  La terapia con l\u00e1ser utiliza un haz de luz potente para eliminar las c\u00e9lulas cancerosas. Otra forma de termoterapia es la fotocoagulaci\u00f3n, en la que el m\u00e9dico elimina, con l\u00e1ser, los vasos sangu\u00edneos que conducen al tumor, lo cual acaba con el suministro de nutrientes. Estos procedimientos pueden utilizarse para tratar retinoblastomas peque\u00f1os. A menudo se utiliza despu\u00e9s de la quimioterapia para matar cualquier c\u00e9lula cancerosa restante.<\/p>\n<\/div>\n<div class=\"clearboth\"><\/div>\n<\/div>\n<div class=\"divider\" id=\"\">\n\t\n\t<\/div>\n<div class=\"risk-factor\">\n<div class=\"symp-pic\"><div style=\"width: 410px\" class=\"wp-caption alignnone\"><a href=\"\/wp-content\/uploads\/sites\/4\/2015\/07\/Retinoblastoma-Cryotherapy-r2-es.jpg\" title=\"Click Image to Enlarge.\"><img decoding=\"async\" src=\"\/wp-content\/uploads\/sites\/4\/2015\/07\/Retinoblastoma-Cryotherapy-r2-es.jpg\" class=\"aligncenter squish-fix\" alt=\"Crioterapia\" style=\"height:125px;\"\/><\/a><p class=\"wp-caption-text\">Click to Enlarge<\/p><\/div><\/div>\n<div class=\"risk-text-wrap\">\n<h5 class=\"section-title\">Crioterapia<\/h5>\n<p class=\"section-content\">El m\u00e9dico puede recomendar la crioterapia para congelar y eliminar peque\u00f1os tumores perif\u00e9ricos.  El m\u00e9dico coloca una sonda sobre la superficie del ojo del paciente y la emplea para congelar la pared externa del ojo.  Esta congelaci\u00f3n penetra por la pared externa y destruye el tumor que hay dentro del ojo.<\/p>\n<\/div>\n<div class=\"clearboth\"><\/div>\n<\/div>\n<div class=\"divider\" id=\"\">\n\t\n\t<\/div>\n<div class=\"risk-factor\">\n<div class=\"symp-pic\" >\n<div style='width: 100%; height: 100%; display: flex; flex-wrap: wrap; justify-content: center; align-items: center'>\n<img decoding=\"async\" src=\"\/wp-content\/uploads\/2013\/05\/ChildChemo175.jpg\" alt=\"Quimioterapia\" style=\"height:135px;\"><br \/>\n<img decoding=\"async\" src=\"\/wp-content\/uploads\/2021\/06\/Black_Child_Chemo.jpg\" alt=\"Quimioterapia\" style=\"height:135px;\">\n<\/div>\n<\/div>\n<div class=\"risk-text-wrap\">\n<h5 class=\"section-title\">Quimioterapia<\/h5>\n<p class=\"section-content\">La quimioterapia hace referencia al uso de medicamentos para localizar las c\u00e9lulas de r\u00e1pido crecimiento con el fin de destruir las c\u00e9lulas cancerosas.  Hay diversas formas de administrar quimioterapia en el ojo.  La quimioterapia suele administrarse por v\u00eda intravenosa y va dirigida a todo el organismo, pero el m\u00e9dico puede administrar quimioterapia por v\u00eda intraarterial, periocular o intrav\u00edtrea para tratar un retinoblastoma.  En la quimioterapia intraarterial, el m\u00e9dico introduce un cat\u00e9ter por la ingle del paciente y la gu\u00eda hacia el ojo por las arterias.  El m\u00e9dico luego inyecta el medicamento de quimioterapia directamente en el ojo.  En la quimioterapia periocular, el m\u00e9dico inyecta el medicamento de quimioterapia en los tejidos que rodean el ojo.  En la quimioterapia intrav\u00edtrea, el m\u00e9dico inyecta el medicamento directamente en el ojo.<\/p>\n<\/div>\n<div class=\"clearboth\"><\/div>\n<\/div>\n<div class=\"divider\" id=\"\">\n\t\n\t<\/div>\n<div class=\"risk-factor\">\n<div class=\"symp-pic\" ><div style=\"width: 410px\" class=\"wp-caption alignnone\"><a href=\"\/wp-content\/uploads\/sites\/4\/2015\/07\/Allogeneic-Transplant-Process-Child-es.jpg\" title=\"Click Image to Enlarge.\"><img decoding=\"async\" src=\"\/wp-content\/uploads\/sites\/4\/2015\/07\/Allogeneic-Transplant-Process-Child-es.jpg\" class=\"aligncenter\" alt=\"Quimioterapia de dosis alta y trasplante de c\u00e9lulas madre\" style=\"height:150px;\"\/><\/a><p class=\"wp-caption-text\">Click to Enlarge<\/p><\/div><\/div>\n<div class=\"risk-text-wrap\">\n<h5 class=\"section-title\">Quimioterapia de dosis alta y trasplante de c\u00e9lulas madre<\/h5>\n<p class=\"section-content\"> Este procedimiento permite que los pacientes reciban dosis muy altas de quimioterapia.  Estas dosis altas destruyen las c\u00e9lulas normales que hay en la sangre y la m\u00e9dula \u00f3sea, al igual que las c\u00e9lulas cancerosas. Despu\u00e9s de la quimioterapia, el paciente recibe sus propias c\u00e9lulas madre hematopoy\u00e9ticas que ayudan al organismo a formar nuevas c\u00e9lulas sangu\u00edneas sanas.<\/p>\n<\/div>\n<div class=\"clearboth\"><\/div>\n<\/div>\n<div class=\"divider\" id=\"\">\n\t\n\t<\/div>\n<div class=\"risk-factor\">\n<div class=\"symp-pic\" ><div style=\"width: 410px\" class=\"wp-caption alignnone\"><a href=\"\/wp-content\/uploads\/sites\/4\/2015\/07\/Plaque-Radiotherapy-es.jpg\" title=\"Click Image to Enlarge.\"><img decoding=\"async\" src=\"\/wp-content\/uploads\/sites\/4\/2015\/07\/Plaque-Radiotherapy-es.jpg\" class=\"aligncenter squish-fix\" alt=\"Radioterapia\" style=\"height:auto;\"\/><\/a><p class=\"wp-caption-text\">Click to Enlarge<\/p><\/div><\/div>\n<div class=\"risk-text-wrap\">\n<h5 class=\"section-title\">Radioterapia<\/h5>\n<p class=\"section-content\">En la radioterapia, se usan rayos de gran energ\u00eda para localizar y destruir las c\u00e9lulas cancerosas.  Los m\u00e9dicos habitualmente usan una forma de radioterapia interna llamada \"radioterapia con placa\" para los tumores que se encuentran en el ojo.  El m\u00e9dico colocar\u00e1 gr\u00e1nulos radioactivos en un disco (o una placa) y ubicar\u00e1 el disco en la pared del ojo, cerca del tumor principal.  La placa suele ser de oro, lo cual ayuda a prevenir el da\u00f1o que la radiaci\u00f3n puede ocasionar a los tejidos sanos cercanos.  La placa se mantendr\u00e1 en su lugar mediante costuras temporales y durante cuatro o cinco d\u00edas. Este procedimiento puede denominarse braquiterapia.<\/p>\n<\/div>\n<div class=\"clearboth\"><\/div>\n<\/div>\n<div class=\"divider\" id=\"\">\n\t\n\t<\/div>\n<div class=\"risk-factor\">\n<div class=\"symp-pic\" ><div id=\"endoscopy\" style=\"width: 195px\" class=\"wp-caption center aligncenter\"><a href=\"\/wp-content\/uploads\/2016\/01\/Proton-for-the-eye.jpg\" title=\"Click Image to Enlarge.\"><img decoding=\"async\" aria-describedby=\"caption-endoscopy\" src=\"\/wp-content\/uploads\/2016\/01\/Proton-for-the-eye.jpg\" class=\"aligncenter squish-fix\" alt=\"Terapia de Protones\" style=\"height:200px;\"\/><\/a><p id=\"caption-endoscopy\" class=\"wp-caption-text\">Click Image to Enlarge.<\/p><\/div><\/div>\n<div class=\"risk-text-wrap\">\n<h5 class=\"section-title\">Terapia de Protones<\/h5>\n<p class=\"section-content\">La terapia de protones es un tipo de\u00a0radioterapia\u00a0avanzada que usa \u201cprotones\u201d en lugar de \u201cfotones\u201d de rayos X para irradiar el tumor.  La terapia de protones puede atacar tumores con m\u00e1s precisi\u00f3n y en cantidades m\u00e1s altas de radiaci\u00f3n que la radioterapia convencional, lo que resulta en menos da\u00f1o al tejido sano y menos efectos secundarios.  Los m\u00e9dicos pueden controlar el haz de protones para que la mayor parte de la radiaci\u00f3n se deposite en el sitio del tumor y que los tejidos sanos no se vean afectados cuando el haz atraviese el cuerpo.<\/p>\n<ul class=\"about-content\">\n<li>Consulte <a href=\"\/es\/cancer-explained\/proton-therapy\" style=\"color:#336699;text-decoration:underline;\">Terapia de protones<\/a> para obtener m\u00e1s informaci\u00f3n.<\/li>\n<\/ul>\n<\/div>\n<div class=\"clearboth\"><\/div>\n<\/div>\n<div class=\"divider\" id=\"\">\n\t\n\t<\/div>\n<div class=\"risk-factor\">\n<div class=\"symp-pic\" ><div id=\"caption\" style=\"width: 195px\" class=\"wp-caption aligncenter\"><a href=\"\/wp-content\/uploads\/2014\/05\/ProstheticEye.png\" title=\"Click Image to Enlarge.\"><img decoding=\"async\" aria-describedby=\"caption-caption\" src=\"\/wp-content\/uploads\/2013\/10\/Prosthetic-Eye-241x175.png\" class=\"aligncenter\" alt=\"Enucleaci\u00f3n\" style=\"height:150px;\"\/><\/a><p id=\"caption-caption\" class=\"wp-caption-text\">Click Image to Enlarge.<\/p><\/div><\/div>\n<div class=\"risk-text-wrap\">\n<h5 class=\"section-title\">Enucleaci\u00f3n<\/h5>\n<p class=\"section-content\">Para tumores m\u00e1s grandes y m\u00e1s avanzados, es posible que el m\u00e9dico tenga que extirpar todo el ojo.  Si le extirpan el ojo, el m\u00e9dico le pedir\u00e1 una pr\u00f3tesis ocular (ojo artificial).  Primero, el m\u00e9dico colocar\u00e1 un implante en la cuenca del ojo y lo unir\u00e1 a los m\u00fasculos del ojo.  Luego, colocar\u00e1 la pr\u00f3tesis, que ser\u00e1 del mismo color que el de sus ojos.  El implante permite que la pr\u00f3tesis se mueva con normalidad.<\/p>\n<\/div>\n<div class=\"clearboth\"><\/div>\n<\/div>\n<div class=\"divider\" id=\"\">\n\t\n\t<\/div>\n<div class=\"risk-factor\">\n<div class=\"symp-pic\" >\n<div style='width: 100%; height: 100%; display: flex; flex-wrap: wrap; justify-content: center; align-items: center'>\n<img decoding=\"async\" src=\"\/wp-content\/uploads\/2019\/01\/Screen-Shot-2019-01-04-at-1.05.20-PM.png\" alt=\"Estudios cl\u00ednicos\" style=\"height:145px;\"><br \/>\n<img decoding=\"async\" src=\"\/wp-content\/uploads\/2013\/04\/Microscope-1651.jpg\" alt=\"Estudios cl\u00ednicos\" style=\"height:140px;\">\n<\/div>\n<\/div>\n<div class=\"risk-text-wrap\">\n<h5 class=\"section-title\">Estudios cl\u00ednicos<\/h5>\n<p class=\"section-content\">Los estudios cl\u00ednicos permiten que los pacientes prueben un tratamiento nuevo antes de que est\u00e9 disponible para el p\u00fablico en general. En algunos casos, puede tratarse de un medicamento nuevo que no se ha utilizado antes en seres humanos; o bien, puede tratarse de un medicamento o una combinaci\u00f3n de medicamentos que no se utilizan actualmente para un tipo espec\u00edfico de c\u00e1ncer. En general, los estudios cl\u00ednicos en fase temprana se utilizan para probar los efectos secundarios de un medicamento o una combinaci\u00f3n de medicamentos; mientras que los estudios cl\u00ednicos en fase posterior se utilizan para determinar la eficacia de un tratamiento nuevo para un determinado tipo de c\u00e1ncer. Los estudios cl\u00ednicos permiten a m\u00e9dicos e investigadores mejorar el tratamiento de los tipos de c\u00e1ncer con terapias posiblemente m\u00e1s efectivas. Un estudio cl\u00ednico puede dar lugar a un medicamento nuevo e innovador; o bien, puede no tener efecto alguno. Es importante que hable con el m\u00e9dico acerca de las ventajas y desventajas de los estudios cl\u00ednicos para su situaci\u00f3n en particular.  Hable con el m\u00e9dico acerca de los estudios cl\u00ednicos patrocinados por el Grupo de Oncolog\u00eda Infantil (Children's Oncology Group).<\/p>\n<\/div>\n<div class=\"clearboth\"><\/div>\n<\/div>\n","protected":false},"excerpt":{"rendered":"<p>Tratamiento El tratamiento de los retinoblastomas depende del tama\u00f1o, la ubicaci\u00f3n, el alcance y las caracter\u00edsticas gen\u00e9ticas y qu\u00e9 tan probable es que la visi\u00f3n se pueda salvar. Entre los tratamientos habituales, se incluyen cirug\u00eda, radioterapia, termoterapia, crioterapia y quimioterapia. El m\u00e9dico puede recomendar alguno de los siguientes procedimientos de manera individual o combinados. Termoterapia [&hellip;]<\/p>\n","protected":false},"author":5,"featured_media":0,"parent":15112,"menu_order":6,"comment_status":"closed","ping_status":"open","template":"template-tumor.php","meta":{"footnotes":""},"tags":[10],"class_list":["post-15124","page","type-page","status-publish","hentry","tag-members-only"],"yoast_head":"<!-- This site is optimized with the Yoast SEO plugin v25.0 - https:\/\/yoast.com\/wordpress\/plugins\/seo\/ -->\n<title>CMedEd | Informaci\u00f3n para comprender el retinoblastoma | Tratamiento<\/title>\n<meta name=\"description\" content=\"Tratamiento El tratamiento de los retinoblastomas depende del tama\u00f1o, la ubicaci\u00f3n, el alcance y las caracter\u00edsticas gen\u00e9ticas y qu\u00e9 tan probable es que\" \/>\n<meta name=\"robots\" content=\"index, follow, max-snippet:-1, max-image-preview:large, max-video-preview:-1\" \/>\n<link rel=\"canonical\" href=\"https:\/\/cmeded.com\/es\/eye\/understanding-retinoblastoma\/treatment\/\" \/>\n<meta property=\"og:locale\" content=\"es_ES\" \/>\n<meta property=\"og:type\" content=\"article\" \/>\n<meta property=\"og:title\" content=\"CMedEd | Informaci\u00f3n para comprender el retinoblastoma | Tratamiento\" \/>\n<meta property=\"og:description\" content=\"Tratamiento El tratamiento de los retinoblastomas depende del tama\u00f1o, la ubicaci\u00f3n, el alcance y las caracter\u00edsticas gen\u00e9ticas y qu\u00e9 tan probable es que\" \/>\n<meta property=\"og:url\" content=\"https:\/\/cmeded.com\/es\/eye\/understanding-retinoblastoma\/treatment\/\" \/>\n<meta property=\"og:site_name\" content=\"CMedEd\" \/>\n<meta property=\"article:modified_time\" content=\"2025-05-06T01:42:17+00:00\" \/>\n<meta name=\"twitter:card\" content=\"summary_large_image\" \/>\n<meta name=\"twitter:label1\" content=\"Tiempo de lectura\" \/>\n\t<meta name=\"twitter:data1\" content=\"7 minutos\" \/>\n<script type=\"application\/ld+json\" class=\"yoast-schema-graph\">{\"@context\":\"https:\/\/schema.org\",\"@graph\":[{\"@type\":\"WebPage\",\"@id\":\"https:\/\/cmeded.com\/es\/eye\/understanding-retinoblastoma\/treatment\/\",\"url\":\"https:\/\/cmeded.com\/es\/eye\/understanding-retinoblastoma\/treatment\/\",\"name\":\"CMedEd | Informaci\u00f3n para comprender el retinoblastoma | Tratamiento\",\"isPartOf\":{\"@id\":\"https:\/\/cmeded.com\/es\/#website\"},\"datePublished\":\"2014-02-19T17:27:51+00:00\",\"dateModified\":\"2025-05-06T01:42:17+00:00\",\"description\":\"Tratamiento El tratamiento de los retinoblastomas depende del tama\u00f1o, la ubicaci\u00f3n, el alcance y las caracter\u00edsticas gen\u00e9ticas y qu\u00e9 tan probable es que\",\"breadcrumb\":{\"@id\":\"https:\/\/cmeded.com\/es\/eye\/understanding-retinoblastoma\/treatment\/#breadcrumb\"},\"inLanguage\":\"es\",\"potentialAction\":[{\"@type\":\"ReadAction\",\"target\":[\"https:\/\/cmeded.com\/es\/eye\/understanding-retinoblastoma\/treatment\/\"]}]},{\"@type\":\"BreadcrumbList\",\"@id\":\"https:\/\/cmeded.com\/es\/eye\/understanding-retinoblastoma\/treatment\/#breadcrumb\",\"itemListElement\":[{\"@type\":\"ListItem\",\"position\":1,\"name\":\"Home\",\"item\":\"https:\/\/cmeded.com\/es\/\"},{\"@type\":\"ListItem\",\"position\":2,\"name\":\"Ojo\",\"item\":\"https:\/\/cmeded.com\/es\/eye\/\"},{\"@type\":\"ListItem\",\"position\":3,\"name\":\"Informaci\u00f3n para comprender el retinoblastoma\",\"item\":\"https:\/\/cmeded.com\/es\/eye\/understanding-retinoblastoma\/\"},{\"@type\":\"ListItem\",\"position\":4,\"name\":\"Tratamiento\"}]},{\"@type\":\"WebSite\",\"@id\":\"https:\/\/cmeded.com\/es\/#website\",\"url\":\"https:\/\/cmeded.com\/es\/\",\"name\":\"CMedEd\",\"description\":\"Recurso principal de informaci\u00f3n sobre el c\u00e1ncer\",\"potentialAction\":[{\"@type\":\"SearchAction\",\"target\":{\"@type\":\"EntryPoint\",\"urlTemplate\":\"https:\/\/cmeded.com\/es\/?s={search_term_string}\"},\"query-input\":{\"@type\":\"PropertyValueSpecification\",\"valueRequired\":true,\"valueName\":\"search_term_string\"}}],\"inLanguage\":\"es\"}]}<\/script>\n<!-- \/ Yoast SEO plugin. -->","yoast_head_json":{"title":"CMedEd | Informaci\u00f3n para comprender el retinoblastoma | Tratamiento","description":"Tratamiento El tratamiento de los retinoblastomas depende del tama\u00f1o, la ubicaci\u00f3n, el alcance y las caracter\u00edsticas gen\u00e9ticas y qu\u00e9 tan probable es que","robots":{"index":"index","follow":"follow","max-snippet":"max-snippet:-1","max-image-preview":"max-image-preview:large","max-video-preview":"max-video-preview:-1"},"canonical":"https:\/\/cmeded.com\/es\/eye\/understanding-retinoblastoma\/treatment\/","og_locale":"es_ES","og_type":"article","og_title":"CMedEd | Informaci\u00f3n para comprender el retinoblastoma | Tratamiento","og_description":"Tratamiento El tratamiento de los retinoblastomas depende del tama\u00f1o, la ubicaci\u00f3n, el alcance y las caracter\u00edsticas gen\u00e9ticas y qu\u00e9 tan probable es que","og_url":"https:\/\/cmeded.com\/es\/eye\/understanding-retinoblastoma\/treatment\/","og_site_name":"CMedEd","article_modified_time":"2025-05-06T01:42:17+00:00","twitter_card":"summary_large_image","twitter_misc":{"Tiempo de lectura":"7 minutos"},"schema":{"@context":"https:\/\/schema.org","@graph":[{"@type":"WebPage","@id":"https:\/\/cmeded.com\/es\/eye\/understanding-retinoblastoma\/treatment\/","url":"https:\/\/cmeded.com\/es\/eye\/understanding-retinoblastoma\/treatment\/","name":"CMedEd | Informaci\u00f3n para comprender el retinoblastoma | Tratamiento","isPartOf":{"@id":"https:\/\/cmeded.com\/es\/#website"},"datePublished":"2014-02-19T17:27:51+00:00","dateModified":"2025-05-06T01:42:17+00:00","description":"Tratamiento El tratamiento de los retinoblastomas depende del tama\u00f1o, la ubicaci\u00f3n, el alcance y las caracter\u00edsticas gen\u00e9ticas y qu\u00e9 tan probable es que","breadcrumb":{"@id":"https:\/\/cmeded.com\/es\/eye\/understanding-retinoblastoma\/treatment\/#breadcrumb"},"inLanguage":"es","potentialAction":[{"@type":"ReadAction","target":["https:\/\/cmeded.com\/es\/eye\/understanding-retinoblastoma\/treatment\/"]}]},{"@type":"BreadcrumbList","@id":"https:\/\/cmeded.com\/es\/eye\/understanding-retinoblastoma\/treatment\/#breadcrumb","itemListElement":[{"@type":"ListItem","position":1,"name":"Home","item":"https:\/\/cmeded.com\/es\/"},{"@type":"ListItem","position":2,"name":"Ojo","item":"https:\/\/cmeded.com\/es\/eye\/"},{"@type":"ListItem","position":3,"name":"Informaci\u00f3n para comprender el retinoblastoma","item":"https:\/\/cmeded.com\/es\/eye\/understanding-retinoblastoma\/"},{"@type":"ListItem","position":4,"name":"Tratamiento"}]},{"@type":"WebSite","@id":"https:\/\/cmeded.com\/es\/#website","url":"https:\/\/cmeded.com\/es\/","name":"CMedEd","description":"Recurso principal de informaci\u00f3n sobre el c\u00e1ncer","potentialAction":[{"@type":"SearchAction","target":{"@type":"EntryPoint","urlTemplate":"https:\/\/cmeded.com\/es\/?s={search_term_string}"},"query-input":{"@type":"PropertyValueSpecification","valueRequired":true,"valueName":"search_term_string"}}],"inLanguage":"es"}]}},"_links":{"self":[{"href":"https:\/\/cmeded.com\/es\/wp-json\/wp\/v2\/pages\/15124","targetHints":{"allow":["GET"]}}],"collection":[{"href":"https:\/\/cmeded.com\/es\/wp-json\/wp\/v2\/pages"}],"about":[{"href":"https:\/\/cmeded.com\/es\/wp-json\/wp\/v2\/types\/page"}],"author":[{"embeddable":true,"href":"https:\/\/cmeded.com\/es\/wp-json\/wp\/v2\/users\/5"}],"replies":[{"embeddable":true,"href":"https:\/\/cmeded.com\/es\/wp-json\/wp\/v2\/comments?post=15124"}],"version-history":[{"count":0,"href":"https:\/\/cmeded.com\/es\/wp-json\/wp\/v2\/pages\/15124\/revisions"}],"up":[{"embeddable":true,"href":"https:\/\/cmeded.com\/es\/wp-json\/wp\/v2\/pages\/15112"}],"wp:attachment":[{"href":"https:\/\/cmeded.com\/es\/wp-json\/wp\/v2\/media?parent=15124"}],"wp:term":[{"taxonomy":"post_tag","embeddable":true,"href":"https:\/\/cmeded.com\/es\/wp-json\/wp\/v2\/tags?post=15124"}],"curies":[{"name":"wp","href":"https:\/\/api.w.org\/{rel}","templated":true}]}}