{"id":15116,"date":"2014-02-19T11:25:11","date_gmt":"2014-02-19T17:25:11","guid":{"rendered":"http:\/\/www.cmeded.com\/?page_id=15116"},"modified":"2023-08-24T18:50:53","modified_gmt":"2023-08-24T23:50:53","slug":"risk-factors","status":"publish","type":"page","link":"https:\/\/cmeded.com\/es\/eye\/understanding-retinoblastoma\/risk-factors\/","title":{"rendered":"Factores de riesgo"},"content":{"rendered":"<h4 class=\"section-title\">Factores de riesgo<\/h4>\n<p class=\"section-content\">Un factor de riesgo es una caracter\u00edstica, una conducta o una afecci\u00f3n que aumentan las posibilidades de contraer una enfermedad.  A continuaci\u00f3n, se detallan algunos factores de riesgo que inciden en el desarrollo del retinoblastoma:<\/p>\n<div class=\"divider\" id=\"\">\n\t\n\t<\/div>\n<div class=\"risk-factor\">\n<div class=\"risk-pic\"><img decoding=\"async\" src=\"\/wp-content\/uploads\/2012\/11\/DNA-strand1.png\" alt=\"Mutaci\u00f3n gen\u00e9tica\" class=\"aligncenter\" style=\"height:125px;\"\/><\/div>\n<div class=\"risk-text\">\n<h5 class=\"section-title\">Mutaci\u00f3n gen\u00e9tica<\/h5>\n<p class=\"section-content\">Un factor de riesgo muy aceptado que incide en el desarrollo del retinoblastoma es una mutaci\u00f3n gen\u00e9tica en el cromosoma 13, un gen supresor tumoral.  Esta mutaci\u00f3n de genes desencadena una segunda mutaci\u00f3n durante el desarrollo de la retina, lo cual produce el retinoblastoma.<\/p>\n<\/div>\n<div class=\"clearboth\"><\/div>\n<\/div>\n<div class=\"divider\" id=\"\">\n\t\n\t<\/div>\n<div class=\"risk-factor\">\n<div class=\"risk-pic\">\n<div style='width: 100%; height: 100%; display: flex; flex-wrap: wrap; justify-content: center; align-items: center'>\n<img decoding=\"async\" src=\"\/wp-content\/uploads\/2021\/05\/Hispanic-Family-1.jpg\" alt=\"Antecedentes familiares\" style=\"height:95px;\"><br \/>\n<img decoding=\"async\" src=\"\/wp-content\/uploads\/2013\/10\/Family450x306.png\" alt=\"Antecedentes familiares\" style=\"height:95px;\">\n<\/div>\n<\/div>\n<div class=\"risk-text\">\n<h5 class=\"section-title\">Antecedentes familiares<\/h5>\n<p class=\"section-content\">En algunos casos, la mutaci\u00f3n gen\u00e9tica que causa el retinoblastoma puede ser hereditaria, y se transmite de padres a hijos.  Es importante que los padres busquen asesoramiento sobre gen\u00e9tica o hablen con un profesional capacitado sobre enfermedades hereditarias.  De esta manera, los padres sabr\u00e1n si su hijo presenta un riesgo alto de contraer la enfermedad.<\/p>\n<\/div>\n<div class=\"clearboth\"><\/div>\n<\/div>\n<div class=\"divider\" id=\"\">\n\t\n\t<\/div>\n<div class=\"risk-factor\">\n<div class=\"risk-pic\"><img decoding=\"async\" src=\"\/wp-content\/uploads\/2013\/02\/HPV150.jpg\" class=\"aligncenter\" alt=\"Virus del papiloma humano\" style=\"height:105px;\"><\/div>\n<div class=\"risk-text\">\n<h5 class=\"section-title\">Virus del papiloma humano<\/h5>\n<p class=\"section-content\">Seg\u00fan algunos m\u00e9dicos, si uno de los padres est\u00e1 infectado por el virus del papiloma humano (VPH), tal vez el riesgo de que un ni\u00f1o presente un retinoblastoma sea mayor.  Sin embargo, este factor de riesgo sigue siendo una teor\u00eda que a\u00fan no se ha demostrado.<\/p>\n<\/div>\n<div class=\"clearboth\"><\/div>\n<\/div>\n","protected":false},"excerpt":{"rendered":"<p>Factores de riesgo Un factor de riesgo es una caracter\u00edstica, una conducta o una afecci\u00f3n que aumentan las posibilidades de contraer una enfermedad. A continuaci\u00f3n, se detallan algunos factores de riesgo que inciden en el desarrollo del retinoblastoma: Mutaci\u00f3n gen\u00e9tica Un factor de riesgo muy aceptado que incide en el desarrollo del retinoblastoma es una [&hellip;]<\/p>\n","protected":false},"author":5,"featured_media":0,"parent":15112,"menu_order":2,"comment_status":"closed","ping_status":"open","template":"template-tumor.php","meta":{"footnotes":""},"tags":[10],"class_list":["post-15116","page","type-page","status-publish","hentry","tag-members-only"],"yoast_head":"<!-- This site is optimized with the Yoast SEO plugin v25.0 - https:\/\/yoast.com\/wordpress\/plugins\/seo\/ -->\n<title>CMedEd | Informaci\u00f3n para comprender el retinoblastoma | Factores de riesgo<\/title>\n<meta name=\"description\" content=\"Factores de riesgo Un factor de riesgo es una caracter\u00edstica, una conducta o una afecci\u00f3n que aumentan las posibilidades de contraer una enfermedad. A\" \/>\n<meta name=\"robots\" content=\"index, follow, max-snippet:-1, max-image-preview:large, max-video-preview:-1\" \/>\n<link rel=\"canonical\" href=\"https:\/\/cmeded.com\/es\/eye\/understanding-retinoblastoma\/risk-factors\/\" \/>\n<meta property=\"og:locale\" content=\"es_ES\" \/>\n<meta property=\"og:type\" content=\"article\" \/>\n<meta property=\"og:title\" content=\"CMedEd | Informaci\u00f3n para comprender el retinoblastoma | Factores de riesgo\" \/>\n<meta property=\"og:description\" content=\"Factores de riesgo Un factor de riesgo es una caracter\u00edstica, una conducta o una afecci\u00f3n que aumentan las posibilidades de contraer una enfermedad. A\" \/>\n<meta property=\"og:url\" content=\"https:\/\/cmeded.com\/es\/eye\/understanding-retinoblastoma\/risk-factors\/\" \/>\n<meta property=\"og:site_name\" content=\"CMedEd\" \/>\n<meta property=\"article:modified_time\" content=\"2023-08-24T23:50:53+00:00\" \/>\n<meta name=\"twitter:card\" content=\"summary_large_image\" \/>\n<meta name=\"twitter:label1\" content=\"Tiempo de lectura\" \/>\n\t<meta name=\"twitter:data1\" content=\"1 minuto\" \/>\n<script type=\"application\/ld+json\" class=\"yoast-schema-graph\">{\"@context\":\"https:\/\/schema.org\",\"@graph\":[{\"@type\":\"WebPage\",\"@id\":\"https:\/\/cmeded.com\/es\/eye\/understanding-retinoblastoma\/risk-factors\/\",\"url\":\"https:\/\/cmeded.com\/es\/eye\/understanding-retinoblastoma\/risk-factors\/\",\"name\":\"CMedEd | Informaci\u00f3n para comprender el retinoblastoma | Factores de riesgo\",\"isPartOf\":{\"@id\":\"https:\/\/cmeded.com\/es\/#website\"},\"datePublished\":\"2014-02-19T17:25:11+00:00\",\"dateModified\":\"2023-08-24T23:50:53+00:00\",\"description\":\"Factores de riesgo Un factor de riesgo es una caracter\u00edstica, una conducta o una afecci\u00f3n que aumentan las posibilidades de contraer una enfermedad. A\",\"breadcrumb\":{\"@id\":\"https:\/\/cmeded.com\/es\/eye\/understanding-retinoblastoma\/risk-factors\/#breadcrumb\"},\"inLanguage\":\"es\",\"potentialAction\":[{\"@type\":\"ReadAction\",\"target\":[\"https:\/\/cmeded.com\/es\/eye\/understanding-retinoblastoma\/risk-factors\/\"]}]},{\"@type\":\"BreadcrumbList\",\"@id\":\"https:\/\/cmeded.com\/es\/eye\/understanding-retinoblastoma\/risk-factors\/#breadcrumb\",\"itemListElement\":[{\"@type\":\"ListItem\",\"position\":1,\"name\":\"Home\",\"item\":\"https:\/\/cmeded.com\/es\/\"},{\"@type\":\"ListItem\",\"position\":2,\"name\":\"Ojo\",\"item\":\"https:\/\/cmeded.com\/es\/eye\/\"},{\"@type\":\"ListItem\",\"position\":3,\"name\":\"Informaci\u00f3n para comprender el retinoblastoma\",\"item\":\"https:\/\/cmeded.com\/es\/eye\/understanding-retinoblastoma\/\"},{\"@type\":\"ListItem\",\"position\":4,\"name\":\"Factores de riesgo\"}]},{\"@type\":\"WebSite\",\"@id\":\"https:\/\/cmeded.com\/es\/#website\",\"url\":\"https:\/\/cmeded.com\/es\/\",\"name\":\"CMedEd\",\"description\":\"Recurso principal de informaci\u00f3n sobre el c\u00e1ncer\",\"potentialAction\":[{\"@type\":\"SearchAction\",\"target\":{\"@type\":\"EntryPoint\",\"urlTemplate\":\"https:\/\/cmeded.com\/es\/?s={search_term_string}\"},\"query-input\":{\"@type\":\"PropertyValueSpecification\",\"valueRequired\":true,\"valueName\":\"search_term_string\"}}],\"inLanguage\":\"es\"}]}<\/script>\n<!-- \/ Yoast SEO plugin. -->","yoast_head_json":{"title":"CMedEd | Informaci\u00f3n para comprender el retinoblastoma | Factores de riesgo","description":"Factores de riesgo Un factor de riesgo es una caracter\u00edstica, una conducta o una afecci\u00f3n que aumentan las posibilidades de contraer una enfermedad. A","robots":{"index":"index","follow":"follow","max-snippet":"max-snippet:-1","max-image-preview":"max-image-preview:large","max-video-preview":"max-video-preview:-1"},"canonical":"https:\/\/cmeded.com\/es\/eye\/understanding-retinoblastoma\/risk-factors\/","og_locale":"es_ES","og_type":"article","og_title":"CMedEd | Informaci\u00f3n para comprender el retinoblastoma | Factores de riesgo","og_description":"Factores de riesgo Un factor de riesgo es una caracter\u00edstica, una conducta o una afecci\u00f3n que aumentan las posibilidades de contraer una enfermedad. A","og_url":"https:\/\/cmeded.com\/es\/eye\/understanding-retinoblastoma\/risk-factors\/","og_site_name":"CMedEd","article_modified_time":"2023-08-24T23:50:53+00:00","twitter_card":"summary_large_image","twitter_misc":{"Tiempo de lectura":"1 minuto"},"schema":{"@context":"https:\/\/schema.org","@graph":[{"@type":"WebPage","@id":"https:\/\/cmeded.com\/es\/eye\/understanding-retinoblastoma\/risk-factors\/","url":"https:\/\/cmeded.com\/es\/eye\/understanding-retinoblastoma\/risk-factors\/","name":"CMedEd | Informaci\u00f3n para comprender el retinoblastoma | Factores de riesgo","isPartOf":{"@id":"https:\/\/cmeded.com\/es\/#website"},"datePublished":"2014-02-19T17:25:11+00:00","dateModified":"2023-08-24T23:50:53+00:00","description":"Factores de riesgo Un factor de riesgo es una caracter\u00edstica, una conducta o una afecci\u00f3n que aumentan las posibilidades de contraer una enfermedad. A","breadcrumb":{"@id":"https:\/\/cmeded.com\/es\/eye\/understanding-retinoblastoma\/risk-factors\/#breadcrumb"},"inLanguage":"es","potentialAction":[{"@type":"ReadAction","target":["https:\/\/cmeded.com\/es\/eye\/understanding-retinoblastoma\/risk-factors\/"]}]},{"@type":"BreadcrumbList","@id":"https:\/\/cmeded.com\/es\/eye\/understanding-retinoblastoma\/risk-factors\/#breadcrumb","itemListElement":[{"@type":"ListItem","position":1,"name":"Home","item":"https:\/\/cmeded.com\/es\/"},{"@type":"ListItem","position":2,"name":"Ojo","item":"https:\/\/cmeded.com\/es\/eye\/"},{"@type":"ListItem","position":3,"name":"Informaci\u00f3n para comprender el retinoblastoma","item":"https:\/\/cmeded.com\/es\/eye\/understanding-retinoblastoma\/"},{"@type":"ListItem","position":4,"name":"Factores de riesgo"}]},{"@type":"WebSite","@id":"https:\/\/cmeded.com\/es\/#website","url":"https:\/\/cmeded.com\/es\/","name":"CMedEd","description":"Recurso principal de informaci\u00f3n sobre el c\u00e1ncer","potentialAction":[{"@type":"SearchAction","target":{"@type":"EntryPoint","urlTemplate":"https:\/\/cmeded.com\/es\/?s={search_term_string}"},"query-input":{"@type":"PropertyValueSpecification","valueRequired":true,"valueName":"search_term_string"}}],"inLanguage":"es"}]}},"_links":{"self":[{"href":"https:\/\/cmeded.com\/es\/wp-json\/wp\/v2\/pages\/15116","targetHints":{"allow":["GET"]}}],"collection":[{"href":"https:\/\/cmeded.com\/es\/wp-json\/wp\/v2\/pages"}],"about":[{"href":"https:\/\/cmeded.com\/es\/wp-json\/wp\/v2\/types\/page"}],"author":[{"embeddable":true,"href":"https:\/\/cmeded.com\/es\/wp-json\/wp\/v2\/users\/5"}],"replies":[{"embeddable":true,"href":"https:\/\/cmeded.com\/es\/wp-json\/wp\/v2\/comments?post=15116"}],"version-history":[{"count":0,"href":"https:\/\/cmeded.com\/es\/wp-json\/wp\/v2\/pages\/15116\/revisions"}],"up":[{"embeddable":true,"href":"https:\/\/cmeded.com\/es\/wp-json\/wp\/v2\/pages\/15112"}],"wp:attachment":[{"href":"https:\/\/cmeded.com\/es\/wp-json\/wp\/v2\/media?parent=15116"}],"wp:term":[{"taxonomy":"post_tag","embeddable":true,"href":"https:\/\/cmeded.com\/es\/wp-json\/wp\/v2\/tags?post=15116"}],"curies":[{"name":"wp","href":"https:\/\/api.w.org\/{rel}","templated":true}]}}