{"id":15089,"date":"2014-02-19T11:00:12","date_gmt":"2014-02-19T17:00:12","guid":{"rendered":"http:\/\/www.cmeded.com\/?page_id=15089"},"modified":"2025-05-05T21:38:46","modified_gmt":"2025-05-06T02:38:46","slug":"staging","status":"publish","type":"page","link":"https:\/\/cmeded.com\/es\/gastrointestinal\/understanding-gastrointestinal-stromal-tumors-gist\/staging\/","title":{"rendered":"Estadificaci\u00f3n"},"content":{"rendered":"<h4 class=\"section-title\">Estadificaci\u00f3n de los tumores GIST<\/h4>\n<p class=\"section-content\">El sistema m\u00e1s com\u00fanmente utilizado para la estadificaci\u00f3n de los tumores del estroma gastrointestinal (GIST) es el sistema TNM, desarrollado por el Comit\u00e9 Conjunto Estadounidense sobre C\u00e1ncer (AJCC), cuya actualizaci\u00f3n m\u00e1s reciente se implement\u00f3 en 2018. Este sistema eval\u00faa cuatro factores clave:<br \/>\nTama\u00f1o del tumor (T): \u00bfQu\u00e9 tan grande es el tumor primario?<br \/>\nAfectaci\u00f3n de los ganglios linf\u00e1ticos (N): \u00bfSe ha propagado el c\u00e1ncer a los ganglios linf\u00e1ticos cercanos? (Esto es poco com\u00fan en los GIST).<br \/>\nMet\u00e1stasis (M): \u00bfSe ha propagado el c\u00e1ncer a partes distantes del cuerpo? (Los sitios comunes de propagaci\u00f3n incluyen el h\u00edgado, los pulmones, los huesos y el peritoneo, el revestimiento de la cavidad abdominal).<br \/>\nTasa mit\u00f3tica: Esta medici\u00f3n de laboratorio refleja la velocidad de divisi\u00f3n de las c\u00e9lulas tumorales. Se clasifica como baja o alta, donde una tasa mit\u00f3tica baja indica un pron\u00f3stico m\u00e1s favorable.<\/p>\n<div class=\"clapat-tabs\" id=\"\"><div class=\"tabs-bg\"><\/div><ul class=\"staging-tab-menu\"><li><a href=\"#tabs-700\"><br \/>\nEstadio IA<\/a><\/li>\n<li><a href=\"#tabs-701\"><br \/>\nEstadio IB<\/a><\/li>\n<li><a href=\"#tabs-702\"><br \/>\nEstadio II<\/a><\/li>\n<li><a href=\"#tabs-703\"><br \/>\nEstadio IIIA<\/a><\/li>\n<li><a href=\"#tabs-704\"><br \/>\nEstadio IIIB<\/a><\/li>\n<li><a href=\"#tabs-705\"><br \/>\nEstadio IV<\/a><\/li><\/ul><div class=\"list-wrap\"><div id=\"tabs-700\"><\/p>\n<h4 class=\"section-title hidden-title\">Estadio IA<\/h4>\n<p><div id=\"stage\" style=\"width: 242px\" class=\"wp-caption alignnone\"><a href=\"\/wp-content\/uploads\/sites\/4\/2015\/07\/GIST-stage1a-es.jpg\" title=\"Click Image to Enlarge.\"><img decoding=\"async\" aria-describedby=\"caption-stage\" src=\"\/wp-content\/uploads\/sites\/4\/2015\/07\/GIST-stage1a-es.jpg\" alt=\"Estadio 1a\" class=\"aligncenter\" style=\"max-width:250px;\"\/><\/a><p id=\"caption-stage\" class=\"wp-caption-text\">Click Image to Enlarge.<\/p><\/div><\/p>\n<h5 class=\"section-title\">Descripci\u00f3n<\/h5>\n<ul>\n<li class=\"section-content\">El tumor:<br \/>\nMide menos de 2 cm de ancho (T1) O<br \/>\nMide m\u00e1s de 2 cm, pero no m\u00e1s de 5 cm de ancho (T2).<br \/>\nEl c\u00e1ncer no se ha propagado a los ganglios linf\u00e1ticos cercanos (N0) ni a sitios distantes (M0). La tasa mit\u00f3tica es baja.<\/li>\n<\/ul>\n<h5 class=\"section-title\">Tratamiento<\/h5>\n<ul>\n<li class=\"section-content\">Cirug\u00eda; en raras ocasiones, algunos GIST muy peque\u00f1os encontrados por casualidad pueden observarse en serie.<\/li>\n<\/ul>\n<hr class=\"hidden-title\"\/>\n<\/div>\n<div id=\"tabs-701\"><\/p>\n<h4 class=\"section-title hidden-title\">Estadio IB<\/h4>\n<p><div id=\"stage\" style=\"width: 289px\" class=\"wp-caption alignnone\"><a href=\"\/wp-content\/uploads\/sites\/4\/2015\/07\/GIST-stage1b-es.jpg\" title=\"Click Image to Enlarge.\"><img decoding=\"async\" aria-describedby=\"caption-stage\" src=\"\/wp-content\/uploads\/sites\/4\/2015\/07\/GIST-stage1b-es.jpg\" alt=\"Estadio 1b\" class=\"aligncenter\" style=\"max-width:250px;\"\/><\/a><p id=\"caption-stage\" class=\"wp-caption-text\">Click Image to Enlarge.<\/p><\/div><\/p>\n<h5 class=\"section-title\">Descripci\u00f3n<\/h5>\n<ul>\n<li class=\"section-content\">El tumor mide m\u00e1s de 5 cm, pero no m\u00e1s de 10 cm de di\u00e1metro (T3). El c\u00e1ncer no se ha propagado a los ganglios linf\u00e1ticos cercanos (N0) ni a sitios distantes (M0). La tasa mit\u00f3tica es baja. Tumor de bajo grado con un di\u00e1metro de entre 5 cm y 10 cm.<\/li>\n<\/ul>\n<h5 class=\"section-title\">Tratamiento<\/h5>\n<ul>\n<li class=\"section-content\">Cirug\u00eda; se puede considerar una terapia dirigida antes o despu\u00e9s de la cirug\u00eda.<\/li>\n<\/ul>\n<hr class=\"hidden-title\"\/>\n<\/div>\n<div id=\"tabs-702\"><\/p>\n<h4 class=\"section-title hidden-title\">Estadio II<\/h4>\n<p><div id=\"stage\" style=\"width: 240px\" class=\"wp-caption alignnone\"><a href=\"\/wp-content\/uploads\/sites\/4\/2015\/07\/GIST-stage2-es.jpg\" title=\"Click Image to Enlarge.\"><img decoding=\"async\" aria-describedby=\"caption-stage\" src=\"\/wp-content\/uploads\/sites\/4\/2015\/07\/GIST-stage2-es.jpg\" alt=\"Estadio 2\" class=\"aligncenter\" style=\"max-width:250px;\"\/><\/a><p id=\"caption-stage\" class=\"wp-caption-text\">Click Image to Enlarge.<\/p><\/div><\/p>\n<h5 class=\"section-title\">Descripci\u00f3n<\/h5>\n<ul>\n<li class=\"section-content\">El tumor no mide m\u00e1s de 2 cm de ancho (T1).<br \/>\nEl c\u00e1ncer no se ha propagado a los ganglios linf\u00e1ticos cercanos (N0) ni a sitios distantes (M0). La tasa mit\u00f3tica es alta. Tumor de alto grado con un di\u00e1metro menor de 5 cm. El c\u00e1ncer no se ha propagado a los ganglios linf\u00e1ticos ni a otras partes del cuerpo.<\/li>\n<li class=\"section-content\" style=\"list-style-type:none\">O<\/li>\n<li class=\"section-content\">El tumor mide m\u00e1s de 2 cm, pero no m\u00e1s de 5 cm de ancho (T2).<br \/>\nEl c\u00e1ncer no se ha propagado a los ganglios linf\u00e1ticos cercanos (N0) ni a sitios distantes (M0). La tasa mit\u00f3tica es alta.<\/li>\n<li class=\"section-content\" style=\"list-style-type:none\">O<\/li>\n<li class=\"section-content\">El tumor mide m\u00e1s de 10 cm de di\u00e1metro (T4).<br \/>\nEl c\u00e1ncer no se ha propagado a los ganglios linf\u00e1ticos cercanos (N0) ni a sitios distantes (M0). La tasa mit\u00f3tica es baja.<\/li>\n<\/ul>\n<h5 class=\"section-title\">Tratamiento<\/h5>\n<ul>\n<li class=\"section-content\">Cirug\u00eda; se puede considerar una terapia dirigida antes o despu\u00e9s de la cirug\u00eda.<\/li>\n<\/ul>\n<hr class=\"hidden-title\"\/>\n<\/div>\n<div id=\"tabs-703\"><\/p>\n<h4 class=\"section-title hidden-title\">Estadio IIIA<\/h4>\n<p><div id=\"stage\" style=\"width: 240px\" class=\"wp-caption alignnone\"><a href=\"\/wp-content\/uploads\/sites\/4\/2015\/07\/GIST-stage3a-es.jpg\" title=\"Click Image to Enlarge.\"><img decoding=\"async\" aria-describedby=\"caption-stage\" src=\"\/wp-content\/uploads\/sites\/4\/2015\/07\/GIST-stage3a-es.jpg\" alt=\"Estadio 3a\" class=\"aligncenter\" style=\"max-width:250px;\"\/><\/a><p id=\"caption-stage\" class=\"wp-caption-text\">Click Image to Enlarge.<\/p><\/div><\/p>\n<h5 class=\"section-title\">Descripci\u00f3n<\/h5>\n<ul>\n<li class=\"section-content\">El tumor mide m\u00e1s de 10 cm de di\u00e1metro (T4).<br \/>\nEl c\u00e1ncer no se ha propagado a los ganglios linf\u00e1ticos cercanos (N0) ni a sitios distantes (M0).<\/li>\n<li class=\"section-content\" style=\"list-style-type:none\">O<\/li>\n<li class=\"section-content\">El tumor mide m\u00e1s de 2 cm, pero no m\u00e1s de 5 cm de ancho (T2). El c\u00e1ncer no se ha propagado a los ganglios linf\u00e1ticos cercanos (N0) ni a sitios distantes (M0). La tasa mit\u00f3tica es alta.<\/li>\n<\/ul>\n<h5 class=\"section-title\">Tratamiento<\/h5>\n<ul>\n<li class=\"section-content\">Surgery; targeted therapy before or after surgery may be considered.<\/li>\n<\/ul>\n<hr class=\"hidden-title\"\/>\n<\/div>\n<div id=\"tabs-704\"><\/p>\n<h4 class=\"section-title hidden-title\">Estadio IIIB<\/h4>\n<p><div id=\"stage\" style=\"width: 240px\" class=\"wp-caption alignnone\"><a href=\"\/wp-content\/uploads\/sites\/4\/2015\/07\/GIST-stage3b-es.jpg\" title=\"Click Image to Enlarge.\"><img decoding=\"async\" aria-describedby=\"caption-stage\" src=\"\/wp-content\/uploads\/sites\/4\/2015\/07\/GIST-stage3b-es.jpg\" alt=\"Estadio 3b\" class=\"aligncenter\" style=\"max-width:250px;\"\/><\/a><p id=\"caption-stage\" class=\"wp-caption-text\">Click Image to Enlarge.<\/p><\/div><\/p>\n<h5 class=\"section-title\">Descripci\u00f3n<\/h5>\n<ul>\n<li class=\"section-content\">El tumor mide m\u00e1s de 5 cm, pero no m\u00e1s de 10 cm de ancho (T3).<br \/>\nEl c\u00e1ncer no se ha propagado a los ganglios linf\u00e1ticos cercanos (N0) ni a sitios distantes (M0). La tasa mit\u00f3tica es alta.<\/li>\n<li class=\"section-content\" style=\"list-style-type:none\">O<\/li>\n<ul>\n<li class=\"section-content\">El tumor mide m\u00e1s de 10 cm de di\u00e1metro (T4).<br \/>\nEl c\u00e1ncer no se ha propagado a los ganglios linf\u00e1ticos cercanos (N0) ni a sitios distantes (M0). La tasa mit\u00f3tica es alta.<\/li>\n<li class=\"section-content\" style=\"list-style-type:none\">O<\/li>\n<ul>\n<li class=\"section-content\">El tumor es de cualquier tama\u00f1o (Cualquier T) y se ha diseminado a los ganglios linf\u00e1ticos cercanos (N1).<br \/>\nEl c\u00e1ncer no se ha diseminado a sitios distantes (M0). La tasa mit\u00f3tica puede ser baja o alta.<\/li>\n<\/ul>\n<h5 class=\"section-title\">Tratamiento<\/h5>\n<ul>\n<li class=\"section-content\">Cirug\u00eda; se puede considerar una terapia dirigida antes o despu\u00e9s de la cirug\u00eda.<\/li>\n<\/ul>\n<hr class=\"hidden-title\"\/>\n<\/div>\n<div id=\"tabs-705\"><\/p>\n<h4 class=\"section-title hidden-title\">Estadio IV<\/h4>\n<p><div id=\"stage\" style=\"width: 304px\" class=\"wp-caption alignnone\"><a href=\"\/wp-content\/uploads\/sites\/4\/2015\/07\/GIST-stage4-es.jpg\" title=\"Click Image to Enlarge.\"><img decoding=\"async\" aria-describedby=\"caption-stage\" src=\"\/wp-content\/uploads\/sites\/4\/2015\/07\/GIST-stage4-es.jpg\" alt=\"Estadio 4\" class=\"aligncenter\" style=\"max-width:300px;\"\/><\/a><p id=\"caption-stage\" class=\"wp-caption-text\">Click Image to Enlarge.<\/p><\/div><\/p>\n<h5 class=\"section-title\">Descripci\u00f3n<\/h5>\n<ul>\n<li class=\"section-content\">El tumor es de cualquier tama\u00f1o (Cualquier T) y podr\u00eda haberse propagado o no a los ganglios linf\u00e1ticos cercanos (Cualquier N).<br \/>\nEl c\u00e1ncer se ha propagado a partes distantes del cuerpo (M1). La tasa mit\u00f3tica puede ser baja o alta.<\/li>\n<\/ul>\n<h5 class=\"section-title\">Tratamiento<\/h5>\n<ul>\n<li class=\"section-content\">Terapia dirigida, ensayos cl\u00ednicos, con o sin cirug\u00eda para eliminar met\u00e1stasis operables.<\/li>\n<\/ul>\n<hr class=\"hidden-title\"\/>\n<\/div><\/div><\/div>\n<div class=\"clearboth\"><\/div>\n<div class=\"space\" style=\"clear:both; height:25px;\"><\/div>\n","protected":false},"excerpt":{"rendered":"<p>Estadificaci\u00f3n de los tumores GIST El sistema m\u00e1s com\u00fanmente utilizado para la estadificaci\u00f3n de los tumores del estroma gastrointestinal (GIST) es el sistema TNM, desarrollado por el Comit\u00e9 Conjunto Estadounidense sobre C\u00e1ncer (AJCC), cuya actualizaci\u00f3n m\u00e1s reciente se implement\u00f3 en 2018. Este sistema eval\u00faa cuatro factores clave: Tama\u00f1o del tumor (T): \u00bfQu\u00e9 tan grande es [&hellip;]<\/p>\n","protected":false},"author":5,"featured_media":0,"parent":15040,"menu_order":5,"comment_status":"closed","ping_status":"open","template":"template-tumor.php","meta":{"footnotes":""},"tags":[10],"class_list":["post-15089","page","type-page","status-publish","hentry","tag-members-only"],"yoast_head":"<!-- This site is optimized with the Yoast SEO plugin v25.0 - https:\/\/yoast.com\/wordpress\/plugins\/seo\/ -->\n<title>CMedEd | Informaci\u00f3n para comprender los tumores del estroma gastrointestinal | Estadificaci\u00f3n<\/title>\n<meta name=\"description\" content=\"Estadificaci\u00f3n de los tumores GIST El sistema m\u00e1s com\u00fanmente utilizado para la estadificaci\u00f3n de los tumores del estroma gastrointestinal (GIST) es el\" \/>\n<meta name=\"robots\" content=\"index, follow, max-snippet:-1, max-image-preview:large, max-video-preview:-1\" \/>\n<link rel=\"canonical\" href=\"https:\/\/cmeded.com\/es\/gastrointestinal\/understanding-gastrointestinal-stromal-tumors-gist\/staging\/\" \/>\n<meta property=\"og:locale\" content=\"es_ES\" \/>\n<meta property=\"og:type\" content=\"article\" \/>\n<meta property=\"og:title\" content=\"CMedEd | Informaci\u00f3n para comprender los tumores del estroma gastrointestinal | Estadificaci\u00f3n\" \/>\n<meta property=\"og:description\" content=\"Estadificaci\u00f3n de los tumores GIST El sistema m\u00e1s com\u00fanmente utilizado para la estadificaci\u00f3n de los tumores del estroma gastrointestinal (GIST) es el\" \/>\n<meta property=\"og:url\" content=\"https:\/\/cmeded.com\/es\/gastrointestinal\/understanding-gastrointestinal-stromal-tumors-gist\/staging\/\" \/>\n<meta property=\"og:site_name\" content=\"CMedEd\" \/>\n<meta property=\"article:modified_time\" content=\"2025-05-06T02:38:46+00:00\" \/>\n<meta name=\"twitter:card\" content=\"summary_large_image\" \/>\n<meta name=\"twitter:label1\" content=\"Tiempo de lectura\" \/>\n\t<meta name=\"twitter:data1\" content=\"5 minutos\" \/>\n<script type=\"application\/ld+json\" class=\"yoast-schema-graph\">{\"@context\":\"https:\/\/schema.org\",\"@graph\":[{\"@type\":\"WebPage\",\"@id\":\"https:\/\/cmeded.com\/es\/gastrointestinal\/understanding-gastrointestinal-stromal-tumors-gist\/staging\/\",\"url\":\"https:\/\/cmeded.com\/es\/gastrointestinal\/understanding-gastrointestinal-stromal-tumors-gist\/staging\/\",\"name\":\"CMedEd | Informaci\u00f3n para comprender los tumores del estroma gastrointestinal | Estadificaci\u00f3n\",\"isPartOf\":{\"@id\":\"https:\/\/cmeded.com\/es\/#website\"},\"datePublished\":\"2014-02-19T17:00:12+00:00\",\"dateModified\":\"2025-05-06T02:38:46+00:00\",\"description\":\"Estadificaci\u00f3n de los tumores GIST El sistema m\u00e1s com\u00fanmente utilizado para la estadificaci\u00f3n de los tumores del estroma gastrointestinal (GIST) es el\",\"breadcrumb\":{\"@id\":\"https:\/\/cmeded.com\/es\/gastrointestinal\/understanding-gastrointestinal-stromal-tumors-gist\/staging\/#breadcrumb\"},\"inLanguage\":\"es\",\"potentialAction\":[{\"@type\":\"ReadAction\",\"target\":[\"https:\/\/cmeded.com\/es\/gastrointestinal\/understanding-gastrointestinal-stromal-tumors-gist\/staging\/\"]}]},{\"@type\":\"BreadcrumbList\",\"@id\":\"https:\/\/cmeded.com\/es\/gastrointestinal\/understanding-gastrointestinal-stromal-tumors-gist\/staging\/#breadcrumb\",\"itemListElement\":[{\"@type\":\"ListItem\",\"position\":1,\"name\":\"Home\",\"item\":\"https:\/\/cmeded.com\/es\/\"},{\"@type\":\"ListItem\",\"position\":2,\"name\":\"Gastrointestinal\",\"item\":\"https:\/\/cmeded.com\/es\/gastrointestinal\/\"},{\"@type\":\"ListItem\",\"position\":3,\"name\":\"Informaci\u00f3n para comprender los tumores del estroma gastrointestinal\",\"item\":\"https:\/\/cmeded.com\/es\/gastrointestinal\/understanding-gastrointestinal-stromal-tumors-gist\/\"},{\"@type\":\"ListItem\",\"position\":4,\"name\":\"Estadificaci\u00f3n\"}]},{\"@type\":\"WebSite\",\"@id\":\"https:\/\/cmeded.com\/es\/#website\",\"url\":\"https:\/\/cmeded.com\/es\/\",\"name\":\"CMedEd\",\"description\":\"Recurso principal de informaci\u00f3n sobre el c\u00e1ncer\",\"potentialAction\":[{\"@type\":\"SearchAction\",\"target\":{\"@type\":\"EntryPoint\",\"urlTemplate\":\"https:\/\/cmeded.com\/es\/?s={search_term_string}\"},\"query-input\":{\"@type\":\"PropertyValueSpecification\",\"valueRequired\":true,\"valueName\":\"search_term_string\"}}],\"inLanguage\":\"es\"}]}<\/script>\n<!-- \/ Yoast SEO plugin. -->","yoast_head_json":{"title":"CMedEd | Informaci\u00f3n para comprender los tumores del estroma gastrointestinal | Estadificaci\u00f3n","description":"Estadificaci\u00f3n de los tumores GIST El sistema m\u00e1s com\u00fanmente utilizado para la estadificaci\u00f3n de los tumores del estroma gastrointestinal (GIST) es el","robots":{"index":"index","follow":"follow","max-snippet":"max-snippet:-1","max-image-preview":"max-image-preview:large","max-video-preview":"max-video-preview:-1"},"canonical":"https:\/\/cmeded.com\/es\/gastrointestinal\/understanding-gastrointestinal-stromal-tumors-gist\/staging\/","og_locale":"es_ES","og_type":"article","og_title":"CMedEd | Informaci\u00f3n para comprender los tumores del estroma gastrointestinal | Estadificaci\u00f3n","og_description":"Estadificaci\u00f3n de los tumores GIST El sistema m\u00e1s com\u00fanmente utilizado para la estadificaci\u00f3n de los tumores del estroma gastrointestinal (GIST) es el","og_url":"https:\/\/cmeded.com\/es\/gastrointestinal\/understanding-gastrointestinal-stromal-tumors-gist\/staging\/","og_site_name":"CMedEd","article_modified_time":"2025-05-06T02:38:46+00:00","twitter_card":"summary_large_image","twitter_misc":{"Tiempo de lectura":"5 minutos"},"schema":{"@context":"https:\/\/schema.org","@graph":[{"@type":"WebPage","@id":"https:\/\/cmeded.com\/es\/gastrointestinal\/understanding-gastrointestinal-stromal-tumors-gist\/staging\/","url":"https:\/\/cmeded.com\/es\/gastrointestinal\/understanding-gastrointestinal-stromal-tumors-gist\/staging\/","name":"CMedEd | Informaci\u00f3n para comprender los tumores del estroma gastrointestinal | Estadificaci\u00f3n","isPartOf":{"@id":"https:\/\/cmeded.com\/es\/#website"},"datePublished":"2014-02-19T17:00:12+00:00","dateModified":"2025-05-06T02:38:46+00:00","description":"Estadificaci\u00f3n de los tumores GIST El sistema m\u00e1s com\u00fanmente utilizado para la estadificaci\u00f3n de los tumores del estroma gastrointestinal (GIST) es el","breadcrumb":{"@id":"https:\/\/cmeded.com\/es\/gastrointestinal\/understanding-gastrointestinal-stromal-tumors-gist\/staging\/#breadcrumb"},"inLanguage":"es","potentialAction":[{"@type":"ReadAction","target":["https:\/\/cmeded.com\/es\/gastrointestinal\/understanding-gastrointestinal-stromal-tumors-gist\/staging\/"]}]},{"@type":"BreadcrumbList","@id":"https:\/\/cmeded.com\/es\/gastrointestinal\/understanding-gastrointestinal-stromal-tumors-gist\/staging\/#breadcrumb","itemListElement":[{"@type":"ListItem","position":1,"name":"Home","item":"https:\/\/cmeded.com\/es\/"},{"@type":"ListItem","position":2,"name":"Gastrointestinal","item":"https:\/\/cmeded.com\/es\/gastrointestinal\/"},{"@type":"ListItem","position":3,"name":"Informaci\u00f3n para comprender los tumores del estroma gastrointestinal","item":"https:\/\/cmeded.com\/es\/gastrointestinal\/understanding-gastrointestinal-stromal-tumors-gist\/"},{"@type":"ListItem","position":4,"name":"Estadificaci\u00f3n"}]},{"@type":"WebSite","@id":"https:\/\/cmeded.com\/es\/#website","url":"https:\/\/cmeded.com\/es\/","name":"CMedEd","description":"Recurso principal de informaci\u00f3n sobre el c\u00e1ncer","potentialAction":[{"@type":"SearchAction","target":{"@type":"EntryPoint","urlTemplate":"https:\/\/cmeded.com\/es\/?s={search_term_string}"},"query-input":{"@type":"PropertyValueSpecification","valueRequired":true,"valueName":"search_term_string"}}],"inLanguage":"es"}]}},"_links":{"self":[{"href":"https:\/\/cmeded.com\/es\/wp-json\/wp\/v2\/pages\/15089","targetHints":{"allow":["GET"]}}],"collection":[{"href":"https:\/\/cmeded.com\/es\/wp-json\/wp\/v2\/pages"}],"about":[{"href":"https:\/\/cmeded.com\/es\/wp-json\/wp\/v2\/types\/page"}],"author":[{"embeddable":true,"href":"https:\/\/cmeded.com\/es\/wp-json\/wp\/v2\/users\/5"}],"replies":[{"embeddable":true,"href":"https:\/\/cmeded.com\/es\/wp-json\/wp\/v2\/comments?post=15089"}],"version-history":[{"count":0,"href":"https:\/\/cmeded.com\/es\/wp-json\/wp\/v2\/pages\/15089\/revisions"}],"up":[{"embeddable":true,"href":"https:\/\/cmeded.com\/es\/wp-json\/wp\/v2\/pages\/15040"}],"wp:attachment":[{"href":"https:\/\/cmeded.com\/es\/wp-json\/wp\/v2\/media?parent=15089"}],"wp:term":[{"taxonomy":"post_tag","embeddable":true,"href":"https:\/\/cmeded.com\/es\/wp-json\/wp\/v2\/tags?post=15089"}],"curies":[{"name":"wp","href":"https:\/\/api.w.org\/{rel}","templated":true}]}}