{"id":15078,"date":"2014-02-19T10:46:56","date_gmt":"2014-02-19T16:46:56","guid":{"rendered":"http:\/\/www.cmeded.com\/?page_id=15078"},"modified":"2025-05-05T21:46:34","modified_gmt":"2025-05-06T02:46:34","slug":"diagnosis","status":"publish","type":"page","link":"https:\/\/cmeded.com\/es\/gastrointestinal\/understanding-gastrointestinal-stromal-tumors-gist\/diagnosis\/","title":{"rendered":"Diagn\u00f3stico"},"content":{"rendered":"<h4 class=\"section-title\">Diagn\u00f3stico<\/h4>\n<p class=\"section-content\">Si usted presenta algunos de los s\u00edntomas mencionados anteriormente, el m\u00e9dico deber\u00e1 realizarle un examen f\u00edsico, tomar nota de sus antecedentes m\u00e9dicos y preguntarle acerca de sus factores de riesgo y sus antecedentes familiares para determinar la posible causa.  Si el m\u00e9dico piensa que usted tiene un GIST, es posible que le pida las siguientes pruebas para diagnosticar la enfermedad.<\/p>\n<div class=\"divider\" id=\"\">\n\t\n\t<\/div>\n<div class=\"risk-factor\">\n<div class=\"symp-pic\"><img decoding=\"async\" src=\"\/wp-content\/uploads\/2021\/06\/Black_doctor_giving_white_man_physical.jpg\" class=\"aligncenter\" alt=\"Examen f\u00edsico\" style=\"height:150px\" \/><\/div>\n<div class=\"risk-text-wrap\">\n<h5 class=\"section-title\">Examen f\u00edsico<\/h5>\n<p class=\"section-content\">El m\u00e9dico realizar\u00e1 un examen f\u00edsico para llevar un registro del estado de salud del paciente, determinar c\u00f3mo el tratamiento lo puede estar afectando y c\u00f3mo est\u00e1 manejando los posibles efectos secundarios que este ocasiona. El m\u00e9dico debe realizar un examen para observar si hay hepatomegalia, que indicar\u00eda la posible invasi\u00f3n del GIST al h\u00edgado, adem\u00e1s de revisar la presencia de otras indicaciones de l\u00edquido en el abdomen (lo cual sugerir\u00eda la afectaci\u00f3n del revestimiento intestinal).<\/p>\n<\/div>\n<div class=\"clearboth\"><\/div>\n<\/div>\n<div class=\"divider\" id=\"\">\n\t\n\t<\/div>\n<div class=\"risk-factor\">\n<div class=\"symp-pic\"><div id=\"endoscopy\" style=\"width: 200px\" class=\"wp-caption center aligncenter\"><a href=\"\/wp-content\/uploads\/sites\/4\/2015\/07\/Stomach-Cancer-Endoscopy-es.jpg\" title=\"Click Image to Enlarge.\"><img decoding=\"async\" aria-describedby=\"caption-endoscopy\" src=\"\/wp-content\/uploads\/sites\/4\/2015\/07\/Stomach-Cancer-Endoscopy-es.jpg\" class=\"aligncenter\" alt=\"Endoscop\u00eda superior\" style=\"height:150px\" \/><\/a><p id=\"caption-endoscopy\" class=\"wp-caption-text\">Click Image to Enlarge.<\/p><\/div><\/div>\n<div class=\"risk-text-wrap\">\n<h5 class=\"section-title\">Endoscop\u00eda superior<\/h5>\n<p class=\"section-content\">El m\u00e9dico utiliza un endoscopio, un tubo delgado y flexible con una c\u00e1mara y una luz en el extremo, para examinar el recubrimiento del es\u00f3fago, el est\u00f3mago y el intestino delgado, y detectar cualquier anomal\u00eda. Si el m\u00e9dico observa alg\u00fan \u00e1rea de tejido an\u00f3malo, utilizar\u00e1 el endoscopio para extraer una muestra de tejido para realizar una biopsia.<\/p>\n<\/div>\n<div class=\"clearboth\"><\/div>\n<\/div>\n<div class=\"divider\" id=\"\">\n\t\n\t<\/div>\n<div class=\"risk-factor\">\n<div class=\"symp-pic\"><img decoding=\"async\" src=\"\/wp-content\/uploads\/2013\/02\/BariumSwallow.jpg\" class=\"aligncenter\" alt=\"Tr\u00e1nsito esofagogastroduodenal\" style=\"height:150px\" \/><\/div>\n<div class=\"risk-text-wrap\">\n<h5 class=\"section-title\">Tr\u00e1nsito esofagogastroduodenal<\/h5>\n<p class=\"section-content\">Esta prueba tambi\u00e9n se denomina \"esofagograf\u00eda\". El paciente bebe un l\u00edquido lechoso llamado bario y se somete a una serie de radiograf\u00edas. El bario cubre la capa interna del es\u00f3fago, el est\u00f3mago y el intestino delgado, y los delinea claramente en las radiograf\u00edas, lo cual permite que el m\u00e9dico identifique cualquier anomal\u00eda con facilidad. Es posible que necesite un enema de bario, en el cual el m\u00e9dico le introduce bario por el ano y toma una serie de radiograf\u00edas para examinarle el colon y el recto.<\/p>\n<\/div>\n<div class=\"clearboth\"><\/div>\n<\/div>\n<div class=\"divider\" id=\"\">\n\t\n\t<\/div>\n<div class=\"risk-factor\">\n<div class=\"symp-pic\"><img decoding=\"async\" src=\"\/wp-content\/uploads\/2013\/01\/Colonoscopy2.jpg\" class=\"aligncenter\" alt=\"Colonoscop\u00eda\" style=\"height:150px\" \/><\/div>\n<div class=\"risk-text-wrap\">\n<h5 class=\"section-title\">Colonoscop\u00eda<\/h5>\n<p class=\"section-content\">El m\u00e9dico utiliza un colonoscopio (un tubo delgado y flexible con una c\u00e1mara y una luz en el extremo) para examinar el recubrimiento interno del intestino grueso y detectar cualquier anomal\u00eda. El m\u00e9dico tambi\u00e9n puede extraer una muestra de tejido para realizar una biopsia durante este procedimiento.<\/p>\n<\/div>\n<div class=\"clearboth\"><\/div>\n<\/div>\n<div class=\"divider\" id=\"\">\n\t\n\t<\/div>\n<div class=\"risk-factor\">\n<div class=\"symp-pic\">\n<div id=\"caption\" style=\"width: 160px\" class=\"wp-caption aligncenter\"><a href='\/wp-content\/uploads\/2014\/05\/Stomach-Endoscopy-Ultrasound.jpg' title='Go to enlarged image.'><img decoding=\"async\" aria-describedby=\"caption-caption\" src=\"\/wp-content\/uploads\/2014\/05\/Stomach-Endoscopy-Ultrasound.jpg\" class=\"aligncenter\" alt=\"Ecograf\u00eda endosc\u00f3pica\" style=\"height:150px\" \/><\/a><p id=\"caption-caption\" class=\"wp-caption-text\">Click Image to Enlarge.<\/p><\/div>\n<\/div>\n<div class=\"risk-text-wrap\">\n<h5 class=\"section-title\">Ecograf\u00eda endosc\u00f3pica<\/h5>\n<p class=\"section-content\">Para esta prueba, el cirujano utiliza un endoscopio con un dispositivo ecogr\u00e1fico en el extremo del tubo. Este dispositivo env\u00eda ondas sonoras de alta frecuencia para tomar im\u00e1genes del tubo gastrointestinal, y permite que el m\u00e9dico vea la profundidad del tumor en la pared y si este ha invadido los ganglios linf\u00e1ticos.  La ecograf\u00eda tambi\u00e9n puede permitir una biopsia m\u00e1s precisa.<\/p>\n<\/div>\n<div class=\"clearboth\"><\/div>\n<\/div>\n<div class=\"divider\" id=\"\">\n\t\n\t<\/div>\n<div class=\"risk-factor\">\n<div class=\"symp-pic\"><img decoding=\"async\" src=\"\/wp-content\/uploads\/2013\/01\/CBC3.jpg\" class=\"aligncenter\" alt=\"Hemograma completo\" style=\"height:150px\" \/><\/div>\n<div class=\"risk-text-wrap\">\n<h5 class=\"section-title\">Hemograma completo<\/h5>\n<p class=\"section-content\">\nConteo Sangu\u00edneo Completo (CSC)<br \/>\nUn hemograma completo CSC mide los niveles de gl\u00f3bulos rojos, gl\u00f3bulos blancos, plaquetas, neutr\u00f3filos y hemoglobina. Su m\u00e9dico podr\u00eda solicitar un hemograma completo para detectar anemia (nivel bajo de gl\u00f3bulos rojos), que puede ser causada por una hemorragia interna relacionada con tumores GIST. Tambi\u00e9n se realizan otros an\u00e1lisis de sangre, como un perfil metab\u00f3lico completo, para evaluar la funci\u00f3n org\u00e1nica y descartar anomal\u00edas de la funci\u00f3n hep\u00e1tica.<\/p>\n<\/div>\n<div class=\"clearboth\"><\/div>\n<\/div>\n<div class=\"divider\" id=\"\">\n\t\n\t<\/div>\n<div class=\"risk-factor\">\n<div class=\"symp-pic\"><img decoding=\"async\" src=\"\/wp-content\/uploads\/2013\/02\/FOBT3.jpg\" class=\"aligncenter\" alt=\"Prueba de sangre oculta en heces\" style=\"height:150px\" \/><\/div>\n<div class=\"risk-text-wrap\">\n<h5 class=\"section-title\">Prueba de sangre oculta en heces<\/h5>\n<p class=\"section-content\">Su m\u00e9dico realiza esta prueba para detectar sangre en las heces. La sangre en las heces puede ser un s\u00edntoma de GIST y puede estar causada por otros tipos de c\u00e1ncer en el tracto digestivo, as\u00ed como por diversas afecciones benignas. Su m\u00e9dico tomar\u00e1 una muestra de heces y la analizar\u00e1 bioqu\u00edmicamente.<\/p>\n<\/div>\n<div class=\"clearboth\"><\/div>\n<\/div>\n<div class=\"divider\" id=\"\">\n\t\n\t<\/div>\n<div class=\"risk-factor\">\n<div class=\"symp-pic\"><img decoding=\"async\" src=\"\/wp-content\/uploads\/2016\/06\/Bone-Scanner-r2.jpg\" class=\"aligncenter\" alt=\"Gammagraf\u00eda \u00f3sea\" style=\"height:150px\" \/><\/div>\n<div class=\"risk-text-wrap\">\n<h5 class=\"section-title\">Gammagraf\u00eda \u00f3sea<\/h5>\n<p class=\"section-content\">En una gammagraf\u00eda \u00f3sea se usa una sustancia radiactiva para identificar tejidos cancerosos en los huesos. Esta prueba proporciona una imagen de todos los huesos y le permite al m\u00e9dico detectar \u00e1reas peque\u00f1as con c\u00e1ncer que no son visibles mediante radiograf\u00edas simples. La sustancia radiactiva se acumula en estas \u00e1reas y las ilumina en la radiograf\u00eda del esqueleto.<\/p>\n<\/div>\n<div class=\"clearboth\"><\/div>\n<\/div>\n<div class=\"divider\" id=\"\">\n\t\n\t<\/div>\n<div class=\"risk-factor\">\n<div class=\"symp-pic\"><div id=\"caption\" style=\"width: 243px\" class=\"wp-caption aligncenter\"><a href='\/wp-content\/uploads\/2016\/06\/CT.jpg' title='Go to enlarged image.'><img aria-describedby=\"caption-caption\" src='\/wp-content\/uploads\/2016\/06\/CT.jpg' class='aligncenter' alt='Tomograf\u00eda computarizada' style='height:150px' \/><\/a><p id=\"caption-caption\" class=\"wp-caption-text\">Click Image to Enlarge.<\/p><\/div><\/div>\n<div class=\"risk-text-wrap\">\n<h5 class=\"section-title\">Tomograf\u00eda computarizada<\/h5>\n<p class=\"section-content\">Para una tomograf\u00eda computarizada (TC), usted debe recostarse boca arriba en una mesa mientras un aparato gira alrededor de su cuerpo y toma radiograf\u00edas. Es posible que le inyecten un colorante especial en las venas y que deba beber un l\u00edquido especial para que resalten las v\u00edsceras. Una TC puede revelar la ubicaci\u00f3n inicial de tumores y permite detectar si el c\u00e1ncer se disemin\u00f3 a otras partes del cuerpo.<\/p>\n<\/div>\n<div class=\"clearboth\"><\/div>\n<\/div>\n<div class=\"divider\" id=\"\">\n\t\n\t<\/div>\n<div class=\"risk-factor\">\n<div class=\"symp-pic\"><div id=\"caption\" style=\"width: 243px\" class=\"wp-caption aligncenter\"><a href='\/wp-content\/uploads\/2016\/06\/MRI.jpg' title='Go to enlarged image.'><img aria-describedby=\"caption-caption\" src='\/wp-content\/uploads\/2016\/06\/MRI.jpg' class='aligncenter' alt='Resonancia magn\u00e9tica' style='height:150px' \/><\/a><p id=\"caption-caption\" class=\"wp-caption-text\">Click Image to Enlarge.<\/p><\/div><\/div>\n<div class=\"risk-text-wrap\">\n<h5 class=\"section-title\">Resonancia magn\u00e9tica<\/h5>\n<p class=\"section-content\">En una resonancia magn\u00e9tica (RM), se emplean ondas de radio y un im\u00e1n potente para crear im\u00e1genes detalladas y claras de las distintas partes del cuerpo. El organismo absorbe las ondas especiales y luego las libera siguiendo un patr\u00f3n determinado que es interpretado por una computadora para mostrar cortes del cuerpo humano. Los m\u00e9dicos utilizan las RM para evaluar la diseminaci\u00f3n del c\u00e1ncer y para observar estructuras como el cerebro y la m\u00e9dula espinal.<\/p>\n<\/div>\n<div class=\"clearboth\"><\/div>\n<\/div>\n<div class=\"divider\" id=\"\">\n\t\n\t<\/div>\n<div class=\"risk-factor\">\n<div class=\"symp-pic\"><div id=\"caption\" style=\"width: 243px\" class=\"wp-caption aligncenter\"><a href='\/wp-content\/uploads\/2016\/06\/PET.jpg' title='Go to enlarged image.'><img aria-describedby=\"caption-caption\" src='\/wp-content\/uploads\/2016\/06\/PET.jpg' class='aligncenter' alt='Tomograf\u00eda por emisi\u00f3n de positrones' style='height:150px' \/><\/a><p id=\"caption-caption\" class=\"wp-caption-text\">Click Image to Enlarge.<\/p><\/div><\/div>\n<div class=\"risk-text-wrap\">\n<h5 class=\"section-title\">Tomograf\u00eda por emisi\u00f3n de positrones<\/h5>\n<p class=\"section-content\">Para realizar una tomograf\u00eda por emisi\u00f3n de positrones, el m\u00e9dico inyecta una sustancia radiactiva azucarada en el torrente circulatorio del paciente. Esta sustancia se acumula en las c\u00e9lulas malignas (cancerosas) del organismo.  El m\u00e9dico luego utiliza un tom\u00f3grafo para detectar estas \u00e1reas de radioactividad y encontrar la ubicaci\u00f3n exacta y el nivel de actividad metab\u00f3lica del c\u00e1ncer en el organismo del paciente.<\/p>\n<\/div>\n<div class=\"clearboth\"><\/div>\n<\/div>\n<div class=\"divider\" id=\"\">\n\t\n\t<\/div>\n<div class=\"risk-factor\">\n<div class=\"symp-pic\"><img decoding=\"async\" src=\"\/wp-content\/uploads\/2013\/03\/Pathologist-285x200.jpg\" class=\"aligncenter\" alt=\"Biopsia\" style=\"height:150px\" \/><\/div>\n<div class=\"risk-text-wrap\">\n<h5 class=\"section-title\">Biopsia. Prueba de mutaci\u00f3n<\/h5>\n<p class=\"section-content\">Si alguna de estas pruebas de diagn\u00f3stico indica que usted podr\u00eda tener c\u00e1ncer, el m\u00e9dico le realizar\u00e1 una biopsia para estar seguro.  Le extraer\u00e1 una muestra de tejido para que un pat\u00f3logo la analice al microscopio y determine si contiene c\u00e9lulas cancerosas.  La biopsia constituye la \u00fanica manera de comprobar un diagn\u00f3stico de c\u00e1ncer.  Lo m\u00e1s probable es que el m\u00e9dico tome una muestra para biopsia mientras realiza una endoscop\u00eda.  Si observa una anomal\u00eda durante el procedimiento, pasar\u00e1 un instrumento especial por el endoscopio y lo utilizar\u00e1 para tomar una muestra de tejido.<\/p>\n<\/div>\n<div class=\"clearboth\"><\/div>\n<\/div>\n","protected":false},"excerpt":{"rendered":"<p>Diagn\u00f3stico Si usted presenta algunos de los s\u00edntomas mencionados anteriormente, el m\u00e9dico deber\u00e1 realizarle un examen f\u00edsico, tomar nota de sus antecedentes m\u00e9dicos y preguntarle acerca de sus factores de riesgo y sus antecedentes familiares para determinar la posible causa. Si el m\u00e9dico piensa que usted tiene un GIST, es posible que le pida las [&hellip;]<\/p>\n","protected":false},"author":5,"featured_media":0,"parent":15040,"menu_order":4,"comment_status":"closed","ping_status":"open","template":"template-tumor.php","meta":{"footnotes":""},"tags":[10],"class_list":["post-15078","page","type-page","status-publish","hentry","tag-members-only"],"yoast_head":"<!-- This site is optimized with the Yoast SEO plugin v25.0 - https:\/\/yoast.com\/wordpress\/plugins\/seo\/ -->\n<title>CMedEd | Informaci\u00f3n para comprender los tumores del estroma gastrointestinal | Diagn\u00f3stico<\/title>\n<meta name=\"description\" content=\"Diagn\u00f3stico Si usted presenta algunos de los s\u00edntomas mencionados anteriormente, el m\u00e9dico deber\u00e1 realizarle un examen f\u00edsico, tomar nota de sus\" \/>\n<meta name=\"robots\" content=\"index, follow, max-snippet:-1, max-image-preview:large, max-video-preview:-1\" \/>\n<link rel=\"canonical\" href=\"https:\/\/cmeded.com\/es\/gastrointestinal\/understanding-gastrointestinal-stromal-tumors-gist\/diagnosis\/\" \/>\n<meta property=\"og:locale\" content=\"es_ES\" \/>\n<meta property=\"og:type\" content=\"article\" \/>\n<meta property=\"og:title\" content=\"CMedEd | Informaci\u00f3n para comprender los tumores del estroma gastrointestinal | Diagn\u00f3stico\" \/>\n<meta property=\"og:description\" content=\"Diagn\u00f3stico Si usted presenta algunos de los s\u00edntomas mencionados anteriormente, el m\u00e9dico deber\u00e1 realizarle un examen f\u00edsico, tomar nota de sus\" \/>\n<meta property=\"og:url\" content=\"https:\/\/cmeded.com\/es\/gastrointestinal\/understanding-gastrointestinal-stromal-tumors-gist\/diagnosis\/\" \/>\n<meta property=\"og:site_name\" content=\"CMedEd\" \/>\n<meta property=\"article:modified_time\" content=\"2025-05-06T02:46:34+00:00\" \/>\n<meta name=\"twitter:card\" content=\"summary_large_image\" \/>\n<meta name=\"twitter:label1\" content=\"Tiempo de lectura\" \/>\n\t<meta name=\"twitter:data1\" content=\"7 minutos\" \/>\n<script type=\"application\/ld+json\" class=\"yoast-schema-graph\">{\"@context\":\"https:\/\/schema.org\",\"@graph\":[{\"@type\":\"WebPage\",\"@id\":\"https:\/\/cmeded.com\/es\/gastrointestinal\/understanding-gastrointestinal-stromal-tumors-gist\/diagnosis\/\",\"url\":\"https:\/\/cmeded.com\/es\/gastrointestinal\/understanding-gastrointestinal-stromal-tumors-gist\/diagnosis\/\",\"name\":\"CMedEd | Informaci\u00f3n para comprender los tumores del estroma gastrointestinal | Diagn\u00f3stico\",\"isPartOf\":{\"@id\":\"https:\/\/cmeded.com\/es\/#website\"},\"datePublished\":\"2014-02-19T16:46:56+00:00\",\"dateModified\":\"2025-05-06T02:46:34+00:00\",\"description\":\"Diagn\u00f3stico Si usted presenta algunos de los s\u00edntomas mencionados anteriormente, el m\u00e9dico deber\u00e1 realizarle un examen f\u00edsico, tomar nota de sus\",\"breadcrumb\":{\"@id\":\"https:\/\/cmeded.com\/es\/gastrointestinal\/understanding-gastrointestinal-stromal-tumors-gist\/diagnosis\/#breadcrumb\"},\"inLanguage\":\"es\",\"potentialAction\":[{\"@type\":\"ReadAction\",\"target\":[\"https:\/\/cmeded.com\/es\/gastrointestinal\/understanding-gastrointestinal-stromal-tumors-gist\/diagnosis\/\"]}]},{\"@type\":\"BreadcrumbList\",\"@id\":\"https:\/\/cmeded.com\/es\/gastrointestinal\/understanding-gastrointestinal-stromal-tumors-gist\/diagnosis\/#breadcrumb\",\"itemListElement\":[{\"@type\":\"ListItem\",\"position\":1,\"name\":\"Home\",\"item\":\"https:\/\/cmeded.com\/es\/\"},{\"@type\":\"ListItem\",\"position\":2,\"name\":\"Gastrointestinal\",\"item\":\"https:\/\/cmeded.com\/es\/gastrointestinal\/\"},{\"@type\":\"ListItem\",\"position\":3,\"name\":\"Informaci\u00f3n para comprender los tumores del estroma gastrointestinal\",\"item\":\"https:\/\/cmeded.com\/es\/gastrointestinal\/understanding-gastrointestinal-stromal-tumors-gist\/\"},{\"@type\":\"ListItem\",\"position\":4,\"name\":\"Diagn\u00f3stico\"}]},{\"@type\":\"WebSite\",\"@id\":\"https:\/\/cmeded.com\/es\/#website\",\"url\":\"https:\/\/cmeded.com\/es\/\",\"name\":\"CMedEd\",\"description\":\"Recurso principal de informaci\u00f3n sobre el c\u00e1ncer\",\"potentialAction\":[{\"@type\":\"SearchAction\",\"target\":{\"@type\":\"EntryPoint\",\"urlTemplate\":\"https:\/\/cmeded.com\/es\/?s={search_term_string}\"},\"query-input\":{\"@type\":\"PropertyValueSpecification\",\"valueRequired\":true,\"valueName\":\"search_term_string\"}}],\"inLanguage\":\"es\"}]}<\/script>\n<!-- \/ Yoast SEO plugin. -->","yoast_head_json":{"title":"CMedEd | Informaci\u00f3n para comprender los tumores del estroma gastrointestinal | Diagn\u00f3stico","description":"Diagn\u00f3stico Si usted presenta algunos de los s\u00edntomas mencionados anteriormente, el m\u00e9dico deber\u00e1 realizarle un examen f\u00edsico, tomar nota de sus","robots":{"index":"index","follow":"follow","max-snippet":"max-snippet:-1","max-image-preview":"max-image-preview:large","max-video-preview":"max-video-preview:-1"},"canonical":"https:\/\/cmeded.com\/es\/gastrointestinal\/understanding-gastrointestinal-stromal-tumors-gist\/diagnosis\/","og_locale":"es_ES","og_type":"article","og_title":"CMedEd | Informaci\u00f3n para comprender los tumores del estroma gastrointestinal | Diagn\u00f3stico","og_description":"Diagn\u00f3stico Si usted presenta algunos de los s\u00edntomas mencionados anteriormente, el m\u00e9dico deber\u00e1 realizarle un examen f\u00edsico, tomar nota de sus","og_url":"https:\/\/cmeded.com\/es\/gastrointestinal\/understanding-gastrointestinal-stromal-tumors-gist\/diagnosis\/","og_site_name":"CMedEd","article_modified_time":"2025-05-06T02:46:34+00:00","twitter_card":"summary_large_image","twitter_misc":{"Tiempo de lectura":"7 minutos"},"schema":{"@context":"https:\/\/schema.org","@graph":[{"@type":"WebPage","@id":"https:\/\/cmeded.com\/es\/gastrointestinal\/understanding-gastrointestinal-stromal-tumors-gist\/diagnosis\/","url":"https:\/\/cmeded.com\/es\/gastrointestinal\/understanding-gastrointestinal-stromal-tumors-gist\/diagnosis\/","name":"CMedEd | Informaci\u00f3n para comprender los tumores del estroma gastrointestinal | Diagn\u00f3stico","isPartOf":{"@id":"https:\/\/cmeded.com\/es\/#website"},"datePublished":"2014-02-19T16:46:56+00:00","dateModified":"2025-05-06T02:46:34+00:00","description":"Diagn\u00f3stico Si usted presenta algunos de los s\u00edntomas mencionados anteriormente, el m\u00e9dico deber\u00e1 realizarle un examen f\u00edsico, tomar nota de sus","breadcrumb":{"@id":"https:\/\/cmeded.com\/es\/gastrointestinal\/understanding-gastrointestinal-stromal-tumors-gist\/diagnosis\/#breadcrumb"},"inLanguage":"es","potentialAction":[{"@type":"ReadAction","target":["https:\/\/cmeded.com\/es\/gastrointestinal\/understanding-gastrointestinal-stromal-tumors-gist\/diagnosis\/"]}]},{"@type":"BreadcrumbList","@id":"https:\/\/cmeded.com\/es\/gastrointestinal\/understanding-gastrointestinal-stromal-tumors-gist\/diagnosis\/#breadcrumb","itemListElement":[{"@type":"ListItem","position":1,"name":"Home","item":"https:\/\/cmeded.com\/es\/"},{"@type":"ListItem","position":2,"name":"Gastrointestinal","item":"https:\/\/cmeded.com\/es\/gastrointestinal\/"},{"@type":"ListItem","position":3,"name":"Informaci\u00f3n para comprender los tumores del estroma gastrointestinal","item":"https:\/\/cmeded.com\/es\/gastrointestinal\/understanding-gastrointestinal-stromal-tumors-gist\/"},{"@type":"ListItem","position":4,"name":"Diagn\u00f3stico"}]},{"@type":"WebSite","@id":"https:\/\/cmeded.com\/es\/#website","url":"https:\/\/cmeded.com\/es\/","name":"CMedEd","description":"Recurso principal de informaci\u00f3n sobre el c\u00e1ncer","potentialAction":[{"@type":"SearchAction","target":{"@type":"EntryPoint","urlTemplate":"https:\/\/cmeded.com\/es\/?s={search_term_string}"},"query-input":{"@type":"PropertyValueSpecification","valueRequired":true,"valueName":"search_term_string"}}],"inLanguage":"es"}]}},"_links":{"self":[{"href":"https:\/\/cmeded.com\/es\/wp-json\/wp\/v2\/pages\/15078","targetHints":{"allow":["GET"]}}],"collection":[{"href":"https:\/\/cmeded.com\/es\/wp-json\/wp\/v2\/pages"}],"about":[{"href":"https:\/\/cmeded.com\/es\/wp-json\/wp\/v2\/types\/page"}],"author":[{"embeddable":true,"href":"https:\/\/cmeded.com\/es\/wp-json\/wp\/v2\/users\/5"}],"replies":[{"embeddable":true,"href":"https:\/\/cmeded.com\/es\/wp-json\/wp\/v2\/comments?post=15078"}],"version-history":[{"count":0,"href":"https:\/\/cmeded.com\/es\/wp-json\/wp\/v2\/pages\/15078\/revisions"}],"up":[{"embeddable":true,"href":"https:\/\/cmeded.com\/es\/wp-json\/wp\/v2\/pages\/15040"}],"wp:attachment":[{"href":"https:\/\/cmeded.com\/es\/wp-json\/wp\/v2\/media?parent=15078"}],"wp:term":[{"taxonomy":"post_tag","embeddable":true,"href":"https:\/\/cmeded.com\/es\/wp-json\/wp\/v2\/tags?post=15078"}],"curies":[{"name":"wp","href":"https:\/\/api.w.org\/{rel}","templated":true}]}}