{"id":15068,"date":"2014-02-19T10:37:27","date_gmt":"2014-02-19T16:37:27","guid":{"rendered":"http:\/\/www.cmeded.com\/?page_id=15068"},"modified":"2025-04-27T20:13:03","modified_gmt":"2025-04-28T01:13:03","slug":"staging","status":"publish","type":"page","link":"https:\/\/cmeded.com\/es\/childhood\/understanding-osteosarcoma\/staging\/","title":{"rendered":"Estadificaci\u00f3n"},"content":{"rendered":"<h4 class=\"section-title\">Estadificaci\u00f3n<\/h4>\n<p class=\"section-content\">La estadificaci\u00f3n es un proceso que le indica al m\u00e9dico si el c\u00e1ncer se ha diseminado y, en caso de que as\u00ed sea, en qu\u00e9 medida.  La estadificaci\u00f3n del osteosarcoma depende del tama\u00f1o, la ubicaci\u00f3n, la diseminaci\u00f3n y el grado del tumor.  El grado del tumor es una descripci\u00f3n de c\u00f3mo se ven las c\u00e9lulas cancerosas al microscopio en comparaci\u00f3n con las c\u00e9lulas normales.  La estadificaci\u00f3n es un paso importante en la evaluaci\u00f3n del pron\u00f3stico y las opciones de tratamiento. Al evaluar las opciones de tratamiento, la estadificaci\u00f3n permite a una instituci\u00f3n comparar su programa de tratamiento con otro hospital. La estadificaci\u00f3n sigue un amplio criterio que incluye el tama\u00f1o del tumor, grado, propagaci\u00f3n de ganglios linf\u00e1ticos y met\u00e1stasis a distancia. Por \u00faltimo, la estadificaci\u00f3n tambi\u00e9n se utiliza para establecer la elegibilidad para algunos ensayos cl\u00ednicos. Consulte el manual de clasificaci\u00f3n de AJCC para obtener m\u00e1s detalles.<\/p>\n<p><div class=\"clapat-tabs\" id=\"\"><div class=\"tabs-bg\"><\/div><ul class=\"staging-tab-menu\"><li><a href=\"#tabs-970\"><br \/>\nEstadio Ia<\/a><\/li>\n<li><a href=\"#tabs-971\"><br \/>\nEstadio Ib<\/a><\/li>\n<li><a href=\"#tabs-972\"><br \/>\nEstadio IIa<\/a><\/li>\n<li><a href=\"#tabs-973\"><br \/>\nEstadio IIb<\/a><\/li>\n<li><a href=\"#tabs-974\"><br \/>\nEstadio III<\/a><\/li>\n<li><a href=\"#tabs-975\"><br \/>\nEstadio IVa<\/a><\/li>\n<li><a href=\"#tabs-976\"><br \/>\nEstadio IVb<\/a><\/li><\/ul><div class=\"list-wrap\"><div id=\"tabs-970\"><\/p>\n<h4 class=\"section-title hidden-title\">Estadio Ia<\/h4>\n<div id=\"stage\" style=\"width: 410px\" class=\"wp-caption alignnone\"><a href=\"\/wp-content\/uploads\/sites\/4\/2015\/07\/BoneCancer-Stage1a-es.jpg\" title=\"Click Image to Enlarge.\"><img decoding=\"async\" aria-describedby=\"caption-stage\" src=\"\/wp-content\/uploads\/sites\/4\/2015\/07\/BoneCancer-Stage1a-es.jpg\" alt=\"Estadio 1a\" width=\"300px\" class=\"aligncenter\" \/><\/a><p id=\"caption-stage\" class=\"wp-caption-text\">Click Image to Enlarge.<\/p><\/div>\n<h5 class=\"section-title\">Descripci\u00f3n<\/h5>\n<ul>\n<li class=\"section-content\">El tumor es de escasa malignidad y mide menos de 8 cm de di\u00e1metro.  No se ha diseminado fuera del hueso hacia los ganglios linf\u00e1ticos ni a otras \u00e1reas del organismo.<\/li>\n<\/ul>\n<h5 class=\"section-title\">Tratamiento<\/h5>\n<ul>\n<li class=\"section-content\">Cirug\u00eda.<\/li>\n<\/ul>\n<hr class=\"hidden-title\" \/>\n<\/div>\n<div id=\"tabs-971\"><\/p>\n<h4 class=\"section-title hidden-title\">Estadio Ib<\/h4>\n<div id=\"stage\" style=\"width: 410px\" class=\"wp-caption alignnone\"><a href=\"\/wp-content\/uploads\/sites\/4\/2015\/07\/BoneCancer-Stage1b-es.jpg\" title=\"Click Image to Enlarge.\"><img decoding=\"async\" aria-describedby=\"caption-stage\" src=\"\/wp-content\/uploads\/sites\/4\/2015\/07\/BoneCancer-Stage1b-es.jpg\" alt=\"Estadio 1b\" width=\"300px\" class=\"aligncenter\" \/><\/a><p id=\"caption-stage\" class=\"wp-caption-text\">Click Image to Enlarge.<\/p><\/div>\n<h5 class=\"section-title\">Descripci\u00f3n<\/h5>\n<ul>\n<li class=\"section-content\">El tumor es de grado bajo y es mayor o igual a 8 cm de di\u00e1metro.  No se ha diseminado fuera del hueso hacia los ganglios linf\u00e1ticos ni a otras \u00e1reas del organismo.<\/li>\n<\/ul>\n<h5 class=\"section-title\">Tratamiento<\/h5>\n<ul>\n<li class=\"section-content\">Cirug\u00eda.<\/li>\n<\/ul>\n<hr class=\"hidden-title\" \/>\n<\/div>\n<div id=\"tabs-972\"><\/p>\n<h4 class=\"section-title hidden-title\">Estadio IIa<\/h4>\n<div id=\"stage\" style=\"width: 410px\" class=\"wp-caption alignnone\"><a href=\"\/wp-content\/uploads\/sites\/4\/2015\/07\/BoneCancer-Stage2a-v2-es.jpg\" title=\"Click Image to Enlarge.\"><img decoding=\"async\" aria-describedby=\"caption-stage\" src=\"\/wp-content\/uploads\/sites\/4\/2015\/07\/BoneCancer-Stage2a-v2-es.jpg\" alt=\"Estadio 2a\" width=\"300px\" class=\"aligncenter\" \/><\/a><p id=\"caption-stage\" class=\"wp-caption-text\">Click Image to Enlarge.<\/p><\/div>\n<h5 class=\"section-title\">Descripci\u00f3n<\/h5>\n<ul>\n<li class=\"section-content\">El tumor es de gran malignidad y mide 8 cm o menos de di\u00e1metro.  No se ha diseminado fuera del hueso hacia los ganglios linf\u00e1ticos ni a otras \u00e1reas del organismo.<\/li>\n<\/ul>\n<h5 class=\"section-title\">Tratamiento<\/h5>\n<ul>\n<li class=\"section-content\">Quimioterapia, seguida de cirug\u00eda, seguida de m\u00e1s quimioterapia.<\/li>\n<\/ul>\n<hr class=\"hidden-title\" \/>\n<\/div>\n<div id=\"tabs-973\"><\/p>\n<h4 class=\"section-title hidden-title\">Estadio IIb<\/h4>\n<div id=\"stage\" style=\"width: 410px\" class=\"wp-caption alignnone\"><a href=\"\/wp-content\/uploads\/sites\/4\/2015\/07\/BoneCancer-Stage2b-v2-es.jpg\" title=\"Click Image to Enlarge.\"><img decoding=\"async\" aria-describedby=\"caption-stage\" src=\"\/wp-content\/uploads\/sites\/4\/2015\/07\/BoneCancer-Stage2b-v2-es.jpg\" alt=\"Estadio 2b\" width=\"300px\" class=\"aligncenter\" \/><\/a><p id=\"caption-stage\" class=\"wp-caption-text\">Click Image to Enlarge.<\/p><\/div>\n<h5 class=\"section-title\">Descripci\u00f3n<\/h5>\n<ul>\n<li class=\"section-content\">El tumor es de gran malignidad y mide m\u00e1s de 8 cm de di\u00e1metro.  No se ha diseminado fuera del hueso hacia los ganglios linf\u00e1ticos ni a otras \u00e1reas del organismo.<\/li>\n<\/ul>\n<h5 class=\"section-title\">Tratamiento<\/h5>\n<ul>\n<li class=\"section-content\">Quimioterapia, seguida de cirug\u00eda, seguida de m\u00e1s quimioterapia.<\/li>\n<\/ul>\n<hr class=\"hidden-title\" \/>\n<\/div>\n<div id=\"tabs-974\"><\/p>\n<h4 class=\"section-title hidden-title\">Estadio III<\/h4>\n<div id=\"stage\" style=\"width: 410px\" class=\"wp-caption alignnone\"><a href=\"\/wp-content\/uploads\/sites\/4\/2015\/07\/BoneCancer-Stage3-v2-es.jpg\" title=\"Click Image to Enlarge.\"><img decoding=\"async\" aria-describedby=\"caption-stage\" src=\"\/wp-content\/uploads\/sites\/4\/2015\/07\/BoneCancer-Stage3-v2-es.jpg\" alt=\"Estadio 3\" width=\"300px\" class=\"aligncenter\" \/><\/a><p id=\"caption-stage\" class=\"wp-caption-text\">Click Image to Enlarge.<\/p><\/div>\n<h5 class=\"section-title\">Descripci\u00f3n<\/h5>\n<ul>\n<li class=\"section-content\">El tumor es de gran malignidad y se encuentra en varios lugares del mismo hueso.  No se ha diseminado fuera del hueso hacia los ganglios linf\u00e1ticos ni a otras \u00e1reas del organismo.<\/li>\n<\/ul>\n<h5 class=\"section-title\">Tratamiento<\/h5>\n<ul>\n<li class=\"section-content\">Quimioterapia, seguida de cirug\u00eda, seguida de m\u00e1s quimioterapia.<\/li>\n<\/ul>\n<hr class=\"hidden-title\" \/>\n<\/div>\n<div id=\"tabs-975\"><\/p>\n<h4 class=\"section-title hidden-title\">Estadio IVa<\/h4>\n<div id=\"stage\" style=\"width: 410px\" class=\"wp-caption alignnone\"><a href=\"\/wp-content\/uploads\/sites\/4\/2015\/07\/BoneCancer-Stage4a-v2-es.jpg\" title=\"Click Image to Enlarge.\"><img decoding=\"async\" aria-describedby=\"caption-stage\" src=\"\/wp-content\/uploads\/sites\/4\/2015\/07\/BoneCancer-Stage4a-v2-es.jpg\" alt=\"Estadio 4a\" width=\"300px\" class=\"aligncenter\" \/><\/a><p id=\"caption-stage\" class=\"wp-caption-text\">Click Image to Enlarge.<\/p><\/div>\n<h5 class=\"section-title\">Descripci\u00f3n<\/h5>\n<ul>\n<li class=\"section-content\">El c\u00e1ncer se ha diseminado solo a los pulmones.  El tumor puede tener cualquier tama\u00f1o y cualquier grado de malignidad.<\/li>\n<\/ul>\n<h5 class=\"section-title\">Tratamiento<\/h5>\n<ul>\n<li class=\"section-content\">Quimioterapia, posiblemente seguida de cirug\u00eda (si los tumores pueden extirparse) o radioterapia (si no es posible extirparlos).  Adem\u00e1s, los estudios cl\u00ednicos posiblemente sean una buena opci\u00f3n.<\/li>\n<\/ul>\n<hr class=\"hidden-title\" \/>\n<\/div>\n<div id=\"tabs-976\"><\/p>\n<h4 class=\"section-title hidden-title\">Estadio IVb<\/h4>\n<div id=\"stage\" style=\"width: 410px\" class=\"wp-caption alignnone\"><a href=\"\/wp-content\/uploads\/sites\/4\/2015\/07\/BoneCancer-Stage4b-v2-es.jpg\" title=\"Click Image to Enlarge.\"><img decoding=\"async\" aria-describedby=\"caption-stage\" src=\"\/wp-content\/uploads\/sites\/4\/2015\/07\/BoneCancer-Stage4b-v2-es.jpg\" alt=\"Estadio 4b\" width=\"300px\" class=\"aligncenter\" \/><\/a><p id=\"caption-stage\" class=\"wp-caption-text\">Click Image to Enlarge.<\/p><\/div>\n<h5 class=\"section-title\">Descripci\u00f3n<\/h5>\n<ul>\n<li class=\"section-content\">El c\u00e1ncer se ha propagado a otros sitios distantes adem\u00e1s del pulm\u00f3n o adem\u00e1s del pulm\u00f3n.  El tumor puede tener cualquier tama\u00f1o y cualquier grado de malignidad.<\/li>\n<\/ul>\n<h5 class=\"section-title\">Tratamiento<\/h5>\n<ul>\n<li class=\"section-content\">Quimioterapia, posiblemente seguida de cirug\u00eda (si los tumores pueden extirparse) o radioterapia (si no es posible extirparlos).  Adem\u00e1s, los estudios cl\u00ednicos posiblemente sean una buena opci\u00f3n.<\/li>\n<\/ul>\n<hr class=\"hidden-title\" \/>\n<\/div><\/div><\/div><br \/>\n<div class=\"space\" style=\"clear:both; height:25px;\"><\/div><\/p>\n<p class=\"section-content\">Adem\u00e1s del sistema de estadificaci\u00f3n que se describe a continuaci\u00f3n, algunos cl\u00ednicos prefieren usar un sistema de estadificaci\u00f3n alternativo empleado por la Sociedad Musculoesquel\u00e9tica (Musculoskeletal Society).<\/p>\n<div class=\"clearboth\"><\/div>\n","protected":false},"excerpt":{"rendered":"<p>Estadificaci\u00f3n La estadificaci\u00f3n es un proceso que le indica al m\u00e9dico si el c\u00e1ncer se ha diseminado y, en caso de que as\u00ed sea, en qu\u00e9 medida. La estadificaci\u00f3n del osteosarcoma depende del tama\u00f1o, la ubicaci\u00f3n, la diseminaci\u00f3n y el grado del tumor. El grado del tumor es una descripci\u00f3n de c\u00f3mo se ven las [&hellip;]<\/p>\n","protected":false},"author":5,"featured_media":0,"parent":15052,"menu_order":5,"comment_status":"closed","ping_status":"open","template":"template-tumor.php","meta":{"footnotes":""},"tags":[10],"class_list":["post-15068","page","type-page","status-publish","hentry","tag-members-only"],"yoast_head":"<!-- This site is optimized with the Yoast SEO plugin v25.0 - https:\/\/yoast.com\/wordpress\/plugins\/seo\/ -->\n<title>CMedEd | Informaci\u00f3n para comprender el osteosarcoma | Estadificaci\u00f3n<\/title>\n<meta name=\"description\" content=\"Estadificaci\u00f3n La estadificaci\u00f3n es un proceso que le indica al m\u00e9dico si el c\u00e1ncer se ha diseminado y, en caso de que as\u00ed sea, en qu\u00e9 medida. La\" \/>\n<meta name=\"robots\" content=\"index, follow, max-snippet:-1, max-image-preview:large, max-video-preview:-1\" \/>\n<link rel=\"canonical\" href=\"https:\/\/cmeded.com\/es\/childhood\/understanding-osteosarcoma\/staging\/\" \/>\n<meta property=\"og:locale\" content=\"es_ES\" \/>\n<meta property=\"og:type\" content=\"article\" \/>\n<meta property=\"og:title\" content=\"CMedEd | Informaci\u00f3n para comprender el osteosarcoma | Estadificaci\u00f3n\" \/>\n<meta property=\"og:description\" content=\"Estadificaci\u00f3n La estadificaci\u00f3n es un proceso que le indica al m\u00e9dico si el c\u00e1ncer se ha diseminado y, en caso de que as\u00ed sea, en qu\u00e9 medida. La\" \/>\n<meta property=\"og:url\" content=\"https:\/\/cmeded.com\/es\/childhood\/understanding-osteosarcoma\/staging\/\" \/>\n<meta property=\"og:site_name\" content=\"CMedEd\" \/>\n<meta property=\"article:modified_time\" content=\"2025-04-28T01:13:03+00:00\" \/>\n<meta name=\"twitter:card\" content=\"summary_large_image\" \/>\n<meta name=\"twitter:label1\" content=\"Tiempo de lectura\" \/>\n\t<meta name=\"twitter:data1\" content=\"5 minutos\" \/>\n<script type=\"application\/ld+json\" class=\"yoast-schema-graph\">{\"@context\":\"https:\/\/schema.org\",\"@graph\":[{\"@type\":\"WebPage\",\"@id\":\"https:\/\/cmeded.com\/es\/childhood\/understanding-osteosarcoma\/staging\/\",\"url\":\"https:\/\/cmeded.com\/es\/childhood\/understanding-osteosarcoma\/staging\/\",\"name\":\"CMedEd | Informaci\u00f3n para comprender el osteosarcoma | Estadificaci\u00f3n\",\"isPartOf\":{\"@id\":\"https:\/\/cmeded.com\/es\/#website\"},\"datePublished\":\"2014-02-19T16:37:27+00:00\",\"dateModified\":\"2025-04-28T01:13:03+00:00\",\"description\":\"Estadificaci\u00f3n La estadificaci\u00f3n es un proceso que le indica al m\u00e9dico si el c\u00e1ncer se ha diseminado y, en caso de que as\u00ed sea, en qu\u00e9 medida. La\",\"breadcrumb\":{\"@id\":\"https:\/\/cmeded.com\/es\/childhood\/understanding-osteosarcoma\/staging\/#breadcrumb\"},\"inLanguage\":\"es\",\"potentialAction\":[{\"@type\":\"ReadAction\",\"target\":[\"https:\/\/cmeded.com\/es\/childhood\/understanding-osteosarcoma\/staging\/\"]}]},{\"@type\":\"BreadcrumbList\",\"@id\":\"https:\/\/cmeded.com\/es\/childhood\/understanding-osteosarcoma\/staging\/#breadcrumb\",\"itemListElement\":[{\"@type\":\"ListItem\",\"position\":1,\"name\":\"Home\",\"item\":\"https:\/\/cmeded.com\/es\/\"},{\"@type\":\"ListItem\",\"position\":2,\"name\":\"Infancia\",\"item\":\"https:\/\/cmeded.com\/es\/childhood\/\"},{\"@type\":\"ListItem\",\"position\":3,\"name\":\"Informaci\u00f3n para comprender el osteosarcoma\",\"item\":\"https:\/\/cmeded.com\/es\/childhood\/understanding-osteosarcoma\/\"},{\"@type\":\"ListItem\",\"position\":4,\"name\":\"Estadificaci\u00f3n\"}]},{\"@type\":\"WebSite\",\"@id\":\"https:\/\/cmeded.com\/es\/#website\",\"url\":\"https:\/\/cmeded.com\/es\/\",\"name\":\"CMedEd\",\"description\":\"Recurso principal de informaci\u00f3n sobre el c\u00e1ncer\",\"potentialAction\":[{\"@type\":\"SearchAction\",\"target\":{\"@type\":\"EntryPoint\",\"urlTemplate\":\"https:\/\/cmeded.com\/es\/?s={search_term_string}\"},\"query-input\":{\"@type\":\"PropertyValueSpecification\",\"valueRequired\":true,\"valueName\":\"search_term_string\"}}],\"inLanguage\":\"es\"}]}<\/script>\n<!-- \/ Yoast SEO plugin. -->","yoast_head_json":{"title":"CMedEd | Informaci\u00f3n para comprender el osteosarcoma | Estadificaci\u00f3n","description":"Estadificaci\u00f3n La estadificaci\u00f3n es un proceso que le indica al m\u00e9dico si el c\u00e1ncer se ha diseminado y, en caso de que as\u00ed sea, en qu\u00e9 medida. La","robots":{"index":"index","follow":"follow","max-snippet":"max-snippet:-1","max-image-preview":"max-image-preview:large","max-video-preview":"max-video-preview:-1"},"canonical":"https:\/\/cmeded.com\/es\/childhood\/understanding-osteosarcoma\/staging\/","og_locale":"es_ES","og_type":"article","og_title":"CMedEd | Informaci\u00f3n para comprender el osteosarcoma | Estadificaci\u00f3n","og_description":"Estadificaci\u00f3n La estadificaci\u00f3n es un proceso que le indica al m\u00e9dico si el c\u00e1ncer se ha diseminado y, en caso de que as\u00ed sea, en qu\u00e9 medida. La","og_url":"https:\/\/cmeded.com\/es\/childhood\/understanding-osteosarcoma\/staging\/","og_site_name":"CMedEd","article_modified_time":"2025-04-28T01:13:03+00:00","twitter_card":"summary_large_image","twitter_misc":{"Tiempo de lectura":"5 minutos"},"schema":{"@context":"https:\/\/schema.org","@graph":[{"@type":"WebPage","@id":"https:\/\/cmeded.com\/es\/childhood\/understanding-osteosarcoma\/staging\/","url":"https:\/\/cmeded.com\/es\/childhood\/understanding-osteosarcoma\/staging\/","name":"CMedEd | Informaci\u00f3n para comprender el osteosarcoma | Estadificaci\u00f3n","isPartOf":{"@id":"https:\/\/cmeded.com\/es\/#website"},"datePublished":"2014-02-19T16:37:27+00:00","dateModified":"2025-04-28T01:13:03+00:00","description":"Estadificaci\u00f3n La estadificaci\u00f3n es un proceso que le indica al m\u00e9dico si el c\u00e1ncer se ha diseminado y, en caso de que as\u00ed sea, en qu\u00e9 medida. La","breadcrumb":{"@id":"https:\/\/cmeded.com\/es\/childhood\/understanding-osteosarcoma\/staging\/#breadcrumb"},"inLanguage":"es","potentialAction":[{"@type":"ReadAction","target":["https:\/\/cmeded.com\/es\/childhood\/understanding-osteosarcoma\/staging\/"]}]},{"@type":"BreadcrumbList","@id":"https:\/\/cmeded.com\/es\/childhood\/understanding-osteosarcoma\/staging\/#breadcrumb","itemListElement":[{"@type":"ListItem","position":1,"name":"Home","item":"https:\/\/cmeded.com\/es\/"},{"@type":"ListItem","position":2,"name":"Infancia","item":"https:\/\/cmeded.com\/es\/childhood\/"},{"@type":"ListItem","position":3,"name":"Informaci\u00f3n para comprender el osteosarcoma","item":"https:\/\/cmeded.com\/es\/childhood\/understanding-osteosarcoma\/"},{"@type":"ListItem","position":4,"name":"Estadificaci\u00f3n"}]},{"@type":"WebSite","@id":"https:\/\/cmeded.com\/es\/#website","url":"https:\/\/cmeded.com\/es\/","name":"CMedEd","description":"Recurso principal de informaci\u00f3n sobre el c\u00e1ncer","potentialAction":[{"@type":"SearchAction","target":{"@type":"EntryPoint","urlTemplate":"https:\/\/cmeded.com\/es\/?s={search_term_string}"},"query-input":{"@type":"PropertyValueSpecification","valueRequired":true,"valueName":"search_term_string"}}],"inLanguage":"es"}]}},"_links":{"self":[{"href":"https:\/\/cmeded.com\/es\/wp-json\/wp\/v2\/pages\/15068","targetHints":{"allow":["GET"]}}],"collection":[{"href":"https:\/\/cmeded.com\/es\/wp-json\/wp\/v2\/pages"}],"about":[{"href":"https:\/\/cmeded.com\/es\/wp-json\/wp\/v2\/types\/page"}],"author":[{"embeddable":true,"href":"https:\/\/cmeded.com\/es\/wp-json\/wp\/v2\/users\/5"}],"replies":[{"embeddable":true,"href":"https:\/\/cmeded.com\/es\/wp-json\/wp\/v2\/comments?post=15068"}],"version-history":[{"count":0,"href":"https:\/\/cmeded.com\/es\/wp-json\/wp\/v2\/pages\/15068\/revisions"}],"up":[{"embeddable":true,"href":"https:\/\/cmeded.com\/es\/wp-json\/wp\/v2\/pages\/15052"}],"wp:attachment":[{"href":"https:\/\/cmeded.com\/es\/wp-json\/wp\/v2\/media?parent=15068"}],"wp:term":[{"taxonomy":"post_tag","embeddable":true,"href":"https:\/\/cmeded.com\/es\/wp-json\/wp\/v2\/tags?post=15068"}],"curies":[{"name":"wp","href":"https:\/\/api.w.org\/{rel}","templated":true}]}}