{"id":15051,"date":"2014-02-19T10:30:22","date_gmt":"2014-02-19T16:30:22","guid":{"rendered":"http:\/\/www.cmeded.com\/?page_id=15051"},"modified":"2023-08-24T18:49:37","modified_gmt":"2023-08-24T23:49:37","slug":"risk-factors","status":"publish","type":"page","link":"https:\/\/cmeded.com\/es\/gastrointestinal\/understanding-gastrointestinal-stromal-tumors-gist\/risk-factors\/","title":{"rendered":"Factores de riesgo"},"content":{"rendered":"<h4 class=\"section-title\">Factores de riesgo<\/h4>\n<p class=\"section-content\">Un factor de riesgo es una caracter\u00edstica, una conducta o una afecci\u00f3n que aumenta las posibilidades de contraer una enfermedad.  A continuaci\u00f3n, se detallan algunos factores de riesgo conocidos que inciden en el desarrollo de los GIST:<\/p>\n<div class=\"divider\" id=\"\">\n\t\n\t<\/div>\n<div class=\"risk-factor\">\n<div class=\"risk-pic\">\n<div style='width: 100%; display: flex; flex-wrap: wrap;'>\n<img decoding=\"async\" src=\"\/wp-content\/uploads\/2013\/10\/ManIn60s163x175.png\" alt=\"Edad\" class=\"aligncenter\" style=\"height:115px\" \/><br \/>\n<img decoding=\"async\" src=\"\/wp-content\/uploads\/2021\/06\/african-american-old-man.jpg\" alt=\"Edad\" class=\"aligncenter\" style=\"height:115px\" \/>\n<\/div>\n<\/div>\n<div class=\"risk-text\">\n<h5 class=\"section-title\">Edad<\/h5>\n<p class=\"section-content\">Los GIST suelen aparecer en personas mayores de 50 a\u00f1os de edad.<\/p>\n<\/div>\n<div class=\"clearboth\"><\/div>\n<\/div>\n<div class=\"divider\" id=\"\">\n\t\n\t<\/div>\n<div class=\"risk-factor\">\n<div class=\"risk-pic\">\n<div style='width: 100%; display: flex; flex-wrap: wrap;'>\n<img decoding=\"async\" src=\"\/wp-content\/uploads\/2013\/10\/ThreeWhiteMen177x1751.png\" class=\"aligncenter\" alt=\"G\u00e9nero\" style=\"height:115px\"><br \/>\n<img decoding=\"async\" src=\"\/wp-content\/uploads\/2012\/11\/family-history.png\" class=\"aligncenter\" alt=\"G\u00e9nero\" style=\"height:115px\">\n<\/div>\n<\/div>\n<div class=\"risk-text\">\n<h5 class=\"section-title\">G\u00e9nero<\/h5>\n<p class=\"section-content\">Los hombres son ligeramente m\u00e1s propensos a contraer GIST en comparaci\u00f3n con las mujeres.<\/p>\n<\/div>\n<div class=\"clearboth\"><\/div>\n<\/div>\n<div class=\"divider\" id=\"\">\n\t\n\t<\/div>\n<div class=\"risk-factor\">\n<div class=\"risk-pic\"><img decoding=\"async\" src=\"\/wp-content\/uploads\/2013\/10\/Family450x306.png\" class=\"aligncenter\" alt=\"Gen\u00e9tica y antecedentes familiares\" style=\"height:115px\"><\/div>\n<div class=\"risk-text\">\n<h5 class=\"section-title\">Gen\u00e9tica y antecedentes familiares<\/h5>\n<p class=\"section-content\">Algunas formas de GIST son causadas por mutaciones gen\u00e9ticas hereditarias de los genes KIT, NF1, PDGFRA, o genes con patolog\u00eda GIST o succinato deshidrogenasa (SDH). La tr\u00edada de Carney, un s\u00edndrome gen\u00e9tico, tambi\u00e9n se ha relacionado con el GIST. Los parientes cercanos de una persona que tiene GIST pueden correr un riesgo mayor de padecer la enfermedad si han heredado alguna de estas mutaciones.<\/p>\n<\/div>\n<div class=\"clearboth\"><\/div>\n<\/div>\n","protected":false},"excerpt":{"rendered":"<p>Factores de riesgo Un factor de riesgo es una caracter\u00edstica, una conducta o una afecci\u00f3n que aumenta las posibilidades de contraer una enfermedad. A continuaci\u00f3n, se detallan algunos factores de riesgo conocidos que inciden en el desarrollo de los GIST: Edad Los GIST suelen aparecer en personas mayores de 50 a\u00f1os de edad. G\u00e9nero Los [&hellip;]<\/p>\n","protected":false},"author":5,"featured_media":0,"parent":15040,"menu_order":2,"comment_status":"closed","ping_status":"open","template":"template-tumor.php","meta":{"footnotes":""},"tags":[10],"class_list":["post-15051","page","type-page","status-publish","hentry","tag-members-only"],"yoast_head":"<!-- This site is optimized with the Yoast SEO plugin v25.0 - https:\/\/yoast.com\/wordpress\/plugins\/seo\/ -->\n<title>CMedEd | Informaci\u00f3n para comprender los tumores del estroma gastrointestinal | Factores de riesgo<\/title>\n<meta name=\"description\" content=\"Factores de riesgo Un factor de riesgo es una caracter\u00edstica, una conducta o una afecci\u00f3n que aumenta las posibilidades de contraer una enfermedad. A\" \/>\n<meta name=\"robots\" content=\"index, follow, max-snippet:-1, max-image-preview:large, max-video-preview:-1\" \/>\n<link rel=\"canonical\" href=\"https:\/\/cmeded.com\/es\/gastrointestinal\/understanding-gastrointestinal-stromal-tumors-gist\/risk-factors\/\" \/>\n<meta property=\"og:locale\" content=\"es_ES\" \/>\n<meta property=\"og:type\" content=\"article\" \/>\n<meta property=\"og:title\" content=\"CMedEd | Informaci\u00f3n para comprender los tumores del estroma gastrointestinal | Factores de riesgo\" \/>\n<meta property=\"og:description\" content=\"Factores de riesgo Un factor de riesgo es una caracter\u00edstica, una conducta o una afecci\u00f3n que aumenta las posibilidades de contraer una enfermedad. A\" \/>\n<meta property=\"og:url\" content=\"https:\/\/cmeded.com\/es\/gastrointestinal\/understanding-gastrointestinal-stromal-tumors-gist\/risk-factors\/\" \/>\n<meta property=\"og:site_name\" content=\"CMedEd\" \/>\n<meta property=\"article:modified_time\" content=\"2023-08-24T23:49:37+00:00\" \/>\n<meta name=\"twitter:card\" content=\"summary_large_image\" \/>\n<meta name=\"twitter:label1\" content=\"Tiempo de lectura\" \/>\n\t<meta name=\"twitter:data1\" content=\"1 minuto\" \/>\n<script type=\"application\/ld+json\" class=\"yoast-schema-graph\">{\"@context\":\"https:\/\/schema.org\",\"@graph\":[{\"@type\":\"WebPage\",\"@id\":\"https:\/\/cmeded.com\/es\/gastrointestinal\/understanding-gastrointestinal-stromal-tumors-gist\/risk-factors\/\",\"url\":\"https:\/\/cmeded.com\/es\/gastrointestinal\/understanding-gastrointestinal-stromal-tumors-gist\/risk-factors\/\",\"name\":\"CMedEd | Informaci\u00f3n para comprender los tumores del estroma gastrointestinal | Factores de riesgo\",\"isPartOf\":{\"@id\":\"https:\/\/cmeded.com\/es\/#website\"},\"datePublished\":\"2014-02-19T16:30:22+00:00\",\"dateModified\":\"2023-08-24T23:49:37+00:00\",\"description\":\"Factores de riesgo Un factor de riesgo es una caracter\u00edstica, una conducta o una afecci\u00f3n que aumenta las posibilidades de contraer una enfermedad. A\",\"breadcrumb\":{\"@id\":\"https:\/\/cmeded.com\/es\/gastrointestinal\/understanding-gastrointestinal-stromal-tumors-gist\/risk-factors\/#breadcrumb\"},\"inLanguage\":\"es\",\"potentialAction\":[{\"@type\":\"ReadAction\",\"target\":[\"https:\/\/cmeded.com\/es\/gastrointestinal\/understanding-gastrointestinal-stromal-tumors-gist\/risk-factors\/\"]}]},{\"@type\":\"BreadcrumbList\",\"@id\":\"https:\/\/cmeded.com\/es\/gastrointestinal\/understanding-gastrointestinal-stromal-tumors-gist\/risk-factors\/#breadcrumb\",\"itemListElement\":[{\"@type\":\"ListItem\",\"position\":1,\"name\":\"Home\",\"item\":\"https:\/\/cmeded.com\/es\/\"},{\"@type\":\"ListItem\",\"position\":2,\"name\":\"Gastrointestinal\",\"item\":\"https:\/\/cmeded.com\/es\/gastrointestinal\/\"},{\"@type\":\"ListItem\",\"position\":3,\"name\":\"Informaci\u00f3n para comprender los tumores del estroma gastrointestinal\",\"item\":\"https:\/\/cmeded.com\/es\/gastrointestinal\/understanding-gastrointestinal-stromal-tumors-gist\/\"},{\"@type\":\"ListItem\",\"position\":4,\"name\":\"Factores de riesgo\"}]},{\"@type\":\"WebSite\",\"@id\":\"https:\/\/cmeded.com\/es\/#website\",\"url\":\"https:\/\/cmeded.com\/es\/\",\"name\":\"CMedEd\",\"description\":\"Recurso principal de informaci\u00f3n sobre el c\u00e1ncer\",\"potentialAction\":[{\"@type\":\"SearchAction\",\"target\":{\"@type\":\"EntryPoint\",\"urlTemplate\":\"https:\/\/cmeded.com\/es\/?s={search_term_string}\"},\"query-input\":{\"@type\":\"PropertyValueSpecification\",\"valueRequired\":true,\"valueName\":\"search_term_string\"}}],\"inLanguage\":\"es\"}]}<\/script>\n<!-- \/ Yoast SEO plugin. -->","yoast_head_json":{"title":"CMedEd | Informaci\u00f3n para comprender los tumores del estroma gastrointestinal | Factores de riesgo","description":"Factores de riesgo Un factor de riesgo es una caracter\u00edstica, una conducta o una afecci\u00f3n que aumenta las posibilidades de contraer una enfermedad. A","robots":{"index":"index","follow":"follow","max-snippet":"max-snippet:-1","max-image-preview":"max-image-preview:large","max-video-preview":"max-video-preview:-1"},"canonical":"https:\/\/cmeded.com\/es\/gastrointestinal\/understanding-gastrointestinal-stromal-tumors-gist\/risk-factors\/","og_locale":"es_ES","og_type":"article","og_title":"CMedEd | Informaci\u00f3n para comprender los tumores del estroma gastrointestinal | Factores de riesgo","og_description":"Factores de riesgo Un factor de riesgo es una caracter\u00edstica, una conducta o una afecci\u00f3n que aumenta las posibilidades de contraer una enfermedad. A","og_url":"https:\/\/cmeded.com\/es\/gastrointestinal\/understanding-gastrointestinal-stromal-tumors-gist\/risk-factors\/","og_site_name":"CMedEd","article_modified_time":"2023-08-24T23:49:37+00:00","twitter_card":"summary_large_image","twitter_misc":{"Tiempo de lectura":"1 minuto"},"schema":{"@context":"https:\/\/schema.org","@graph":[{"@type":"WebPage","@id":"https:\/\/cmeded.com\/es\/gastrointestinal\/understanding-gastrointestinal-stromal-tumors-gist\/risk-factors\/","url":"https:\/\/cmeded.com\/es\/gastrointestinal\/understanding-gastrointestinal-stromal-tumors-gist\/risk-factors\/","name":"CMedEd | Informaci\u00f3n para comprender los tumores del estroma gastrointestinal | Factores de riesgo","isPartOf":{"@id":"https:\/\/cmeded.com\/es\/#website"},"datePublished":"2014-02-19T16:30:22+00:00","dateModified":"2023-08-24T23:49:37+00:00","description":"Factores de riesgo Un factor de riesgo es una caracter\u00edstica, una conducta o una afecci\u00f3n que aumenta las posibilidades de contraer una enfermedad. A","breadcrumb":{"@id":"https:\/\/cmeded.com\/es\/gastrointestinal\/understanding-gastrointestinal-stromal-tumors-gist\/risk-factors\/#breadcrumb"},"inLanguage":"es","potentialAction":[{"@type":"ReadAction","target":["https:\/\/cmeded.com\/es\/gastrointestinal\/understanding-gastrointestinal-stromal-tumors-gist\/risk-factors\/"]}]},{"@type":"BreadcrumbList","@id":"https:\/\/cmeded.com\/es\/gastrointestinal\/understanding-gastrointestinal-stromal-tumors-gist\/risk-factors\/#breadcrumb","itemListElement":[{"@type":"ListItem","position":1,"name":"Home","item":"https:\/\/cmeded.com\/es\/"},{"@type":"ListItem","position":2,"name":"Gastrointestinal","item":"https:\/\/cmeded.com\/es\/gastrointestinal\/"},{"@type":"ListItem","position":3,"name":"Informaci\u00f3n para comprender los tumores del estroma gastrointestinal","item":"https:\/\/cmeded.com\/es\/gastrointestinal\/understanding-gastrointestinal-stromal-tumors-gist\/"},{"@type":"ListItem","position":4,"name":"Factores de riesgo"}]},{"@type":"WebSite","@id":"https:\/\/cmeded.com\/es\/#website","url":"https:\/\/cmeded.com\/es\/","name":"CMedEd","description":"Recurso principal de informaci\u00f3n sobre el c\u00e1ncer","potentialAction":[{"@type":"SearchAction","target":{"@type":"EntryPoint","urlTemplate":"https:\/\/cmeded.com\/es\/?s={search_term_string}"},"query-input":{"@type":"PropertyValueSpecification","valueRequired":true,"valueName":"search_term_string"}}],"inLanguage":"es"}]}},"_links":{"self":[{"href":"https:\/\/cmeded.com\/es\/wp-json\/wp\/v2\/pages\/15051","targetHints":{"allow":["GET"]}}],"collection":[{"href":"https:\/\/cmeded.com\/es\/wp-json\/wp\/v2\/pages"}],"about":[{"href":"https:\/\/cmeded.com\/es\/wp-json\/wp\/v2\/types\/page"}],"author":[{"embeddable":true,"href":"https:\/\/cmeded.com\/es\/wp-json\/wp\/v2\/users\/5"}],"replies":[{"embeddable":true,"href":"https:\/\/cmeded.com\/es\/wp-json\/wp\/v2\/comments?post=15051"}],"version-history":[{"count":0,"href":"https:\/\/cmeded.com\/es\/wp-json\/wp\/v2\/pages\/15051\/revisions"}],"up":[{"embeddable":true,"href":"https:\/\/cmeded.com\/es\/wp-json\/wp\/v2\/pages\/15040"}],"wp:attachment":[{"href":"https:\/\/cmeded.com\/es\/wp-json\/wp\/v2\/media?parent=15051"}],"wp:term":[{"taxonomy":"post_tag","embeddable":true,"href":"https:\/\/cmeded.com\/es\/wp-json\/wp\/v2\/tags?post=15051"}],"curies":[{"name":"wp","href":"https:\/\/api.w.org\/{rel}","templated":true}]}}