{"id":15042,"date":"2014-02-19T10:10:22","date_gmt":"2014-02-19T16:10:22","guid":{"rendered":"http:\/\/www.cmeded.com\/?page_id=15042"},"modified":"2023-08-24T18:49:36","modified_gmt":"2023-08-24T23:49:36","slug":"overview","status":"publish","type":"page","link":"https:\/\/cmeded.com\/es\/gastrointestinal\/understanding-gastrointestinal-stromal-tumors-gist\/overview\/","title":{"rendered":"Generalidades"},"content":{"rendered":"<p><div class=\"one_third\"><br \/>\n<div id=\"bc-overview\" style=\"width: 460px\" class=\"wp-caption center aligncenter\"><a href=\"\/wp-content\/uploads\/sites\/4\/2015\/07\/Abnormal-Kit-cells-es.jpg\" title=\"Click Image to Enlarge.\"><img decoding=\"async\" aria-describedby=\"caption-bc-overview\" src=\"\/wp-content\/uploads\/sites\/4\/2015\/07\/Abnormal-Kit-cells-es.jpg\" class=\"aligncenter ovr-pic\" alt=\"tumores del estroma gastrointestinal\"\/><\/a><p id=\"caption-bc-overview\" class=\"wp-caption-text\">Click Image to Enlarge.<\/p><\/div><br \/><\/div><br \/>\n<div class=\"two_third last\"><\/p>\n<h4 class=\"section-title\">\u00bfQu\u00e9 es un tumor del estroma gastrointestinal?<\/h4>\n<p class=\"section-content\">Los tumores del estroma gastrointestinal (gastrointestinal stromal tumors, GIST) constituyen una forma de tumor del tejido conjuntivo en el que se forman c\u00e9lulas anormales en los tejidos de tracto gastrointestinal. El tracto gastrointestinal es parte del sistema digestivo del cuerpo. Ayuda a digerir los alimentos y toma nutrientes de los alimentos para que puedan ser utilizados por el cuerpo. Algunos cient\u00edficos creen que GIST pueden formarse en el es\u00f3fago, el est\u00f3mago, el intestino delgado, el colon, el recto, el h\u00edgado, la ves\u00edcula biliar o el recubrimiento de los intestinos, pero la mayor\u00eda se forma en el est\u00f3mago o el intestino delgado. Se desarrollan en c\u00e9lulas llamadas c\u00e9lulas intersticiales de Cajal (interstitial cells of Cajal, ICC), que funcionan como marcapasos controlando los m\u00fasculos del tubo gastrointestinal y contribuyen, de manera indirecta, a la digesti\u00f3n de los alimentos.  Todos los GIST tienen la posibilidad de ser malignos.<\/p>\n<p><\/div><div class=\"clearboth\"><\/div><\/p>\n<div class=\"clearboth\"><\/div>\n","protected":false},"excerpt":{"rendered":"","protected":false},"author":5,"featured_media":0,"parent":15040,"menu_order":1,"comment_status":"closed","ping_status":"open","template":"template-tumor.php","meta":{"footnotes":""},"tags":[10],"class_list":["post-15042","page","type-page","status-publish","hentry","tag-members-only"],"yoast_head":"<!-- This site is optimized with the Yoast SEO plugin v25.0 - https:\/\/yoast.com\/wordpress\/plugins\/seo\/ -->\n<title>CMedEd | Informaci\u00f3n para comprender los tumores del estroma gastrointestinal | Generalidades<\/title>\n<meta name=\"robots\" content=\"index, follow, max-snippet:-1, max-image-preview:large, max-video-preview:-1\" \/>\n<link rel=\"canonical\" href=\"https:\/\/cmeded.com\/es\/gastrointestinal\/understanding-gastrointestinal-stromal-tumors-gist\/overview\/\" \/>\n<meta property=\"og:locale\" content=\"es_ES\" \/>\n<meta property=\"og:type\" content=\"article\" \/>\n<meta property=\"og:title\" content=\"CMedEd | Informaci\u00f3n para comprender los tumores del estroma gastrointestinal | Generalidades\" \/>\n<meta property=\"og:url\" content=\"https:\/\/cmeded.com\/es\/gastrointestinal\/understanding-gastrointestinal-stromal-tumors-gist\/overview\/\" \/>\n<meta property=\"og:site_name\" content=\"CMedEd\" \/>\n<meta property=\"article:modified_time\" content=\"2023-08-24T23:49:36+00:00\" \/>\n<meta name=\"twitter:card\" content=\"summary_large_image\" \/>\n<meta name=\"twitter:label1\" content=\"Tiempo de lectura\" \/>\n\t<meta name=\"twitter:data1\" content=\"1 minuto\" \/>\n<script type=\"application\/ld+json\" class=\"yoast-schema-graph\">{\"@context\":\"https:\/\/schema.org\",\"@graph\":[{\"@type\":\"WebPage\",\"@id\":\"https:\/\/cmeded.com\/es\/gastrointestinal\/understanding-gastrointestinal-stromal-tumors-gist\/overview\/\",\"url\":\"https:\/\/cmeded.com\/es\/gastrointestinal\/understanding-gastrointestinal-stromal-tumors-gist\/overview\/\",\"name\":\"CMedEd | Informaci\u00f3n para comprender los tumores del estroma gastrointestinal | Generalidades\",\"isPartOf\":{\"@id\":\"https:\/\/cmeded.com\/es\/#website\"},\"datePublished\":\"2014-02-19T16:10:22+00:00\",\"dateModified\":\"2023-08-24T23:49:36+00:00\",\"breadcrumb\":{\"@id\":\"https:\/\/cmeded.com\/es\/gastrointestinal\/understanding-gastrointestinal-stromal-tumors-gist\/overview\/#breadcrumb\"},\"inLanguage\":\"es\",\"potentialAction\":[{\"@type\":\"ReadAction\",\"target\":[\"https:\/\/cmeded.com\/es\/gastrointestinal\/understanding-gastrointestinal-stromal-tumors-gist\/overview\/\"]}]},{\"@type\":\"BreadcrumbList\",\"@id\":\"https:\/\/cmeded.com\/es\/gastrointestinal\/understanding-gastrointestinal-stromal-tumors-gist\/overview\/#breadcrumb\",\"itemListElement\":[{\"@type\":\"ListItem\",\"position\":1,\"name\":\"Home\",\"item\":\"https:\/\/cmeded.com\/es\/\"},{\"@type\":\"ListItem\",\"position\":2,\"name\":\"Gastrointestinal\",\"item\":\"https:\/\/cmeded.com\/es\/gastrointestinal\/\"},{\"@type\":\"ListItem\",\"position\":3,\"name\":\"Informaci\u00f3n para comprender los tumores del estroma gastrointestinal\",\"item\":\"https:\/\/cmeded.com\/es\/gastrointestinal\/understanding-gastrointestinal-stromal-tumors-gist\/\"},{\"@type\":\"ListItem\",\"position\":4,\"name\":\"Generalidades\"}]},{\"@type\":\"WebSite\",\"@id\":\"https:\/\/cmeded.com\/es\/#website\",\"url\":\"https:\/\/cmeded.com\/es\/\",\"name\":\"CMedEd\",\"description\":\"Recurso principal de informaci\u00f3n sobre el c\u00e1ncer\",\"potentialAction\":[{\"@type\":\"SearchAction\",\"target\":{\"@type\":\"EntryPoint\",\"urlTemplate\":\"https:\/\/cmeded.com\/es\/?s={search_term_string}\"},\"query-input\":{\"@type\":\"PropertyValueSpecification\",\"valueRequired\":true,\"valueName\":\"search_term_string\"}}],\"inLanguage\":\"es\"}]}<\/script>\n<!-- \/ Yoast SEO plugin. -->","yoast_head_json":{"title":"CMedEd | Informaci\u00f3n para comprender los tumores del estroma gastrointestinal | Generalidades","robots":{"index":"index","follow":"follow","max-snippet":"max-snippet:-1","max-image-preview":"max-image-preview:large","max-video-preview":"max-video-preview:-1"},"canonical":"https:\/\/cmeded.com\/es\/gastrointestinal\/understanding-gastrointestinal-stromal-tumors-gist\/overview\/","og_locale":"es_ES","og_type":"article","og_title":"CMedEd | Informaci\u00f3n para comprender los tumores del estroma gastrointestinal | Generalidades","og_url":"https:\/\/cmeded.com\/es\/gastrointestinal\/understanding-gastrointestinal-stromal-tumors-gist\/overview\/","og_site_name":"CMedEd","article_modified_time":"2023-08-24T23:49:36+00:00","twitter_card":"summary_large_image","twitter_misc":{"Tiempo de lectura":"1 minuto"},"schema":{"@context":"https:\/\/schema.org","@graph":[{"@type":"WebPage","@id":"https:\/\/cmeded.com\/es\/gastrointestinal\/understanding-gastrointestinal-stromal-tumors-gist\/overview\/","url":"https:\/\/cmeded.com\/es\/gastrointestinal\/understanding-gastrointestinal-stromal-tumors-gist\/overview\/","name":"CMedEd | Informaci\u00f3n para comprender los tumores del estroma gastrointestinal | Generalidades","isPartOf":{"@id":"https:\/\/cmeded.com\/es\/#website"},"datePublished":"2014-02-19T16:10:22+00:00","dateModified":"2023-08-24T23:49:36+00:00","breadcrumb":{"@id":"https:\/\/cmeded.com\/es\/gastrointestinal\/understanding-gastrointestinal-stromal-tumors-gist\/overview\/#breadcrumb"},"inLanguage":"es","potentialAction":[{"@type":"ReadAction","target":["https:\/\/cmeded.com\/es\/gastrointestinal\/understanding-gastrointestinal-stromal-tumors-gist\/overview\/"]}]},{"@type":"BreadcrumbList","@id":"https:\/\/cmeded.com\/es\/gastrointestinal\/understanding-gastrointestinal-stromal-tumors-gist\/overview\/#breadcrumb","itemListElement":[{"@type":"ListItem","position":1,"name":"Home","item":"https:\/\/cmeded.com\/es\/"},{"@type":"ListItem","position":2,"name":"Gastrointestinal","item":"https:\/\/cmeded.com\/es\/gastrointestinal\/"},{"@type":"ListItem","position":3,"name":"Informaci\u00f3n para comprender los tumores del estroma gastrointestinal","item":"https:\/\/cmeded.com\/es\/gastrointestinal\/understanding-gastrointestinal-stromal-tumors-gist\/"},{"@type":"ListItem","position":4,"name":"Generalidades"}]},{"@type":"WebSite","@id":"https:\/\/cmeded.com\/es\/#website","url":"https:\/\/cmeded.com\/es\/","name":"CMedEd","description":"Recurso principal de informaci\u00f3n sobre el c\u00e1ncer","potentialAction":[{"@type":"SearchAction","target":{"@type":"EntryPoint","urlTemplate":"https:\/\/cmeded.com\/es\/?s={search_term_string}"},"query-input":{"@type":"PropertyValueSpecification","valueRequired":true,"valueName":"search_term_string"}}],"inLanguage":"es"}]}},"_links":{"self":[{"href":"https:\/\/cmeded.com\/es\/wp-json\/wp\/v2\/pages\/15042","targetHints":{"allow":["GET"]}}],"collection":[{"href":"https:\/\/cmeded.com\/es\/wp-json\/wp\/v2\/pages"}],"about":[{"href":"https:\/\/cmeded.com\/es\/wp-json\/wp\/v2\/types\/page"}],"author":[{"embeddable":true,"href":"https:\/\/cmeded.com\/es\/wp-json\/wp\/v2\/users\/5"}],"replies":[{"embeddable":true,"href":"https:\/\/cmeded.com\/es\/wp-json\/wp\/v2\/comments?post=15042"}],"version-history":[{"count":0,"href":"https:\/\/cmeded.com\/es\/wp-json\/wp\/v2\/pages\/15042\/revisions"}],"up":[{"embeddable":true,"href":"https:\/\/cmeded.com\/es\/wp-json\/wp\/v2\/pages\/15040"}],"wp:attachment":[{"href":"https:\/\/cmeded.com\/es\/wp-json\/wp\/v2\/media?parent=15042"}],"wp:term":[{"taxonomy":"post_tag","embeddable":true,"href":"https:\/\/cmeded.com\/es\/wp-json\/wp\/v2\/tags?post=15042"}],"curies":[{"name":"wp","href":"https:\/\/api.w.org\/{rel}","templated":true}]}}