{"id":15031,"date":"2014-02-19T09:55:43","date_gmt":"2014-02-19T15:55:43","guid":{"rendered":"http:\/\/www.cmeded.com\/?page_id=15031"},"modified":"2025-05-03T09:28:29","modified_gmt":"2025-05-03T14:28:29","slug":"treatment","status":"publish","type":"page","link":"https:\/\/cmeded.com\/es\/gastrointestinal\/understanding-stomach-cancer\/treatment\/","title":{"rendered":"Tratamiento"},"content":{"rendered":"<h4 class=\"section-title\">Tratamiento<\/h4>\n<p class=\"section-content\">El tratamiento para el c\u00e1ncer de est\u00f3mago depende de el estadio y la ubicaci\u00f3n, y de si el cancer se ha propagado a otras partes del cuerpo. El tratamiento del c\u00e1ncer de est\u00f3mago puede implicar una combinaci\u00f3n de cirug\u00eda, quimioterapia y radiaci\u00f3n. A continuaci\u00f3n, se detallan algunos tipos de tratamientos que el m\u00e9dico puede recomendarle para tratar el c\u00e1ncer de est\u00f3mago:<\/p>\n\r\n\r\n<div class=\"divider\" id=\"\">\n\t\n\t<\/div>\n\r\n\r\n\r\n<div class=\"risk-factor\">\r\n<div class=\"symp-pic\">\r\n<figure><a title=\"Click Image to Enlarge.\" href=\"\/wp-content\/uploads\/sites\/4\/2015\/07\/Partial-Gastrectomy-Pt2-es.jpg\"><img decoding=\"async\" class=\"aligncenter squish-fix\" style=\"height: auto;\" src=\"\/wp-content\/uploads\/sites\/4\/2015\/07\/Partial-Gastrectomy-Pt2-es.jpg\" alt=\"Cirug\u00eda\"><\/a><\/figure><p><\/p>\r\n<\/div>\r\n<div class=\"risk-text-wrap\">\r\n<h5 class=\"section-title\">Cirug\u00eda<\/h5>\r\n<p class=\"section-content\">la cirug\u00eda representa la probabilidad m\u00e1s alta de una supervivencia prolongada en caso de c\u00e1ncer g\u00e1strico, pero no es adecuada en la mayor\u00eda de los casos en los que el tumor se ha propagado a otras partes del cuerpo, como el h\u00edgado, los ganglios linf\u00e1ticos distantes o el recubrimiento de la cavidad abdominal.  Si su c\u00e1ncer de est\u00f3mago se detecta temprano, su m\u00e9dico puede realizar una resecci\u00f3n endosc\u00f3pica de la mucosa, usando solo un endoscopio para remover el tumor. En los casos m\u00e1s graves de c\u00e1ncer de est\u00f3mago, es posible que se requiera una gastrectom\u00eda subtotal (parcial), en la cual solo se removeran parte del est\u00f3mago y los ganglios linf\u00e1ticos cercanos, o se puede requerir una gastrectom\u00eda total donde se puede remover todo el est\u00f3mago, los ganglios linf\u00e1ticos cercanos y, algunas veces, partes del es\u00f3fago y el intestino delgado, seg\u00fan la ubicaci\u00f3n del tumor. El m\u00e9dico luego une el es\u00f3fago o el resto del est\u00f3mago al intestino delgado.<\/p>\r\n<\/div>\r\n<div class=\"clearboth\">&nbsp;<\/div>\r\n<\/div>\r\n\r\n\r\n<div class=\"divider\" id=\"\">\n\t\n\t<\/div>\n\r\n\r\n\r\n<div class=\"risk-factor\">\r\n<div class=\"symp-pic\">\r\n<figure><a title=\"Click Image to Enlarge.\" href=\"\/wp-content\/uploads\/2015\/12\/Chemotherapy-Male-IV-Therapy-WEB.jpg\"><img decoding=\"async\" class=\"aligncenter\" style=\"height: 150px;\" src=\"\/wp-content\/uploads\/2015\/12\/Chemotherapy-Male-IV-Therapy-WEB-200.jpg\" alt=\"Quimioterapia\"><\/a><\/figure><p><\/p>\r\n<\/div>\r\n<div class=\"risk-text-wrap\">\r\n<h5 class=\"section-title\">Quimioterapia<\/h5>\r\n<p class=\"section-content\">La quimioterapia es el uso de medicamentos para dirigirse a las c\u00e9lulas que crecen r\u00e1pidamente en un esfuerzo para destruir las c\u00e9lulas cancerosas. Medicamentos de quimioterapia pueden ser administrados por medio de la vena (v\u00eda intravenosa) o por la boca (v\u00eda oral). Los m\u00e9dicos pueden administrar quimioterapia para reducir el tumor antes de la cirug\u00eda (neoadyuvante) y\/o destruir cualquier rastro de c\u00e1ncer que quede despu\u00e9s de la cirug\u00eda (adyuvante). En etapas m\u00e1s avanzadas en las que el c\u00e1ncer se ha propagado, la quimioterapia puede ser la mejor opci\u00f3n de tratamiento para aliviar los s\u00edntomas.<\/p>\r\n<\/div>\r\n<div class=\"clearboth\">&nbsp;<\/div>\r\n<\/div>\r\n\r\n\r\n<div class=\"divider\" id=\"\">\n\t\n\t<\/div>\n\r\n\r\n\r\n<div class=\"risk-factor\">\r\n<div class=\"symp-pic\"><img decoding=\"async\" class=\"aligncenter\" style=\"height: 150px; width: auto;\" src=\"\/wp-content\/uploads\/2013\/04\/IMRT175.png\" alt=\"Radiation Therapy\" \/><\/div>\r\n<div class=\"risk-text-wrap\">\r\n<h5 class=\"section-title\">Radioterapia<\/h5>\r\n<p class=\"section-content\">En la radioterapia, se usan rayos de gran energ\u00eda para localizar y destruir las c\u00e9lulas cancerosas. Los m\u00e9dicos pueden administrar radioterapia antes de la cirug\u00eda para reducir el tama\u00f1o del tumor o despu\u00e9s de la cirug\u00eda para reducir la posibilidad de que el c\u00e1ncer regrese.  En la radiaci\u00f3n con haces externos, un aparato grande emite radiaci\u00f3n hacia el tumor desde el exterior del cuerpo.  Casi siempre se administra con quimioterapia, que com\u00fanmente se denomina quimiorradiaci\u00f3n.<\/p>\r\n<\/div>\r\n<div class=\"clearboth\">&nbsp;<\/div>\r\n<\/div>\r\n\r\n\r\n<div class=\"divider\" id=\"\">\n\t\n\t<\/div>\n\r\n\r\n\r\n<div class=\"risk-factor\">\r\n<div class=\"symp-pic\">\r\n<figure><a title=\"Go to enlarged image.\" href=\"\/wp-content\/uploads\/2015\/09\/Chemoradiation-woman.jpg\"><img decoding=\"async\" class=\"aligncenter\" style=\"height: 150px; width: auto;\" src=\"\/wp-content\/uploads\/2015\/09\/Chemoradiation-woman.jpg\" alt=\"Quimiorradiaci\u00f3n\"><\/a><\/figure><p><\/p>\r\n<\/div>\r\n<div class=\"risk-text-wrap\">\r\n<h5 class=\"section-title\">Quimiorradiaci\u00f3n<\/h5>\r\n<p class=\"section-content\">La terapia de quimiorradiaci\u00f3n combina quimioterapia y radioterapia para aumentar los efectos de ambos. La quimiorradiaci\u00f3n se administra despu\u00e9s de la cirug\u00eda (terapia adyuvante) para reducir el riesgo de que el c\u00e1ncer regrese. La quimiorradiaci\u00f3n se administra antes de la cirug\u00eda(terapia neoadyuvante), para reducir el tumor, para que la cirug\u00eda sea m\u00e1s f\u00e1cil.<\/p>\r\n<\/div>\r\n<div class=\"clearboth\">&nbsp;<\/div>\r\n<\/div>\r\n\r\n\r\n<div class=\"divider\" id=\"\">\n\t\n\t<\/div>\n\r\n\r\n\r\n<div class=\"risk-factor\">\r\n<div class=\"symp-pic\">\r\n<figure><img decoding=\"async\" style=\"height: 145px;\" src=\"\/wp-content\/uploads\/2013\/03\/Vaccine200.jpg\" alt=\"Inmunoterapia\"><\/figure><figure><img decoding=\"async\" style=\"height: 155px;\" src=\"\/wp-content\/uploads\/2021\/06\/Black_DocterPatientF.png\" alt=\"Inmunoterapia\"><\/figure><div style=\"width: 100%; height: 100%; display: flex; flex-wrap: wrap; justify-content: center; align-items: center;\"><br><\/div>\r\n<\/div>\r\n<div class=\"risk-text-wrap\">\r\n<h5 class=\"section-title\">Inmunoterapia<\/h5>\r\n<p class=\"section-content\">La inmunoterapia es un nuevo tipo de tratamiento contra el c\u00e1ncer que estimula el sistema inmunitario para atacar c\u00e9lulas cancerosas. El tipo m\u00e1s com\u00fan de inmunoterapia es un grupo de medicamentos llamados inhibidores del punto de control inmunitario. Estos medicamentos son anticuerpos monoclonales que se dirigen a los \"puntos de control\" del sistema inmunitario. Las c\u00e9lulas cancerosas pueden expresar prote\u00ednas de control que se unen a las c\u00e9lulas inmunitarias y les indican que ignoren las c\u00e9lulas cancerosas. Los inhibidores de puntos de control inmunitarios bloquean estos puntos de control e indican al sistema inmunitario que ataque las c\u00e9lulas cancerosas. Los inhibidores de puntos de control inmunitarios se pueden usar en combinaci\u00f3n con quimioterapia o solos. Otro tipo de inmunoterapia son las vacunas contra el c\u00e1ncer. Estos son poco comunes, pero actualmente se est\u00e1n estudiando en estudios cl\u00ednicos.<\/p>\r\n<\/div>\r\n<div class=\"clearboth\">&nbsp;<\/div>\r\n<\/div>\r\n\r\n\r\n<div class=\"divider\" id=\"\">\n\t\n\t<\/div>\n\r\n\r\n\r\n<div class=\"risk-factor\">\r\n<div class=\"symp-pic\">\r\n<figure><a title=\"Click Image to Enlarge.\" href=\"\/wp-content\/uploads\/2014\/05\/StomachTargeted.jpg\"><img decoding=\"async\" class=\"aligncenter squish-fix\" style=\"height: auto;\" src=\"\/wp-content\/uploads\/2013\/01\/StomachTargeted3.jpg\" alt=\"Terapia dirigida\"><\/a><\/figure><p><\/p>\r\n<\/div>\r\n<div class=\"risk-text-wrap\">\r\n<h5 class=\"section-title\">Terapia dirigida<\/h5>\r\n<p class=\"section-content\">Aproximadamente uno de cada cinco casos de c\u00e1ncer de est\u00f3mago contienen c\u00e9lulas que sobreexpresan la prote\u00edna HER2, la cual hace que el c\u00e1ncer se vuelva m\u00e1s agresivo Debido a que la prote\u00edna HER2 es el principal impulsor del crecimiento del c\u00e1ncer, la terapia que se dirige espec\u00edficamente a estas c\u00e9lulas es muy eficaz para detener el c\u00e1ncer. La terapia dirigida a HER2 se usa en combinaci\u00f3n con quimioterapia e inmunoterapia para pacientes con c\u00e1ncer que se ha propagado. Recientemente, se descubri\u00f3 que otra diana terap\u00e9utica llamada Claudina 18.2 es un factor importante en el c\u00e1ncer de est\u00f3mago. La terapia dirigida contra Claudina 18.2 se utiliza en combinaci\u00f3n con la quimioterapia para pacientes con c\u00e1ncer que se ha diseminado.<\/p>\r\n<\/div>\r\n<div class=\"clearboth\">&nbsp;<\/div>\r\n<\/div>\r\n\r\n\r\n<div class=\"divider\" id=\"\">\n\t\n\t<\/div>\n\r\n\r\n\r\n<div class=\"risk-factor\">\r\n<div class=\"symp-pic\">\r\n<figure><img decoding=\"async\" style=\"height: 145px;\" src=\"\/wp-content\/uploads\/2021\/05\/asian-doctor.jpg\" alt=\"Clinical Trials\"><\/figure><figure><img decoding=\"async\" style=\"height: 135px;\" src=\"\/wp-content\/uploads\/2013\/04\/Microscope-1651.jpg\" alt=\"Clinical Trials\"><\/figure><div style=\"width: 100%; height: 100%; display: flex; flex-wrap: wrap; justify-content: center; align-items: center;\"><br><\/div>\r\n<\/div>\r\n<div class=\"risk-text-wrap\">\r\n<h5 class=\"section-title\">Estudios cl\u00ednicos<\/h5>\r\n<p class=\"section-content\">Los estudios cl\u00ednicos permiten que los pacientes prueben un tratamiento nuevo antes de que est\u00e9 disponible para el p\u00fablico en general. En algunos casos, puede tratarse de un medicamento nuevo que no se ha utilizado antes en seres humanos; o bien, puede tratarse de un medicamento o una combinaci\u00f3n de medicamentos que no se utilizan actualmente para un tipo espec\u00edfico de c\u00e1ncer. En general, los estudios cl\u00ednicos en fase temprana se utilizan para probar los efectos secundarios de un medicamento o una combinaci\u00f3n de medicamentos; mientras que los estudios cl\u00ednicos en fase posterior se utilizan para determinar la eficacia de un tratamiento nuevo para un determinado tipo de c\u00e1ncer. Los estudios cl\u00ednicos permiten a m\u00e9dicos e investigadores mejorar el tratamiento de los tipos de c\u00e1ncer con terapias posiblemente m\u00e1s efectivas. Un estudio cl\u00ednico puede dar lugar a un medicamento nuevo e innovador; o bien, puede no tener efecto alguno. Es importante que hable con el m\u00e9dico acerca de las ventajas y desventajas de los estudios cl\u00ednicos para su situaci\u00f3n en particular.<\/p>\r\n<\/div>\r\n<div class=\"clearboth\">&nbsp;<\/div>\r\n<\/div>\r\n","protected":false},"excerpt":{"rendered":"<p>Cirug\u00eda la cirug\u00eda representa la probabilidad m\u00e1s alta de una supervivencia prolongada en caso de c\u00e1ncer g\u00e1strico, pero no es adecuada en la mayor\u00eda de los casos en los que el tumor se ha propagado a otras partes del cuerpo, como el h\u00edgado, los ganglios linf\u00e1ticos distantes o el recubrimiento de la cavidad abdominal. Si [&hellip;]<\/p>\n","protected":false},"author":5,"featured_media":0,"parent":14987,"menu_order":6,"comment_status":"closed","ping_status":"open","template":"template-tumor.php","meta":{"footnotes":""},"tags":[10],"class_list":["post-15031","page","type-page","status-publish","hentry","tag-members-only"],"yoast_head":"<!-- This site is optimized with the Yoast SEO plugin v25.0 - https:\/\/yoast.com\/wordpress\/plugins\/seo\/ -->\n<title>CMedEd | Informaci\u00f3n para comprender el c\u00e1ncer de est\u00f3mago | Tratamiento<\/title>\n<meta name=\"description\" content=\"Tratamiento El tratamiento para el c\u00e1ncer de est\u00f3mago depende de el estadio y la ubicaci\u00f3n, y de si el cancer se ha propagado a otras partes del cuerpo.\" \/>\n<meta name=\"robots\" content=\"index, follow, max-snippet:-1, max-image-preview:large, max-video-preview:-1\" \/>\n<link rel=\"canonical\" href=\"https:\/\/cmeded.com\/es\/gastrointestinal\/understanding-stomach-cancer\/treatment\/\" \/>\n<meta property=\"og:locale\" content=\"es_ES\" \/>\n<meta property=\"og:type\" content=\"article\" \/>\n<meta property=\"og:title\" content=\"CMedEd | Informaci\u00f3n para comprender el c\u00e1ncer de est\u00f3mago | Tratamiento\" \/>\n<meta property=\"og:description\" content=\"Tratamiento El tratamiento para el c\u00e1ncer de est\u00f3mago depende de el estadio y la ubicaci\u00f3n, y de si el cancer se ha propagado a otras partes del cuerpo.\" \/>\n<meta property=\"og:url\" content=\"https:\/\/cmeded.com\/es\/gastrointestinal\/understanding-stomach-cancer\/treatment\/\" \/>\n<meta property=\"og:site_name\" content=\"CMedEd\" \/>\n<meta property=\"article:modified_time\" content=\"2025-05-03T14:28:29+00:00\" \/>\n<meta name=\"twitter:card\" content=\"summary_large_image\" \/>\n<meta name=\"twitter:label1\" content=\"Tiempo de lectura\" \/>\n\t<meta name=\"twitter:data1\" content=\"6 minutos\" \/>\n<script type=\"application\/ld+json\" class=\"yoast-schema-graph\">{\"@context\":\"https:\/\/schema.org\",\"@graph\":[{\"@type\":\"WebPage\",\"@id\":\"https:\/\/cmeded.com\/es\/gastrointestinal\/understanding-stomach-cancer\/treatment\/\",\"url\":\"https:\/\/cmeded.com\/es\/gastrointestinal\/understanding-stomach-cancer\/treatment\/\",\"name\":\"CMedEd | Informaci\u00f3n para comprender el c\u00e1ncer de est\u00f3mago | Tratamiento\",\"isPartOf\":{\"@id\":\"https:\/\/cmeded.com\/es\/#website\"},\"datePublished\":\"2014-02-19T15:55:43+00:00\",\"dateModified\":\"2025-05-03T14:28:29+00:00\",\"description\":\"Tratamiento El tratamiento para el c\u00e1ncer de est\u00f3mago depende de el estadio y la ubicaci\u00f3n, y de si el cancer se ha propagado a otras partes del cuerpo.\",\"breadcrumb\":{\"@id\":\"https:\/\/cmeded.com\/es\/gastrointestinal\/understanding-stomach-cancer\/treatment\/#breadcrumb\"},\"inLanguage\":\"es\",\"potentialAction\":[{\"@type\":\"ReadAction\",\"target\":[\"https:\/\/cmeded.com\/es\/gastrointestinal\/understanding-stomach-cancer\/treatment\/\"]}]},{\"@type\":\"BreadcrumbList\",\"@id\":\"https:\/\/cmeded.com\/es\/gastrointestinal\/understanding-stomach-cancer\/treatment\/#breadcrumb\",\"itemListElement\":[{\"@type\":\"ListItem\",\"position\":1,\"name\":\"Home\",\"item\":\"https:\/\/cmeded.com\/es\/\"},{\"@type\":\"ListItem\",\"position\":2,\"name\":\"Gastrointestinal\",\"item\":\"https:\/\/cmeded.com\/es\/gastrointestinal\/\"},{\"@type\":\"ListItem\",\"position\":3,\"name\":\"Informaci\u00f3n para comprender el c\u00e1ncer de est\u00f3mago\",\"item\":\"https:\/\/cmeded.com\/es\/gastrointestinal\/understanding-stomach-cancer\/\"},{\"@type\":\"ListItem\",\"position\":4,\"name\":\"Tratamiento\"}]},{\"@type\":\"WebSite\",\"@id\":\"https:\/\/cmeded.com\/es\/#website\",\"url\":\"https:\/\/cmeded.com\/es\/\",\"name\":\"CMedEd\",\"description\":\"Recurso principal de informaci\u00f3n sobre el c\u00e1ncer\",\"potentialAction\":[{\"@type\":\"SearchAction\",\"target\":{\"@type\":\"EntryPoint\",\"urlTemplate\":\"https:\/\/cmeded.com\/es\/?s={search_term_string}\"},\"query-input\":{\"@type\":\"PropertyValueSpecification\",\"valueRequired\":true,\"valueName\":\"search_term_string\"}}],\"inLanguage\":\"es\"}]}<\/script>\n<!-- \/ Yoast SEO plugin. -->","yoast_head_json":{"title":"CMedEd | Informaci\u00f3n para comprender el c\u00e1ncer de est\u00f3mago | Tratamiento","description":"Tratamiento El tratamiento para el c\u00e1ncer de est\u00f3mago depende de el estadio y la ubicaci\u00f3n, y de si el cancer se ha propagado a otras partes del cuerpo.","robots":{"index":"index","follow":"follow","max-snippet":"max-snippet:-1","max-image-preview":"max-image-preview:large","max-video-preview":"max-video-preview:-1"},"canonical":"https:\/\/cmeded.com\/es\/gastrointestinal\/understanding-stomach-cancer\/treatment\/","og_locale":"es_ES","og_type":"article","og_title":"CMedEd | Informaci\u00f3n para comprender el c\u00e1ncer de est\u00f3mago | Tratamiento","og_description":"Tratamiento El tratamiento para el c\u00e1ncer de est\u00f3mago depende de el estadio y la ubicaci\u00f3n, y de si el cancer se ha propagado a otras partes del cuerpo.","og_url":"https:\/\/cmeded.com\/es\/gastrointestinal\/understanding-stomach-cancer\/treatment\/","og_site_name":"CMedEd","article_modified_time":"2025-05-03T14:28:29+00:00","twitter_card":"summary_large_image","twitter_misc":{"Tiempo de lectura":"6 minutos"},"schema":{"@context":"https:\/\/schema.org","@graph":[{"@type":"WebPage","@id":"https:\/\/cmeded.com\/es\/gastrointestinal\/understanding-stomach-cancer\/treatment\/","url":"https:\/\/cmeded.com\/es\/gastrointestinal\/understanding-stomach-cancer\/treatment\/","name":"CMedEd | Informaci\u00f3n para comprender el c\u00e1ncer de est\u00f3mago | Tratamiento","isPartOf":{"@id":"https:\/\/cmeded.com\/es\/#website"},"datePublished":"2014-02-19T15:55:43+00:00","dateModified":"2025-05-03T14:28:29+00:00","description":"Tratamiento El tratamiento para el c\u00e1ncer de est\u00f3mago depende de el estadio y la ubicaci\u00f3n, y de si el cancer se ha propagado a otras partes del cuerpo.","breadcrumb":{"@id":"https:\/\/cmeded.com\/es\/gastrointestinal\/understanding-stomach-cancer\/treatment\/#breadcrumb"},"inLanguage":"es","potentialAction":[{"@type":"ReadAction","target":["https:\/\/cmeded.com\/es\/gastrointestinal\/understanding-stomach-cancer\/treatment\/"]}]},{"@type":"BreadcrumbList","@id":"https:\/\/cmeded.com\/es\/gastrointestinal\/understanding-stomach-cancer\/treatment\/#breadcrumb","itemListElement":[{"@type":"ListItem","position":1,"name":"Home","item":"https:\/\/cmeded.com\/es\/"},{"@type":"ListItem","position":2,"name":"Gastrointestinal","item":"https:\/\/cmeded.com\/es\/gastrointestinal\/"},{"@type":"ListItem","position":3,"name":"Informaci\u00f3n para comprender el c\u00e1ncer de est\u00f3mago","item":"https:\/\/cmeded.com\/es\/gastrointestinal\/understanding-stomach-cancer\/"},{"@type":"ListItem","position":4,"name":"Tratamiento"}]},{"@type":"WebSite","@id":"https:\/\/cmeded.com\/es\/#website","url":"https:\/\/cmeded.com\/es\/","name":"CMedEd","description":"Recurso principal de informaci\u00f3n sobre el c\u00e1ncer","potentialAction":[{"@type":"SearchAction","target":{"@type":"EntryPoint","urlTemplate":"https:\/\/cmeded.com\/es\/?s={search_term_string}"},"query-input":{"@type":"PropertyValueSpecification","valueRequired":true,"valueName":"search_term_string"}}],"inLanguage":"es"}]}},"_links":{"self":[{"href":"https:\/\/cmeded.com\/es\/wp-json\/wp\/v2\/pages\/15031","targetHints":{"allow":["GET"]}}],"collection":[{"href":"https:\/\/cmeded.com\/es\/wp-json\/wp\/v2\/pages"}],"about":[{"href":"https:\/\/cmeded.com\/es\/wp-json\/wp\/v2\/types\/page"}],"author":[{"embeddable":true,"href":"https:\/\/cmeded.com\/es\/wp-json\/wp\/v2\/users\/5"}],"replies":[{"embeddable":true,"href":"https:\/\/cmeded.com\/es\/wp-json\/wp\/v2\/comments?post=15031"}],"version-history":[{"count":0,"href":"https:\/\/cmeded.com\/es\/wp-json\/wp\/v2\/pages\/15031\/revisions"}],"up":[{"embeddable":true,"href":"https:\/\/cmeded.com\/es\/wp-json\/wp\/v2\/pages\/14987"}],"wp:attachment":[{"href":"https:\/\/cmeded.com\/es\/wp-json\/wp\/v2\/media?parent=15031"}],"wp:term":[{"taxonomy":"post_tag","embeddable":true,"href":"https:\/\/cmeded.com\/es\/wp-json\/wp\/v2\/tags?post=15031"}],"curies":[{"name":"wp","href":"https:\/\/api.w.org\/{rel}","templated":true}]}}