{"id":15022,"date":"2014-02-19T09:44:38","date_gmt":"2014-02-19T15:44:38","guid":{"rendered":"http:\/\/www.cmeded.com\/?page_id=15022"},"modified":"2023-08-24T18:49:37","modified_gmt":"2023-08-24T23:49:37","slug":"staging","status":"publish","type":"page","link":"https:\/\/cmeded.com\/es\/gastrointestinal\/understanding-stomach-cancer\/staging\/","title":{"rendered":"Estadificaci\u00f3n"},"content":{"rendered":"<h4 class=\"section-title\">Estadificaci\u00f3n<\/h4>\n<p class=\"section-content\">La estadificaci\u00f3n es un proceso que le indica al m\u00e9dico si el c\u00e1ncer se ha diseminado y, en caso de que as\u00ed sea, en qu\u00e9 medida. Es uno de los pasos m\u00e1s importantes en la evaluaci\u00f3n de las opciones de tratamiento.<\/p>\n\n\n<div class=\"clapat-tabs\" id=\"\"><div class=\"tabs-bg\"><\/div><ul class=\"staging-tab-menu\"><li><a href=\"#tabs-240\"><br \/>\nEstadio 0<\/a><\/li>\n<li><a href=\"#tabs-241\"><br \/>\nEstadio Ia<\/a><\/li>\n<li><a href=\"#tabs-242\"><br \/>\nEstadio Ib<\/a><\/li>\n<li><a href=\"#tabs-243\"><br \/>\nEstadio IIa<\/a><\/li>\n<li><a href=\"#tabs-244\"><br \/>\nEstadio IIb<\/a><\/li>\n<li><a href=\"#tabs-245\"><br \/>\nEstadio IIIa<\/a><\/li>\n<li><a href=\"#tabs-246\"><br \/>\nEstadio IIIb<\/a><\/li>\n<li><a href=\"#tabs-247\"><br \/>\nEstadio IIIc<\/a><\/li>\n<li><a href=\"#tabs-248\"><br \/>\nEstadio IV<\/a><\/li><\/ul><div class=\"list-wrap\"><div id=\"tabs-240\"><\/p>\n<h4 class=\"section-title hidden-title\">Estadio 0<\/h4>\n<p><a title=\"Click Image to Enlarge.\" href=\"\/wp-content\/uploads\/2013\/01\/Stomach-Cancer-Stage-I.jpg\"><img decoding=\"async\" class=\"aligncenter\" src=\"\/wp-content\/uploads\/2013\/01\/STAGE0.jpg\" alt=\"Estadio 0\" \/><\/a><\/p>\n<h5 class=\"section-title\">Descripci\u00f3n<\/h5>\n<ul>\n<li class=\"section-content\">Se encuentran c\u00e9lulas an\u00f3malas en la capa interna del est\u00f3mago. Se llama \"carcinoma localizado\". Todav\u00eda no se lo considera oficialmente c\u00e1ncer.<\/li>\n<\/ul>\n<h5 class=\"section-title\">Tratamiento<\/h5>\n<ul>\n<li class=\"section-content\">Resecci\u00f3n endosc\u00f3pica de la mucosa. En general, no se requiere una gastrectom\u00eda total ni parcial en este caso.<\/li>\n<\/ul>\n<hr class=\"hidden-title\" \/>\n<p><\/div>\n<div id=\"tabs-241\"><\/p>\n<h4 class=\"section-title hidden-title\">Estadio Ia<\/h4>\n<p><a title=\"Click Image to Enlarge.\" href=\"\/wp-content\/uploads\/2013\/01\/Stomach-Cancer-Stage-IA.jpg\"><img decoding=\"async\" class=\"aligncenter\" src=\"\/wp-content\/uploads\/2013\/01\/STAGE1A.jpg\" alt=\"Estadio 1a\" \/><\/a><\/p>\n<h5 class=\"section-title\">Descripci\u00f3n<\/h5>\n<ul>\n<li class=\"section-content\">El c\u00e1ncer se encuentra en las capas superficiales del est\u00f3mago y puede haberse propagado a la submucosa (capa de tejido junto a la mucosa).<\/li>\n<\/ul>\n<h5 class=\"section-title\">Tratamiento<\/h5>\n<ul>\n<li class=\"section-content\">Resecci\u00f3n mucosa endosc\u00f3pica. Es posible que se requiera una gastrectom\u00eda total o parcial en algunos casos.<\/li>\n<\/ul>\n<hr class=\"hidden-title\" \/>\n<p><\/div>\n<div id=\"tabs-242\"><\/p>\n<h4 class=\"section-title hidden-title\">Estadio Ib<\/h4>\n<p><a title=\"Click Image to Enlarge.\" href=\"\/wp-content\/uploads\/2013\/01\/Stomach-Cancer-Stage-IB.jpg\"><img decoding=\"async\" class=\"aligncenter\" src=\"\/wp-content\/uploads\/2013\/01\/STAGE1B.jpg\" alt=\"Estadio Ib\" \/><\/a><\/p>\n<h5 class=\"section-title\">Descripci\u00f3n<\/h5>\n<ul>\n<li class=\"section-content\">El c\u00e1ncer se ha desarrollado en el m\u00fasculo de la pared del est\u00f3mago o se ha propagado a ganglios linf\u00e1ticos cercanos.<\/li>\n<\/ul>\n<h5 class=\"section-title\">Tratamiento<\/h5>\n<ul>\n<li class=\"section-content\">Quimioterapia o quimiorradiaci\u00f3n seguidas de gastrectom\u00eda total o parcial. Quimioterapia o quimiorradiaci\u00f3n seguidas de cirug\u00eda.<\/li>\n<\/ul>\n<hr class=\"hidden-title\" \/>\n<p><\/div>\n<div id=\"tabs-243\"><\/p>\n<h4 class=\"section-title hidden-title\">Estadio IIa<\/h4>\n<p><a title=\"Click Image to Enlarge.\" href=\"\/wp-content\/uploads\/2014\/05\/Stomach-Cancer-Stage-IIA-FINAL.jpg\"><img decoding=\"async\" class=\"aligncenter\" style=\"max-height: 150px;\" src=\"\/wp-content\/uploads\/2014\/05\/Stomach-Cancer-Stage-IIA-FINAL.jpg\" alt=\"Estadio IIa\" \/><\/a><\/p>\n<h5 class=\"section-title\">Descripci\u00f3n<\/h5>\n<p class=\"section-content\">El c\u00e1ncer se ha propagado:<\/p>\n<ul>\n<li class=\"section-content\">a la capa interna(mucosa) y a 3 hasta 6 ganglios linf\u00e1ticos;<\/li>\n<li class=\"section-content\">a la capa media(m\u00fasculo) y a 1 o 2 ganglios linf\u00e1ticos;<\/li>\n<li class=\"section-content\">a la capa externa(subserosa), pero a ning\u00fan ganglio linf\u00e1tico.<\/li>\n<\/ul>\n<h5 class=\"section-title\">Tratamiento<\/h5>\n<ul>\n<li class=\"section-content\">Quimioterapia seguida de gastrectom\u00eda total o parcial. Quimioterapia o quimiorradiaci\u00f3n seguidas de cirug\u00eda.<\/li>\n<\/ul>\n<hr class=\"hidden-title\" \/>\n<p><\/div>\n<div id=\"tabs-244\"><\/p>\n<h4 class=\"section-title hidden-title\">Estadio IIb<\/h4>\n<p><a title=\"Click Image to Enlarge.\" href=\"\/wp-content\/uploads\/2014\/05\/Stomach-Cancer-Stage-IIB-FINAL.jpg\"><img decoding=\"async\" class=\"aligncenter\" style=\"max-height: 160px;\" src=\"\/wp-content\/uploads\/2014\/05\/Stomach-Cancer-Stage-IIB-FINAL.jpg\" alt=\"Estadio IIb\" \/><\/a><\/p>\n<h5 class=\"section-title\">Descripci\u00f3n<\/h5>\n<p class=\"section-content\">El c\u00e1ncer se ha propagado:<\/p>\n<ul>\n<li class=\"section-content\">a la capa interna(mucosa) y a 7 a 15 ganglios linf\u00e1ticos;<\/li>\n<li class=\"section-content\">a la capa media(m\u00fasculo) y a 3 hasta 6 ganglios linf\u00e1ticos;<\/li>\n<li class=\"section-content\">a la capa externa(subserosa) y a 1 a 2 ganglios linf\u00e1ticos;<\/li>\n<li class=\"section-content\">a la serosa (el recubrimiento externo del est\u00f3mago), pero a ning\u00fan ganglio linf\u00e1tico.<\/li>\n<\/ul>\n<h5 class=\"section-title\">Tratamiento<\/h5>\n<ul>\n<li class=\"section-content\">Quimioterapia seguida de gastrectom\u00eda total o parcial. Quimioterapia o quimiorradiaci\u00f3n seguidas de cirug\u00eda.<\/li>\n<\/ul>\n<hr class=\"hidden-title\" \/>\n<p><\/div>\n<div id=\"tabs-245\"><\/p>\n<h4 class=\"section-title hidden-title\">Estadio IIIa<\/h4>\n<p><a title=\"Click Image to Enlarge.\" href=\"\/wp-content\/uploads\/2014\/05\/Stomach-Cancer-Stage-IIIA-FINAL.jpg\"><img decoding=\"async\" class=\"aligncenter\" src=\"\/wp-content\/uploads\/2014\/05\/Stomach-Cancer-Stage-IIIA-FINAL.jpg\" alt=\"Estadio IIIa\" \/><\/a><\/p>\n<h5 class=\"section-title\">Descripci\u00f3n<\/h5>\n<p class=\"section-content\">El c\u00e1ncer se ha propagado:<\/p>\n<ul>\n<li class=\"section-content\">capa media (m\u00fasculo) y de 7 a 15 ganglios linf\u00e1ticos;<\/li>\n<li class=\"section-content\">capa externa (subserosa) y 3 a 6 ganglios linf\u00e1ticos;<\/li>\n<li class=\"section-content\">a la serosa (el recubrimiento externo del est\u00f3mago) y a 1 a 6 ganglios linf\u00e1ticos.<\/li>\n<li class=\"section-content\">\u00f3rganos cercanos como el bazo, el colon, el h\u00edgado, el diafragma, el p\u00e1ncreas, el intestino delgado o el ri\u00f1\u00f3n.<\/li>\n<\/ul>\n<h5 class=\"section-title\">Tratamiento<\/h5>\n<ul>\n<li class=\"section-content\">Quimioterapia seguida de gastrectom\u00eda total o parcial. Quimioterapia o quimiorradiaci\u00f3n seguidas de cirug\u00eda.<\/li>\n<\/ul>\n<hr class=\"hidden-title\" \/>\n<p><\/div>\n<div id=\"tabs-246\"><\/p>\n<h4 class=\"section-title hidden-title\">Estadio IIIb<\/h4>\n<p><a title=\"Click Image to Enlarge.\" href=\"\/wp-content\/uploads\/2014\/05\/Stomach-Cancer-Stage-IIIB-FINAL.jpg\"><img decoding=\"async\" class=\"aligncenter\" style=\"max-height: 160px;\" src=\"\/wp-content\/uploads\/2014\/05\/Stomach-Cancer-Stage-IIIB-FINAL.jpg\" alt=\"Estadio IIIb\" \/><\/a><\/p>\n<h5 class=\"section-title\">Descripci\u00f3n<\/h5>\n<p class=\"section-content\">El c\u00e1ncer se ha propagado:<\/p>\n<ul>\n<li class=\"section-content\">capa interna (mucosa) o media (m\u00fasculo) y 16 o m\u00e1s ganglios linf\u00e1ticos;<\/li>\n<li class=\"section-content\">capa externa (subserosa) o serosa (cubierta externa del est\u00f3mago) y de 7 a 15 ganglios linf\u00e1ticos;<\/li>\n<li class=\"section-content\">\u00f3rganos o estructuras cercanas y de 1 a 6 ganglios linf\u00e1ticos.<\/li>\n<\/ul>\n<h5 class=\"section-title\">Tratamiento<\/h5>\n<ul>\n<li class=\"section-content\">Quimioterapia seguida de gastrectom\u00eda total o parcial. Quimioterapia o quimiorradiaci\u00f3n seguidas de cirug\u00eda.<\/li>\n<\/ul>\n<hr class=\"hidden-title\" \/>\n<p><\/div>\n<div id=\"tabs-247\"><\/p>\n<h4 class=\"section-title hidden-title\">Estadio IIIc<\/h4>\n<p><a title=\"Click Image to Enlarge.\" href=\"\/wp-content\/uploads\/2014\/05\/Stomach-Cancer-Stage-IIIC-FINAL.jpg\"><img decoding=\"async\" class=\"aligncenter\" style=\"max-height: 160px;\" src=\"\/wp-content\/uploads\/2014\/05\/Stomach-Cancer-Stage-IIIC-FINAL.jpg\" alt=\"Estadio IIIc\" \/><\/a><\/p>\n<h5 class=\"section-title\">Descripci\u00f3n<\/h5>\n<p class=\"section-content\">El c\u00e1ncer se ha propagado a:<\/p>\n<ul>\n<li class=\"section-content\">capa externa (subserosa) o serosa (cubierta externa del est\u00f3mago) y 16 o m\u00e1s ganglios linf\u00e1ticos;<\/li>\n<li class=\"section-content\">\u00f3rganos o estructuras cercanas y 7 o m\u00e1s ganglios linf\u00e1ticos.<\/li>\n<\/ul>\n<h5 class=\"section-title\">Tratamiento<\/h5>\n<ul>\n<li class=\"section-content\">Quimioterapia seguida de gastrectom\u00eda total o parcial. Quimioterapia o quimiorradiaci\u00f3n seguidas de cirug\u00eda.<\/li>\n<\/ul>\n<hr class=\"hidden-title\" \/>\n<p><\/div>\n<div id=\"tabs-248\"><\/p>\n<h4 class=\"section-title hidden-title\">Estadio IV<\/h4>\n<p><a title=\"Click Image to Enlarge.\" href=\"\/wp-content\/uploads\/2019\/01\/Screen-Shot-2019-01-04-at-9.55.51-AM.png\"><img decoding=\"async\" class=\"aligncenter\" style=\"max-height: 300px;\" src=\"\/wp-content\/uploads\/2019\/01\/Screen-Shot-2019-01-04-at-9.55.51-AM.png\" alt=\"Stage 4\" \/><\/a><\/p>\n<h5 class=\"section-title\">Descripci\u00f3n<\/h5>\n<ul>\n<li class=\"section-content\">El c\u00e1ncer se ha propagado a \u00f3rganos distantes o a otras partes del cuerpo.<\/li>\n<\/ul>\n<h5 class=\"section-title\">Tratamiento<\/h5>\n<ul>\n<li class=\"section-content\">Quimioterapia paliativa, ensayos cl\u00ednicos.<br \/>\nEn raras ocasiones, se puede necesitar cirug\u00eda paliativa o radioterapia para aliviar los s\u00edntomas.<\/li>\n<\/ul>\n<hr class=\"hidden-title\" \/>\n<p><\/div><\/div><\/div>\n\n\n\n<div class=\"clearboth\">&nbsp;<\/div>\n\n\n<div class=\"space\" style=\"clear:both; height:25px;\"><\/div>\n","protected":false},"excerpt":{"rendered":"<p>&nbsp;<\/p>\n","protected":false},"author":5,"featured_media":0,"parent":14987,"menu_order":5,"comment_status":"closed","ping_status":"open","template":"template-tumor.php","meta":{"footnotes":""},"tags":[10],"class_list":["post-15022","page","type-page","status-publish","hentry","tag-members-only"],"yoast_head":"<!-- This site is optimized with the Yoast SEO plugin v25.0 - https:\/\/yoast.com\/wordpress\/plugins\/seo\/ -->\n<title>CMedEd | Informaci\u00f3n para comprender el c\u00e1ncer de est\u00f3mago | Estadificaci\u00f3n<\/title>\n<meta name=\"description\" content=\"Estadificaci\u00f3n La estadificaci\u00f3n es un proceso que le indica al m\u00e9dico si el c\u00e1ncer se ha diseminado y, en caso de que as\u00ed sea, en qu\u00e9 medida. Es uno de\" \/>\n<meta name=\"robots\" content=\"index, follow, max-snippet:-1, max-image-preview:large, max-video-preview:-1\" \/>\n<link rel=\"canonical\" href=\"https:\/\/cmeded.com\/es\/gastrointestinal\/understanding-stomach-cancer\/staging\/\" \/>\n<meta property=\"og:locale\" content=\"es_ES\" \/>\n<meta property=\"og:type\" content=\"article\" \/>\n<meta property=\"og:title\" content=\"CMedEd | Informaci\u00f3n para comprender el c\u00e1ncer de est\u00f3mago | Estadificaci\u00f3n\" \/>\n<meta property=\"og:description\" content=\"Estadificaci\u00f3n La estadificaci\u00f3n es un proceso que le indica al m\u00e9dico si el c\u00e1ncer se ha diseminado y, en caso de que as\u00ed sea, en qu\u00e9 medida. Es uno de\" \/>\n<meta property=\"og:url\" content=\"https:\/\/cmeded.com\/es\/gastrointestinal\/understanding-stomach-cancer\/staging\/\" \/>\n<meta property=\"og:site_name\" content=\"CMedEd\" \/>\n<meta property=\"article:modified_time\" content=\"2023-08-24T23:49:37+00:00\" \/>\n<meta name=\"twitter:card\" content=\"summary_large_image\" \/>\n<meta name=\"twitter:label1\" content=\"Tiempo de lectura\" \/>\n\t<meta name=\"twitter:data1\" content=\"5 minutos\" \/>\n<script type=\"application\/ld+json\" class=\"yoast-schema-graph\">{\"@context\":\"https:\/\/schema.org\",\"@graph\":[{\"@type\":\"WebPage\",\"@id\":\"https:\/\/cmeded.com\/es\/gastrointestinal\/understanding-stomach-cancer\/staging\/\",\"url\":\"https:\/\/cmeded.com\/es\/gastrointestinal\/understanding-stomach-cancer\/staging\/\",\"name\":\"CMedEd | Informaci\u00f3n para comprender el c\u00e1ncer de est\u00f3mago | Estadificaci\u00f3n\",\"isPartOf\":{\"@id\":\"https:\/\/cmeded.com\/es\/#website\"},\"datePublished\":\"2014-02-19T15:44:38+00:00\",\"dateModified\":\"2023-08-24T23:49:37+00:00\",\"description\":\"Estadificaci\u00f3n La estadificaci\u00f3n es un proceso que le indica al m\u00e9dico si el c\u00e1ncer se ha diseminado y, en caso de que as\u00ed sea, en qu\u00e9 medida. Es uno de\",\"breadcrumb\":{\"@id\":\"https:\/\/cmeded.com\/es\/gastrointestinal\/understanding-stomach-cancer\/staging\/#breadcrumb\"},\"inLanguage\":\"es\",\"potentialAction\":[{\"@type\":\"ReadAction\",\"target\":[\"https:\/\/cmeded.com\/es\/gastrointestinal\/understanding-stomach-cancer\/staging\/\"]}]},{\"@type\":\"BreadcrumbList\",\"@id\":\"https:\/\/cmeded.com\/es\/gastrointestinal\/understanding-stomach-cancer\/staging\/#breadcrumb\",\"itemListElement\":[{\"@type\":\"ListItem\",\"position\":1,\"name\":\"Home\",\"item\":\"https:\/\/cmeded.com\/es\/\"},{\"@type\":\"ListItem\",\"position\":2,\"name\":\"Gastrointestinal\",\"item\":\"https:\/\/cmeded.com\/es\/gastrointestinal\/\"},{\"@type\":\"ListItem\",\"position\":3,\"name\":\"Informaci\u00f3n para comprender el c\u00e1ncer de est\u00f3mago\",\"item\":\"https:\/\/cmeded.com\/es\/gastrointestinal\/understanding-stomach-cancer\/\"},{\"@type\":\"ListItem\",\"position\":4,\"name\":\"Estadificaci\u00f3n\"}]},{\"@type\":\"WebSite\",\"@id\":\"https:\/\/cmeded.com\/es\/#website\",\"url\":\"https:\/\/cmeded.com\/es\/\",\"name\":\"CMedEd\",\"description\":\"Recurso principal de informaci\u00f3n sobre el c\u00e1ncer\",\"potentialAction\":[{\"@type\":\"SearchAction\",\"target\":{\"@type\":\"EntryPoint\",\"urlTemplate\":\"https:\/\/cmeded.com\/es\/?s={search_term_string}\"},\"query-input\":{\"@type\":\"PropertyValueSpecification\",\"valueRequired\":true,\"valueName\":\"search_term_string\"}}],\"inLanguage\":\"es\"}]}<\/script>\n<!-- \/ Yoast SEO plugin. -->","yoast_head_json":{"title":"CMedEd | Informaci\u00f3n para comprender el c\u00e1ncer de est\u00f3mago | Estadificaci\u00f3n","description":"Estadificaci\u00f3n La estadificaci\u00f3n es un proceso que le indica al m\u00e9dico si el c\u00e1ncer se ha diseminado y, en caso de que as\u00ed sea, en qu\u00e9 medida. Es uno de","robots":{"index":"index","follow":"follow","max-snippet":"max-snippet:-1","max-image-preview":"max-image-preview:large","max-video-preview":"max-video-preview:-1"},"canonical":"https:\/\/cmeded.com\/es\/gastrointestinal\/understanding-stomach-cancer\/staging\/","og_locale":"es_ES","og_type":"article","og_title":"CMedEd | Informaci\u00f3n para comprender el c\u00e1ncer de est\u00f3mago | Estadificaci\u00f3n","og_description":"Estadificaci\u00f3n La estadificaci\u00f3n es un proceso que le indica al m\u00e9dico si el c\u00e1ncer se ha diseminado y, en caso de que as\u00ed sea, en qu\u00e9 medida. Es uno de","og_url":"https:\/\/cmeded.com\/es\/gastrointestinal\/understanding-stomach-cancer\/staging\/","og_site_name":"CMedEd","article_modified_time":"2023-08-24T23:49:37+00:00","twitter_card":"summary_large_image","twitter_misc":{"Tiempo de lectura":"5 minutos"},"schema":{"@context":"https:\/\/schema.org","@graph":[{"@type":"WebPage","@id":"https:\/\/cmeded.com\/es\/gastrointestinal\/understanding-stomach-cancer\/staging\/","url":"https:\/\/cmeded.com\/es\/gastrointestinal\/understanding-stomach-cancer\/staging\/","name":"CMedEd | Informaci\u00f3n para comprender el c\u00e1ncer de est\u00f3mago | Estadificaci\u00f3n","isPartOf":{"@id":"https:\/\/cmeded.com\/es\/#website"},"datePublished":"2014-02-19T15:44:38+00:00","dateModified":"2023-08-24T23:49:37+00:00","description":"Estadificaci\u00f3n La estadificaci\u00f3n es un proceso que le indica al m\u00e9dico si el c\u00e1ncer se ha diseminado y, en caso de que as\u00ed sea, en qu\u00e9 medida. Es uno de","breadcrumb":{"@id":"https:\/\/cmeded.com\/es\/gastrointestinal\/understanding-stomach-cancer\/staging\/#breadcrumb"},"inLanguage":"es","potentialAction":[{"@type":"ReadAction","target":["https:\/\/cmeded.com\/es\/gastrointestinal\/understanding-stomach-cancer\/staging\/"]}]},{"@type":"BreadcrumbList","@id":"https:\/\/cmeded.com\/es\/gastrointestinal\/understanding-stomach-cancer\/staging\/#breadcrumb","itemListElement":[{"@type":"ListItem","position":1,"name":"Home","item":"https:\/\/cmeded.com\/es\/"},{"@type":"ListItem","position":2,"name":"Gastrointestinal","item":"https:\/\/cmeded.com\/es\/gastrointestinal\/"},{"@type":"ListItem","position":3,"name":"Informaci\u00f3n para comprender el c\u00e1ncer de est\u00f3mago","item":"https:\/\/cmeded.com\/es\/gastrointestinal\/understanding-stomach-cancer\/"},{"@type":"ListItem","position":4,"name":"Estadificaci\u00f3n"}]},{"@type":"WebSite","@id":"https:\/\/cmeded.com\/es\/#website","url":"https:\/\/cmeded.com\/es\/","name":"CMedEd","description":"Recurso principal de informaci\u00f3n sobre el c\u00e1ncer","potentialAction":[{"@type":"SearchAction","target":{"@type":"EntryPoint","urlTemplate":"https:\/\/cmeded.com\/es\/?s={search_term_string}"},"query-input":{"@type":"PropertyValueSpecification","valueRequired":true,"valueName":"search_term_string"}}],"inLanguage":"es"}]}},"_links":{"self":[{"href":"https:\/\/cmeded.com\/es\/wp-json\/wp\/v2\/pages\/15022","targetHints":{"allow":["GET"]}}],"collection":[{"href":"https:\/\/cmeded.com\/es\/wp-json\/wp\/v2\/pages"}],"about":[{"href":"https:\/\/cmeded.com\/es\/wp-json\/wp\/v2\/types\/page"}],"author":[{"embeddable":true,"href":"https:\/\/cmeded.com\/es\/wp-json\/wp\/v2\/users\/5"}],"replies":[{"embeddable":true,"href":"https:\/\/cmeded.com\/es\/wp-json\/wp\/v2\/comments?post=15022"}],"version-history":[{"count":0,"href":"https:\/\/cmeded.com\/es\/wp-json\/wp\/v2\/pages\/15022\/revisions"}],"up":[{"embeddable":true,"href":"https:\/\/cmeded.com\/es\/wp-json\/wp\/v2\/pages\/14987"}],"wp:attachment":[{"href":"https:\/\/cmeded.com\/es\/wp-json\/wp\/v2\/media?parent=15022"}],"wp:term":[{"taxonomy":"post_tag","embeddable":true,"href":"https:\/\/cmeded.com\/es\/wp-json\/wp\/v2\/tags?post=15022"}],"curies":[{"name":"wp","href":"https:\/\/api.w.org\/{rel}","templated":true}]}}