{"id":15005,"date":"2014-02-18T16:46:58","date_gmt":"2014-02-18T22:46:58","guid":{"rendered":"http:\/\/www.cmeded.com\/?page_id=15005"},"modified":"2023-08-24T18:49:37","modified_gmt":"2023-08-24T23:49:37","slug":"symptoms","status":"publish","type":"page","link":"https:\/\/cmeded.com\/es\/gastrointestinal\/understanding-stomach-cancer\/symptoms\/","title":{"rendered":"S\u00edntomas"},"content":{"rendered":"<h4 class=\"section-title\">S\u00edntomas<\/h4>\n<p class=\"section-content\">Desafortunadamente, el c\u00e1ncer de est\u00f3mago raramente genera s\u00edntomas en sus etapas iniciales, haciendo que esta enfermedad, a menudo, se detecte en estadio avanzado.  Adem\u00e1s, los s\u00edntomas que pueden aparecer son bastante comunes, no son espec\u00edficos, y pueden confundirse f\u00e1cilmente con condiciones menos graves.  El c\u00e1ncer de est\u00f3mago, a menudo, alcanza una etapa avanzada o incluso puede extenderse a otros sitios antes del diagn\u00f3stico.  Los signos y s\u00edntomas del c\u00e1ncer de est\u00f3mago en estadio inicial, pueden incluir:<\/p>\n\n\n<div class=\"one_half\">\n\n\n\n<div class=\"divider\" id=\"\">\n\t\n\t<\/div>\n<div class=\"risk-factor\">\n<div class=\"symp-pic\"><img decoding=\"async\" class=\"aligncenter\" style=\"height: 125px;\" src=\"\/wp-content\/uploads\/2013\/01\/Heartburn3.jpg\" alt=\"Ardor de est\u00f3mago o indigesti\u00f3n\" \/><\/div>\n<div>\n<h5 class=\"section-title\">Heartburn and indigestion<\/h5>\n<\/div>\n<div class=\"clearboth\"><\/div>\n<\/div>\n\n\n<div class=\"divider\" id=\"\">\n\t\n\t<\/div>\n\n\n\n<div class=\"risk-factor\">\n<div class=\"symp-pic\"><img decoding=\"async\" class=\"aligncenter\" style=\"height: 125px;\" src=\"\/wp-content\/uploads\/2013\/01\/StomachDiscomfort.jpg\" alt=\"Stomach discomfort\" \/><\/div>\n<div>\n<h5 class=\"section-title\">Malestar inexplicable en la parte superior del abdomen<\/h5>\n<\/div>\n<div class=\"clearboth\"><\/div>\n<\/div>\n\n\n<div class=\"divider\" id=\"\">\n\t\n\t<\/div>\n\n\n\n<div class=\"risk-factor\">\n<div class=\"symp-pic\"><img decoding=\"async\" class=\"aligncenter\" style=\"height: 125px;\" src=\"\/wp-content\/uploads\/2013\/02\/NewBloating150.jpg\" alt=\"Feeling bloated after eating\" \/><\/div>\n<div>\n<h5 class=\"section-title\">Nueva aparici\u00f3n de sensaci\u00f3n de hinchaz\u00f3n o de sentirse inusualmente lleno despu\u00e9s de comer<\/h5>\n<\/div>\n<div class=\"clearboth\"><\/div>\n<\/div>\n\n\n<div class=\"divider\" id=\"\">\n\t\n\t<\/div>\n\n\n<\/div>\n<div class=\"one_half last\">\n<div class=\"divider\" id=\"remove-divider\">\n\t\n\t<\/div>\n\n\n\n<div class=\"risk-factor\">\n<div class=\"symp-pic\"><img decoding=\"async\" class=\"aligncenter\" style=\"height: 125px;\" src=\"\/wp-content\/uploads\/2013\/03\/Poor-Appetite-169x2001.jpg\" alt=\"Poor appetite\" \/><\/div>\n<div>\n<h5 class=\"section-title\">Poco apetito<\/h5>\n<\/div>\n<div class=\"clearboth\"><\/div>\n<\/div>\n\n\n<div class=\"divider\" id=\"\">\n\t\n\t<\/div>\n\n\n\n<div class=\"risk-factor\">\n<div class=\"symp-pic\"><img decoding=\"async\" class=\"aligncenter\" style=\"height: 125px;\" src=\"\/wp-content\/uploads\/2013\/03\/Vomiting90x160.jpg\" alt=\"Nausea\" \/><\/div>\n<div>\n<h5 class=\"section-title\">N\u00e1useas<\/h5>\n<\/div>\n<div class=\"clearboth\"><\/div>\n<\/div>\n<div class=\"risk-factor\">\n<div class=\"clearboth\"><\/div>\n<\/div>\n\n\n<div class=\"divider\" id=\"\">\n\t\n\t<\/div>\n\n\n<\/div>\n<div class=\"clearboth\"><\/div>\n<h5 class=\"section-title\">Una vez que la enfermedad ha avanzado a una etapa mas avanzada, los pacientes pueden experimentar los siguientes s\u00edntomas:<\/h5>\n<div class=\"one_half\">\n\n\n<div class=\"divider\" id=\"\">\n\t\n\t<\/div>\n\n\n\n<div class=\"risk-factor\">\n<div class=\"symp-pic\"><img decoding=\"async\" class=\"aligncenter\" style=\"height: 125px;\" src=\"\/wp-content\/uploads\/2021\/06\/black_obese_legs.jpg\" alt=\"Unintentional weight loss\" \/><\/div>\n<div>\n<h5 class=\"section-title\">P\u00e9rdida de peso involuntaria<\/h5>\n<\/div>\n<div class=\"clearboth\"><\/div>\n<\/div>\n\n\n<div class=\"divider\" id=\"\">\n\t\n\t<\/div>\n\n\n\n<div class=\"risk-factor\">\n<div class=\"symp-pic\"><img decoding=\"async\" class=\"aligncenter\" style=\"height: 125px;\" src=\"\/wp-content\/uploads\/2013\/02\/BloodyStool.jpg\" alt=\"Black or bloody stools\" \/><\/div>\n<div>\n<h5 class=\"section-title\">Heces negras o con sangre.<\/h5>\n<\/div>\n<div class=\"clearboth\"><\/div>\n<\/div>\n\n\n<div class=\"divider\" id=\"\">\n\t\n\t<\/div>\n\n\n\n<div class=\"risk-factor\">\n<div class=\"symp-pic\"><img decoding=\"async\" class=\"aligncenter\" style=\"height: 125px;\" src=\"\/wp-content\/uploads\/2013\/03\/Vomiting90x160.jpg\" alt=\"Vomiting or vomiting blood\" \/><\/div>\n<div>\n<h5 class=\"section-title\">V\u00f3mitos o v\u00f3mitos con sangre<\/h5>\n<\/div>\n<div class=\"clearboth\"><\/div>\n<\/div>\n\n\n<div class=\"divider\" id=\"\">\n\t\n\t<\/div>\n\n\n\n<div class=\"risk-factor\">\n<div class=\"symp-pic\"><img decoding=\"async\" class=\"aligncenter\" style=\"height: 125px;\" src=\"\/wp-content\/uploads\/2013\/03\/Swelling150.png\" alt=\"Swelling in the abdomen\" \/><\/div>\n<div>\n<h5 class=\"section-title\">Hinchaz\u00f3n abdominal<\/h5>\n<\/div>\n<div class=\"clearboth\"><\/div>\n<\/div>\n\n\n<div class=\"divider\" id=\"\">\n\t\n\t<\/div>\n\n\n<\/div>\n<div class=\"one_half last\">\n<div class=\"divider\" id=\"remove-divider\">\n\t\n\t<\/div>\n\n\n\n<div class=\"risk-factor\">\n<div class=\"symp-pic\"><img decoding=\"async\" class=\"aligncenter\" style=\"height: 125px;\" src=\"\/wp-content\/uploads\/2013\/01\/Heartburn3.jpg\" alt=\"Discomfort in the upper abdomen\" \/><\/div>\n<div>\n<h5 class=\"section-title\">Molestia en la parte superior del abdomen<\/h5>\n<\/div>\n<div class=\"clearboth\"><\/div>\n<\/div>\n\n\n<div class=\"divider\" id=\"\">\n\t\n\t<\/div>\n\n\n\n<div class=\"risk-factor\">\n<div class=\"symp-pic\"><img decoding=\"async\" class=\"aligncenter\" style=\"height: 125px;\" src=\"\/wp-content\/uploads\/2013\/01\/Fatigue2.jpg\" alt=\"Anemia, weakness, or fatigue\" \/><\/div>\n<div>\n<h5 class=\"section-title\">Anemia, debilidad y cansancio<\/h5>\n<\/div>\n<div class=\"clearboth\"><\/div>\n<\/div>\n\n\n<div class=\"divider\" id=\"\">\n\t\n\t<\/div>\n\n\n\n<div class=\"risk-factor\">\n<div class=\"symp-pic\"><img decoding=\"async\" class=\"aligncenter\" style=\"height: 125px;\" src=\"\/wp-content\/uploads\/2013\/02\/Sore-Throat1.jpg\" alt=\"Difficulty swallowing\" \/><\/div>\n<div>\n<h5 class=\"section-title\">Dificultad para tragar<\/h5>\n<\/div>\n<div class=\"clearboth\"><\/div>\n<\/div>\n\n\n<div class=\"divider\" id=\"\">\n\t\n\t<\/div>\n\n\n<\/div>\n<div class=\"clearboth\"><\/div>\n","protected":false},"excerpt":{"rendered":"<p>Heartburn and indigestion Malestar inexplicable en la parte superior del abdomen Nueva aparici\u00f3n de sensaci\u00f3n de hinchaz\u00f3n o de sentirse inusualmente lleno despu\u00e9s de comer Poco apetito N\u00e1useas P\u00e9rdida de peso involuntaria Heces negras o con sangre. V\u00f3mitos o v\u00f3mitos con sangre Hinchaz\u00f3n abdominal Molestia en la parte superior del abdomen Anemia, debilidad y cansancio [&hellip;]<\/p>\n","protected":false},"author":5,"featured_media":0,"parent":14987,"menu_order":3,"comment_status":"closed","ping_status":"open","template":"template-tumor.php","meta":{"footnotes":""},"tags":[10],"class_list":["post-15005","page","type-page","status-publish","hentry","tag-members-only"],"yoast_head":"<!-- This site is optimized with the Yoast SEO plugin v25.0 - https:\/\/yoast.com\/wordpress\/plugins\/seo\/ -->\n<title>CMedEd | Informaci\u00f3n para comprender el c\u00e1ncer de est\u00f3mago | S\u00edntomas<\/title>\n<meta name=\"description\" content=\"S\u00edntomas Desafortunadamente, el c\u00e1ncer de est\u00f3mago raramente genera s\u00edntomas en sus etapas iniciales, haciendo que esta enfermedad, a menudo, se detecte\" \/>\n<meta name=\"robots\" content=\"index, follow, max-snippet:-1, max-image-preview:large, max-video-preview:-1\" \/>\n<link rel=\"canonical\" href=\"https:\/\/cmeded.com\/es\/gastrointestinal\/understanding-stomach-cancer\/symptoms\/\" \/>\n<meta property=\"og:locale\" content=\"es_ES\" \/>\n<meta property=\"og:type\" content=\"article\" \/>\n<meta property=\"og:title\" content=\"CMedEd | Informaci\u00f3n para comprender el c\u00e1ncer de est\u00f3mago | S\u00edntomas\" \/>\n<meta property=\"og:description\" content=\"S\u00edntomas Desafortunadamente, el c\u00e1ncer de est\u00f3mago raramente genera s\u00edntomas en sus etapas iniciales, haciendo que esta enfermedad, a menudo, se detecte\" \/>\n<meta property=\"og:url\" content=\"https:\/\/cmeded.com\/es\/gastrointestinal\/understanding-stomach-cancer\/symptoms\/\" \/>\n<meta property=\"og:site_name\" content=\"CMedEd\" \/>\n<meta property=\"article:modified_time\" content=\"2023-08-24T23:49:37+00:00\" \/>\n<meta name=\"twitter:card\" content=\"summary_large_image\" \/>\n<meta name=\"twitter:label1\" content=\"Tiempo de lectura\" \/>\n\t<meta name=\"twitter:data1\" content=\"4 minutos\" \/>\n<script type=\"application\/ld+json\" class=\"yoast-schema-graph\">{\"@context\":\"https:\/\/schema.org\",\"@graph\":[{\"@type\":\"WebPage\",\"@id\":\"https:\/\/cmeded.com\/es\/gastrointestinal\/understanding-stomach-cancer\/symptoms\/\",\"url\":\"https:\/\/cmeded.com\/es\/gastrointestinal\/understanding-stomach-cancer\/symptoms\/\",\"name\":\"CMedEd | Informaci\u00f3n para comprender el c\u00e1ncer de est\u00f3mago | S\u00edntomas\",\"isPartOf\":{\"@id\":\"https:\/\/cmeded.com\/es\/#website\"},\"datePublished\":\"2014-02-18T22:46:58+00:00\",\"dateModified\":\"2023-08-24T23:49:37+00:00\",\"description\":\"S\u00edntomas Desafortunadamente, el c\u00e1ncer de est\u00f3mago raramente genera s\u00edntomas en sus etapas iniciales, haciendo que esta enfermedad, a menudo, se detecte\",\"breadcrumb\":{\"@id\":\"https:\/\/cmeded.com\/es\/gastrointestinal\/understanding-stomach-cancer\/symptoms\/#breadcrumb\"},\"inLanguage\":\"es\",\"potentialAction\":[{\"@type\":\"ReadAction\",\"target\":[\"https:\/\/cmeded.com\/es\/gastrointestinal\/understanding-stomach-cancer\/symptoms\/\"]}]},{\"@type\":\"BreadcrumbList\",\"@id\":\"https:\/\/cmeded.com\/es\/gastrointestinal\/understanding-stomach-cancer\/symptoms\/#breadcrumb\",\"itemListElement\":[{\"@type\":\"ListItem\",\"position\":1,\"name\":\"Home\",\"item\":\"https:\/\/cmeded.com\/es\/\"},{\"@type\":\"ListItem\",\"position\":2,\"name\":\"Gastrointestinal\",\"item\":\"https:\/\/cmeded.com\/es\/gastrointestinal\/\"},{\"@type\":\"ListItem\",\"position\":3,\"name\":\"Informaci\u00f3n para comprender el c\u00e1ncer de est\u00f3mago\",\"item\":\"https:\/\/cmeded.com\/es\/gastrointestinal\/understanding-stomach-cancer\/\"},{\"@type\":\"ListItem\",\"position\":4,\"name\":\"S\u00edntomas\"}]},{\"@type\":\"WebSite\",\"@id\":\"https:\/\/cmeded.com\/es\/#website\",\"url\":\"https:\/\/cmeded.com\/es\/\",\"name\":\"CMedEd\",\"description\":\"Recurso principal de informaci\u00f3n sobre el c\u00e1ncer\",\"potentialAction\":[{\"@type\":\"SearchAction\",\"target\":{\"@type\":\"EntryPoint\",\"urlTemplate\":\"https:\/\/cmeded.com\/es\/?s={search_term_string}\"},\"query-input\":{\"@type\":\"PropertyValueSpecification\",\"valueRequired\":true,\"valueName\":\"search_term_string\"}}],\"inLanguage\":\"es\"}]}<\/script>\n<!-- \/ Yoast SEO plugin. -->","yoast_head_json":{"title":"CMedEd | Informaci\u00f3n para comprender el c\u00e1ncer de est\u00f3mago | S\u00edntomas","description":"S\u00edntomas Desafortunadamente, el c\u00e1ncer de est\u00f3mago raramente genera s\u00edntomas en sus etapas iniciales, haciendo que esta enfermedad, a menudo, se detecte","robots":{"index":"index","follow":"follow","max-snippet":"max-snippet:-1","max-image-preview":"max-image-preview:large","max-video-preview":"max-video-preview:-1"},"canonical":"https:\/\/cmeded.com\/es\/gastrointestinal\/understanding-stomach-cancer\/symptoms\/","og_locale":"es_ES","og_type":"article","og_title":"CMedEd | Informaci\u00f3n para comprender el c\u00e1ncer de est\u00f3mago | S\u00edntomas","og_description":"S\u00edntomas Desafortunadamente, el c\u00e1ncer de est\u00f3mago raramente genera s\u00edntomas en sus etapas iniciales, haciendo que esta enfermedad, a menudo, se detecte","og_url":"https:\/\/cmeded.com\/es\/gastrointestinal\/understanding-stomach-cancer\/symptoms\/","og_site_name":"CMedEd","article_modified_time":"2023-08-24T23:49:37+00:00","twitter_card":"summary_large_image","twitter_misc":{"Tiempo de lectura":"4 minutos"},"schema":{"@context":"https:\/\/schema.org","@graph":[{"@type":"WebPage","@id":"https:\/\/cmeded.com\/es\/gastrointestinal\/understanding-stomach-cancer\/symptoms\/","url":"https:\/\/cmeded.com\/es\/gastrointestinal\/understanding-stomach-cancer\/symptoms\/","name":"CMedEd | Informaci\u00f3n para comprender el c\u00e1ncer de est\u00f3mago | S\u00edntomas","isPartOf":{"@id":"https:\/\/cmeded.com\/es\/#website"},"datePublished":"2014-02-18T22:46:58+00:00","dateModified":"2023-08-24T23:49:37+00:00","description":"S\u00edntomas Desafortunadamente, el c\u00e1ncer de est\u00f3mago raramente genera s\u00edntomas en sus etapas iniciales, haciendo que esta enfermedad, a menudo, se detecte","breadcrumb":{"@id":"https:\/\/cmeded.com\/es\/gastrointestinal\/understanding-stomach-cancer\/symptoms\/#breadcrumb"},"inLanguage":"es","potentialAction":[{"@type":"ReadAction","target":["https:\/\/cmeded.com\/es\/gastrointestinal\/understanding-stomach-cancer\/symptoms\/"]}]},{"@type":"BreadcrumbList","@id":"https:\/\/cmeded.com\/es\/gastrointestinal\/understanding-stomach-cancer\/symptoms\/#breadcrumb","itemListElement":[{"@type":"ListItem","position":1,"name":"Home","item":"https:\/\/cmeded.com\/es\/"},{"@type":"ListItem","position":2,"name":"Gastrointestinal","item":"https:\/\/cmeded.com\/es\/gastrointestinal\/"},{"@type":"ListItem","position":3,"name":"Informaci\u00f3n para comprender el c\u00e1ncer de est\u00f3mago","item":"https:\/\/cmeded.com\/es\/gastrointestinal\/understanding-stomach-cancer\/"},{"@type":"ListItem","position":4,"name":"S\u00edntomas"}]},{"@type":"WebSite","@id":"https:\/\/cmeded.com\/es\/#website","url":"https:\/\/cmeded.com\/es\/","name":"CMedEd","description":"Recurso principal de informaci\u00f3n sobre el c\u00e1ncer","potentialAction":[{"@type":"SearchAction","target":{"@type":"EntryPoint","urlTemplate":"https:\/\/cmeded.com\/es\/?s={search_term_string}"},"query-input":{"@type":"PropertyValueSpecification","valueRequired":true,"valueName":"search_term_string"}}],"inLanguage":"es"}]}},"_links":{"self":[{"href":"https:\/\/cmeded.com\/es\/wp-json\/wp\/v2\/pages\/15005","targetHints":{"allow":["GET"]}}],"collection":[{"href":"https:\/\/cmeded.com\/es\/wp-json\/wp\/v2\/pages"}],"about":[{"href":"https:\/\/cmeded.com\/es\/wp-json\/wp\/v2\/types\/page"}],"author":[{"embeddable":true,"href":"https:\/\/cmeded.com\/es\/wp-json\/wp\/v2\/users\/5"}],"replies":[{"embeddable":true,"href":"https:\/\/cmeded.com\/es\/wp-json\/wp\/v2\/comments?post=15005"}],"version-history":[{"count":0,"href":"https:\/\/cmeded.com\/es\/wp-json\/wp\/v2\/pages\/15005\/revisions"}],"up":[{"embeddable":true,"href":"https:\/\/cmeded.com\/es\/wp-json\/wp\/v2\/pages\/14987"}],"wp:attachment":[{"href":"https:\/\/cmeded.com\/es\/wp-json\/wp\/v2\/media?parent=15005"}],"wp:term":[{"taxonomy":"post_tag","embeddable":true,"href":"https:\/\/cmeded.com\/es\/wp-json\/wp\/v2\/tags?post=15005"}],"curies":[{"name":"wp","href":"https:\/\/api.w.org\/{rel}","templated":true}]}}