{"id":14926,"date":"2014-02-18T15:09:43","date_gmt":"2014-02-18T21:09:43","guid":{"rendered":"http:\/\/www.cmeded.com\/?page_id=14926"},"modified":"2025-03-25T00:08:33","modified_gmt":"2025-03-25T05:08:33","slug":"treatment","status":"publish","type":"page","link":"https:\/\/cmeded.com\/es\/childhood\/understanding-hepatoblastoma\/treatment\/","title":{"rendered":"Tratamiento"},"content":{"rendered":"<h4 class=\"section-title\">Tratamiento<\/h4>\n<p class=\"section-content\">El tratamiento del hepatoblastoma depende de la edad, la salud y el historial m\u00e9dico del paciente, as\u00ed como del estadio de la enfermedad y la estratificaci\u00f3n del riesgo. El estado de riesgo est\u00e1 determinado por el estadio y las caracter\u00edsticas del tumor, lo que se denomina histolog\u00eda, y se basa en la patolog\u00eda del tumor despu\u00e9s de la cirug\u00eda, cuando sea posible. La estratificaci\u00f3n del riesgo basada en esta informaci\u00f3n ayuda a mejorar los resultados de salud al identificar aquellos ni\u00f1os que requieren una terapia m\u00e1s intensiva y minimizar su uso cuando sea necesario.<\/p>\n<p class=\"section-content\">Riesgo muy bajo: etapa 1 con histolog\u00eda fetal<\/p>\n<p class=\"section-content\">\u00a0 \u00a0 \u00a0 \u00a0 \u00a0 \u00a0 \u00a0 Es probable que el tratamiento se limite \u00fanicamente a la cirug\u00eda.<\/p>\n<p class=\"section-content\">Etapa 1 de bajo riesgo (otra histolog\u00eda) o Etapa 2 (otra histolog\u00eda)<\/p>\n<p class=\"section-content\">\u00a0 \u00a0 \u00a0 \u00a0 \u00a0 \u00a0 \u00a0 El tratamiento incluir\u00e1 cirug\u00eda para extirpar el tumor y quimioterapia.<\/p>\n<p class=\"section-content\">Estadio de riesgo intermedio 1 o estadio 2 con histolog\u00eda indiferenciada o estadio 3<\/p>\n<p class=\"section-content\">\u00a0 \u00a0 \u00a0 \u00a0 \u00a0 \u00a0 \u00a0 El tratamiento puede incluir quimioterapia de mayor intensidad, cirug\u00eda o trasplante de h\u00edgado.<\/p>\n<p class=\"section-content\">Etapa 4 de alto riesgo o cualquier etapa con niveles bajos de AFP (an\u00e1lisis de sangre) en el momento del diagn\u00f3stico<\/p>\n<p class=\"section-content\">\u00a0 \u00a0 \u00a0 \u00a0 \u00a0 \u00a0 \u00a0 El tratamiento puede incluir quimioterapia de mayor intensidad, radiaci\u00f3n, cirug\u00eda o trasplante de h\u00edgado.<\/p>\n<p>&nbsp;<\/p>\n<p class=\"section-content\">M\u00e1s simplemente, algunos pacientes con enfermedad en etapa 1 y tipos de tumores favorables pueden ser tratados solo con cirug\u00eda, mientras que otros necesitar\u00e1n un tratamiento de mayor intensidad para curar su enfermedad y reducir el riesgo de que el c\u00e1ncer reaparezca.<\/p>\n<p>&nbsp;<\/p>\n<p class=\"section-content\">Estos son algunos de los procedimientos m\u00e1s com\u00fanmente utilizados para tratar el hepatoblastoma:<\/p>\n<div class=\"divider\" id=\"\">\n\t\n\t<\/div>\n<div class=\"risk-factor\">\n<div class=\"symp-pic\"><img decoding=\"async\" src=\"\/wp-content\/uploads\/2021\/06\/Black_Doctor_with_white_child.jpg\" class=\"aligncenter\" alt=\"Estar atentos y esperar\" style=\"height:150px\" \/><\/div>\n<div class=\"risk-text-wrap\">\n<h5 class=\"section-title\">Estar atentos y esperar<\/h5>\n<p class=\"section-content\">\nEn algunos casos, no se dar\u00e1 comienzo a un tratamiento (o no se retomar\u00e1 el tratamiento) sino hasta que los s\u00edntomas aparezcan o aumenten en gravedad.\n<\/p>\n<\/div>\n<div class=\"clearboth\"><\/div>\n<\/div>\n<div class=\"divider\" id=\"\">\n\t\n\t<\/div>\n<div class=\"risk-factor\">\n<div class=\"symp-pic\">\n<div style='width: 100%; height: 100%; display: flex; flex-wrap: wrap; justify-content: center; align-items: center'>\n<img decoding=\"async\" src=\"\/wp-content\/uploads\/2013\/05\/ChildChemo175.jpg\" class=\"aligncenter\" alt=\"Chemotherapy\" style=\"height:140px\" \/><br \/>\n<div id=\"caption\" style=\"width: 195px\" class=\"wp-caption aligncenter\"><a href=\"\/wp-content\/uploads\/2015\/12\/Chemotherapy-Boy-IV-Therapy-WEB.jpg\" title=\"Click Image to Enlarge.\"><img decoding=\"async\" aria-describedby=\"caption-caption\" src=\"\/wp-content\/uploads\/2015\/12\/Chemotherapy-Boy-IV-Therapy-WEB-200.jpg\" class=\"aligncenter\" alt=\"Chemotherapy\" style=\"height:135px\" \/><\/a><p id=\"caption-caption\" class=\"wp-caption-text\">Click Image to Enlarge.<\/p><\/div>\n<\/div>\n<\/div>\n<div class=\"risk-text-wrap\">\n<h5 class=\"section-title\">Quimioterapia, Quimioembolizaci\u00f3n y trasplante de c\u00e9lulas madre<\/h5>\n<p class=\"section-content\">La quimioterapia hace referencia al uso de medicamentos para localizar las c\u00e9lulas de r\u00e1pido crecimiento con el fin de destruir las c\u00e9lulas cancerosas. Es la mejor opci\u00f3n de tratamiento para los pacientes cuyos tumores no pueden extirparse con cirug\u00eda. Tambi\u00e9n puede usarse antes de la cirug\u00eda con la intenci\u00f3n de reducir el tumor y permitir que la cirug\u00eda sea m\u00e1s segura. Por lo general, se administra por v\u00eda intravenosa u oral. El m\u00e9dico puede recomendar una forma de quimioterapia conocida como infusi\u00f3n en la arteria hep\u00e1tica. En este procedimiento, el m\u00e9dico utiliza un cat\u00e9ter para inyectar medicamentos de quimioterapia directamente en la arteria hep\u00e1tica. Este procedimiento, llamado quimioembolizaci\u00f3n, impide que el tumor reciba el ox\u00edgeno y los nutrientes que necesita para crecer y atrapa el f\u00e1rmaco quimioterap\u00e9utico cerca del tumor. Algunos pacientes requieren quimioterapia intensiva de dosis alta. En esos casos, se pueden extraer c\u00e9lulas madre de la sangre o la m\u00e9dula \u00f3sea del paciente antes del tratamiento y transfund\u00edrselas despu\u00e9s para \"rescatar\" su m\u00e9dula \u00f3sea.<\/p>\n<\/div>\n<div class=\"clearboth\"><\/div>\n<\/div>\n<div class=\"divider\" id=\"\">\n\t\n\t<\/div>\n<div class=\"risk-factor\">\n<div class=\"symp-pic\"><div style=\"width: 410px\" class=\"wp-caption alignnone\"><a href=\"\/wp-content\/uploads\/2014\/04\/Partial-Hepatectomy-Child-R1.jpg\" title=\"Click Image to Enlarge.\"><img decoding=\"async\" src=\"\/wp-content\/uploads\/2014\/04\/Partial-Hepatectomy-Child-R1-186x175.jpg\" class=\"aligncenter\" alt=\"Hepatectom\u00eda parcial\" style=\"height:150px\" \/><\/a><p class=\"wp-caption-text\">Click Image to Enlarge<\/p><\/div><\/div>\n<div class=\"risk-text-wrap\">\n<h5 class=\"section-title\">Hepatectom\u00eda parcial<\/h5>\n<p class=\"section-content\">La hepatectom\u00eda parcial y el trasplante de h\u00edgado son los tratamientos que, actualmente, tienen mayores probabilidades de curar el c\u00e1ncer de h\u00edgado. En esta operaci\u00f3n, se extirpa solo el \u00e1rea cancerosa del h\u00edgado y se deja la parte restante. Para que se realice una hepatectom\u00eda parcial, el paciente debe tener una porci\u00f3n suficiente de h\u00edgado sano que pueda funcionar por su cuenta. La cirug\u00eda puede no ser una opci\u00f3n en el caso de algunos pacientes que tienen un tumor cerca de las arterias, las venas o las v\u00edas biliares del h\u00edgado. La hepatectom\u00eda parcial se considera la mejor opci\u00f3n de tratamiento disponible para pacientes que padecen c\u00e1ncer localizado que puede extirparse. En muchos casos, es posible administrar quimioterapia antes de la cirug\u00eda.<\/p>\n<\/div>\n<div class=\"clearboth\"><\/div>\n<\/div>\n<div class=\"divider\" id=\"\">\n\t\n\t<\/div>\n<div class=\"risk-factor\">\n<div class=\"symp-pic\"><div style=\"width: 410px\" class=\"wp-caption alignnone\"><a href=\"\/wp-content\/uploads\/sites\/4\/2015\/07\/Liver-Transplant-Child.jpg\" title=\"Click Image to Enlarge.\"><img decoding=\"async\" src=\"\/wp-content\/uploads\/sites\/4\/2015\/07\/Liver-Transplant-Child.jpg\" class=\"aligncenter\" alt=\"Trasplante de h\u00edgado\" style=\"height:150px\" \/><\/a><p class=\"wp-caption-text\">Click Image to Enlarge<\/p><\/div><\/div>\n<div class=\"risk-text-wrap\">\n<h5 class=\"section-title\">Trasplante de h\u00edgado<\/h5>\n<p class=\"section-content\">\nEn un trasplante de h\u00edgado, se extirpa el h\u00edgado completo (hepatectom\u00eda total) y se lo reemplaza con el h\u00edgado sano de un donante de \u00f3rganos.Un trasplante de h\u00edgado est\u00e1 indicado para tumores grandes donde la resecci\u00f3n requiere reemplazo total del h\u00edgado.<\/p>\n<\/div>\n<div class=\"clearboth\"><\/div>\n<\/div>\n<div class=\"divider\" id=\"\">\n\t\n\t<\/div>\n<div class=\"risk-factor\">\n<div class=\"symp-pic\"><div style=\"width: 410px\" class=\"wp-caption alignnone\"><a href=\"\/wp-content\/uploads\/sites\/4\/2015\/07\/Radiofrequency-Ablation-Child.jpg\" title=\"Click Image to Enlarge.\"><img decoding=\"async\" src=\"\/wp-content\/uploads\/sites\/4\/2015\/07\/Radiofrequency-Ablation-Child.jpg\" class=\"aligncenter\" alt=\"Ablaci\u00f3n por radiofrecuencia\" style=\"height:150px\" \/><\/a><p class=\"wp-caption-text\">Click Image to Enlarge<\/p><\/div><\/div>\n<div class=\"risk-text-wrap\">\n<h5 class=\"section-title\">Ablaci\u00f3n<\/h5>\n<p class=\"section-content\">En la ablaci\u00f3n se utilizan radioondas de alta energ\u00eda o microondas para atacar los tumores. Se introduce una sonda delgada dentro del tumor que libera radioondas o microondas. Esta corriente luego calienta el tumor y destruye las c\u00e9lulas cancerosas.<\/p>\n<\/div>\n<div class=\"clearboth\"><\/div>\n<\/div>\n<div class=\"divider\" id=\"\">\n\t\n\t<\/div>\n<div class=\"risk-factor\">\n<div class=\"symp-pic\"><img decoding=\"async\" src=\"\/wp-content\/uploads\/2013\/03\/IMRT200.jpg\" class=\"aligncenter\" alt=\"Radioterapia\" style=\"height:150px\" \/><\/div>\n<div class=\"risk-text-wrap\">\n<h5 class=\"section-title\">Radioterapia<\/h5>\n<p class=\"section-content\">En la radioterapia se utilizan ondas de radiaci\u00f3n potentes para reducir o eliminar un tumor existente. La radiaci\u00f3n externa dirige haces de energ\u00eda potentes hacia el tumor desde el exterior del cuerpo. La radiaci\u00f3n interna introduce sustancias radioactivas en el cuerpo a trav\u00e9s de agujas o cat\u00e9teres. El m\u00e9dico tambi\u00e9n puede recomendar un procedimiento m\u00e1s reciente llamado \"radioembolizaci\u00f3n\", que combina radioterapia con embolizaci\u00f3n de tumores. En este procedimiento, las part\u00edculas peque\u00f1as se inyectan en la arteria hep\u00e1tica cerca del tumor y liberan la radiaci\u00f3n durante varios d\u00edas.<\/p>\n<h5 class=\"section-title\">Radioterapia de intensidad modulada<\/h5>\n<p class=\"section-content\">En la radioterapia de intensidad modulada, se utiliza un n\u00famero incluso mayor de haces de rayos X y \u00e1ngulos de haces para permitir variaciones en el patr\u00f3n de administraci\u00f3n de dosis, de forma tal que el tumor reciba una dosis total mayor que la que recibir\u00e1n los tejidos sanos.<\/p>\n<\/div>\n<div class=\"clearboth\"><\/div>\n<\/div>\n<div class=\"divider\" id=\"\">\n\t\n\t<\/div>\n<div class=\"risk-factor\">\n<div class=\"symp-pic\"><div id=\"stage\" style=\"width: 160px\" class=\"wp-caption alignnone\"><a href=\"\/wp-content\/uploads\/2016\/01\/Proton-room-3-e1455899176178.jpg\" title=\"Go to enlarged image.\"><img decoding=\"async\" aria-describedby=\"caption-stage\" src=\"\/wp-content\/uploads\/2016\/01\/Proton-room-3-e1455899176178.jpg\" class=\"aligncenter\" alt=\"Radioterapia con haces de protones\" style=\"max-height:150px\" \/><\/a><p id=\"caption-stage\" class=\"wp-caption-text\">Click Image to Enlarge.<\/p><\/div><\/div>\n<div class=\"risk-text-wrap\">\n<h5 class=\"section-title\">Radioterapia con haces de protones<\/h5>\n<p class=\"section-content\">La terapia de protones es un tipo de radioterapia avanzada que usa \u201cprotones\u201d en lugar de \u201cfotones\u201d de rayos X para irradiar el tumor. En la radioterapia convencional, los haces de fotones depositan radiaci\u00f3n y da\u00f1an las c\u00e9lulas sanas al atravesar el cuerpo. La terapia de protones deposita mayor radiaci\u00f3n directamente en el sitio del tumor, lo que resulta en menores da\u00f1os a los tejidos sanos y menos efectos secundarios.<\/p>\n<ul class=\"about-content\">\n<li>Consulte <a href=\"\/es\/cancer-explained\/proton-therapy\/\" style=\"color:#336699;text-decoration:underline\">Terapia de protones<\/a> para obtener m\u00e1s informaci\u00f3n.<\/li>\n<\/ul>\n<\/div>\n<div class=\"clearboth\"><\/div>\n<\/div>\n<div class=\"divider\" id=\"\">\n\t\n\t<\/div>\n<div class=\"risk-factor\">\n<div class=\"symp-pic\"><div style=\"width: 410px\" class=\"wp-caption alignnone\"><a href=\"\/wp-content\/uploads\/2013\/07\/Liver-Cancer-Targeted.jpg\" title=\"Click Image to Enlarge.\"><img decoding=\"async\" src=\"\/wp-content\/uploads\/2013\/07\/Liver-Cancer-Targeted-227x165.jpg\" class=\"aligncenter\" alt=\"Terapia dirigida\" style=\"height:150px\" \/><\/a><p class=\"wp-caption-text\">Click Image to Enlarge<\/p><\/div><\/div>\n<div class=\"risk-text-wrap\">\n<h5 class=\"section-title\">Terapia dirigida<\/h5>\n<p class=\"section-content\">La\u00a0terapia dirigida\u00a0es un tipo de tratamiento relativamente nuevo que act\u00faa de dos maneras. Algunos tipos de terapias dirigidas bloquean las prote\u00ednas en la superficie de las c\u00e9lulas cancerosas que hacen que el c\u00e1ncer se desarrolle de manera m\u00e1s agresiva. Otros tipos atacan el proceso de\u00a0angiogenia que utilizan los tumores para formar nuevos vasos sangu\u00edneos que respalden su desarrollo. La\u00a0terapia dirigida\u00a0para el c\u00e1ncer de h\u00edgado act\u00faa de ambas formas para destruir el tumor.<\/p>\n<\/div>\n<div class=\"clearboth\"><\/div>\n<\/div>\n<div class=\"divider\" id=\"\">\n\t\n\t<\/div>\n<div class=\"risk-factor\">\n<div class=\"symp-pic\">\n<div style='width: 100%; height: 100%; display: flex; flex-wrap: wrap; justify-content: center; align-items: center'>\n<img decoding=\"async\" src=\"\/wp-content\/uploads\/2013\/07\/PhysicalExam175.jpg\" alt=\"Clinical Trials\" style=\"height:145px;\"><br \/>\n<img decoding=\"async\" src=\"\/wp-content\/uploads\/2013\/04\/Microscope-1651.jpg\" alt=\"Clinical Trials\" style=\"height:140px;\">\n<\/div>\n<\/div>\n<div class=\"risk-text-wrap\">\n<h5 class=\"section-title\">Estudios cl\u00ednicos<\/h5>\n<p class=\"section-content\">Los ensayos cl\u00ednicos son estudios de investigaci\u00f3n para determinar la seguridad y\/o eficacia de nuevos tratamientos. En algunos casos, puede tratarse de un medicamento nuevo que no se ha utilizado antes en seres humanos; o bien, puede tratarse de un medicamento o una combinaci\u00f3n de medicamentos que no se utilizan actualmente para un tipo espec\u00edfico de c\u00e1ncer. En general, los estudios cl\u00ednicos en fase temprana se utilizan para probar los efectos secundarios de un medicamento o una combinaci\u00f3n de medicamentos; mientras que los estudios cl\u00ednicos en fase posterior se utilizan para determinar la eficacia de un tratamiento nuevo para un determinado tipo de c\u00e1ncer. Los estudios cl\u00ednicos permiten a m\u00e9dicos e investigadores mejorar el tratamiento de los tipos de c\u00e1ncer con terapias posiblemente m\u00e1s efectivas. Un estudio cl\u00ednico puede dar lugar a un medicamento nuevo e innovador; o bien, puede no tener efecto alguno. Es importante que hable con el m\u00e9dico acerca de las ventajas y desventajas de los estudios cl\u00ednicos para su situaci\u00f3n en particular.<\/p>\n<\/div>\n<div class=\"clearboth\"><\/div>\n<\/div>\n","protected":false},"excerpt":{"rendered":"<p>Tratamiento El tratamiento del hepatoblastoma depende de la edad, la salud y el historial m\u00e9dico del paciente, as\u00ed como del estadio de la enfermedad y la estratificaci\u00f3n del riesgo. El estado de riesgo est\u00e1 determinado por el estadio y las caracter\u00edsticas del tumor, lo que se denomina histolog\u00eda, y se basa en la patolog\u00eda del [&hellip;]<\/p>\n","protected":false},"author":5,"featured_media":0,"parent":14814,"menu_order":6,"comment_status":"closed","ping_status":"open","template":"template-tumor.php","meta":{"footnotes":""},"tags":[10],"class_list":["post-14926","page","type-page","status-publish","hentry","tag-members-only"],"yoast_head":"<!-- This site is optimized with the Yoast SEO plugin v25.0 - https:\/\/yoast.com\/wordpress\/plugins\/seo\/ -->\n<title>CMedEd | Informaci\u00f3n para comprender el hepatoblastoma | Tratamiento<\/title>\n<meta name=\"description\" content=\"Tratamiento El tratamiento del hepatoblastoma depende de la edad, la salud y el historial m\u00e9dico del paciente, as\u00ed como del estadio de la enfermedad y la\" \/>\n<meta name=\"robots\" content=\"index, follow, max-snippet:-1, max-image-preview:large, max-video-preview:-1\" \/>\n<link rel=\"canonical\" href=\"https:\/\/cmeded.com\/es\/childhood\/understanding-hepatoblastoma\/treatment\/\" \/>\n<meta property=\"og:locale\" content=\"es_ES\" \/>\n<meta property=\"og:type\" content=\"article\" \/>\n<meta property=\"og:title\" content=\"CMedEd | Informaci\u00f3n para comprender el hepatoblastoma | Tratamiento\" \/>\n<meta property=\"og:description\" content=\"Tratamiento El tratamiento del hepatoblastoma depende de la edad, la salud y el historial m\u00e9dico del paciente, as\u00ed como del estadio de la enfermedad y la\" \/>\n<meta property=\"og:url\" content=\"https:\/\/cmeded.com\/es\/childhood\/understanding-hepatoblastoma\/treatment\/\" \/>\n<meta property=\"og:site_name\" content=\"CMedEd\" \/>\n<meta property=\"article:modified_time\" content=\"2025-03-25T05:08:33+00:00\" \/>\n<meta name=\"twitter:card\" content=\"summary_large_image\" \/>\n<meta name=\"twitter:label1\" content=\"Tiempo de lectura\" \/>\n\t<meta name=\"twitter:data1\" content=\"8 minutos\" \/>\n<script type=\"application\/ld+json\" class=\"yoast-schema-graph\">{\"@context\":\"https:\/\/schema.org\",\"@graph\":[{\"@type\":\"WebPage\",\"@id\":\"https:\/\/cmeded.com\/es\/childhood\/understanding-hepatoblastoma\/treatment\/\",\"url\":\"https:\/\/cmeded.com\/es\/childhood\/understanding-hepatoblastoma\/treatment\/\",\"name\":\"CMedEd | Informaci\u00f3n para comprender el hepatoblastoma | Tratamiento\",\"isPartOf\":{\"@id\":\"https:\/\/cmeded.com\/es\/#website\"},\"datePublished\":\"2014-02-18T21:09:43+00:00\",\"dateModified\":\"2025-03-25T05:08:33+00:00\",\"description\":\"Tratamiento El tratamiento del hepatoblastoma depende de la edad, la salud y el historial m\u00e9dico del paciente, as\u00ed como del estadio de la enfermedad y la\",\"breadcrumb\":{\"@id\":\"https:\/\/cmeded.com\/es\/childhood\/understanding-hepatoblastoma\/treatment\/#breadcrumb\"},\"inLanguage\":\"es\",\"potentialAction\":[{\"@type\":\"ReadAction\",\"target\":[\"https:\/\/cmeded.com\/es\/childhood\/understanding-hepatoblastoma\/treatment\/\"]}]},{\"@type\":\"BreadcrumbList\",\"@id\":\"https:\/\/cmeded.com\/es\/childhood\/understanding-hepatoblastoma\/treatment\/#breadcrumb\",\"itemListElement\":[{\"@type\":\"ListItem\",\"position\":1,\"name\":\"Home\",\"item\":\"https:\/\/cmeded.com\/es\/\"},{\"@type\":\"ListItem\",\"position\":2,\"name\":\"Infancia\",\"item\":\"https:\/\/cmeded.com\/es\/childhood\/\"},{\"@type\":\"ListItem\",\"position\":3,\"name\":\"Informaci\u00f3n para comprender el hepatoblastoma\",\"item\":\"https:\/\/cmeded.com\/es\/childhood\/understanding-hepatoblastoma\/\"},{\"@type\":\"ListItem\",\"position\":4,\"name\":\"Tratamiento\"}]},{\"@type\":\"WebSite\",\"@id\":\"https:\/\/cmeded.com\/es\/#website\",\"url\":\"https:\/\/cmeded.com\/es\/\",\"name\":\"CMedEd\",\"description\":\"Recurso principal de informaci\u00f3n sobre el c\u00e1ncer\",\"potentialAction\":[{\"@type\":\"SearchAction\",\"target\":{\"@type\":\"EntryPoint\",\"urlTemplate\":\"https:\/\/cmeded.com\/es\/?s={search_term_string}\"},\"query-input\":{\"@type\":\"PropertyValueSpecification\",\"valueRequired\":true,\"valueName\":\"search_term_string\"}}],\"inLanguage\":\"es\"}]}<\/script>\n<!-- \/ Yoast SEO plugin. -->","yoast_head_json":{"title":"CMedEd | Informaci\u00f3n para comprender el hepatoblastoma | Tratamiento","description":"Tratamiento El tratamiento del hepatoblastoma depende de la edad, la salud y el historial m\u00e9dico del paciente, as\u00ed como del estadio de la enfermedad y la","robots":{"index":"index","follow":"follow","max-snippet":"max-snippet:-1","max-image-preview":"max-image-preview:large","max-video-preview":"max-video-preview:-1"},"canonical":"https:\/\/cmeded.com\/es\/childhood\/understanding-hepatoblastoma\/treatment\/","og_locale":"es_ES","og_type":"article","og_title":"CMedEd | Informaci\u00f3n para comprender el hepatoblastoma | Tratamiento","og_description":"Tratamiento El tratamiento del hepatoblastoma depende de la edad, la salud y el historial m\u00e9dico del paciente, as\u00ed como del estadio de la enfermedad y la","og_url":"https:\/\/cmeded.com\/es\/childhood\/understanding-hepatoblastoma\/treatment\/","og_site_name":"CMedEd","article_modified_time":"2025-03-25T05:08:33+00:00","twitter_card":"summary_large_image","twitter_misc":{"Tiempo de lectura":"8 minutos"},"schema":{"@context":"https:\/\/schema.org","@graph":[{"@type":"WebPage","@id":"https:\/\/cmeded.com\/es\/childhood\/understanding-hepatoblastoma\/treatment\/","url":"https:\/\/cmeded.com\/es\/childhood\/understanding-hepatoblastoma\/treatment\/","name":"CMedEd | Informaci\u00f3n para comprender el hepatoblastoma | Tratamiento","isPartOf":{"@id":"https:\/\/cmeded.com\/es\/#website"},"datePublished":"2014-02-18T21:09:43+00:00","dateModified":"2025-03-25T05:08:33+00:00","description":"Tratamiento El tratamiento del hepatoblastoma depende de la edad, la salud y el historial m\u00e9dico del paciente, as\u00ed como del estadio de la enfermedad y la","breadcrumb":{"@id":"https:\/\/cmeded.com\/es\/childhood\/understanding-hepatoblastoma\/treatment\/#breadcrumb"},"inLanguage":"es","potentialAction":[{"@type":"ReadAction","target":["https:\/\/cmeded.com\/es\/childhood\/understanding-hepatoblastoma\/treatment\/"]}]},{"@type":"BreadcrumbList","@id":"https:\/\/cmeded.com\/es\/childhood\/understanding-hepatoblastoma\/treatment\/#breadcrumb","itemListElement":[{"@type":"ListItem","position":1,"name":"Home","item":"https:\/\/cmeded.com\/es\/"},{"@type":"ListItem","position":2,"name":"Infancia","item":"https:\/\/cmeded.com\/es\/childhood\/"},{"@type":"ListItem","position":3,"name":"Informaci\u00f3n para comprender el hepatoblastoma","item":"https:\/\/cmeded.com\/es\/childhood\/understanding-hepatoblastoma\/"},{"@type":"ListItem","position":4,"name":"Tratamiento"}]},{"@type":"WebSite","@id":"https:\/\/cmeded.com\/es\/#website","url":"https:\/\/cmeded.com\/es\/","name":"CMedEd","description":"Recurso principal de informaci\u00f3n sobre el c\u00e1ncer","potentialAction":[{"@type":"SearchAction","target":{"@type":"EntryPoint","urlTemplate":"https:\/\/cmeded.com\/es\/?s={search_term_string}"},"query-input":{"@type":"PropertyValueSpecification","valueRequired":true,"valueName":"search_term_string"}}],"inLanguage":"es"}]}},"_links":{"self":[{"href":"https:\/\/cmeded.com\/es\/wp-json\/wp\/v2\/pages\/14926","targetHints":{"allow":["GET"]}}],"collection":[{"href":"https:\/\/cmeded.com\/es\/wp-json\/wp\/v2\/pages"}],"about":[{"href":"https:\/\/cmeded.com\/es\/wp-json\/wp\/v2\/types\/page"}],"author":[{"embeddable":true,"href":"https:\/\/cmeded.com\/es\/wp-json\/wp\/v2\/users\/5"}],"replies":[{"embeddable":true,"href":"https:\/\/cmeded.com\/es\/wp-json\/wp\/v2\/comments?post=14926"}],"version-history":[{"count":0,"href":"https:\/\/cmeded.com\/es\/wp-json\/wp\/v2\/pages\/14926\/revisions"}],"up":[{"embeddable":true,"href":"https:\/\/cmeded.com\/es\/wp-json\/wp\/v2\/pages\/14814"}],"wp:attachment":[{"href":"https:\/\/cmeded.com\/es\/wp-json\/wp\/v2\/media?parent=14926"}],"wp:term":[{"taxonomy":"post_tag","embeddable":true,"href":"https:\/\/cmeded.com\/es\/wp-json\/wp\/v2\/tags?post=14926"}],"curies":[{"name":"wp","href":"https:\/\/api.w.org\/{rel}","templated":true}]}}