{"id":14908,"date":"2014-02-18T12:41:47","date_gmt":"2014-02-18T18:41:47","guid":{"rendered":"http:\/\/www.cmeded.com\/?page_id=14908"},"modified":"2023-08-25T00:22:58","modified_gmt":"2023-08-25T05:22:58","slug":"diagnosis","status":"publish","type":"page","link":"https:\/\/cmeded.com\/es\/gastrointestinal\/understanding-esophageal-cancer\/diagnosis\/","title":{"rendered":"Diagn\u00f3stico"},"content":{"rendered":"<h4 class=\"section-title\">Diagn\u00f3stico<\/h4>\n<p class=\"section-content\">Si usted presenta s\u00edntomas de c\u00e1ncer de es\u00f3fago, el m\u00e9dico le realizar\u00e1 un examen f\u00edsico y le har\u00e1 algunas preguntas sobre los factores de riesgo. Si el m\u00e9dico piensa que usted podr\u00eda tener c\u00e1ncer, le pedir\u00e1 pruebas de diagn\u00f3stico y biopsias adicionales. A continuaci\u00f3n, se presentan algunas de las pruebas que se utilizan con frecuencia para diagnosticar el c\u00e1ncer de es\u00f3fago.<\/p>\n<div class=\"divider\" id=\"\">\n\t\n\t<\/div>\n<div class=\"risk-factor\">\n<div class=\"symp-pic\"><img decoding=\"async\" src=\"\/wp-content\/uploads\/2013\/02\/BariumSwallow.jpg\" class=\"aligncenter\" alt=\"Esofagograf\u00eda\" style=\"height:150px\" \/><\/div>\n<div class=\"risk-text-wrap\">\n<h5 class=\"section-title\">Esofagograf\u00eda<\/h5>\n<p class=\"section-content\">Para esta prueba, usted beber\u00e1 un l\u00edquido lechoso llamado \"bario\" y se someter\u00e1 a una serie de radiograf\u00edas. El bario cubre la parte interna del es\u00f3fago y la delinea claramente en las radiograf\u00edas, lo cual permite que el m\u00e9dico identifique cualquier anomal\u00eda con facilidad.<\/p>\n<\/div>\n<div class=\"clearboth\"><\/div>\n<\/div>\n<div class=\"divider\" id=\"\">\n\t\n\t<\/div>\n<div class=\"risk-factor\">\n<div class=\"symp-pic\"><div id=\"caption\" style=\"width: 243px\" class=\"wp-caption aligncenter\"><a href='\/wp-content\/uploads\/2016\/06\/CT.jpg' title='Go to enlarged image.'><img aria-describedby=\"caption-caption\" src='\/wp-content\/uploads\/2016\/06\/CT.jpg' class='aligncenter' alt='Tomograf\u00eda computarizada' style='height:150px' \/><\/a><p id=\"caption-caption\" class=\"wp-caption-text\">Click Image to Enlarge.<\/p><\/div><\/div>\n<div class=\"risk-text-wrap\">\n<h5 class=\"section-title\">Tomograf\u00eda computarizada<\/h5>\n<p class=\"section-content\">Para una tomograf\u00eda computarizada (TC), usted debe recostarse boca arriba en una mesa mientras un aparato gira alrededor de su cuerpo y toma im\u00e1genes. El aparato produce im\u00e1genes transversales detalladas del cuerpo, lo cual le permite al m\u00e9dico estudiar \u00e1reas espec\u00edficas. Los m\u00e9dicos habitualmente realizan tomograf\u00edas para evaluar la diseminaci\u00f3n del c\u00e1ncer y determinar su ubicaci\u00f3n exacta en el es\u00f3fago.<\/p>\n<\/div>\n<div class=\"clearboth\"><\/div>\n<\/div>\n<div class=\"divider\" id=\"\">\n\t\n\t<\/div>\n<div class=\"risk-factor\">\n<div class=\"symp-pic\"><div id=\"caption\" style=\"width: 243px\" class=\"wp-caption aligncenter\"><a href='\/wp-content\/uploads\/2016\/06\/MRI.jpg' title='Go to enlarged image.'><img aria-describedby=\"caption-caption\" src='\/wp-content\/uploads\/2016\/06\/MRI.jpg' class='aligncenter' alt='Resonancia magn\u00e9tica' style='height:150px' \/><\/a><p id=\"caption-caption\" class=\"wp-caption-text\">Click Image to Enlarge.<\/p><\/div><\/div>\n<div class=\"risk-text-wrap\">\n<h5 class=\"section-title\">Resonancia magn\u00e9tica<\/h5>\n<p class=\"section-content\">En una resonancia magn\u00e9tica (RM), se emplean ondas de radio y un im\u00e1n potente para crear im\u00e1genes detalladas de las distintas partes del cuerpo. El organismo absorbe las ondas de radio, que se liberan siguiendo un patr\u00f3n determinado que es interpretado por una computadora para mostrar cortes del cuerpo humano. Solo se obtiene una resonancia magn\u00e9tica si el paciente no puede someterse a una tomograf\u00eda computarizada.<\/p>\n<\/div>\n<div class=\"clearboth\"><\/div>\n<\/div>\n<div class=\"divider\" id=\"\">\n\t\n\t<\/div>\n<div class=\"risk-factor\">\n<div class=\"symp-pic\"><div id=\"caption\" style=\"width: 243px\" class=\"wp-caption aligncenter\"><a href='\/wp-content\/uploads\/2016\/06\/PET.jpg' title='Go to enlarged image.'><img aria-describedby=\"caption-caption\" src='\/wp-content\/uploads\/2016\/06\/PET.jpg' class='aligncenter' alt='Tomograf\u00eda por emisi\u00f3n de positrones' style='height:150px' \/><\/a><p id=\"caption-caption\" class=\"wp-caption-text\">Click Image to Enlarge.<\/p><\/div><\/div>\n<div class=\"risk-text-wrap\">\n<h5 class=\"section-title\">Tomograf\u00eda por emisi\u00f3n de positrones<\/h5>\n<p class=\"section-content\">Los m\u00e9dicos emplean una tomograf\u00eda por emisi\u00f3n de positrones cuando existe la posibilidad de que el c\u00e1ncer se haya diseminado, pero se desconoce su ubicaci\u00f3n. La imagen no es tan detallada como la de una TC o una resonancia magn\u00e9tica, pero puede mostrar la totalidad del cuerpo y ayudar a divisar \u00e1reas de diseminaci\u00f3n del c\u00e1ncer.<\/p>\n<\/div>\n<div class=\"clearboth\"><\/div>\n<\/div>\n<div class=\"divider\" id=\"\">\n\t\n\t<\/div>\n<div class=\"risk-factor\">\n<div class=\"symp-pic\"><div id=\"endoscopy\" style=\"width: 160px\" class=\"wp-caption center aligncenter\"><a href=\"\/wp-content\/uploads\/sites\/4\/2015\/07\/Esophageal-Cancer-Endoscopy3-es.jpg\" title=\"Click Image to Enlarge.\"><img decoding=\"async\" aria-describedby=\"caption-endoscopy\" src=\"\/wp-content\/uploads\/sites\/4\/2015\/07\/Esophageal-Cancer-Endoscopy3-es.jpg\" class=\"aligncenter\" alt=\"Esofagoscop\u00eda\" style=\"height:150px\" \/><\/a><p id=\"caption-endoscopy\" class=\"wp-caption-text\">Click Image to Enlarge.<\/p><\/div><\/div>\n<div class=\"risk-text-wrap\">\n<h5 class=\"section-title\">Endoscopia superior (EGD)<\/h5>\n<p class=\"section-content\">Un endoscopio es un tubo delgado con una c\u00e1mara y una luz en el extremo.  Para realizar esta prueba, el m\u00e9dico introduce un endoscopio por la nariz o la boca del paciente y lo gu\u00eda hacia el es\u00f3fago. El endoscopio se utiliza para examinar el es\u00f3fago y extraer una muestra de cualquier tejido posiblemente canceroso.  El m\u00e9dico tambi\u00e9n puede realizar una broncoscop\u00eda o una laringoscop\u00eda para verificar si el c\u00e1ncer se ha propagado.  Para realizar estas pruebas, el m\u00e9dico emplea un endoscopio a fin de visualizar los pulmones, la tr\u00e1quea, la laringe o los ganglios linf\u00e1ticos.<\/p>\n<\/div>\n<div class=\"clearboth\"><\/div>\n<\/div>\n<div class=\"divider\" id=\"\">\n\t\n\t<\/div>\n<div class=\"risk-factor\">\n<div class=\"symp-pic\"><div id=\"caption\" style=\"width: 195px\" class=\"wp-caption aligncenter\"><a href=\"\/wp-content\/uploads\/sites\/4\/2015\/07\/Esophageal-Endoscopy-Ultrasound-es.jpg\" title=\"Click Image to Enlarge.\"><img decoding=\"async\" aria-describedby=\"caption-caption\" src=\"\/wp-content\/uploads\/sites\/4\/2015\/07\/Esophageal-Endoscopy-Ultrasound-es.jpg\" class=\"aligncenter\" alt=\"Ecograf\u00eda endosc\u00f3pica\" style=\"height:150px\" \/><\/a><p id=\"caption-caption\" class=\"wp-caption-text\">Click Image to Enlarge.<\/p><\/div><\/div>\n<div class=\"risk-text-wrap\">\n<h5 class=\"section-title\">Ecograf\u00eda endosc\u00f3pica<\/h5>\n<p class=\"section-content\">Para esta prueba, el m\u00e9dico utilizar\u00e1 un endoscopio con un dispositivo ecogr\u00e1fico en el extremo del tubo. Este dispositivo env\u00eda ondas sonoras de gran energ\u00eda para tomar im\u00e1genes del es\u00f3fago mediante la ecolocalizaci\u00f3n (de la misma manera que un murci\u00e9lago o un delf\u00edn) para explorar las \u00e1reas dif\u00edciles de ver.  Esta tecnolog\u00eda permite que el m\u00e9dico vea dentro de la pared del es\u00f3fago y determine la profundidad del tumor y si este ha invadido los ganglios linf\u00e1ticos.<\/p>\n<\/div>\n<div class=\"clearboth\"><\/div>\n<\/div>\n<div class=\"divider\" id=\"\">\n\t\n\t<\/div>\n<div class=\"risk-factor\">\n<div class=\"symp-pic\"><img decoding=\"async\" src=\"\/wp-content\/uploads\/2013\/05\/MicroscopeSlide1751.jpg\" class=\"aligncenter\" alt=\"Biopsia\" style=\"height:150px\" \/><\/div>\n<div class=\"risk-text-wrap\">\n<h5 class=\"section-title\">Biopsia<\/h5>\n<p class=\"section-content\">Si alguna de estas pruebas de diagn\u00f3stico indica que usted podr\u00eda tener c\u00e1ncer, el m\u00e9dico le realizar\u00e1 una biopsia para estar seguro.  Le extraer\u00e1 una muestra de tejido para que un pat\u00f3logo la analice al microscopio y determine si contiene c\u00e9lulas cancerosas.  La biopsia constituye la \u00fanica manera de saber con seguridad si usted tiene c\u00e1ncer.  Lo m\u00e1s probable es que el m\u00e9dico tome una muestra para biopsia mientras realiza una endoscop\u00eda.  Si observa una anomal\u00eda durante el procedimiento, pasar\u00e1 un instrumento especial por el endoscopio y lo utilizar\u00e1 para tomar una muestra de tejido.<\/p>\n<\/div>\n<div class=\"clearboth\"><\/div>\n<\/div>\n<div class=\"divider\" id=\"\">\n\t\n\t<\/div>\n<div class=\"risk-factor\">\n<div class=\"symp-pic\"><div id=\"stage\" style=\"width: 218px\" class=\"wp-caption aligncenter\"><a href=\"\/wp-content\/uploads\/sites\/4\/2015\/07\/Endoscopic-Mucosal-Resection-r3-es.jpg\" title=\"Click Image to Enlarge.\"><img decoding=\"async\" aria-describedby=\"caption-stage\" src=\"\/wp-content\/uploads\/sites\/4\/2015\/07\/Endoscopic-Mucosal-Resection-r3-es.jpg\" class=\"aligncenter\" alt=\"Resecci\u00f3n endosc\u00f3pica de la mucosa\" style=\"height:150px\" \/><\/a><p id=\"caption-stage\" class=\"wp-caption-text\">Click Image to Enlarge.<\/p><\/div><\/div>\n<div class=\"risk-text-wrap\">\n<h5 class=\"section-title\">Resecci\u00f3n endosc\u00f3pica de la mucosa(EMR):<\/h5>\n<p class=\"section-content\">Se trata de un m\u00e9todo para extraer completamente el \u00e1rea del tumor con un endoscopio.  Es un procedimiento que generalmente se realiza de manera ambulatoria y no requiere incisiones en el cuerpo.  Esta t\u00e9cnica solo se utiliza en tumores en etapa muy temprana y ayuda a determinar la agresividad del tumor y tambi\u00e9n a tratarlo. Con frecuencia, esta informaci\u00f3n le permite al m\u00e9dico hacer recomendaciones m\u00e1s precisas en relaci\u00f3n con el tratamiento del tumor.<\/p>\n<\/div>\n<div class=\"clearboth\"><\/div>\n<\/div>\n","protected":false},"excerpt":{"rendered":"<p>Diagn\u00f3stico Si usted presenta s\u00edntomas de c\u00e1ncer de es\u00f3fago, el m\u00e9dico le realizar\u00e1 un examen f\u00edsico y le har\u00e1 algunas preguntas sobre los factores de riesgo. Si el m\u00e9dico piensa que usted podr\u00eda tener c\u00e1ncer, le pedir\u00e1 pruebas de diagn\u00f3stico y biopsias adicionales. A continuaci\u00f3n, se presentan algunas de las pruebas que se utilizan con [&hellip;]<\/p>\n","protected":false},"author":5,"featured_media":0,"parent":14876,"menu_order":4,"comment_status":"closed","ping_status":"open","template":"template-tumor.php","meta":{"footnotes":""},"tags":[10],"class_list":["post-14908","page","type-page","status-publish","hentry","tag-members-only"],"yoast_head":"<!-- This site is optimized with the Yoast SEO plugin v25.0 - https:\/\/yoast.com\/wordpress\/plugins\/seo\/ -->\n<title>CMedEd | Informaci\u00f3n para comprender el c\u00e1ncer de es\u00f3fago | Diagn\u00f3stico<\/title>\n<meta name=\"description\" content=\"Diagn\u00f3stico Si usted presenta s\u00edntomas de c\u00e1ncer de es\u00f3fago, el m\u00e9dico le realizar\u00e1 un examen f\u00edsico y le har\u00e1 algunas preguntas sobre los factores de\" \/>\n<meta name=\"robots\" content=\"index, follow, max-snippet:-1, max-image-preview:large, max-video-preview:-1\" \/>\n<link rel=\"canonical\" href=\"https:\/\/cmeded.com\/es\/gastrointestinal\/understanding-esophageal-cancer\/diagnosis\/\" \/>\n<meta property=\"og:locale\" content=\"es_ES\" \/>\n<meta property=\"og:type\" content=\"article\" \/>\n<meta property=\"og:title\" content=\"CMedEd | Informaci\u00f3n para comprender el c\u00e1ncer de es\u00f3fago | Diagn\u00f3stico\" \/>\n<meta property=\"og:description\" content=\"Diagn\u00f3stico Si usted presenta s\u00edntomas de c\u00e1ncer de es\u00f3fago, el m\u00e9dico le realizar\u00e1 un examen f\u00edsico y le har\u00e1 algunas preguntas sobre los factores de\" \/>\n<meta property=\"og:url\" content=\"https:\/\/cmeded.com\/es\/gastrointestinal\/understanding-esophageal-cancer\/diagnosis\/\" \/>\n<meta property=\"og:site_name\" content=\"CMedEd\" \/>\n<meta property=\"article:modified_time\" content=\"2023-08-25T05:22:58+00:00\" \/>\n<meta name=\"twitter:card\" content=\"summary_large_image\" \/>\n<meta name=\"twitter:label1\" content=\"Tiempo de lectura\" \/>\n\t<meta name=\"twitter:data1\" content=\"5 minutos\" \/>\n<script type=\"application\/ld+json\" class=\"yoast-schema-graph\">{\"@context\":\"https:\/\/schema.org\",\"@graph\":[{\"@type\":\"WebPage\",\"@id\":\"https:\/\/cmeded.com\/es\/gastrointestinal\/understanding-esophageal-cancer\/diagnosis\/\",\"url\":\"https:\/\/cmeded.com\/es\/gastrointestinal\/understanding-esophageal-cancer\/diagnosis\/\",\"name\":\"CMedEd | Informaci\u00f3n para comprender el c\u00e1ncer de es\u00f3fago | Diagn\u00f3stico\",\"isPartOf\":{\"@id\":\"https:\/\/cmeded.com\/es\/#website\"},\"datePublished\":\"2014-02-18T18:41:47+00:00\",\"dateModified\":\"2023-08-25T05:22:58+00:00\",\"description\":\"Diagn\u00f3stico Si usted presenta s\u00edntomas de c\u00e1ncer de es\u00f3fago, el m\u00e9dico le realizar\u00e1 un examen f\u00edsico y le har\u00e1 algunas preguntas sobre los factores de\",\"breadcrumb\":{\"@id\":\"https:\/\/cmeded.com\/es\/gastrointestinal\/understanding-esophageal-cancer\/diagnosis\/#breadcrumb\"},\"inLanguage\":\"es\",\"potentialAction\":[{\"@type\":\"ReadAction\",\"target\":[\"https:\/\/cmeded.com\/es\/gastrointestinal\/understanding-esophageal-cancer\/diagnosis\/\"]}]},{\"@type\":\"BreadcrumbList\",\"@id\":\"https:\/\/cmeded.com\/es\/gastrointestinal\/understanding-esophageal-cancer\/diagnosis\/#breadcrumb\",\"itemListElement\":[{\"@type\":\"ListItem\",\"position\":1,\"name\":\"Home\",\"item\":\"https:\/\/cmeded.com\/es\/\"},{\"@type\":\"ListItem\",\"position\":2,\"name\":\"Gastrointestinal\",\"item\":\"https:\/\/cmeded.com\/es\/gastrointestinal\/\"},{\"@type\":\"ListItem\",\"position\":3,\"name\":\"Informaci\u00f3n para comprender el c\u00e1ncer de es\u00f3fago\",\"item\":\"https:\/\/cmeded.com\/es\/gastrointestinal\/understanding-esophageal-cancer\/\"},{\"@type\":\"ListItem\",\"position\":4,\"name\":\"Diagn\u00f3stico\"}]},{\"@type\":\"WebSite\",\"@id\":\"https:\/\/cmeded.com\/es\/#website\",\"url\":\"https:\/\/cmeded.com\/es\/\",\"name\":\"CMedEd\",\"description\":\"Recurso principal de informaci\u00f3n sobre el c\u00e1ncer\",\"potentialAction\":[{\"@type\":\"SearchAction\",\"target\":{\"@type\":\"EntryPoint\",\"urlTemplate\":\"https:\/\/cmeded.com\/es\/?s={search_term_string}\"},\"query-input\":{\"@type\":\"PropertyValueSpecification\",\"valueRequired\":true,\"valueName\":\"search_term_string\"}}],\"inLanguage\":\"es\"}]}<\/script>\n<!-- \/ Yoast SEO plugin. -->","yoast_head_json":{"title":"CMedEd | Informaci\u00f3n para comprender el c\u00e1ncer de es\u00f3fago | Diagn\u00f3stico","description":"Diagn\u00f3stico Si usted presenta s\u00edntomas de c\u00e1ncer de es\u00f3fago, el m\u00e9dico le realizar\u00e1 un examen f\u00edsico y le har\u00e1 algunas preguntas sobre los factores de","robots":{"index":"index","follow":"follow","max-snippet":"max-snippet:-1","max-image-preview":"max-image-preview:large","max-video-preview":"max-video-preview:-1"},"canonical":"https:\/\/cmeded.com\/es\/gastrointestinal\/understanding-esophageal-cancer\/diagnosis\/","og_locale":"es_ES","og_type":"article","og_title":"CMedEd | Informaci\u00f3n para comprender el c\u00e1ncer de es\u00f3fago | Diagn\u00f3stico","og_description":"Diagn\u00f3stico Si usted presenta s\u00edntomas de c\u00e1ncer de es\u00f3fago, el m\u00e9dico le realizar\u00e1 un examen f\u00edsico y le har\u00e1 algunas preguntas sobre los factores de","og_url":"https:\/\/cmeded.com\/es\/gastrointestinal\/understanding-esophageal-cancer\/diagnosis\/","og_site_name":"CMedEd","article_modified_time":"2023-08-25T05:22:58+00:00","twitter_card":"summary_large_image","twitter_misc":{"Tiempo de lectura":"5 minutos"},"schema":{"@context":"https:\/\/schema.org","@graph":[{"@type":"WebPage","@id":"https:\/\/cmeded.com\/es\/gastrointestinal\/understanding-esophageal-cancer\/diagnosis\/","url":"https:\/\/cmeded.com\/es\/gastrointestinal\/understanding-esophageal-cancer\/diagnosis\/","name":"CMedEd | Informaci\u00f3n para comprender el c\u00e1ncer de es\u00f3fago | Diagn\u00f3stico","isPartOf":{"@id":"https:\/\/cmeded.com\/es\/#website"},"datePublished":"2014-02-18T18:41:47+00:00","dateModified":"2023-08-25T05:22:58+00:00","description":"Diagn\u00f3stico Si usted presenta s\u00edntomas de c\u00e1ncer de es\u00f3fago, el m\u00e9dico le realizar\u00e1 un examen f\u00edsico y le har\u00e1 algunas preguntas sobre los factores de","breadcrumb":{"@id":"https:\/\/cmeded.com\/es\/gastrointestinal\/understanding-esophageal-cancer\/diagnosis\/#breadcrumb"},"inLanguage":"es","potentialAction":[{"@type":"ReadAction","target":["https:\/\/cmeded.com\/es\/gastrointestinal\/understanding-esophageal-cancer\/diagnosis\/"]}]},{"@type":"BreadcrumbList","@id":"https:\/\/cmeded.com\/es\/gastrointestinal\/understanding-esophageal-cancer\/diagnosis\/#breadcrumb","itemListElement":[{"@type":"ListItem","position":1,"name":"Home","item":"https:\/\/cmeded.com\/es\/"},{"@type":"ListItem","position":2,"name":"Gastrointestinal","item":"https:\/\/cmeded.com\/es\/gastrointestinal\/"},{"@type":"ListItem","position":3,"name":"Informaci\u00f3n para comprender el c\u00e1ncer de es\u00f3fago","item":"https:\/\/cmeded.com\/es\/gastrointestinal\/understanding-esophageal-cancer\/"},{"@type":"ListItem","position":4,"name":"Diagn\u00f3stico"}]},{"@type":"WebSite","@id":"https:\/\/cmeded.com\/es\/#website","url":"https:\/\/cmeded.com\/es\/","name":"CMedEd","description":"Recurso principal de informaci\u00f3n sobre el c\u00e1ncer","potentialAction":[{"@type":"SearchAction","target":{"@type":"EntryPoint","urlTemplate":"https:\/\/cmeded.com\/es\/?s={search_term_string}"},"query-input":{"@type":"PropertyValueSpecification","valueRequired":true,"valueName":"search_term_string"}}],"inLanguage":"es"}]}},"_links":{"self":[{"href":"https:\/\/cmeded.com\/es\/wp-json\/wp\/v2\/pages\/14908","targetHints":{"allow":["GET"]}}],"collection":[{"href":"https:\/\/cmeded.com\/es\/wp-json\/wp\/v2\/pages"}],"about":[{"href":"https:\/\/cmeded.com\/es\/wp-json\/wp\/v2\/types\/page"}],"author":[{"embeddable":true,"href":"https:\/\/cmeded.com\/es\/wp-json\/wp\/v2\/users\/5"}],"replies":[{"embeddable":true,"href":"https:\/\/cmeded.com\/es\/wp-json\/wp\/v2\/comments?post=14908"}],"version-history":[{"count":0,"href":"https:\/\/cmeded.com\/es\/wp-json\/wp\/v2\/pages\/14908\/revisions"}],"up":[{"embeddable":true,"href":"https:\/\/cmeded.com\/es\/wp-json\/wp\/v2\/pages\/14876"}],"wp:attachment":[{"href":"https:\/\/cmeded.com\/es\/wp-json\/wp\/v2\/media?parent=14908"}],"wp:term":[{"taxonomy":"post_tag","embeddable":true,"href":"https:\/\/cmeded.com\/es\/wp-json\/wp\/v2\/tags?post=14908"}],"curies":[{"name":"wp","href":"https:\/\/api.w.org\/{rel}","templated":true}]}}