{"id":14899,"date":"2014-02-18T12:29:11","date_gmt":"2014-02-18T18:29:11","guid":{"rendered":"http:\/\/www.cmeded.com\/?page_id=14899"},"modified":"2025-05-06T16:04:54","modified_gmt":"2025-05-06T21:04:54","slug":"staging","status":"publish","type":"page","link":"https:\/\/cmeded.com\/es\/childhood\/understanding-hepatoblastoma\/staging\/","title":{"rendered":"Estadificaci\u00f3n"},"content":{"rendered":"<h4 class=\"section-title\" id=\"staging\">Estadificaci\u00f3n<\/h4>\n<p class=\"section-content\">Para describir debidamente el hepatoblastoma, los m\u00e9dicos utilizan un sistema de estadificaci\u00f3n que toma en cuenta si el tumor puede extirparse completamente mediante una cirug\u00eda y si el c\u00e1ncer se ha diseminado a los ganglios linf\u00e1ticos o a otras partes del organismo. La estadificaci\u00f3n es un paso importante en la evaluaci\u00f3n del pron\u00f3stico y las opciones de tratamiento.<\/p>\n<div class=\"clapat-tabs\" id=\"hepato\"><div class=\"tabs-bg\"><\/div><ul class=\"staging-tab-menu\"><li><a href=\"#tabs-100\"><br \/>\nEstadio I<\/a><\/li>\n<li><a href=\"#tabs-101\"><br \/>\nEstadio II<\/a><\/li>\n<li><a href=\"#tabs-102\"><br \/>\nEstadio III<\/a><\/li>\n<li><a href=\"#tabs-103\"><br \/>\nEstadio IV<\/a><\/li>\n<li><a href=\"#tabs-104\"><br \/>\nRecidivante<\/a><\/li><\/ul><div class=\"list-wrap\"><div id=\"tabs-100\"><\/p>\n<h4 class=\"section-title hidden-title\">Estadio I<\/h4>\n<p><img loading=\"lazy\" decoding=\"async\" class=\"aligncenter\" alt=\"Estadio 1\" src=\"\/wp-content\/uploads\/2021\/06\/Black_Doctor_with_white_child.jpg\" width=\"216\" height=\"175\" \/><\/p>\n<h5 class=\"section-title\">Descripci\u00f3n<\/h5>\n<ul>\n<li class=\"section-content\">El tumor puede extirparse por completo (o ya se ha extirpado) mediante cirug\u00eda y no quedan c\u00e9lulas cancerosas en el h\u00edgado.<\/li>\n<\/ul>\n<h5 class=\"section-title\">Tratamiento<\/h5>\n<ul>\n<li class=\"section-content\">Cirug\u00eda, quimioterapia, estar atentos y esperar.<\/li>\n<\/ul>\n<div class=\"clear\"><\/div>\n<p><\/div>\n<div id=\"tabs-101\"><\/p>\n<h4 class=\"section-title hidden-title\">Estadio II<\/h4>\n<p><div style=\"width: 410px\" class=\"wp-caption alignnone\"><a href=\"\/wp-content\/uploads\/sites\/4\/2015\/07\/Liver-Cancer-Stage2-Child-R1-es.jpg\" title=\"Click Image to Enlarge.\"><img decoding=\"async\" class=\"aligncenter\" alt=\"Estadio 2\" src=\"\/wp-content\/uploads\/sites\/4\/2015\/07\/Liver-Cancer-Stage2-Child-R1-es.jpg\" style=\"max-width:250px;\"\/><\/a><p class=\"wp-caption-text\">Click Image to Enlarge<\/p><\/div><\/p>\n<h5 class=\"section-title\">Descripci\u00f3n<\/h5>\n<ul>\n<li class=\"section-content\">No hay diseminaci\u00f3n del tumor fuera del h\u00edgado. La mayor parte del tumor en el h\u00edgado puede ser (o ya ha sido) extirpada completamente mediante cirug\u00eda, pero pueden quedar peque\u00f1as cantidades de c\u00e9lulas cancerosas en el h\u00edgado.<\/li>\n<\/ul>\n<h5 class=\"section-title\">Tratamiento<\/h5>\n<ul>\n<li class=\"section-content\">Cirug\u00eda, quimioterapia, estar atentos y esperar y estudios cl\u00ednicos.<\/li>\n<\/ul>\n<div class=\"clear\"><\/div>\n<p><\/div>\n<div id=\"tabs-102\"><\/p>\n<h4 class=\"section-title hidden-title\">Estadio III<\/h4>\n<p><div style=\"width: 410px\" class=\"wp-caption alignnone\"><a href=\"\/wp-content\/uploads\/sites\/4\/2015\/07\/Liver-Cancer-Stage-3-Child-es.jpg\" title=\"Click Image to Enlarge.\"><img decoding=\"async\" class=\"aligncenter\" alt=\"Estadio 3\" src=\"\/wp-content\/uploads\/sites\/4\/2015\/07\/Liver-Cancer-Stage-3-Child-es.jpg\" style=\"max-width:275px;\"\/><\/a><p class=\"wp-caption-text\">Click Image to Enlarge<\/p><\/div><\/p>\n<h5 class=\"section-title\">Descripci\u00f3n<\/h5>\n<ul>\n<li class=\"section-content\">El tumor no puede ser extirpado completamente mediante cirug\u00eda o hay c\u00e9lulas cancerosas en los ganglios linf\u00e1ticos cercanos. No hay diseminaci\u00f3n de la enfermedad a otras partes del cuerpo.\n<\/li>\n<\/ul>\n<h5 class=\"section-title\">Tratamiento<\/h5>\n<ul>\n<li class=\"section-content\">Quimioterapia, cirug\u00eda, trasplante de h\u00edgado, quimioembolizaci\u00f3n y estudios cl\u00ednicos.<\/li>\n<\/ul>\n<div class=\"clear\"><\/div>\n<p><\/div>\n<div id=\"tabs-103\"><\/p>\n<h4 class=\"section-title hidden-title\">Estadio IV<\/h4>\n<p><div style=\"width: 410px\" class=\"wp-caption alignnone\"><a href=\"\/wp-content\/uploads\/2013\/08\/Liver-Cancer-Stage-4-Child.jpg\" title=\"Click Image to Enlarge.\"><img loading=\"lazy\" decoding=\"async\" class=\"aligncenter\" alt=\"Estadio 4\" src=\"\/wp-content\/uploads\/2013\/08\/Liver-Cancer-Stage-4-Child-250.jpg\" width=\"200\" height=\"241\" \/><\/a><p class=\"wp-caption-text\">Click Image to Enlarge<\/p><\/div><\/p>\n<h5 class=\"section-title\">Descripci\u00f3n<\/h5>\n<ul>\n<li class=\"section-content\">El c\u00e1ncer se ha diseminado a otras partes del organismo.<\/li>\n<\/ul>\n<h5 class=\"section-title\">Tratamiento<\/h5>\n<ul>\n<li class=\"section-content\">Quimioterapia, trasplante de c\u00e9lulas madre, quimioembolizaci\u00f3n, radioterapia, ensayos cl\u00ednicos.<\/li>\n<\/ul>\n<p><\/div>\n<div id=\"tabs-104\"><\/p>\n<h4 class=\"section-title hidden-title\">Recidivante<\/h4>\n<p><div id=\"stage\" style=\"width: 360px\" class=\"wp-caption alignnone\"><a href=\"\/wp-content\/uploads\/2013\/08\/Liver-Cancer-Stage-4-Child.jpg\" title=\"Click Image to Enlarge.\"><img loading=\"lazy\" decoding=\"async\" aria-describedby=\"caption-stage\" class=\"aligncenter\" alt=\"Recidivante\" src=\"\/wp-content\/uploads\/2013\/08\/Liver-Cancer-Stage-4-Child-250.jpg\" width=\"200\" height=\"241\" \/><\/a><p id=\"caption-stage\" class=\"wp-caption-text\">Click Image to Enlarge.<\/p><\/div><\/p>\n<h5 class=\"section-title\">Descripci\u00f3n<\/h5>\n<ul>\n<li class=\"section-content\">Despu\u00e9s del tratamiento y la remisi\u00f3n, el c\u00e1ncer ha vuelto a aparecer en el h\u00edgado o en otra parte del organismo.<\/li>\n<\/ul>\n<h5 class=\"section-title\">Tratamiento<\/h5>\n<ul>\n<li class=\"section-content\">Quimioterapia, trasplante de c\u00e9lulas madre, quimioembolizaci\u00f3n, radioterapia y ensayos cl\u00ednicos.<\/li>\n<\/ul>\n<div class=\"clear\"><\/div>\n<p><\/div><\/div><\/div>\n<div class=\"clearboth\"><\/div>\n","protected":false},"excerpt":{"rendered":"<p>Estadificaci\u00f3n Para describir debidamente el hepatoblastoma, los m\u00e9dicos utilizan un sistema de estadificaci\u00f3n que toma en cuenta si el tumor puede extirparse completamente mediante una cirug\u00eda y si el c\u00e1ncer se ha diseminado a los ganglios linf\u00e1ticos o a otras partes del organismo. La estadificaci\u00f3n es un paso importante en la evaluaci\u00f3n del pron\u00f3stico y [&hellip;]<\/p>\n","protected":false},"author":5,"featured_media":0,"parent":14814,"menu_order":5,"comment_status":"closed","ping_status":"open","template":"template-tumor.php","meta":{"footnotes":""},"tags":[10],"class_list":["post-14899","page","type-page","status-publish","hentry","tag-members-only"],"yoast_head":"<!-- This site is optimized with the Yoast SEO plugin v25.0 - https:\/\/yoast.com\/wordpress\/plugins\/seo\/ -->\n<title>CMedEd | Informaci\u00f3n para comprender el hepatoblastoma | Estadificaci\u00f3n<\/title>\n<meta name=\"description\" content=\"Estadificaci\u00f3n Para describir debidamente el hepatoblastoma, los m\u00e9dicos utilizan un sistema de estadificaci\u00f3n que toma en cuenta si el tumor puede\" \/>\n<meta name=\"robots\" content=\"index, follow, max-snippet:-1, max-image-preview:large, max-video-preview:-1\" \/>\n<link rel=\"canonical\" href=\"https:\/\/cmeded.com\/es\/childhood\/understanding-hepatoblastoma\/staging\/\" \/>\n<meta property=\"og:locale\" content=\"es_ES\" \/>\n<meta property=\"og:type\" content=\"article\" \/>\n<meta property=\"og:title\" content=\"CMedEd | Informaci\u00f3n para comprender el hepatoblastoma | Estadificaci\u00f3n\" \/>\n<meta property=\"og:description\" content=\"Estadificaci\u00f3n Para describir debidamente el hepatoblastoma, los m\u00e9dicos utilizan un sistema de estadificaci\u00f3n que toma en cuenta si el tumor puede\" \/>\n<meta property=\"og:url\" content=\"https:\/\/cmeded.com\/es\/childhood\/understanding-hepatoblastoma\/staging\/\" \/>\n<meta property=\"og:site_name\" content=\"CMedEd\" \/>\n<meta property=\"article:modified_time\" content=\"2025-05-06T21:04:54+00:00\" \/>\n<meta name=\"twitter:card\" content=\"summary_large_image\" \/>\n<meta name=\"twitter:label1\" content=\"Tiempo de lectura\" \/>\n\t<meta name=\"twitter:data1\" content=\"3 minutos\" \/>\n<script type=\"application\/ld+json\" class=\"yoast-schema-graph\">{\"@context\":\"https:\/\/schema.org\",\"@graph\":[{\"@type\":\"WebPage\",\"@id\":\"https:\/\/cmeded.com\/es\/childhood\/understanding-hepatoblastoma\/staging\/\",\"url\":\"https:\/\/cmeded.com\/es\/childhood\/understanding-hepatoblastoma\/staging\/\",\"name\":\"CMedEd | Informaci\u00f3n para comprender el hepatoblastoma | Estadificaci\u00f3n\",\"isPartOf\":{\"@id\":\"https:\/\/cmeded.com\/es\/#website\"},\"datePublished\":\"2014-02-18T18:29:11+00:00\",\"dateModified\":\"2025-05-06T21:04:54+00:00\",\"description\":\"Estadificaci\u00f3n Para describir debidamente el hepatoblastoma, los m\u00e9dicos utilizan un sistema de estadificaci\u00f3n que toma en cuenta si el tumor puede\",\"breadcrumb\":{\"@id\":\"https:\/\/cmeded.com\/es\/childhood\/understanding-hepatoblastoma\/staging\/#breadcrumb\"},\"inLanguage\":\"es\",\"potentialAction\":[{\"@type\":\"ReadAction\",\"target\":[\"https:\/\/cmeded.com\/es\/childhood\/understanding-hepatoblastoma\/staging\/\"]}]},{\"@type\":\"BreadcrumbList\",\"@id\":\"https:\/\/cmeded.com\/es\/childhood\/understanding-hepatoblastoma\/staging\/#breadcrumb\",\"itemListElement\":[{\"@type\":\"ListItem\",\"position\":1,\"name\":\"Home\",\"item\":\"https:\/\/cmeded.com\/es\/\"},{\"@type\":\"ListItem\",\"position\":2,\"name\":\"Infancia\",\"item\":\"https:\/\/cmeded.com\/es\/childhood\/\"},{\"@type\":\"ListItem\",\"position\":3,\"name\":\"Informaci\u00f3n para comprender el hepatoblastoma\",\"item\":\"https:\/\/cmeded.com\/es\/childhood\/understanding-hepatoblastoma\/\"},{\"@type\":\"ListItem\",\"position\":4,\"name\":\"Estadificaci\u00f3n\"}]},{\"@type\":\"WebSite\",\"@id\":\"https:\/\/cmeded.com\/es\/#website\",\"url\":\"https:\/\/cmeded.com\/es\/\",\"name\":\"CMedEd\",\"description\":\"Recurso principal de informaci\u00f3n sobre el c\u00e1ncer\",\"potentialAction\":[{\"@type\":\"SearchAction\",\"target\":{\"@type\":\"EntryPoint\",\"urlTemplate\":\"https:\/\/cmeded.com\/es\/?s={search_term_string}\"},\"query-input\":{\"@type\":\"PropertyValueSpecification\",\"valueRequired\":true,\"valueName\":\"search_term_string\"}}],\"inLanguage\":\"es\"}]}<\/script>\n<!-- \/ Yoast SEO plugin. -->","yoast_head_json":{"title":"CMedEd | Informaci\u00f3n para comprender el hepatoblastoma | Estadificaci\u00f3n","description":"Estadificaci\u00f3n Para describir debidamente el hepatoblastoma, los m\u00e9dicos utilizan un sistema de estadificaci\u00f3n que toma en cuenta si el tumor puede","robots":{"index":"index","follow":"follow","max-snippet":"max-snippet:-1","max-image-preview":"max-image-preview:large","max-video-preview":"max-video-preview:-1"},"canonical":"https:\/\/cmeded.com\/es\/childhood\/understanding-hepatoblastoma\/staging\/","og_locale":"es_ES","og_type":"article","og_title":"CMedEd | Informaci\u00f3n para comprender el hepatoblastoma | Estadificaci\u00f3n","og_description":"Estadificaci\u00f3n Para describir debidamente el hepatoblastoma, los m\u00e9dicos utilizan un sistema de estadificaci\u00f3n que toma en cuenta si el tumor puede","og_url":"https:\/\/cmeded.com\/es\/childhood\/understanding-hepatoblastoma\/staging\/","og_site_name":"CMedEd","article_modified_time":"2025-05-06T21:04:54+00:00","twitter_card":"summary_large_image","twitter_misc":{"Tiempo de lectura":"3 minutos"},"schema":{"@context":"https:\/\/schema.org","@graph":[{"@type":"WebPage","@id":"https:\/\/cmeded.com\/es\/childhood\/understanding-hepatoblastoma\/staging\/","url":"https:\/\/cmeded.com\/es\/childhood\/understanding-hepatoblastoma\/staging\/","name":"CMedEd | Informaci\u00f3n para comprender el hepatoblastoma | Estadificaci\u00f3n","isPartOf":{"@id":"https:\/\/cmeded.com\/es\/#website"},"datePublished":"2014-02-18T18:29:11+00:00","dateModified":"2025-05-06T21:04:54+00:00","description":"Estadificaci\u00f3n Para describir debidamente el hepatoblastoma, los m\u00e9dicos utilizan un sistema de estadificaci\u00f3n que toma en cuenta si el tumor puede","breadcrumb":{"@id":"https:\/\/cmeded.com\/es\/childhood\/understanding-hepatoblastoma\/staging\/#breadcrumb"},"inLanguage":"es","potentialAction":[{"@type":"ReadAction","target":["https:\/\/cmeded.com\/es\/childhood\/understanding-hepatoblastoma\/staging\/"]}]},{"@type":"BreadcrumbList","@id":"https:\/\/cmeded.com\/es\/childhood\/understanding-hepatoblastoma\/staging\/#breadcrumb","itemListElement":[{"@type":"ListItem","position":1,"name":"Home","item":"https:\/\/cmeded.com\/es\/"},{"@type":"ListItem","position":2,"name":"Infancia","item":"https:\/\/cmeded.com\/es\/childhood\/"},{"@type":"ListItem","position":3,"name":"Informaci\u00f3n para comprender el hepatoblastoma","item":"https:\/\/cmeded.com\/es\/childhood\/understanding-hepatoblastoma\/"},{"@type":"ListItem","position":4,"name":"Estadificaci\u00f3n"}]},{"@type":"WebSite","@id":"https:\/\/cmeded.com\/es\/#website","url":"https:\/\/cmeded.com\/es\/","name":"CMedEd","description":"Recurso principal de informaci\u00f3n sobre el c\u00e1ncer","potentialAction":[{"@type":"SearchAction","target":{"@type":"EntryPoint","urlTemplate":"https:\/\/cmeded.com\/es\/?s={search_term_string}"},"query-input":{"@type":"PropertyValueSpecification","valueRequired":true,"valueName":"search_term_string"}}],"inLanguage":"es"}]}},"_links":{"self":[{"href":"https:\/\/cmeded.com\/es\/wp-json\/wp\/v2\/pages\/14899","targetHints":{"allow":["GET"]}}],"collection":[{"href":"https:\/\/cmeded.com\/es\/wp-json\/wp\/v2\/pages"}],"about":[{"href":"https:\/\/cmeded.com\/es\/wp-json\/wp\/v2\/types\/page"}],"author":[{"embeddable":true,"href":"https:\/\/cmeded.com\/es\/wp-json\/wp\/v2\/users\/5"}],"replies":[{"embeddable":true,"href":"https:\/\/cmeded.com\/es\/wp-json\/wp\/v2\/comments?post=14899"}],"version-history":[{"count":0,"href":"https:\/\/cmeded.com\/es\/wp-json\/wp\/v2\/pages\/14899\/revisions"}],"up":[{"embeddable":true,"href":"https:\/\/cmeded.com\/es\/wp-json\/wp\/v2\/pages\/14814"}],"wp:attachment":[{"href":"https:\/\/cmeded.com\/es\/wp-json\/wp\/v2\/media?parent=14899"}],"wp:term":[{"taxonomy":"post_tag","embeddable":true,"href":"https:\/\/cmeded.com\/es\/wp-json\/wp\/v2\/tags?post=14899"}],"curies":[{"name":"wp","href":"https:\/\/api.w.org\/{rel}","templated":true}]}}