{"id":14898,"date":"2014-02-18T12:30:24","date_gmt":"2014-02-18T18:30:24","guid":{"rendered":"http:\/\/www.cmeded.com\/?page_id=14898"},"modified":"2023-08-24T18:50:14","modified_gmt":"2023-08-24T23:50:14","slug":"symptoms","status":"publish","type":"page","link":"https:\/\/cmeded.com\/es\/gastrointestinal\/understanding-esophageal-cancer\/symptoms\/","title":{"rendered":"S\u00edntomas"},"content":{"rendered":"<h4 class=\"section-title\">S\u00edntomas<\/h4>\n<p class=\"section-content\">Las probabilidades de combatir el c\u00e1ncer de es\u00f3fago aumentan de manera significativa cuando se realiza una detecci\u00f3n precoz de la enfermedad. Desafortunadamente, el c\u00e1ncer de es\u00f3fago no suele producir s\u00edntomas sino hasta alcanzar un estadio avanzado. Es muy importante que le informe al m\u00e9dico si manifiesta alguno de los siguientes s\u00edntomas:<\/p>\n<div class=\"one_half\">\n<div class=\"divider\" id=\"\">\n\t\n\t<\/div><\/p>\n<div class=\"risk-factor\">\n<div class=\"symp-pic\"><img decoding=\"async\" src=\"\/wp-content\/uploads\/2013\/01\/Obstruction.jpg\" class=\"aligncenter\" alt=\"Dificultad para tragar debido al tumor que obstruye el es\u00f3fago\" style=\"height:125px;\"><\/div>\n<div>\n<h5 class=\"section-title\">Dificultad para tragar debido al tumor que obstruye el es\u00f3fago<\/h5>\n<\/div>\n<div class=\"clearboth\"><\/div>\n<\/div>\n<div class=\"divider\" id=\"\">\n\t\n\t<\/div>\n<div class=\"risk-factor\">\n<div class=\"symp-pic\"><img decoding=\"async\" src=\"\/wp-content\/uploads\/2013\/03\/Chest-Pains-180x1501.jpg\" class=\"aligncenter\" alt=\"Molestia o dolor en el pecho\" style=\"height:125px;\"><\/div>\n<div>\n<h5 class=\"section-title\">Molestia o dolor en el pecho<\/h5>\n<\/div>\n<div class=\"clearboth\"><\/div>\n<\/div>\n<div class=\"divider\" id=\"\">\n\t\n\t<\/div>\n<div class=\"risk-factor\">\n<div class=\"symp-pic\"><img decoding=\"async\" src=\"\/wp-content\/uploads\/2021\/06\/black_feet_on_weight.jpg\" class=\"aligncenter\" alt=\"P\u00e9rdida de apetito y de peso involuntarios\" style=\"height:125px;\"><\/div>\n<div>\n<h5 class=\"section-title\">P\u00e9rdida de apetito y de peso involuntarios<\/h5>\n<\/div>\n<div class=\"clearboth\"><\/div>\n<\/div>\n<div class=\"divider\" id=\"\">\n\t\n\t<\/div>\n<div class=\"risk-factor\">\n<div class=\"symp-pic\"><img decoding=\"async\" src=\"\/wp-content\/uploads\/2013\/08\/Heartburn165.jpg\" class=\"aligncenter\" alt=\"Ardor de est\u00f3mago o indigesti\u00f3n\" style=\"height:125px;\"><\/div>\n<div>\n<h5 class=\"section-title\">Ardor de est\u00f3mago o indigesti\u00f3n<\/h5>\n<\/div>\n<div class=\"clearboth\"><\/div>\n<\/div>\n<div class=\"divider\" id=\"\">\n\t\n\t<\/div>\n<div class=\"risk-factor\">\n<div class=\"symp-pic\"><img decoding=\"async\" src=\"\/wp-content\/uploads\/2013\/03\/Vomiting-119x200.jpg\" class=\"aligncenter\" alt=\"V\u00f3mitos\" style=\"height:125px;\"><\/div>\n<div>\n<h5 class=\"section-title\">V\u00f3mitos<\/h5>\n<\/div>\n<div class=\"clearboth\"><\/div>\n<\/div>\n<div class=\"divider\" id=\"\">\n\t\n\t<\/div><\/div>\n<div class=\"one_half last\">\n<div class=\"divider\" id=\"remove-divider\">\n\t\n\t<\/div><\/p>\n<div class=\"risk-factor\">\n<div class=\"symp-pic\"><img decoding=\"async\" src=\"\/wp-content\/uploads\/2021\/06\/Black_Hispanic_Woman.jpg\" class=\"aligncenter\" alt=\"Tos o ronquera cr\u00f3nicas\" style=\"height:125px;\"><\/div>\n<div>\n<h5 class=\"section-title\">Tos o ronquera cr\u00f3nicas<\/h5>\n<\/div>\n<div class=\"clearboth\"><\/div>\n<\/div>\n<div class=\"divider\" id=\"\">\n\t\n\t<\/div>\n<div class=\"risk-factor\">\n<div class=\"symp-pic\"><img decoding=\"async\" src=\"\/wp-content\/uploads\/2013\/01\/Pneumonia.jpg\" class=\"aligncenter\" alt=\"Neumon\u00eda\" style=\"height:125px;\"><\/div>\n<div>\n<h5 class=\"section-title\">Neumon\u00eda<\/h5>\n<\/div>\n<div class=\"clearboth\"><\/div>\n<\/div>\n<div class=\"divider\" id=\"\">\n\t\n\t<\/div>\n<div class=\"risk-factor\">\n<div class=\"symp-pic\"><img decoding=\"async\" src=\"\/wp-content\/uploads\/2013\/08\/Fatigue165.png\" class=\"aligncenter\" alt=\"Cansancio\" style=\"height:125px;\"><\/div>\n<div>\n<h5 class=\"section-title\">Cansancio<\/h5>\n<\/div>\n<div class=\"clearboth\"><\/div>\n<\/div>\n<div class=\"divider\" id=\"\">\n\t\n\t<\/div>\n<div class=\"risk-factor\">\n<div class=\"symp-pic\"><img decoding=\"async\" src=\"\/wp-content\/uploads\/2021\/06\/C_Swallowing163x175.jpg\" class=\"aligncenter\" alt=\"Asfixia al comer\" style=\"height:125px;\"><\/div>\n<div>\n<h5 class=\"section-title\">Asfixia al comer<\/h5>\n<\/div>\n<div class=\"clearboth\"><\/div>\n<\/div>\n<div class=\"divider\" id=\"\">\n\t\n\t<\/div>\n<div class=\"risk-factor\">\n<div class=\"symp-pic\"><img decoding=\"async\" src=\"\/wp-content\/uploads\/2013\/02\/BloodyStool.jpg\" class=\"aligncenter\" alt=\"Sangre en las heces\" style=\"height:125px;\"><\/div>\n<div>\n<h5 class=\"section-title\">Sangre en las heces<\/h5>\n<\/div>\n<div class=\"clearboth\"><\/div>\n<\/div>\n<div class=\"divider\" id=\"\">\n\t\n\t<\/div><\/div>\n<div class=\"clearboth\"><\/div>\n","protected":false},"excerpt":{"rendered":"<p>S\u00edntomas Las probabilidades de combatir el c\u00e1ncer de es\u00f3fago aumentan de manera significativa cuando se realiza una detecci\u00f3n precoz de la enfermedad. Desafortunadamente, el c\u00e1ncer de es\u00f3fago no suele producir s\u00edntomas sino hasta alcanzar un estadio avanzado. Es muy importante que le informe al m\u00e9dico si manifiesta alguno de los siguientes s\u00edntomas: Dificultad para tragar [&hellip;]<\/p>\n","protected":false},"author":5,"featured_media":0,"parent":14876,"menu_order":3,"comment_status":"closed","ping_status":"open","template":"template-tumor.php","meta":{"footnotes":""},"tags":[10],"class_list":["post-14898","page","type-page","status-publish","hentry","tag-members-only"],"yoast_head":"<!-- This site is optimized with the Yoast SEO plugin v25.0 - https:\/\/yoast.com\/wordpress\/plugins\/seo\/ -->\n<title>CMedEd | Informaci\u00f3n para comprender el c\u00e1ncer de es\u00f3fago | S\u00edntomas<\/title>\n<meta name=\"description\" content=\"S\u00edntomas Las probabilidades de combatir el c\u00e1ncer de es\u00f3fago aumentan de manera significativa cuando se realiza una detecci\u00f3n precoz de la enfermedad.\" \/>\n<meta name=\"robots\" content=\"index, follow, max-snippet:-1, max-image-preview:large, max-video-preview:-1\" \/>\n<link rel=\"canonical\" href=\"https:\/\/cmeded.com\/es\/gastrointestinal\/understanding-esophageal-cancer\/symptoms\/\" \/>\n<meta property=\"og:locale\" content=\"es_ES\" \/>\n<meta property=\"og:type\" content=\"article\" \/>\n<meta property=\"og:title\" content=\"CMedEd | Informaci\u00f3n para comprender el c\u00e1ncer de es\u00f3fago | S\u00edntomas\" \/>\n<meta property=\"og:description\" content=\"S\u00edntomas Las probabilidades de combatir el c\u00e1ncer de es\u00f3fago aumentan de manera significativa cuando se realiza una detecci\u00f3n precoz de la enfermedad.\" \/>\n<meta property=\"og:url\" content=\"https:\/\/cmeded.com\/es\/gastrointestinal\/understanding-esophageal-cancer\/symptoms\/\" \/>\n<meta property=\"og:site_name\" content=\"CMedEd\" \/>\n<meta property=\"article:modified_time\" content=\"2023-08-24T23:50:14+00:00\" \/>\n<meta name=\"twitter:card\" content=\"summary_large_image\" \/>\n<meta name=\"twitter:label1\" content=\"Tiempo de lectura\" \/>\n\t<meta name=\"twitter:data1\" content=\"1 minuto\" \/>\n<script type=\"application\/ld+json\" class=\"yoast-schema-graph\">{\"@context\":\"https:\/\/schema.org\",\"@graph\":[{\"@type\":\"WebPage\",\"@id\":\"https:\/\/cmeded.com\/es\/gastrointestinal\/understanding-esophageal-cancer\/symptoms\/\",\"url\":\"https:\/\/cmeded.com\/es\/gastrointestinal\/understanding-esophageal-cancer\/symptoms\/\",\"name\":\"CMedEd | Informaci\u00f3n para comprender el c\u00e1ncer de es\u00f3fago | S\u00edntomas\",\"isPartOf\":{\"@id\":\"https:\/\/cmeded.com\/es\/#website\"},\"datePublished\":\"2014-02-18T18:30:24+00:00\",\"dateModified\":\"2023-08-24T23:50:14+00:00\",\"description\":\"S\u00edntomas Las probabilidades de combatir el c\u00e1ncer de es\u00f3fago aumentan de manera significativa cuando se realiza una detecci\u00f3n precoz de la enfermedad.\",\"breadcrumb\":{\"@id\":\"https:\/\/cmeded.com\/es\/gastrointestinal\/understanding-esophageal-cancer\/symptoms\/#breadcrumb\"},\"inLanguage\":\"es\",\"potentialAction\":[{\"@type\":\"ReadAction\",\"target\":[\"https:\/\/cmeded.com\/es\/gastrointestinal\/understanding-esophageal-cancer\/symptoms\/\"]}]},{\"@type\":\"BreadcrumbList\",\"@id\":\"https:\/\/cmeded.com\/es\/gastrointestinal\/understanding-esophageal-cancer\/symptoms\/#breadcrumb\",\"itemListElement\":[{\"@type\":\"ListItem\",\"position\":1,\"name\":\"Home\",\"item\":\"https:\/\/cmeded.com\/es\/\"},{\"@type\":\"ListItem\",\"position\":2,\"name\":\"Gastrointestinal\",\"item\":\"https:\/\/cmeded.com\/es\/gastrointestinal\/\"},{\"@type\":\"ListItem\",\"position\":3,\"name\":\"Informaci\u00f3n para comprender el c\u00e1ncer de es\u00f3fago\",\"item\":\"https:\/\/cmeded.com\/es\/gastrointestinal\/understanding-esophageal-cancer\/\"},{\"@type\":\"ListItem\",\"position\":4,\"name\":\"S\u00edntomas\"}]},{\"@type\":\"WebSite\",\"@id\":\"https:\/\/cmeded.com\/es\/#website\",\"url\":\"https:\/\/cmeded.com\/es\/\",\"name\":\"CMedEd\",\"description\":\"Recurso principal de informaci\u00f3n sobre el c\u00e1ncer\",\"potentialAction\":[{\"@type\":\"SearchAction\",\"target\":{\"@type\":\"EntryPoint\",\"urlTemplate\":\"https:\/\/cmeded.com\/es\/?s={search_term_string}\"},\"query-input\":{\"@type\":\"PropertyValueSpecification\",\"valueRequired\":true,\"valueName\":\"search_term_string\"}}],\"inLanguage\":\"es\"}]}<\/script>\n<!-- \/ Yoast SEO plugin. -->","yoast_head_json":{"title":"CMedEd | Informaci\u00f3n para comprender el c\u00e1ncer de es\u00f3fago | S\u00edntomas","description":"S\u00edntomas Las probabilidades de combatir el c\u00e1ncer de es\u00f3fago aumentan de manera significativa cuando se realiza una detecci\u00f3n precoz de la enfermedad.","robots":{"index":"index","follow":"follow","max-snippet":"max-snippet:-1","max-image-preview":"max-image-preview:large","max-video-preview":"max-video-preview:-1"},"canonical":"https:\/\/cmeded.com\/es\/gastrointestinal\/understanding-esophageal-cancer\/symptoms\/","og_locale":"es_ES","og_type":"article","og_title":"CMedEd | Informaci\u00f3n para comprender el c\u00e1ncer de es\u00f3fago | S\u00edntomas","og_description":"S\u00edntomas Las probabilidades de combatir el c\u00e1ncer de es\u00f3fago aumentan de manera significativa cuando se realiza una detecci\u00f3n precoz de la enfermedad.","og_url":"https:\/\/cmeded.com\/es\/gastrointestinal\/understanding-esophageal-cancer\/symptoms\/","og_site_name":"CMedEd","article_modified_time":"2023-08-24T23:50:14+00:00","twitter_card":"summary_large_image","twitter_misc":{"Tiempo de lectura":"1 minuto"},"schema":{"@context":"https:\/\/schema.org","@graph":[{"@type":"WebPage","@id":"https:\/\/cmeded.com\/es\/gastrointestinal\/understanding-esophageal-cancer\/symptoms\/","url":"https:\/\/cmeded.com\/es\/gastrointestinal\/understanding-esophageal-cancer\/symptoms\/","name":"CMedEd | Informaci\u00f3n para comprender el c\u00e1ncer de es\u00f3fago | S\u00edntomas","isPartOf":{"@id":"https:\/\/cmeded.com\/es\/#website"},"datePublished":"2014-02-18T18:30:24+00:00","dateModified":"2023-08-24T23:50:14+00:00","description":"S\u00edntomas Las probabilidades de combatir el c\u00e1ncer de es\u00f3fago aumentan de manera significativa cuando se realiza una detecci\u00f3n precoz de la enfermedad.","breadcrumb":{"@id":"https:\/\/cmeded.com\/es\/gastrointestinal\/understanding-esophageal-cancer\/symptoms\/#breadcrumb"},"inLanguage":"es","potentialAction":[{"@type":"ReadAction","target":["https:\/\/cmeded.com\/es\/gastrointestinal\/understanding-esophageal-cancer\/symptoms\/"]}]},{"@type":"BreadcrumbList","@id":"https:\/\/cmeded.com\/es\/gastrointestinal\/understanding-esophageal-cancer\/symptoms\/#breadcrumb","itemListElement":[{"@type":"ListItem","position":1,"name":"Home","item":"https:\/\/cmeded.com\/es\/"},{"@type":"ListItem","position":2,"name":"Gastrointestinal","item":"https:\/\/cmeded.com\/es\/gastrointestinal\/"},{"@type":"ListItem","position":3,"name":"Informaci\u00f3n para comprender el c\u00e1ncer de es\u00f3fago","item":"https:\/\/cmeded.com\/es\/gastrointestinal\/understanding-esophageal-cancer\/"},{"@type":"ListItem","position":4,"name":"S\u00edntomas"}]},{"@type":"WebSite","@id":"https:\/\/cmeded.com\/es\/#website","url":"https:\/\/cmeded.com\/es\/","name":"CMedEd","description":"Recurso principal de informaci\u00f3n sobre el c\u00e1ncer","potentialAction":[{"@type":"SearchAction","target":{"@type":"EntryPoint","urlTemplate":"https:\/\/cmeded.com\/es\/?s={search_term_string}"},"query-input":{"@type":"PropertyValueSpecification","valueRequired":true,"valueName":"search_term_string"}}],"inLanguage":"es"}]}},"_links":{"self":[{"href":"https:\/\/cmeded.com\/es\/wp-json\/wp\/v2\/pages\/14898","targetHints":{"allow":["GET"]}}],"collection":[{"href":"https:\/\/cmeded.com\/es\/wp-json\/wp\/v2\/pages"}],"about":[{"href":"https:\/\/cmeded.com\/es\/wp-json\/wp\/v2\/types\/page"}],"author":[{"embeddable":true,"href":"https:\/\/cmeded.com\/es\/wp-json\/wp\/v2\/users\/5"}],"replies":[{"embeddable":true,"href":"https:\/\/cmeded.com\/es\/wp-json\/wp\/v2\/comments?post=14898"}],"version-history":[{"count":0,"href":"https:\/\/cmeded.com\/es\/wp-json\/wp\/v2\/pages\/14898\/revisions"}],"up":[{"embeddable":true,"href":"https:\/\/cmeded.com\/es\/wp-json\/wp\/v2\/pages\/14876"}],"wp:attachment":[{"href":"https:\/\/cmeded.com\/es\/wp-json\/wp\/v2\/media?parent=14898"}],"wp:term":[{"taxonomy":"post_tag","embeddable":true,"href":"https:\/\/cmeded.com\/es\/wp-json\/wp\/v2\/tags?post=14898"}],"curies":[{"name":"wp","href":"https:\/\/api.w.org\/{rel}","templated":true}]}}