{"id":14790,"date":"2014-02-17T16:17:08","date_gmt":"2014-02-17T22:17:08","guid":{"rendered":"http:\/\/www.cmeded.com\/?page_id=14790"},"modified":"2023-08-24T22:04:21","modified_gmt":"2023-08-25T03:04:21","slug":"symptoms","status":"publish","type":"page","link":"https:\/\/cmeded.com\/es\/gastrointestinal\/understanding-colorectal-cancer\/symptoms\/","title":{"rendered":"S\u00edntomas"},"content":{"rendered":"<h4 class=\"section-title\">S\u00edntomas<\/h4>\n<p class=\"section-content\">Las probabilidades de curarse despu\u00e9s de un diagn\u00f3stico de c\u00e1ncer colorrectal son mucho mayores tras una detecci\u00f3n temprana de la enfermedad. Afortunadamente, los m\u00e9dicos suelen descubrir la enfermedad de manera temprana e incluso la previenen con pruebas de detecci\u00f3n de rutina. Si se manifiestan s\u00edntomas, pueden incluirse los siguientes:<\/p>\n<div class=\"one_half\"><div class=\"divider\" id=\"\">\n\t\n\t<\/div><\/p>\n<div class=\"risk-factor\">\n<div class=\"symp-pic\"><img decoding=\"async\" class=\"aligncenter\" style=\"height: 125px;\" src=\"\/wp-content\/uploads\/2013\/02\/BloodyStool.jpg\" alt=\"Sangrado rectal. Heces oscuras o con restos de sangre\" \/><\/div>\n<div class=\"wrap-fix\">\n<h5 class=\"section-title\">Sangrado rectal. Heces oscuras o con restos de sangre, o de color alquitr\u00e1n. Cambios en los patrones de movimiento intestinal<\/h5>\n<\/div>\n<div class=\"clearboth\"><\/div>\n<\/div>\n<div class=\"divider\" id=\"\">\n\t\n\t<\/div>\n<div class=\"risk-factor\">\n<div class=\"symp-pic\"><img decoding=\"async\" class=\"aligncenter\" style=\"height: 125px;\" src=\"\/wp-content\/uploads\/2013\/02\/DiarrheaNew.jpg\" alt=\"Diarrea o estre\u00f1imiento\" \/><\/div>\n<div>\n<h5 class=\"section-title\">Diarrea o estre\u00f1imiento<\/h5>\n<\/div>\n<div class=\"clearboth\"><\/div>\n<\/div>\n<div class=\"divider\" id=\"\">\n\t\n\t<\/div>\n<div class=\"risk-factor\">\n<div class=\"symp-pic\"><img decoding=\"async\" class=\"aligncenter\" style=\"height: 125px;\" src=\"\/wp-content\/uploads\/2019\/01\/Screen-Shot-2019-01-08-at-4.04.31-PM.png\" alt=\"Dolor o c\u00f3licos abdominales\" \/><\/div>\n<div>\n<h5 class=\"section-title\">Dolor o c\u00f3licos abdominales<\/h5>\n<\/div>\n<div class=\"clearboth\"><\/div>\n<\/div>\n<div class=\"divider\" id=\"\">\n\t\n\t<\/div>\n<div class=\"risk-factor\">\n<div class=\"symp-pic\"><img decoding=\"async\" class=\"aligncenter\" style=\"height: 125px;\" src=\"\/wp-content\/uploads\/2013\/02\/NewBloating150.jpg\" alt=\"Sensaci\u00f3n de estar lleno o hinchado\" \/><\/div>\n<div>\n<h5 class=\"section-title\">Sensaci\u00f3n de estar lleno o hinchado<\/h5>\n<\/div>\n<div class=\"clearboth\"><\/div>\n<\/div>\n<div class=\"divider\" id=\"\">\n\t\n\t<\/div>\n<\/div>\n<div class=\"one_half last\"><div class=\"divider\" id=\"remove-divider\">\n\t\n\t<\/div><\/p>\n<div class=\"risk-factor\">\n<div class=\"symp-pic\"><img decoding=\"async\" class=\"aligncenter\" style=\"height: 125px;\" src=\"\/wp-content\/uploads\/2021\/06\/black_feet_on_weight.jpg\" alt=\"P\u00e9rdida de peso inexplicable\" \/><\/div>\n<div>\n<h5 class=\"section-title\">P\u00e9rdida de peso inexplicable<\/h5>\n<\/div>\n<div class=\"clearboth\"><\/div>\n<\/div>\n<div class=\"divider\" id=\"\">\n\t\n\t<\/div>\n<div class=\"risk-factor\">\n<div class=\"symp-pic\"><img decoding=\"async\" class=\"aligncenter\" style=\"height: 125px;\" src=\"\/wp-content\/uploads\/2013\/03\/Vomiting-119x200.jpg\" alt=\"N\u00e1useas y v\u00f3mitos\" \/><\/div>\n<div>\n<h5 class=\"section-title\">N\u00e1useas y v\u00f3mitos<\/h5>\n<\/div>\n<div class=\"clearboth\"><\/div>\n<\/div>\n<div class=\"divider\" id=\"\">\n\t\n\t<\/div>\n<div class=\"risk-factor\">\n<div class=\"symp-pic\"><img decoding=\"async\" src=\"\/wp-content\/uploads\/2013\/09\/FinancialTroubles162x200.png\" class=\"aligncenter\" alt=\"Weakness and fatigue\" style=\"height:125px;\"><\/div>\n<div>\n<h5 class=\"section-title\">Debilidad y cansancio. Carencia de hierro o anemia inexplicables<\/h5>\n<\/div>\n<div class=\"clearboth\"><\/div>\n<\/div>\n<div class=\"divider\" id=\"\">\n\t\n\t<\/div>\n<\/div>\n<div class=\"clearboth\"><\/div>\n","protected":false},"excerpt":{"rendered":"<p>S\u00edntomas Las probabilidades de curarse despu\u00e9s de un diagn\u00f3stico de c\u00e1ncer colorrectal son mucho mayores tras una detecci\u00f3n temprana de la enfermedad. Afortunadamente, los m\u00e9dicos suelen descubrir la enfermedad de manera temprana e incluso la previenen con pruebas de detecci\u00f3n de rutina. Si se manifiestan s\u00edntomas, pueden incluirse los siguientes: Sangrado rectal. Heces oscuras o [&hellip;]<\/p>\n","protected":false},"author":5,"featured_media":0,"parent":14779,"menu_order":3,"comment_status":"closed","ping_status":"open","template":"template-tumor.php","meta":{"footnotes":""},"tags":[10],"class_list":["post-14790","page","type-page","status-publish","hentry","tag-members-only"],"yoast_head":"<!-- This site is optimized with the Yoast SEO plugin v25.0 - https:\/\/yoast.com\/wordpress\/plugins\/seo\/ -->\n<title>CMedEd | Informaci\u00f3n para comprender el c\u00e1ncer colorrectal | S\u00edntomas<\/title>\n<meta name=\"description\" content=\"S\u00edntomas Las probabilidades de curarse despu\u00e9s de un diagn\u00f3stico de c\u00e1ncer colorrectal son mucho mayores tras una detecci\u00f3n temprana de la enfermedad.\" \/>\n<meta name=\"robots\" content=\"index, follow, max-snippet:-1, max-image-preview:large, max-video-preview:-1\" \/>\n<link rel=\"canonical\" href=\"https:\/\/cmeded.com\/es\/gastrointestinal\/understanding-colorectal-cancer\/symptoms\/\" \/>\n<meta property=\"og:locale\" content=\"es_ES\" \/>\n<meta property=\"og:type\" content=\"article\" \/>\n<meta property=\"og:title\" content=\"CMedEd | Informaci\u00f3n para comprender el c\u00e1ncer colorrectal | S\u00edntomas\" \/>\n<meta property=\"og:description\" content=\"S\u00edntomas Las probabilidades de curarse despu\u00e9s de un diagn\u00f3stico de c\u00e1ncer colorrectal son mucho mayores tras una detecci\u00f3n temprana de la enfermedad.\" \/>\n<meta property=\"og:url\" content=\"https:\/\/cmeded.com\/es\/gastrointestinal\/understanding-colorectal-cancer\/symptoms\/\" \/>\n<meta property=\"og:site_name\" content=\"CMedEd\" \/>\n<meta property=\"article:modified_time\" content=\"2023-08-25T03:04:21+00:00\" \/>\n<meta name=\"twitter:card\" content=\"summary_large_image\" \/>\n<meta name=\"twitter:label1\" content=\"Tiempo de lectura\" \/>\n\t<meta name=\"twitter:data1\" content=\"2 minutos\" \/>\n<script type=\"application\/ld+json\" class=\"yoast-schema-graph\">{\"@context\":\"https:\/\/schema.org\",\"@graph\":[{\"@type\":\"WebPage\",\"@id\":\"https:\/\/cmeded.com\/es\/gastrointestinal\/understanding-colorectal-cancer\/symptoms\/\",\"url\":\"https:\/\/cmeded.com\/es\/gastrointestinal\/understanding-colorectal-cancer\/symptoms\/\",\"name\":\"CMedEd | Informaci\u00f3n para comprender el c\u00e1ncer colorrectal | S\u00edntomas\",\"isPartOf\":{\"@id\":\"https:\/\/cmeded.com\/es\/#website\"},\"datePublished\":\"2014-02-17T22:17:08+00:00\",\"dateModified\":\"2023-08-25T03:04:21+00:00\",\"description\":\"S\u00edntomas Las probabilidades de curarse despu\u00e9s de un diagn\u00f3stico de c\u00e1ncer colorrectal son mucho mayores tras una detecci\u00f3n temprana de la enfermedad.\",\"breadcrumb\":{\"@id\":\"https:\/\/cmeded.com\/es\/gastrointestinal\/understanding-colorectal-cancer\/symptoms\/#breadcrumb\"},\"inLanguage\":\"es\",\"potentialAction\":[{\"@type\":\"ReadAction\",\"target\":[\"https:\/\/cmeded.com\/es\/gastrointestinal\/understanding-colorectal-cancer\/symptoms\/\"]}]},{\"@type\":\"BreadcrumbList\",\"@id\":\"https:\/\/cmeded.com\/es\/gastrointestinal\/understanding-colorectal-cancer\/symptoms\/#breadcrumb\",\"itemListElement\":[{\"@type\":\"ListItem\",\"position\":1,\"name\":\"Home\",\"item\":\"https:\/\/cmeded.com\/es\/\"},{\"@type\":\"ListItem\",\"position\":2,\"name\":\"Gastrointestinal\",\"item\":\"https:\/\/cmeded.com\/es\/gastrointestinal\/\"},{\"@type\":\"ListItem\",\"position\":3,\"name\":\"Informaci\u00f3n para comprender el c\u00e1ncer colorrectal\",\"item\":\"https:\/\/cmeded.com\/es\/gastrointestinal\/understanding-colorectal-cancer\/\"},{\"@type\":\"ListItem\",\"position\":4,\"name\":\"S\u00edntomas\"}]},{\"@type\":\"WebSite\",\"@id\":\"https:\/\/cmeded.com\/es\/#website\",\"url\":\"https:\/\/cmeded.com\/es\/\",\"name\":\"CMedEd\",\"description\":\"Recurso principal de informaci\u00f3n sobre el c\u00e1ncer\",\"potentialAction\":[{\"@type\":\"SearchAction\",\"target\":{\"@type\":\"EntryPoint\",\"urlTemplate\":\"https:\/\/cmeded.com\/es\/?s={search_term_string}\"},\"query-input\":{\"@type\":\"PropertyValueSpecification\",\"valueRequired\":true,\"valueName\":\"search_term_string\"}}],\"inLanguage\":\"es\"}]}<\/script>\n<!-- \/ Yoast SEO plugin. -->","yoast_head_json":{"title":"CMedEd | Informaci\u00f3n para comprender el c\u00e1ncer colorrectal | S\u00edntomas","description":"S\u00edntomas Las probabilidades de curarse despu\u00e9s de un diagn\u00f3stico de c\u00e1ncer colorrectal son mucho mayores tras una detecci\u00f3n temprana de la enfermedad.","robots":{"index":"index","follow":"follow","max-snippet":"max-snippet:-1","max-image-preview":"max-image-preview:large","max-video-preview":"max-video-preview:-1"},"canonical":"https:\/\/cmeded.com\/es\/gastrointestinal\/understanding-colorectal-cancer\/symptoms\/","og_locale":"es_ES","og_type":"article","og_title":"CMedEd | Informaci\u00f3n para comprender el c\u00e1ncer colorrectal | S\u00edntomas","og_description":"S\u00edntomas Las probabilidades de curarse despu\u00e9s de un diagn\u00f3stico de c\u00e1ncer colorrectal son mucho mayores tras una detecci\u00f3n temprana de la enfermedad.","og_url":"https:\/\/cmeded.com\/es\/gastrointestinal\/understanding-colorectal-cancer\/symptoms\/","og_site_name":"CMedEd","article_modified_time":"2023-08-25T03:04:21+00:00","twitter_card":"summary_large_image","twitter_misc":{"Tiempo de lectura":"2 minutos"},"schema":{"@context":"https:\/\/schema.org","@graph":[{"@type":"WebPage","@id":"https:\/\/cmeded.com\/es\/gastrointestinal\/understanding-colorectal-cancer\/symptoms\/","url":"https:\/\/cmeded.com\/es\/gastrointestinal\/understanding-colorectal-cancer\/symptoms\/","name":"CMedEd | Informaci\u00f3n para comprender el c\u00e1ncer colorrectal | S\u00edntomas","isPartOf":{"@id":"https:\/\/cmeded.com\/es\/#website"},"datePublished":"2014-02-17T22:17:08+00:00","dateModified":"2023-08-25T03:04:21+00:00","description":"S\u00edntomas Las probabilidades de curarse despu\u00e9s de un diagn\u00f3stico de c\u00e1ncer colorrectal son mucho mayores tras una detecci\u00f3n temprana de la enfermedad.","breadcrumb":{"@id":"https:\/\/cmeded.com\/es\/gastrointestinal\/understanding-colorectal-cancer\/symptoms\/#breadcrumb"},"inLanguage":"es","potentialAction":[{"@type":"ReadAction","target":["https:\/\/cmeded.com\/es\/gastrointestinal\/understanding-colorectal-cancer\/symptoms\/"]}]},{"@type":"BreadcrumbList","@id":"https:\/\/cmeded.com\/es\/gastrointestinal\/understanding-colorectal-cancer\/symptoms\/#breadcrumb","itemListElement":[{"@type":"ListItem","position":1,"name":"Home","item":"https:\/\/cmeded.com\/es\/"},{"@type":"ListItem","position":2,"name":"Gastrointestinal","item":"https:\/\/cmeded.com\/es\/gastrointestinal\/"},{"@type":"ListItem","position":3,"name":"Informaci\u00f3n para comprender el c\u00e1ncer colorrectal","item":"https:\/\/cmeded.com\/es\/gastrointestinal\/understanding-colorectal-cancer\/"},{"@type":"ListItem","position":4,"name":"S\u00edntomas"}]},{"@type":"WebSite","@id":"https:\/\/cmeded.com\/es\/#website","url":"https:\/\/cmeded.com\/es\/","name":"CMedEd","description":"Recurso principal de informaci\u00f3n sobre el c\u00e1ncer","potentialAction":[{"@type":"SearchAction","target":{"@type":"EntryPoint","urlTemplate":"https:\/\/cmeded.com\/es\/?s={search_term_string}"},"query-input":{"@type":"PropertyValueSpecification","valueRequired":true,"valueName":"search_term_string"}}],"inLanguage":"es"}]}},"_links":{"self":[{"href":"https:\/\/cmeded.com\/es\/wp-json\/wp\/v2\/pages\/14790","targetHints":{"allow":["GET"]}}],"collection":[{"href":"https:\/\/cmeded.com\/es\/wp-json\/wp\/v2\/pages"}],"about":[{"href":"https:\/\/cmeded.com\/es\/wp-json\/wp\/v2\/types\/page"}],"author":[{"embeddable":true,"href":"https:\/\/cmeded.com\/es\/wp-json\/wp\/v2\/users\/5"}],"replies":[{"embeddable":true,"href":"https:\/\/cmeded.com\/es\/wp-json\/wp\/v2\/comments?post=14790"}],"version-history":[{"count":0,"href":"https:\/\/cmeded.com\/es\/wp-json\/wp\/v2\/pages\/14790\/revisions"}],"up":[{"embeddable":true,"href":"https:\/\/cmeded.com\/es\/wp-json\/wp\/v2\/pages\/14779"}],"wp:attachment":[{"href":"https:\/\/cmeded.com\/es\/wp-json\/wp\/v2\/media?parent=14790"}],"wp:term":[{"taxonomy":"post_tag","embeddable":true,"href":"https:\/\/cmeded.com\/es\/wp-json\/wp\/v2\/tags?post=14790"}],"curies":[{"name":"wp","href":"https:\/\/api.w.org\/{rel}","templated":true}]}}