{"id":14785,"date":"2014-02-17T16:13:00","date_gmt":"2014-02-17T22:13:00","guid":{"rendered":"http:\/\/www.cmeded.com\/?page_id=14785"},"modified":"2025-03-29T09:37:36","modified_gmt":"2025-03-29T14:37:36","slug":"risk-factors","status":"publish","type":"page","link":"https:\/\/cmeded.com\/es\/gastrointestinal\/understanding-colorectal-cancer\/risk-factors\/","title":{"rendered":"Factores de riesgo"},"content":{"rendered":"<h4 class=\"section-title\">Factores de riesgo<\/h4>\n<p class=\"section-content\">Un factor de riesgo es una caracter\u00edstica, una conducta o una afecci\u00f3n que aumenta las posibilidades de contraer una enfermedad. A continuaci\u00f3n, se detallan algunos factores de riesgo conocidos que inciden en el desarrollo del c\u00e1ncer colorrectal:<\/p>\n<div class=\"divider\" id=\"\">\n\t\n\t<\/div>\n<div class=\"risk-factor\">\n<div class=\"risk-pic\">\n<div style=\"width: 100%; display: flex;\"><img decoding=\"async\" class=\"aligncenter\" style=\"height: 115px;\" src=\"\/wp-content\/uploads\/2016\/01\/Obesity.jpg\" alt=\"Edad\" \/><br \/>\n<img decoding=\"async\" class=\"aligncenter\" style=\"height: 115px;\" src=\"\/wp-content\/uploads\/2013\/10\/MidAgeMan127x175.png\" alt=\"Edad\" \/><\/div>\n<\/div>\n<div class=\"risk-text\">\n<h5 class=\"section-title\">Edad<\/h5>\n<p class=\"section-content\">M\u00e1s del 90% de las personas que desarrollan c\u00e1ncer colorrectal tienen m\u00e1s de 50 a\u00f1os. El c\u00e1ncer colorrectal de aparici\u00f3n temprana (diagnosticado antes de los 45 a\u00f1os) est\u00e1 aumentando en los Estados Unidos, y una mayor proporci\u00f3n de nuevos diagn\u00f3sticos de c\u00e1ncer colorrectal cada a\u00f1o ocurren en este entorno.<\/p>\n<\/div>\n<div class=\"clearboth\"><\/div>\n<\/div>\n<div class=\"divider\" id=\"\">\n\t\n\t<\/div>\n<div class=\"risk-factor\">\n<div class=\"risk-pic\"><img decoding=\"async\" class=\"aligncenter\" style=\"height: 115px;\" src=\"\/wp-content\/uploads\/2012\/11\/family-history.png\" alt=\"Antecedentes familiares\" \/><\/div>\n<div class=\"risk-text\">\n<h5 class=\"section-title\">Antecedentes familiares<\/h5>\n<p class=\"section-content\">Los parientes cercanos de una persona que ha padecido c\u00e1ncer colorrectal tienen m\u00e1s probabilidades de padecer la enfermedad.<\/p>\n<\/div>\n<div class=\"clearboth\"><\/div>\n<\/div>\n<div class=\"divider\" id=\"\">\n\t\n\t<\/div>\n<div class=\"risk-factor\">\n<div class=\"risk-pic\">\n<p><a title=\"Click Image to Enlarge.\" href=\"\/wp-content\/uploads\/2013\/01\/Colon-Cancer-Polyp-Blowout-PSF.jpg\"><img decoding=\"async\" class=\"aligncenter\" style=\"height: 100px;\" src=\"\/wp-content\/uploads\/2013\/02\/Polyp150.jpg\" alt=\"P\u00f3lipos colorrectales\" \/><\/a><\/p>\n<\/div>\n<div class=\"risk-text\">\n<h5 class=\"section-title\">P\u00f3lipos colorrectales<\/h5>\n<p class=\"section-content\">Las personas que tienen p\u00f3lipos en el colon presentan m\u00e1s probabilidades de contraer c\u00e1ncer colorrectal.<\/p>\n<\/div>\n<div class=\"clearboth\"><\/div>\n<\/div>\n<div class=\"divider\" id=\"\">\n\t\n\t<\/div>\n<div class=\"risk-factor\">\n<div class=\"risk-pic\">\n<div style=\"width: 100%; display: flex; flex-direction: column;\"><img decoding=\"async\" class=\"aligncenter\" style=\"height: 115px;\" src=\"\/wp-content\/uploads\/2013\/10\/Family450x306.png\" alt=\"Gen\u00e9tica\" \/><br \/>\n<img decoding=\"async\" class=\"aligncenter\" style=\"height: 115px;\" src=\"\/wp-content\/uploads\/2013\/02\/FamilyHist150.jpg\" alt=\"Gen\u00e9tica\" \/><\/div>\n<\/div>\n<div class=\"risk-text\">\n<h5 class=\"section-title\">Gen\u00e9tica<\/h5>\n<p class=\"section-content\">Alrededor del 5 % al 10 % de todos los casos de c\u00e1ncer colorrectal se debe a mutaciones gen\u00e9ticas hereditarias como el c\u00e1ncer colorrectal hereditario no asociado a poliposis (hereditary non-polyposis colon cancer, HNPCC) y la poliposis adenomatosa familiar (PAF).<\/p>\n<ul class=\"about-content\">\n<li><strong>C\u00e1ncer colorrectal hereditario no asociado a poliposis:<\/strong> el HNPCC es la forma de c\u00e1ncer de colon hereditario m\u00e1s frecuente y representa cerca del 3 % al 5 % de todos los tipos de c\u00e1ncer colorrectal. Esta enfermedad se debe a mutaciones en el gen HNPCC (MSI). Las personas con estas mutaciones presentan un 80 % de posibilidades de contraer c\u00e1ncer colorrectal en alg\u00fan momento de la vida. Las personas con estas mutaciones tienen alrededor de un 80% de probabilidades de desarrollar c\u00e1ncer colorrectal a lo largo de su vida, y las mujeres con HNPCC tienen un mayor riesgo de desarrollar c\u00e1ncer de \u00fatero.<\/li>\n<li><strong>Poliposis adenomatosa familiar (PAF):<\/strong> PAF es una condicion poco comun que puede producir la formaci\u00f3n de miles de p\u00f3lipos en el colon o el recto.  Es causada por una mutaci\u00f3n en el gen APC.  La PAF generalmente provoca c\u00e1ncer colorrectal a partir de los 40 a\u00f1os de edad. Si  no se trata, puede convertirse en c\u00e1ncer a partir de los 20 a\u00f1os de edad.<\/li>\n<\/ul>\n<\/div>\n<div class=\"clearboth\"><\/div>\n<\/div>\n<div class=\"divider\" id=\"\">\n\t\n\t<\/div>\n<div class=\"risk-factor\">\n<div class=\"risk-pic\">\n<p><a title=\"Click Image to Enlarge.\" href=\"\/wp-content\/uploads\/2013\/01\/Inflammed-Stomach-PSF.jpg\"><img decoding=\"async\" class=\"aligncenter\" style=\"height: 115px;\" src=\"\/wp-content\/uploads\/2013\/01\/StomachInflammation2.jpg\" alt=\"Enfermedad inflamatoria intestinal\" \/><\/a><\/p>\n<\/div>\n<div class=\"risk-text\">\n<h5 class=\"section-title\">Enfermedad inflamatoria intestinal<\/h5>\n<p class=\"section-content\">Las enfermedades inflamatorias intestinales, como la colitis ulcerosa y la enfermedad de Crohn, provocan dolor e hinchaz\u00f3n en el colon y aumentan el riesgo de tener c\u00e1ncer colorrectal.<\/p>\n<\/div>\n<div class=\"clearboth\"><\/div>\n<\/div>\n<div class=\"divider\" id=\"\">\n\t\n\t<\/div>\n<div class=\"risk-factor\">\n<div class=\"risk-pic\">\n<p><img decoding=\"async\" class=\"aligncenter\" style=\"height: 115px;\" src=\"\/wp-content\/uploads\/2013\/10\/AfricanAmerican130x175.png\" alt=\"Origen \u00e9tnico\" \/><br \/>\n<img decoding=\"async\" class=\"aligncenter\" style=\"height: 115px;\" src=\"\/wp-content\/uploads\/2013\/04\/MidAgedMan150.jpg\" alt=\"Origen \u00e9tnico\" \/><\/p>\n<\/div>\n<div class=\"risk-text\">\n<h5 class=\"section-title\">Origen \u00e9tnico<\/h5>\n<p class=\"section-content\">Los afroamericanos y los jud\u00edos de ascendencia europea oriental presentan un riesgo mayor de contraer c\u00e1ncer colorrectal debido a ciertos rasgos gen\u00e9ticos.<\/p>\n<ul class=\"about-content\">\n<li>Los descendientes de jud\u00edos y de europeos orientales podr\u00edan tener una mutaci\u00f3n gen\u00e9tica heredada llamada APC I1307K, que incrementa el riesgo.<\/li>\n<li>Los afroamericanos tienen la mayor incidencia y la mayor tasa de mortalidad de todos los grupos \u00e9tnicos. No obstante, estos casos no est\u00e1n ligados a cambios gen\u00e9ticos espec\u00edficos, y las razones de este alto riesgo no son claras.<\/li>\n<\/ul>\n<\/div>\n<div class=\"clearboth\"><\/div>\n<\/div>\n<div class=\"divider\" id=\"\">\n\t\n\t<\/div>\n<div class=\"risk-factor\">\n<div class=\"risk-pic\"><img decoding=\"async\" class=\"aligncenter\" style=\"height: 100px;\" src=\"\/wp-content\/uploads\/2013\/03\/Diabetes178x150.png\" alt=\"Diabetes de tipo 2\" \/><\/div>\n<div class=\"risk-text\">\n<h5 class=\"section-title\">Diabetes de tipo 2<\/h5>\n<p class=\"section-content\">Las personas que tienen diabetes de tipo 2 tienen m\u00e1s probabilidades de contraer c\u00e1ncer colorrectal.<\/p>\n<\/div>\n<div class=\"clearboth\"><\/div>\n<\/div>\n<div class=\"divider\" id=\"\">\n\t\n\t<\/div>\n<div class=\"risk-factor\">\n<div class=\"risk-pic\"><img decoding=\"async\" class=\"aligncenter\" style=\"height: 100px;\" src=\"\/wp-content\/uploads\/2013\/01\/Diet-150x1501.jpg\" alt=\"Alimentaci\u00f3n\" \/><\/div>\n<div class=\"risk-text\">\n<h5 class=\"section-title\">Alimentaci\u00f3n<\/h5>\n<p class=\"section-content\">Una alimentaci\u00f3n alta en grasas y carnes rojas, y\/o baja en fibras, puede aumentar el riesgo de tener c\u00e1ncer colorrectal.<\/p>\n<\/div>\n<div class=\"clearboth\"><\/div>\n<\/div>\n<div class=\"divider\" id=\"\">\n\t\n\t<\/div>\n<div class=\"risk-factor\">\n<div class=\"risk-pic\"><img decoding=\"async\" class=\"aligncenter\" style=\"height: 125px;\" src=\"\/wp-content\/uploads\/2021\/06\/black_obese_legs.jpg\" alt=\"Obesidad\" \/><\/div>\n<div class=\"risk-text\">\n<h5 class=\"section-title\">Obesidad<\/h5>\n<p class=\"section-content\">El sobrepeso, especialmente si hay mucha grasa en la zona del est\u00f3mago, puede aumentar el riesgo de contraer c\u00e1ncer colorrectal.<\/p>\n<\/div>\n<div class=\"clearboth\"><\/div>\n<\/div>\n<div class=\"divider\" id=\"\">\n\t\n\t<\/div>\n<div class=\"risk-factor\">\n<div class=\"risk-pic\"><img decoding=\"async\" class=\"aligncenter\" style=\"height: 100px;\" src=\"\/wp-content\/uploads\/2013\/02\/Alcohol150.jpg\" alt=\"Alcohol\" \/><\/div>\n<div class=\"risk-text\">\n<h5 class=\"section-title\">Alcohol<\/h5>\n<p class=\"section-content\">El consumo excesivo de bebidas alcoh\u00f3licas est\u00e1 asociado con un riesgo mayor de tener c\u00e1ncer colorrectal.<\/p>\n<\/div>\n<div class=\"clearboth\"><\/div>\n<\/div>\n<div class=\"divider\" id=\"\">\n\t\n\t<\/div>\n<div class=\"risk-factor\">\n<div class=\"risk-pic\"><img decoding=\"async\" class=\"aligncenter\" style=\"height: 100px;\" src=\"\/wp-content\/uploads\/2013\/02\/Tobacco150.jpg\" alt=\"Tabaco\" \/><\/div>\n<div class=\"risk-text\">\n<h5 class=\"section-title\">Tabaco<\/h5>\n<p class=\"section-content\">Los fumadores tienen una probabilidad del 30 % al 40 % m\u00e1s de tener p\u00f3lipos en el colon en comparaci\u00f3n con los no fumadores.<\/p>\n<\/div>\n<div class=\"clearboth\"><\/div>\n<\/div>\n","protected":false},"excerpt":{"rendered":"<p>Factores de riesgo Un factor de riesgo es una caracter\u00edstica, una conducta o una afecci\u00f3n que aumenta las posibilidades de contraer una enfermedad. A continuaci\u00f3n, se detallan algunos factores de riesgo conocidos que inciden en el desarrollo del c\u00e1ncer colorrectal: Edad M\u00e1s del 90% de las personas que desarrollan c\u00e1ncer colorrectal tienen m\u00e1s de 50 [&hellip;]<\/p>\n","protected":false},"author":5,"featured_media":0,"parent":14779,"menu_order":2,"comment_status":"closed","ping_status":"open","template":"template-tumor.php","meta":{"footnotes":""},"tags":[10],"class_list":["post-14785","page","type-page","status-publish","hentry","tag-members-only"],"yoast_head":"<!-- This site is optimized with the Yoast SEO plugin v25.0 - https:\/\/yoast.com\/wordpress\/plugins\/seo\/ -->\n<title>CMedEd | Informaci\u00f3n para comprender el c\u00e1ncer colorrectal | Factores de riesgo<\/title>\n<meta name=\"description\" content=\"Factores de riesgo Un factor de riesgo es una caracter\u00edstica, una conducta o una afecci\u00f3n que aumenta las posibilidades de contraer una enfermedad. A\" \/>\n<meta name=\"robots\" content=\"index, follow, max-snippet:-1, max-image-preview:large, max-video-preview:-1\" \/>\n<link rel=\"canonical\" href=\"https:\/\/cmeded.com\/es\/gastrointestinal\/understanding-colorectal-cancer\/risk-factors\/\" \/>\n<meta property=\"og:locale\" content=\"es_ES\" \/>\n<meta property=\"og:type\" content=\"article\" \/>\n<meta property=\"og:title\" content=\"CMedEd | Informaci\u00f3n para comprender el c\u00e1ncer colorrectal | Factores de riesgo\" \/>\n<meta property=\"og:description\" content=\"Factores de riesgo Un factor de riesgo es una caracter\u00edstica, una conducta o una afecci\u00f3n que aumenta las posibilidades de contraer una enfermedad. A\" \/>\n<meta property=\"og:url\" content=\"https:\/\/cmeded.com\/es\/gastrointestinal\/understanding-colorectal-cancer\/risk-factors\/\" \/>\n<meta property=\"og:site_name\" content=\"CMedEd\" \/>\n<meta property=\"article:modified_time\" content=\"2025-03-29T14:37:36+00:00\" \/>\n<meta name=\"twitter:card\" content=\"summary_large_image\" \/>\n<meta name=\"twitter:label1\" content=\"Tiempo de lectura\" \/>\n\t<meta name=\"twitter:data1\" content=\"6 minutos\" \/>\n<script type=\"application\/ld+json\" class=\"yoast-schema-graph\">{\"@context\":\"https:\/\/schema.org\",\"@graph\":[{\"@type\":\"WebPage\",\"@id\":\"https:\/\/cmeded.com\/es\/gastrointestinal\/understanding-colorectal-cancer\/risk-factors\/\",\"url\":\"https:\/\/cmeded.com\/es\/gastrointestinal\/understanding-colorectal-cancer\/risk-factors\/\",\"name\":\"CMedEd | Informaci\u00f3n para comprender el c\u00e1ncer colorrectal | Factores de riesgo\",\"isPartOf\":{\"@id\":\"https:\/\/cmeded.com\/es\/#website\"},\"datePublished\":\"2014-02-17T22:13:00+00:00\",\"dateModified\":\"2025-03-29T14:37:36+00:00\",\"description\":\"Factores de riesgo Un factor de riesgo es una caracter\u00edstica, una conducta o una afecci\u00f3n que aumenta las posibilidades de contraer una enfermedad. A\",\"breadcrumb\":{\"@id\":\"https:\/\/cmeded.com\/es\/gastrointestinal\/understanding-colorectal-cancer\/risk-factors\/#breadcrumb\"},\"inLanguage\":\"es\",\"potentialAction\":[{\"@type\":\"ReadAction\",\"target\":[\"https:\/\/cmeded.com\/es\/gastrointestinal\/understanding-colorectal-cancer\/risk-factors\/\"]}]},{\"@type\":\"BreadcrumbList\",\"@id\":\"https:\/\/cmeded.com\/es\/gastrointestinal\/understanding-colorectal-cancer\/risk-factors\/#breadcrumb\",\"itemListElement\":[{\"@type\":\"ListItem\",\"position\":1,\"name\":\"Home\",\"item\":\"https:\/\/cmeded.com\/es\/\"},{\"@type\":\"ListItem\",\"position\":2,\"name\":\"Gastrointestinal\",\"item\":\"https:\/\/cmeded.com\/es\/gastrointestinal\/\"},{\"@type\":\"ListItem\",\"position\":3,\"name\":\"Informaci\u00f3n para comprender el c\u00e1ncer colorrectal\",\"item\":\"https:\/\/cmeded.com\/es\/gastrointestinal\/understanding-colorectal-cancer\/\"},{\"@type\":\"ListItem\",\"position\":4,\"name\":\"Factores de riesgo\"}]},{\"@type\":\"WebSite\",\"@id\":\"https:\/\/cmeded.com\/es\/#website\",\"url\":\"https:\/\/cmeded.com\/es\/\",\"name\":\"CMedEd\",\"description\":\"Recurso principal de informaci\u00f3n sobre el c\u00e1ncer\",\"potentialAction\":[{\"@type\":\"SearchAction\",\"target\":{\"@type\":\"EntryPoint\",\"urlTemplate\":\"https:\/\/cmeded.com\/es\/?s={search_term_string}\"},\"query-input\":{\"@type\":\"PropertyValueSpecification\",\"valueRequired\":true,\"valueName\":\"search_term_string\"}}],\"inLanguage\":\"es\"}]}<\/script>\n<!-- \/ Yoast SEO plugin. -->","yoast_head_json":{"title":"CMedEd | Informaci\u00f3n para comprender el c\u00e1ncer colorrectal | Factores de riesgo","description":"Factores de riesgo Un factor de riesgo es una caracter\u00edstica, una conducta o una afecci\u00f3n que aumenta las posibilidades de contraer una enfermedad. A","robots":{"index":"index","follow":"follow","max-snippet":"max-snippet:-1","max-image-preview":"max-image-preview:large","max-video-preview":"max-video-preview:-1"},"canonical":"https:\/\/cmeded.com\/es\/gastrointestinal\/understanding-colorectal-cancer\/risk-factors\/","og_locale":"es_ES","og_type":"article","og_title":"CMedEd | Informaci\u00f3n para comprender el c\u00e1ncer colorrectal | Factores de riesgo","og_description":"Factores de riesgo Un factor de riesgo es una caracter\u00edstica, una conducta o una afecci\u00f3n que aumenta las posibilidades de contraer una enfermedad. A","og_url":"https:\/\/cmeded.com\/es\/gastrointestinal\/understanding-colorectal-cancer\/risk-factors\/","og_site_name":"CMedEd","article_modified_time":"2025-03-29T14:37:36+00:00","twitter_card":"summary_large_image","twitter_misc":{"Tiempo de lectura":"6 minutos"},"schema":{"@context":"https:\/\/schema.org","@graph":[{"@type":"WebPage","@id":"https:\/\/cmeded.com\/es\/gastrointestinal\/understanding-colorectal-cancer\/risk-factors\/","url":"https:\/\/cmeded.com\/es\/gastrointestinal\/understanding-colorectal-cancer\/risk-factors\/","name":"CMedEd | Informaci\u00f3n para comprender el c\u00e1ncer colorrectal | Factores de riesgo","isPartOf":{"@id":"https:\/\/cmeded.com\/es\/#website"},"datePublished":"2014-02-17T22:13:00+00:00","dateModified":"2025-03-29T14:37:36+00:00","description":"Factores de riesgo Un factor de riesgo es una caracter\u00edstica, una conducta o una afecci\u00f3n que aumenta las posibilidades de contraer una enfermedad. A","breadcrumb":{"@id":"https:\/\/cmeded.com\/es\/gastrointestinal\/understanding-colorectal-cancer\/risk-factors\/#breadcrumb"},"inLanguage":"es","potentialAction":[{"@type":"ReadAction","target":["https:\/\/cmeded.com\/es\/gastrointestinal\/understanding-colorectal-cancer\/risk-factors\/"]}]},{"@type":"BreadcrumbList","@id":"https:\/\/cmeded.com\/es\/gastrointestinal\/understanding-colorectal-cancer\/risk-factors\/#breadcrumb","itemListElement":[{"@type":"ListItem","position":1,"name":"Home","item":"https:\/\/cmeded.com\/es\/"},{"@type":"ListItem","position":2,"name":"Gastrointestinal","item":"https:\/\/cmeded.com\/es\/gastrointestinal\/"},{"@type":"ListItem","position":3,"name":"Informaci\u00f3n para comprender el c\u00e1ncer colorrectal","item":"https:\/\/cmeded.com\/es\/gastrointestinal\/understanding-colorectal-cancer\/"},{"@type":"ListItem","position":4,"name":"Factores de riesgo"}]},{"@type":"WebSite","@id":"https:\/\/cmeded.com\/es\/#website","url":"https:\/\/cmeded.com\/es\/","name":"CMedEd","description":"Recurso principal de informaci\u00f3n sobre el c\u00e1ncer","potentialAction":[{"@type":"SearchAction","target":{"@type":"EntryPoint","urlTemplate":"https:\/\/cmeded.com\/es\/?s={search_term_string}"},"query-input":{"@type":"PropertyValueSpecification","valueRequired":true,"valueName":"search_term_string"}}],"inLanguage":"es"}]}},"_links":{"self":[{"href":"https:\/\/cmeded.com\/es\/wp-json\/wp\/v2\/pages\/14785","targetHints":{"allow":["GET"]}}],"collection":[{"href":"https:\/\/cmeded.com\/es\/wp-json\/wp\/v2\/pages"}],"about":[{"href":"https:\/\/cmeded.com\/es\/wp-json\/wp\/v2\/types\/page"}],"author":[{"embeddable":true,"href":"https:\/\/cmeded.com\/es\/wp-json\/wp\/v2\/users\/5"}],"replies":[{"embeddable":true,"href":"https:\/\/cmeded.com\/es\/wp-json\/wp\/v2\/comments?post=14785"}],"version-history":[{"count":0,"href":"https:\/\/cmeded.com\/es\/wp-json\/wp\/v2\/pages\/14785\/revisions"}],"up":[{"embeddable":true,"href":"https:\/\/cmeded.com\/es\/wp-json\/wp\/v2\/pages\/14779"}],"wp:attachment":[{"href":"https:\/\/cmeded.com\/es\/wp-json\/wp\/v2\/media?parent=14785"}],"wp:term":[{"taxonomy":"post_tag","embeddable":true,"href":"https:\/\/cmeded.com\/es\/wp-json\/wp\/v2\/tags?post=14785"}],"curies":[{"name":"wp","href":"https:\/\/api.w.org\/{rel}","templated":true}]}}