{"id":14734,"date":"2014-02-14T14:05:45","date_gmt":"2014-02-14T20:05:45","guid":{"rendered":"http:\/\/www.cmeded.com\/?page_id=14734"},"modified":"2023-08-24T18:50:15","modified_gmt":"2023-08-24T23:50:15","slug":"treatment","status":"publish","type":"page","link":"https:\/\/cmeded.com\/es\/gastrointestinal\/understanding-anal-cancer\/treatment\/","title":{"rendered":"Tratamiento"},"content":{"rendered":"<h4 class=\"section-title\">Tratamiento<\/h4>\n<p class=\"section-content\">El c\u00e1ncer de ano generalmente puede tratarse y curarse si se realiza una detecci\u00f3n precoz.  Existen tres tratamientos principales para el c\u00e1ncer de ano: Quimioterapia y radiaci\u00f3n (quimiorradiaci\u00f3n) que es el tratamiento est\u00e1ndar; La cirug\u00eda est\u00e1 indicada principalmente para la enfermedad persistente despu\u00e9s de la quimiorradiaci\u00f3n o para cuando la enfermedad vuelve (recidiva). La cirug\u00eda se puede utilizar para tumores muy peque\u00f1os sin propagaci\u00f3n a los ganglios linf\u00e1ticos, pero en general se prefiere la quimiorradiaci\u00f3n para el c\u00e1ncer de canal anal. Sin embargo, si el c\u00e1ncer est\u00e1 en la piel fuera del ano y es peque\u00f1o, la cirug\u00eda est\u00e1 indicada. La quimiorradiaci\u00f3n (una combinaci\u00f3n de quimioterapia y radioterapia) por lo general se utiliza para tratar el c\u00e1ncer de ano si este no se ha diseminado a \u00f3rganos distantes.<\/p>\n<div class=\"divider\" id=\"\">\n\t\n\t<\/div>\n<div class=\"risk-factor\">\n<div class=\"symp-pic\"><img decoding=\"async\" src=\"\/wp-content\/uploads\/2021\/06\/Black_WomanChemo.jpg\" class=\"aligncenter\" alt=\"Quimioterapia\" style=\"height:150px\" \/><\/div>\n<div class=\"risk-text-wrap\">\n<h5 class=\"section-title\">Quimioterapia<\/h5>\n<p class=\"section-content\">La quimioterapia hace referencia al uso de medicamentos para localizar las c\u00e9lulas de r\u00e1pido crecimiento con el fin de eliminar las c\u00e9lulas cancerosas.  Con frecuencia, los m\u00e9dicos combinan quimioterapia con radioterapia (quimiorradiaci\u00f3n) para tratar el c\u00e1ncer de ano.  Por lo general, la quimiorradiaci\u00f3n puede curar el c\u00e1ncer de ano sin cirug\u00eda.  Adem\u00e1s, es posible que el m\u00e9dico le administre una combinaci\u00f3n de diferentes medicamentos oncol\u00f3gicos, seguidos de radioterapia o quimioterapia adyuvante para destruir cualquier c\u00e9lula cancerosa que haya quedado despu\u00e9s de la cirug\u00eda.  La quimioterapia tambi\u00e9n puede emplearse cuando el c\u00e1ncer se ha diseminado a otras partes del organismo y no puede tratarse solo con cirug\u00eda o radiaci\u00f3n.<\/p>\n<\/div>\n<div class=\"clearboth\"><\/div>\n<\/div>\n<div class=\"divider\" id=\"\">\n\t\n\t<\/div>\n<div class=\"risk-factor\">\n<div class=\"symp-pic\"><img decoding=\"async\" src=\"\/wp-content\/uploads\/2013\/04\/IMRT175.png\" class=\"aligncenter\" alt=\"Radioterapia\" style=\"height:150px\" \/><\/div>\n<div class=\"risk-text-wrap\">\n<h5 class=\"section-title\">Radioterapia<\/h5>\n<p class=\"section-content\">En la radioterapia, se usan ondas de gran energ\u00eda para localizar y destruir las c\u00e9lulas cancerosas.  En la radiaci\u00f3n con haces externos, un aparato de gran tama\u00f1o emite radiaci\u00f3n hacia el tumor desde el exterior del cuerpo.  El m\u00e9dico puede administrarle radioterapia conformacional tridimensional (three-dimentional conformational radiation therapy, 3D-CRT) o radioterapia de intensidad modulada (intensity-modulated radiation therapy, IMRT), que determinan y ajustan los rayos de la radiaci\u00f3n para reducir al m\u00ednimo el da\u00f1o al tejido sano y los efectos secundarios.  Para el c\u00e1ncer de ano, tambi\u00e9n es posible que el m\u00e9dico le administre radiaci\u00f3n externa a trav\u00e9s de un peque\u00f1o dispositivo colocado en el ano para tumores muy peque\u00f1os. Esto permite que la radiaci\u00f3n se dirija al c\u00e1ncer y no afecte la piel y el tejido pr\u00f3ximo.<\/p>\n<\/div>\n<div class=\"clearboth\"><\/div>\n<\/div>\n<div class=\"divider\" id=\"\">\n\t\n\t<\/div>\n<div class=\"risk-factor\">\n<div class=\"symp-pic\"><div id=\"caption\" style=\"width: 195px\" class=\"wp-caption aligncenter\"><a href=\"\/wp-content\/uploads\/sites\/4\/2015\/06\/Chemo-IMR-es.jpg\" title=\"Click Image to Enlarge.\"><img decoding=\"async\" aria-describedby=\"caption-caption\" src=\"\/wp-content\/uploads\/sites\/4\/2015\/06\/Chemo-IMR-es.jpg\" class=\"aligncenter\" alt=\"Quimiorradiaci\u00f3n\" style=\"height:150px\" \/><\/a><p id=\"caption-caption\" class=\"wp-caption-text\">Click Image to Enlarge.<\/p><\/div><\/div>\n<div class=\"risk-text-wrap\">\n<h5 class=\"section-title\">Quimiorradiaci\u00f3n<\/h5>\n<p class=\"section-content\">La quimiorradiaci\u00f3n es una combinaci\u00f3n de quimioterapia y radioterapia.  A ra\u00edz de esa combinaci\u00f3n, los dos tratamientos resultan m\u00e1s efectivos.  Los m\u00e9dicos suelen emplear la quimiorradiaci\u00f3n como tratamiento primario para el c\u00e1ncer de ano.  Por lo general, este tratamiento puede curar la enfermedad y preservar el control de esf\u00ednteres.<\/p>\n<\/div>\n<div class=\"clearboth\"><\/div>\n<\/div>\n<div class=\"divider\" id=\"\">\n\t\n\t<\/div>\n<div class=\"risk-factor\">\n<div class=\"symp-pic\"><div id=\"caption\" style=\"width: 221px\" class=\"wp-caption center aligncenter\"><a href=\"\/wp-content\/uploads\/sites\/4\/2015\/09\/Anal-Cancer-Local-Resection-es.jpg\" title=\"Click Image to Enlarge.\"><img decoding=\"async\" aria-describedby=\"caption-caption\" src=\"\/wp-content\/uploads\/2013\/04\/Anal-Cancer-Local-Resection_165.jpg\" class=\"aligncenter\" alt=\"Resecci\u00f3n quir\u00fargica local\" style=\"height:150px\" \/><\/a><p id=\"caption-caption\" class=\"wp-caption-text\">Click Image to Enlarge.<\/p><\/div><\/div>\n<div class=\"risk-text-wrap\">\n<h5 class=\"section-title\">Resecci\u00f3n quir\u00fargica local<\/h5>\n<p class=\"section-content\">El m\u00e9dico utilizar\u00e1 un instrumento quir\u00fargico para cortar el tumor junto con un margen de tejido sano del ano.  En general, este procedimiento est\u00e1 indicado para tumores peque\u00f1os fuera del canal anal (en la piel alrededor del ano) o muy peque\u00f1os c\u00e1nceres de canal anal, aunque la quimiorradiaci\u00f3n es la preferida para este \u00faltimo.<\/p>\n<\/div>\n<div class=\"clearboth\"><\/div>\n<\/div>\n<div class=\"divider\" id=\"\">\n\t\n\t<\/div>\n<div class=\"risk-factor\">\n<div class=\"symp-pic\"><div id=\"caption\" style=\"width: 241px\" class=\"wp-caption center aligncenter\"><a href=\"\/wp-content\/uploads\/sites\/4\/2015\/06\/Anal-Cancer-APR-1024.jpg\" title=\"Click Image to Enlarge.\"><img decoding=\"async\" aria-describedby=\"caption-caption\" src=\"\/wp-content\/uploads\/sites\/4\/2015\/06\/Anal-Cancer-APR-1024.jpg\" class=\"aligncenter\" alt=\"Resecci\u00f3n abdominoperineal\" style=\"height:150px\" \/><\/a><p id=\"caption-caption\" class=\"wp-caption-text\">Click Image to Enlarge.<\/p><\/div><\/div>\n<div class=\"risk-text-wrap\">\n<h5 class=\"section-title\">Resecci\u00f3n abdominoperineal<\/h5>\n<p class=\"section-content\">El m\u00e9dico extirpar\u00e1 el ano, el recto y parte del colon a trav\u00e9s de una incisi\u00f3n en el abdomen.  Luego, unir\u00e1 el extremo del intestino a una abertura (estoma) en el abdomen para que puedan salir los desechos del cuerpo (colostom\u00eda).  Esta intervenci\u00f3n suele ser poco frecuente a menos que otros tratamientos no hagan efecto o el c\u00e1ncer vuelva a aparecer.  El m\u00e9dico tambi\u00e9n extraer\u00e1 los ganglios linf\u00e1ticos pr\u00f3ximos para verificar si el c\u00e1ncer se disemin\u00f3.<\/p>\n<\/div>\n<div class=\"clearboth\"><\/div>\n<\/div>\n<div class=\"divider\" id=\"\">\n\t\n\t<\/div>\n<div class=\"risk-factor\">\n<div class=\"symp-pic\"><div id=\"caption\" style=\"width: 195px\" class=\"wp-caption aligncenter\"><a href=\"\/wp-content\/uploads\/2013\/01\/TargetedColon.jpg\" title=\"Click Image to Enlarge.\"><img decoding=\"async\" aria-describedby=\"caption-caption\" src=\"\/wp-content\/uploads\/2013\/01\/TargetedColon2.jpg\" class=\"aligncenter\" alt=\"Terapia dirigida\" style=\"height:150px\" \/><\/a><p id=\"caption-caption\" class=\"wp-caption-text\">Click Image to Enlarge.<\/p><\/div><\/div>\n<div class=\"risk-text-wrap\">\n<h5 class=\"section-title\">Terapia dirigida<\/h5>\n<p class=\"section-content\">Algunos tipos de c\u00e1ncer colorrectal contienen c\u00e9lulas que sobreexpresan las diferentes prote\u00ednas importantes en el crecimiento y la diseminaci\u00f3n de las c\u00e9lulas tumorales. Ante la presencia de estas prote\u00ednas, el c\u00e1ncer se vuelve m\u00e1s agresivo. La terapia dirigida tiene la capacidad de \"abordar\" espec\u00edficamente a estas c\u00e9lulas mediante la detenci\u00f3n o el retraso del desarrollo del c\u00e1ncer colorrectal.<\/p>\n<\/div>\n<div class=\"clearboth\"><\/div>\n<\/div>\n<div class=\"divider\" id=\"\">\n\t\n\t<\/div>\n<div class=\"risk-factor\">\n<div class=\"symp-pic\"><div id=\"caption\" style=\"width: 195px\" class=\"wp-caption aligncenter\"><a href=\"\/wp-content\/uploads\/2017\/03\/Picture1.png\" title=\"Click Image to Enlarge.\"><img decoding=\"async\" aria-describedby=\"caption-caption\" src=\"\/wp-content\/uploads\/2017\/03\/Picture1.png\" class=\"aligncenter\" alt=\"Inmunoterapia\" style=\"height:150px\" \/><\/a><p id=\"caption-caption\" class=\"wp-caption-text\">Click Image to Enlarge.<\/p><\/div><\/div>\n<h5 class=\"section-title\">Inmunoterapia<\/h5>\n<p class=\"section-content\">La inmunoterapia utiliza agentes administrados a trav\u00e9s de una vena que estimula el propio sistema inmunol\u00f3gico de su cuerpo para luchar contra el c\u00e1ncer. Los \u00faltimos resultados de ensayos cl\u00ednicos han mostrado alg\u00fan beneficio de la inmunoterapia para pacientes con c\u00e1ncer anal, en etapa IV. A menudo, los efectos secundarios de la inmunoterapia son mejor tolerados por los pacientes que la quimoterapia.<\/p>\n<div>\n<div class=\"clearboth\"><\/div>\n<\/div>\n<div class=\"divider\" id=\"\">\n\t\n\t<\/div>\n<div class=\"risk-factor\">\n<div class=\"symp-pic\"><img decoding=\"async\" src=\"\/wp-content\/uploads\/2021\/05\/asian-doctor.jpg\" class=\"aligncenter\" alt=\"Estudios cl\u00ednicos\" style=\"height:150px\" \/><\/div>\n<div class=\"risk-text-wrap\">\n<h5 class=\"section-title\">Estudios cl\u00ednicos<\/h5>\n<p class=\"section-content\">Los ensayos cl\u00ednicos permiten que los pacientes prueben un tratamiento nuevo antes de que est\u00e9 disponible para el p\u00fablico general.  En algunos casos, puede tratarse de un medicamento nuevo que no se haya utilizado antes en seres humanos; o bien, puede tratarse de un medicamento o una combinaci\u00f3n de medicamentos que no se utilizan actualmente para un tipo espec\u00edfico de c\u00e1ncer.  En general, los ensayos cl\u00ednicos en fase temprana se utilizan para probar los efectos secundarios de un medicamento o una combinaci\u00f3n de medicamentos; mientras que los ensayos cl\u00ednicos en fase posterior se utilizan para determinar la eficacia de un tratamiento nuevo para un determinado tipo de c\u00e1ncer. Los ensayos cl\u00ednicos permiten a m\u00e9dicos e investigadores mejorar el tratamiento de los tipos de c\u00e1ncer con terapias posiblemente m\u00e1s efectivas.  Un ensayo cl\u00ednico puede dar lugar a un medicamento nuevo e innovador; o bien, puede no tener efecto alguno. Es importante que hable con su m\u00e9dico acerca de las ventajas y desventajas de los ensayos cl\u00ednicos para su situaci\u00f3n en particular, especialmente sobre ensayos cl\u00ednicos en los que se usen medicamentos de inmunoterapia.<\/p>\n<\/div>\n<div class=\"clearboth\"><\/div>\n<\/div>\n","protected":false},"excerpt":{"rendered":"<p>Tratamiento El c\u00e1ncer de ano generalmente puede tratarse y curarse si se realiza una detecci\u00f3n precoz. Existen tres tratamientos principales para el c\u00e1ncer de ano: Quimioterapia y radiaci\u00f3n (quimiorradiaci\u00f3n) que es el tratamiento est\u00e1ndar; La cirug\u00eda est\u00e1 indicada principalmente para la enfermedad persistente despu\u00e9s de la quimiorradiaci\u00f3n o para cuando la enfermedad vuelve (recidiva). La [&hellip;]<\/p>\n","protected":false},"author":5,"featured_media":0,"parent":14693,"menu_order":6,"comment_status":"closed","ping_status":"open","template":"template-tumor.php","meta":{"footnotes":""},"tags":[10],"class_list":["post-14734","page","type-page","status-publish","hentry","tag-members-only"],"yoast_head":"<!-- This site is optimized with the Yoast SEO plugin v25.0 - https:\/\/yoast.com\/wordpress\/plugins\/seo\/ -->\n<title>CMedEd | Informaci\u00f3n para comprender el c\u00e1ncer de ano | Tratamiento<\/title>\n<meta name=\"description\" content=\"Tratamiento El c\u00e1ncer de ano generalmente puede tratarse y curarse si se realiza una detecci\u00f3n precoz. Existen tres tratamientos principales para el\" \/>\n<meta name=\"robots\" content=\"index, follow, max-snippet:-1, max-image-preview:large, max-video-preview:-1\" \/>\n<link rel=\"canonical\" href=\"https:\/\/cmeded.com\/es\/gastrointestinal\/understanding-anal-cancer\/treatment\/\" \/>\n<meta property=\"og:locale\" content=\"es_ES\" \/>\n<meta property=\"og:type\" content=\"article\" \/>\n<meta property=\"og:title\" content=\"CMedEd | Informaci\u00f3n para comprender el c\u00e1ncer de ano | Tratamiento\" \/>\n<meta property=\"og:description\" content=\"Tratamiento El c\u00e1ncer de ano generalmente puede tratarse y curarse si se realiza una detecci\u00f3n precoz. Existen tres tratamientos principales para el\" \/>\n<meta property=\"og:url\" content=\"https:\/\/cmeded.com\/es\/gastrointestinal\/understanding-anal-cancer\/treatment\/\" \/>\n<meta property=\"og:site_name\" content=\"CMedEd\" \/>\n<meta property=\"article:modified_time\" content=\"2023-08-24T23:50:15+00:00\" \/>\n<meta name=\"twitter:card\" content=\"summary_large_image\" \/>\n<meta name=\"twitter:label1\" content=\"Tiempo de lectura\" \/>\n\t<meta name=\"twitter:data1\" content=\"5 minutos\" \/>\n<script type=\"application\/ld+json\" class=\"yoast-schema-graph\">{\"@context\":\"https:\/\/schema.org\",\"@graph\":[{\"@type\":\"WebPage\",\"@id\":\"https:\/\/cmeded.com\/es\/gastrointestinal\/understanding-anal-cancer\/treatment\/\",\"url\":\"https:\/\/cmeded.com\/es\/gastrointestinal\/understanding-anal-cancer\/treatment\/\",\"name\":\"CMedEd | Informaci\u00f3n para comprender el c\u00e1ncer de ano | Tratamiento\",\"isPartOf\":{\"@id\":\"https:\/\/cmeded.com\/es\/#website\"},\"datePublished\":\"2014-02-14T20:05:45+00:00\",\"dateModified\":\"2023-08-24T23:50:15+00:00\",\"description\":\"Tratamiento El c\u00e1ncer de ano generalmente puede tratarse y curarse si se realiza una detecci\u00f3n precoz. Existen tres tratamientos principales para el\",\"breadcrumb\":{\"@id\":\"https:\/\/cmeded.com\/es\/gastrointestinal\/understanding-anal-cancer\/treatment\/#breadcrumb\"},\"inLanguage\":\"es\",\"potentialAction\":[{\"@type\":\"ReadAction\",\"target\":[\"https:\/\/cmeded.com\/es\/gastrointestinal\/understanding-anal-cancer\/treatment\/\"]}]},{\"@type\":\"BreadcrumbList\",\"@id\":\"https:\/\/cmeded.com\/es\/gastrointestinal\/understanding-anal-cancer\/treatment\/#breadcrumb\",\"itemListElement\":[{\"@type\":\"ListItem\",\"position\":1,\"name\":\"Home\",\"item\":\"https:\/\/cmeded.com\/es\/\"},{\"@type\":\"ListItem\",\"position\":2,\"name\":\"Gastrointestinal\",\"item\":\"https:\/\/cmeded.com\/es\/gastrointestinal\/\"},{\"@type\":\"ListItem\",\"position\":3,\"name\":\"Informaci\u00f3n para comprender el c\u00e1ncer de ano\",\"item\":\"https:\/\/cmeded.com\/es\/gastrointestinal\/understanding-anal-cancer\/\"},{\"@type\":\"ListItem\",\"position\":4,\"name\":\"Tratamiento\"}]},{\"@type\":\"WebSite\",\"@id\":\"https:\/\/cmeded.com\/es\/#website\",\"url\":\"https:\/\/cmeded.com\/es\/\",\"name\":\"CMedEd\",\"description\":\"Recurso principal de informaci\u00f3n sobre el c\u00e1ncer\",\"potentialAction\":[{\"@type\":\"SearchAction\",\"target\":{\"@type\":\"EntryPoint\",\"urlTemplate\":\"https:\/\/cmeded.com\/es\/?s={search_term_string}\"},\"query-input\":{\"@type\":\"PropertyValueSpecification\",\"valueRequired\":true,\"valueName\":\"search_term_string\"}}],\"inLanguage\":\"es\"}]}<\/script>\n<!-- \/ Yoast SEO plugin. -->","yoast_head_json":{"title":"CMedEd | Informaci\u00f3n para comprender el c\u00e1ncer de ano | Tratamiento","description":"Tratamiento El c\u00e1ncer de ano generalmente puede tratarse y curarse si se realiza una detecci\u00f3n precoz. Existen tres tratamientos principales para el","robots":{"index":"index","follow":"follow","max-snippet":"max-snippet:-1","max-image-preview":"max-image-preview:large","max-video-preview":"max-video-preview:-1"},"canonical":"https:\/\/cmeded.com\/es\/gastrointestinal\/understanding-anal-cancer\/treatment\/","og_locale":"es_ES","og_type":"article","og_title":"CMedEd | Informaci\u00f3n para comprender el c\u00e1ncer de ano | Tratamiento","og_description":"Tratamiento El c\u00e1ncer de ano generalmente puede tratarse y curarse si se realiza una detecci\u00f3n precoz. Existen tres tratamientos principales para el","og_url":"https:\/\/cmeded.com\/es\/gastrointestinal\/understanding-anal-cancer\/treatment\/","og_site_name":"CMedEd","article_modified_time":"2023-08-24T23:50:15+00:00","twitter_card":"summary_large_image","twitter_misc":{"Tiempo de lectura":"5 minutos"},"schema":{"@context":"https:\/\/schema.org","@graph":[{"@type":"WebPage","@id":"https:\/\/cmeded.com\/es\/gastrointestinal\/understanding-anal-cancer\/treatment\/","url":"https:\/\/cmeded.com\/es\/gastrointestinal\/understanding-anal-cancer\/treatment\/","name":"CMedEd | Informaci\u00f3n para comprender el c\u00e1ncer de ano | Tratamiento","isPartOf":{"@id":"https:\/\/cmeded.com\/es\/#website"},"datePublished":"2014-02-14T20:05:45+00:00","dateModified":"2023-08-24T23:50:15+00:00","description":"Tratamiento El c\u00e1ncer de ano generalmente puede tratarse y curarse si se realiza una detecci\u00f3n precoz. Existen tres tratamientos principales para el","breadcrumb":{"@id":"https:\/\/cmeded.com\/es\/gastrointestinal\/understanding-anal-cancer\/treatment\/#breadcrumb"},"inLanguage":"es","potentialAction":[{"@type":"ReadAction","target":["https:\/\/cmeded.com\/es\/gastrointestinal\/understanding-anal-cancer\/treatment\/"]}]},{"@type":"BreadcrumbList","@id":"https:\/\/cmeded.com\/es\/gastrointestinal\/understanding-anal-cancer\/treatment\/#breadcrumb","itemListElement":[{"@type":"ListItem","position":1,"name":"Home","item":"https:\/\/cmeded.com\/es\/"},{"@type":"ListItem","position":2,"name":"Gastrointestinal","item":"https:\/\/cmeded.com\/es\/gastrointestinal\/"},{"@type":"ListItem","position":3,"name":"Informaci\u00f3n para comprender el c\u00e1ncer de ano","item":"https:\/\/cmeded.com\/es\/gastrointestinal\/understanding-anal-cancer\/"},{"@type":"ListItem","position":4,"name":"Tratamiento"}]},{"@type":"WebSite","@id":"https:\/\/cmeded.com\/es\/#website","url":"https:\/\/cmeded.com\/es\/","name":"CMedEd","description":"Recurso principal de informaci\u00f3n sobre el c\u00e1ncer","potentialAction":[{"@type":"SearchAction","target":{"@type":"EntryPoint","urlTemplate":"https:\/\/cmeded.com\/es\/?s={search_term_string}"},"query-input":{"@type":"PropertyValueSpecification","valueRequired":true,"valueName":"search_term_string"}}],"inLanguage":"es"}]}},"_links":{"self":[{"href":"https:\/\/cmeded.com\/es\/wp-json\/wp\/v2\/pages\/14734","targetHints":{"allow":["GET"]}}],"collection":[{"href":"https:\/\/cmeded.com\/es\/wp-json\/wp\/v2\/pages"}],"about":[{"href":"https:\/\/cmeded.com\/es\/wp-json\/wp\/v2\/types\/page"}],"author":[{"embeddable":true,"href":"https:\/\/cmeded.com\/es\/wp-json\/wp\/v2\/users\/5"}],"replies":[{"embeddable":true,"href":"https:\/\/cmeded.com\/es\/wp-json\/wp\/v2\/comments?post=14734"}],"version-history":[{"count":0,"href":"https:\/\/cmeded.com\/es\/wp-json\/wp\/v2\/pages\/14734\/revisions"}],"up":[{"embeddable":true,"href":"https:\/\/cmeded.com\/es\/wp-json\/wp\/v2\/pages\/14693"}],"wp:attachment":[{"href":"https:\/\/cmeded.com\/es\/wp-json\/wp\/v2\/media?parent=14734"}],"wp:term":[{"taxonomy":"post_tag","embeddable":true,"href":"https:\/\/cmeded.com\/es\/wp-json\/wp\/v2\/tags?post=14734"}],"curies":[{"name":"wp","href":"https:\/\/api.w.org\/{rel}","templated":true}]}}